{"id":9717,"date":"2020-07-09T09:58:05","date_gmt":"2020-07-09T13:58:05","guid":{"rendered":"https:\/\/nationaltrustcanada.ca\/?page_id=9717"},"modified":"2026-03-18T13:10:05","modified_gmt":"2026-03-18T17:10:05","slug":"bourse-de-conference-john-edwards","status":"publish","type":"page","link":"https:\/\/nationaltrustcanada.ca\/fr\/bourse-de-conference-john-edwards","title":{"rendered":"Bourse de conf\u00e9rence John Edwards"},"content":{"rendered":"<p><span data-contrast=\"auto\">\u00cates-vous b\u00e9n\u00e9vole travaillant dans un lieu historique ou pour un organisme du patrimoine? Donnez-vous de votre temps, de votre \u00e9nergie et de votre passion pour faire vivre le patrimoine? Nous aimerions vous voir \u00e0 la <\/span><a href=\"https:\/\/nationaltrustcanada.ca\/fr\/ce-que-nous-offrons\/conference-nationale\"><span data-contrast=\"none\">Conf\u00e9rence 2026 de la Fiducie nationale<\/span><\/a><span data-contrast=\"auto\">\u00a0<\/span><span data-contrast=\"auto\">et que vous vous joigniez au dialogue \u00e0 cette rencontre nationale d\u2019apprentissage et de r\u00e9seautage du secteur du patrimoine.\u00a0<\/span><span data-ccp-props=\"{&quot;134233117&quot;:true,&quot;134233118&quot;:true,&quot;201341983&quot;:0,&quot;335559739&quot;:160,&quot;335559740&quot;:240}\">\u00a0<\/span><\/p>\n<p><span data-contrast=\"auto\">La <\/span><b><span data-contrast=\"auto\">bourse de conf\u00e9rence John Edwards pour b\u00e9n\u00e9voles du patrimoine<\/span><\/b><span data-contrast=\"auto\"> peut aider \u00e0 ce que cela se r\u00e9alise!<\/span><span data-ccp-props=\"{&quot;134233117&quot;:true,&quot;134233118&quot;:true,&quot;201341983&quot;:0,&quot;335559739&quot;:160,&quot;335559740&quot;:240}\">\u00a0<\/span><\/p>\n<p><span data-contrast=\"auto\">Postulez d\u00e8s aujourd&rsquo;hui pour la chance de recevoir une aide financi\u00e8re afin de participer \u00e0 la <\/span><span data-contrast=\"none\">Conf\u00e9rence 2026<\/span><span data-contrast=\"auto\">, comprenant les frais d&rsquo;inscription, de d\u00e9placement et d&rsquo;h\u00e9bergement.<\/span><span data-ccp-props=\"{&quot;134233117&quot;:true,&quot;134233118&quot;:true,&quot;201341983&quot;:0,&quot;335559739&quot;:160,&quot;335559740&quot;:240}\">\u00a0<\/span><\/p>\n<p><b><span data-contrast=\"auto\">La date limite est le 30 avril 2026.<\/span><\/b><span data-ccp-props=\"{&quot;134233117&quot;:true,&quot;134233118&quot;:true,&quot;201341983&quot;:0,&quot;335559739&quot;:160,&quot;335559740&quot;:240}\">\u00a0<\/span><\/p>\n<p><span data-contrast=\"auto\">Veuillez lire les <\/span><a href=\"https:\/\/nationaltrustcanada.ca\/wp-content\/uploads\/2025\/03\/2025-Terms-and-Guidelines-FR.pdf\"><span data-contrast=\"none\">conditions et lignes directrices<\/span><\/a><span data-contrast=\"auto\"> avant de postuler.<\/span><span data-ccp-props=\"{&quot;134233117&quot;:true,&quot;134233118&quot;:true,&quot;201341983&quot;:0,&quot;335559739&quot;:160,&quot;335559740&quot;:240}\">\u00a0<\/span><\/p>\n<p>La p\u00e9riode de candidature pour la bourse de conf\u00e9rence John Edwards est maintenant termin\u00e9e.<\/p>\n<p>&nbsp;<\/p>\n<p>&nbsp;<\/p>\n<p>Des questions? <a href=\"mailto:seribo@nationaltrustcanada.ca\">Envoyez-nous un courriel<\/a><\/p>\n","protected":false},"excerpt":{"rendered":"<p>\u00cates-vous b\u00e9n\u00e9vole travaillant dans un lieu historique ou pour un organisme du patrimoine? Donnez-vous de votre temps, de votre \u00e9nergie&#8230;<\/p>\n","protected":false},"author":15,"featured_media":0,"parent":0,"menu_order":0,"comment_status":"closed","ping_status":"closed","template":"","meta":{"_acf_changed":false,"footnotes":""},"class_list":["post-9717","page","type-page","status-publish","hentry"],"acf":[],"yoast_head":"<!-- This site is optimized with the Yoast SEO plugin v26.3 - https:\/\/yoast.com\/wordpress\/plugins\/seo\/ -->\n<title>Bourse de conf\u00e9rence John Edwards - Fiducie nationale du Canada<\/title>\n<meta name=\"robots\" content=\"index, follow, max-snippet:-1, max-image-preview:large, max-video-preview:-1\" \/>\n<link rel=\"canonical\" href=\"https:\/\/nationaltrustcanada.ca\/fr\/bourse-de-conference-john-edwards\" \/>\n<meta property=\"og:locale\" content=\"fr_FR\" \/>\n<meta property=\"og:type\" content=\"article\" \/>\n<meta property=\"og:title\" content=\"Bourse de conf\u00e9rence John Edwards - Fiducie nationale du Canada\" \/>\n<meta property=\"og:description\" content=\"\u00cates-vous b\u00e9n\u00e9vole travaillant dans un lieu historique ou pour un organisme du patrimoine? Donnez-vous de votre temps, de votre \u00e9nergie...\" \/>\n<meta property=\"og:url\" content=\"https:\/\/nationaltrustcanada.ca\/fr\/bourse-de-conference-john-edwards\" \/>\n<meta property=\"og:site_name\" content=\"Fiducie nationale du Canada\" \/>\n<meta property=\"article:modified_time\" content=\"2026-03-18T17:10:05+00:00\" \/>\n<meta name=\"twitter:card\" content=\"summary_large_image\" \/>\n<meta name=\"twitter:label1\" content=\"Dur\u00e9e de lecture estim\u00e9e\" \/>\n\t<meta name=\"twitter:data1\" content=\"1 minute\" \/>\n<script type=\"application\/ld+json\" class=\"yoast-schema-graph\">{\"@context\":\"https:\/\/schema.org\",\"@graph\":[{\"@type\":\"WebPage\",\"@id\":\"https:\/\/nationaltrustcanada.ca\/fr\/bourse-de-conference-john-edwards\",\"url\":\"https:\/\/nationaltrustcanada.ca\/fr\/bourse-de-conference-john-edwards\",\"name\":\"Bourse de conf\u00e9rence John Edwards - Fiducie nationale du Canada\",\"isPartOf\":{\"@id\":\"https:\/\/nationaltrustcanada.ca\/#website\"},\"datePublished\":\"2020-07-09T13:58:05+00:00\",\"dateModified\":\"2026-03-18T17:10:05+00:00\",\"breadcrumb\":{\"@id\":\"https:\/\/nationaltrustcanada.ca\/fr\/bourse-de-conference-john-edwards#breadcrumb\"},\"inLanguage\":\"fr-FR\",\"potentialAction\":[{\"@type\":\"ReadAction\",\"target\":[\"https:\/\/nationaltrustcanada.ca\/fr\/bourse-de-conference-john-edwards\"]}]},{\"@type\":\"BreadcrumbList\",\"@id\":\"https:\/\/nationaltrustcanada.ca\/fr\/bourse-de-conference-john-edwards#breadcrumb\",\"itemListElement\":[{\"@type\":\"ListItem\",\"position\":1,\"name\":\"Home\",\"item\":\"https:\/\/nationaltrustcanada.ca\/fr\"},{\"@type\":\"ListItem\",\"position\":2,\"name\":\"Bourse de conf\u00e9rence John Edwards\"}]},{\"@type\":\"WebSite\",\"@id\":\"https:\/\/nationaltrustcanada.ca\/#website\",\"url\":\"https:\/\/nationaltrustcanada.ca\/\",\"name\":\"Fiducie nationale du Canada\",\"description\":\"Bringing Heritage to Life\",\"potentialAction\":[{\"@type\":\"SearchAction\",\"target\":{\"@type\":\"EntryPoint\",\"urlTemplate\":\"https:\/\/nationaltrustcanada.ca\/?s={search_term_string}\"},\"query-input\":{\"@type\":\"PropertyValueSpecification\",\"valueRequired\":true,\"valueName\":\"search_term_string\"}}],\"inLanguage\":\"fr-FR\"}]}<\/script>\n<!-- \/ Yoast SEO plugin. -->","yoast_head_json":{"title":"Bourse de conf\u00e9rence John Edwards - Fiducie nationale du Canada","robots":{"index":"index","follow":"follow","max-snippet":"max-snippet:-1","max-image-preview":"max-image-preview:large","max-video-preview":"max-video-preview:-1"},"canonical":"https:\/\/nationaltrustcanada.ca\/fr\/bourse-de-conference-john-edwards","og_locale":"fr_FR","og_type":"article","og_title":"Bourse de conf\u00e9rence John Edwards - Fiducie nationale du Canada","og_description":"\u00cates-vous b\u00e9n\u00e9vole travaillant dans un lieu historique ou pour un organisme du patrimoine? Donnez-vous de votre temps, de votre \u00e9nergie...","og_url":"https:\/\/nationaltrustcanada.ca\/fr\/bourse-de-conference-john-edwards","og_site_name":"Fiducie nationale du Canada","article_modified_time":"2026-03-18T17:10:05+00:00","twitter_card":"summary_large_image","twitter_misc":{"Dur\u00e9e de lecture estim\u00e9e":"1 minute"},"schema":{"@context":"https:\/\/schema.org","@graph":[{"@type":"WebPage","@id":"https:\/\/nationaltrustcanada.ca\/fr\/bourse-de-conference-john-edwards","url":"https:\/\/nationaltrustcanada.ca\/fr\/bourse-de-conference-john-edwards","name":"Bourse de conf\u00e9rence John Edwards - Fiducie nationale du Canada","isPartOf":{"@id":"https:\/\/nationaltrustcanada.ca\/#website"},"datePublished":"2020-07-09T13:58:05+00:00","dateModified":"2026-03-18T17:10:05+00:00","breadcrumb":{"@id":"https:\/\/nationaltrustcanada.ca\/fr\/bourse-de-conference-john-edwards#breadcrumb"},"inLanguage":"fr-FR","potentialAction":[{"@type":"ReadAction","target":["https:\/\/nationaltrustcanada.ca\/fr\/bourse-de-conference-john-edwards"]}]},{"@type":"BreadcrumbList","@id":"https:\/\/nationaltrustcanada.ca\/fr\/bourse-de-conference-john-edwards#breadcrumb","itemListElement":[{"@type":"ListItem","position":1,"name":"Home","item":"https:\/\/nationaltrustcanada.ca\/fr"},{"@type":"ListItem","position":2,"name":"Bourse de conf\u00e9rence John Edwards"}]},{"@type":"WebSite","@id":"https:\/\/nationaltrustcanada.ca\/#website","url":"https:\/\/nationaltrustcanada.ca\/","name":"Fiducie nationale du Canada","description":"Bringing Heritage to Life","potentialAction":[{"@type":"SearchAction","target":{"@type":"EntryPoint","urlTemplate":"https:\/\/nationaltrustcanada.ca\/?s={search_term_string}"},"query-input":{"@type":"PropertyValueSpecification","valueRequired":true,"valueName":"search_term_string"}}],"inLanguage":"fr-FR"}]}},"_links":{"self":[{"href":"https:\/\/nationaltrustcanada.ca\/fr\/wp-json\/wp\/v2\/pages\/9717","targetHints":{"allow":["GET"]}}],"collection":[{"href":"https:\/\/nationaltrustcanada.ca\/fr\/wp-json\/wp\/v2\/pages"}],"about":[{"href":"https:\/\/nationaltrustcanada.ca\/fr\/wp-json\/wp\/v2\/types\/page"}],"author":[{"embeddable":true,"href":"https:\/\/nationaltrustcanada.ca\/fr\/wp-json\/wp\/v2\/users\/15"}],"replies":[{"embeddable":true,"href":"https:\/\/nationaltrustcanada.ca\/fr\/wp-json\/wp\/v2\/comments?post=9717"}],"version-history":[{"count":58,"href":"https:\/\/nationaltrustcanada.ca\/fr\/wp-json\/wp\/v2\/pages\/9717\/revisions"}],"predecessor-version":[{"id":23364,"href":"https:\/\/nationaltrustcanada.ca\/fr\/wp-json\/wp\/v2\/pages\/9717\/revisions\/23364"}],"wp:attachment":[{"href":"https:\/\/nationaltrustcanada.ca\/fr\/wp-json\/wp\/v2\/media?parent=9717"}],"curies":[{"name":"wp","href":"https:\/\/api.w.org\/{rel}","templated":true}]}}