{"id":9285,"date":"2000-04-28T12:05:50","date_gmt":"2000-04-28T16:05:50","guid":{"rendered":"https:\/\/nationaltrustcanada.ca\/?page_id=9285"},"modified":"2020-04-30T08:32:03","modified_gmt":"2020-04-30T12:32:03","slug":"decouvrez-des-lieux-historiques-depuis-chez-vous","status":"publish","type":"page","link":"https:\/\/nationaltrustcanada.ca\/fr\/des-lieux-a-visiter\/decouvrez-des-lieux-historiques-depuis-chez-vous","title":{"rendered":"D\u00e9couvrez des lieux historiques depuis chez vous"},"content":{"rendered":"<p>En raison de la pand\u00e9mie de COVID-19, la plupart des lieux historiques ont temporairement ferm\u00e9 leurs portes au public. Nous sommes nombreux \u00e0 attendre des jours meilleurs, quand ces tr\u00e9sors du Canada seront de nouveau accessibles. En attendant, il y a d\u2019autres fa\u00e7ons de les d\u00e9couvrir : en ligne, avec des applications, en faisant des visites virtuelles ou en s\u2019adonnant \u00e0 des jeux qui amuseront toute la famille. Voici quelques exemples.<\/p>\n<h2><strong>Nouvelle-\u00c9cosse<\/strong><\/h2>\n<p style=\"padding-left: 40px;\"><strong>Mus\u00e9e de l\u2019auberge Sinclair \u2013 Annapolis Royal (Nouvelle-\u00c9cosse)<\/strong><br \/>\nLe mus\u00e9e de l\u2019auberge Sinclair, \u00e0 Annapolis Royal, est un des plus anciens immeubles acadiens survivant \u00e0 ce jour, et un lieu historique national. Vous pouvez en faire une visite virtuelle dans la page Web <a href=\"http:\/\/annapolisheritagesociety.com\/sinclair-inn-museum\/sinclair-inn-museum-virtual-tour\/\" target=\"_blank\" rel=\"noopener noreferrer\"><em>Sinclair Inn Museum \u2013 Painted Room<\/em><\/a> (optimis\u00e9 pour le navigateur Chrome) et trouver l\u2019inspiration dans ses \u0153uvres d\u2019art des ann\u00e9es 1840.<\/p>\n<h2><strong>Qu\u00e9bec<\/strong><\/h2>\n<p style=\"padding-left: 40px;\"><strong>Monast\u00e8re des Ursulines de Qu\u00e9bec \u2013 Qu\u00e9bec (Qu\u00e9bec)<\/strong><br \/>\nD\u00e9couvrez le monast\u00e8re des Ursulines de Qu\u00e9bec et ses quatre si\u00e8cles d\u2019histoire gr\u00e2ce \u00e0 de magnifiques images 3D. <a href=\"http:\/\/www.museevirtuel.ca\/virtual-exhibits\/exhibit\/visite-virtuelle-du-monastere-des-ursulines-de-quebec\/\">Dans cette visite virtuelle<\/a>, les Ursulines vous ouvrent leurs portes et vous invitent \u00e0 admirer l\u2019architecture de leur monast\u00e8re, ses magnifiques chapelles, ses \u0153uvres d\u2019art et ses vitraux.<\/p>\n<p style=\"padding-left: 40px;\"><strong>Vieux-Qu\u00e9bec \u2013 Qu\u00e9bec (Qu\u00e9bec)<\/strong><br \/>\nD\u00e9couvrez Qu\u00e9bec gr\u00e2ce \u00e0 <a href=\"https:\/\/www.quebec-cite.com\/fr\/videos-quebec\/realite-virtuelle\" target=\"_blank\" rel=\"noopener noreferrer\">cette vid\u00e9o immersive<\/a>, et pr\u00e9parez votre prochain voyage dans ce site du patrimoine mondial de l\u2019UNESCO.<\/p>\n<h2>Ontario<\/h2>\n<p style=\"padding-left: 40px;\"><strong>Lieu historique national Glanmore \u2013 Belleville (Ontario)<\/strong><br \/>\nCette visite <a href=\"http:\/\/glanmore.ca\/museumfromhome-glanmorefromhome\/\" target=\"_blank\" rel=\"noopener noreferrer\">virtuelle 3D<\/a> du lieu historique national Glanmore vous permet de parcourir les diff\u00e9rentes pi\u00e8ces de Glanmore, en b\u00e9n\u00e9ficiant d\u2019une vue \u00e0 360\u00a0degr\u00e9s.<\/p>\n<p style=\"padding-left: 40px;\"><strong>Mus\u00e9e Diefenbunker \u2013 Carp (Ontario)<\/strong><br \/>\nFaites une <a href=\"https:\/\/diefenbunker.ca\/virtualtours\/\" target=\"_blank\" rel=\"noopener noreferrer\">visite virtuelle<\/a> du mus\u00e9e canadien de la Guerre froide. Explorez ses quatre \u00e9tages \u00e0 partir de tout appareil, et portez des lunettes de r\u00e9alit\u00e9 virtuelle si vous en avez.<\/p>\n<p style=\"padding-left: 40px;\"><strong>Mus\u00e9e et lieu historique national de la prison du comt\u00e9 de Huron \u2013<br \/>\nGoderich (Ontario)<\/strong><br \/>\n<a href=\"https:\/\/www.huroncountymuseum.ca\/virtual-services\/\" target=\"_blank\" rel=\"noopener noreferrer\">Parcourez le mus\u00e9e<\/a> du comt\u00e9 de Huron et le lieu historique national de la prison du comt\u00e9 de Huron, sans quitter le confort de votre foyer!<\/p>\n<p style=\"padding-left: 40px;\"><strong>Mus\u00e9es municipaux de Hamilton \u2013 Hamilton (Ontario)<\/strong><br \/>\nLes visites en ligne des mus\u00e9es municipaux de Hamilton donnent vie \u00e0 des lieux historiques, avec 130 vues panoramiques, 650 zones cliquables et un guide audio.<\/p>\n<p style=\"padding-left: 40px;\"><a href=\"https:\/\/museumshamilton.com\/#\/pano\/battlefield-outdoors-entry-laneway\" target=\"_blank\" rel=\"noopener noreferrer\">Mus\u00e9e et parc du champ de bataille \u2013 Hamilton (Ontario)<\/a><br \/>\n<a href=\"https:\/\/museumshamilton.com\/#\/pano\/childrens-museum-gagepark\" target=\"_blank\" rel=\"noopener noreferrer\">Mus\u00e9e des enfants \u2013 Hamilton (Ontario)<\/a><br \/>\n<a href=\"https:\/\/museumshamilton.com\/#\/pano\/dundurn-main-frontentrance\" target=\"_blank\" rel=\"noopener noreferrer\">Lieu historique national du ch\u00e2teau Dundurn \u2013 Hamilton (Ontario)<\/a><br \/>\n<a href=\"https:\/\/museumshamilton.com\/#\/pano\/fieldcote-park-main-outside\" target=\"_blank\" rel=\"noopener noreferrer\">Mus\u00e9e et parc Fieldcote \u2013 Ancaster (Ontario)<\/a><br \/>\n<a href=\"https:\/\/museumshamilton.com\/#\/pano\/griffin-house-outdoor\" target=\"_blank\" rel=\"noopener noreferrer\">Lieu historique national de la maison Griffin \u2013 Dundas (Ontario)<\/a><br \/>\n<a href=\"https:\/\/museumshamilton.com\/#\/pano\/hamilton-military-main-entrance\" target=\"_blank\" rel=\"noopener noreferrer\">Mus\u00e9e militaire de Hamilton \u2013 Hamilton (Ontario)<\/a><br \/>\n<a href=\"https:\/\/museumshamilton.com\/#\/pano\/hamilton-civic-ground-pumphouse\" target=\"_blank\" rel=\"noopener noreferrer\">Mus\u00e9e de la vapeur et de la technologie de Hamilton \u2013 Hamilton (Ontario)<\/a><br \/>\n<a href=\"https:\/\/museumshamilton.com\/#\/pano\/whitehern-house-main-entrance\" target=\"_blank\" rel=\"noopener noreferrer\">Maison et jardin Whitehern \u2013 Hamilton (Ontario)<\/a><\/p>\n<p style=\"padding-left: 40px;\"><strong>Lieu historique national de la villa Bellevue \u2013 Kingston (Ontario)<\/strong><br \/>\n<a href=\"https:\/\/www.pc.gc.ca\/fr\/lhn-nhs\/on\/bellevue\/visit\/virtual\" target=\"_blank\" rel=\"noopener noreferrer\">Faites une visite virtuelle<\/a> de la demeure de sir John A. Macdonald, le lieu historique national de la villa Bellevue, un site de Parcs Canada. Explorez la maison, depuis la salle \u00e0 manger du rez-de-chauss\u00e9e jusqu\u2019au bureau \u00e0 l\u2019\u00e9tage<\/p>\n<p style=\"padding-left: 40px;\"><strong>Village pionnier Fanshawe \u2013 London (Ontario)<\/strong><br \/>\nLe Village pionnier Fanshawe raconte le r\u00e9cit des collectivit\u00e9s rurales du comt\u00e9 de Middlesex de 1820 \u00e0 1920. <a href=\"http:\/\/fanshawepioneervillage.ca\/virtual-village\" target=\"_blank\" rel=\"noopener noreferrer\">Parcourez le village en ligne<\/a>, dans sa version virtuelle.<\/p>\n<p style=\"padding-left: 40px;\"><strong>Moulin de Watson \u2013 Manotick (Ontario)<\/strong><br \/>\nLe moulin de Watson, datant des ann\u00e9es 1860, produisait de la mouture et de la farine. On y fait encore de la farine avec la m\u00eame technologie que lors de son ouverture. <a href=\"http:\/\/watsonsmill.com\/3d-tour\/\" target=\"_blank\" rel=\"noopener noreferrer\">Explorez le mus\u00e9e en ligne et en 3D<\/a>.<\/p>\n<p style=\"padding-left: 40px;\"><strong>Mus\u00e9e Moore \u2013 Mooretown (Ontario)<\/strong><br \/>\nD\u00e9couvrez les \u00ab\u00a0villages disparus\u00a0\u00bb du canton de Moore en explorant l\u2019<a href=\"http:\/\/www.mooremuseum.ca\/virtual-exhibits\" target=\"_blank\" rel=\"noopener noreferrer\">exposition virtuelle<\/a> du mus\u00e9e Moore, avec ses descriptions et ses images d\u2019\u00e9poque.<\/p>\n<p style=\"padding-left: 40px;\"><strong>Mus\u00e9e du p\u00e9trole du Canada, lieu historique national \u2013 Oil Springs (Ontario)<\/strong><br \/>\nUne <a href=\"https:\/\/www.lambtonmuseums.ca\/exhibit\/black-gold\/\" target=\"_blank\" rel=\"noopener noreferrer\">exposition interactive<\/a> raconte l\u2019histoire du p\u00e9trole au Canada.<\/p>\n<p style=\"padding-left: 40px;\"><strong>Mus\u00e9e Bytown \u2013 Ottawa (Ontario) <\/strong><br \/>\nExplorez l\u2019histoire d\u2019Ottawa dans le confort de votre foyer. Faites la <a href=\"https:\/\/bytownmuseum.com\/virtual-tour\/\" target=\"_blank\" rel=\"noopener noreferrer\">visite virtuelle 3D<\/a> du mus\u00e9e avec un guide audio disponible en six langues.<\/p>\n<p style=\"padding-left: 40px;\"><strong>S\u00e9nat du Canada, colline du Parlement \u2013 Ottawa (Ontario)<\/strong><br \/>\nAdmirez la splendeur des locaux du S\u00e9nat gr\u00e2ce \u00e0 une technologie d\u2019avant-garde\u00a0: <em><a href=\"https:\/\/sencanada.ca\/fr\/sencaplus\/comment-pourquoi\/visite-virtuelle-du-senat-votre-entree-numerique-a-la-chambre-rouge\/\">Visite virtuelle du S\u00e9nat\u00a0: votre entr\u00e9e num\u00e9rique \u00e0 la Chambre rouge<\/a>.<\/em><\/p>\n<p style=\"padding-left: 40px;\"><strong>Salles de th\u00e9\u00e2tre Elgin et Winter Garden \u2013 Toronto (Ontario)<\/strong><br \/>\nLe Centre des salles de th\u00e9\u00e2tre Elgin et Winter Garden, au centre-ville de Toronto, a \u00e9t\u00e9 construit en 1913 pour pr\u00e9senter des repr\u00e9sentations de vaudeville. Ils ont \u00e9t\u00e9 m\u00e9ticuleusement restaur\u00e9s dans les ann\u00e9es 1980, par la Fiducie du patrimoine ontarien. \u00c0 l\u2019heure de la distanciation sociale, <a href=\"https:\/\/www.heritagetrust.on.ca\/fr\/index.php\/ewg\/ewg-home\/about-us\/virtual-tours?\">vous pouvez en faire une visite 3D<\/a> agr\u00e9ment\u00e9e d\u2019une s\u00e9rie de photos saisissantes.<\/p>\n<h2>Alberta<\/h2>\n<p style=\"padding-left: 40px;\"><strong>Maison Lougheed \u2013 Calgary (Alberta)<\/strong><br \/>\nD\u00e9couvrez une <a href=\"http:\/\/www.museevirtuel.ca\/community-stories_histoires-de-chez-nous\/conflicting-loyalties_allegeances-contradictoires\/\" target=\"_blank\" rel=\"noopener noreferrer\">exposition virtuelle<\/a> d\u00e9taill\u00e9e sur Isabella Clark Hardisty Lougheed.<\/p>\n<p style=\"padding-left: 40px;\"><strong>Site du patrimoine mondial de l\u2019UNESCO Writing-on-Stone \/ \u00c1\u00eds\u00ednai\u2019pi \u2013 Comt\u00e9 de Warner (Alberta)<\/strong><br \/>\nDans cette exp\u00e9rience de r\u00e9alit\u00e9 virtuelle immersive <a href=\"https:\/\/www.oculus.com\/experiences\/media\/1755492694779210\/3007027589522452\/\"><em>Sacred Teachings:\u202f\u00c1\u00eds\u00ednai\u2019pi\u00a0| Writing on Stone<\/em><\/a>,\u00a0l\u2019a\u00een\u00e9 pied-noir Saakokoto\u00a0Randy Bottle et l\u2019acteur pied-noir Eugene Brave Rock vous offrent une visite guid\u00e9e d\u2019un magnifique paysage sacr\u00e9. Pour bien faire, vous devrez avoir un casque Oculus et le logiciel voulu (\u00e9quipement familier des amateurs de jeux), mais il y a aussi une vid\u00e9o qui donne d\u00e9j\u00e0 un bon aper\u00e7u de ce lieu exceptionnel.<\/p>\n<h2>Saskatchewan<\/h2>\n<p style=\"padding-left: 40px;\"><strong>Lieu historique national de la briqueterie de Claybank \u2013 Regina (Saskatchewan)<\/strong><br \/>\n\u00c0 Claybank se trouve la briqueterie du d\u00e9but du 20<sup>e<\/sup>\u00a0si\u00e8cle la mieux pr\u00e9serv\u00e9e en Am\u00e9rique du Nord. Ses briques ont servi dans certains des plus beaux immeubles du Canada, dans les chaudi\u00e8res de navires de la Marine et dans les plateformes de lancement du cap Canaveral. <a href=\"https:\/\/www.youtube.com\/watch?v=Ja-g3d0i-SA\" target=\"_blank\" rel=\"noopener noreferrer\">Une vid\u00e9o raconte son histoire<\/a>.<\/p>\n<h2>Manitoba<\/h2>\n<p style=\"padding-left: 40px;\"><strong>Mus\u00e9e du patrimoine de Cooks Creek \u2013 Cooks Creek (Manitoba)<\/strong><br \/>\nVisitez le mus\u00e9e du patrimoine de Cooks Creek en ligne, avec <a href=\"http:\/\/www.cchm.ca\/index.php\/virtual-tour\" target=\"_blank\" rel=\"noopener noreferrer\">sa galerie virtuelle<\/a> et son guide audio 360.<\/p>\n<p style=\"padding-left: 40px;\"><strong>Biidaaban : Premi\u00e8re lueur \u2013 Winnipeg (Manitoba)<\/strong><br \/>\nD\u00e9couvrez un projet interactif de <a href=\"https:\/\/www.onf.ca\/interactif\/biidaaban_premiere_lueur\/\" target=\"_blank\" rel=\"noopener noreferrer\">r\u00e9alit\u00e9 virtuelle<\/a> qui r\u00e9v\u00e8le la fa\u00e7on dont les langues autochtones aident \u00e0 comprendre notre place dans une version harmonieuse du plus vaste milieu urbain du Canada.<\/p>\n<p style=\"padding-left: 40px;\"><strong>Centre d\u2019accueil des visiteurs et mus\u00e9e Dalnavert \u2013 Winnipeg (Manitoba)<\/strong><br \/>\nCe manoir de l\u2019\u00e8re victorienne au centre-ville de Winnipeg est une capsule temporelle de la fin du 19<sup>e<\/sup>\u00a0si\u00e8cle et du d\u00e9but du 20<sup>e<\/sup>. M\u00eame pendant qu\u2019il est ferm\u00e9, vous pouvez parcourir ses trois \u00e9tages et admirer ses locaux richement d\u00e9cor\u00e9s, en faisant une <a href=\"http:\/\/www.friendsofdalnavert.ca\/virtual-tour\">visite virtuelle en ligne<\/a>.<\/p>\n<h2>Colombie-Britannique<\/h2>\n<p style=\"padding-left: 40px;\"><strong>Mus\u00e9e du centenaire de Langley \u2013 Langley (Colombie-Britannique)<\/strong><br \/>\nD\u00e9couvrez l\u2019exposition temporaire du mus\u00e9e <em>\u00ab\u00a0<a href=\"https:\/\/museum.tol.ca\/museum\/Portal\/visit.aspx\" target=\"_blank\" rel=\"noopener noreferrer\">The Sporting Life: A History of Athletic Fashions with Ivan Sayers\u00a0<\/a>\u00bb<\/em> et la galerie historique permanente, gr\u00e2ce \u00e0 une exposition virtuelle 360.<\/p>\n<p style=\"padding-left: 40px;\"><strong>Lieu historique national de la conserverie Gulf of Georgia \u2013 Richmond (Colombie-Britannique)<\/strong><br \/>\n<a href=\"http:\/\/www.museevirtuel.ca\/virtual-exhibits\/exhibit\/du-bateau-a-la-boite-la-mise-en-conserve-du-saumon-en-colombie-britannique\/\" target=\"_blank\" rel=\"noopener noreferrer\">D\u00e9couvrez plus de 200\u00a0conserveries en Colombie-Britannique!<\/a> La longue et complexe histoire de la mise en conserve du saumon dans la province est aussi celle des collectivit\u00e9s c\u00f4ti\u00e8res, de l\u2019innovation technologique et du changement environnemental qui ont jou\u00e9 un r\u00f4le dans la mise en march\u00e9 de ce produit alimentaire. En suivant les \u00e9tapes de la mise en conserve, du bateau \u00e0 la bo\u00eete, vous d\u00e9couvrirez ce qu\u2019\u00e9tait le travail dans les conserveries.<\/p>\n<h2>Nunavut<\/h2>\n<p style=\"padding-left: 40px;\"><strong>Fort Conger \u2013 \u00cele d\u2019Ellesmere (Nunavut)<\/strong><br \/>\nL\u2019exposition virtuelle <a href=\"http:\/\/fortconger.org\/index\"><em>Science et survie \u00e0 Fort Conger<\/em><\/a>\u00a0vous fait explorer l\u2019histoire de cet avant-poste arctique abandonn\u00e9 datant de 1881. Il a jou\u00e9 un r\u00f4le cl\u00e9 dans l\u2019exploration internationale \u00e0 la fin du 19<sup>e<\/sup>\u00a0si\u00e8cle et au 20<sup>e<\/sup>\u00a0si\u00e8cle.<\/p>\n<hr \/>\n<p>Connaissez-vous d\u2019autres magnifiques visites virtuelles \u00e0 faire, de lieux historiques qui vous sont chers? Nous aimerions le savoir! \u00c9crivez un mot \u00e0 Sonja Kruitwagen, par courriel \u00e0 <a href=\"mailto:skruitwagen@fiducienationalecanada.ca\">skruitwagen@fiducienationalecanada.ca<\/a> ou sur Twitter \u00e0 <a href=\"https:\/\/twitter.com\/fiducienatca\" target=\"_blank\" rel=\"noopener noreferrer\">@fiducienatca.<\/a><\/p>\n<p>&nbsp;<\/p>\n","protected":false},"excerpt":{"rendered":"<p>En raison de la pand\u00e9mie de COVID-19, la plupart des lieux historiques ont temporairement ferm\u00e9 leurs portes au public. Nous&#8230;<\/p>\n","protected":false},"author":4,"featured_media":9131,"parent":1311,"menu_order":0,"comment_status":"closed","ping_status":"closed","template":"","meta":{"_acf_changed":false,"footnotes":""},"class_list":["post-9285","page","type-page","status-publish","has-post-thumbnail","hentry"],"acf":[],"yoast_head":"<!-- This site is optimized with the Yoast SEO plugin v26.3 - https:\/\/yoast.com\/wordpress\/plugins\/seo\/ -->\n<title>D\u00e9couvrez des lieux historiques depuis chez vous - Fiducie nationale du Canada<\/title>\n<meta name=\"robots\" content=\"index, follow, max-snippet:-1, max-image-preview:large, max-video-preview:-1\" \/>\n<link rel=\"canonical\" href=\"https:\/\/nationaltrustcanada.ca\/fr\/des-lieux-a-visiter\/decouvrez-des-lieux-historiques-depuis-chez-vous\" \/>\n<meta property=\"og:locale\" content=\"fr_FR\" \/>\n<meta property=\"og:type\" content=\"article\" \/>\n<meta property=\"og:title\" content=\"D\u00e9couvrez des lieux historiques depuis chez vous - Fiducie nationale du Canada\" \/>\n<meta property=\"og:description\" content=\"En raison de la pand\u00e9mie de COVID-19, la plupart des lieux historiques ont temporairement ferm\u00e9 leurs portes au public. Nous...\" \/>\n<meta property=\"og:url\" content=\"https:\/\/nationaltrustcanada.ca\/fr\/des-lieux-a-visiter\/decouvrez-des-lieux-historiques-depuis-chez-vous\" \/>\n<meta property=\"og:site_name\" content=\"Fiducie nationale du Canada\" \/>\n<meta property=\"article:modified_time\" content=\"2020-04-30T12:32:03+00:00\" \/>\n<meta property=\"og:image\" content=\"https:\/\/nationaltrustcanada.ca\/wp-content\/uploads\/2020\/04\/SinclairInnVR.jpg\" \/>\n\t<meta property=\"og:image:width\" content=\"1119\" \/>\n\t<meta property=\"og:image:height\" content=\"747\" \/>\n\t<meta property=\"og:image:type\" content=\"image\/jpeg\" \/>\n<meta name=\"twitter:card\" content=\"summary_large_image\" \/>\n<meta name=\"twitter:label1\" content=\"Dur\u00e9e de lecture estim\u00e9e\" \/>\n\t<meta name=\"twitter:data1\" content=\"7 minutes\" \/>\n<script type=\"application\/ld+json\" class=\"yoast-schema-graph\">{\"@context\":\"https:\/\/schema.org\",\"@graph\":[{\"@type\":\"WebPage\",\"@id\":\"https:\/\/nationaltrustcanada.ca\/fr\/des-lieux-a-visiter\/decouvrez-des-lieux-historiques-depuis-chez-vous\",\"url\":\"https:\/\/nationaltrustcanada.ca\/fr\/des-lieux-a-visiter\/decouvrez-des-lieux-historiques-depuis-chez-vous\",\"name\":\"D\u00e9couvrez des lieux historiques depuis chez vous - Fiducie nationale du Canada\",\"isPartOf\":{\"@id\":\"https:\/\/nationaltrustcanada.ca\/#website\"},\"primaryImageOfPage\":{\"@id\":\"https:\/\/nationaltrustcanada.ca\/fr\/des-lieux-a-visiter\/decouvrez-des-lieux-historiques-depuis-chez-vous#primaryimage\"},\"image\":{\"@id\":\"https:\/\/nationaltrustcanada.ca\/fr\/des-lieux-a-visiter\/decouvrez-des-lieux-historiques-depuis-chez-vous#primaryimage\"},\"thumbnailUrl\":\"https:\/\/nationaltrustcanada.ca\/wp-content\/uploads\/2020\/04\/SinclairInnVR.jpg\",\"datePublished\":\"2000-04-28T16:05:50+00:00\",\"dateModified\":\"2020-04-30T12:32:03+00:00\",\"breadcrumb\":{\"@id\":\"https:\/\/nationaltrustcanada.ca\/fr\/des-lieux-a-visiter\/decouvrez-des-lieux-historiques-depuis-chez-vous#breadcrumb\"},\"inLanguage\":\"fr-FR\",\"potentialAction\":[{\"@type\":\"ReadAction\",\"target\":[\"https:\/\/nationaltrustcanada.ca\/fr\/des-lieux-a-visiter\/decouvrez-des-lieux-historiques-depuis-chez-vous\"]}]},{\"@type\":\"ImageObject\",\"inLanguage\":\"fr-FR\",\"@id\":\"https:\/\/nationaltrustcanada.ca\/fr\/des-lieux-a-visiter\/decouvrez-des-lieux-historiques-depuis-chez-vous#primaryimage\",\"url\":\"https:\/\/nationaltrustcanada.ca\/wp-content\/uploads\/2020\/04\/SinclairInnVR.jpg\",\"contentUrl\":\"https:\/\/nationaltrustcanada.ca\/wp-content\/uploads\/2020\/04\/SinclairInnVR.jpg\",\"width\":1119,\"height\":747},{\"@type\":\"BreadcrumbList\",\"@id\":\"https:\/\/nationaltrustcanada.ca\/fr\/des-lieux-a-visiter\/decouvrez-des-lieux-historiques-depuis-chez-vous#breadcrumb\",\"itemListElement\":[{\"@type\":\"ListItem\",\"position\":1,\"name\":\"Home\",\"item\":\"https:\/\/nationaltrustcanada.ca\/fr\"},{\"@type\":\"ListItem\",\"position\":2,\"name\":\"Des lieux \u00e0 visiter\",\"item\":\"https:\/\/nationaltrustcanada.ca\/fr\/des-lieux-a-visiter\"},{\"@type\":\"ListItem\",\"position\":3,\"name\":\"D\u00e9couvrez des lieux historiques depuis chez vous\"}]},{\"@type\":\"WebSite\",\"@id\":\"https:\/\/nationaltrustcanada.ca\/#website\",\"url\":\"https:\/\/nationaltrustcanada.ca\/\",\"name\":\"Fiducie nationale du Canada\",\"description\":\"Bringing Heritage to Life\",\"potentialAction\":[{\"@type\":\"SearchAction\",\"target\":{\"@type\":\"EntryPoint\",\"urlTemplate\":\"https:\/\/nationaltrustcanada.ca\/?s={search_term_string}\"},\"query-input\":{\"@type\":\"PropertyValueSpecification\",\"valueRequired\":true,\"valueName\":\"search_term_string\"}}],\"inLanguage\":\"fr-FR\"}]}<\/script>\n<!-- \/ Yoast SEO plugin. -->","yoast_head_json":{"title":"D\u00e9couvrez des lieux historiques depuis chez vous - Fiducie nationale du Canada","robots":{"index":"index","follow":"follow","max-snippet":"max-snippet:-1","max-image-preview":"max-image-preview:large","max-video-preview":"max-video-preview:-1"},"canonical":"https:\/\/nationaltrustcanada.ca\/fr\/des-lieux-a-visiter\/decouvrez-des-lieux-historiques-depuis-chez-vous","og_locale":"fr_FR","og_type":"article","og_title":"D\u00e9couvrez des lieux historiques depuis chez vous - Fiducie nationale du Canada","og_description":"En raison de la pand\u00e9mie de COVID-19, la plupart des lieux historiques ont temporairement ferm\u00e9 leurs portes au public. Nous...","og_url":"https:\/\/nationaltrustcanada.ca\/fr\/des-lieux-a-visiter\/decouvrez-des-lieux-historiques-depuis-chez-vous","og_site_name":"Fiducie nationale du Canada","article_modified_time":"2020-04-30T12:32:03+00:00","og_image":[{"width":1119,"height":747,"url":"https:\/\/nationaltrustcanada.ca\/wp-content\/uploads\/2020\/04\/SinclairInnVR.jpg","type":"image\/jpeg"}],"twitter_card":"summary_large_image","twitter_misc":{"Dur\u00e9e de lecture estim\u00e9e":"7 minutes"},"schema":{"@context":"https:\/\/schema.org","@graph":[{"@type":"WebPage","@id":"https:\/\/nationaltrustcanada.ca\/fr\/des-lieux-a-visiter\/decouvrez-des-lieux-historiques-depuis-chez-vous","url":"https:\/\/nationaltrustcanada.ca\/fr\/des-lieux-a-visiter\/decouvrez-des-lieux-historiques-depuis-chez-vous","name":"D\u00e9couvrez des lieux historiques depuis chez vous - Fiducie nationale du Canada","isPartOf":{"@id":"https:\/\/nationaltrustcanada.ca\/#website"},"primaryImageOfPage":{"@id":"https:\/\/nationaltrustcanada.ca\/fr\/des-lieux-a-visiter\/decouvrez-des-lieux-historiques-depuis-chez-vous#primaryimage"},"image":{"@id":"https:\/\/nationaltrustcanada.ca\/fr\/des-lieux-a-visiter\/decouvrez-des-lieux-historiques-depuis-chez-vous#primaryimage"},"thumbnailUrl":"https:\/\/nationaltrustcanada.ca\/wp-content\/uploads\/2020\/04\/SinclairInnVR.jpg","datePublished":"2000-04-28T16:05:50+00:00","dateModified":"2020-04-30T12:32:03+00:00","breadcrumb":{"@id":"https:\/\/nationaltrustcanada.ca\/fr\/des-lieux-a-visiter\/decouvrez-des-lieux-historiques-depuis-chez-vous#breadcrumb"},"inLanguage":"fr-FR","potentialAction":[{"@type":"ReadAction","target":["https:\/\/nationaltrustcanada.ca\/fr\/des-lieux-a-visiter\/decouvrez-des-lieux-historiques-depuis-chez-vous"]}]},{"@type":"ImageObject","inLanguage":"fr-FR","@id":"https:\/\/nationaltrustcanada.ca\/fr\/des-lieux-a-visiter\/decouvrez-des-lieux-historiques-depuis-chez-vous#primaryimage","url":"https:\/\/nationaltrustcanada.ca\/wp-content\/uploads\/2020\/04\/SinclairInnVR.jpg","contentUrl":"https:\/\/nationaltrustcanada.ca\/wp-content\/uploads\/2020\/04\/SinclairInnVR.jpg","width":1119,"height":747},{"@type":"BreadcrumbList","@id":"https:\/\/nationaltrustcanada.ca\/fr\/des-lieux-a-visiter\/decouvrez-des-lieux-historiques-depuis-chez-vous#breadcrumb","itemListElement":[{"@type":"ListItem","position":1,"name":"Home","item":"https:\/\/nationaltrustcanada.ca\/fr"},{"@type":"ListItem","position":2,"name":"Des lieux \u00e0 visiter","item":"https:\/\/nationaltrustcanada.ca\/fr\/des-lieux-a-visiter"},{"@type":"ListItem","position":3,"name":"D\u00e9couvrez des lieux historiques depuis chez vous"}]},{"@type":"WebSite","@id":"https:\/\/nationaltrustcanada.ca\/#website","url":"https:\/\/nationaltrustcanada.ca\/","name":"Fiducie nationale du Canada","description":"Bringing Heritage to Life","potentialAction":[{"@type":"SearchAction","target":{"@type":"EntryPoint","urlTemplate":"https:\/\/nationaltrustcanada.ca\/?s={search_term_string}"},"query-input":{"@type":"PropertyValueSpecification","valueRequired":true,"valueName":"search_term_string"}}],"inLanguage":"fr-FR"}]}},"_links":{"self":[{"href":"https:\/\/nationaltrustcanada.ca\/fr\/wp-json\/wp\/v2\/pages\/9285","targetHints":{"allow":["GET"]}}],"collection":[{"href":"https:\/\/nationaltrustcanada.ca\/fr\/wp-json\/wp\/v2\/pages"}],"about":[{"href":"https:\/\/nationaltrustcanada.ca\/fr\/wp-json\/wp\/v2\/types\/page"}],"author":[{"embeddable":true,"href":"https:\/\/nationaltrustcanada.ca\/fr\/wp-json\/wp\/v2\/users\/4"}],"replies":[{"embeddable":true,"href":"https:\/\/nationaltrustcanada.ca\/fr\/wp-json\/wp\/v2\/comments?post=9285"}],"version-history":[{"count":11,"href":"https:\/\/nationaltrustcanada.ca\/fr\/wp-json\/wp\/v2\/pages\/9285\/revisions"}],"predecessor-version":[{"id":9360,"href":"https:\/\/nationaltrustcanada.ca\/fr\/wp-json\/wp\/v2\/pages\/9285\/revisions\/9360"}],"up":[{"embeddable":true,"href":"https:\/\/nationaltrustcanada.ca\/fr\/wp-json\/wp\/v2\/pages\/1311"}],"wp:featuredmedia":[{"embeddable":true,"href":"https:\/\/nationaltrustcanada.ca\/fr\/wp-json\/wp\/v2\/media\/9131"}],"wp:attachment":[{"href":"https:\/\/nationaltrustcanada.ca\/fr\/wp-json\/wp\/v2\/media?parent=9285"}],"curies":[{"name":"wp","href":"https:\/\/api.w.org\/{rel}","templated":true}]}}