{"id":9041,"date":"2020-03-27T11:07:26","date_gmt":"2020-03-27T15:07:26","guid":{"rendered":"https:\/\/nationaltrustcanada.ca\/?page_id=9041"},"modified":"2020-06-17T13:56:53","modified_gmt":"2020-06-17T17:56:53","slug":"covid19","status":"publish","type":"page","link":"https:\/\/nationaltrustcanada.ca\/fr\/covid19","title":{"rendered":"COVID-19 : Mises \u00e0 jour, information et action"},"content":{"rendered":"<p>&nbsp;<\/p>\n<h3><strong>Aidez \u00e0 propulser une relance \u00e9cologique avec #Chantierdupatrimoine<\/strong><\/h3>\n<p>Depuis le premier \u00ab <a href=\"https:\/\/nationaltrustcanada.ca\/fr\/covid19#rassemblement-du-clan\">rassemblement du secteur du patrimoine<\/a> \u00bb le 2 avril, des centaines de personnes ont particip\u00e9 \u00e0 nos conf\u00e9rences sur Zoom, organis\u00e9es aux deux semaines. Elles ont parl\u00e9 des enjeux qui les touchent, elles, leurs organisations et leurs lieux du patrimoine. Ces discussions ont men\u00e9 \u00e0 la r\u00e9daction d\u2019<a href=\"https:\/\/nationaltrustcanada.ca\/wp-content\/uploads\/2020\/05\/La-COVID-19-et-les-recommandations-du-secteur-des-lieux-du-patrimoine-pour-la-relance.pdf\">une lettre<\/a> \u00e0 cinq ministres f\u00e9d\u00e9raux, sign\u00e9e par la Fiducie nationale et 22\u00a0organisations partenaires, demandant que 200\u00a0millions de dollars en fonds f\u00e9d\u00e9raux pour la relance soient affect\u00e9s \u00e0 des projets visant des lieux du patrimoine.<\/p>\n<p>Maintenant, nous collectons une liste de projets de construction dans des lieux anciens et patrimoniaux pour s&rsquo;assurer que les lieux historiques figurent en bonne place dans les plans de relance du Canada \u00e0 la suite de la COVID-19. Pourquoi? Parce que nous savons que ces investissements capitaliseront sur des projets pr\u00eats \u00e0 d\u00e9marrer, ce qui cr\u00e9era des emplois verts, encouragera le secteur priv\u00e9 \u00e0 investir et favorisera la r\u00e9silience communautaire \u00e0 long terme.<\/p>\n<hr \/>\n<h3 id=\"chantier-du-patrimoine\"><img loading=\"lazy\" decoding=\"async\" class=\"alignnone size-full wp-image-9490\" src=\"https:\/\/nationaltrustcanada.ca\/wp-content\/uploads\/2020\/05\/Calling-all-ShovelReadyHeritage-FR.png\" alt=\"\" width=\"1024\" height=\"512\" srcset=\"https:\/\/nationaltrustcanada.ca\/wp-content\/uploads\/2020\/05\/Calling-all-ShovelReadyHeritage-FR.png 1024w, https:\/\/nationaltrustcanada.ca\/wp-content\/uploads\/2020\/05\/Calling-all-ShovelReadyHeritage-FR-300x150.png 300w, https:\/\/nationaltrustcanada.ca\/wp-content\/uploads\/2020\/05\/Calling-all-ShovelReadyHeritage-FR-768x384.png 768w\" sizes=\"auto, (max-width: 1024px) 100vw, 1024px\" \/><\/h3>\n<div class=\"tlid-input input\">\n<div class=\"source-wrap\">\n<div class=\"input-full-height-wrapper tlid-input-full-height-wrapper\">\n<div class=\"source-input\">\n<div class=\"source-footer-wrap source-or-target-footer\">\n<div class=\"character-count tlid-character-count\"><\/div>\n<p>Le gouvernement sera \u00e0 la recherche de projets patrimoniaux \u00ab pr\u00eats \u00e0 d\u00e9marrer \u00bb pour stimuler l&rsquo;\u00e9conomie apr\u00e8s le COVID-19. Aidez-nous \u00e0 dire au premier ministre que l&rsquo;utilisation la plus intelligente et la plus verte des fonds de relance permettrait de lib\u00e9rer plusieurs milliards de dollars pour l\u2019am\u00e9nagement d\u2019installations permanentes ainsi que d\u2019autres fonds pour les immeubles anciens et patrimoniaux. Pourquoi? Parce que nous savons que ces investissements seront consacr\u00e9s \u00e0 des projets pr\u00eats \u00e0 d\u00e9marrer, ce qui cr\u00e9era des emplois verts, encouragera les investissements du secteur priv\u00e9 et favorisera la r\u00e9silience communautaire \u00e0 long terme.Proposons ensemble une liste de projets de construction dans des lieux anciens et patrimoniaux \u2013 r\u00e9parations, ajouts, r\u00e9novations, travaux de stabilisation d&rsquo;urgence \u2013 qui sont pr\u00eats \u00e0 d\u00e9marrer ou pourraient l&rsquo;\u00eatre bient\u00f4t.<\/p>\n<p>Vous pouvez utiliser une ou plusieurs des options suivantes pour partager votre projet ou investissement potentiel :<\/p>\n<ul>\n<li>Remplissez <a href=\"https:\/\/nationaltrustcanada.ca\/fr\/ce-que-vous-pouvez-faire\/advocacy-action\/formulaire-des-projets-chantierdupatrimoine\">ce formulaire<\/a> ou envoyez un courriel avec tous les d\u00e9tails au <a href=\"mailto:ShovelReadyHeritage@nationaltrustcanada.ca\">ShovelReadyHeritage@nationaltrustcanada.ca<\/a><\/li>\n<li>Utilisez les m\u00e9dias sociaux pour partager vos photos et mentionner les politiciens cl\u00e9s. Voici quelques exemples pour Twitter :<\/li>\n<\/ul>\n<p>Ce projet #chantierdupatrimoine \u00e0 (nom du site) soutiendra la reprise \u00e9conomique de ma communaut\u00e9. @PMcanadien @fiducienatca [Mentionnez votre propre ministre]<\/p>\n<p>(Nom du site) est pr\u00eat \u00e0 b\u00e2tir un avenir vert; nous avons un projet pr\u00eat \u00e0 d\u00e9marrer! #Chantierdupatrimoine @PMcanadien @fiducienatca [Mentionnez votre propre ministre]<\/p>\n<p>Ce projet #chantierdupatrimoine cr\u00e9era des emplois verts et soutiendra la r\u00e9silience des collectivit\u00e9s.\u00a0@PMcanadien @fiducienatca [Mentionnez votre propre ministre]<\/p>\n<div><\/div>\n<\/div>\n<\/div>\n<\/div>\n<\/div>\n<\/div>\n<hr \/>\n<h3><strong>Ajoutez votre voix \u00e0 la demande de fonds f\u00e9d\u00e9raux de relance pour des projets dans des lieux du patrimoine<\/strong><\/h3>\n<p>30 avril 2020 \u2013 La semaine derni\u00e8re, plus d\u2019une centaine de personnalit\u00e9s du patrimoine et pan\u00e9listes ont pris part \u00e0 une s\u00e9ance de travail virtuelle. Cette derni\u00e8re a men\u00e9 \u00e0 l\u2019envoi d\u2019une <a href=\"https:\/\/nationaltrustcanada.ca\/wp-content\/uploads\/2020\/05\/La-COVID-19-et-les-recommandations-du-secteur-des-lieux-du-patrimoine-pour-la-relance.pdf\">lettre du secteur du patrimoine<\/a>\u00a0\u00e0 cinq ministres du gouvernement f\u00e9d\u00e9ral. La lettre sign\u00e9e par 22\u00a0organisations partenaires recommandait un financement de relance d\u2019au moins 200\u00a0millions de dollars afin de lib\u00e9rer plusieurs milliards pour l\u2019am\u00e9nagement d\u2019installations permanentes ainsi que d\u2019autres fonds pour les immeubles anciens et patrimoniaux. Pourquoi? Parce que nous savons que ces investissements capitaliseront sur des projets pr\u00eats \u00e0 d\u00e9marrer, ce qui cr\u00e9era des emplois verts, encouragera le secteur priv\u00e9 \u00e0 investir et favorisera la r\u00e9silience communautaire \u00e0 long terme.<\/p>\n<hr \/>\n<h3 id=\"rassemblement-du-clan\"><strong>COVID-19 et le patrimoine: rassemblements du secteur du patrimoine les premiers et troisi\u00e8me mardis du mois<\/strong><\/h3>\n<p>Bien que la sant\u00e9 des Canadiens et les efforts pour aplatir la courbe demeurent une priorit\u00e9, il est \u00e9galement essentiel de veiller \u00e0 ce que les personnes qui prennent soin des lieux historiques et travaillent dans ce secteur ne soient pas oubli\u00e9es, et que les plans pour le r\u00e9tablissement prennent en consid\u00e9ration le puissant r\u00f4le que peuvent jouer le patrimoine et les lieux historiques. Pr\u00e8s de 500 personnes repr\u00e9sentant des organisations du patrimoine, des sites historiques, des dirigeants de l\u2019industrie du patrimoine et des agences gouvernementales ont particip\u00e9 aux deux premiers \u00abrassemblements du secteur du patrimoine\u00bb organis\u00e9s par la Fiducie nationale au d\u00e9but du mois d&rsquo;avril.<\/p>\n<p><a href=\"\/?p=9204\" target=\"_blank\" rel=\"noopener noreferrer\" data-cke-saved-href=\"https:\/\/nationaltrustcanada.ca\/fr\/nos-actualites\/la-reponse-du-secteur-du-patrimoine-au-covid-19-faites-partie-du-mouvement\">Visionnez les reprises et consultez notre r\u00e9sum\u00e9<\/a> des pr\u00e9occupations et des id\u00e9es partag\u00e9es au sujet des intemp\u00e9ries et de la reprise apr\u00e8s cet arr\u00eat mondial sans pr\u00e9c\u00e9dent.<\/p>\n<p>2 avril \u2013 <em><a href=\"https:\/\/youtu.be\/ccESTxbbW7c\" target=\"_blank\" rel=\"noopener noreferrer\" data-cke-saved-href=\"https:\/\/youtu.be\/ccESTxbbW7c\">Impacts for heritage charities, sites and nonprofits<\/a><\/em><br \/>\n7 avril \u2013 <a href=\"https:\/\/youtu.be\/Us5W2Qv9JW4\" target=\"_blank\" rel=\"noopener noreferrer\" data-cke-saved-href=\"https:\/\/youtu.be\/Us5W2Qv9JW4\"><em>A conversation with industry leaders<\/em>,\u00a0<\/a>co-anim\u00e9 avec l&rsquo;Association canadienne d&rsquo;experts-conseils en patrimoine<br \/>\n21 avril \u2013 <em><a href=\"https:\/\/youtu.be\/v1j_IFYMJ0Q\" target=\"_blank\" rel=\"noopener noreferrer\">Recommendations for recovery<\/a><\/em><br \/>\n5\u00a0 mai \u2013 <em><a href=\"https:\/\/youtu.be\/6LWgX9o_HpU\">Recommendations for recovery 2\u00a0<\/a><\/em><\/p>\n<p><strong>Ne manquez pas le prochain \u00ab rassemblement du secteur du patrimoine \u00bb, \u00e0 chaque premier et troisi\u00e8me mardis du mois, \u00e0 12 h 15 (heure de l&rsquo;Est)<\/strong><\/p>\n<p><a href=\"https:\/\/regenerationworks.ca\/fr\/events\/\" target=\"_blank\" rel=\"noopener noreferrer\" data-cke-saved-href=\"https:\/\/regenerationworks.ca\/fr\/events\/\">Inscrivez-vous ici<\/a><\/p>\n<hr \/>\n<h3><strong>Ressources pour les organismes de bienfaisance et sans but lucratif<\/strong><\/h3>\n<p><strong>La plateforme R\u00e9g\u00e9n\u00e9raction\u00a0de la Fiducie<\/strong> dispose d\u00e9sormais de ressources suppl\u00e9mentaires pour nous permettre de nous organiser en vue des jours meilleurs lorsque\u00a0les lieux historiques du Canada seront enfin rouverts au public. Des webinaires ant\u00e9rieurs portant sur des sujets pertinents tels que <strong>les collectes de fonds et le marketing<\/strong>\u00a0ainsi que des ressources sp\u00e9ciales sur la <strong>revitalisation des lieux de culte<\/strong> sont d\u00e9sormais disponibles sur demande au<u>\u00a0<a href=\"https:\/\/nationaltrustcanada.us11.list-manage.com\/track\/click?u=5dd5f9c97cc4e7df3f1a5d21d&amp;id=d673febabd&amp;e=e4c4490100\">www.regeneraction.ca<\/a>\u00a0<\/u><\/p>\n<p><strong>Heritage BC<\/strong> a partag\u00e9 une excellente s\u00e9rie d&rsquo;articles sur la gestion de\u00a0crise, la continuit\u00e9 des op\u00e9rations et bien plus, que les dirigeants de chaque organisation trouveront utiles. <u><a href=\"https:\/\/nationaltrustcanada.us11.list-manage.com\/track\/click?u=5dd5f9c97cc4e7df3f1a5d21d&amp;id=e5094a4ac2&amp;e=e4c4490100\">En apprendre plus<\/a> <\/u><em>(ressource en anglais seulement)<\/em><\/p>\n<p><strong>Imagine Canada<\/strong>\u00a0a rassembl\u00e9 une mine d\u2019or de ressources pour les organismes de bienfaisance et sans but lucratif, notamment des conseils sur les collectes de fonds et la gestion lors des moments difficiles. Visitez le<u><a title=\"https:\/\/nationaltrustcanada.us11.list-manage.com\/track\/click?u=5dd5f9c97cc4e7df3f1a5d21d&amp;id=538c3488de&amp;e=e4c4490100\" href=\"https:\/\/nationaltrustcanada.us11.list-manage.com\/track\/click?u=5dd5f9c97cc4e7df3f1a5d21d&amp;id=538c3488de&amp;e=e4c4490100\">https:\/\/www.imaginecanada.ca\/fr\/covid19<\/a><\/u><\/p>\n<p>Pour une dur\u00e9e limit\u00e9e, les petits organismes de bienfaisance pourront \u00e9galement s\u2019inscrire \u00e0 l\u2019<strong>\u00c9dition communautaire de travail \u00e0 domicile de Connexion subvention<\/strong>, une base de donn\u00e9es de financement qui est g\u00e9n\u00e9ralement accessible uniquement \u00e0 la biblioth\u00e8que, \u00e0 l\u2019universit\u00e9 et sur les ordinateurs du centre de documentation. Visitez le\u00a0<u><a href=\"https:\/\/nationaltrustcanada.us11.list-manage.com\/track\/click?u=5dd5f9c97cc4e7df3f1a5d21d&amp;id=327fb28db1&amp;e=e4c4490100\">https:\/\/imaginecanada.ca\/fr\/wfhcommunityedition<\/a><\/u><\/p>\n<p><strong>CanadaDon<\/strong> dirige les Canadiens vers des organismes de bienfaisance qui aident les collectivit\u00e9s \u00e0 faire face \u00e0 la Covid-19. Vous pouvez visiter le\u00a0<u><a href=\"https:\/\/nationaltrustcanada.us11.list-manage.com\/track\/click?u=5dd5f9c97cc4e7df3f1a5d21d&amp;id=6e2a949cb5&amp;e=e4c4490100\">https:\/\/www.canadahelps.org\/fr\/faites-un-don-aux-efforts-dintervention-contre-lepidemie-du-coronavirus\/<\/a><\/u> pour faire un don ou ajouter votre organisme \u00e0 la liste.<\/p>\n<hr \/>\n<h3>La saison 2020\/2021 de Jeunesse Canada au travail se poursuivra<\/h3>\n<p>Nos partenaires du minist\u00e8re du Patrimoine canadien nous informent\u00a0que le programme Jeunesse Canada au travail\u00a02020-2021 se d\u00e9roulera comme pr\u00e9vu. Les d\u00e9cisions en mati\u00e8re de financement pour les emplois d\u2019\u00e9t\u00e9 des \u00e9tudiants seront d\u00e9voil\u00e9es \u00e0 la mi-avril et les r\u00e9sultats concernant les stagiaires\u00a0le seront au d\u00e9but du mois de mai. Si la situation change, nous vous en informerons.<\/p>\n<p>En tant qu\u2019administrateur du programme, la Fiducie nationale comprend que votre organisation subira tout probablement des perturbations ou des changements relativement aux lieux, aux d\u00e9tails et aux heures de travail, pour ne nommer que ceux-l\u00e0. Soyez assur\u00e9 que nous travaillons fort pour que vous b\u00e9n\u00e9ficiez de plus de latitude quant aux r\u00e8gles et aux exigences du programme Jeunesse Canada au travail\u00a02020-2021.<\/p>\n<p>En cas de questions ou de pr\u00e9occupations, n\u2019h\u00e9sitez surtout pas \u00e0 communiquer avec Kevin Parker au\u00a0<a href=\"mailto:kparker@nationaltrustcanada.ca\" target=\"_blank\" rel=\"noopener noreferrer\">kparker@nationaltrustcanada.ca<\/a> \u2014 613\u00a0237-1066, poste\u00a0234.<\/p>\n<hr \/>\n<h3 id=\"ressources-gouvernementales\">Mesures d&rsquo;aide et ressources gouvernementales<\/h3>\n<p>Le secteur des lieux historiques est extr\u00eamement diversifi\u00e9. Il comprend des mus\u00e9es dans des immeubles patrimoniaux, des lieux de culte, des centres-villes et des quartiers traditionnels, et des lieux du patrimoine rural. Il met en jeu des travailleurs, des propri\u00e9taires et des b\u00e9n\u00e9voles, dans les secteurs priv\u00e9, public et sans but lucratif.<\/p>\n<p>Face aux r\u00e9percussions de la COVID-19, un \u00e9ventail de <a href=\"https:\/\/www.canada.ca\/fr\/ministere-finances\/plan-intervention-economique.html\" target=\"_blank\" rel=\"noopener noreferrer\">mesures de financement et d\u2019aide<\/a> ont \u00e9t\u00e9 annonc\u00e9es pour les particuliers, les entreprises et les organismes sans but lucratif. Ce mois-ci, il y en a pour <a href=\"https:\/\/www.canada.ca\/fr\/patrimoine-canadien\/services\/financement\/informations-covid-19\/fonds-urgence-soutenir.html\" target=\"_blank\" rel=\"noopener noreferrer\">500 millions de dollars pour les arts, la culture, le patrimoine et les sports<\/a> , et il y a 962 millions de dollars pour le <a href=\"https:\/\/www.ic.gc.ca\/eic\/site\/icgc.nsf\/fra\/h_07682.html\" target=\"_blank\" rel=\"noopener noreferrer\">Fonds d\u2019aide et de relance r\u00e9gionale (FARR)<\/a>\u00a0qui offre des pr\u00eats sans int\u00e9r\u00eat pour les petites et moyennes entreprises de tr\u00e8s petite taille, aux activit\u00e9s saisonni\u00e8res, de milieux ruraux ou autres qui n\u2019ont pas eu acc\u00e8s aux mesures gouvernementales pr\u00e9c\u00e9dentes.<\/p>\n<p>Est-ce que ces mesures d\u2019aide sont utiles pour les lieux du patrimoine et les personnes et organisations qui veillent sur eux? <a href=\"http:\/\/info@nationaltrustcanada.ca\">Dites-nous<\/a> s\u2019il y a des lacunes et des probl\u00e8mes, et dites-nous comment nous pourrions aider \u00e0 les corriger.<\/p>\n<p>Les gouvernements f\u00e9d\u00e9ral et provincial ont mis en \u0153uvre diverses mesures pour aider les particuliers et les entrepreneurs en r\u00e9ponse \u00e0 la COVID-19.<\/p>\n<p><u><a title=\"https:\/\/nationaltrustcanada.us11.list-manage.com\/track\/click?u=5dd5f9c97cc4e7df3f1a5d21d&amp;id=f6169871a9&amp;e=e4c4490100\" href=\"https:\/\/nationaltrustcanada.us11.list-manage.com\/track\/click?u=5dd5f9c97cc4e7df3f1a5d21d&amp;id=f6169871a9&amp;e=e4c4490100\" target=\"_blank\" rel=\"noopener noreferrer\">Plan d&rsquo;intervention \u00e9conomique du Canada pour r\u00e9pondre \u00e0 la COVID-19<\/a><\/u><\/p>\n<p><a href=\"https:\/\/nationaltrustcanada.us11.list-manage.com\/track\/click?u=5dd5f9c97cc4e7df3f1a5d21d&amp;id=d4d72b2e19&amp;e=e4c4490100\">Qu\u00e9bec &#8211; La maladie \u00e0 coronavirus (COVID-19) au Qu\u00e9bec<\/a><\/p>\n<p><u><a href=\"https:\/\/nationaltrustcanada.us11.list-manage.com\/track\/click?u=5dd5f9c97cc4e7df3f1a5d21d&amp;id=ebb76f0b41&amp;e=e4c4490100\">Ontario &#8211; Mesures prises par l\u2019Ontario<\/a><\/u><\/p>\n<p><a href=\"https:\/\/nationaltrustcanada.us11.list-manage.com\/track\/click?u=5dd5f9c97cc4e7df3f1a5d21d&amp;id=6a3ac84ab6&amp;e=e4c4490100\"><u>Colombie-Britannique \u2013 Support provincial et information<\/u> <em>(ressource en anglais seulement)<\/em><\/a><\/p>\n<p>&nbsp;<\/p>\n","protected":false},"excerpt":{"rendered":"<p>&nbsp; Aidez \u00e0 propulser une relance \u00e9cologique avec #Chantierdupatrimoine Depuis le premier \u00ab rassemblement du secteur du patrimoine \u00bb le&#8230;<\/p>\n","protected":false},"author":13,"featured_media":0,"parent":0,"menu_order":0,"comment_status":"closed","ping_status":"closed","template":"","meta":{"_acf_changed":false,"footnotes":""},"class_list":["post-9041","page","type-page","status-publish","hentry"],"acf":[],"yoast_head":"<!-- This site is optimized with the Yoast SEO plugin v26.3 - https:\/\/yoast.com\/wordpress\/plugins\/seo\/ -->\n<title>COVID-19 : Mises \u00e0 jour, information et action - Fiducie nationale du Canada<\/title>\n<meta name=\"robots\" content=\"index, follow, max-snippet:-1, max-image-preview:large, max-video-preview:-1\" \/>\n<link rel=\"canonical\" href=\"https:\/\/nationaltrustcanada.ca\/fr\/covid19\" \/>\n<meta property=\"og:locale\" content=\"fr_FR\" \/>\n<meta property=\"og:type\" content=\"article\" \/>\n<meta property=\"og:title\" content=\"COVID-19 : Mises \u00e0 jour, information et action - Fiducie nationale du Canada\" \/>\n<meta property=\"og:description\" content=\"&nbsp; Aidez \u00e0 propulser une relance \u00e9cologique avec #Chantierdupatrimoine Depuis le premier \u00ab rassemblement du secteur du patrimoine \u00bb le...\" \/>\n<meta property=\"og:url\" content=\"https:\/\/nationaltrustcanada.ca\/fr\/covid19\" \/>\n<meta property=\"og:site_name\" content=\"Fiducie nationale du Canada\" \/>\n<meta property=\"article:modified_time\" content=\"2020-06-17T17:56:53+00:00\" \/>\n<meta property=\"og:image\" content=\"https:\/\/nationaltrustcanada.ca\/wp-content\/uploads\/2020\/05\/Calling-all-ShovelReadyHeritage-FR.png\" \/>\n<meta name=\"twitter:card\" content=\"summary_large_image\" \/>\n<meta name=\"twitter:label1\" content=\"Dur\u00e9e de lecture estim\u00e9e\" \/>\n\t<meta name=\"twitter:data1\" content=\"7 minutes\" \/>\n<script type=\"application\/ld+json\" class=\"yoast-schema-graph\">{\"@context\":\"https:\/\/schema.org\",\"@graph\":[{\"@type\":\"WebPage\",\"@id\":\"https:\/\/nationaltrustcanada.ca\/fr\/covid19\",\"url\":\"https:\/\/nationaltrustcanada.ca\/fr\/covid19\",\"name\":\"COVID-19 : Mises \u00e0 jour, information et action - Fiducie nationale du Canada\",\"isPartOf\":{\"@id\":\"https:\/\/nationaltrustcanada.ca\/#website\"},\"primaryImageOfPage\":{\"@id\":\"https:\/\/nationaltrustcanada.ca\/fr\/covid19#primaryimage\"},\"image\":{\"@id\":\"https:\/\/nationaltrustcanada.ca\/fr\/covid19#primaryimage\"},\"thumbnailUrl\":\"https:\/\/nationaltrustcanada.ca\/wp-content\/uploads\/2020\/05\/Calling-all-ShovelReadyHeritage-FR.png\",\"datePublished\":\"2020-03-27T15:07:26+00:00\",\"dateModified\":\"2020-06-17T17:56:53+00:00\",\"breadcrumb\":{\"@id\":\"https:\/\/nationaltrustcanada.ca\/fr\/covid19#breadcrumb\"},\"inLanguage\":\"fr-FR\",\"potentialAction\":[{\"@type\":\"ReadAction\",\"target\":[\"https:\/\/nationaltrustcanada.ca\/fr\/covid19\"]}]},{\"@type\":\"ImageObject\",\"inLanguage\":\"fr-FR\",\"@id\":\"https:\/\/nationaltrustcanada.ca\/fr\/covid19#primaryimage\",\"url\":\"https:\/\/nationaltrustcanada.ca\/wp-content\/uploads\/2020\/05\/Calling-all-ShovelReadyHeritage-FR.png\",\"contentUrl\":\"https:\/\/nationaltrustcanada.ca\/wp-content\/uploads\/2020\/05\/Calling-all-ShovelReadyHeritage-FR.png\"},{\"@type\":\"BreadcrumbList\",\"@id\":\"https:\/\/nationaltrustcanada.ca\/fr\/covid19#breadcrumb\",\"itemListElement\":[{\"@type\":\"ListItem\",\"position\":1,\"name\":\"Home\",\"item\":\"https:\/\/nationaltrustcanada.ca\/fr\"},{\"@type\":\"ListItem\",\"position\":2,\"name\":\"COVID-19 : Mises \u00e0 jour, information et action\"}]},{\"@type\":\"WebSite\",\"@id\":\"https:\/\/nationaltrustcanada.ca\/#website\",\"url\":\"https:\/\/nationaltrustcanada.ca\/\",\"name\":\"Fiducie nationale du Canada\",\"description\":\"Bringing Heritage to Life\",\"potentialAction\":[{\"@type\":\"SearchAction\",\"target\":{\"@type\":\"EntryPoint\",\"urlTemplate\":\"https:\/\/nationaltrustcanada.ca\/?s={search_term_string}\"},\"query-input\":{\"@type\":\"PropertyValueSpecification\",\"valueRequired\":true,\"valueName\":\"search_term_string\"}}],\"inLanguage\":\"fr-FR\"}]}<\/script>\n<!-- \/ Yoast SEO plugin. -->","yoast_head_json":{"title":"COVID-19 : Mises \u00e0 jour, information et action - Fiducie nationale du Canada","robots":{"index":"index","follow":"follow","max-snippet":"max-snippet:-1","max-image-preview":"max-image-preview:large","max-video-preview":"max-video-preview:-1"},"canonical":"https:\/\/nationaltrustcanada.ca\/fr\/covid19","og_locale":"fr_FR","og_type":"article","og_title":"COVID-19 : Mises \u00e0 jour, information et action - Fiducie nationale du Canada","og_description":"&nbsp; Aidez \u00e0 propulser une relance \u00e9cologique avec #Chantierdupatrimoine Depuis le premier \u00ab rassemblement du secteur du patrimoine \u00bb le...","og_url":"https:\/\/nationaltrustcanada.ca\/fr\/covid19","og_site_name":"Fiducie nationale du Canada","article_modified_time":"2020-06-17T17:56:53+00:00","og_image":[{"url":"https:\/\/nationaltrustcanada.ca\/wp-content\/uploads\/2020\/05\/Calling-all-ShovelReadyHeritage-FR.png","type":"","width":"","height":""}],"twitter_card":"summary_large_image","twitter_misc":{"Dur\u00e9e de lecture estim\u00e9e":"7 minutes"},"schema":{"@context":"https:\/\/schema.org","@graph":[{"@type":"WebPage","@id":"https:\/\/nationaltrustcanada.ca\/fr\/covid19","url":"https:\/\/nationaltrustcanada.ca\/fr\/covid19","name":"COVID-19 : Mises \u00e0 jour, information et action - Fiducie nationale du Canada","isPartOf":{"@id":"https:\/\/nationaltrustcanada.ca\/#website"},"primaryImageOfPage":{"@id":"https:\/\/nationaltrustcanada.ca\/fr\/covid19#primaryimage"},"image":{"@id":"https:\/\/nationaltrustcanada.ca\/fr\/covid19#primaryimage"},"thumbnailUrl":"https:\/\/nationaltrustcanada.ca\/wp-content\/uploads\/2020\/05\/Calling-all-ShovelReadyHeritage-FR.png","datePublished":"2020-03-27T15:07:26+00:00","dateModified":"2020-06-17T17:56:53+00:00","breadcrumb":{"@id":"https:\/\/nationaltrustcanada.ca\/fr\/covid19#breadcrumb"},"inLanguage":"fr-FR","potentialAction":[{"@type":"ReadAction","target":["https:\/\/nationaltrustcanada.ca\/fr\/covid19"]}]},{"@type":"ImageObject","inLanguage":"fr-FR","@id":"https:\/\/nationaltrustcanada.ca\/fr\/covid19#primaryimage","url":"https:\/\/nationaltrustcanada.ca\/wp-content\/uploads\/2020\/05\/Calling-all-ShovelReadyHeritage-FR.png","contentUrl":"https:\/\/nationaltrustcanada.ca\/wp-content\/uploads\/2020\/05\/Calling-all-ShovelReadyHeritage-FR.png"},{"@type":"BreadcrumbList","@id":"https:\/\/nationaltrustcanada.ca\/fr\/covid19#breadcrumb","itemListElement":[{"@type":"ListItem","position":1,"name":"Home","item":"https:\/\/nationaltrustcanada.ca\/fr"},{"@type":"ListItem","position":2,"name":"COVID-19 : Mises \u00e0 jour, information et action"}]},{"@type":"WebSite","@id":"https:\/\/nationaltrustcanada.ca\/#website","url":"https:\/\/nationaltrustcanada.ca\/","name":"Fiducie nationale du Canada","description":"Bringing Heritage to Life","potentialAction":[{"@type":"SearchAction","target":{"@type":"EntryPoint","urlTemplate":"https:\/\/nationaltrustcanada.ca\/?s={search_term_string}"},"query-input":{"@type":"PropertyValueSpecification","valueRequired":true,"valueName":"search_term_string"}}],"inLanguage":"fr-FR"}]}},"_links":{"self":[{"href":"https:\/\/nationaltrustcanada.ca\/fr\/wp-json\/wp\/v2\/pages\/9041","targetHints":{"allow":["GET"]}}],"collection":[{"href":"https:\/\/nationaltrustcanada.ca\/fr\/wp-json\/wp\/v2\/pages"}],"about":[{"href":"https:\/\/nationaltrustcanada.ca\/fr\/wp-json\/wp\/v2\/types\/page"}],"author":[{"embeddable":true,"href":"https:\/\/nationaltrustcanada.ca\/fr\/wp-json\/wp\/v2\/users\/13"}],"replies":[{"embeddable":true,"href":"https:\/\/nationaltrustcanada.ca\/fr\/wp-json\/wp\/v2\/comments?post=9041"}],"version-history":[{"count":24,"href":"https:\/\/nationaltrustcanada.ca\/fr\/wp-json\/wp\/v2\/pages\/9041\/revisions"}],"predecessor-version":[{"id":9597,"href":"https:\/\/nationaltrustcanada.ca\/fr\/wp-json\/wp\/v2\/pages\/9041\/revisions\/9597"}],"wp:attachment":[{"href":"https:\/\/nationaltrustcanada.ca\/fr\/wp-json\/wp\/v2\/media?parent=9041"}],"curies":[{"name":"wp","href":"https:\/\/api.w.org\/{rel}","templated":true}]}}