{"id":6406,"date":"2019-04-04T09:25:09","date_gmt":"2019-04-04T13:25:09","guid":{"rendered":"https:\/\/nationaltrustcanada.ca\/ce-que-vous-pouvez-faire\/faites-un-don\/bourses-herb-stovel\/bourses-herb-stovel\/herb-stovel-scholarship-application-guidelines"},"modified":"2026-01-29T11:57:50","modified_gmt":"2026-01-29T16:57:50","slug":"herb-stovel-scholarship-application-guidelines","status":"publish","type":"page","link":"https:\/\/nationaltrustcanada.ca\/fr\/bourses-herb-stovel\/herb-stovel-scholarship-application-guidelines","title":{"rendered":"Lignes directrices"},"content":{"rendered":"<hr \/>\n<p>Veuillez lire les <a href=\"https:\/\/nationaltrustcanada.ca\/fr\/bourses-herb-stovel\/conditions-des-bourses\">Conditions de bourses.<\/a><\/p>\n<p><strong>Les bourses Herb Stovel fournissent deux types de bourses:<\/strong><\/p>\n<ol>\n<li>Des <strong>bourses de projet de recherche<\/strong> allant jusqu\u2019\u00e0 2 500 $ pour les candidats qui propose des projets sp\u00e9ciales, des projets ax\u00e9s sur les r\u00e9sultats, participation \u00e0 des conf\u00e9rences et des \u00e9v\u00e9nements qui perp\u00e9tuent la passion de Herb Stovel \u00e0 l\u2019\u00e9gard de l\u2019innovation communautaire et du dialogue international en mati\u00e8re de th\u00e9orie et de pratique de la conservation b\u00e2ti. Les demandes visant uniquement les frais de scolarit\u00e9 g\u00e9n\u00e9reux ne seront pas prises en compte.<\/li>\n<li>Des <strong>bourses pour la conf\u00e9rence de la Fiducie nationale du Canada<\/strong> couvrent les frais de d\u00e9placement, d\u2019h\u00e9bergement et d\u2019inscription (une valeur d\u2019environ 1 000 $) associ\u00e9s \u00e0 la participation des boursiers \u00e0 la Conf\u00e9rence annuelle de la Fiducie nationale. Dans le cas d&rsquo;une conf\u00e9rence virtuelle, la bourse comprend l&rsquo;inscription \u00e0 la Conf\u00e9rence.<\/li>\n<\/ol>\n<p><strong>Veuillez noter :<\/strong><\/p>\n<ul>\n<li>Les bourses de projet de recherche ne couvrent pas des activit\u00e9s ou des co\u00fbts directement li\u00e9es au domaine d\u2019emploi actuel du candidat.<\/li>\n<li>Les bourses de projet de recherche ne couvrent pas des activit\u00e9s ou des co\u00fbts d\u00e9j\u00e0 encourues.<\/li>\n<\/ul>\n<p><em> Les candidatures proposant des activit\u00e9s directement li\u00e9es ne doivent pas inclure les d\u00e9penses qui seraient normalement couvertes par l&#8217;employeur du candidat.<\/em><\/p>\n<hr \/>\n<h2><strong>Crit\u00e8res d\u2019admissiblit\u00e9 <\/strong><\/h2>\n<p>Les bourses Herb Stovel sont offertes aux Canadiens \u00e2g\u00e9s entre 20 et 35 ans qui sont soit :<\/p>\n<ul>\n<li>Des \u00e9tudiants au niveau postsecondaire ou \u00e9tudes sup\u00e9rieures dans le domaine de la conservation du patrimoine; ou<\/li>\n<li>Des jeunes professionnels qui travaillent dans le domaine de la conservation du patrimoine.<\/li>\n<\/ul>\n<p><strong>* Aux fins de la bourse, le domaine du patrimoine englobe la conservation du patrimoine, les \u00e9tudes mus\u00e9ales, la planification du patrimoine et le patrimoine culturel.<\/strong><\/p>\n<hr \/>\n<h2><strong>Pr\u00e9sentation d\u2019une demande <\/strong><\/h2>\n<h4><strong>Les demandes pour la Conf\u00e9rence de la Fiducie nationale doivent comprendre :<\/strong><\/h4>\n<p style=\"padding-left: 40px;\"><strong>1. Une d\u00e9claration d&rsquo;int\u00e9r\u00eat exprimant ce que vous esp\u00e9rez gagner en assistant \u00e0 la conference.<\/strong><\/p>\n<ul>\n<li>En quoi votre travail ou vos \u00e9tudes b\u00e9n\u00e9ficieront-ils de votre participation \u00e0 la conf\u00e9rence de la Fiducie nationale?<\/li>\n<li>En quoi vos connaissances vous serviront-elles dans le cadre de vos \u00e9tudes ou de votre travail \u00e0 l\u2019issue de la conf\u00e9rence?<\/li>\n<li>En quoi cette occasion t\u00e9moigne-t-elle de la contribution de Herb Stovel ou des int\u00e9r\u00eats de celui-ci dans ce domaine?<\/li>\n<\/ul>\n<p style=\"padding-left: 40px;\"><strong>2. Un curriculum vit\u00e6 qui d\u00e9montre vos \u00e9tudes ou votre travaille professionnel dans le domaine du patrimoine.<\/strong><\/p>\n<p>Veuillez indiquer au moins un r\u00e9f\u00e9rence du milieu des \u00e9tudes ou du milieu professionnel dans le secteur du patrimoine. <strong>Ledit C.V. doit \u00e9galement contenir les coordonn\u00e9es d\u2019au moins une personne de r\u00e9f\u00e9rence au fait de votre travail et de vos \u00e9tudes dans le domaine du patrimoine*.<\/strong><\/p>\n<p style=\"padding-left: 40px;\"><strong>3. Une preuve du statut d\u2019\u00e9tudiant (le cas \u00e9ch\u00e9ant)<\/strong><\/p>\n<p>Les documents suivants seront accept\u00e9s comme preuve du statut d\u2019\u00e9tudiant :<\/p>\n<ul>\n<li>photocopie de carte d\u2019\u00e9tudiant (indiquant l\u2019ann\u00e9e d\u2019inscription);<\/li>\n<li>courriel ou lettre du registraire;<\/li>\n<li>copie de la confirmation en ligne de l\u2019inscription (indiquant l\u2019adresse du site Web de l\u2019\u00e9cole et la source de la confirmation).<\/li>\n<\/ul>\n<p>\u00c0 noter : une lettre d\u2019acceptation ou une confirmation d\u2019inscription d\u2019une ann\u00e9e pr\u00e9c\u00e9dente ne sont pas acceptables comme preuve du statut d\u2019\u00e9tudiant.<\/p>\n<p style=\"padding-left: 40px;\"><strong>4. Une preuve de citoyennet\u00e9 canadienne<\/strong><\/p>\n<p>Les documents suivants seront accept\u00e9s comme preuve de citoyennet\u00e9 canadienne :<\/p>\n<ul>\n<li>photocopie de certificat de naissance d\u2019une province ou d\u2019un territoire du Canada;<\/li>\n<li>photocopie de passeport canadien valide;<\/li>\n<li>photocopie de certificat de citoyennet\u00e9 canadienne.<\/li>\n<\/ul>\n<h4><strong>Les demandes de projet de recherche doivent comprendre :<\/strong><\/h4>\n<p style=\"padding-left: 40px;\"><strong>1. Une proposition (max. 1 000 mots)<\/strong><\/p>\n<p>La proposition doit d\u00e9crire les aspirations et les plus r\u00e9centes r\u00e9alisations du candidat dans le domaine de la conservation du patrimoine; elle doit d\u00e9crire la pertinence du projet propos\u00e9 \u2013 programme d\u2019\u00e9tudes ou conf\u00e9rence \u2013 pour les \u00e9tudes, les travaux de recherche ou le perfectionnement professionnel du candidat; elle doit d\u00e9montrer une connaissance de la contribution de Herb Stovel au domaine et\/ou de ses champs d\u2019int\u00e9r\u00eat dans le domaine.<\/p>\n<p>Votre proposition doit aussi comprendre :<\/p>\n<ul>\n<li>Les dates sugg\u00e9r\u00e9es de la participation aux \u00e9tudes ou \u00e0 la conf\u00e9rence : Les dates propos\u00e9es doivent se situer apr\u00e8s la date limite des demandes et avant la date limite du versement de la bourse, qui est le 31 d\u00e9cembre de l\u2019ann\u00e9e suivante.<\/li>\n<li>Le co\u00fbt anticip\u00e9 du projet \/ frais de d\u00e9placement : Veuillez indiquer une estimation des co\u00fbts de votre projet et\/ou de votre voyage. Les demandes portant uniquement sur des frais de scolarit\u00e9 ne seront pas accept\u00e9es.<\/li>\n<\/ul>\n<p style=\"padding-left: 40px;\"><strong>2. Une version abr\u00e9g\u00e9e du curriculum vit\u00e6 avec des r\u00e9f\u00e9rences<\/strong><\/p>\n<ol>\n<li style=\"list-style-type: none;\"><\/li>\n<\/ol>\n<p>Veuillez indiquer trois r\u00e9f\u00e9rences du milieu des \u00e9tudes ou du milieu professionnel.<\/p>\n<p style=\"padding-left: 40px;\"><strong>3. Une preuve du statut d\u2019\u00e9tudiant (le cas \u00e9ch\u00e9ant)<\/strong><\/p>\n<p>Les documents suivants seront accept\u00e9s comme preuve du statut d\u2019\u00e9tudiant :<\/p>\n<ul>\n<li>photocopie de carte d\u2019\u00e9tudiant (indiquant l\u2019ann\u00e9e d\u2019inscription);<\/li>\n<li>courriel ou lettre du registraire;<\/li>\n<li>copie de la confirmation en ligne de l\u2019inscription (indiquant l\u2019adresse du site Web de l\u2019\u00e9cole et la source de la confirmation).<\/li>\n<\/ul>\n<p>\u00c0 noter : une lettre d\u2019acceptation ou une confirmation d\u2019inscription d\u2019une ann\u00e9e pr\u00e9c\u00e9dente ne sont pas acceptables comme preuve du statut d\u2019\u00e9tudiant.<\/p>\n<p style=\"padding-left: 40px;\"><strong>4. Une preuve de citoyennet\u00e9 canadienne<\/strong><\/p>\n<p>Les documents suivants seront accept\u00e9s comme preuve de citoyennet\u00e9 canadienne :<\/p>\n<ul>\n<li>photocopie de certificat de naissance d\u2019une province ou d\u2019un territoire du Canada;<\/li>\n<li>photocopie de passeport canadien valide;<\/li>\n<li>photocopie de certificat de citoyennet\u00e9 canadienne.<\/li>\n<\/ul>\n<p>Les candidatures pour la bourse Herb Stovel sont accept\u00e9es chaque ann\u00e9e entre f\u00e9vrier et mars.<\/p>\n<p>P\u00e9riode de candidature 2026 : du 4 f\u00e9vrier au 13 mars 2026<\/p>\n<p><a href=\"https:\/\/nationaltrustcanada.ca\/fr\/bourses-herb-stovel\/presenter-une-candidature\">SOUMETTRE UNE DEMANDE<\/a><\/p>\n<hr \/>\n","protected":false},"excerpt":{"rendered":"<p>Veuillez lire les Conditions de bourses. Les bourses Herb Stovel fournissent deux types de bourses: Des bourses de projet de&#8230;<\/p>\n","protected":false},"author":8,"featured_media":0,"parent":1522,"menu_order":0,"comment_status":"closed","ping_status":"closed","template":"","meta":{"_acf_changed":false,"footnotes":""},"class_list":["post-6406","page","type-page","status-publish","hentry"],"acf":[],"yoast_head":"<!-- This site is optimized with the Yoast SEO plugin v26.3 - https:\/\/yoast.com\/wordpress\/plugins\/seo\/ -->\n<title>Lignes directrices - Fiducie nationale du Canada<\/title>\n<meta name=\"robots\" content=\"index, follow, max-snippet:-1, max-image-preview:large, max-video-preview:-1\" \/>\n<link rel=\"canonical\" href=\"https:\/\/nationaltrustcanada.ca\/fr\/bourses-herb-stovel\/herb-stovel-scholarship-application-guidelines\" \/>\n<meta property=\"og:locale\" content=\"fr_FR\" \/>\n<meta property=\"og:type\" content=\"article\" \/>\n<meta property=\"og:title\" content=\"Lignes directrices - Fiducie nationale du Canada\" \/>\n<meta property=\"og:description\" content=\"Veuillez lire les Conditions de bourses. Les bourses Herb Stovel fournissent deux types de bourses: Des bourses de projet de...\" \/>\n<meta property=\"og:url\" content=\"https:\/\/nationaltrustcanada.ca\/fr\/bourses-herb-stovel\/herb-stovel-scholarship-application-guidelines\" \/>\n<meta property=\"og:site_name\" content=\"Fiducie nationale du Canada\" \/>\n<meta property=\"article:modified_time\" content=\"2026-01-29T16:57:50+00:00\" \/>\n<meta name=\"twitter:card\" content=\"summary_large_image\" \/>\n<meta name=\"twitter:label1\" content=\"Dur\u00e9e de lecture estim\u00e9e\" \/>\n\t<meta name=\"twitter:data1\" content=\"4 minutes\" \/>\n<script type=\"application\/ld+json\" class=\"yoast-schema-graph\">{\"@context\":\"https:\/\/schema.org\",\"@graph\":[{\"@type\":\"WebPage\",\"@id\":\"https:\/\/nationaltrustcanada.ca\/fr\/bourses-herb-stovel\/herb-stovel-scholarship-application-guidelines\",\"url\":\"https:\/\/nationaltrustcanada.ca\/fr\/bourses-herb-stovel\/herb-stovel-scholarship-application-guidelines\",\"name\":\"Lignes directrices - Fiducie nationale du Canada\",\"isPartOf\":{\"@id\":\"https:\/\/nationaltrustcanada.ca\/#website\"},\"datePublished\":\"2019-04-04T13:25:09+00:00\",\"dateModified\":\"2026-01-29T16:57:50+00:00\",\"breadcrumb\":{\"@id\":\"https:\/\/nationaltrustcanada.ca\/fr\/bourses-herb-stovel\/herb-stovel-scholarship-application-guidelines#breadcrumb\"},\"inLanguage\":\"fr-FR\",\"potentialAction\":[{\"@type\":\"ReadAction\",\"target\":[\"https:\/\/nationaltrustcanada.ca\/fr\/bourses-herb-stovel\/herb-stovel-scholarship-application-guidelines\"]}]},{\"@type\":\"BreadcrumbList\",\"@id\":\"https:\/\/nationaltrustcanada.ca\/fr\/bourses-herb-stovel\/herb-stovel-scholarship-application-guidelines#breadcrumb\",\"itemListElement\":[{\"@type\":\"ListItem\",\"position\":1,\"name\":\"Home\",\"item\":\"https:\/\/nationaltrustcanada.ca\/fr\"},{\"@type\":\"ListItem\",\"position\":2,\"name\":\"Demandes de bourses Herb Stovel\",\"item\":\"https:\/\/nationaltrustcanada.ca\/fr\/bourses-herb-stovel\"},{\"@type\":\"ListItem\",\"position\":3,\"name\":\"Lignes directrices\"}]},{\"@type\":\"WebSite\",\"@id\":\"https:\/\/nationaltrustcanada.ca\/#website\",\"url\":\"https:\/\/nationaltrustcanada.ca\/\",\"name\":\"Fiducie nationale du Canada\",\"description\":\"Bringing Heritage to Life\",\"potentialAction\":[{\"@type\":\"SearchAction\",\"target\":{\"@type\":\"EntryPoint\",\"urlTemplate\":\"https:\/\/nationaltrustcanada.ca\/?s={search_term_string}\"},\"query-input\":{\"@type\":\"PropertyValueSpecification\",\"valueRequired\":true,\"valueName\":\"search_term_string\"}}],\"inLanguage\":\"fr-FR\"}]}<\/script>\n<!-- \/ Yoast SEO plugin. -->","yoast_head_json":{"title":"Lignes directrices - Fiducie nationale du Canada","robots":{"index":"index","follow":"follow","max-snippet":"max-snippet:-1","max-image-preview":"max-image-preview:large","max-video-preview":"max-video-preview:-1"},"canonical":"https:\/\/nationaltrustcanada.ca\/fr\/bourses-herb-stovel\/herb-stovel-scholarship-application-guidelines","og_locale":"fr_FR","og_type":"article","og_title":"Lignes directrices - Fiducie nationale du Canada","og_description":"Veuillez lire les Conditions de bourses. Les bourses Herb Stovel fournissent deux types de bourses: Des bourses de projet de...","og_url":"https:\/\/nationaltrustcanada.ca\/fr\/bourses-herb-stovel\/herb-stovel-scholarship-application-guidelines","og_site_name":"Fiducie nationale du Canada","article_modified_time":"2026-01-29T16:57:50+00:00","twitter_card":"summary_large_image","twitter_misc":{"Dur\u00e9e de lecture estim\u00e9e":"4 minutes"},"schema":{"@context":"https:\/\/schema.org","@graph":[{"@type":"WebPage","@id":"https:\/\/nationaltrustcanada.ca\/fr\/bourses-herb-stovel\/herb-stovel-scholarship-application-guidelines","url":"https:\/\/nationaltrustcanada.ca\/fr\/bourses-herb-stovel\/herb-stovel-scholarship-application-guidelines","name":"Lignes directrices - Fiducie nationale du Canada","isPartOf":{"@id":"https:\/\/nationaltrustcanada.ca\/#website"},"datePublished":"2019-04-04T13:25:09+00:00","dateModified":"2026-01-29T16:57:50+00:00","breadcrumb":{"@id":"https:\/\/nationaltrustcanada.ca\/fr\/bourses-herb-stovel\/herb-stovel-scholarship-application-guidelines#breadcrumb"},"inLanguage":"fr-FR","potentialAction":[{"@type":"ReadAction","target":["https:\/\/nationaltrustcanada.ca\/fr\/bourses-herb-stovel\/herb-stovel-scholarship-application-guidelines"]}]},{"@type":"BreadcrumbList","@id":"https:\/\/nationaltrustcanada.ca\/fr\/bourses-herb-stovel\/herb-stovel-scholarship-application-guidelines#breadcrumb","itemListElement":[{"@type":"ListItem","position":1,"name":"Home","item":"https:\/\/nationaltrustcanada.ca\/fr"},{"@type":"ListItem","position":2,"name":"Demandes de bourses Herb Stovel","item":"https:\/\/nationaltrustcanada.ca\/fr\/bourses-herb-stovel"},{"@type":"ListItem","position":3,"name":"Lignes directrices"}]},{"@type":"WebSite","@id":"https:\/\/nationaltrustcanada.ca\/#website","url":"https:\/\/nationaltrustcanada.ca\/","name":"Fiducie nationale du Canada","description":"Bringing Heritage to Life","potentialAction":[{"@type":"SearchAction","target":{"@type":"EntryPoint","urlTemplate":"https:\/\/nationaltrustcanada.ca\/?s={search_term_string}"},"query-input":{"@type":"PropertyValueSpecification","valueRequired":true,"valueName":"search_term_string"}}],"inLanguage":"fr-FR"}]}},"_links":{"self":[{"href":"https:\/\/nationaltrustcanada.ca\/fr\/wp-json\/wp\/v2\/pages\/6406","targetHints":{"allow":["GET"]}}],"collection":[{"href":"https:\/\/nationaltrustcanada.ca\/fr\/wp-json\/wp\/v2\/pages"}],"about":[{"href":"https:\/\/nationaltrustcanada.ca\/fr\/wp-json\/wp\/v2\/types\/page"}],"author":[{"embeddable":true,"href":"https:\/\/nationaltrustcanada.ca\/fr\/wp-json\/wp\/v2\/users\/8"}],"replies":[{"embeddable":true,"href":"https:\/\/nationaltrustcanada.ca\/fr\/wp-json\/wp\/v2\/comments?post=6406"}],"version-history":[{"count":22,"href":"https:\/\/nationaltrustcanada.ca\/fr\/wp-json\/wp\/v2\/pages\/6406\/revisions"}],"predecessor-version":[{"id":22964,"href":"https:\/\/nationaltrustcanada.ca\/fr\/wp-json\/wp\/v2\/pages\/6406\/revisions\/22964"}],"up":[{"embeddable":true,"href":"https:\/\/nationaltrustcanada.ca\/fr\/wp-json\/wp\/v2\/pages\/1522"}],"wp:attachment":[{"href":"https:\/\/nationaltrustcanada.ca\/fr\/wp-json\/wp\/v2\/media?parent=6406"}],"curies":[{"name":"wp","href":"https:\/\/api.w.org\/{rel}","templated":true}]}}