{"id":4800,"date":"2018-09-07T16:26:54","date_gmt":"2018-09-07T20:26:54","guid":{"rendered":"https:\/\/nationaltrustcanada.ca\/?page_id=4800"},"modified":"2019-03-20T15:56:25","modified_gmt":"2019-03-20T19:56:25","slug":"une-annee-daction","status":"publish","type":"page","link":"https:\/\/nationaltrustcanada.ca\/fr\/ce-que-vous-pouvez-faire\/advocacy-action\/une-annee-daction","title":{"rendered":"Une Ann\u00e9e d\u2019action"},"content":{"rendered":"<p><img loading=\"lazy\" decoding=\"async\" class=\"alignleft wp-image-4801 size-full\" src=\"https:\/\/nationaltrustcanada.ca\/wp-content\/uploads\/2018\/09\/Banner-FR.jpg\" alt=\"\" width=\"1440\" height=\"600\" srcset=\"https:\/\/nationaltrustcanada.ca\/wp-content\/uploads\/2018\/09\/Banner-FR.jpg 1440w, https:\/\/nationaltrustcanada.ca\/wp-content\/uploads\/2018\/09\/Banner-FR-300x125.jpg 300w, https:\/\/nationaltrustcanada.ca\/wp-content\/uploads\/2018\/09\/Banner-FR-768x320.jpg 768w, https:\/\/nationaltrustcanada.ca\/wp-content\/uploads\/2018\/09\/Banner-FR-1024x427.jpg 1024w\" sizes=\"auto, (max-width: 1440px) 100vw, 1440px\" \/><\/p>\n<h2><\/h2>\n<h2><\/h2>\n<h2><\/h2>\n<h2><\/h2>\n<h2><\/h2>\n<h2><\/h2>\n<h2><\/h2>\n<h2 class=\"blog\">Croyez-vous que le budget f\u00e9d\u00e9ral 2019 devrait inclure les lieux historiques?<\/h2>\n<p>Nous demandons \u00e0 la ministre de l\u2019Environnement et du Changement climatique de d\u00e9montrer un leadership f\u00e9d\u00e9ral en faveur des lieux historiques. Nous demandons qu\u2019elle travaille avec le ministre des Finances pour cr\u00e9er dans le budget de 2019 des mesures financi\u00e8res f\u00e9d\u00e9rales qui appuieront les efforts des Canadiens \u2013 y compris des Autochtones, des organismes de bienfaisance et d\u2019autres organismes sans but lucratif \u2013 visant \u00e0 sauver et renouveler des lieux historiques et qui encourageront les investissements du secteur priv\u00e9 et la philanthropie en faveur du patrimoine.<\/p>\n<p>&nbsp;<\/p>\n<h3 style=\"text-align: left;\"><strong>Faits nouveaux<\/strong><\/h3>\n<p style=\"text-align: left;\">Gr\u00e2ce \u00e0 vos efforts, une <a href=\"https:\/\/petitions.noscommunes.ca\/fr\/Petition\/Details?Petition=e-1778\">p\u00e9tition parlementaire<\/a> demandant des fonds pour les lieux historiques dans le budget f\u00e9d\u00e9ral de 2019 a recueilli 4276\u00a0signatures en ligne \u2013 et les signatures suppl\u00e9mentaires sur la version papier de la p\u00e9tition sont encore en voie d\u2019\u00eatre compt\u00e9es.<\/p>\n<p style=\"text-align: left;\"><a href=\"https:\/\/nationaltrustcanada.ca\/latest-news-from-the-national-trust\/the-national-trust-for-canada-launches-petition-calling-for-federal-action-on-historic-places\">Lire le communiqu\u00e9<\/a> (en anglais)<\/p>\n<p>&nbsp;<\/p>\n<h3><strong>Que pouvez-vous faire en plus?<\/strong><\/h3>\n<ul>\n<li><strong>Rencontrez votre d\u00e9put\u00e9 au sujet du #Budget2019\u00a0: <\/strong>Pr\u00e9parez votre rencontre en lisant <a href=\"https:\/\/nationaltrustcanada.ca\/wp-content\/uploads\/2018\/08\/heritage_sector_ask_Budget-2019.pdf\">le m\u00e9moire<\/a> de la Fiducie nationale et de ses organisations partenaires recommandant des fonds f\u00e9d\u00e9raux pour les lieux historiques dans le budget de 2019. Voyez aussi notre <a href=\"https:\/\/nationaltrustcanada.ca\/fr\/ce-que-vous-pouvez-faire\/advocacy-action\/la-trousse-doutils-daction-pour-changerladonnepourlepatrimoine\">trousse d\u2019outils d\u2019action<\/a>.<\/li>\n<li><strong>Exprimez-vous dans les m\u00e9dias sociaux\u00a0: <\/strong>Faites conna\u00eetre vos sites qui sont menac\u00e9s. Voyez nos exemples de gazouillis dans notre <a href=\"https:\/\/nationaltrustcanada.ca\/fr\/ce-que-vous-pouvez-faire\/advocacy-action\/la-trousse-doutils-daction-pour-changerladonnepourlepatrimoine\">trousse d\u2019outils d\u2019action<\/a>.<\/li>\n<li><strong>Participez \u00e0 la t\u00e9l\u00e9conf\u00e9rence publique #changerladonnepourlepatrimoine\u00a0:<\/strong> Une rencontre pancanadienne pour se renseigner et \u00e9laborer des strat\u00e9gies, tenue le mardi toutes les deux semaines \u2013 <strong>La prochaine t\u00e9l\u00e9conf\u00e9rence :<\/strong> S\u00e9ance de strat\u00e9gie en vue de l\u2019\u00e9lection f\u00e9d\u00e9rale de 2019\u00a0: pour analyser le budget f\u00e9d\u00e9ral de 2019 et pr\u00e9voir une strat\u00e9gie en vue de l\u2019\u00e9lection, le mardi 2 avril \u00e0 14 h (heure de l\u2019Est). (Sans frais : 1-866-289-4573, code d\u2019acc\u00e8s : 2068348.)<\/li>\n<\/ul>\n<p>&nbsp;<\/p>\n<h3><strong>Calendrier<\/strong><\/h3>\n<p><strong>2019<\/strong><\/p>\n<ul>\n<li><strong>19 MARS : <\/strong>Budget f\u00e9d\u00e9ral de 2019 \u2013 <a href=\"https:\/\/nationaltrustcanada.ca\/wp-content\/uploads\/2019\/03\/Response-to-2019-Budget-FR.pdf\">la r\u00e9ponse de la Fiducie nationale<\/a><\/li>\n<li><strong>16 JANVIER :<\/strong> <a href=\"http:\/\/www.ourcommons.ca\/Content\/ePetitions\/Responses\/421\/e-1778\/421-02904_ECCC_F.pdf\">R\u00e9ponse \u00e0 la P\u00e9tition E-1778 (lieux historiques nationaux)<\/a><\/li>\n<\/ul>\n<p><strong>2018<\/strong><\/p>\n<ul>\n<li><strong>10 D\u00c9CEMBRE :<\/strong> La <a href=\"https:\/\/www.noscommunes.ca\/content\/Committee\/421\/ENVI\/GovResponse\/RP9736925\/421_ENVI_Rpt10_GR\/421_ENVI_Rpt10_GR-f.pdf\">r\u00e9ponse du gouvernement<\/a> au Rapport du Comit\u00e9 permanent de l\u2019environnement et du d\u00e9veloppement durable,\u00a0<em><a href=\"https:\/\/www.noscommunes.ca\/DocumentViewer\/fr\/42-1\/ENVI\/rapport-10\">Pr\u00e9server le patrimoine du Canada : Les fondements de notre avenir<\/a><\/em><\/li>\n<li><strong>20 NOVEMBRE :<\/strong> <a href=\"http:\/\/www.oag-bvg.gc.ca\/internet\/Francais\/parl_oag_201811_02_f_43200.html\">Rapport du v\u00e9rificateur g\u00e9n\u00e9rale : La conservation des biens patrimoniaux f\u00e9d\u00e9raux<\/a><\/li>\n<li><strong>19 NOVEMBRE :<\/strong> <a href=\"https:\/\/petitions.noscommunes.ca\/fr\/Petition\/Details?Petition=e-1778\">P\u00e9tition E-1778 (lieux historiques nationaux)<\/a> d\u00e9pos\u00e9e \u00e0 la Chambre des communes<\/li>\n<li><strong>\u00c0 PARTIR D\u2019OCTOBRE\u00a0:<\/strong> \u00c9laboration du budget f\u00e9d\u00e9ral<\/li>\n<li><strong>3\u00a0AO\u00dbT : <\/strong><a href=\"https:\/\/nationaltrustcanada.ca\/wp-content\/uploads\/2018\/08\/heritage_sector_ask_Budget-2019.pdf\">M\u00e9moire pr\u00e9budg\u00e9taire du secteur du patrimoine<\/a><\/li>\n<li><strong>8\u00a0JUILLET\u00a0:\u00a0<\/strong><a href=\"https:\/\/petitions.noscommunes.ca\/fr\/Petition\/Details?Petition=e-1778\">Lancement de la p\u00e9tition E-1778 (lieux historiques nationaux)<\/a><\/li>\n<li><strong>JUNE 5:<\/strong> <a href=\"https:\/\/www.youtube.com\/watch?time_continue=35&amp;v=RvTVS0NyR-w\">La ministre McKenna ouverte \u00e0 un financement accru pour le Programme national de partage des frais pour les lieux patrimoniaux<\/a><\/li>\n<li><strong>JUNE 5:\u00a0<\/strong><a href=\"https:\/\/www.youtube.com\/watch?v=-jvcOrH3bTA\">Le DGA de Parcs Canada souligne le leadership f\u00e9d\u00e9ral en ce qui concerne le patrimoine b\u00e2ti du Canada<\/a><\/li>\n<li><strong>21 MARS : <\/strong>Le projet de loi C-323 a \u00e9t\u00e9 rejet\u00e9 \u00e0 la Chambre des communes. Cette proposition conservatrice d\u2019incitatifs fiscaux \u00e0 la r\u00e9habilitation du patrimoine jouissait d\u2019un vaste appui parmi les organisations, les municipalit\u00e9s, les propri\u00e9taires et les d\u00e9fenseurs du du patrimoine.<\/li>\n<li><strong>21 F\u00c9VRIER :\u00a0<\/strong>Le gouvernement f\u00e9d\u00e9ral a pr\u00e9sent\u00e9 un budget\u00a0<u>sans mesures fiscales<\/u>\u00a0pour encourager l\u2019investissement dans les lieux historiques, et\u00a0<u>sans un mot<\/u>\u00a0sur l\u2019avenir du Programme national de partage des frais pour les lieux patrimoniaux.<\/li>\n<\/ul>\n<p><strong>2017<\/strong><\/p>\n<ul>\n<li><a href=\"http:\/\/www.noscommunes.ca\/DocumentViewer\/fr\/42-1\/ENVI\/rapport-10\">Rapport du Comit\u00e9 permanent de l\u2019environnement et du d\u00e9veloppement durable<\/a><\/li>\n<\/ul>\n<p><strong>2016<\/strong><\/p>\n<ul>\n<li><a href=\"http:\/\/www.parl.ca\/LegisInfo\/BillDetails.aspx?billId=8648513&amp;Language=F&amp;Mode=1\">Projet de loi d\u2019initiative parlementaire C-323, <em>Loi modifiant la Loi de l\u2019imp\u00f4t sur le revenu (r\u00e9habilitation de propri\u00e9t\u00e9s historiques)<\/em><\/a><\/li>\n<\/ul>\n<p><strong>2015<\/strong><\/p>\n<ul>\n<li><a href=\"https:\/\/nationaltrustcanada.ca\/wp-content\/uploads\/2019\/03\/LPC-Response-Election-2015-National-Trust-for-Canada-R%C3%A9ponse-du-PLC-%C3%89lection-2015-Fiducie-nationale-du-Canada.pdf\">D\u00e9claration lib\u00e9rale<\/a> au cours de l\u2019\u00e9lection de 2015\u00a0: \u00ab\u00a0Nous sommes ouverts \u00e0 des mesures qui utilisent le syst\u00e8me fiscal en vue de stimuler les investissements priv\u00e9s dans le patrimoine architectural canadien.\u00a0\u00bb<\/li>\n<\/ul>\n","protected":false},"excerpt":{"rendered":"<p>Croyez-vous que le budget f\u00e9d\u00e9ral 2019 devrait inclure les lieux historiques? Nous demandons \u00e0 la ministre de l\u2019Environnement et du&#8230;<\/p>\n","protected":false},"author":1,"featured_media":0,"parent":1437,"menu_order":0,"comment_status":"closed","ping_status":"closed","template":"","meta":{"_acf_changed":false,"footnotes":""},"class_list":["post-4800","page","type-page","status-publish","hentry"],"acf":[],"yoast_head":"<!-- This site is optimized with the Yoast SEO plugin v26.3 - https:\/\/yoast.com\/wordpress\/plugins\/seo\/ -->\n<title>Une Ann\u00e9e d\u2019action - Fiducie nationale du Canada<\/title>\n<meta name=\"robots\" content=\"index, follow, max-snippet:-1, max-image-preview:large, max-video-preview:-1\" \/>\n<link rel=\"canonical\" href=\"https:\/\/nationaltrustcanada.ca\/fr\/ce-que-vous-pouvez-faire\/advocacy-action\/une-annee-daction\" \/>\n<meta property=\"og:locale\" content=\"fr_FR\" \/>\n<meta property=\"og:type\" content=\"article\" \/>\n<meta property=\"og:title\" content=\"Une Ann\u00e9e d\u2019action - Fiducie nationale du Canada\" \/>\n<meta property=\"og:description\" content=\"Croyez-vous que le budget f\u00e9d\u00e9ral 2019 devrait inclure les lieux historiques? Nous demandons \u00e0 la ministre de l\u2019Environnement et du...\" \/>\n<meta property=\"og:url\" content=\"https:\/\/nationaltrustcanada.ca\/fr\/ce-que-vous-pouvez-faire\/advocacy-action\/une-annee-daction\" \/>\n<meta property=\"og:site_name\" content=\"Fiducie nationale du Canada\" \/>\n<meta property=\"article:modified_time\" content=\"2019-03-20T19:56:25+00:00\" \/>\n<meta property=\"og:image\" content=\"https:\/\/nationaltrustcanada.ca\/wp-content\/uploads\/2018\/09\/Banner-FR.jpg\" \/>\n<meta name=\"twitter:card\" content=\"summary_large_image\" \/>\n<meta name=\"twitter:label1\" content=\"Dur\u00e9e de lecture estim\u00e9e\" \/>\n\t<meta name=\"twitter:data1\" content=\"3 minutes\" \/>\n<script type=\"application\/ld+json\" class=\"yoast-schema-graph\">{\"@context\":\"https:\/\/schema.org\",\"@graph\":[{\"@type\":\"WebPage\",\"@id\":\"https:\/\/nationaltrustcanada.ca\/fr\/ce-que-vous-pouvez-faire\/advocacy-action\/une-annee-daction\",\"url\":\"https:\/\/nationaltrustcanada.ca\/fr\/ce-que-vous-pouvez-faire\/advocacy-action\/une-annee-daction\",\"name\":\"Une Ann\u00e9e d\u2019action - Fiducie nationale du Canada\",\"isPartOf\":{\"@id\":\"https:\/\/nationaltrustcanada.ca\/#website\"},\"primaryImageOfPage\":{\"@id\":\"https:\/\/nationaltrustcanada.ca\/fr\/ce-que-vous-pouvez-faire\/advocacy-action\/une-annee-daction#primaryimage\"},\"image\":{\"@id\":\"https:\/\/nationaltrustcanada.ca\/fr\/ce-que-vous-pouvez-faire\/advocacy-action\/une-annee-daction#primaryimage\"},\"thumbnailUrl\":\"https:\/\/nationaltrustcanada.ca\/wp-content\/uploads\/2018\/09\/Banner-FR.jpg\",\"datePublished\":\"2018-09-07T20:26:54+00:00\",\"dateModified\":\"2019-03-20T19:56:25+00:00\",\"breadcrumb\":{\"@id\":\"https:\/\/nationaltrustcanada.ca\/fr\/ce-que-vous-pouvez-faire\/advocacy-action\/une-annee-daction#breadcrumb\"},\"inLanguage\":\"fr-FR\",\"potentialAction\":[{\"@type\":\"ReadAction\",\"target\":[\"https:\/\/nationaltrustcanada.ca\/fr\/ce-que-vous-pouvez-faire\/advocacy-action\/une-annee-daction\"]}]},{\"@type\":\"ImageObject\",\"inLanguage\":\"fr-FR\",\"@id\":\"https:\/\/nationaltrustcanada.ca\/fr\/ce-que-vous-pouvez-faire\/advocacy-action\/une-annee-daction#primaryimage\",\"url\":\"https:\/\/nationaltrustcanada.ca\/wp-content\/uploads\/2018\/09\/Banner-FR.jpg\",\"contentUrl\":\"https:\/\/nationaltrustcanada.ca\/wp-content\/uploads\/2018\/09\/Banner-FR.jpg\"},{\"@type\":\"BreadcrumbList\",\"@id\":\"https:\/\/nationaltrustcanada.ca\/fr\/ce-que-vous-pouvez-faire\/advocacy-action\/une-annee-daction#breadcrumb\",\"itemListElement\":[{\"@type\":\"ListItem\",\"position\":1,\"name\":\"Home\",\"item\":\"https:\/\/nationaltrustcanada.ca\/fr\"},{\"@type\":\"ListItem\",\"position\":2,\"name\":\"Ce que vous pouvez faire\",\"item\":\"https:\/\/nationaltrustcanada.ca\/fr\/ce-que-vous-pouvez-faire\"},{\"@type\":\"ListItem\",\"position\":3,\"name\":\"Action citoyenne\",\"item\":\"https:\/\/nationaltrustcanada.ca\/fr\/ce-que-vous-pouvez-faire\/advocacy-action\"},{\"@type\":\"ListItem\",\"position\":4,\"name\":\"Une Ann\u00e9e d\u2019action\"}]},{\"@type\":\"WebSite\",\"@id\":\"https:\/\/nationaltrustcanada.ca\/#website\",\"url\":\"https:\/\/nationaltrustcanada.ca\/\",\"name\":\"Fiducie nationale du Canada\",\"description\":\"Bringing Heritage to Life\",\"potentialAction\":[{\"@type\":\"SearchAction\",\"target\":{\"@type\":\"EntryPoint\",\"urlTemplate\":\"https:\/\/nationaltrustcanada.ca\/?s={search_term_string}\"},\"query-input\":{\"@type\":\"PropertyValueSpecification\",\"valueRequired\":true,\"valueName\":\"search_term_string\"}}],\"inLanguage\":\"fr-FR\"}]}<\/script>\n<!-- \/ Yoast SEO plugin. -->","yoast_head_json":{"title":"Une Ann\u00e9e d\u2019action - Fiducie nationale du Canada","robots":{"index":"index","follow":"follow","max-snippet":"max-snippet:-1","max-image-preview":"max-image-preview:large","max-video-preview":"max-video-preview:-1"},"canonical":"https:\/\/nationaltrustcanada.ca\/fr\/ce-que-vous-pouvez-faire\/advocacy-action\/une-annee-daction","og_locale":"fr_FR","og_type":"article","og_title":"Une Ann\u00e9e d\u2019action - Fiducie nationale du Canada","og_description":"Croyez-vous que le budget f\u00e9d\u00e9ral 2019 devrait inclure les lieux historiques? Nous demandons \u00e0 la ministre de l\u2019Environnement et du...","og_url":"https:\/\/nationaltrustcanada.ca\/fr\/ce-que-vous-pouvez-faire\/advocacy-action\/une-annee-daction","og_site_name":"Fiducie nationale du Canada","article_modified_time":"2019-03-20T19:56:25+00:00","og_image":[{"url":"https:\/\/nationaltrustcanada.ca\/wp-content\/uploads\/2018\/09\/Banner-FR.jpg","type":"","width":"","height":""}],"twitter_card":"summary_large_image","twitter_misc":{"Dur\u00e9e de lecture estim\u00e9e":"3 minutes"},"schema":{"@context":"https:\/\/schema.org","@graph":[{"@type":"WebPage","@id":"https:\/\/nationaltrustcanada.ca\/fr\/ce-que-vous-pouvez-faire\/advocacy-action\/une-annee-daction","url":"https:\/\/nationaltrustcanada.ca\/fr\/ce-que-vous-pouvez-faire\/advocacy-action\/une-annee-daction","name":"Une Ann\u00e9e d\u2019action - Fiducie nationale du Canada","isPartOf":{"@id":"https:\/\/nationaltrustcanada.ca\/#website"},"primaryImageOfPage":{"@id":"https:\/\/nationaltrustcanada.ca\/fr\/ce-que-vous-pouvez-faire\/advocacy-action\/une-annee-daction#primaryimage"},"image":{"@id":"https:\/\/nationaltrustcanada.ca\/fr\/ce-que-vous-pouvez-faire\/advocacy-action\/une-annee-daction#primaryimage"},"thumbnailUrl":"https:\/\/nationaltrustcanada.ca\/wp-content\/uploads\/2018\/09\/Banner-FR.jpg","datePublished":"2018-09-07T20:26:54+00:00","dateModified":"2019-03-20T19:56:25+00:00","breadcrumb":{"@id":"https:\/\/nationaltrustcanada.ca\/fr\/ce-que-vous-pouvez-faire\/advocacy-action\/une-annee-daction#breadcrumb"},"inLanguage":"fr-FR","potentialAction":[{"@type":"ReadAction","target":["https:\/\/nationaltrustcanada.ca\/fr\/ce-que-vous-pouvez-faire\/advocacy-action\/une-annee-daction"]}]},{"@type":"ImageObject","inLanguage":"fr-FR","@id":"https:\/\/nationaltrustcanada.ca\/fr\/ce-que-vous-pouvez-faire\/advocacy-action\/une-annee-daction#primaryimage","url":"https:\/\/nationaltrustcanada.ca\/wp-content\/uploads\/2018\/09\/Banner-FR.jpg","contentUrl":"https:\/\/nationaltrustcanada.ca\/wp-content\/uploads\/2018\/09\/Banner-FR.jpg"},{"@type":"BreadcrumbList","@id":"https:\/\/nationaltrustcanada.ca\/fr\/ce-que-vous-pouvez-faire\/advocacy-action\/une-annee-daction#breadcrumb","itemListElement":[{"@type":"ListItem","position":1,"name":"Home","item":"https:\/\/nationaltrustcanada.ca\/fr"},{"@type":"ListItem","position":2,"name":"Ce que vous pouvez faire","item":"https:\/\/nationaltrustcanada.ca\/fr\/ce-que-vous-pouvez-faire"},{"@type":"ListItem","position":3,"name":"Action citoyenne","item":"https:\/\/nationaltrustcanada.ca\/fr\/ce-que-vous-pouvez-faire\/advocacy-action"},{"@type":"ListItem","position":4,"name":"Une Ann\u00e9e d\u2019action"}]},{"@type":"WebSite","@id":"https:\/\/nationaltrustcanada.ca\/#website","url":"https:\/\/nationaltrustcanada.ca\/","name":"Fiducie nationale du Canada","description":"Bringing Heritage to Life","potentialAction":[{"@type":"SearchAction","target":{"@type":"EntryPoint","urlTemplate":"https:\/\/nationaltrustcanada.ca\/?s={search_term_string}"},"query-input":{"@type":"PropertyValueSpecification","valueRequired":true,"valueName":"search_term_string"}}],"inLanguage":"fr-FR"}]}},"_links":{"self":[{"href":"https:\/\/nationaltrustcanada.ca\/fr\/wp-json\/wp\/v2\/pages\/4800","targetHints":{"allow":["GET"]}}],"collection":[{"href":"https:\/\/nationaltrustcanada.ca\/fr\/wp-json\/wp\/v2\/pages"}],"about":[{"href":"https:\/\/nationaltrustcanada.ca\/fr\/wp-json\/wp\/v2\/types\/page"}],"author":[{"embeddable":true,"href":"https:\/\/nationaltrustcanada.ca\/fr\/wp-json\/wp\/v2\/users\/1"}],"replies":[{"embeddable":true,"href":"https:\/\/nationaltrustcanada.ca\/fr\/wp-json\/wp\/v2\/comments?post=4800"}],"version-history":[{"count":11,"href":"https:\/\/nationaltrustcanada.ca\/fr\/wp-json\/wp\/v2\/pages\/4800\/revisions"}],"predecessor-version":[{"id":6181,"href":"https:\/\/nationaltrustcanada.ca\/fr\/wp-json\/wp\/v2\/pages\/4800\/revisions\/6181"}],"up":[{"embeddable":true,"href":"https:\/\/nationaltrustcanada.ca\/fr\/wp-json\/wp\/v2\/pages\/1437"}],"wp:attachment":[{"href":"https:\/\/nationaltrustcanada.ca\/fr\/wp-json\/wp\/v2\/media?parent=4800"}],"curies":[{"name":"wp","href":"https:\/\/api.w.org\/{rel}","templated":true}]}}