{"id":4155,"date":"2018-03-29T09:34:06","date_gmt":"2018-03-29T13:34:06","guid":{"rendered":"https:\/\/nationaltrustcanada.ca?page_id=4155"},"modified":"2018-09-07T18:28:44","modified_gmt":"2018-09-07T22:28:44","slug":"la-trousse-doutils-daction-pour-changerladonnepourlepatrimoine","status":"publish","type":"page","link":"https:\/\/nationaltrustcanada.ca\/fr\/ce-que-vous-pouvez-faire\/advocacy-action\/la-trousse-doutils-daction-pour-changerladonnepourlepatrimoine","title":{"rendered":"La trousse d\u2019outils d\u2019action pour changer la donne pour le patrimoine"},"content":{"rendered":"<h4>Section 1 \u2013 Conna\u00eetre les enjeux<\/h4>\n<p><strong>Les indispensables<\/strong><\/p>\n<ul>\n<li>Rapport ENVI \u2013 <a href=\"http:\/\/www.noscommunes.ca\/DocumentViewer\/fr\/42-1\/ENVI\/rapport-10\/page-5\" target=\"_blank\" rel=\"noopener\"><em>Pr\u00e9server le patrimoine du Canada\u00a0: Les fondements de notre avenir<\/em><\/a><\/li>\n<li><a href=\"https:\/\/www.canada.ca\/fr\/parcs-canada\/nouvelles\/2017\/12\/la_ministre_mckennaaccueillefavorablementlerapportsurlapreservat.html\" target=\"_blank\" rel=\"noopener\">Communiqu\u00e9 \u2013 R\u00e9action de la ministre McKenna<\/a><\/li>\n<li><a href=\"https:\/\/nationaltrustcanada.ca\/wp-content\/uploads\/2018\/01\/Minister-McKenna-Heritage-Sector-Response-to-ENVI-Study.Dec-21.pdf\" target=\"_blank\" rel=\"noopener\">Lettre de la Fiducie nationale au nom du secteur du patrimoine (20\u00a0d\u00e9c.)<\/a><\/li>\n<li><a href=\"https:\/\/nationaltrustcanada.ca\/wp-content\/uploads\/2018\/01\/Overview-of-Heritage-In-Canada-NT-at-ENVI.pdf\" target=\"_blank\" rel=\"noopener\">Transcription des expos\u00e9s de la Fiducie nationale (N.B. et C.W.) \u2013 ENVI (sept.)<\/a><\/li>\n<li><a href=\"https:\/\/nationaltrustcanada.ca\/wp-content\/uploads\/2017\/11\/LPC-Response-Election-2015-National-Trust-for-Canada-R%C3%A9ponse-du-PLC-%C3%89lection-2015-Fiducie-nationale-du-Canada.pdf\" target=\"_blank\" rel=\"noopener\">R\u00e9ponse du Parti lib\u00e9ral \u2013 \u00c9lection de 2015<\/a><\/li>\n<\/ul>\n<p><strong>Renseignements compl\u00e9mentaires<\/strong><\/p>\n<ul>\n<li><a href=\"https:\/\/nationaltrustcanada.ca\/fr\/ce-que-vous-pouvez-faire\/advocacy-action\/bill-c-323-an-act-to-create-tax-incentives-for-the-rehabilitation-of-historic-property\/etude-du-comite-envi-preservation-et-protection-du-patrimoine-au-canada-ce-que-vous-devez-savoir\">T\u00e9moignages aupr\u00e8s du Comit\u00e9 ENVI<\/a><\/li>\n<li><a href=\"http:\/\/www.parl.ca\/DocumentViewer\/fr\/42-1\/projet-loi\/C-323\/premiere-lecture\" target=\"_blank\" rel=\"noopener\">Projet de loi C-323<\/a><\/li>\n<li><a href=\"https:\/\/nationaltrustcanada.ca\/wp-content\/uploads\/2018\/01\/Cost-Estimate-for-Bill-C-323-EN.pdf\" target=\"_blank\" rel=\"noopener\">DPB \u2013 Estimation des co\u00fbts de C-323<\/a><\/li>\n<li><a href=\"https:\/\/archive.nationaltrustcanada.ca\/sites\/www.nationaltrustcanada.ca\/files\/Final%20Report%20-Financial%20Measures-2016%20use%20this.pdf\" target=\"_blank\" rel=\"noopener\">Rapport de la Fiducie nationale sur les incitatifs financiers (2014)<\/a><\/li>\n<li><a href=\"https:\/\/nationaltrustcanada.ca\/wp-content\/uploads\/2018\/01\/Deloitte-Impact-Study-of-CHPIF-March-2010.pdf\" target=\"_blank\" rel=\"noopener\">\u00c9tude d\u2019impact du Fonds pour favoriser les propri\u00e9t\u00e9s patrimoniales commerciales (2010)<\/a><\/li>\n<\/ul>\n<h4>Section 2 \u2013 Renconter votre d\u00e9put\u00e9<\/h4>\n<ul>\n<li><a href=\"https:\/\/www.noscommunes.ca\/Parliamentarians\/fr\/members?currentOnly=true&amp;caucusId=4\" target=\"_blank\" rel=\"noopener\">Trouvez les coordonn\u00e9es de votre d\u00e9put\u00e9<\/a><\/li>\n<li><a href=\"https:\/\/www.noscommunes.ca\/fr\/calendrier-des-seances\" target=\"_blank\" rel=\"noopener\">Quand votre d\u00e9put\u00e9 sera dans la circonscription \u2013 Calendrier des s\u00e9ances parlementaires<\/a><\/li>\n<li><a href=\"https:\/\/nationaltrustcanada.ca\/wp-content\/uploads\/2018\/08\/Letter-for-meeting-Liberal-MP-Final-2.docx\">Lettre \u00e0 un d\u00e9put\u00e9 (mod\u00e8le) \u2013 Pr\u00e9senter le dossier et demander une rencontre<\/a> (disponible en anglais)<\/li>\n<li><a href=\"https:\/\/nationaltrustcanada.ca\/wp-content\/uploads\/2018\/01\/Tips-for-Meeting-With-Your-MPs.pdf\">Bons conseils pour une rencontre avec un d\u00e9put\u00e9<\/a> (disponible en anglais)<\/li>\n<li><a href=\"https:\/\/nationaltrustcanada.ca\/wp-content\/uploads\/2018\/08\/Heritage-Sector-PPT-for-MP-Meetings-Aug-2018_E.pptx\">Diaporama et notes pour votre rencontre avec votre d\u00e9put\u00e9<\/a> (disponible en anglais)<\/li>\n<\/ul>\n<h4><strong>Section 3 \u2013 Soutien de la Fiducie nationale \/ Invitation <\/strong><\/h4>\n<p>Nous vous invitons \u00e0 participer \u00e0 une t\u00e9l\u00e9conf\u00e9rence avec un groupe pancanadien de chefs de file et de champions\u00a0afin d\u2019alimenter la conversation sur une action f\u00e9d\u00e9rale en faveur des lieux historiques. Nous avons ralli\u00e9 un r\u00e9seau croissant d\u2019organisations et de particuliers. Faites-le savoir dans vos propres r\u00e9seaux!<\/p>\n<ul>\n<li>T\u00e9l\u00e9conf\u00e9rence toutes les deux semaines\u00a0:\n<ul>\n<li><strong>Tous les deux mardis \u00e0 14 h (heure de l&rsquo;Est)\u00a0<\/strong><\/li>\n<li><strong>Num\u00e9ro sans frais\u00a0: 1-866-999-9779<\/strong><\/li>\n<li><strong>Code d\u2019acc\u00e8s\u00a0: 469414<\/strong><\/li>\n<\/ul>\n<\/li>\n<li>Chris Wiebe \u2013 Coordonn\u00e9es<br \/>\nAdministrateur, Politiques du patrimoine et relations gouvernementales<br \/>\nFiducie Nationale du Canada<br \/>\n<strong>T<\/strong> 613-237-1066, poste 227<br \/>\n<a href=\"mailto:cwiebe@fiducienationalecanada.ca\">cwiebe@fiducienationalecanada.ca<\/a><\/li>\n<\/ul>\n","protected":false},"excerpt":{"rendered":"<p>Section 1 \u2013 Conna\u00eetre les enjeux Les indispensables Rapport ENVI \u2013 Pr\u00e9server le patrimoine du Canada\u00a0: Les fondements de notre&#8230;<\/p>\n","protected":false},"author":4,"featured_media":0,"parent":1437,"menu_order":0,"comment_status":"closed","ping_status":"closed","template":"","meta":{"_acf_changed":false,"footnotes":""},"class_list":["post-4155","page","type-page","status-publish","hentry"],"acf":[],"yoast_head":"<!-- This site is optimized with the Yoast SEO plugin v26.3 - https:\/\/yoast.com\/wordpress\/plugins\/seo\/ -->\n<title>La trousse d\u2019outils d\u2019action pour changer la donne pour le patrimoine - Fiducie nationale du Canada<\/title>\n<meta name=\"robots\" content=\"index, follow, max-snippet:-1, max-image-preview:large, max-video-preview:-1\" \/>\n<link rel=\"canonical\" href=\"https:\/\/nationaltrustcanada.ca\/fr\/ce-que-vous-pouvez-faire\/advocacy-action\/la-trousse-doutils-daction-pour-changerladonnepourlepatrimoine\" \/>\n<meta property=\"og:locale\" content=\"fr_FR\" \/>\n<meta property=\"og:type\" content=\"article\" \/>\n<meta property=\"og:title\" content=\"La trousse d\u2019outils d\u2019action pour changer la donne pour le patrimoine - Fiducie nationale du Canada\" \/>\n<meta property=\"og:description\" content=\"Section 1 \u2013 Conna\u00eetre les enjeux Les indispensables Rapport ENVI \u2013 Pr\u00e9server le patrimoine du Canada\u00a0: Les fondements de notre...\" \/>\n<meta property=\"og:url\" content=\"https:\/\/nationaltrustcanada.ca\/fr\/ce-que-vous-pouvez-faire\/advocacy-action\/la-trousse-doutils-daction-pour-changerladonnepourlepatrimoine\" \/>\n<meta property=\"og:site_name\" content=\"Fiducie nationale du Canada\" \/>\n<meta property=\"article:modified_time\" content=\"2018-09-07T22:28:44+00:00\" \/>\n<meta name=\"twitter:card\" content=\"summary_large_image\" \/>\n<meta name=\"twitter:label1\" content=\"Dur\u00e9e de lecture estim\u00e9e\" \/>\n\t<meta name=\"twitter:data1\" content=\"1 minute\" \/>\n<script type=\"application\/ld+json\" class=\"yoast-schema-graph\">{\"@context\":\"https:\/\/schema.org\",\"@graph\":[{\"@type\":\"WebPage\",\"@id\":\"https:\/\/nationaltrustcanada.ca\/fr\/ce-que-vous-pouvez-faire\/advocacy-action\/la-trousse-doutils-daction-pour-changerladonnepourlepatrimoine\",\"url\":\"https:\/\/nationaltrustcanada.ca\/fr\/ce-que-vous-pouvez-faire\/advocacy-action\/la-trousse-doutils-daction-pour-changerladonnepourlepatrimoine\",\"name\":\"La trousse d\u2019outils d\u2019action pour changer la donne pour le patrimoine - Fiducie nationale du Canada\",\"isPartOf\":{\"@id\":\"https:\/\/nationaltrustcanada.ca\/#website\"},\"datePublished\":\"2018-03-29T13:34:06+00:00\",\"dateModified\":\"2018-09-07T22:28:44+00:00\",\"breadcrumb\":{\"@id\":\"https:\/\/nationaltrustcanada.ca\/fr\/ce-que-vous-pouvez-faire\/advocacy-action\/la-trousse-doutils-daction-pour-changerladonnepourlepatrimoine#breadcrumb\"},\"inLanguage\":\"fr-FR\",\"potentialAction\":[{\"@type\":\"ReadAction\",\"target\":[\"https:\/\/nationaltrustcanada.ca\/fr\/ce-que-vous-pouvez-faire\/advocacy-action\/la-trousse-doutils-daction-pour-changerladonnepourlepatrimoine\"]}]},{\"@type\":\"BreadcrumbList\",\"@id\":\"https:\/\/nationaltrustcanada.ca\/fr\/ce-que-vous-pouvez-faire\/advocacy-action\/la-trousse-doutils-daction-pour-changerladonnepourlepatrimoine#breadcrumb\",\"itemListElement\":[{\"@type\":\"ListItem\",\"position\":1,\"name\":\"Home\",\"item\":\"https:\/\/nationaltrustcanada.ca\/fr\"},{\"@type\":\"ListItem\",\"position\":2,\"name\":\"Ce que vous pouvez faire\",\"item\":\"https:\/\/nationaltrustcanada.ca\/fr\/ce-que-vous-pouvez-faire\"},{\"@type\":\"ListItem\",\"position\":3,\"name\":\"Action citoyenne\",\"item\":\"https:\/\/nationaltrustcanada.ca\/fr\/ce-que-vous-pouvez-faire\/advocacy-action\"},{\"@type\":\"ListItem\",\"position\":4,\"name\":\"La trousse d\u2019outils d\u2019action pour changer la donne pour le patrimoine\"}]},{\"@type\":\"WebSite\",\"@id\":\"https:\/\/nationaltrustcanada.ca\/#website\",\"url\":\"https:\/\/nationaltrustcanada.ca\/\",\"name\":\"Fiducie nationale du Canada\",\"description\":\"Bringing Heritage to Life\",\"potentialAction\":[{\"@type\":\"SearchAction\",\"target\":{\"@type\":\"EntryPoint\",\"urlTemplate\":\"https:\/\/nationaltrustcanada.ca\/?s={search_term_string}\"},\"query-input\":{\"@type\":\"PropertyValueSpecification\",\"valueRequired\":true,\"valueName\":\"search_term_string\"}}],\"inLanguage\":\"fr-FR\"}]}<\/script>\n<!-- \/ Yoast SEO plugin. -->","yoast_head_json":{"title":"La trousse d\u2019outils d\u2019action pour changer la donne pour le patrimoine - Fiducie nationale du Canada","robots":{"index":"index","follow":"follow","max-snippet":"max-snippet:-1","max-image-preview":"max-image-preview:large","max-video-preview":"max-video-preview:-1"},"canonical":"https:\/\/nationaltrustcanada.ca\/fr\/ce-que-vous-pouvez-faire\/advocacy-action\/la-trousse-doutils-daction-pour-changerladonnepourlepatrimoine","og_locale":"fr_FR","og_type":"article","og_title":"La trousse d\u2019outils d\u2019action pour changer la donne pour le patrimoine - Fiducie nationale du Canada","og_description":"Section 1 \u2013 Conna\u00eetre les enjeux Les indispensables Rapport ENVI \u2013 Pr\u00e9server le patrimoine du Canada\u00a0: Les fondements de notre...","og_url":"https:\/\/nationaltrustcanada.ca\/fr\/ce-que-vous-pouvez-faire\/advocacy-action\/la-trousse-doutils-daction-pour-changerladonnepourlepatrimoine","og_site_name":"Fiducie nationale du Canada","article_modified_time":"2018-09-07T22:28:44+00:00","twitter_card":"summary_large_image","twitter_misc":{"Dur\u00e9e de lecture estim\u00e9e":"1 minute"},"schema":{"@context":"https:\/\/schema.org","@graph":[{"@type":"WebPage","@id":"https:\/\/nationaltrustcanada.ca\/fr\/ce-que-vous-pouvez-faire\/advocacy-action\/la-trousse-doutils-daction-pour-changerladonnepourlepatrimoine","url":"https:\/\/nationaltrustcanada.ca\/fr\/ce-que-vous-pouvez-faire\/advocacy-action\/la-trousse-doutils-daction-pour-changerladonnepourlepatrimoine","name":"La trousse d\u2019outils d\u2019action pour changer la donne pour le patrimoine - Fiducie nationale du Canada","isPartOf":{"@id":"https:\/\/nationaltrustcanada.ca\/#website"},"datePublished":"2018-03-29T13:34:06+00:00","dateModified":"2018-09-07T22:28:44+00:00","breadcrumb":{"@id":"https:\/\/nationaltrustcanada.ca\/fr\/ce-que-vous-pouvez-faire\/advocacy-action\/la-trousse-doutils-daction-pour-changerladonnepourlepatrimoine#breadcrumb"},"inLanguage":"fr-FR","potentialAction":[{"@type":"ReadAction","target":["https:\/\/nationaltrustcanada.ca\/fr\/ce-que-vous-pouvez-faire\/advocacy-action\/la-trousse-doutils-daction-pour-changerladonnepourlepatrimoine"]}]},{"@type":"BreadcrumbList","@id":"https:\/\/nationaltrustcanada.ca\/fr\/ce-que-vous-pouvez-faire\/advocacy-action\/la-trousse-doutils-daction-pour-changerladonnepourlepatrimoine#breadcrumb","itemListElement":[{"@type":"ListItem","position":1,"name":"Home","item":"https:\/\/nationaltrustcanada.ca\/fr"},{"@type":"ListItem","position":2,"name":"Ce que vous pouvez faire","item":"https:\/\/nationaltrustcanada.ca\/fr\/ce-que-vous-pouvez-faire"},{"@type":"ListItem","position":3,"name":"Action citoyenne","item":"https:\/\/nationaltrustcanada.ca\/fr\/ce-que-vous-pouvez-faire\/advocacy-action"},{"@type":"ListItem","position":4,"name":"La trousse d\u2019outils d\u2019action pour changer la donne pour le patrimoine"}]},{"@type":"WebSite","@id":"https:\/\/nationaltrustcanada.ca\/#website","url":"https:\/\/nationaltrustcanada.ca\/","name":"Fiducie nationale du Canada","description":"Bringing Heritage to Life","potentialAction":[{"@type":"SearchAction","target":{"@type":"EntryPoint","urlTemplate":"https:\/\/nationaltrustcanada.ca\/?s={search_term_string}"},"query-input":{"@type":"PropertyValueSpecification","valueRequired":true,"valueName":"search_term_string"}}],"inLanguage":"fr-FR"}]}},"_links":{"self":[{"href":"https:\/\/nationaltrustcanada.ca\/fr\/wp-json\/wp\/v2\/pages\/4155","targetHints":{"allow":["GET"]}}],"collection":[{"href":"https:\/\/nationaltrustcanada.ca\/fr\/wp-json\/wp\/v2\/pages"}],"about":[{"href":"https:\/\/nationaltrustcanada.ca\/fr\/wp-json\/wp\/v2\/types\/page"}],"author":[{"embeddable":true,"href":"https:\/\/nationaltrustcanada.ca\/fr\/wp-json\/wp\/v2\/users\/4"}],"replies":[{"embeddable":true,"href":"https:\/\/nationaltrustcanada.ca\/fr\/wp-json\/wp\/v2\/comments?post=4155"}],"version-history":[{"count":6,"href":"https:\/\/nationaltrustcanada.ca\/fr\/wp-json\/wp\/v2\/pages\/4155\/revisions"}],"predecessor-version":[{"id":4845,"href":"https:\/\/nationaltrustcanada.ca\/fr\/wp-json\/wp\/v2\/pages\/4155\/revisions\/4845"}],"up":[{"embeddable":true,"href":"https:\/\/nationaltrustcanada.ca\/fr\/wp-json\/wp\/v2\/pages\/1437"}],"wp:attachment":[{"href":"https:\/\/nationaltrustcanada.ca\/fr\/wp-json\/wp\/v2\/media?parent=4155"}],"curies":[{"name":"wp","href":"https:\/\/api.w.org\/{rel}","templated":true}]}}