{"id":4140,"date":"2018-03-28T13:22:22","date_gmt":"2018-03-28T17:22:22","guid":{"rendered":"https:\/\/nationaltrustcanada.ca?page_id=4140"},"modified":"2024-07-02T15:21:12","modified_gmt":"2024-07-02T19:21:12","slug":"table-ronde-nationale-de-leducation-sur-le-patrimoine","status":"publish","type":"page","link":"https:\/\/nationaltrustcanada.ca\/fr\/qui-nous-sommes-2\/table-ronde-nationale-de-leducation-sur-le-patrimoine","title":{"rendered":"Table ronde nationale de l\u2019\u00e9ducation sur le patrimoine"},"content":{"rendered":"<p>Fond\u00e9e en 2004, la Table ronde a pour mandat\u00a0:<\/p>\n<ul>\n<li>de comprendre l\u2019\u00e9tat actuel de l\u2019\u00e9ducation sur le patrimoine au Canada, y compris l\u2019\u00e9ducation publique, la formation et les programmes d\u2019enseignement;<\/li>\n<li>de renforcer l\u2019\u00e9ducation sur le patrimoine en cernant la demande, les lacunes et les besoins, et en proposant des objectifs sectoriels et collectifs;<\/li>\n<li>de promouvoir l\u2019\u00e9ducation sur le patrimoine en favorisant la collaboration entre \u00e9tablissements et autres organismes.<\/li>\n<\/ul>\n<p>Chaque ann\u00e9e \u00e0 l\u2019automne, la Table ronde tient une assembl\u00e9e g\u00e9n\u00e9rale \u2013 co\u00efncidant avec la conf\u00e9rence annuelle de la Fiducie nationale \u2013 pour discuter de sujets d\u2019importance et fixer des priorit\u00e9s pour l\u2019ann\u00e9e \u00e0 venir. Le comit\u00e9 directeur de la Table ronde se r\u00e9unit tous les deux mois par t\u00e9l\u00e9conf\u00e9rence afin de poursuivre le travail de la Table ronde au cours de l\u2019ann\u00e9e. La Table ronde s\u2019est int\u00e9ress\u00e9e plus sp\u00e9cialement aux domaines suivants\u00a0: (1)\u00a0programmes d\u2019enseignement et de formation; (2)\u00a0\u00e9thique et comp\u00e9tences professionnelles; (3)\u00a0recherches et publications.<\/p>\n<p><a href=\"https:\/\/nationaltrustcanada.ca\/wp-content\/uploads\/2021\/01\/NRHE-Draft-Strategic-Plan-2020_FR.pdf\" target=\"_blank\" rel=\"noopener\"><strong>Table ronde nationale de l\u2019<\/strong><strong>\u00e9<\/strong><strong>ducation sur le patrimoine du Canada \u2013 <\/strong><strong>\u00c9<\/strong><strong>bauche du plan strat<\/strong><strong>\u00e9<\/strong><strong>gique 202<\/strong><strong>0<\/strong><\/a><\/p>\n<table>\n<thead>\n<tr>\n<td colspan=\"2\" width=\"100%\">\n<h3>OUEST ET NORD<\/h3>\n<\/td>\n<\/tr>\n<\/thead>\n<tbody>\n<tr>\n<td width=\"50%\"><a href=\"http:\/\/heritage.resources.athabascau.ca\/\" target=\"_blank\" rel=\"noopener\">Universit\u00e9 d\u2019Athabasca \u2013 <\/a>Programme de gestion des ressources du patrimoine &#8211; <a href=\"https:\/\/www.athabascau.ca\/programs\/summary\/graduate-diploma-in-heritage-resources-management.html\">Dipl\u00f4me d&rsquo;\u00e9tudes sup\u00e9rieures<\/a> et <a href=\"https:\/\/www.athabascau.ca\/programs\/summary\/university-certificate-in-heritage-resources-management.html\">certificat universitaire<\/a><\/td>\n<td width=\"50%\"><a href=\"http:\/\/evds.ucalgary.ca\/certificates\" target=\"_blank\" rel=\"noopener\">Universit\u00e9 de Calgary \u2013 EVDS \u2013 Certificat en conservation du patrimoine b\u00e2ti et paysager<\/a><\/td>\n<\/tr>\n<tr>\n<td width=\"50%\"><a href=\"https:\/\/continuingstudies.uvic.ca\/museums-heritage-and-indigenous-culture\/programs\/cultural-resource-management\/\">University of Victoria \u2013 Cultural Resource Management Program<\/a><\/td>\n<td width=\"50%\"><a href=\"https:\/\/www.yukoncollege.yk.ca\/programs\/heritage-and-culture\" target=\"_blank\" rel=\"noopener\">Coll\u00e8ge du Yukon \u2013 Programme du patrimoine et de la culture<\/a><\/td>\n<\/tr>\n<\/tbody>\n<\/table>\n<p>&nbsp;<\/p>\n<table style=\"height: 402px;\" width=\"737\">\n<thead>\n<tr>\n<td colspan=\"2\">\n<h3>ONTARIO<\/h3>\n<\/td>\n<\/tr>\n<\/thead>\n<tbody>\n<tr>\n<td><a href=\"http:\/\/www.algonquincollege.com\/perth\/\" target=\"_blank\" rel=\"noopener\">Coll\u00e8ge Algonquin \u2013<\/a> Institut du patrimoine (campus de Perth) <a href=\"https:\/\/www.algonquincollege.com\/perth\/program\/bachelor-of-applied-science-building-conservation\/\"><span class=\"NormalTextRun SCXW241294082 BCX0\">Bachelor of Applied Science (Building <\/span><span class=\"NormalTextRun ContextualSpellingAndGrammarErrorV2Themed SCXW241294082 BCX0\">Conservation)<\/span><span class=\"NormalTextRun ContextualSpellingAndGrammarErrorV2Themed SCXW241294082 BCX0\">(<\/span><span class=\"NormalTextRun SCXW241294082 BCX0\">Honours<\/span><span class=\"NormalTextRun SCXW241294082 BCX0\">)<\/span><\/a><\/td>\n<td><a href=\"https:\/\/architecture.carleton.ca\/academic-programs\/bachelor-of-architectural-studies-bas\/bas-conservation-sustainability\">Universit\u00e9 Carleton \u2013 Programme d\u2019ing\u00e9nierie de la conservation architecturale et de la durabilit\u00e9<\/a><\/td>\n<\/tr>\n<tr>\n<td><a href=\"http:\/\/carleton.ca\/architecture\/\" target=\"_blank\" rel=\"noopener\">Universit\u00e9 Carleton \u2013 \u00c9cole d\u2019architecture et d\u2019urbanisme Azrieli<\/a> \u2013 Dipl\u00f4me en conservation architecturale<\/td>\n<td><a href=\"https:\/\/carleton.ca\/canadianstudies\/heritage-conservation\/graduate-specialization\/\">Universit\u00e9 Carleton \u2013 Programme de conservation du patrimoine, \u00c9tudes autochtones et canadiennes<\/a><\/td>\n<\/tr>\n<tr>\n<td><a href=\"https:\/\/www.centennialcollege.ca\/programs-courses\/full-time\/museum-and-cultural-management\/\">Coll\u00e8ge Centennial \u2013 Gestion des mus\u00e9es et de la culture<\/a><\/td>\n<td><a href=\"http:\/\/www.conestogac.on.ca\/fulltime\/bachelor-of-applied-technology-honours-architecture-project-and-facility-management\" target=\"_blank\" rel=\"noopener\">Coll\u00e8ge Conestoga \u2013 Programme d\u2019architecture \u2013 gestion de projets et d\u2019installations<\/a><\/td>\n<\/tr>\n<tr>\n<td><a href=\"http:\/\/Toronto Metropolitan University \u2013 Chang School of Continuing Education \u2013 Architectural Preservation\">Universit\u00e9 m\u00e9tropolitaine de Toronto\u2013 \u00c9cole Chang d\u2019\u00e9ducation permanente \u2013 Pr\u00e9servation de l&rsquo;architecture<\/a><\/td>\n<td><a href=\"https:\/\/uwaterloo.ca\/heritage-resources-centre\/\" target=\"_blank\" rel=\"noopener\">Universit\u00e9 de Waterloo \u2013 Centre des ressources du patrimoine<\/a><\/td>\n<\/tr>\n<tr>\n<td><a href=\"http:\/\/willowbank.ca\/wpdir\/\" target=\"_blank\" rel=\"noopener\">\u00c9cole des arts de la restauration Willowbank<\/a><\/td>\n<td><\/td>\n<\/tr>\n<tr>\n<td><\/td>\n<td><\/td>\n<\/tr>\n<\/tbody>\n<\/table>\n<p>&nbsp;<\/p>\n<table>\n<thead>\n<tr>\n<td colspan=\"2\">\n<h3>QU\u00c9BEC<\/h3>\n<\/td>\n<\/tr>\n<\/thead>\n<tbody>\n<tr>\n<td><a href=\"https:\/\/amenagement.umontreal.ca\/maitrise-en-conservation-du-patrimoine-bati\/\">Universit\u00e9 de Montr\u00e9al \u2013 \u00c9cole d\u2019architecture, Conservation de l\u2019environnement b\u00e2ti<\/a><\/td>\n<td><a href=\"http:\/\/www.arc.ulaval.ca\/\" target=\"_blank\" rel=\"noopener\">Universit\u00e9 Laval \u2013 \u00c9cole d\u2019architecture<\/a> \u2013 M.Arch, sp\u00e9cialisation en patrimoine b\u00e2ti et pr\u00e9servation historique<\/td>\n<\/tr>\n<tr>\n<td><a href=\"http:\/\/www.deut.uqam.ca\/\" target=\"_blank\" rel=\"noopener\">Universit\u00e9 du Qu\u00e9bec \u00e0 Montr\u00e9al \u2013 D\u00e9partement d\u2019\u00e9tudes urbaines et touristiques, \u00c9cole des sciences de la gestion<\/a><\/td>\n<td><a href=\"https:\/\/design.uqam.ca\/programmes-detudes\/dess-en-architecture-moderne-et-patrimoine\/\">Universit\u00e9 du Qu\u00e9bec \u00e0 Montr\u00e9al \u2013 \u00c9cole de design\u00a0\u2013 Dipl\u00f4me en architecture moderne et patrimoine<\/a><\/td>\n<\/tr>\n<\/tbody>\n<\/table>\n<p>&nbsp;<\/p>\n<table>\n<thead>\n<tr>\n<td colspan=\"2\">\n<h3>ATLANTIQUE<\/h3>\n<\/td>\n<\/tr>\n<\/thead>\n<tbody>\n<tr>\n<td><a href=\"https:\/\/www.hollandcollege.com\/programs\/heritage-retrofit-carpentry.php\">Coll\u00e8ge Holland \u2013 Programme de menuiserie pour l\u2019actualisation du patrimoine<\/a><\/td>\n<td><a href=\"https:\/\/www.mun.ca\/folklore\/\" target=\"_blank\" rel=\"noopener\">Universit\u00e9 Memorial \u2013 D\u00e9partement du folklore \u2013 Patrimoine culturel immat\u00e9riel<\/a><\/td>\n<\/tr>\n<tr>\n<td>Coll\u00e8ge communautaire de la Nouvelle-\u00c9cosse \u2013 Menuiserie patrimoniale &#8211; Suspendu<\/td>\n<td><\/td>\n<\/tr>\n<\/tbody>\n<\/table>\n<h3>Ressources<\/h3>\n<p><a href=\"https:\/\/nationaltrustcanada.ca\/wp-content\/uploads\/2018\/04\/Ressourceshumainepatrimoine.pdf\" target=\"_blank\" rel=\"noopener\">Les ressources humaines et la pr\u00e9servation des b\u00e2timents patrimoniaux (Fondation H\u00e9ritage Canada, 2003)<\/a><\/p>\n","protected":false},"excerpt":{"rendered":"<p>Fond\u00e9e en 2004, la Table ronde a pour mandat\u00a0: de comprendre l\u2019\u00e9tat actuel de l\u2019\u00e9ducation sur le patrimoine au Canada,&#8230;<\/p>\n","protected":false},"author":4,"featured_media":18922,"parent":14554,"menu_order":0,"comment_status":"closed","ping_status":"closed","template":"template-parts\/template-toplevel.php","meta":{"_acf_changed":false,"footnotes":""},"class_list":["post-4140","page","type-page","status-publish","has-post-thumbnail","hentry"],"acf":[],"yoast_head":"<!-- This site is optimized with the Yoast SEO plugin v26.3 - https:\/\/yoast.com\/wordpress\/plugins\/seo\/ -->\n<title>Table ronde nationale de l\u2019\u00e9ducation sur le patrimoine - Fiducie nationale du Canada<\/title>\n<meta name=\"robots\" content=\"index, follow, max-snippet:-1, max-image-preview:large, max-video-preview:-1\" \/>\n<link rel=\"canonical\" href=\"https:\/\/nationaltrustcanada.ca\/fr\/qui-nous-sommes-2\/table-ronde-nationale-de-leducation-sur-le-patrimoine\" \/>\n<meta property=\"og:locale\" content=\"fr_FR\" \/>\n<meta property=\"og:type\" content=\"article\" \/>\n<meta property=\"og:title\" content=\"Table ronde nationale de l\u2019\u00e9ducation sur le patrimoine - Fiducie nationale du Canada\" \/>\n<meta property=\"og:description\" content=\"Fond\u00e9e en 2004, la Table ronde a pour mandat\u00a0: de comprendre l\u2019\u00e9tat actuel de l\u2019\u00e9ducation sur le patrimoine au Canada,...\" \/>\n<meta property=\"og:url\" content=\"https:\/\/nationaltrustcanada.ca\/fr\/qui-nous-sommes-2\/table-ronde-nationale-de-leducation-sur-le-patrimoine\" \/>\n<meta property=\"og:site_name\" content=\"Fiducie nationale du Canada\" \/>\n<meta property=\"article:modified_time\" content=\"2024-07-02T19:21:12+00:00\" \/>\n<meta property=\"og:image\" content=\"https:\/\/nationaltrustcanada.ca\/wp-content\/uploads\/2024\/02\/Banner-Options-8-1024x576.png\" \/>\n\t<meta property=\"og:image:width\" content=\"1024\" \/>\n\t<meta property=\"og:image:height\" content=\"576\" \/>\n\t<meta property=\"og:image:type\" content=\"image\/png\" \/>\n<meta name=\"twitter:card\" content=\"summary_large_image\" \/>\n<meta name=\"twitter:label1\" content=\"Dur\u00e9e de lecture estim\u00e9e\" \/>\n\t<meta name=\"twitter:data1\" content=\"2 minutes\" \/>\n<script type=\"application\/ld+json\" class=\"yoast-schema-graph\">{\"@context\":\"https:\/\/schema.org\",\"@graph\":[{\"@type\":\"WebPage\",\"@id\":\"https:\/\/nationaltrustcanada.ca\/fr\/qui-nous-sommes-2\/table-ronde-nationale-de-leducation-sur-le-patrimoine\",\"url\":\"https:\/\/nationaltrustcanada.ca\/fr\/qui-nous-sommes-2\/table-ronde-nationale-de-leducation-sur-le-patrimoine\",\"name\":\"Table ronde nationale de l\u2019\u00e9ducation sur le patrimoine - Fiducie nationale du Canada\",\"isPartOf\":{\"@id\":\"https:\/\/nationaltrustcanada.ca\/#website\"},\"primaryImageOfPage\":{\"@id\":\"https:\/\/nationaltrustcanada.ca\/fr\/qui-nous-sommes-2\/table-ronde-nationale-de-leducation-sur-le-patrimoine#primaryimage\"},\"image\":{\"@id\":\"https:\/\/nationaltrustcanada.ca\/fr\/qui-nous-sommes-2\/table-ronde-nationale-de-leducation-sur-le-patrimoine#primaryimage\"},\"thumbnailUrl\":\"https:\/\/nationaltrustcanada.ca\/wp-content\/uploads\/2024\/02\/Banner-Options-8-e1707937212607.png\",\"datePublished\":\"2018-03-28T17:22:22+00:00\",\"dateModified\":\"2024-07-02T19:21:12+00:00\",\"breadcrumb\":{\"@id\":\"https:\/\/nationaltrustcanada.ca\/fr\/qui-nous-sommes-2\/table-ronde-nationale-de-leducation-sur-le-patrimoine#breadcrumb\"},\"inLanguage\":\"fr-FR\",\"potentialAction\":[{\"@type\":\"ReadAction\",\"target\":[\"https:\/\/nationaltrustcanada.ca\/fr\/qui-nous-sommes-2\/table-ronde-nationale-de-leducation-sur-le-patrimoine\"]}]},{\"@type\":\"ImageObject\",\"inLanguage\":\"fr-FR\",\"@id\":\"https:\/\/nationaltrustcanada.ca\/fr\/qui-nous-sommes-2\/table-ronde-nationale-de-leducation-sur-le-patrimoine#primaryimage\",\"url\":\"https:\/\/nationaltrustcanada.ca\/wp-content\/uploads\/2024\/02\/Banner-Options-8-e1707937212607.png\",\"contentUrl\":\"https:\/\/nationaltrustcanada.ca\/wp-content\/uploads\/2024\/02\/Banner-Options-8-e1707937212607.png\",\"width\":3360,\"height\":1890},{\"@type\":\"BreadcrumbList\",\"@id\":\"https:\/\/nationaltrustcanada.ca\/fr\/qui-nous-sommes-2\/table-ronde-nationale-de-leducation-sur-le-patrimoine#breadcrumb\",\"itemListElement\":[{\"@type\":\"ListItem\",\"position\":1,\"name\":\"Home\",\"item\":\"https:\/\/nationaltrustcanada.ca\/fr\"},{\"@type\":\"ListItem\",\"position\":2,\"name\":\"Qui Nous Sommes\",\"item\":\"https:\/\/nationaltrustcanada.ca\/fr\/qui-nous-sommes-2\"},{\"@type\":\"ListItem\",\"position\":3,\"name\":\"Table ronde nationale de l\u2019\u00e9ducation sur le patrimoine\"}]},{\"@type\":\"WebSite\",\"@id\":\"https:\/\/nationaltrustcanada.ca\/#website\",\"url\":\"https:\/\/nationaltrustcanada.ca\/\",\"name\":\"Fiducie nationale du Canada\",\"description\":\"Bringing Heritage to Life\",\"potentialAction\":[{\"@type\":\"SearchAction\",\"target\":{\"@type\":\"EntryPoint\",\"urlTemplate\":\"https:\/\/nationaltrustcanada.ca\/?s={search_term_string}\"},\"query-input\":{\"@type\":\"PropertyValueSpecification\",\"valueRequired\":true,\"valueName\":\"search_term_string\"}}],\"inLanguage\":\"fr-FR\"}]}<\/script>\n<!-- \/ Yoast SEO plugin. -->","yoast_head_json":{"title":"Table ronde nationale de l\u2019\u00e9ducation sur le patrimoine - Fiducie nationale du Canada","robots":{"index":"index","follow":"follow","max-snippet":"max-snippet:-1","max-image-preview":"max-image-preview:large","max-video-preview":"max-video-preview:-1"},"canonical":"https:\/\/nationaltrustcanada.ca\/fr\/qui-nous-sommes-2\/table-ronde-nationale-de-leducation-sur-le-patrimoine","og_locale":"fr_FR","og_type":"article","og_title":"Table ronde nationale de l\u2019\u00e9ducation sur le patrimoine - Fiducie nationale du Canada","og_description":"Fond\u00e9e en 2004, la Table ronde a pour mandat\u00a0: de comprendre l\u2019\u00e9tat actuel de l\u2019\u00e9ducation sur le patrimoine au Canada,...","og_url":"https:\/\/nationaltrustcanada.ca\/fr\/qui-nous-sommes-2\/table-ronde-nationale-de-leducation-sur-le-patrimoine","og_site_name":"Fiducie nationale du Canada","article_modified_time":"2024-07-02T19:21:12+00:00","og_image":[{"width":1024,"height":576,"url":"https:\/\/nationaltrustcanada.ca\/wp-content\/uploads\/2024\/02\/Banner-Options-8-1024x576.png","type":"image\/png"}],"twitter_card":"summary_large_image","twitter_misc":{"Dur\u00e9e de lecture estim\u00e9e":"2 minutes"},"schema":{"@context":"https:\/\/schema.org","@graph":[{"@type":"WebPage","@id":"https:\/\/nationaltrustcanada.ca\/fr\/qui-nous-sommes-2\/table-ronde-nationale-de-leducation-sur-le-patrimoine","url":"https:\/\/nationaltrustcanada.ca\/fr\/qui-nous-sommes-2\/table-ronde-nationale-de-leducation-sur-le-patrimoine","name":"Table ronde nationale de l\u2019\u00e9ducation sur le patrimoine - Fiducie nationale du Canada","isPartOf":{"@id":"https:\/\/nationaltrustcanada.ca\/#website"},"primaryImageOfPage":{"@id":"https:\/\/nationaltrustcanada.ca\/fr\/qui-nous-sommes-2\/table-ronde-nationale-de-leducation-sur-le-patrimoine#primaryimage"},"image":{"@id":"https:\/\/nationaltrustcanada.ca\/fr\/qui-nous-sommes-2\/table-ronde-nationale-de-leducation-sur-le-patrimoine#primaryimage"},"thumbnailUrl":"https:\/\/nationaltrustcanada.ca\/wp-content\/uploads\/2024\/02\/Banner-Options-8-e1707937212607.png","datePublished":"2018-03-28T17:22:22+00:00","dateModified":"2024-07-02T19:21:12+00:00","breadcrumb":{"@id":"https:\/\/nationaltrustcanada.ca\/fr\/qui-nous-sommes-2\/table-ronde-nationale-de-leducation-sur-le-patrimoine#breadcrumb"},"inLanguage":"fr-FR","potentialAction":[{"@type":"ReadAction","target":["https:\/\/nationaltrustcanada.ca\/fr\/qui-nous-sommes-2\/table-ronde-nationale-de-leducation-sur-le-patrimoine"]}]},{"@type":"ImageObject","inLanguage":"fr-FR","@id":"https:\/\/nationaltrustcanada.ca\/fr\/qui-nous-sommes-2\/table-ronde-nationale-de-leducation-sur-le-patrimoine#primaryimage","url":"https:\/\/nationaltrustcanada.ca\/wp-content\/uploads\/2024\/02\/Banner-Options-8-e1707937212607.png","contentUrl":"https:\/\/nationaltrustcanada.ca\/wp-content\/uploads\/2024\/02\/Banner-Options-8-e1707937212607.png","width":3360,"height":1890},{"@type":"BreadcrumbList","@id":"https:\/\/nationaltrustcanada.ca\/fr\/qui-nous-sommes-2\/table-ronde-nationale-de-leducation-sur-le-patrimoine#breadcrumb","itemListElement":[{"@type":"ListItem","position":1,"name":"Home","item":"https:\/\/nationaltrustcanada.ca\/fr"},{"@type":"ListItem","position":2,"name":"Qui Nous Sommes","item":"https:\/\/nationaltrustcanada.ca\/fr\/qui-nous-sommes-2"},{"@type":"ListItem","position":3,"name":"Table ronde nationale de l\u2019\u00e9ducation sur le patrimoine"}]},{"@type":"WebSite","@id":"https:\/\/nationaltrustcanada.ca\/#website","url":"https:\/\/nationaltrustcanada.ca\/","name":"Fiducie nationale du Canada","description":"Bringing Heritage to Life","potentialAction":[{"@type":"SearchAction","target":{"@type":"EntryPoint","urlTemplate":"https:\/\/nationaltrustcanada.ca\/?s={search_term_string}"},"query-input":{"@type":"PropertyValueSpecification","valueRequired":true,"valueName":"search_term_string"}}],"inLanguage":"fr-FR"}]}},"_links":{"self":[{"href":"https:\/\/nationaltrustcanada.ca\/fr\/wp-json\/wp\/v2\/pages\/4140","targetHints":{"allow":["GET"]}}],"collection":[{"href":"https:\/\/nationaltrustcanada.ca\/fr\/wp-json\/wp\/v2\/pages"}],"about":[{"href":"https:\/\/nationaltrustcanada.ca\/fr\/wp-json\/wp\/v2\/types\/page"}],"author":[{"embeddable":true,"href":"https:\/\/nationaltrustcanada.ca\/fr\/wp-json\/wp\/v2\/users\/4"}],"replies":[{"embeddable":true,"href":"https:\/\/nationaltrustcanada.ca\/fr\/wp-json\/wp\/v2\/comments?post=4140"}],"version-history":[{"count":12,"href":"https:\/\/nationaltrustcanada.ca\/fr\/wp-json\/wp\/v2\/pages\/4140\/revisions"}],"predecessor-version":[{"id":19921,"href":"https:\/\/nationaltrustcanada.ca\/fr\/wp-json\/wp\/v2\/pages\/4140\/revisions\/19921"}],"up":[{"embeddable":true,"href":"https:\/\/nationaltrustcanada.ca\/fr\/wp-json\/wp\/v2\/pages\/14554"}],"wp:featuredmedia":[{"embeddable":true,"href":"https:\/\/nationaltrustcanada.ca\/fr\/wp-json\/wp\/v2\/media\/18922"}],"wp:attachment":[{"href":"https:\/\/nationaltrustcanada.ca\/fr\/wp-json\/wp\/v2\/media?parent=4140"}],"curies":[{"name":"wp","href":"https:\/\/api.w.org\/{rel}","templated":true}]}}