{"id":3924,"date":"2018-02-16T14:50:09","date_gmt":"2018-02-16T19:50:09","guid":{"rendered":"https:\/\/nationaltrustcanada.ca?page_id=3924"},"modified":"2025-06-16T10:28:47","modified_gmt":"2025-06-16T14:28:47","slug":"declic","status":"publish","type":"page","link":"https:\/\/nationaltrustcanada.ca\/fr\/ce-que-vous-pouvez-faire\/faites-un-don\/declic","title":{"rendered":"D\u00e9clic"},"content":{"rendered":"<p><strong>Inspirer et rapprocher les gens<\/strong><\/p>\n<p>Nous savons que les petits organismes communautaires et les b\u00e9n\u00e9voles n\u2019ont pas toujours les moyens de payer des experts externes, surtout dans les r\u00e9gions rurales et isol\u00e9es du pays.<\/p>\n<p>Gr\u00e2ce au g\u00e9n\u00e9reux appui de donateurs comme vous, <strong>les subventions d\u2019accompagnement D\u00e9clic de la Fiducie nationale fournissent \u00e0 des organismes communautaires des s\u00e9ances d\u2019accompagnement direct par des professionnels chevronn\u00e9s<\/strong>. Ensemble, nous trouvons des solutions pour lib\u00e9rer le potentiel de leurs lieux historiques.<\/p>\n<p>Depuis le d\u00e9but il y a trois ans, nous avons aid\u00e9 22 groupes\u00a0communautaires \u00e0 relever leurs d\u00e9fis, que ce soit en mati\u00e8re de financement et de commandites, de planification des activit\u00e9s ou de marketing.<\/p>\n<p><span style=\"color: #007298;\">L\u2019historique domaine Glenaladale, sur les rives de la baie Tracadie (\u00cele-du-Prince-\u00c9douard) \u2013 dernier domaine intact des premiers propri\u00e9taires terriens de l\u2019\u00eele \u2013 \u00e9tait \u00e0 vendre. En 2016, les b\u00e9n\u00e9voles du Glenaladale Heritage Trust ont fait appel au programme D\u00e9clic de la Fiducie nationale pour les aider \u00e0 mobiliser des intervenants locaux et \u00e0 cr\u00e9er une vision pour ce merveilleux site communautaire. L\u2019\u00e9quipe de b\u00e9n\u00e9voles d\u00e9vou\u00e9s a mis au point un plan ambitieux pour transformer la maison et l\u2019\u00e9cole d\u2019origine en dynamique lieu vou\u00e9 aux arts et \u00e0 la culture. Des visiteurs de tout \u00e2ge s\u2019y rendent, et les vastes terrains ont servi \u00e0 cr\u00e9er des jardins biologiques et \u00e0 implanter des pratiques agricoles traditionnelles.<\/span><\/p>\n<p><img loading=\"lazy\" decoding=\"async\" class=\"alignnone wp-image-1177 size-full\" src=\"https:\/\/nationaltrustcanada.ca\/wp-content\/uploads\/2017\/04\/RegenWorks21440x800.jpg\" alt=\"\" width=\"1441\" height=\"802\" srcset=\"https:\/\/nationaltrustcanada.ca\/wp-content\/uploads\/2017\/04\/RegenWorks21440x800.jpg 1441w, https:\/\/nationaltrustcanada.ca\/wp-content\/uploads\/2017\/04\/RegenWorks21440x800-300x167.jpg 300w, https:\/\/nationaltrustcanada.ca\/wp-content\/uploads\/2017\/04\/RegenWorks21440x800-768x427.jpg 768w, https:\/\/nationaltrustcanada.ca\/wp-content\/uploads\/2017\/04\/RegenWorks21440x800-1024x570.jpg 1024w\" sizes=\"auto, (max-width: 1441px) 100vw, 1441px\" \/><\/p>\n<blockquote><p>\u00ab\u00a0Nous sommes une organisation de b\u00e9n\u00e9voles. Nous n\u2019avons ni l\u2019expertise ni l\u2019exp\u00e9rience de la Fiducie nationale. D\u00e9clic nous a montr\u00e9 la voie \u00e0 suivre. Nous sommes en marche, et ce ne serait pas arriv\u00e9 sans D\u00e9clic.\u00a0\u00bb Aggie-Rose Reddin, vice-pr\u00e9sidente, Glenaladale Heritage Trust, baie Tracadie (\u00cele-du-Prince-\u00c9douard)<\/p><\/blockquote>\n<p><a href=\"https:\/\/nationaltrustcanada.ca\/fr\/ce-que-vous-pouvez-faire\/faites-un-don\">Versez un don<\/a>, et aidez \u00e0 mettre D\u00e9clic \u00e0 l\u2019\u0153uvre.<\/p>\n<p><a href=\"https:\/\/regenerationworks.ca\/launch-pad-grant\/\"><strong>EN SAVOIR PLUS <\/strong><\/a><\/p>\n","protected":false},"excerpt":{"rendered":"<p>Inspirer et rapprocher les gens Nous savons que les petits organismes communautaires et les b\u00e9n\u00e9voles n\u2019ont pas toujours les moyens&#8230;<\/p>\n","protected":false},"author":4,"featured_media":0,"parent":1321,"menu_order":10,"comment_status":"closed","ping_status":"closed","template":"","meta":{"_acf_changed":false,"footnotes":""},"class_list":["post-3924","page","type-page","status-publish","hentry"],"acf":[],"yoast_head":"<!-- This site is optimized with the Yoast SEO plugin v26.3 - https:\/\/yoast.com\/wordpress\/plugins\/seo\/ -->\n<title>D\u00e9clic - Fiducie nationale du Canada<\/title>\n<meta name=\"robots\" content=\"index, follow, max-snippet:-1, max-image-preview:large, max-video-preview:-1\" \/>\n<link rel=\"canonical\" href=\"https:\/\/nationaltrustcanada.ca\/fr\/ce-que-vous-pouvez-faire\/faites-un-don\/declic\" \/>\n<meta property=\"og:locale\" content=\"fr_FR\" \/>\n<meta property=\"og:type\" content=\"article\" \/>\n<meta property=\"og:title\" content=\"D\u00e9clic - Fiducie nationale du Canada\" \/>\n<meta property=\"og:description\" content=\"Inspirer et rapprocher les gens Nous savons que les petits organismes communautaires et les b\u00e9n\u00e9voles n\u2019ont pas toujours les moyens...\" \/>\n<meta property=\"og:url\" content=\"https:\/\/nationaltrustcanada.ca\/fr\/ce-que-vous-pouvez-faire\/faites-un-don\/declic\" \/>\n<meta property=\"og:site_name\" content=\"Fiducie nationale du Canada\" \/>\n<meta property=\"article:modified_time\" content=\"2025-06-16T14:28:47+00:00\" \/>\n<meta property=\"og:image\" content=\"https:\/\/nationaltrustcanada.ca\/wp-content\/uploads\/2017\/04\/RegenWorks21440x800.jpg\" \/>\n\t<meta property=\"og:image:width\" content=\"1441\" \/>\n\t<meta property=\"og:image:height\" content=\"802\" \/>\n\t<meta property=\"og:image:type\" content=\"image\/jpeg\" \/>\n<meta name=\"twitter:card\" content=\"summary_large_image\" \/>\n<meta name=\"twitter:label1\" content=\"Dur\u00e9e de lecture estim\u00e9e\" \/>\n\t<meta name=\"twitter:data1\" content=\"2 minutes\" \/>\n<script type=\"application\/ld+json\" class=\"yoast-schema-graph\">{\"@context\":\"https:\/\/schema.org\",\"@graph\":[{\"@type\":\"WebPage\",\"@id\":\"https:\/\/nationaltrustcanada.ca\/fr\/ce-que-vous-pouvez-faire\/faites-un-don\/declic\",\"url\":\"https:\/\/nationaltrustcanada.ca\/fr\/ce-que-vous-pouvez-faire\/faites-un-don\/declic\",\"name\":\"D\u00e9clic - Fiducie nationale du Canada\",\"isPartOf\":{\"@id\":\"https:\/\/nationaltrustcanada.ca\/#website\"},\"primaryImageOfPage\":{\"@id\":\"https:\/\/nationaltrustcanada.ca\/fr\/ce-que-vous-pouvez-faire\/faites-un-don\/declic#primaryimage\"},\"image\":{\"@id\":\"https:\/\/nationaltrustcanada.ca\/fr\/ce-que-vous-pouvez-faire\/faites-un-don\/declic#primaryimage\"},\"thumbnailUrl\":\"https:\/\/nationaltrustcanada.ca\/wp-content\/uploads\/2017\/04\/RegenWorks21440x800.jpg\",\"datePublished\":\"2018-02-16T19:50:09+00:00\",\"dateModified\":\"2025-06-16T14:28:47+00:00\",\"breadcrumb\":{\"@id\":\"https:\/\/nationaltrustcanada.ca\/fr\/ce-que-vous-pouvez-faire\/faites-un-don\/declic#breadcrumb\"},\"inLanguage\":\"fr-FR\",\"potentialAction\":[{\"@type\":\"ReadAction\",\"target\":[\"https:\/\/nationaltrustcanada.ca\/fr\/ce-que-vous-pouvez-faire\/faites-un-don\/declic\"]}]},{\"@type\":\"ImageObject\",\"inLanguage\":\"fr-FR\",\"@id\":\"https:\/\/nationaltrustcanada.ca\/fr\/ce-que-vous-pouvez-faire\/faites-un-don\/declic#primaryimage\",\"url\":\"https:\/\/nationaltrustcanada.ca\/wp-content\/uploads\/2017\/04\/RegenWorks21440x800.jpg\",\"contentUrl\":\"https:\/\/nationaltrustcanada.ca\/wp-content\/uploads\/2017\/04\/RegenWorks21440x800.jpg\"},{\"@type\":\"BreadcrumbList\",\"@id\":\"https:\/\/nationaltrustcanada.ca\/fr\/ce-que-vous-pouvez-faire\/faites-un-don\/declic#breadcrumb\",\"itemListElement\":[{\"@type\":\"ListItem\",\"position\":1,\"name\":\"Home\",\"item\":\"https:\/\/nationaltrustcanada.ca\/fr\"},{\"@type\":\"ListItem\",\"position\":2,\"name\":\"Ce que vous pouvez faire\",\"item\":\"https:\/\/nationaltrustcanada.ca\/fr\/ce-que-vous-pouvez-faire\"},{\"@type\":\"ListItem\",\"position\":3,\"name\":\"Faites un don\",\"item\":\"https:\/\/nationaltrustcanada.ca\/fr\/ce-que-vous-pouvez-faire\/faites-un-don\"},{\"@type\":\"ListItem\",\"position\":4,\"name\":\"D\u00e9clic\"}]},{\"@type\":\"WebSite\",\"@id\":\"https:\/\/nationaltrustcanada.ca\/#website\",\"url\":\"https:\/\/nationaltrustcanada.ca\/\",\"name\":\"Fiducie nationale du Canada\",\"description\":\"Bringing Heritage to Life\",\"potentialAction\":[{\"@type\":\"SearchAction\",\"target\":{\"@type\":\"EntryPoint\",\"urlTemplate\":\"https:\/\/nationaltrustcanada.ca\/?s={search_term_string}\"},\"query-input\":{\"@type\":\"PropertyValueSpecification\",\"valueRequired\":true,\"valueName\":\"search_term_string\"}}],\"inLanguage\":\"fr-FR\"}]}<\/script>\n<!-- \/ Yoast SEO plugin. -->","yoast_head_json":{"title":"D\u00e9clic - Fiducie nationale du Canada","robots":{"index":"index","follow":"follow","max-snippet":"max-snippet:-1","max-image-preview":"max-image-preview:large","max-video-preview":"max-video-preview:-1"},"canonical":"https:\/\/nationaltrustcanada.ca\/fr\/ce-que-vous-pouvez-faire\/faites-un-don\/declic","og_locale":"fr_FR","og_type":"article","og_title":"D\u00e9clic - Fiducie nationale du Canada","og_description":"Inspirer et rapprocher les gens Nous savons que les petits organismes communautaires et les b\u00e9n\u00e9voles n\u2019ont pas toujours les moyens...","og_url":"https:\/\/nationaltrustcanada.ca\/fr\/ce-que-vous-pouvez-faire\/faites-un-don\/declic","og_site_name":"Fiducie nationale du Canada","article_modified_time":"2025-06-16T14:28:47+00:00","og_image":[{"width":1441,"height":802,"url":"https:\/\/nationaltrustcanada.ca\/wp-content\/uploads\/2017\/04\/RegenWorks21440x800.jpg","type":"image\/jpeg"}],"twitter_card":"summary_large_image","twitter_misc":{"Dur\u00e9e de lecture estim\u00e9e":"2 minutes"},"schema":{"@context":"https:\/\/schema.org","@graph":[{"@type":"WebPage","@id":"https:\/\/nationaltrustcanada.ca\/fr\/ce-que-vous-pouvez-faire\/faites-un-don\/declic","url":"https:\/\/nationaltrustcanada.ca\/fr\/ce-que-vous-pouvez-faire\/faites-un-don\/declic","name":"D\u00e9clic - Fiducie nationale du Canada","isPartOf":{"@id":"https:\/\/nationaltrustcanada.ca\/#website"},"primaryImageOfPage":{"@id":"https:\/\/nationaltrustcanada.ca\/fr\/ce-que-vous-pouvez-faire\/faites-un-don\/declic#primaryimage"},"image":{"@id":"https:\/\/nationaltrustcanada.ca\/fr\/ce-que-vous-pouvez-faire\/faites-un-don\/declic#primaryimage"},"thumbnailUrl":"https:\/\/nationaltrustcanada.ca\/wp-content\/uploads\/2017\/04\/RegenWorks21440x800.jpg","datePublished":"2018-02-16T19:50:09+00:00","dateModified":"2025-06-16T14:28:47+00:00","breadcrumb":{"@id":"https:\/\/nationaltrustcanada.ca\/fr\/ce-que-vous-pouvez-faire\/faites-un-don\/declic#breadcrumb"},"inLanguage":"fr-FR","potentialAction":[{"@type":"ReadAction","target":["https:\/\/nationaltrustcanada.ca\/fr\/ce-que-vous-pouvez-faire\/faites-un-don\/declic"]}]},{"@type":"ImageObject","inLanguage":"fr-FR","@id":"https:\/\/nationaltrustcanada.ca\/fr\/ce-que-vous-pouvez-faire\/faites-un-don\/declic#primaryimage","url":"https:\/\/nationaltrustcanada.ca\/wp-content\/uploads\/2017\/04\/RegenWorks21440x800.jpg","contentUrl":"https:\/\/nationaltrustcanada.ca\/wp-content\/uploads\/2017\/04\/RegenWorks21440x800.jpg"},{"@type":"BreadcrumbList","@id":"https:\/\/nationaltrustcanada.ca\/fr\/ce-que-vous-pouvez-faire\/faites-un-don\/declic#breadcrumb","itemListElement":[{"@type":"ListItem","position":1,"name":"Home","item":"https:\/\/nationaltrustcanada.ca\/fr"},{"@type":"ListItem","position":2,"name":"Ce que vous pouvez faire","item":"https:\/\/nationaltrustcanada.ca\/fr\/ce-que-vous-pouvez-faire"},{"@type":"ListItem","position":3,"name":"Faites un don","item":"https:\/\/nationaltrustcanada.ca\/fr\/ce-que-vous-pouvez-faire\/faites-un-don"},{"@type":"ListItem","position":4,"name":"D\u00e9clic"}]},{"@type":"WebSite","@id":"https:\/\/nationaltrustcanada.ca\/#website","url":"https:\/\/nationaltrustcanada.ca\/","name":"Fiducie nationale du Canada","description":"Bringing Heritage to Life","potentialAction":[{"@type":"SearchAction","target":{"@type":"EntryPoint","urlTemplate":"https:\/\/nationaltrustcanada.ca\/?s={search_term_string}"},"query-input":{"@type":"PropertyValueSpecification","valueRequired":true,"valueName":"search_term_string"}}],"inLanguage":"fr-FR"}]}},"_links":{"self":[{"href":"https:\/\/nationaltrustcanada.ca\/fr\/wp-json\/wp\/v2\/pages\/3924","targetHints":{"allow":["GET"]}}],"collection":[{"href":"https:\/\/nationaltrustcanada.ca\/fr\/wp-json\/wp\/v2\/pages"}],"about":[{"href":"https:\/\/nationaltrustcanada.ca\/fr\/wp-json\/wp\/v2\/types\/page"}],"author":[{"embeddable":true,"href":"https:\/\/nationaltrustcanada.ca\/fr\/wp-json\/wp\/v2\/users\/4"}],"replies":[{"embeddable":true,"href":"https:\/\/nationaltrustcanada.ca\/fr\/wp-json\/wp\/v2\/comments?post=3924"}],"version-history":[{"count":15,"href":"https:\/\/nationaltrustcanada.ca\/fr\/wp-json\/wp\/v2\/pages\/3924\/revisions"}],"predecessor-version":[{"id":21704,"href":"https:\/\/nationaltrustcanada.ca\/fr\/wp-json\/wp\/v2\/pages\/3924\/revisions\/21704"}],"up":[{"embeddable":true,"href":"https:\/\/nationaltrustcanada.ca\/fr\/wp-json\/wp\/v2\/pages\/1321"}],"wp:attachment":[{"href":"https:\/\/nationaltrustcanada.ca\/fr\/wp-json\/wp\/v2\/media?parent=3924"}],"curies":[{"name":"wp","href":"https:\/\/api.w.org\/{rel}","templated":true}]}}