{"id":3891,"date":"2018-02-16T12:08:48","date_gmt":"2018-02-16T17:08:48","guid":{"rendered":"https:\/\/nationaltrustcanada.ca?page_id=3891"},"modified":"2020-05-04T08:22:59","modified_gmt":"2020-05-04T12:22:59","slug":"faq-sur-les-candidatures-au-palmares-des-10-sites-les-plus-menaces","status":"publish","type":"page","link":"https:\/\/nationaltrustcanada.ca\/fr\/ce-que-nous-offrons\/liste-des-lieux-menaces\/faq-sur-les-candidatures-au-palmares-des-10-sites-les-plus-menaces","title":{"rendered":"FAQ sur les candidatures \u00e0 la liste des lieux menac\u00e9s"},"content":{"rendered":"<p><strong>Pourquoi est-ce que la Fiducie nationale \u00e9tablit chaque ann\u00e9e une liste des lieux menac\u00e9s?<\/strong><br \/>\nEn dressant chaque ann\u00e9e la liste des lieux menac\u00e9s, nous attirons l&rsquo;attention nationale sur les sites menac\u00e9s et apportons un surcro\u00eet d&rsquo;\u00e9nergie aux groupes qui s&rsquo;efforcent de les sauver.<\/p>\n<p><strong>Pourquoi est-ce que je devrais proposer la candidature d\u2019un site \u00e0 la liste des lieux menac\u00e9s?<\/strong><br \/>\nL\u2019attention m\u00e9diatique suscit\u00e9e par l\u2019inscription \u00e0 la liste a aid\u00e9 \u00e0 sauver des sites menac\u00e9s.<\/p>\n<p><strong>Comment est-ce que je peux proposer la candidature d\u2019un site \u00e0 la liste des lieux menac\u00e9s?<\/strong><br \/>\nC\u2019est facile! Remplissez le formulaire en ligne <a href=\"https:\/\/nationaltrustcanada.ca\/fr\/ce-que-nous-offrons\/liste-des-lieux-menaces\/proposez-la-candidature-dun-site-menace\">ici<\/a>.<\/p>\n<p><strong>Comment les sites menac\u00e9s inscrits \u00e0 la liste sont-ils choisis?<\/strong><br \/>\nLes candidatures sont examin\u00e9es par le personnel de la Fiducie nationale et choisies en consultation avec des sp\u00e9cialistes de partout au pays. Le nombre de places sur la liste est limit\u00e9, donc les lieux propos\u00e9s ne pourront pas tous y figurer.<\/p>\n<p><strong>Combien de temps est-ce que les lieux retenus resteront sur la Liste des lieux menac\u00e9s?<\/strong><br \/>\nLes lieux resteront sur la liste jusqu\u2019\u00e0 ce qu\u2019ils ne soient plus menac\u00e9s.<\/p>\n<p><strong>Quels genres de lieux peut-on proposer pour la liste des lieux menac\u00e9s?<br \/>\n<\/strong>Au Canada, il y a une grande vari\u00e9t\u00e9 de lieux historiques, et ils sont expos\u00e9s \u00e0 grande vari\u00e9t\u00e9 de menaces. Nous voulons que la liste des lieux menac\u00e9s repr\u00e9sente cette diversit\u00e9. Ils ne se limitent pas aux lieux du patrimoine d\u00e9sign\u00e9s, ni aux lieux qui datent d\u2019avant une certaine ann\u00e9e. Nous cherchons des lieux qui racontent un r\u00e9cit : des lieux auxquels la communaut\u00e9 est particuli\u00e8rement attach\u00e9e.<\/p>\n<p><strong>Le site menac\u00e9 que je propose doit-il \u00eatre d\u00e9sign\u00e9 en tant que lieu patrimonial?<\/strong><br \/>\nNon.<\/p>\n<p><strong>Je ne poss\u00e8de pas de photo du site que je propose, donc je ne peux pas en fournir une avec mon formulaire rempli de mise en candidature. Dans ce cas, qu\u2019arrive-t-il \u00e0 ma proposition?<\/strong><br \/>\nIl est certes utile que vous nous fournissiez une illustration originale haute r\u00e9solution du site que vous proposez, mais nous prenons aussi en consid\u00e9ration les propositions soumises sans illustration.<\/p>\n<p><strong>Qu\u2019est-ce que la Fiducie nationale et que fait-elle?<\/strong><\/p>\n<p>La Fiducie nationale du Canada est un organisme de bienfaisance enregistr\u00e9 d\u2019envergure nationale qui s\u2019emploie \u00e0 soutenir des lieux qui font vivre le patrimoine, parce que nous savons qu\u2019ils nous confortent.<\/p>\n<p>Nous fournissons un soutien qui change la donne \u00e0 des gens qui se soucient des lieux sp\u00e9ciaux, et nous mobilisons autant de Canadiens que possible pour assurer l\u2019avenir des lieux qui importent.<\/p>\n<p>Chaque ann\u00e9e, nous organisons la plus grande rencontre sur le patrimoine au Canada, nous r\u00e9unissons des centaines de personnes dans le cadre de nos programmes de formation et d\u2019accompagnement, et nous facilitons la cr\u00e9ation de centaines d\u2019emplois dans le domaine du patrimoine sous l\u2019\u00e9gide du programme Jeunesse Canada au travail. En outre, nous offrons \u00e0 nos membres de magnifiques destinations historiques \u00e0 visiter et d\u00e9couvrir ainsi que, dans notre magazine <em>Locale<\/em>, des r\u00e9cits inspirants sur des lieux historiques et les personnes qui veillent sur eux.<\/p>\n","protected":false},"excerpt":{"rendered":"<p>Pourquoi est-ce que la Fiducie nationale \u00e9tablit chaque ann\u00e9e une liste des lieux menac\u00e9s? En dressant chaque ann\u00e9e la liste&#8230;<\/p>\n","protected":false},"author":4,"featured_media":0,"parent":1351,"menu_order":0,"comment_status":"closed","ping_status":"closed","template":"","meta":{"_acf_changed":false,"footnotes":""},"class_list":["post-3891","page","type-page","status-publish","hentry"],"acf":[],"yoast_head":"<!-- This site is optimized with the Yoast SEO plugin v26.3 - https:\/\/yoast.com\/wordpress\/plugins\/seo\/ -->\n<title>FAQ sur les candidatures \u00e0 la liste des lieux menac\u00e9s - Fiducie nationale du Canada<\/title>\n<meta name=\"robots\" content=\"index, follow, max-snippet:-1, max-image-preview:large, max-video-preview:-1\" \/>\n<link rel=\"canonical\" href=\"https:\/\/nationaltrustcanada.ca\/fr\/ce-que-nous-offrons\/liste-des-lieux-menaces\/faq-sur-les-candidatures-au-palmares-des-10-sites-les-plus-menaces\" \/>\n<meta property=\"og:locale\" content=\"fr_FR\" \/>\n<meta property=\"og:type\" content=\"article\" \/>\n<meta property=\"og:title\" content=\"FAQ sur les candidatures \u00e0 la liste des lieux menac\u00e9s - Fiducie nationale du Canada\" \/>\n<meta property=\"og:description\" content=\"Pourquoi est-ce que la Fiducie nationale \u00e9tablit chaque ann\u00e9e une liste des lieux menac\u00e9s? En dressant chaque ann\u00e9e la liste...\" \/>\n<meta property=\"og:url\" content=\"https:\/\/nationaltrustcanada.ca\/fr\/ce-que-nous-offrons\/liste-des-lieux-menaces\/faq-sur-les-candidatures-au-palmares-des-10-sites-les-plus-menaces\" \/>\n<meta property=\"og:site_name\" content=\"Fiducie nationale du Canada\" \/>\n<meta property=\"article:modified_time\" content=\"2020-05-04T12:22:59+00:00\" \/>\n<meta name=\"twitter:card\" content=\"summary_large_image\" \/>\n<meta name=\"twitter:label1\" content=\"Dur\u00e9e de lecture estim\u00e9e\" \/>\n\t<meta name=\"twitter:data1\" content=\"3 minutes\" \/>\n<script type=\"application\/ld+json\" class=\"yoast-schema-graph\">{\"@context\":\"https:\/\/schema.org\",\"@graph\":[{\"@type\":\"WebPage\",\"@id\":\"https:\/\/nationaltrustcanada.ca\/fr\/ce-que-nous-offrons\/liste-des-lieux-menaces\/faq-sur-les-candidatures-au-palmares-des-10-sites-les-plus-menaces\",\"url\":\"https:\/\/nationaltrustcanada.ca\/fr\/ce-que-nous-offrons\/liste-des-lieux-menaces\/faq-sur-les-candidatures-au-palmares-des-10-sites-les-plus-menaces\",\"name\":\"FAQ sur les candidatures \u00e0 la liste des lieux menac\u00e9s - Fiducie nationale du Canada\",\"isPartOf\":{\"@id\":\"https:\/\/nationaltrustcanada.ca\/#website\"},\"datePublished\":\"2018-02-16T17:08:48+00:00\",\"dateModified\":\"2020-05-04T12:22:59+00:00\",\"breadcrumb\":{\"@id\":\"https:\/\/nationaltrustcanada.ca\/fr\/ce-que-nous-offrons\/liste-des-lieux-menaces\/faq-sur-les-candidatures-au-palmares-des-10-sites-les-plus-menaces#breadcrumb\"},\"inLanguage\":\"fr-FR\",\"potentialAction\":[{\"@type\":\"ReadAction\",\"target\":[\"https:\/\/nationaltrustcanada.ca\/fr\/ce-que-nous-offrons\/liste-des-lieux-menaces\/faq-sur-les-candidatures-au-palmares-des-10-sites-les-plus-menaces\"]}]},{\"@type\":\"BreadcrumbList\",\"@id\":\"https:\/\/nationaltrustcanada.ca\/fr\/ce-que-nous-offrons\/liste-des-lieux-menaces\/faq-sur-les-candidatures-au-palmares-des-10-sites-les-plus-menaces#breadcrumb\",\"itemListElement\":[{\"@type\":\"ListItem\",\"position\":1,\"name\":\"Home\",\"item\":\"https:\/\/nationaltrustcanada.ca\/fr\"},{\"@type\":\"ListItem\",\"position\":2,\"name\":\"Ce que nous offrons\",\"item\":\"https:\/\/nationaltrustcanada.ca\/fr\/ce-que-nous-offrons\"},{\"@type\":\"ListItem\",\"position\":3,\"name\":\"Liste des lieux menac\u00e9s\",\"item\":\"https:\/\/nationaltrustcanada.ca\/fr\/ce-que-nous-offrons\/liste-des-lieux-menaces\"},{\"@type\":\"ListItem\",\"position\":4,\"name\":\"FAQ sur les candidatures \u00e0 la liste des lieux menac\u00e9s\"}]},{\"@type\":\"WebSite\",\"@id\":\"https:\/\/nationaltrustcanada.ca\/#website\",\"url\":\"https:\/\/nationaltrustcanada.ca\/\",\"name\":\"Fiducie nationale du Canada\",\"description\":\"Bringing Heritage to Life\",\"potentialAction\":[{\"@type\":\"SearchAction\",\"target\":{\"@type\":\"EntryPoint\",\"urlTemplate\":\"https:\/\/nationaltrustcanada.ca\/?s={search_term_string}\"},\"query-input\":{\"@type\":\"PropertyValueSpecification\",\"valueRequired\":true,\"valueName\":\"search_term_string\"}}],\"inLanguage\":\"fr-FR\"}]}<\/script>\n<!-- \/ Yoast SEO plugin. -->","yoast_head_json":{"title":"FAQ sur les candidatures \u00e0 la liste des lieux menac\u00e9s - Fiducie nationale du Canada","robots":{"index":"index","follow":"follow","max-snippet":"max-snippet:-1","max-image-preview":"max-image-preview:large","max-video-preview":"max-video-preview:-1"},"canonical":"https:\/\/nationaltrustcanada.ca\/fr\/ce-que-nous-offrons\/liste-des-lieux-menaces\/faq-sur-les-candidatures-au-palmares-des-10-sites-les-plus-menaces","og_locale":"fr_FR","og_type":"article","og_title":"FAQ sur les candidatures \u00e0 la liste des lieux menac\u00e9s - Fiducie nationale du Canada","og_description":"Pourquoi est-ce que la Fiducie nationale \u00e9tablit chaque ann\u00e9e une liste des lieux menac\u00e9s? En dressant chaque ann\u00e9e la liste...","og_url":"https:\/\/nationaltrustcanada.ca\/fr\/ce-que-nous-offrons\/liste-des-lieux-menaces\/faq-sur-les-candidatures-au-palmares-des-10-sites-les-plus-menaces","og_site_name":"Fiducie nationale du Canada","article_modified_time":"2020-05-04T12:22:59+00:00","twitter_card":"summary_large_image","twitter_misc":{"Dur\u00e9e de lecture estim\u00e9e":"3 minutes"},"schema":{"@context":"https:\/\/schema.org","@graph":[{"@type":"WebPage","@id":"https:\/\/nationaltrustcanada.ca\/fr\/ce-que-nous-offrons\/liste-des-lieux-menaces\/faq-sur-les-candidatures-au-palmares-des-10-sites-les-plus-menaces","url":"https:\/\/nationaltrustcanada.ca\/fr\/ce-que-nous-offrons\/liste-des-lieux-menaces\/faq-sur-les-candidatures-au-palmares-des-10-sites-les-plus-menaces","name":"FAQ sur les candidatures \u00e0 la liste des lieux menac\u00e9s - Fiducie nationale du Canada","isPartOf":{"@id":"https:\/\/nationaltrustcanada.ca\/#website"},"datePublished":"2018-02-16T17:08:48+00:00","dateModified":"2020-05-04T12:22:59+00:00","breadcrumb":{"@id":"https:\/\/nationaltrustcanada.ca\/fr\/ce-que-nous-offrons\/liste-des-lieux-menaces\/faq-sur-les-candidatures-au-palmares-des-10-sites-les-plus-menaces#breadcrumb"},"inLanguage":"fr-FR","potentialAction":[{"@type":"ReadAction","target":["https:\/\/nationaltrustcanada.ca\/fr\/ce-que-nous-offrons\/liste-des-lieux-menaces\/faq-sur-les-candidatures-au-palmares-des-10-sites-les-plus-menaces"]}]},{"@type":"BreadcrumbList","@id":"https:\/\/nationaltrustcanada.ca\/fr\/ce-que-nous-offrons\/liste-des-lieux-menaces\/faq-sur-les-candidatures-au-palmares-des-10-sites-les-plus-menaces#breadcrumb","itemListElement":[{"@type":"ListItem","position":1,"name":"Home","item":"https:\/\/nationaltrustcanada.ca\/fr"},{"@type":"ListItem","position":2,"name":"Ce que nous offrons","item":"https:\/\/nationaltrustcanada.ca\/fr\/ce-que-nous-offrons"},{"@type":"ListItem","position":3,"name":"Liste des lieux menac\u00e9s","item":"https:\/\/nationaltrustcanada.ca\/fr\/ce-que-nous-offrons\/liste-des-lieux-menaces"},{"@type":"ListItem","position":4,"name":"FAQ sur les candidatures \u00e0 la liste des lieux menac\u00e9s"}]},{"@type":"WebSite","@id":"https:\/\/nationaltrustcanada.ca\/#website","url":"https:\/\/nationaltrustcanada.ca\/","name":"Fiducie nationale du Canada","description":"Bringing Heritage to Life","potentialAction":[{"@type":"SearchAction","target":{"@type":"EntryPoint","urlTemplate":"https:\/\/nationaltrustcanada.ca\/?s={search_term_string}"},"query-input":{"@type":"PropertyValueSpecification","valueRequired":true,"valueName":"search_term_string"}}],"inLanguage":"fr-FR"}]}},"_links":{"self":[{"href":"https:\/\/nationaltrustcanada.ca\/fr\/wp-json\/wp\/v2\/pages\/3891","targetHints":{"allow":["GET"]}}],"collection":[{"href":"https:\/\/nationaltrustcanada.ca\/fr\/wp-json\/wp\/v2\/pages"}],"about":[{"href":"https:\/\/nationaltrustcanada.ca\/fr\/wp-json\/wp\/v2\/types\/page"}],"author":[{"embeddable":true,"href":"https:\/\/nationaltrustcanada.ca\/fr\/wp-json\/wp\/v2\/users\/4"}],"replies":[{"embeddable":true,"href":"https:\/\/nationaltrustcanada.ca\/fr\/wp-json\/wp\/v2\/comments?post=3891"}],"version-history":[{"count":12,"href":"https:\/\/nationaltrustcanada.ca\/fr\/wp-json\/wp\/v2\/pages\/3891\/revisions"}],"predecessor-version":[{"id":9382,"href":"https:\/\/nationaltrustcanada.ca\/fr\/wp-json\/wp\/v2\/pages\/3891\/revisions\/9382"}],"up":[{"embeddable":true,"href":"https:\/\/nationaltrustcanada.ca\/fr\/wp-json\/wp\/v2\/pages\/1351"}],"wp:attachment":[{"href":"https:\/\/nationaltrustcanada.ca\/fr\/wp-json\/wp\/v2\/media?parent=3891"}],"curies":[{"name":"wp","href":"https:\/\/api.w.org\/{rel}","templated":true}]}}