{"id":3873,"date":"2019-02-22T15:40:50","date_gmt":"2019-02-22T20:40:50","guid":{"rendered":"https:\/\/nationaltrustcanada.ca?page_id=3873"},"modified":"2019-04-08T10:23:43","modified_gmt":"2019-04-08T14:23:43","slug":"reglements-generaux","status":"publish","type":"page","link":"https:\/\/nationaltrustcanada.ca\/fr\/ce-que-vous-pouvez-faire\/prix\/reglements-generaux","title":{"rendered":"R\u00e8glements g\u00e9n\u00e9raux"},"content":{"rendered":"<p>&nbsp;<\/p>\n<ul style=\"margin-left:.2in;text-indent:-.2in\">\n<li>Les membres actuels du conseil d\u2019administration et du personnel de la Fiducie nationale peuvent encourager des candidatures, mais ne peuvent pas en proposer eux-m\u00eames, ni pr\u00e9parer des dossiers de candidature. Des projets ou des lieux directement associ\u00e9s \u00e0 des membres actuels du conseil d\u2019administration ou du personnel de la Fiducie nationale ou \u00e0 des membres de leur famille imm\u00e9diate ne sont pas admissibles.<\/li>\n<li>Tous les jur\u00e9s signent un formulaire de d\u00e9claration de conflits d\u2019int\u00e9r\u00eats et de confidentialit\u00e9, et ils s\u2019abstiendront : (i) de juger des candidatures avec lesquelles ils sont affili\u00e9s ou ont un lien d\u2019emploi; (ii) de juger des candidatures qu\u2019ils ne peuvent pas objectivement \u00e9valuer en fonction des crit\u00e8res d\u00e9sign\u00e9s.<\/li>\n<li>La Fiducie nationale du Canada se r\u00e9serve le droit d\u2019utiliser des documents de candidature pour la promotion des prix nationaux du patrimoine. Peuvent en faire partie des images, des vid\u00e9os et du texte. La Fiducie nationale suppose que les personnes soumettant des documents ont les droits de propri\u00e9t\u00e9 voulus ou la permission de la ou des parties pertinentes pour soumettre l\u2019ouvrage qu\u2019elles pr\u00e9sentent. La Fiducie nationale ne peut \u00eatre tenue responsable d\u2019aucune violation de droits d\u2019auteur de la part de proposants ou de personnes soumettant des dossiers.<\/li>\n<li>La Fiducie nationale se r\u00e9serve le droit de r\u00e9voquer un prix dans l\u2019ann\u00e9e au cours de laquelle il a \u00e9t\u00e9 octroy\u00e9.<\/li>\n<li>La Fiducie nationale se r\u00e9serve \u00e9galement le droit de r\u00e9voquer un prix si elle estime qu\u2019il est justifi\u00e9 de le faire.<\/li>\n<li>Des projets et des lieux qui n&rsquo;ont pas re\u00e7u un prix peuvent \u00eatre \u00e0 nouveau candidats les ann\u00e9es suivantes.<\/li>\n<\/ul>\n<hr \/>\n","protected":false},"excerpt":{"rendered":"<p>&nbsp; Les membres actuels du conseil d\u2019administration et du personnel de la Fiducie nationale peuvent encourager des candidatures, mais ne&#8230;<\/p>\n","protected":false},"author":8,"featured_media":0,"parent":1433,"menu_order":0,"comment_status":"closed","ping_status":"closed","template":"","meta":{"_acf_changed":false,"footnotes":""},"class_list":["post-3873","page","type-page","status-publish","hentry"],"acf":[],"yoast_head":"<!-- This site is optimized with the Yoast SEO plugin v26.3 - https:\/\/yoast.com\/wordpress\/plugins\/seo\/ -->\n<title>R\u00e8glements g\u00e9n\u00e9raux - Fiducie nationale du Canada<\/title>\n<meta name=\"robots\" content=\"index, follow, max-snippet:-1, max-image-preview:large, max-video-preview:-1\" \/>\n<link rel=\"canonical\" href=\"https:\/\/nationaltrustcanada.ca\/fr\/ce-que-vous-pouvez-faire\/prix\/reglements-generaux\" \/>\n<meta property=\"og:locale\" content=\"fr_FR\" \/>\n<meta property=\"og:type\" content=\"article\" \/>\n<meta property=\"og:title\" content=\"R\u00e8glements g\u00e9n\u00e9raux - Fiducie nationale du Canada\" \/>\n<meta property=\"og:description\" content=\"&nbsp; Les membres actuels du conseil d\u2019administration et du personnel de la Fiducie nationale peuvent encourager des candidatures, mais ne...\" \/>\n<meta property=\"og:url\" content=\"https:\/\/nationaltrustcanada.ca\/fr\/ce-que-vous-pouvez-faire\/prix\/reglements-generaux\" \/>\n<meta property=\"og:site_name\" content=\"Fiducie nationale du Canada\" \/>\n<meta property=\"article:modified_time\" content=\"2019-04-08T14:23:43+00:00\" \/>\n<meta name=\"twitter:card\" content=\"summary_large_image\" \/>\n<meta name=\"twitter:label1\" content=\"Dur\u00e9e de lecture estim\u00e9e\" \/>\n\t<meta name=\"twitter:data1\" content=\"1 minute\" \/>\n<script type=\"application\/ld+json\" class=\"yoast-schema-graph\">{\"@context\":\"https:\/\/schema.org\",\"@graph\":[{\"@type\":\"WebPage\",\"@id\":\"https:\/\/nationaltrustcanada.ca\/fr\/ce-que-vous-pouvez-faire\/prix\/reglements-generaux\",\"url\":\"https:\/\/nationaltrustcanada.ca\/fr\/ce-que-vous-pouvez-faire\/prix\/reglements-generaux\",\"name\":\"R\u00e8glements g\u00e9n\u00e9raux - Fiducie nationale du Canada\",\"isPartOf\":{\"@id\":\"https:\/\/nationaltrustcanada.ca\/#website\"},\"datePublished\":\"2019-02-22T20:40:50+00:00\",\"dateModified\":\"2019-04-08T14:23:43+00:00\",\"breadcrumb\":{\"@id\":\"https:\/\/nationaltrustcanada.ca\/fr\/ce-que-vous-pouvez-faire\/prix\/reglements-generaux#breadcrumb\"},\"inLanguage\":\"fr-FR\",\"potentialAction\":[{\"@type\":\"ReadAction\",\"target\":[\"https:\/\/nationaltrustcanada.ca\/fr\/ce-que-vous-pouvez-faire\/prix\/reglements-generaux\"]}]},{\"@type\":\"BreadcrumbList\",\"@id\":\"https:\/\/nationaltrustcanada.ca\/fr\/ce-que-vous-pouvez-faire\/prix\/reglements-generaux#breadcrumb\",\"itemListElement\":[{\"@type\":\"ListItem\",\"position\":1,\"name\":\"Home\",\"item\":\"https:\/\/nationaltrustcanada.ca\/fr\"},{\"@type\":\"ListItem\",\"position\":2,\"name\":\"Ce que vous pouvez faire\",\"item\":\"https:\/\/nationaltrustcanada.ca\/fr\/ce-que-vous-pouvez-faire\"},{\"@type\":\"ListItem\",\"position\":3,\"name\":\"Prix et d\u00e9corations\",\"item\":\"https:\/\/nationaltrustcanada.ca\/fr\/ce-que-vous-pouvez-faire\/prix\"},{\"@type\":\"ListItem\",\"position\":4,\"name\":\"R\u00e8glements g\u00e9n\u00e9raux\"}]},{\"@type\":\"WebSite\",\"@id\":\"https:\/\/nationaltrustcanada.ca\/#website\",\"url\":\"https:\/\/nationaltrustcanada.ca\/\",\"name\":\"Fiducie nationale du Canada\",\"description\":\"Bringing Heritage to Life\",\"potentialAction\":[{\"@type\":\"SearchAction\",\"target\":{\"@type\":\"EntryPoint\",\"urlTemplate\":\"https:\/\/nationaltrustcanada.ca\/?s={search_term_string}\"},\"query-input\":{\"@type\":\"PropertyValueSpecification\",\"valueRequired\":true,\"valueName\":\"search_term_string\"}}],\"inLanguage\":\"fr-FR\"}]}<\/script>\n<!-- \/ Yoast SEO plugin. -->","yoast_head_json":{"title":"R\u00e8glements g\u00e9n\u00e9raux - Fiducie nationale du Canada","robots":{"index":"index","follow":"follow","max-snippet":"max-snippet:-1","max-image-preview":"max-image-preview:large","max-video-preview":"max-video-preview:-1"},"canonical":"https:\/\/nationaltrustcanada.ca\/fr\/ce-que-vous-pouvez-faire\/prix\/reglements-generaux","og_locale":"fr_FR","og_type":"article","og_title":"R\u00e8glements g\u00e9n\u00e9raux - Fiducie nationale du Canada","og_description":"&nbsp; Les membres actuels du conseil d\u2019administration et du personnel de la Fiducie nationale peuvent encourager des candidatures, mais ne...","og_url":"https:\/\/nationaltrustcanada.ca\/fr\/ce-que-vous-pouvez-faire\/prix\/reglements-generaux","og_site_name":"Fiducie nationale du Canada","article_modified_time":"2019-04-08T14:23:43+00:00","twitter_card":"summary_large_image","twitter_misc":{"Dur\u00e9e de lecture estim\u00e9e":"1 minute"},"schema":{"@context":"https:\/\/schema.org","@graph":[{"@type":"WebPage","@id":"https:\/\/nationaltrustcanada.ca\/fr\/ce-que-vous-pouvez-faire\/prix\/reglements-generaux","url":"https:\/\/nationaltrustcanada.ca\/fr\/ce-que-vous-pouvez-faire\/prix\/reglements-generaux","name":"R\u00e8glements g\u00e9n\u00e9raux - Fiducie nationale du Canada","isPartOf":{"@id":"https:\/\/nationaltrustcanada.ca\/#website"},"datePublished":"2019-02-22T20:40:50+00:00","dateModified":"2019-04-08T14:23:43+00:00","breadcrumb":{"@id":"https:\/\/nationaltrustcanada.ca\/fr\/ce-que-vous-pouvez-faire\/prix\/reglements-generaux#breadcrumb"},"inLanguage":"fr-FR","potentialAction":[{"@type":"ReadAction","target":["https:\/\/nationaltrustcanada.ca\/fr\/ce-que-vous-pouvez-faire\/prix\/reglements-generaux"]}]},{"@type":"BreadcrumbList","@id":"https:\/\/nationaltrustcanada.ca\/fr\/ce-que-vous-pouvez-faire\/prix\/reglements-generaux#breadcrumb","itemListElement":[{"@type":"ListItem","position":1,"name":"Home","item":"https:\/\/nationaltrustcanada.ca\/fr"},{"@type":"ListItem","position":2,"name":"Ce que vous pouvez faire","item":"https:\/\/nationaltrustcanada.ca\/fr\/ce-que-vous-pouvez-faire"},{"@type":"ListItem","position":3,"name":"Prix et d\u00e9corations","item":"https:\/\/nationaltrustcanada.ca\/fr\/ce-que-vous-pouvez-faire\/prix"},{"@type":"ListItem","position":4,"name":"R\u00e8glements g\u00e9n\u00e9raux"}]},{"@type":"WebSite","@id":"https:\/\/nationaltrustcanada.ca\/#website","url":"https:\/\/nationaltrustcanada.ca\/","name":"Fiducie nationale du Canada","description":"Bringing Heritage to Life","potentialAction":[{"@type":"SearchAction","target":{"@type":"EntryPoint","urlTemplate":"https:\/\/nationaltrustcanada.ca\/?s={search_term_string}"},"query-input":{"@type":"PropertyValueSpecification","valueRequired":true,"valueName":"search_term_string"}}],"inLanguage":"fr-FR"}]}},"_links":{"self":[{"href":"https:\/\/nationaltrustcanada.ca\/fr\/wp-json\/wp\/v2\/pages\/3873","targetHints":{"allow":["GET"]}}],"collection":[{"href":"https:\/\/nationaltrustcanada.ca\/fr\/wp-json\/wp\/v2\/pages"}],"about":[{"href":"https:\/\/nationaltrustcanada.ca\/fr\/wp-json\/wp\/v2\/types\/page"}],"author":[{"embeddable":true,"href":"https:\/\/nationaltrustcanada.ca\/fr\/wp-json\/wp\/v2\/users\/8"}],"replies":[{"embeddable":true,"href":"https:\/\/nationaltrustcanada.ca\/fr\/wp-json\/wp\/v2\/comments?post=3873"}],"version-history":[{"count":9,"href":"https:\/\/nationaltrustcanada.ca\/fr\/wp-json\/wp\/v2\/pages\/3873\/revisions"}],"predecessor-version":[{"id":6451,"href":"https:\/\/nationaltrustcanada.ca\/fr\/wp-json\/wp\/v2\/pages\/3873\/revisions\/6451"}],"up":[{"embeddable":true,"href":"https:\/\/nationaltrustcanada.ca\/fr\/wp-json\/wp\/v2\/pages\/1433"}],"wp:attachment":[{"href":"https:\/\/nationaltrustcanada.ca\/fr\/wp-json\/wp\/v2\/media?parent=3873"}],"curies":[{"name":"wp","href":"https:\/\/api.w.org\/{rel}","templated":true}]}}