{"id":3818,"date":"2018-02-22T11:23:36","date_gmt":"2018-02-22T16:23:36","guid":{"rendered":"https:\/\/nationaltrustcanada.ca?page_id=3818"},"modified":"2022-05-19T09:23:01","modified_gmt":"2022-05-19T13:23:01","slug":"prix-du-prince-de-galles","status":"publish","type":"page","link":"https:\/\/nationaltrustcanada.ca\/fr\/ce-que-vous-pouvez-faire\/prix\/prix-du-prince-de-galles","title":{"rendered":"Prix du prince de Galles"},"content":{"rendered":"<hr \/>\n<p><img loading=\"lazy\" decoding=\"async\" id=\"pow\" class=\"wp-image-1097 size-full alignleft\" style=\"margin-left: 20px;\" src=\"https:\/\/nationaltrustcanada.ca\/wp-content\/uploads\/2017\/11\/PoWP-logo-300x139.jpeg\" alt=\"\" width=\"300\" height=\"139\" align=\"right\" \/><\/p>\n<p>Le Prix du prince de Galles rend hommage \u00e0 des collectivit\u00e9s et \u00e0 leurs gouvernements locaux qui ont soigneusement pr\u00e9serv\u00e9 le patrimoine d\u2019un village, d\u2019une ville, d\u2019une r\u00e9gion rurale, d&rsquo;une r\u00e9serve ou d&rsquo;une collectivit\u00e9 des Premi\u00e8res Nations, ou d\u2019un quartier. <\/p>\n<p>Seront privil\u00e9gi\u00e9s les endroits qui s\u2019efforcent depuis longtemps de faire vivre le patrimoine et ont obtenu des r\u00e9sultats probants gr\u00e2ce \u00e0 une combinaison de volont\u00e9 de la part des \u00e9lus, de politiques judicieuses et de mobilisation citoyenne.<\/p>\n<p>Dans l\u2019optique des principes de conservation du prince de Galles, les candidatures devraient pr\u00e9ciser comment la collectivit\u00e9 aborde :<\/p>\n<ul>\n<li>la conservation du patrimoine,<\/li>\n<li>la pr\u00e9servation de la pertinence du patrimoine \u2013 en assurant de l\u2019activit\u00e9 dans les quartiers patrimoniaux et en trouvant de nouvelles utilisations pour les biens patrimoniaux,<\/li>\n<li>l\u2019int\u00e9gration harmonieuse de nouvelles constructions \u00e0 des quartiers historiques \u2013 en assurant la continuit\u00e9 et le respect du contexte dans le temps,<\/li>\n<li>les avantages sur les plans de la viabilit\u00e9 \u00e9conomique, environnementale et sociale et de la qualit\u00e9 de vie d\u00e9coulant des investissements et de l\u2019engagement de la municipalit\u00e9 en faveur de la conservation du patrimoine.<\/li>\n<\/ul>\n<h4>Crit\u00e8res d\u2019admissibilit\u00e9<\/h4>\n<p>Toutes collectivit\u00e9s et leurs gouvernements locaux, y compris un gouvernement d\u2019une Premi\u00e8re Nation, peuvent \u00eatre mis en candidature au Prix du prince de Galles. Les auto-candidatures sont les bienvenues.<\/p>\n<h4>Prix et pr\u00e9sentation<\/h4>\n<p>Le laur\u00e9at sera honor\u00e9 lors d\u2019une r\u00e9ception pendant la Conf\u00e9rence de la Fiducie nationale. La pr\u00e9sentation du Prix peut \u00eatre faite par SAR le prince de Galles si possible, ou sinon par un autre membre de la famille royale \u2013 si la pr\u00e9sentation co\u00efncide avec une visite royale \u2013 ou encore par un repr\u00e9sentant acceptable au prince de Galles comme le gouverneur g\u00e9n\u00e9ral, un lieutenant-gouverneur, un ministre de la Couronne ou un repr\u00e9sentant d\u00e9sign\u00e9 de l\u2019organisme La Fondation du prince au Canada.<\/p>\n<p>Nous inviterons des personnes et des organisations associ\u00e9es \u00e0 chacun des candidats pr\u00e9s\u00e9lectionn\u00e9s \u00e0 pr\u00e9senter un dossier plus \u00e9toff\u00e9 que nos jurys ind\u00e9pendants examineront. Les personnes et organisations associ\u00e9es avec le gagnant seront invit\u00e9es \u00e0 participer \u00e0 une s\u00e9ance \u00ab cercle des vainqueurs \u00bb lors de la Conf\u00e9rence de la Fiducie nationale. Elles seront aussi honor\u00e9es lors d\u2019activit\u00e9s sp\u00e9ciales des prix.<\/p>\n<p>Le prix est pr\u00e9sent\u00e9 au repr\u00e9sentant d\u00e9sign\u00e9 \u2013 maire, dirigeant d\u2019une association, chef de bande, conseiller ou autre. Il consiste en un certificat encadr\u00e9 et un drapeau portant le logo du Prix du prince de Galles, destin\u00e9 soit \u00e0 flotter \u00e0 l\u2019ext\u00e9rieur des locaux du laur\u00e9at, soit \u00e0 \u00eatre mis en montre \u00e0 titre permanent. Le logo du Prix du prince de Galles doit \u00eatre affich\u00e9 sur la page d\u2019accueil du site Web du laur\u00e9at.<\/p>\n<hr \/>\n","protected":false},"excerpt":{"rendered":"<p>Le Prix du prince de Galles rend hommage \u00e0 des collectivit\u00e9s et \u00e0 leurs gouvernements locaux qui ont soigneusement pr\u00e9serv\u00e9&#8230;<\/p>\n","protected":false},"author":8,"featured_media":0,"parent":1433,"menu_order":0,"comment_status":"closed","ping_status":"closed","template":"","meta":{"_acf_changed":false,"footnotes":""},"class_list":["post-3818","page","type-page","status-publish","hentry"],"acf":[],"yoast_head":"<!-- This site is optimized with the Yoast SEO plugin v26.3 - https:\/\/yoast.com\/wordpress\/plugins\/seo\/ -->\n<title>Prix du prince de Galles - Fiducie nationale du Canada<\/title>\n<meta name=\"robots\" content=\"index, follow, max-snippet:-1, max-image-preview:large, max-video-preview:-1\" \/>\n<link rel=\"canonical\" href=\"https:\/\/nationaltrustcanada.ca\/fr\/ce-que-vous-pouvez-faire\/prix\/prix-du-prince-de-galles\" \/>\n<meta property=\"og:locale\" content=\"fr_FR\" \/>\n<meta property=\"og:type\" content=\"article\" \/>\n<meta property=\"og:title\" content=\"Prix du prince de Galles - Fiducie nationale du Canada\" \/>\n<meta property=\"og:description\" content=\"Le Prix du prince de Galles rend hommage \u00e0 des collectivit\u00e9s et \u00e0 leurs gouvernements locaux qui ont soigneusement pr\u00e9serv\u00e9...\" \/>\n<meta property=\"og:url\" content=\"https:\/\/nationaltrustcanada.ca\/fr\/ce-que-vous-pouvez-faire\/prix\/prix-du-prince-de-galles\" \/>\n<meta property=\"og:site_name\" content=\"Fiducie nationale du Canada\" \/>\n<meta property=\"article:modified_time\" content=\"2022-05-19T13:23:01+00:00\" \/>\n<meta property=\"og:image\" content=\"https:\/\/nationaltrustcanada.ca\/wp-content\/uploads\/2017\/11\/PoWP-logo-300x139.jpeg\" \/>\n<meta name=\"twitter:card\" content=\"summary_large_image\" \/>\n<meta name=\"twitter:label1\" content=\"Dur\u00e9e de lecture estim\u00e9e\" \/>\n\t<meta name=\"twitter:data1\" content=\"2 minutes\" \/>\n<script type=\"application\/ld+json\" class=\"yoast-schema-graph\">{\"@context\":\"https:\/\/schema.org\",\"@graph\":[{\"@type\":\"WebPage\",\"@id\":\"https:\/\/nationaltrustcanada.ca\/fr\/ce-que-vous-pouvez-faire\/prix\/prix-du-prince-de-galles\",\"url\":\"https:\/\/nationaltrustcanada.ca\/fr\/ce-que-vous-pouvez-faire\/prix\/prix-du-prince-de-galles\",\"name\":\"Prix du prince de Galles - Fiducie nationale du Canada\",\"isPartOf\":{\"@id\":\"https:\/\/nationaltrustcanada.ca\/#website\"},\"primaryImageOfPage\":{\"@id\":\"https:\/\/nationaltrustcanada.ca\/fr\/ce-que-vous-pouvez-faire\/prix\/prix-du-prince-de-galles#primaryimage\"},\"image\":{\"@id\":\"https:\/\/nationaltrustcanada.ca\/fr\/ce-que-vous-pouvez-faire\/prix\/prix-du-prince-de-galles#primaryimage\"},\"thumbnailUrl\":\"https:\/\/nationaltrustcanada.ca\/wp-content\/uploads\/2017\/11\/PoWP-logo-300x139.jpeg\",\"datePublished\":\"2018-02-22T16:23:36+00:00\",\"dateModified\":\"2022-05-19T13:23:01+00:00\",\"breadcrumb\":{\"@id\":\"https:\/\/nationaltrustcanada.ca\/fr\/ce-que-vous-pouvez-faire\/prix\/prix-du-prince-de-galles#breadcrumb\"},\"inLanguage\":\"fr-FR\",\"potentialAction\":[{\"@type\":\"ReadAction\",\"target\":[\"https:\/\/nationaltrustcanada.ca\/fr\/ce-que-vous-pouvez-faire\/prix\/prix-du-prince-de-galles\"]}]},{\"@type\":\"ImageObject\",\"inLanguage\":\"fr-FR\",\"@id\":\"https:\/\/nationaltrustcanada.ca\/fr\/ce-que-vous-pouvez-faire\/prix\/prix-du-prince-de-galles#primaryimage\",\"url\":\"https:\/\/nationaltrustcanada.ca\/wp-content\/uploads\/2017\/11\/PoWP-logo-300x139.jpeg\",\"contentUrl\":\"https:\/\/nationaltrustcanada.ca\/wp-content\/uploads\/2017\/11\/PoWP-logo-300x139.jpeg\"},{\"@type\":\"BreadcrumbList\",\"@id\":\"https:\/\/nationaltrustcanada.ca\/fr\/ce-que-vous-pouvez-faire\/prix\/prix-du-prince-de-galles#breadcrumb\",\"itemListElement\":[{\"@type\":\"ListItem\",\"position\":1,\"name\":\"Home\",\"item\":\"https:\/\/nationaltrustcanada.ca\/fr\"},{\"@type\":\"ListItem\",\"position\":2,\"name\":\"Ce que vous pouvez faire\",\"item\":\"https:\/\/nationaltrustcanada.ca\/fr\/ce-que-vous-pouvez-faire\"},{\"@type\":\"ListItem\",\"position\":3,\"name\":\"Prix et d\u00e9corations\",\"item\":\"https:\/\/nationaltrustcanada.ca\/fr\/ce-que-vous-pouvez-faire\/prix\"},{\"@type\":\"ListItem\",\"position\":4,\"name\":\"Prix du prince de Galles\"}]},{\"@type\":\"WebSite\",\"@id\":\"https:\/\/nationaltrustcanada.ca\/#website\",\"url\":\"https:\/\/nationaltrustcanada.ca\/\",\"name\":\"Fiducie nationale du Canada\",\"description\":\"Bringing Heritage to Life\",\"potentialAction\":[{\"@type\":\"SearchAction\",\"target\":{\"@type\":\"EntryPoint\",\"urlTemplate\":\"https:\/\/nationaltrustcanada.ca\/?s={search_term_string}\"},\"query-input\":{\"@type\":\"PropertyValueSpecification\",\"valueRequired\":true,\"valueName\":\"search_term_string\"}}],\"inLanguage\":\"fr-FR\"}]}<\/script>\n<!-- \/ Yoast SEO plugin. -->","yoast_head_json":{"title":"Prix du prince de Galles - Fiducie nationale du Canada","robots":{"index":"index","follow":"follow","max-snippet":"max-snippet:-1","max-image-preview":"max-image-preview:large","max-video-preview":"max-video-preview:-1"},"canonical":"https:\/\/nationaltrustcanada.ca\/fr\/ce-que-vous-pouvez-faire\/prix\/prix-du-prince-de-galles","og_locale":"fr_FR","og_type":"article","og_title":"Prix du prince de Galles - Fiducie nationale du Canada","og_description":"Le Prix du prince de Galles rend hommage \u00e0 des collectivit\u00e9s et \u00e0 leurs gouvernements locaux qui ont soigneusement pr\u00e9serv\u00e9...","og_url":"https:\/\/nationaltrustcanada.ca\/fr\/ce-que-vous-pouvez-faire\/prix\/prix-du-prince-de-galles","og_site_name":"Fiducie nationale du Canada","article_modified_time":"2022-05-19T13:23:01+00:00","og_image":[{"url":"https:\/\/nationaltrustcanada.ca\/wp-content\/uploads\/2017\/11\/PoWP-logo-300x139.jpeg","type":"","width":"","height":""}],"twitter_card":"summary_large_image","twitter_misc":{"Dur\u00e9e de lecture estim\u00e9e":"2 minutes"},"schema":{"@context":"https:\/\/schema.org","@graph":[{"@type":"WebPage","@id":"https:\/\/nationaltrustcanada.ca\/fr\/ce-que-vous-pouvez-faire\/prix\/prix-du-prince-de-galles","url":"https:\/\/nationaltrustcanada.ca\/fr\/ce-que-vous-pouvez-faire\/prix\/prix-du-prince-de-galles","name":"Prix du prince de Galles - Fiducie nationale du Canada","isPartOf":{"@id":"https:\/\/nationaltrustcanada.ca\/#website"},"primaryImageOfPage":{"@id":"https:\/\/nationaltrustcanada.ca\/fr\/ce-que-vous-pouvez-faire\/prix\/prix-du-prince-de-galles#primaryimage"},"image":{"@id":"https:\/\/nationaltrustcanada.ca\/fr\/ce-que-vous-pouvez-faire\/prix\/prix-du-prince-de-galles#primaryimage"},"thumbnailUrl":"https:\/\/nationaltrustcanada.ca\/wp-content\/uploads\/2017\/11\/PoWP-logo-300x139.jpeg","datePublished":"2018-02-22T16:23:36+00:00","dateModified":"2022-05-19T13:23:01+00:00","breadcrumb":{"@id":"https:\/\/nationaltrustcanada.ca\/fr\/ce-que-vous-pouvez-faire\/prix\/prix-du-prince-de-galles#breadcrumb"},"inLanguage":"fr-FR","potentialAction":[{"@type":"ReadAction","target":["https:\/\/nationaltrustcanada.ca\/fr\/ce-que-vous-pouvez-faire\/prix\/prix-du-prince-de-galles"]}]},{"@type":"ImageObject","inLanguage":"fr-FR","@id":"https:\/\/nationaltrustcanada.ca\/fr\/ce-que-vous-pouvez-faire\/prix\/prix-du-prince-de-galles#primaryimage","url":"https:\/\/nationaltrustcanada.ca\/wp-content\/uploads\/2017\/11\/PoWP-logo-300x139.jpeg","contentUrl":"https:\/\/nationaltrustcanada.ca\/wp-content\/uploads\/2017\/11\/PoWP-logo-300x139.jpeg"},{"@type":"BreadcrumbList","@id":"https:\/\/nationaltrustcanada.ca\/fr\/ce-que-vous-pouvez-faire\/prix\/prix-du-prince-de-galles#breadcrumb","itemListElement":[{"@type":"ListItem","position":1,"name":"Home","item":"https:\/\/nationaltrustcanada.ca\/fr"},{"@type":"ListItem","position":2,"name":"Ce que vous pouvez faire","item":"https:\/\/nationaltrustcanada.ca\/fr\/ce-que-vous-pouvez-faire"},{"@type":"ListItem","position":3,"name":"Prix et d\u00e9corations","item":"https:\/\/nationaltrustcanada.ca\/fr\/ce-que-vous-pouvez-faire\/prix"},{"@type":"ListItem","position":4,"name":"Prix du prince de Galles"}]},{"@type":"WebSite","@id":"https:\/\/nationaltrustcanada.ca\/#website","url":"https:\/\/nationaltrustcanada.ca\/","name":"Fiducie nationale du Canada","description":"Bringing Heritage to Life","potentialAction":[{"@type":"SearchAction","target":{"@type":"EntryPoint","urlTemplate":"https:\/\/nationaltrustcanada.ca\/?s={search_term_string}"},"query-input":{"@type":"PropertyValueSpecification","valueRequired":true,"valueName":"search_term_string"}}],"inLanguage":"fr-FR"}]}},"_links":{"self":[{"href":"https:\/\/nationaltrustcanada.ca\/fr\/wp-json\/wp\/v2\/pages\/3818","targetHints":{"allow":["GET"]}}],"collection":[{"href":"https:\/\/nationaltrustcanada.ca\/fr\/wp-json\/wp\/v2\/pages"}],"about":[{"href":"https:\/\/nationaltrustcanada.ca\/fr\/wp-json\/wp\/v2\/types\/page"}],"author":[{"embeddable":true,"href":"https:\/\/nationaltrustcanada.ca\/fr\/wp-json\/wp\/v2\/users\/8"}],"replies":[{"embeddable":true,"href":"https:\/\/nationaltrustcanada.ca\/fr\/wp-json\/wp\/v2\/comments?post=3818"}],"version-history":[{"count":38,"href":"https:\/\/nationaltrustcanada.ca\/fr\/wp-json\/wp\/v2\/pages\/3818\/revisions"}],"predecessor-version":[{"id":14369,"href":"https:\/\/nationaltrustcanada.ca\/fr\/wp-json\/wp\/v2\/pages\/3818\/revisions\/14369"}],"up":[{"embeddable":true,"href":"https:\/\/nationaltrustcanada.ca\/fr\/wp-json\/wp\/v2\/pages\/1433"}],"wp:attachment":[{"href":"https:\/\/nationaltrustcanada.ca\/fr\/wp-json\/wp\/v2\/media?parent=3818"}],"curies":[{"name":"wp","href":"https:\/\/api.w.org\/{rel}","templated":true}]}}