{"id":3809,"date":"2018-02-22T11:25:26","date_gmt":"2018-02-22T16:25:26","guid":{"rendered":"https:\/\/nationaltrustcanada.ca?page_id=3809"},"modified":"2022-05-19T09:26:51","modified_gmt":"2022-05-19T13:26:51","slug":"prix-assurances-ecclesiastiques","status":"publish","type":"page","link":"https:\/\/nationaltrustcanada.ca\/fr\/ce-que-vous-pouvez-faire\/prix\/prix-assurances-ecclesiastiques","title":{"rendered":"Prix Assurances eccl\u00e9siastiques"},"content":{"rendered":"<h3>2021 Cercle des vainqueurs \u00e0 la conf\u00e9rene de la Fiducie nationale<\/h3>\n<p><en>(en anglais seulement)<\/em><br \/>\n<iframe loading=\"lazy\" src=\"https:\/\/player.vimeo.com\/video\/644609112?h=822e6ad8ed&#038;byline=0&#038;portrait=0\" width=\"640\" height=\"360\" frameborder=\"0\" allow=\"autoplay; fullscreen; picture-in-picture\" allowfullscreen><\/iframe><\/p>\n<h3>F\u00e9licitations aux gagnants des prix Assurances eccl\u00e9siastiques 2021 de la Fiducie nationale.<\/h3>\n<p><strong>Projets transformateurs :<\/strong><br \/>\n<a href=\u201dhttps:\/\/nationaltrustcanada.ca\/fr\/nt-awards\/hodge-premises\u201d>\u2022\tHodge Premises (Twillingate, T.-N.-L.)<\/a><br \/>\n<a href=\u201dhttps:\/\/nationaltrustcanada.ca\/fr\/nt-awards\/temple-holy-blossom\u201d>\u2022\tTemple Holy Blossom (Toronto, Ont.)<\/a><br \/>\n<a href=\u201dhttps:\/\/nationaltrustcanada.ca\/fr\/nt-awards\/le-centre-bombardier-pour-laeronautique-et-laviation-usine-no-1-65-chemin-carl-hall\u201d>\u2022\tLe Centre Bombardier pour l\u2019a\u00e9ronautique et l\u2019aviation (Toronto, Ont.)<\/a><br \/>\n<a href=\u201dhttps:\/\/nationaltrustcanada.ca\/fr\/nt-awards\/planetarium-queen-elizabeth-ii \u201d>\u2022\tPlan\u00e9tarium Queen Elizabeth II (Edmonton, Alb.)<\/a><br \/>\n<a href=\u201dhttps:\/\/nationaltrustcanada.ca\/fr\/nt-awards\/les-shipyards\u201d>\u2022\tThe Shipyards (North Vancouver, C.-B.)<\/a><br \/>\n<a href=\u201dhttps:\/\/nationaltrustcanada.ca\/fr\/nt-awards\/parc-patrimonial-wanuskewin\u201d>\u2022\tParc patrimonial Wanuskewin (Saskatoon, Sask.)<\/a><\/p>\n<p><strong>Lieux historiques r\u00e9silients :<\/strong><br \/>\n<a href=\u201dhttps:\/\/nationaltrustcanada.ca\/fr\/nt-awards\/forge-de-la-famille-green\u201d>\u2022\tForge de la famille Green (Trinity, T.-N.-L.)<\/a><br \/>\n<a href=\u201dhttps:\/\/nationaltrustcanada.ca\/fr\/nt-awards\/eglise-anglicane-st-john-the-evangelist\u201d>\u2022\t\u00c9glise anglicane St. John the Evangelist (Prescott, Ont.)<\/a><\/p>\n<p><iframe loading=\"lazy\" width=\"560\" height=\"315\" src=\"https:\/\/www.youtube.com\/embed\/-bLK8EXI7Ok\" title=\"YouTube video player\" frameborder=\"0\" allow=\"accelerometer; autoplay; clipboard-write; encrypted-media; gyroscope; picture-in-picture\" allowfullscreen><\/iframe><\/p>\n<p><strong>Nous remercions les membres de notre jury : <\/strong><br \/>\nErik Hanson, Coordonnateur des ressources patrimoniales, Ville de Peterborough;<br \/>\nLaura Saimoto, Membre du conseil, Vancouver Heritage Foundation; et<br \/>\nDeeter Schurig, Pr\u00e9sident &#038; PDG, cSPACE Projects.<\/p>\n<hr \/>\n<p><a href=\"https:\/\/www.ecclesiastical.ca\/\" rel=\"noopener noreferrer\" target=\"_blank\"><img loading=\"lazy\" decoding=\"async\" src=\"https:\/\/nationaltrustcanada.ca\/wp-content\/uploads\/2021\/03\/EIOHorizontalLogo_Colour-300x46.png\" alt=\"\" width=\"300\" height=\"46\" class=\"alignleft size-medium wp-image-10986\" style=\"margin-left: 20px; margin-bottom: 20px;\" align=\"right\" srcset=\"https:\/\/nationaltrustcanada.ca\/wp-content\/uploads\/2021\/03\/EIOHorizontalLogo_Colour-300x46.png 300w, https:\/\/nationaltrustcanada.ca\/wp-content\/uploads\/2021\/03\/EIOHorizontalLogo_Colour-1024x156.png 1024w, https:\/\/nationaltrustcanada.ca\/wp-content\/uploads\/2021\/03\/EIOHorizontalLogo_Colour-768x117.png 768w, https:\/\/nationaltrustcanada.ca\/wp-content\/uploads\/2021\/03\/EIOHorizontalLogo_Colour.png 1122w\" sizes=\"auto, (max-width: 300px) 100vw, 300px\" \/><\/a><\/p>\n<p>Les Prix Assurances eccl\u00e9siastiques apportent une visibilit\u00e9 nationale \u00e0 des projets et lieux exemplaires qui contribuent \u00e0 la qualit\u00e9 de vie et au sentiment d\u2019appartenance et qui illustrent la viabilit\u00e9 d\u2019immeubles et sites du patrimoine pour un usage traditionnel ou nouveau. Les prix sont d\u00e9cern\u00e9s pour des lieux historiques et des paysages dans deux cat\u00e9gories. Jusqu\u2019\u00e0 six (6) prix seront pr\u00e9sent\u00e9s dans chaque cat\u00e9gorie :<\/p>\n<p style=\"padding-left: 30px;\"><strong>A. Projets transformateurs :<\/strong> Projets compl\u00e9t\u00e9s entre 2017 et 2020 qui ont renouvel\u00e9 ou transform\u00e9 de fa\u00e7on cr\u00e9ative des paysages ou des lieux historiques en vue d\u2019une vocation nouvelle ou traditionnelle.<\/p>\n<p style=\"padding-left: 30px;\"><strong>B. Lieux r\u00e9silients :<\/strong> Les paysages ou les lieux historiques qui t\u00e9moignent de leur extraordinaire r\u00e9silience et de leur importance, et qui profiterons \u00e0 une collectivit\u00e9 pendant une p\u00e9riode prolong\u00e9e, connaissant \u00e0 ce titre un succ\u00e8s manifeste depuis 10 ans ou plus. Une attention particuli\u00e8re sera accord\u00e9e aux lieux qui font preuve d&rsquo;innovation et de r\u00e9silience pour r\u00e9pondre aux impacts du COVID-19.<\/p>\n<p>Les lieux et projets qui mettent en valeur un ou plusieurs des principes suivants recevront une attention particuli\u00e8re :<\/p>\n<ul style=\"line-height:1; padding-left: 30px;\">\n<li>Participation des jeunes<\/li>\n<li>Innovation sociale ou entreprise sociale<\/li>\n<li>Avantages pour l\u2019environnement<\/li>\n<li>Diversit\u00e9 culturelle<\/li>\n<\/ul>\n<h4>Crit\u00e8res d\u2019admissibilit\u00e9<\/h4>\n<p>Il n\u2019y a aucune restriction quant aux propri\u00e9taires du bien, \u00e0 son utilisation ou \u00e0 ses dimensions. Une candidature peut \u00eatre propos\u00e9e par un particulier ou une organisation, un architecte, un promoteur immobilier, un concepteur, un constructeur, un propri\u00e9taire ou quiconque croit qu\u2019un projet ou un lieu m\u00e9rite d\u2019\u00eatre reconnu \u00e0 l\u2019\u00e9chelle nationale. Les auto-candidatures sont les bienvenues.<\/p>\n<h4>Prix et pr\u00e9sentation<\/h4>\n<p>Les laur\u00e9ats seront honor\u00e9s lors d\u2019une r\u00e9ception pendant la Conf\u00e9rence de la Fiducie nationale. Nous inviterons des personnes et des organisations associ\u00e9es \u00e0 chacun des candidats pr\u00e9s\u00e9lectionn\u00e9s \u00e0 pr\u00e9senter un dossier plus \u00e9toff\u00e9 que nos jurys ind\u00e9pendants examineront. Les personnes et organisations associ\u00e9es aux projets et lieux gagnants seront invit\u00e9es \u00e0 participer \u00e0 une s\u00e9ance \u00ab cercle des vainqueurs \u00bb lors de la Conf\u00e9rence de la Fiducie nationale. Elles seront aussi honor\u00e9es lors d\u2019activit\u00e9s sp\u00e9ciales des prix.<\/p>\n<p>Le Prix rend hommage au propri\u00e9taire du lieu et \u00e0 l\u2019\u00e9quipe de projet. Un ou deux certificats encadr\u00e9s sont remis. Des copies suppl\u00e9mentaires (non encadr\u00e9es) du certificat peuvent \u00eatre remises sur demande.<\/p>\n<hr \/>\n","protected":false},"excerpt":{"rendered":"<p>2021 Cercle des vainqueurs \u00e0 la conf\u00e9rene de la Fiducie nationale (en anglais seulement) F\u00e9licitations aux gagnants des prix Assurances&#8230;<\/p>\n","protected":false},"author":8,"featured_media":0,"parent":1433,"menu_order":0,"comment_status":"closed","ping_status":"closed","template":"","meta":{"_acf_changed":false,"footnotes":""},"class_list":["post-3809","page","type-page","status-publish","hentry"],"acf":[],"yoast_head":"<!-- This site is optimized with the Yoast SEO plugin v26.3 - https:\/\/yoast.com\/wordpress\/plugins\/seo\/ -->\n<title>Prix Assurances eccl\u00e9siastiques - Fiducie nationale du Canada<\/title>\n<meta name=\"robots\" content=\"index, follow, max-snippet:-1, max-image-preview:large, max-video-preview:-1\" \/>\n<link rel=\"canonical\" href=\"https:\/\/nationaltrustcanada.ca\/fr\/ce-que-vous-pouvez-faire\/prix\/prix-assurances-ecclesiastiques\" \/>\n<meta property=\"og:locale\" content=\"fr_FR\" \/>\n<meta property=\"og:type\" content=\"article\" \/>\n<meta property=\"og:title\" content=\"Prix Assurances eccl\u00e9siastiques - Fiducie nationale du Canada\" \/>\n<meta property=\"og:description\" content=\"2021 Cercle des vainqueurs \u00e0 la conf\u00e9rene de la Fiducie nationale (en anglais seulement) F\u00e9licitations aux gagnants des prix Assurances...\" \/>\n<meta property=\"og:url\" content=\"https:\/\/nationaltrustcanada.ca\/fr\/ce-que-vous-pouvez-faire\/prix\/prix-assurances-ecclesiastiques\" \/>\n<meta property=\"og:site_name\" content=\"Fiducie nationale du Canada\" \/>\n<meta property=\"article:modified_time\" content=\"2022-05-19T13:26:51+00:00\" \/>\n<meta property=\"og:image\" content=\"https:\/\/nationaltrustcanada.ca\/wp-content\/uploads\/2021\/03\/EIOHorizontalLogo_Colour-300x46.png\" \/>\n<meta name=\"twitter:card\" content=\"summary_large_image\" \/>\n<meta name=\"twitter:label1\" content=\"Dur\u00e9e de lecture estim\u00e9e\" \/>\n\t<meta name=\"twitter:data1\" content=\"3 minutes\" \/>\n<script type=\"application\/ld+json\" class=\"yoast-schema-graph\">{\"@context\":\"https:\/\/schema.org\",\"@graph\":[{\"@type\":\"WebPage\",\"@id\":\"https:\/\/nationaltrustcanada.ca\/fr\/ce-que-vous-pouvez-faire\/prix\/prix-assurances-ecclesiastiques\",\"url\":\"https:\/\/nationaltrustcanada.ca\/fr\/ce-que-vous-pouvez-faire\/prix\/prix-assurances-ecclesiastiques\",\"name\":\"Prix Assurances eccl\u00e9siastiques - Fiducie nationale du Canada\",\"isPartOf\":{\"@id\":\"https:\/\/nationaltrustcanada.ca\/#website\"},\"primaryImageOfPage\":{\"@id\":\"https:\/\/nationaltrustcanada.ca\/fr\/ce-que-vous-pouvez-faire\/prix\/prix-assurances-ecclesiastiques#primaryimage\"},\"image\":{\"@id\":\"https:\/\/nationaltrustcanada.ca\/fr\/ce-que-vous-pouvez-faire\/prix\/prix-assurances-ecclesiastiques#primaryimage\"},\"thumbnailUrl\":\"https:\/\/nationaltrustcanada.ca\/wp-content\/uploads\/2021\/03\/EIOHorizontalLogo_Colour-300x46.png\",\"datePublished\":\"2018-02-22T16:25:26+00:00\",\"dateModified\":\"2022-05-19T13:26:51+00:00\",\"breadcrumb\":{\"@id\":\"https:\/\/nationaltrustcanada.ca\/fr\/ce-que-vous-pouvez-faire\/prix\/prix-assurances-ecclesiastiques#breadcrumb\"},\"inLanguage\":\"fr-FR\",\"potentialAction\":[{\"@type\":\"ReadAction\",\"target\":[\"https:\/\/nationaltrustcanada.ca\/fr\/ce-que-vous-pouvez-faire\/prix\/prix-assurances-ecclesiastiques\"]}]},{\"@type\":\"ImageObject\",\"inLanguage\":\"fr-FR\",\"@id\":\"https:\/\/nationaltrustcanada.ca\/fr\/ce-que-vous-pouvez-faire\/prix\/prix-assurances-ecclesiastiques#primaryimage\",\"url\":\"https:\/\/nationaltrustcanada.ca\/wp-content\/uploads\/2021\/03\/EIOHorizontalLogo_Colour-300x46.png\",\"contentUrl\":\"https:\/\/nationaltrustcanada.ca\/wp-content\/uploads\/2021\/03\/EIOHorizontalLogo_Colour-300x46.png\"},{\"@type\":\"BreadcrumbList\",\"@id\":\"https:\/\/nationaltrustcanada.ca\/fr\/ce-que-vous-pouvez-faire\/prix\/prix-assurances-ecclesiastiques#breadcrumb\",\"itemListElement\":[{\"@type\":\"ListItem\",\"position\":1,\"name\":\"Home\",\"item\":\"https:\/\/nationaltrustcanada.ca\/fr\"},{\"@type\":\"ListItem\",\"position\":2,\"name\":\"Ce que vous pouvez faire\",\"item\":\"https:\/\/nationaltrustcanada.ca\/fr\/ce-que-vous-pouvez-faire\"},{\"@type\":\"ListItem\",\"position\":3,\"name\":\"Prix et d\u00e9corations\",\"item\":\"https:\/\/nationaltrustcanada.ca\/fr\/ce-que-vous-pouvez-faire\/prix\"},{\"@type\":\"ListItem\",\"position\":4,\"name\":\"Prix Assurances eccl\u00e9siastiques\"}]},{\"@type\":\"WebSite\",\"@id\":\"https:\/\/nationaltrustcanada.ca\/#website\",\"url\":\"https:\/\/nationaltrustcanada.ca\/\",\"name\":\"Fiducie nationale du Canada\",\"description\":\"Bringing Heritage to Life\",\"potentialAction\":[{\"@type\":\"SearchAction\",\"target\":{\"@type\":\"EntryPoint\",\"urlTemplate\":\"https:\/\/nationaltrustcanada.ca\/?s={search_term_string}\"},\"query-input\":{\"@type\":\"PropertyValueSpecification\",\"valueRequired\":true,\"valueName\":\"search_term_string\"}}],\"inLanguage\":\"fr-FR\"}]}<\/script>\n<!-- \/ Yoast SEO plugin. -->","yoast_head_json":{"title":"Prix Assurances eccl\u00e9siastiques - Fiducie nationale du Canada","robots":{"index":"index","follow":"follow","max-snippet":"max-snippet:-1","max-image-preview":"max-image-preview:large","max-video-preview":"max-video-preview:-1"},"canonical":"https:\/\/nationaltrustcanada.ca\/fr\/ce-que-vous-pouvez-faire\/prix\/prix-assurances-ecclesiastiques","og_locale":"fr_FR","og_type":"article","og_title":"Prix Assurances eccl\u00e9siastiques - Fiducie nationale du Canada","og_description":"2021 Cercle des vainqueurs \u00e0 la conf\u00e9rene de la Fiducie nationale (en anglais seulement) F\u00e9licitations aux gagnants des prix Assurances...","og_url":"https:\/\/nationaltrustcanada.ca\/fr\/ce-que-vous-pouvez-faire\/prix\/prix-assurances-ecclesiastiques","og_site_name":"Fiducie nationale du Canada","article_modified_time":"2022-05-19T13:26:51+00:00","og_image":[{"url":"https:\/\/nationaltrustcanada.ca\/wp-content\/uploads\/2021\/03\/EIOHorizontalLogo_Colour-300x46.png","type":"","width":"","height":""}],"twitter_card":"summary_large_image","twitter_misc":{"Dur\u00e9e de lecture estim\u00e9e":"3 minutes"},"schema":{"@context":"https:\/\/schema.org","@graph":[{"@type":"WebPage","@id":"https:\/\/nationaltrustcanada.ca\/fr\/ce-que-vous-pouvez-faire\/prix\/prix-assurances-ecclesiastiques","url":"https:\/\/nationaltrustcanada.ca\/fr\/ce-que-vous-pouvez-faire\/prix\/prix-assurances-ecclesiastiques","name":"Prix Assurances eccl\u00e9siastiques - Fiducie nationale du Canada","isPartOf":{"@id":"https:\/\/nationaltrustcanada.ca\/#website"},"primaryImageOfPage":{"@id":"https:\/\/nationaltrustcanada.ca\/fr\/ce-que-vous-pouvez-faire\/prix\/prix-assurances-ecclesiastiques#primaryimage"},"image":{"@id":"https:\/\/nationaltrustcanada.ca\/fr\/ce-que-vous-pouvez-faire\/prix\/prix-assurances-ecclesiastiques#primaryimage"},"thumbnailUrl":"https:\/\/nationaltrustcanada.ca\/wp-content\/uploads\/2021\/03\/EIOHorizontalLogo_Colour-300x46.png","datePublished":"2018-02-22T16:25:26+00:00","dateModified":"2022-05-19T13:26:51+00:00","breadcrumb":{"@id":"https:\/\/nationaltrustcanada.ca\/fr\/ce-que-vous-pouvez-faire\/prix\/prix-assurances-ecclesiastiques#breadcrumb"},"inLanguage":"fr-FR","potentialAction":[{"@type":"ReadAction","target":["https:\/\/nationaltrustcanada.ca\/fr\/ce-que-vous-pouvez-faire\/prix\/prix-assurances-ecclesiastiques"]}]},{"@type":"ImageObject","inLanguage":"fr-FR","@id":"https:\/\/nationaltrustcanada.ca\/fr\/ce-que-vous-pouvez-faire\/prix\/prix-assurances-ecclesiastiques#primaryimage","url":"https:\/\/nationaltrustcanada.ca\/wp-content\/uploads\/2021\/03\/EIOHorizontalLogo_Colour-300x46.png","contentUrl":"https:\/\/nationaltrustcanada.ca\/wp-content\/uploads\/2021\/03\/EIOHorizontalLogo_Colour-300x46.png"},{"@type":"BreadcrumbList","@id":"https:\/\/nationaltrustcanada.ca\/fr\/ce-que-vous-pouvez-faire\/prix\/prix-assurances-ecclesiastiques#breadcrumb","itemListElement":[{"@type":"ListItem","position":1,"name":"Home","item":"https:\/\/nationaltrustcanada.ca\/fr"},{"@type":"ListItem","position":2,"name":"Ce que vous pouvez faire","item":"https:\/\/nationaltrustcanada.ca\/fr\/ce-que-vous-pouvez-faire"},{"@type":"ListItem","position":3,"name":"Prix et d\u00e9corations","item":"https:\/\/nationaltrustcanada.ca\/fr\/ce-que-vous-pouvez-faire\/prix"},{"@type":"ListItem","position":4,"name":"Prix Assurances eccl\u00e9siastiques"}]},{"@type":"WebSite","@id":"https:\/\/nationaltrustcanada.ca\/#website","url":"https:\/\/nationaltrustcanada.ca\/","name":"Fiducie nationale du Canada","description":"Bringing Heritage to Life","potentialAction":[{"@type":"SearchAction","target":{"@type":"EntryPoint","urlTemplate":"https:\/\/nationaltrustcanada.ca\/?s={search_term_string}"},"query-input":{"@type":"PropertyValueSpecification","valueRequired":true,"valueName":"search_term_string"}}],"inLanguage":"fr-FR"}]}},"_links":{"self":[{"href":"https:\/\/nationaltrustcanada.ca\/fr\/wp-json\/wp\/v2\/pages\/3809","targetHints":{"allow":["GET"]}}],"collection":[{"href":"https:\/\/nationaltrustcanada.ca\/fr\/wp-json\/wp\/v2\/pages"}],"about":[{"href":"https:\/\/nationaltrustcanada.ca\/fr\/wp-json\/wp\/v2\/types\/page"}],"author":[{"embeddable":true,"href":"https:\/\/nationaltrustcanada.ca\/fr\/wp-json\/wp\/v2\/users\/8"}],"replies":[{"embeddable":true,"href":"https:\/\/nationaltrustcanada.ca\/fr\/wp-json\/wp\/v2\/comments?post=3809"}],"version-history":[{"count":44,"href":"https:\/\/nationaltrustcanada.ca\/fr\/wp-json\/wp\/v2\/pages\/3809\/revisions"}],"predecessor-version":[{"id":14371,"href":"https:\/\/nationaltrustcanada.ca\/fr\/wp-json\/wp\/v2\/pages\/3809\/revisions\/14371"}],"up":[{"embeddable":true,"href":"https:\/\/nationaltrustcanada.ca\/fr\/wp-json\/wp\/v2\/pages\/1433"}],"wp:attachment":[{"href":"https:\/\/nationaltrustcanada.ca\/fr\/wp-json\/wp\/v2\/media?parent=3809"}],"curies":[{"name":"wp","href":"https:\/\/api.w.org\/{rel}","templated":true}]}}