{"id":3447,"date":"2018-01-11T08:54:51","date_gmt":"2018-01-11T13:54:51","guid":{"rendered":"https:\/\/nationaltrustcanada.ca?page_id=3447"},"modified":"2023-03-16T08:37:32","modified_gmt":"2023-03-16T12:37:32","slug":"prix-du-xxe-siecle","status":"publish","type":"page","link":"https:\/\/nationaltrustcanada.ca\/fr\/ce-que-vous-pouvez-faire\/prix\/prix-du-xxe-siecle","title":{"rendered":"Prix du XX<sup>e<\/sup> siecle"},"content":{"rendered":"<hr \/>\n<h3>Appel de candidatures 2021<\/h3>\n<h5>Date limite d&rsquo;inscription : Le 22 janvier 2021<\/h5>\n<h3><a href=\"https:\/\/raic.awardsplatform.com\/\" rel=\"noopener noreferrer\" target=\"_blank\">SOUMETTRE MAINTENANT<\/a><\/h3>\n<hr \/>\n<h3>Modalit\u00e9s<\/h3>\n<p><a style=\"margin-right: 20px;\" href=\"https:\/\/raic.org\/fr\"><img loading=\"lazy\" decoding=\"async\" src=\"https:\/\/nationaltrustcanada.ca\/wp-content\/uploads\/2019\/11\/RAIC-300x113.jpg\" align=\"right\" alt=\"\" width=\"300\" height=\"113\" class=\"alignright size-medium wp-image-7878\" srcset=\"https:\/\/nationaltrustcanada.ca\/wp-content\/uploads\/2019\/11\/RAIC-300x113.jpg 300w, https:\/\/nationaltrustcanada.ca\/wp-content\/uploads\/2019\/11\/RAIC-768x289.jpg 768w, https:\/\/nationaltrustcanada.ca\/wp-content\/uploads\/2019\/11\/RAIC-1024x385.jpg 1024w, https:\/\/nationaltrustcanada.ca\/wp-content\/uploads\/2019\/11\/RAIC.jpg 1116w\" sizes=\"auto, (max-width: 300px) 100vw, 300px\" \/><\/a><\/p>\n<p><strong>1. But du prix<\/strong><\/p>\n<p>La Fiducie nationale du Canada et l\u2019Institut royal d\u2019architecture du Canada (IRAC) d\u00e9sirent sensibiliser le public \u00e0 l\u2019architecture canadienne d\u2019importance d\u2019un pass\u00e9 r\u00e9cent.<\/p>\n<p>Le Prix du XX<sup>e<\/sup> si\u00e8cle r\u00e9compense des b\u00e2timents \u00ab du mouvement moderne et du patrimoine r\u00e9cent \u00bb qui ont marqu\u00e9 l&rsquo;architecture canadienne. Le prix souligne la qualit\u00e9 de la conception ainsi que l&rsquo;excellence constante, et r\u00e9compense la conception de l&rsquo;architecte ou du cabinet initial ainsi que la gestion actuelle du propri\u00e9taire du b\u00e2timent. <\/p>\n<p>Les candidatures seront \u00e9valu\u00e9es selon les crit\u00e8res suivants :<\/p>\n<ul>\n<li>Le terme \u00ab b\u00e2timent \u00bb peut \u00e9galement \u00eatre interpr\u00e9t\u00e9 comme suit :<\/li>\n<ul>\n<li>Structures et monument;<\/li>\n<li>Groupe ou ensemble de b\u00e2timents sur un site;<\/li>\n<\/ul>\n<li>Le b\u00e2timent a une importance nationale ou r\u00e9gionale;<\/li>\n<li>Le b\u00e2timent demeure une \u0153uvre d&rsquo;architecture p\u00e9renne;<\/li>\n<li>Le b\u00e2timent peut se distinguer par les qualit\u00e9s suivantes : l\u2019originalit\u00e9 de sa conception; les progr\u00e8s techniques; l\u2019innovation pour l\u2019\u00e9poque; ou son importance symbolique;<\/li>\n<li>Les caract\u00e9ristiques de l&rsquo;ouvrage n&rsquo;ont pas \u00e9t\u00e9 modifi\u00e9es consid\u00e9rablement depuis la construction de celui-ci;<\/li>\n<li>Le b\u00e2timent a \u00e9t\u00e9 pr\u00e9serv\u00e9 au fil du temps gr\u00e2ce \u00e0 une gestion attentive de ses qualit\u00e9s d&rsquo;origine.<\/li>\n<\/ul>\n<p><strong>2. Admissibilit\u00e9<\/strong><\/p>\n<ul>\n<li>Un b\u00e2timent existant qui a \u00e9t\u00e9 achev\u00e9 apr\u00e8s 1935 et avant 1985.<\/li>\n<li>Une personne peut soumettre la candidature d\u2019un seul b\u00e2timent par ann\u00e9e.<\/li>\n<li>Les candidatures non retenues seront automatiquement soumises pour un maximum de deux ann\u00e9es cons\u00e9cutives. Les pr\u00e9sentateurs peuvent soumettre des informations suppl\u00e9mentaires pour \u00e9toffer la candidature.<\/li>\n<\/ul>\n<p><strong>3. Dossiers de pr\u00e9sentation<\/strong><\/p>\n<p>Les formulaires de candidature doivent \u00eatre remplis \u00e0 l\u2019aide de la <strong>NOUVELLE<\/strong> <a href=\"https:\/\/raic.awardsplatform.com\/dashboard\" rel=\"noopener noreferrer\" target=\"_blank\">plateforme de candidature en ligne<\/a>.<\/p>\n<p>Les dossiers de participation doivent \u00eatre re\u00e7us avant <strong>23 h 59 HNE, le 22 janvier 2021<\/strong>. Les participants sont enti\u00e8rement responsables de la remise en temps requis de leur dossier. Cette \u00e9ch\u00e9ance est stricte et aucune exception ne sera consentie.<\/p>\n<ol>\n<li>Un formulaire de nomination d\u00fbment rempli;<\/li>\n<li>Un \u00e9nonc\u00e9 \u00e9crit, qui explique pourquoi le b\u00e2timent m\u00e9rite ce prix. Cet \u00e9nonc\u00e9 ne doit pas compter plus de trois pages;<\/li>\n<li>Les interventions importantes au b\u00e2timent doivent \u00eatre indiqu\u00e9es et expliqu\u00e9es en fonction du but original de la conception et de la r\u00e9alisation;<\/li>\n<li>Un maximum de 15 images \u00e0 inclure :<\/li>\n<ol>\n<li>Une photo du b\u00e2timent actuel;<\/li>\n<li>Une preuve visuelle de l&rsquo;\u00e9tat actuel de l&rsquo;int\u00e9rieur du b\u00e2timent \u00e0 l&rsquo;appui de l\u2019\u00e9valuation de l\u2019aspect \u00ab gestion \u00bb du prix;<\/li>\n<li>Des images permettant de comparer le b\u00e2timent comme il \u00e9tait \u00e0 l&rsquo;origine et celui d&rsquo;aujourd&rsquo;hui;<\/li>\n<\/ol>\n<li>Un plan du site (optionnel);<\/li>\n<li>Les pr\u00e9sentateurs sont invit\u00e9s \u00e0 ajouter tout document \u00e0 l\u2019appui de la candidature, comme des articles de journaux ou de revues sp\u00e9cialis\u00e9es et une liste des prix remport\u00e9s par le b\u00e2timent;<\/li>\n<li>Une liste des images principales.<\/li>\n<\/ol>\n<p>Les dossiers pourront \u00eatre soumis en fran\u00e7ais ou en anglais.<\/p>\n<p>L\u2019IRAC conservera tous les dossiers des b\u00e2timents laur\u00e9ats \u00e0 des fins de publication, d\u2019exposition et d\u2019archivage. Les dossiers des autres b\u00e2timents ne seront pas retourn\u00e9s.<\/p>\n<p><strong>\u00c0 noter :<\/strong> Apr\u00e8s avoir commenc\u00e9 \u00e0 remplir le formulaire de pr\u00e9sentation d\u2019une candidature en ligne, vous pouvez \u00ab sauvegarder \u00bb le document et y revenir ult\u00e9rieurement pour le terminer (pourvu que ce soit avant la date limite de pr\u00e9sentation des candidatures).<\/p>\n<h3><a href=\"https:\/\/raic.awardsplatform.com\/\" rel=\"noopener noreferrer\" target=\"_blank\">SOUMETTRE MAINTENANT<\/a><\/h3>\n<p><strong>4. S\u00e9lection du jury<\/strong><\/p>\n<p>Le comit\u00e9 national du Coll\u00e8ge des fellows, en consultation avec la Fiducie nationale du Canada, nommera tous les ans un jury form\u00e9 de trois \u00e0 cinq membres qui pourra comprendre d\u2019\u00e9minents universitaires ou \u00e9ducateurs et d\u2019autres membres \u00e9minents de la profession. <\/p>\n<p><strong><em>Information \u00e0 transmettre au jury<\/em><\/strong><\/p>\n<ul>\n<li>Avant la r\u00e9union du jury, les pr\u00e9sidents r\u00e9gionaux du Coll\u00e8ge des fellows seront invit\u00e9s, dans la mesure du possible, \u00e0 visiter les b\u00e2timents propos\u00e9s et \u00e0 faire part de leurs observations au jury.<\/li>\n<li>Le secr\u00e9tariat de l&rsquo;IRAC pr\u00e9parera un dossier d&rsquo;information \u00e0 l&rsquo;intention des membres du jury.<\/li>\n<li>Ce dossier sera envoy\u00e9 avant la r\u00e9union.<\/li>\n<li>Les membres du jury devront prendre connaissance des modalit\u00e9s du prix et les accepter.<\/li>\n<\/ul>\n<p><strong><em>D\u00e9lib\u00e9rations du jury<\/em><\/strong><\/p>\n<ul>\n<li>Le jury discutera des diff\u00e9rentes candidatures lors d&rsquo;une ou de plusieurs t\u00e9l\u00e9conf\u00e9rences organis\u00e9es par le pr\u00e9sident avec l&rsquo;aide du secr\u00e9tariat de l&rsquo;IRAC et de la Fiducie. Par consensus, le jury d\u00e9signe jusqu&rsquo;\u00e0 deux b\u00e2timents qui recevront le Prix du XXe si\u00e8cle.<\/li>\n<li>Confidentialit\u00e9 (processus et r\u00e9sultats) : Les membres du jury devront signer une entente de confidentialit\u00e9.<\/li>\n<li>Conflit d&rsquo;int\u00e9r\u00eats : Les membres du jury devront signer une d\u00e9claration de conflit d&rsquo;int\u00e9r\u00eats.<\/li>\n<li>Le jury transmettra sa d\u00e9cision au Conseil d&rsquo;administration de l&rsquo;IRAC. Le pr\u00e9sident de l&rsquo;IRAC d\u00e9cernera le prix.<\/li>\n<\/ul>\n<p>Le jury transmettra sa d\u00e9cision au conseil d\u2019administration de l\u2019IRAC. Le prix sera remis par le pr\u00e9sident de l\u2019IRAC.<\/p>\n<p><strong>5. Nombre de prix<\/strong><\/p>\n<p>Deux prix au maximum seront attribu\u00e9s uniquement. \u00c0 sa discr\u00e9tion, le jury peut d\u00e9cider de n\u2019attribuer aucun prix. Le prix consistera en une plaque murale ou une plaque de bureau portant l\u2019embl\u00e8me de l\u2019IRAC et le texte suivant : <\/p>\n<p>&nbsp;<strong><\/p>\n<p style=\"text-align: center;\">PRIX DU XX<sup>E<\/sup> SI\u00c8CLE 2021<br \/>\nL\u2019Institut royal d\u2019architecture du Canada<br \/>\net la Fiducie nationale du Canada<br \/>\nreconnaissent l\u2019excellence durable de<br \/>\n(nom du b\u00e2timent)<br \/>\net son importance nationale<br \/>\npour l\u2019architecture du Canada.<br \/>\n<br \/>\nARCHITECTE :<br \/>\n(nom du ou des architectes)<\/p>\n<p><\/strong>&nbsp;<\/p>\n<p><strong>6. Fr\u00e9quence d\u2019attribution<\/strong><\/p>\n<p>Le prix est d\u00e9cern\u00e9 chaque ann\u00e9e.<\/p>\n<p><strong>7. Remise publique du prix<\/strong><\/p>\n<p>La remise du prix aura lieu dans le cadre de la Conf\u00e9rence sur l&rsquo;architecture de l&rsquo;IRAC ou d&rsquo;une autre c\u00e9r\u00e9monie appropri\u00e9e. La Fiducie nationale du Canada peut d\u00e9l\u00e9guer un repr\u00e9sentant pour pr\u00e9senter le prix conjointement avec l&rsquo;IRAC.<\/p>\n<p><strong>8. Plaque comm\u00e9morative<\/strong><\/p>\n<p>Au choix du propri\u00e9taire, l&rsquo;IRAC et la Fiducie nationale du Canada remettront une plaque murale ou une plaque de bureau comm\u00e9morative. <\/p>\n<p><strong>9. Publicit\u00e9 commune<\/strong><\/p>\n<p>L\u2019IRAC et la Fiducie nationale du Canada collaboreront \u00e0 une strat\u00e9gie de promotion et de communication commune entourant l\u2019appel de candidatures, l\u2019annonce du ou des laur\u00e9ats et les comptes-rendus sur la remise du prix. <\/p>\n<hr \/>\n<p><em>Le Prix du XX<sup>e<\/sup> si\u00e8cle est pr\u00e9sent\u00e9 conjointement par la Fiducie nationale du Canada et l&rsquo;Institut royal d&rsquo;architecture du Canada.<\/em><\/p>\n<p><em>Pour de plus amples renseignements<\/em><br \/>\nCourriel : <a href=\"mailto:awards-prix@raic.org\" rel=\"noopener noreferrer\" target=\"_blank\">awards-prix@raic.org<\/a><br \/>\nT\u00e9l. : (613) 241-3600, poste 2015<\/p>\n","protected":false},"excerpt":{"rendered":"<p>Appel de candidatures 2021 Date limite d&rsquo;inscription : Le 22 janvier 2021 SOUMETTRE MAINTENANT Modalit\u00e9s 1. But du prix La&#8230;<\/p>\n","protected":false},"author":8,"featured_media":0,"parent":1433,"menu_order":0,"comment_status":"closed","ping_status":"closed","template":"","meta":{"_acf_changed":false,"footnotes":""},"class_list":["post-3447","page","type-page","status-publish","hentry"],"acf":[],"yoast_head":"<!-- This site is optimized with the Yoast SEO plugin v26.3 - https:\/\/yoast.com\/wordpress\/plugins\/seo\/ -->\n<title>Prix du XXe siecle - Fiducie nationale du Canada<\/title>\n<meta name=\"robots\" content=\"index, follow, max-snippet:-1, max-image-preview:large, max-video-preview:-1\" \/>\n<link rel=\"canonical\" href=\"https:\/\/nationaltrustcanada.ca\/fr\/ce-que-vous-pouvez-faire\/prix\/prix-du-xxe-siecle\" \/>\n<meta property=\"og:locale\" content=\"fr_FR\" \/>\n<meta property=\"og:type\" content=\"article\" \/>\n<meta property=\"og:title\" content=\"Prix du XXe siecle - Fiducie nationale du Canada\" \/>\n<meta property=\"og:description\" content=\"Appel de candidatures 2021 Date limite d&rsquo;inscription : Le 22 janvier 2021 SOUMETTRE MAINTENANT Modalit\u00e9s 1. But du prix La...\" \/>\n<meta property=\"og:url\" content=\"https:\/\/nationaltrustcanada.ca\/fr\/ce-que-vous-pouvez-faire\/prix\/prix-du-xxe-siecle\" \/>\n<meta property=\"og:site_name\" content=\"Fiducie nationale du Canada\" \/>\n<meta property=\"article:modified_time\" content=\"2023-03-16T12:37:32+00:00\" \/>\n<meta property=\"og:image\" content=\"https:\/\/nationaltrustcanada.ca\/wp-content\/uploads\/2019\/11\/RAIC-300x113.jpg\" \/>\n<meta name=\"twitter:card\" content=\"summary_large_image\" \/>\n<meta name=\"twitter:label1\" content=\"Dur\u00e9e de lecture estim\u00e9e\" \/>\n\t<meta name=\"twitter:data1\" content=\"5 minutes\" \/>\n<script type=\"application\/ld+json\" class=\"yoast-schema-graph\">{\"@context\":\"https:\/\/schema.org\",\"@graph\":[{\"@type\":\"WebPage\",\"@id\":\"https:\/\/nationaltrustcanada.ca\/fr\/ce-que-vous-pouvez-faire\/prix\/prix-du-xxe-siecle\",\"url\":\"https:\/\/nationaltrustcanada.ca\/fr\/ce-que-vous-pouvez-faire\/prix\/prix-du-xxe-siecle\",\"name\":\"Prix du XXe siecle - Fiducie nationale du Canada\",\"isPartOf\":{\"@id\":\"https:\/\/nationaltrustcanada.ca\/#website\"},\"primaryImageOfPage\":{\"@id\":\"https:\/\/nationaltrustcanada.ca\/fr\/ce-que-vous-pouvez-faire\/prix\/prix-du-xxe-siecle#primaryimage\"},\"image\":{\"@id\":\"https:\/\/nationaltrustcanada.ca\/fr\/ce-que-vous-pouvez-faire\/prix\/prix-du-xxe-siecle#primaryimage\"},\"thumbnailUrl\":\"https:\/\/nationaltrustcanada.ca\/wp-content\/uploads\/2019\/11\/RAIC-300x113.jpg\",\"datePublished\":\"2018-01-11T13:54:51+00:00\",\"dateModified\":\"2023-03-16T12:37:32+00:00\",\"breadcrumb\":{\"@id\":\"https:\/\/nationaltrustcanada.ca\/fr\/ce-que-vous-pouvez-faire\/prix\/prix-du-xxe-siecle#breadcrumb\"},\"inLanguage\":\"fr-FR\",\"potentialAction\":[{\"@type\":\"ReadAction\",\"target\":[\"https:\/\/nationaltrustcanada.ca\/fr\/ce-que-vous-pouvez-faire\/prix\/prix-du-xxe-siecle\"]}]},{\"@type\":\"ImageObject\",\"inLanguage\":\"fr-FR\",\"@id\":\"https:\/\/nationaltrustcanada.ca\/fr\/ce-que-vous-pouvez-faire\/prix\/prix-du-xxe-siecle#primaryimage\",\"url\":\"https:\/\/nationaltrustcanada.ca\/wp-content\/uploads\/2019\/11\/RAIC-300x113.jpg\",\"contentUrl\":\"https:\/\/nationaltrustcanada.ca\/wp-content\/uploads\/2019\/11\/RAIC-300x113.jpg\"},{\"@type\":\"BreadcrumbList\",\"@id\":\"https:\/\/nationaltrustcanada.ca\/fr\/ce-que-vous-pouvez-faire\/prix\/prix-du-xxe-siecle#breadcrumb\",\"itemListElement\":[{\"@type\":\"ListItem\",\"position\":1,\"name\":\"Home\",\"item\":\"https:\/\/nationaltrustcanada.ca\/fr\"},{\"@type\":\"ListItem\",\"position\":2,\"name\":\"Ce que vous pouvez faire\",\"item\":\"https:\/\/nationaltrustcanada.ca\/fr\/ce-que-vous-pouvez-faire\"},{\"@type\":\"ListItem\",\"position\":3,\"name\":\"Prix et d\u00e9corations\",\"item\":\"https:\/\/nationaltrustcanada.ca\/fr\/ce-que-vous-pouvez-faire\/prix\"},{\"@type\":\"ListItem\",\"position\":4,\"name\":\"Prix du XXe siecle\"}]},{\"@type\":\"WebSite\",\"@id\":\"https:\/\/nationaltrustcanada.ca\/#website\",\"url\":\"https:\/\/nationaltrustcanada.ca\/\",\"name\":\"Fiducie nationale du Canada\",\"description\":\"Bringing Heritage to Life\",\"potentialAction\":[{\"@type\":\"SearchAction\",\"target\":{\"@type\":\"EntryPoint\",\"urlTemplate\":\"https:\/\/nationaltrustcanada.ca\/?s={search_term_string}\"},\"query-input\":{\"@type\":\"PropertyValueSpecification\",\"valueRequired\":true,\"valueName\":\"search_term_string\"}}],\"inLanguage\":\"fr-FR\"}]}<\/script>\n<!-- \/ Yoast SEO plugin. -->","yoast_head_json":{"title":"Prix du XXe siecle - Fiducie nationale du Canada","robots":{"index":"index","follow":"follow","max-snippet":"max-snippet:-1","max-image-preview":"max-image-preview:large","max-video-preview":"max-video-preview:-1"},"canonical":"https:\/\/nationaltrustcanada.ca\/fr\/ce-que-vous-pouvez-faire\/prix\/prix-du-xxe-siecle","og_locale":"fr_FR","og_type":"article","og_title":"Prix du XXe siecle - Fiducie nationale du Canada","og_description":"Appel de candidatures 2021 Date limite d&rsquo;inscription : Le 22 janvier 2021 SOUMETTRE MAINTENANT Modalit\u00e9s 1. But du prix La...","og_url":"https:\/\/nationaltrustcanada.ca\/fr\/ce-que-vous-pouvez-faire\/prix\/prix-du-xxe-siecle","og_site_name":"Fiducie nationale du Canada","article_modified_time":"2023-03-16T12:37:32+00:00","og_image":[{"url":"https:\/\/nationaltrustcanada.ca\/wp-content\/uploads\/2019\/11\/RAIC-300x113.jpg","type":"","width":"","height":""}],"twitter_card":"summary_large_image","twitter_misc":{"Dur\u00e9e de lecture estim\u00e9e":"5 minutes"},"schema":{"@context":"https:\/\/schema.org","@graph":[{"@type":"WebPage","@id":"https:\/\/nationaltrustcanada.ca\/fr\/ce-que-vous-pouvez-faire\/prix\/prix-du-xxe-siecle","url":"https:\/\/nationaltrustcanada.ca\/fr\/ce-que-vous-pouvez-faire\/prix\/prix-du-xxe-siecle","name":"Prix du XXe siecle - Fiducie nationale du Canada","isPartOf":{"@id":"https:\/\/nationaltrustcanada.ca\/#website"},"primaryImageOfPage":{"@id":"https:\/\/nationaltrustcanada.ca\/fr\/ce-que-vous-pouvez-faire\/prix\/prix-du-xxe-siecle#primaryimage"},"image":{"@id":"https:\/\/nationaltrustcanada.ca\/fr\/ce-que-vous-pouvez-faire\/prix\/prix-du-xxe-siecle#primaryimage"},"thumbnailUrl":"https:\/\/nationaltrustcanada.ca\/wp-content\/uploads\/2019\/11\/RAIC-300x113.jpg","datePublished":"2018-01-11T13:54:51+00:00","dateModified":"2023-03-16T12:37:32+00:00","breadcrumb":{"@id":"https:\/\/nationaltrustcanada.ca\/fr\/ce-que-vous-pouvez-faire\/prix\/prix-du-xxe-siecle#breadcrumb"},"inLanguage":"fr-FR","potentialAction":[{"@type":"ReadAction","target":["https:\/\/nationaltrustcanada.ca\/fr\/ce-que-vous-pouvez-faire\/prix\/prix-du-xxe-siecle"]}]},{"@type":"ImageObject","inLanguage":"fr-FR","@id":"https:\/\/nationaltrustcanada.ca\/fr\/ce-que-vous-pouvez-faire\/prix\/prix-du-xxe-siecle#primaryimage","url":"https:\/\/nationaltrustcanada.ca\/wp-content\/uploads\/2019\/11\/RAIC-300x113.jpg","contentUrl":"https:\/\/nationaltrustcanada.ca\/wp-content\/uploads\/2019\/11\/RAIC-300x113.jpg"},{"@type":"BreadcrumbList","@id":"https:\/\/nationaltrustcanada.ca\/fr\/ce-que-vous-pouvez-faire\/prix\/prix-du-xxe-siecle#breadcrumb","itemListElement":[{"@type":"ListItem","position":1,"name":"Home","item":"https:\/\/nationaltrustcanada.ca\/fr"},{"@type":"ListItem","position":2,"name":"Ce que vous pouvez faire","item":"https:\/\/nationaltrustcanada.ca\/fr\/ce-que-vous-pouvez-faire"},{"@type":"ListItem","position":3,"name":"Prix et d\u00e9corations","item":"https:\/\/nationaltrustcanada.ca\/fr\/ce-que-vous-pouvez-faire\/prix"},{"@type":"ListItem","position":4,"name":"Prix du XXe siecle"}]},{"@type":"WebSite","@id":"https:\/\/nationaltrustcanada.ca\/#website","url":"https:\/\/nationaltrustcanada.ca\/","name":"Fiducie nationale du Canada","description":"Bringing Heritage to Life","potentialAction":[{"@type":"SearchAction","target":{"@type":"EntryPoint","urlTemplate":"https:\/\/nationaltrustcanada.ca\/?s={search_term_string}"},"query-input":{"@type":"PropertyValueSpecification","valueRequired":true,"valueName":"search_term_string"}}],"inLanguage":"fr-FR"}]}},"_links":{"self":[{"href":"https:\/\/nationaltrustcanada.ca\/fr\/wp-json\/wp\/v2\/pages\/3447","targetHints":{"allow":["GET"]}}],"collection":[{"href":"https:\/\/nationaltrustcanada.ca\/fr\/wp-json\/wp\/v2\/pages"}],"about":[{"href":"https:\/\/nationaltrustcanada.ca\/fr\/wp-json\/wp\/v2\/types\/page"}],"author":[{"embeddable":true,"href":"https:\/\/nationaltrustcanada.ca\/fr\/wp-json\/wp\/v2\/users\/8"}],"replies":[{"embeddable":true,"href":"https:\/\/nationaltrustcanada.ca\/fr\/wp-json\/wp\/v2\/comments?post=3447"}],"version-history":[{"count":18,"href":"https:\/\/nationaltrustcanada.ca\/fr\/wp-json\/wp\/v2\/pages\/3447\/revisions"}],"predecessor-version":[{"id":16839,"href":"https:\/\/nationaltrustcanada.ca\/fr\/wp-json\/wp\/v2\/pages\/3447\/revisions\/16839"}],"up":[{"embeddable":true,"href":"https:\/\/nationaltrustcanada.ca\/fr\/wp-json\/wp\/v2\/pages\/1433"}],"wp:attachment":[{"href":"https:\/\/nationaltrustcanada.ca\/fr\/wp-json\/wp\/v2\/media?parent=3447"}],"curies":[{"name":"wp","href":"https:\/\/api.w.org\/{rel}","templated":true}]}}