{"id":3270,"date":"2017-12-14T10:18:24","date_gmt":"2017-12-14T15:18:24","guid":{"rendered":"https:\/\/nationaltrustcanada.ca?page_id=3270"},"modified":"2017-12-14T10:34:23","modified_gmt":"2017-12-14T15:34:23","slug":"exemple-de-courriel-pour-le-budget-federal-de-2018","status":"publish","type":"page","link":"https:\/\/nationaltrustcanada.ca\/fr\/ce-que-vous-pouvez-faire\/advocacy-action\/bill-c-323-an-act-to-create-tax-incentives-for-the-rehabilitation-of-historic-property\/exemple-de-courriel-pour-le-budget-federal-de-2018","title":{"rendered":"Exemple de courriel pour r\u00e9clamer des fonds pour les lieux historiques dans le budget f\u00e9d\u00e9ral de 2018"},"content":{"rendered":"<p><u>Objet\u00a0: Consultations pr\u00e9budg\u00e9taires 2018<\/u><\/p>\n<p>\u00c0\u00a0: <a href=\"mailto:fin.pre-budgetconsultations2018-consultationspre-budgetaires2018.fin@canada.ca\">fin.pre-budgetconsultations2018-consultationspre-budgetaires2018.fin@canada.ca<\/a><\/p>\n<p>Monsieur le Ministre,<\/p>\n<p>Nous croyons que le fait de pr\u00e9voir des mesures pour les lieux historiques dans le budget de 2018 servira bien les objectifs de votre gouvernement en ce qui concerne \u00ab\u00a0le progr\u00e8s de la classe moyenne\u00a0\u00bb et \u00ab\u00a0l\u2019\u00e9conomie de demain\u00a0\u00bb.<\/p>\n<p>Le Comit\u00e9 permanent de l\u2019environnement et du d\u00e9veloppement durable de la Chambre des communes (ENVI) a estim\u00e9 dans son rapport <em>Pr\u00e9server le patrimoine du Canada\u00a0: Les fondements de notre avenir<\/em> \u00ab\u00a0que le gouvernement f\u00e9d\u00e9ral doit intervenir plus vigoureusement \u00e0 l\u2019\u00e9gard de la conservation des lieux historiques du Canada\u00a0\u00bb. Il a aussi affirm\u00e9 dans son rapport sur le projet de loi C-323 \u2013 <em>Loi modifiant la Loi de l\u2019imp\u00f4t sur le revenu (r\u00e9habilitation de propri\u00e9t\u00e9s historiques)<\/em> qu\u2019il \u00ab\u00a0appuie le principe du projet de loi C-323 et croit que les mesures d\u2019incitation financi\u00e8re, y compris les cr\u00e9dits d\u2019imp\u00f4t, qui encouragent l\u2019investissement dans la r\u00e9habilitation des propri\u00e9t\u00e9s historiques et des sites patrimoniaux, sont n\u00e9cessaires\u00a0\u00bb.<\/p>\n<p>Des donn\u00e9es probantes d\u00e9montrent que l\u2019investissement dans le patrimoine favorise <strong>la croissance \u00e9conomique et la cr\u00e9ation d\u2019emplois<\/strong>. La r\u00e9habilitation cr\u00e9e au-del\u00e0 de 21\u00a0% d\u2019emplois de plus \u2013 y compris des emplois sp\u00e9cialis\u00e9s \u2013 qu\u2019un investissement \u00e9quivalent dans la nouvelle construction. Plus encore, l\u2019investissement dans la remise en \u00e9tat d\u2019immeubles du patrimoine contribue \u00e0 la <strong>lutte contre les changements climatiques<\/strong>. Le fait de renouveler et r\u00e9utiliser des immeubles existants tire parti des mat\u00e9riaux et de l\u2019\u00e9nergie d\u00e9j\u00e0 investis, r\u00e9duit les d\u00e9chets de construction et de d\u00e9molition, et \u00e9vite les r\u00e9percussions environnementales de la nouvelle construction. Selon une \u00e9tude r\u00e9cente, il faut de 10\u00a0\u00e0 80\u00a0ans pour qu\u2019un nouvel immeuble \u00ab\u00a0vert\u00a0\u00bb compense les r\u00e9percussions n\u00e9gatives de sa construction sur les changements climatiques.<\/p>\n<p>Je demande donc que la priorit\u00e9 soit accord\u00e9e \u00e0 des mesures budg\u00e9taires f\u00e9d\u00e9rales qui produiraient l\u2019effet le plus tangible et le plus imm\u00e9diat pour le plus grand nombre de lieux ruraux et urbains au Canada, ainsi que des retomb\u00e9es positives assur\u00e9es pour l\u2019environnement et pour notre \u00e9conomie\u00a0:<\/p>\n<p>A.\u00a0\u00a0\u00a0\u00a0\u00a0 des mesures qui encourageront les investissements du secteur priv\u00e9 dans la revitalisation de lieux historiques qui importent pour nos collectivit\u00e9s;<\/p>\n<p>B.\u00a0\u00a0\u00a0\u00a0\u00a0 des mesures qui aideront \u00e0 financer les efforts des Autochtones et des organismes sans but lucratif visant \u00e0 sauver et renouveler des lieux qui importent.<\/p>\n<p>Parmi les mesures \u00e9prouv\u00e9es figurent des subventions et contributions, des incitatifs fiscaux et des politiques \u00ab\u00a0priorit\u00e9 au patrimoine\u00a0\u00bb dans le choix de locaux et les d\u00e9cisions d\u2019investissement.<\/p>\n<p>Je vous remercie de l\u2019int\u00e9r\u00eat que vous y porterez.<\/p>\n","protected":false},"excerpt":{"rendered":"<p>Objet\u00a0: Consultations pr\u00e9budg\u00e9taires 2018 \u00c0\u00a0: fin.pre-budgetconsultations2018-consultationspre-budgetaires2018.fin@canada.ca Monsieur le Ministre, Nous croyons que le fait de pr\u00e9voir des mesures pour les&#8230;<\/p>\n","protected":false},"author":4,"featured_media":0,"parent":1637,"menu_order":0,"comment_status":"closed","ping_status":"closed","template":"","meta":{"_acf_changed":false,"footnotes":""},"class_list":["post-3270","page","type-page","status-publish","hentry"],"acf":[],"yoast_head":"<!-- This site is optimized with the Yoast SEO plugin v26.3 - https:\/\/yoast.com\/wordpress\/plugins\/seo\/ -->\n<title>Exemple de courriel pour r\u00e9clamer des fonds pour les lieux historiques dans le budget f\u00e9d\u00e9ral de 2018 - Fiducie nationale du Canada<\/title>\n<meta name=\"robots\" content=\"index, follow, max-snippet:-1, max-image-preview:large, max-video-preview:-1\" \/>\n<link rel=\"canonical\" href=\"https:\/\/nationaltrustcanada.ca\/fr\/ce-que-vous-pouvez-faire\/advocacy-action\/bill-c-323-an-act-to-create-tax-incentives-for-the-rehabilitation-of-historic-property\/exemple-de-courriel-pour-le-budget-federal-de-2018\" \/>\n<meta property=\"og:locale\" content=\"fr_FR\" \/>\n<meta property=\"og:type\" content=\"article\" \/>\n<meta property=\"og:title\" content=\"Exemple de courriel pour r\u00e9clamer des fonds pour les lieux historiques dans le budget f\u00e9d\u00e9ral de 2018 - Fiducie nationale du Canada\" \/>\n<meta property=\"og:description\" content=\"Objet\u00a0: Consultations pr\u00e9budg\u00e9taires 2018 \u00c0\u00a0: fin.pre-budgetconsultations2018-consultationspre-budgetaires2018.fin@canada.ca Monsieur le Ministre, Nous croyons que le fait de pr\u00e9voir des mesures pour les...\" \/>\n<meta property=\"og:url\" content=\"https:\/\/nationaltrustcanada.ca\/fr\/ce-que-vous-pouvez-faire\/advocacy-action\/bill-c-323-an-act-to-create-tax-incentives-for-the-rehabilitation-of-historic-property\/exemple-de-courriel-pour-le-budget-federal-de-2018\" \/>\n<meta property=\"og:site_name\" content=\"Fiducie nationale du Canada\" \/>\n<meta property=\"article:modified_time\" content=\"2017-12-14T15:34:23+00:00\" \/>\n<meta name=\"twitter:card\" content=\"summary_large_image\" \/>\n<meta name=\"twitter:label1\" content=\"Dur\u00e9e de lecture estim\u00e9e\" \/>\n\t<meta name=\"twitter:data1\" content=\"2 minutes\" \/>\n<script type=\"application\/ld+json\" class=\"yoast-schema-graph\">{\"@context\":\"https:\/\/schema.org\",\"@graph\":[{\"@type\":\"WebPage\",\"@id\":\"https:\/\/nationaltrustcanada.ca\/fr\/ce-que-vous-pouvez-faire\/advocacy-action\/bill-c-323-an-act-to-create-tax-incentives-for-the-rehabilitation-of-historic-property\/exemple-de-courriel-pour-le-budget-federal-de-2018\",\"url\":\"https:\/\/nationaltrustcanada.ca\/fr\/ce-que-vous-pouvez-faire\/advocacy-action\/bill-c-323-an-act-to-create-tax-incentives-for-the-rehabilitation-of-historic-property\/exemple-de-courriel-pour-le-budget-federal-de-2018\",\"name\":\"Exemple de courriel pour r\u00e9clamer des fonds pour les lieux historiques dans le budget f\u00e9d\u00e9ral de 2018 - Fiducie nationale du Canada\",\"isPartOf\":{\"@id\":\"https:\/\/nationaltrustcanada.ca\/#website\"},\"datePublished\":\"2017-12-14T15:18:24+00:00\",\"dateModified\":\"2017-12-14T15:34:23+00:00\",\"breadcrumb\":{\"@id\":\"https:\/\/nationaltrustcanada.ca\/fr\/ce-que-vous-pouvez-faire\/advocacy-action\/bill-c-323-an-act-to-create-tax-incentives-for-the-rehabilitation-of-historic-property\/exemple-de-courriel-pour-le-budget-federal-de-2018#breadcrumb\"},\"inLanguage\":\"fr-FR\",\"potentialAction\":[{\"@type\":\"ReadAction\",\"target\":[\"https:\/\/nationaltrustcanada.ca\/fr\/ce-que-vous-pouvez-faire\/advocacy-action\/bill-c-323-an-act-to-create-tax-incentives-for-the-rehabilitation-of-historic-property\/exemple-de-courriel-pour-le-budget-federal-de-2018\"]}]},{\"@type\":\"BreadcrumbList\",\"@id\":\"https:\/\/nationaltrustcanada.ca\/fr\/ce-que-vous-pouvez-faire\/advocacy-action\/bill-c-323-an-act-to-create-tax-incentives-for-the-rehabilitation-of-historic-property\/exemple-de-courriel-pour-le-budget-federal-de-2018#breadcrumb\",\"itemListElement\":[{\"@type\":\"ListItem\",\"position\":1,\"name\":\"Home\",\"item\":\"https:\/\/nationaltrustcanada.ca\/fr\"},{\"@type\":\"ListItem\",\"position\":2,\"name\":\"Ce que vous pouvez faire\",\"item\":\"https:\/\/nationaltrustcanada.ca\/fr\/ce-que-vous-pouvez-faire\"},{\"@type\":\"ListItem\",\"position\":3,\"name\":\"Action citoyenne\",\"item\":\"https:\/\/nationaltrustcanada.ca\/fr\/ce-que-vous-pouvez-faire\/advocacy-action\"},{\"@type\":\"ListItem\",\"position\":4,\"name\":\"La Chambre des communes examine la situation des lieux historiques au Canada. C\u2019est le moment d\u2019exprimer vos opinions!\",\"item\":\"https:\/\/nationaltrustcanada.ca\/fr\/ce-que-vous-pouvez-faire\/advocacy-action\/bill-c-323-an-act-to-create-tax-incentives-for-the-rehabilitation-of-historic-property\"},{\"@type\":\"ListItem\",\"position\":5,\"name\":\"Exemple de courriel pour r\u00e9clamer des fonds pour les lieux historiques dans le budget f\u00e9d\u00e9ral de 2018\"}]},{\"@type\":\"WebSite\",\"@id\":\"https:\/\/nationaltrustcanada.ca\/#website\",\"url\":\"https:\/\/nationaltrustcanada.ca\/\",\"name\":\"Fiducie nationale du Canada\",\"description\":\"Bringing Heritage to Life\",\"potentialAction\":[{\"@type\":\"SearchAction\",\"target\":{\"@type\":\"EntryPoint\",\"urlTemplate\":\"https:\/\/nationaltrustcanada.ca\/?s={search_term_string}\"},\"query-input\":{\"@type\":\"PropertyValueSpecification\",\"valueRequired\":true,\"valueName\":\"search_term_string\"}}],\"inLanguage\":\"fr-FR\"}]}<\/script>\n<!-- \/ Yoast SEO plugin. -->","yoast_head_json":{"title":"Exemple de courriel pour r\u00e9clamer des fonds pour les lieux historiques dans le budget f\u00e9d\u00e9ral de 2018 - Fiducie nationale du Canada","robots":{"index":"index","follow":"follow","max-snippet":"max-snippet:-1","max-image-preview":"max-image-preview:large","max-video-preview":"max-video-preview:-1"},"canonical":"https:\/\/nationaltrustcanada.ca\/fr\/ce-que-vous-pouvez-faire\/advocacy-action\/bill-c-323-an-act-to-create-tax-incentives-for-the-rehabilitation-of-historic-property\/exemple-de-courriel-pour-le-budget-federal-de-2018","og_locale":"fr_FR","og_type":"article","og_title":"Exemple de courriel pour r\u00e9clamer des fonds pour les lieux historiques dans le budget f\u00e9d\u00e9ral de 2018 - Fiducie nationale du Canada","og_description":"Objet\u00a0: Consultations pr\u00e9budg\u00e9taires 2018 \u00c0\u00a0: fin.pre-budgetconsultations2018-consultationspre-budgetaires2018.fin@canada.ca Monsieur le Ministre, Nous croyons que le fait de pr\u00e9voir des mesures pour les...","og_url":"https:\/\/nationaltrustcanada.ca\/fr\/ce-que-vous-pouvez-faire\/advocacy-action\/bill-c-323-an-act-to-create-tax-incentives-for-the-rehabilitation-of-historic-property\/exemple-de-courriel-pour-le-budget-federal-de-2018","og_site_name":"Fiducie nationale du Canada","article_modified_time":"2017-12-14T15:34:23+00:00","twitter_card":"summary_large_image","twitter_misc":{"Dur\u00e9e de lecture estim\u00e9e":"2 minutes"},"schema":{"@context":"https:\/\/schema.org","@graph":[{"@type":"WebPage","@id":"https:\/\/nationaltrustcanada.ca\/fr\/ce-que-vous-pouvez-faire\/advocacy-action\/bill-c-323-an-act-to-create-tax-incentives-for-the-rehabilitation-of-historic-property\/exemple-de-courriel-pour-le-budget-federal-de-2018","url":"https:\/\/nationaltrustcanada.ca\/fr\/ce-que-vous-pouvez-faire\/advocacy-action\/bill-c-323-an-act-to-create-tax-incentives-for-the-rehabilitation-of-historic-property\/exemple-de-courriel-pour-le-budget-federal-de-2018","name":"Exemple de courriel pour r\u00e9clamer des fonds pour les lieux historiques dans le budget f\u00e9d\u00e9ral de 2018 - Fiducie nationale du Canada","isPartOf":{"@id":"https:\/\/nationaltrustcanada.ca\/#website"},"datePublished":"2017-12-14T15:18:24+00:00","dateModified":"2017-12-14T15:34:23+00:00","breadcrumb":{"@id":"https:\/\/nationaltrustcanada.ca\/fr\/ce-que-vous-pouvez-faire\/advocacy-action\/bill-c-323-an-act-to-create-tax-incentives-for-the-rehabilitation-of-historic-property\/exemple-de-courriel-pour-le-budget-federal-de-2018#breadcrumb"},"inLanguage":"fr-FR","potentialAction":[{"@type":"ReadAction","target":["https:\/\/nationaltrustcanada.ca\/fr\/ce-que-vous-pouvez-faire\/advocacy-action\/bill-c-323-an-act-to-create-tax-incentives-for-the-rehabilitation-of-historic-property\/exemple-de-courriel-pour-le-budget-federal-de-2018"]}]},{"@type":"BreadcrumbList","@id":"https:\/\/nationaltrustcanada.ca\/fr\/ce-que-vous-pouvez-faire\/advocacy-action\/bill-c-323-an-act-to-create-tax-incentives-for-the-rehabilitation-of-historic-property\/exemple-de-courriel-pour-le-budget-federal-de-2018#breadcrumb","itemListElement":[{"@type":"ListItem","position":1,"name":"Home","item":"https:\/\/nationaltrustcanada.ca\/fr"},{"@type":"ListItem","position":2,"name":"Ce que vous pouvez faire","item":"https:\/\/nationaltrustcanada.ca\/fr\/ce-que-vous-pouvez-faire"},{"@type":"ListItem","position":3,"name":"Action citoyenne","item":"https:\/\/nationaltrustcanada.ca\/fr\/ce-que-vous-pouvez-faire\/advocacy-action"},{"@type":"ListItem","position":4,"name":"La Chambre des communes examine la situation des lieux historiques au Canada. C\u2019est le moment d\u2019exprimer vos opinions!","item":"https:\/\/nationaltrustcanada.ca\/fr\/ce-que-vous-pouvez-faire\/advocacy-action\/bill-c-323-an-act-to-create-tax-incentives-for-the-rehabilitation-of-historic-property"},{"@type":"ListItem","position":5,"name":"Exemple de courriel pour r\u00e9clamer des fonds pour les lieux historiques dans le budget f\u00e9d\u00e9ral de 2018"}]},{"@type":"WebSite","@id":"https:\/\/nationaltrustcanada.ca\/#website","url":"https:\/\/nationaltrustcanada.ca\/","name":"Fiducie nationale du Canada","description":"Bringing Heritage to Life","potentialAction":[{"@type":"SearchAction","target":{"@type":"EntryPoint","urlTemplate":"https:\/\/nationaltrustcanada.ca\/?s={search_term_string}"},"query-input":{"@type":"PropertyValueSpecification","valueRequired":true,"valueName":"search_term_string"}}],"inLanguage":"fr-FR"}]}},"_links":{"self":[{"href":"https:\/\/nationaltrustcanada.ca\/fr\/wp-json\/wp\/v2\/pages\/3270","targetHints":{"allow":["GET"]}}],"collection":[{"href":"https:\/\/nationaltrustcanada.ca\/fr\/wp-json\/wp\/v2\/pages"}],"about":[{"href":"https:\/\/nationaltrustcanada.ca\/fr\/wp-json\/wp\/v2\/types\/page"}],"author":[{"embeddable":true,"href":"https:\/\/nationaltrustcanada.ca\/fr\/wp-json\/wp\/v2\/users\/4"}],"replies":[{"embeddable":true,"href":"https:\/\/nationaltrustcanada.ca\/fr\/wp-json\/wp\/v2\/comments?post=3270"}],"version-history":[{"count":5,"href":"https:\/\/nationaltrustcanada.ca\/fr\/wp-json\/wp\/v2\/pages\/3270\/revisions"}],"predecessor-version":[{"id":3289,"href":"https:\/\/nationaltrustcanada.ca\/fr\/wp-json\/wp\/v2\/pages\/3270\/revisions\/3289"}],"up":[{"embeddable":true,"href":"https:\/\/nationaltrustcanada.ca\/fr\/wp-json\/wp\/v2\/pages\/1637"}],"wp:attachment":[{"href":"https:\/\/nationaltrustcanada.ca\/fr\/wp-json\/wp\/v2\/media?parent=3270"}],"curies":[{"name":"wp","href":"https:\/\/api.w.org\/{rel}","templated":true}]}}