{"id":2778,"date":"2017-11-29T15:48:27","date_gmt":"2017-11-29T20:48:27","guid":{"rendered":"https:\/\/nationaltrustcanada.ca?page_id=2778"},"modified":"2017-11-29T15:49:46","modified_gmt":"2017-11-29T20:49:46","slug":"changer-la-donne-pour-le-patrimoine-organisations","status":"publish","type":"page","link":"https:\/\/nationaltrustcanada.ca\/fr\/ce-que-vous-pouvez-faire\/advocacy-action\/changer-la-donne-pour-le-patrimoine-organisations","title":{"rendered":"Changer la donne pour le patrimoine &#8211; Organisations"},"content":{"rendered":"<h2 class=\"null\">Ce qui se passe sur la colline du Parlement touchera les lieux historiques de votre localit\u00e9. Nous avons besoin de votre voix!<\/h2>\n<p>Si vous dirigez un organisme vou\u00e9 au patrimoine, vous vivez dans un quartier patrimonial, vous \u00eates propri\u00e9taire d\u2019un immeuble historique ou tout simplement vous vous souciez de la qualit\u00e9 de notre environnement b\u00e2ti, lisez ce message et pr\u00e9parez-vous \u00e0 agir!<\/p>\n<h2 class=\"null\">Le point sur les mesures f\u00e9d\u00e9rales pour les lieux historiques au Canada \u2013 et strat\u00e9gie recommand\u00e9e pour y r\u00e9agir<\/h2>\n<p>Peut-\u00eatre d\u00e8s ce lundi 27\u00a0novembre, le Comit\u00e9 permanent de l\u2019environnement et du d\u00e9veloppement durable de la Chambre des communes pr\u00e9sentera un rapport \u00e0 la suite de ses premi\u00e8res audiences depuis une g\u00e9n\u00e9ration sur l\u2019\u00e9tat des lieux historiques au Canada. Le rapport devrait contenir des recommandations visant tous les types de lieux du patrimoine, en r\u00e9ponse aux t\u00e9moignages de la Fiducie nationale et d\u2019autres intervenants. Le t\u00e9moignage et les observations de la Fiducie nationale pressaient le Comit\u00e9 de donner la priorit\u00e9 \u00e0 des recommandations qui auraient l\u2019effet le plus tangible pour le plus grand nombre de lieux historiques au Canada, ainsi que des retomb\u00e9es assur\u00e9es pour l\u2019\u00e9conomie. Des mesures comme\u00a0: des incitatifs fiscaux qui encourageraient les investissements priv\u00e9s; des subventions et contributions qui aideraient \u00e0 financer les efforts d\u00e9ploy\u00e9s par les organismes autochtones, caritatifs et autres sans but lucratif pour sauver et renouveler des lieux importants; et des politiques \u00ab\u00a0priorit\u00e9 au patrimoine\u00a0\u00bb dans le choix de locaux qui aideraient \u00e0 cr\u00e9er un march\u00e9 pour les immeubles historiques.\u00a0<a href=\"https:\/\/www.surveymonkey.com\/r\/changerladonnepourlepatrimoine\" target=\"_blank\" rel=\"noopener\">Joignez-vous \u00e0 des centaines de Canadiens pour exprimer votre appui \u00e0 ces priorit\u00e9s, ici.<\/a><\/p>\n<p>Une fois que le rapport du Comit\u00e9 sera d\u00e9pos\u00e9 \u00e0 la Chambre des communes, la ministre de l\u2019Environnement et du Changement climatique devra y r\u00e9pondre dans les 120\u00a0jours.<\/p>\n<p>Le rapport du Comit\u00e9 indiquera probablement comment le gouvernement r\u00e9agira au projet de loi C\u2011323 (Loi modifiant la Loi de l\u2019imp\u00f4t sur le revenu (r\u00e9habilitation de propri\u00e9t\u00e9s historiques)). Ce texte a \u00e9t\u00e9 pr\u00e9sent\u00e9 par un d\u00e9put\u00e9 de l\u2019opposition et renvoy\u00e9 en comit\u00e9 apr\u00e8s son adoption en deuxi\u00e8me lecture au printemps 2017. Le projet de loi reviendra \u00e0 la Chambre des communes avec une recommandation du Comit\u00e9, probablement au d\u00e9but de d\u00e9cembre.<\/p>\n<p>Le d\u00e9p\u00f4t du rapport du Comit\u00e9 de l\u2019environnement et la d\u00e9cision du Parlement sur le projet de loi C\u2011323 marqueront le d\u00e9but d\u2019une \u00e8re importante pour les sp\u00e9cialistes et les d\u00e9fenseurs du patrimoine. Il se pr\u00e9sentera une possibilit\u00e9 exceptionnelle de collaborer de fa\u00e7on cibl\u00e9e et productive avec le gouvernement, et en particulier avec le cabinet de la ministre de l\u2019Environnement et du Changement climatique et Parcs Canada, chefs de file f\u00e9d\u00e9raux en mati\u00e8re de conservation du patrimoine.<\/p>\n<p>Cela \u00e9tant, nous proposons un plan d\u2019action et nous incitons tous les d\u00e9fenseurs du patrimoine, les artisans du secteur et les sympathisants \u00e0 s\u2019impliquer et \u00e0 agir. Une voix unie et une d\u00e9marche coordonn\u00e9e sont essentielles, comme nous l\u2019avons retenu au vu des succ\u00e8s remport\u00e9s par le mouvement \u00e9cologique et le milieu des arts.<\/p>\n<p>En bref, le but consiste \u00e0 pr\u00e9senter\u00a0<strong>une r\u00e9ponse opportune, sanctionn\u00e9e par autant que possible d\u2019organismes du patrimoine<\/strong>\u00a0et d\u2019organisations alli\u00e9es des domaines de l\u2019architecture, de la construction et de l\u2019urbanisme, entre autres, puis \u00e0 organiser une s\u00e9rie de rencontres en 2018 pour entretenir l\u2019\u00e9lan et influencer le budget f\u00e9d\u00e9ral au printemps 2019! Une porte a \u00e9t\u00e9 ouverte pour un leadership f\u00e9d\u00e9ral en mati\u00e8re de lieux historiques. Il revient \u00e0 chacun de nous de s\u2019informer, d\u2019\u00eatre actif et de participer au mouvement!<\/p>\n<h2 class=\"null\">Calendrier d\u2019action<\/h2>\n<ul>\n<li>Semaine du 27\u00a0novembre\u00a0: Selon les pr\u00e9visions,\u00a0<strong>d\u00e9p\u00f4t (pr\u00e9sentation publique) \u00e0 la Chambre des communes<\/strong>\u00a0du rapport du Comit\u00e9 de l\u2019environnement Pr\u00e9servation et protection du patrimoine au Canada. Aussit\u00f4t,\u00a0<strong>la Fiducie nationale diffusera un lien<\/strong>\u00a0\u00e0 ce rapport \u00e0 tous ceux\u00a0<a href=\"https:\/\/nationaltrustcanada.ca\/fr\/\" target=\"_blank\" rel=\"noopener\">qui se sont inscrits pour recevoir notre bulletin<\/a>\u00a0ou\u00a0<a href=\"https:\/\/www.surveymonkey.com\/r\/changerladonnepourlepatrimoine\" target=\"_blank\" rel=\"noopener\">qui ont exprim\u00e9 leur appui en faveur des priorit\u00e9s indiqu\u00e9es plus haut<\/a>. Assurez-vous d\u2019\u00eatre sur au moins une de ces listes!<\/li>\n<\/ul>\n<ul>\n<li>Dans les 24\u00a0heures suivant la pr\u00e9sentation du rapport, la Fiducie nationale invitera tous les inscrits \u00e0 une s\u00e9rie d\u2019\u00ab\u00a0<strong>assembl\u00e9es publiques<\/strong>\u00a0\u00bb par t\u00e9l\u00e9conf\u00e9rence, pour discuter des recommandations et d\u00e9gager un consensus sur les messages cl\u00e9s devant faire partie d\u2019une r\u00e9ponse. Nous organiserons aussi des discussions sur Facebook.\u00a0Des organisations et des r\u00e9seaux seront invit\u00e9s \u00e0 diffuser de l\u2019information \u00e0 leurs contacts.<\/li>\n<\/ul>\n<ul>\n<li>Dans les jours suivant la pr\u00e9sentation du rapport et sur la base des conversations indiqu\u00e9es ci-dessus, la Fiducie nationale cherchera \u00e0 obtenir un\u00a0<strong>vaste appui \u00e0 un projet de r\u00e9ponse \u00ab\u00a0officielle\u00a0\u00bb<\/strong>\u00a0aupr\u00e8s de tous les organismes provinciaux ou territoriaux du patrimoine et d\u2019organisations alli\u00e9es. La r\u00e9ponse ainsi appuy\u00e9e sera envoy\u00e9e \u00e0 la ministre de l\u2019Environnement, \u00e0 la pr\u00e9sidente du Comit\u00e9 de l\u2019environnement de la Chambre des communes et \u00e0 d\u2019autres intervenants cl\u00e9s.\u00a0<u>Chefs de file du patrimoine, s\u2019il vous pla\u00eet, renseignez vos conseils d\u2019administration et soyez pr\u00eats \u00e0 participer!<\/u>Chaque organisation et chaque personne peut tr\u00e8s bien envoyer ses propres lettres, mais notre conseiller en relations gouvernementales recommande vivement une forte manifestation d\u2019appui sous la forme d\u2019une\u00a0<strong>prise de position unifi\u00e9e et largement appuy\u00e9e<\/strong>\u00a0par les organismes qui comptent. Une telle d\u00e9marche proactive aide \u00e0 \u00e9viter les r\u00e9actions contradictoires, qui pourraient \u00eatre contre-productives.<\/li>\n<\/ul>\n<ul>\n<li>La r\u00e9ponse comprendra une demande de\u00a0<strong>r\u00e9unions de suivi entre des signataires cl\u00e9s et la ministre de l\u2019Environnement<\/strong>\u00a0\u2013 s\u2019inspirant en cela des grandes ONG environnementales du Canada.<\/li>\n<\/ul>\n<ul>\n<li>Une strat\u00e9gie de suivi sera \u00e9labor\u00e9e avec un\u00a0<strong>groupe de travail pancanadien r\u00e9unissant des chefs de file et des champions<\/strong>, visant \u00e0 entretenir la conversation au sujet de mesures f\u00e9d\u00e9rales pour les lieux historiques. Un petit nombre d\u2019organismes et de particuliers se sont engag\u00e9s \u2013\u00a0<a href=\"mailto:nbull@nationaltrustcanada.ca\">faites de m\u00eame<\/a>!<\/li>\n<\/ul>\n<p>&nbsp;<\/p>\n","protected":false},"excerpt":{"rendered":"<p>Ce qui se passe sur la colline du Parlement touchera les lieux historiques de votre localit\u00e9. Nous avons besoin de&#8230;<\/p>\n","protected":false},"author":4,"featured_media":0,"parent":1437,"menu_order":0,"comment_status":"closed","ping_status":"closed","template":"","meta":{"_acf_changed":false,"footnotes":""},"class_list":["post-2778","page","type-page","status-publish","hentry"],"acf":[],"yoast_head":"<!-- This site is optimized with the Yoast SEO plugin v26.3 - https:\/\/yoast.com\/wordpress\/plugins\/seo\/ -->\n<title>Changer la donne pour le patrimoine - Organisations - Fiducie nationale du Canada<\/title>\n<meta name=\"robots\" content=\"index, follow, max-snippet:-1, max-image-preview:large, max-video-preview:-1\" \/>\n<link rel=\"canonical\" href=\"https:\/\/nationaltrustcanada.ca\/fr\/ce-que-vous-pouvez-faire\/advocacy-action\/changer-la-donne-pour-le-patrimoine-organisations\" \/>\n<meta property=\"og:locale\" content=\"fr_FR\" \/>\n<meta property=\"og:type\" content=\"article\" \/>\n<meta property=\"og:title\" content=\"Changer la donne pour le patrimoine - Organisations - Fiducie nationale du Canada\" \/>\n<meta property=\"og:description\" content=\"Ce qui se passe sur la colline du Parlement touchera les lieux historiques de votre localit\u00e9. Nous avons besoin de...\" \/>\n<meta property=\"og:url\" content=\"https:\/\/nationaltrustcanada.ca\/fr\/ce-que-vous-pouvez-faire\/advocacy-action\/changer-la-donne-pour-le-patrimoine-organisations\" \/>\n<meta property=\"og:site_name\" content=\"Fiducie nationale du Canada\" \/>\n<meta property=\"article:modified_time\" content=\"2017-11-29T20:49:46+00:00\" \/>\n<meta name=\"twitter:card\" content=\"summary_large_image\" \/>\n<meta name=\"twitter:label1\" content=\"Dur\u00e9e de lecture estim\u00e9e\" \/>\n\t<meta name=\"twitter:data1\" content=\"5 minutes\" \/>\n<script type=\"application\/ld+json\" class=\"yoast-schema-graph\">{\"@context\":\"https:\/\/schema.org\",\"@graph\":[{\"@type\":\"WebPage\",\"@id\":\"https:\/\/nationaltrustcanada.ca\/fr\/ce-que-vous-pouvez-faire\/advocacy-action\/changer-la-donne-pour-le-patrimoine-organisations\",\"url\":\"https:\/\/nationaltrustcanada.ca\/fr\/ce-que-vous-pouvez-faire\/advocacy-action\/changer-la-donne-pour-le-patrimoine-organisations\",\"name\":\"Changer la donne pour le patrimoine - Organisations - Fiducie nationale du Canada\",\"isPartOf\":{\"@id\":\"https:\/\/nationaltrustcanada.ca\/#website\"},\"datePublished\":\"2017-11-29T20:48:27+00:00\",\"dateModified\":\"2017-11-29T20:49:46+00:00\",\"breadcrumb\":{\"@id\":\"https:\/\/nationaltrustcanada.ca\/fr\/ce-que-vous-pouvez-faire\/advocacy-action\/changer-la-donne-pour-le-patrimoine-organisations#breadcrumb\"},\"inLanguage\":\"fr-FR\",\"potentialAction\":[{\"@type\":\"ReadAction\",\"target\":[\"https:\/\/nationaltrustcanada.ca\/fr\/ce-que-vous-pouvez-faire\/advocacy-action\/changer-la-donne-pour-le-patrimoine-organisations\"]}]},{\"@type\":\"BreadcrumbList\",\"@id\":\"https:\/\/nationaltrustcanada.ca\/fr\/ce-que-vous-pouvez-faire\/advocacy-action\/changer-la-donne-pour-le-patrimoine-organisations#breadcrumb\",\"itemListElement\":[{\"@type\":\"ListItem\",\"position\":1,\"name\":\"Home\",\"item\":\"https:\/\/nationaltrustcanada.ca\/fr\"},{\"@type\":\"ListItem\",\"position\":2,\"name\":\"Ce que vous pouvez faire\",\"item\":\"https:\/\/nationaltrustcanada.ca\/fr\/ce-que-vous-pouvez-faire\"},{\"@type\":\"ListItem\",\"position\":3,\"name\":\"Action citoyenne\",\"item\":\"https:\/\/nationaltrustcanada.ca\/fr\/ce-que-vous-pouvez-faire\/advocacy-action\"},{\"@type\":\"ListItem\",\"position\":4,\"name\":\"Changer la donne pour le patrimoine &#8211; Organisations\"}]},{\"@type\":\"WebSite\",\"@id\":\"https:\/\/nationaltrustcanada.ca\/#website\",\"url\":\"https:\/\/nationaltrustcanada.ca\/\",\"name\":\"Fiducie nationale du Canada\",\"description\":\"Bringing Heritage to Life\",\"potentialAction\":[{\"@type\":\"SearchAction\",\"target\":{\"@type\":\"EntryPoint\",\"urlTemplate\":\"https:\/\/nationaltrustcanada.ca\/?s={search_term_string}\"},\"query-input\":{\"@type\":\"PropertyValueSpecification\",\"valueRequired\":true,\"valueName\":\"search_term_string\"}}],\"inLanguage\":\"fr-FR\"}]}<\/script>\n<!-- \/ Yoast SEO plugin. -->","yoast_head_json":{"title":"Changer la donne pour le patrimoine - Organisations - Fiducie nationale du Canada","robots":{"index":"index","follow":"follow","max-snippet":"max-snippet:-1","max-image-preview":"max-image-preview:large","max-video-preview":"max-video-preview:-1"},"canonical":"https:\/\/nationaltrustcanada.ca\/fr\/ce-que-vous-pouvez-faire\/advocacy-action\/changer-la-donne-pour-le-patrimoine-organisations","og_locale":"fr_FR","og_type":"article","og_title":"Changer la donne pour le patrimoine - Organisations - Fiducie nationale du Canada","og_description":"Ce qui se passe sur la colline du Parlement touchera les lieux historiques de votre localit\u00e9. Nous avons besoin de...","og_url":"https:\/\/nationaltrustcanada.ca\/fr\/ce-que-vous-pouvez-faire\/advocacy-action\/changer-la-donne-pour-le-patrimoine-organisations","og_site_name":"Fiducie nationale du Canada","article_modified_time":"2017-11-29T20:49:46+00:00","twitter_card":"summary_large_image","twitter_misc":{"Dur\u00e9e de lecture estim\u00e9e":"5 minutes"},"schema":{"@context":"https:\/\/schema.org","@graph":[{"@type":"WebPage","@id":"https:\/\/nationaltrustcanada.ca\/fr\/ce-que-vous-pouvez-faire\/advocacy-action\/changer-la-donne-pour-le-patrimoine-organisations","url":"https:\/\/nationaltrustcanada.ca\/fr\/ce-que-vous-pouvez-faire\/advocacy-action\/changer-la-donne-pour-le-patrimoine-organisations","name":"Changer la donne pour le patrimoine - Organisations - Fiducie nationale du Canada","isPartOf":{"@id":"https:\/\/nationaltrustcanada.ca\/#website"},"datePublished":"2017-11-29T20:48:27+00:00","dateModified":"2017-11-29T20:49:46+00:00","breadcrumb":{"@id":"https:\/\/nationaltrustcanada.ca\/fr\/ce-que-vous-pouvez-faire\/advocacy-action\/changer-la-donne-pour-le-patrimoine-organisations#breadcrumb"},"inLanguage":"fr-FR","potentialAction":[{"@type":"ReadAction","target":["https:\/\/nationaltrustcanada.ca\/fr\/ce-que-vous-pouvez-faire\/advocacy-action\/changer-la-donne-pour-le-patrimoine-organisations"]}]},{"@type":"BreadcrumbList","@id":"https:\/\/nationaltrustcanada.ca\/fr\/ce-que-vous-pouvez-faire\/advocacy-action\/changer-la-donne-pour-le-patrimoine-organisations#breadcrumb","itemListElement":[{"@type":"ListItem","position":1,"name":"Home","item":"https:\/\/nationaltrustcanada.ca\/fr"},{"@type":"ListItem","position":2,"name":"Ce que vous pouvez faire","item":"https:\/\/nationaltrustcanada.ca\/fr\/ce-que-vous-pouvez-faire"},{"@type":"ListItem","position":3,"name":"Action citoyenne","item":"https:\/\/nationaltrustcanada.ca\/fr\/ce-que-vous-pouvez-faire\/advocacy-action"},{"@type":"ListItem","position":4,"name":"Changer la donne pour le patrimoine &#8211; Organisations"}]},{"@type":"WebSite","@id":"https:\/\/nationaltrustcanada.ca\/#website","url":"https:\/\/nationaltrustcanada.ca\/","name":"Fiducie nationale du Canada","description":"Bringing Heritage to Life","potentialAction":[{"@type":"SearchAction","target":{"@type":"EntryPoint","urlTemplate":"https:\/\/nationaltrustcanada.ca\/?s={search_term_string}"},"query-input":{"@type":"PropertyValueSpecification","valueRequired":true,"valueName":"search_term_string"}}],"inLanguage":"fr-FR"}]}},"_links":{"self":[{"href":"https:\/\/nationaltrustcanada.ca\/fr\/wp-json\/wp\/v2\/pages\/2778","targetHints":{"allow":["GET"]}}],"collection":[{"href":"https:\/\/nationaltrustcanada.ca\/fr\/wp-json\/wp\/v2\/pages"}],"about":[{"href":"https:\/\/nationaltrustcanada.ca\/fr\/wp-json\/wp\/v2\/types\/page"}],"author":[{"embeddable":true,"href":"https:\/\/nationaltrustcanada.ca\/fr\/wp-json\/wp\/v2\/users\/4"}],"replies":[{"embeddable":true,"href":"https:\/\/nationaltrustcanada.ca\/fr\/wp-json\/wp\/v2\/comments?post=2778"}],"version-history":[{"count":3,"href":"https:\/\/nationaltrustcanada.ca\/fr\/wp-json\/wp\/v2\/pages\/2778\/revisions"}],"predecessor-version":[{"id":2781,"href":"https:\/\/nationaltrustcanada.ca\/fr\/wp-json\/wp\/v2\/pages\/2778\/revisions\/2781"}],"up":[{"embeddable":true,"href":"https:\/\/nationaltrustcanada.ca\/fr\/wp-json\/wp\/v2\/pages\/1437"}],"wp:attachment":[{"href":"https:\/\/nationaltrustcanada.ca\/fr\/wp-json\/wp\/v2\/media?parent=2778"}],"curies":[{"name":"wp","href":"https:\/\/api.w.org\/{rel}","templated":true}]}}