{"id":2747,"date":"2017-11-23T13:18:25","date_gmt":"2017-11-23T18:18:25","guid":{"rendered":"https:\/\/nationaltrustcanada.ca?page_id=2747"},"modified":"2017-11-23T13:20:54","modified_gmt":"2017-11-23T18:20:54","slug":"etude-du-comite-envi-preservation-et-protection-du-patrimoine-au-canada-ce-que-vous-devez-savoir","status":"publish","type":"page","link":"https:\/\/nationaltrustcanada.ca\/fr\/ce-que-vous-pouvez-faire\/advocacy-action\/bill-c-323-an-act-to-create-tax-incentives-for-the-rehabilitation-of-historic-property\/etude-du-comite-envi-preservation-et-protection-du-patrimoine-au-canada-ce-que-vous-devez-savoir","title":{"rendered":"\u00c9tude du Comit\u00e9 ENVI \u2013 Pr\u00e9servation et protection du patrimoine au Canada \u2013 Ce que vous devez savoir"},"content":{"rendered":"<p><strong>\u00c9tude du Comit\u00e9 ENVI \u2013 Transcriptions et m\u00e9moire pr\u00e9sent\u00e9 par la Fiducie nationale<\/strong><\/p>\n<p>Le Comit\u00e9 permanent de l\u2019environnement et du d\u00e9veloppement durable de la Chambre des communes (ENVI) a tenu des audiences sur le th\u00e8me <em>Pr\u00e9servation et protection du patrimoine au Canada<\/em>.<\/p>\n<p>En plus des t\u00e9moignages que des membres de son personnel ont pr\u00e9sent\u00e9s, la Fiducie nationale a soumis un m\u00e9moire. <a href=\"\/wp-content\/uploads\/2017\/11\/F_NationalTrustForCanada-9704379.pdf\" target=\"_blank\" rel=\"noopener\">Vous le trouverez ici<\/a>.<\/p>\n<p>Pour de plus amples renseignements sur les t\u00e9moignages pr\u00e9sent\u00e9s au Comit\u00e9 ENVI, cliquez sur les liens des transcriptions des neuf r\u00e9unions, ci-dessous\u00a0:<br \/>\n<a href=\"http:\/\/www.noscommunes.ca\/DocumentViewer\/fr\/42-1\/ENVI\/reunion-71\/temoignages\" target=\"_blank\" rel=\"noopener\">19 septembre 2017<\/a><\/p>\n<ul>\n<li>Jo\u00eblle Montminy (vice-pr\u00e9sidente, Direction g\u00e9n\u00e9rale des affaires autochtones et du patrimoine culturel, Agence Parcs Canada)<\/li>\n<li>Natalie Bull (directrice g\u00e9n\u00e9rale, Fiducie nationale du Canada)<\/li>\n<li>Richard M. Always (pr\u00e9sident, Commission des lieux et monuments historiques du Canada)<\/li>\n<li>Martin Magne (\u00c0 titre personnel)<\/li>\n<\/ul>\n<p><a href=\"http:\/\/www.noscommunes.ca\/DocumentViewer\/fr\/42-1\/ENVI\/reunion-72\/temoignages\" target=\"_blank\" rel=\"noopener\"><strong>21 septembre 2017<\/strong><\/a><\/p>\n<ul>\n<li>Gordon Bennett (\u00c0 titre personnel)<\/li>\n<li>Christina Cameron (professeure et titulaire de la Chaire de recherche du Canada en patrimoine b\u00e2ti)<\/li>\n<li>Andrew Waldron (gestionnaire de la conservation du patrimoine national, Brookfield Global Integrated Solutions<strong>)<\/strong><\/li>\n<li>Christophe Rivet (pr\u00e9sident, ICOMOS Canada)<\/li>\n<\/ul>\n<p><a href=\"http:\/\/www.noscommunes.ca\/DocumentViewer\/fr\/42-1\/ENVI\/reunion-73\/temoignages\" target=\"_blank\" rel=\"noopener\"><strong>26 septembre 2017<\/strong><\/a><\/p>\n<ul>\n<li>Paul Berg-Dick (\u00e9conomiste d&rsquo;imp\u00f4t, MEKA and Associates)<\/li>\n<li>Shannon Prince (conservatrice<strong>, <\/strong>Lieu historique national et mus\u00e9e de Buxton)<\/li>\n<li>Mark Thompson Brandt (architecte principal en conservation et planificateur urbain, MTBA Associates Inc.)<\/li>\n<li>Ry Moran (director, Centre national pour la v\u00e9rit\u00e9 et r\u00e9conciliation)<\/li>\n<\/ul>\n<p><a href=\"http:\/\/www.noscommunes.ca\/DocumentViewer\/fr\/42-1\/ENVI\/reunion-74\/temoignages\" target=\"_blank\" rel=\"noopener\"><strong>28 septembre 2017<\/strong><\/a><\/p>\n<ul>\n<li>Julian Smith (directeur, Centre\u00a0for\u00a0Cultural\u00a0Landscape, Willowbank)<\/li>\n<li>Chris Wiebe (g\u00e9rant, Politiques du patrimoine et relations gouvernementales, Fiducie nationale du Canada)<\/li>\n<li>Karen Aird (pr\u00e9sidente, Cercle du patrimoine autochtone)<\/li>\n<li>Madeleine Redfern (directrice, Cercle du patrimoine autochtone)<\/li>\n<\/ul>\n<p><a href=\"http:\/\/www.noscommunes.ca\/DocumentViewer\/fr\/42-1\/ENVI\/reunion-75\/temoignages\" target=\"_blank\" rel=\"noopener\"><strong>3 octobre 2017<\/strong><\/a><\/p>\n<ul>\n<li>Jacques Archambault (directeur g\u00e9n\u00e9ral, L&rsquo;H\u00e9ritage canadien du Qu\u00e9bec)<\/li>\n<li>David J. Brown (vice-pr\u00e9sident directeur et chef de la preservation, National Trust for Historic Preservation)<\/li>\n<li>Robert Eisenberg (partenaire, York Heritage Properties)<\/li>\n<\/ul>\n<p><a href=\"http:\/\/www.noscommunes.ca\/DocumentViewer\/fr\/42-1\/ENVI\/reunion-76\/temoignages\" target=\"_blank\" rel=\"noopener\"><strong>5 octobre 2017<\/strong><\/a><\/p>\n<ul>\n<li>Lisa Prosper (\u00c0 titre personnel)<\/li>\n<li>Genevieve Charrois (directrice, Politiques du patrimoine, Agence Parcs Canada)<\/li>\n<li>Norman Shields (gestionnaire, D\u00e9signations du patrimoine<strong>, <\/strong>Agence Parcs Canada)<\/li>\n<\/ul>\n<p><strong><a href=\"http:\/\/www.noscommunes.ca\/DocumentViewer\/fr\/42-1\/ENVI\/reunion-77\/temoignages\" target=\"_blank\" rel=\"noopener\">17 octobre 2017<\/a><\/strong> (<strong>Projet de loi C-323, Loi modifiant la Loi de l\u2019imp\u00f4t sur le revenu (r\u00e9habilitation de propri\u00e9t\u00e9s historiques)<\/strong><\/p>\n<ul>\n<li>L&rsquo;hon. Peter Van Loan, C.P., d\u00e9put\u00e9, York\u2014Simcoe<\/li>\n<li>Blaine Langdon (chef, Organismes de bienfaisance, Division de l&rsquo;imp\u00f4t des particuliers, Direction de la politique de l&rsquo;imp\u00f4t, Minist\u00e8re des Finances)<\/li>\n<li>Pierre LeBlanc (directeur, Division de l\u2019imp\u00f4t des particuliers, Direction de la politique de l\u2019imp\u00f4t, Minist\u00e8re des Finances)<\/li>\n<li>Jo\u00eblle Montminy (vice-pr\u00e9sidente, Direction g\u00e9n\u00e9rale des affaires autochtones et du patrimoine culture, Agence Parcs Canada)<\/li>\n<li>Genevieve Charrois (directrice, Politiques du patrimoine, Agence Parcs Canada)<\/li>\n<\/ul>\n<p><a href=\"http:\/\/www.noscommunes.ca\/DocumentViewer\/fr\/42-1\/ENVI\/reunion-78\/temoignages\" target=\"_blank\" rel=\"noopener\"><strong>19 octobre 2017<\/strong><\/a><\/p>\n<ul>\n<li>Kevin Radford (sous-ministre adjoint, Direction g\u00e9n\u00e9rale des biens immobilier, Minist\u00e8re des Travaux publics et des Services gouvernementaux)<\/li>\n<li>Robert A. Wright (sous-ministre adjoint, Cit\u00e9 parlementaire, Minist\u00e8re des Travaux publics et des Services gouvernementaux)<\/li>\n<li>Kathleen Owens (contr\u00f4leur g\u00e9n\u00e9ral adjoint, Secteur des services acquis et des actifs, Bureau du contr\u00f4leur g\u00e9n\u00e9ral du Canada)<\/li>\n<li>Genevieve Charrois (directrice, Politiques du patrimoine, Agence Parcs Canada)<\/li>\n<\/ul>\n<p><a href=\"http:\/\/www.noscommunes.ca\/DocumentViewer\/fr\/42-1\/ENVI\/reunion-79\/temoignages\" target=\"_blank\" rel=\"noopener\"><strong>24 octobre 2017<\/strong><\/a> (<strong>Projet de loi C-323, Loi modifiant la Loi de l\u2019imp\u00f4t sur le revenu (r\u00e9habilitation de propri\u00e9t\u00e9s historiques))<\/strong><\/p>\n<ul>\n<li>Jean-Denis Fr\u00e9chette (directeur parlementaire du budget, Bureau du directeur parlementaire du budget)<\/li>\n<li>Mark Mahabir (directeur des politiques et avocat general, Bureau du directeur parlementaire du budget)<\/li>\n<li>Govindadeva Bernier (analyste financier, Bureau du directeur parlementaire du budget)<\/li>\n<li>Leonard Farber (conseiller principal, Norton Rose Fulbright Canada)<\/li>\n<\/ul>\n","protected":false},"excerpt":{"rendered":"<p>\u00c9tude du Comit\u00e9 ENVI \u2013 Transcriptions et m\u00e9moire pr\u00e9sent\u00e9 par la Fiducie nationale Le Comit\u00e9 permanent de l\u2019environnement et du&#8230;<\/p>\n","protected":false},"author":4,"featured_media":0,"parent":1637,"menu_order":0,"comment_status":"closed","ping_status":"closed","template":"","meta":{"_acf_changed":false,"footnotes":""},"class_list":["post-2747","page","type-page","status-publish","hentry"],"acf":[],"yoast_head":"<!-- This site is optimized with the Yoast SEO plugin v26.3 - https:\/\/yoast.com\/wordpress\/plugins\/seo\/ -->\n<title>\u00c9tude du Comit\u00e9 ENVI \u2013 Pr\u00e9servation et protection du patrimoine au Canada \u2013 Ce que vous devez savoir - Fiducie nationale du Canada<\/title>\n<meta name=\"robots\" content=\"index, follow, max-snippet:-1, max-image-preview:large, max-video-preview:-1\" \/>\n<link rel=\"canonical\" href=\"https:\/\/nationaltrustcanada.ca\/fr\/ce-que-vous-pouvez-faire\/advocacy-action\/bill-c-323-an-act-to-create-tax-incentives-for-the-rehabilitation-of-historic-property\/etude-du-comite-envi-preservation-et-protection-du-patrimoine-au-canada-ce-que-vous-devez-savoir\" \/>\n<meta property=\"og:locale\" content=\"fr_FR\" \/>\n<meta property=\"og:type\" content=\"article\" \/>\n<meta property=\"og:title\" content=\"\u00c9tude du Comit\u00e9 ENVI \u2013 Pr\u00e9servation et protection du patrimoine au Canada \u2013 Ce que vous devez savoir - Fiducie nationale du Canada\" \/>\n<meta property=\"og:description\" content=\"\u00c9tude du Comit\u00e9 ENVI \u2013 Transcriptions et m\u00e9moire pr\u00e9sent\u00e9 par la Fiducie nationale Le Comit\u00e9 permanent de l\u2019environnement et du...\" \/>\n<meta property=\"og:url\" content=\"https:\/\/nationaltrustcanada.ca\/fr\/ce-que-vous-pouvez-faire\/advocacy-action\/bill-c-323-an-act-to-create-tax-incentives-for-the-rehabilitation-of-historic-property\/etude-du-comite-envi-preservation-et-protection-du-patrimoine-au-canada-ce-que-vous-devez-savoir\" \/>\n<meta property=\"og:site_name\" content=\"Fiducie nationale du Canada\" \/>\n<meta property=\"article:modified_time\" content=\"2017-11-23T18:20:54+00:00\" \/>\n<meta name=\"twitter:card\" content=\"summary_large_image\" \/>\n<meta name=\"twitter:label1\" content=\"Dur\u00e9e de lecture estim\u00e9e\" \/>\n\t<meta name=\"twitter:data1\" content=\"3 minutes\" \/>\n<script type=\"application\/ld+json\" class=\"yoast-schema-graph\">{\"@context\":\"https:\/\/schema.org\",\"@graph\":[{\"@type\":\"WebPage\",\"@id\":\"https:\/\/nationaltrustcanada.ca\/fr\/ce-que-vous-pouvez-faire\/advocacy-action\/bill-c-323-an-act-to-create-tax-incentives-for-the-rehabilitation-of-historic-property\/etude-du-comite-envi-preservation-et-protection-du-patrimoine-au-canada-ce-que-vous-devez-savoir\",\"url\":\"https:\/\/nationaltrustcanada.ca\/fr\/ce-que-vous-pouvez-faire\/advocacy-action\/bill-c-323-an-act-to-create-tax-incentives-for-the-rehabilitation-of-historic-property\/etude-du-comite-envi-preservation-et-protection-du-patrimoine-au-canada-ce-que-vous-devez-savoir\",\"name\":\"\u00c9tude du Comit\u00e9 ENVI \u2013 Pr\u00e9servation et protection du patrimoine au Canada \u2013 Ce que vous devez savoir - Fiducie nationale du Canada\",\"isPartOf\":{\"@id\":\"https:\/\/nationaltrustcanada.ca\/#website\"},\"datePublished\":\"2017-11-23T18:18:25+00:00\",\"dateModified\":\"2017-11-23T18:20:54+00:00\",\"breadcrumb\":{\"@id\":\"https:\/\/nationaltrustcanada.ca\/fr\/ce-que-vous-pouvez-faire\/advocacy-action\/bill-c-323-an-act-to-create-tax-incentives-for-the-rehabilitation-of-historic-property\/etude-du-comite-envi-preservation-et-protection-du-patrimoine-au-canada-ce-que-vous-devez-savoir#breadcrumb\"},\"inLanguage\":\"fr-FR\",\"potentialAction\":[{\"@type\":\"ReadAction\",\"target\":[\"https:\/\/nationaltrustcanada.ca\/fr\/ce-que-vous-pouvez-faire\/advocacy-action\/bill-c-323-an-act-to-create-tax-incentives-for-the-rehabilitation-of-historic-property\/etude-du-comite-envi-preservation-et-protection-du-patrimoine-au-canada-ce-que-vous-devez-savoir\"]}]},{\"@type\":\"BreadcrumbList\",\"@id\":\"https:\/\/nationaltrustcanada.ca\/fr\/ce-que-vous-pouvez-faire\/advocacy-action\/bill-c-323-an-act-to-create-tax-incentives-for-the-rehabilitation-of-historic-property\/etude-du-comite-envi-preservation-et-protection-du-patrimoine-au-canada-ce-que-vous-devez-savoir#breadcrumb\",\"itemListElement\":[{\"@type\":\"ListItem\",\"position\":1,\"name\":\"Home\",\"item\":\"https:\/\/nationaltrustcanada.ca\/fr\"},{\"@type\":\"ListItem\",\"position\":2,\"name\":\"Ce que vous pouvez faire\",\"item\":\"https:\/\/nationaltrustcanada.ca\/fr\/ce-que-vous-pouvez-faire\"},{\"@type\":\"ListItem\",\"position\":3,\"name\":\"Action citoyenne\",\"item\":\"https:\/\/nationaltrustcanada.ca\/fr\/ce-que-vous-pouvez-faire\/advocacy-action\"},{\"@type\":\"ListItem\",\"position\":4,\"name\":\"La Chambre des communes examine la situation des lieux historiques au Canada. C\u2019est le moment d\u2019exprimer vos opinions!\",\"item\":\"https:\/\/nationaltrustcanada.ca\/fr\/ce-que-vous-pouvez-faire\/advocacy-action\/bill-c-323-an-act-to-create-tax-incentives-for-the-rehabilitation-of-historic-property\"},{\"@type\":\"ListItem\",\"position\":5,\"name\":\"\u00c9tude du Comit\u00e9 ENVI \u2013 Pr\u00e9servation et protection du patrimoine au Canada \u2013 Ce que vous devez savoir\"}]},{\"@type\":\"WebSite\",\"@id\":\"https:\/\/nationaltrustcanada.ca\/#website\",\"url\":\"https:\/\/nationaltrustcanada.ca\/\",\"name\":\"Fiducie nationale du Canada\",\"description\":\"Bringing Heritage to Life\",\"potentialAction\":[{\"@type\":\"SearchAction\",\"target\":{\"@type\":\"EntryPoint\",\"urlTemplate\":\"https:\/\/nationaltrustcanada.ca\/?s={search_term_string}\"},\"query-input\":{\"@type\":\"PropertyValueSpecification\",\"valueRequired\":true,\"valueName\":\"search_term_string\"}}],\"inLanguage\":\"fr-FR\"}]}<\/script>\n<!-- \/ Yoast SEO plugin. -->","yoast_head_json":{"title":"\u00c9tude du Comit\u00e9 ENVI \u2013 Pr\u00e9servation et protection du patrimoine au Canada \u2013 Ce que vous devez savoir - Fiducie nationale du Canada","robots":{"index":"index","follow":"follow","max-snippet":"max-snippet:-1","max-image-preview":"max-image-preview:large","max-video-preview":"max-video-preview:-1"},"canonical":"https:\/\/nationaltrustcanada.ca\/fr\/ce-que-vous-pouvez-faire\/advocacy-action\/bill-c-323-an-act-to-create-tax-incentives-for-the-rehabilitation-of-historic-property\/etude-du-comite-envi-preservation-et-protection-du-patrimoine-au-canada-ce-que-vous-devez-savoir","og_locale":"fr_FR","og_type":"article","og_title":"\u00c9tude du Comit\u00e9 ENVI \u2013 Pr\u00e9servation et protection du patrimoine au Canada \u2013 Ce que vous devez savoir - Fiducie nationale du Canada","og_description":"\u00c9tude du Comit\u00e9 ENVI \u2013 Transcriptions et m\u00e9moire pr\u00e9sent\u00e9 par la Fiducie nationale Le Comit\u00e9 permanent de l\u2019environnement et du...","og_url":"https:\/\/nationaltrustcanada.ca\/fr\/ce-que-vous-pouvez-faire\/advocacy-action\/bill-c-323-an-act-to-create-tax-incentives-for-the-rehabilitation-of-historic-property\/etude-du-comite-envi-preservation-et-protection-du-patrimoine-au-canada-ce-que-vous-devez-savoir","og_site_name":"Fiducie nationale du Canada","article_modified_time":"2017-11-23T18:20:54+00:00","twitter_card":"summary_large_image","twitter_misc":{"Dur\u00e9e de lecture estim\u00e9e":"3 minutes"},"schema":{"@context":"https:\/\/schema.org","@graph":[{"@type":"WebPage","@id":"https:\/\/nationaltrustcanada.ca\/fr\/ce-que-vous-pouvez-faire\/advocacy-action\/bill-c-323-an-act-to-create-tax-incentives-for-the-rehabilitation-of-historic-property\/etude-du-comite-envi-preservation-et-protection-du-patrimoine-au-canada-ce-que-vous-devez-savoir","url":"https:\/\/nationaltrustcanada.ca\/fr\/ce-que-vous-pouvez-faire\/advocacy-action\/bill-c-323-an-act-to-create-tax-incentives-for-the-rehabilitation-of-historic-property\/etude-du-comite-envi-preservation-et-protection-du-patrimoine-au-canada-ce-que-vous-devez-savoir","name":"\u00c9tude du Comit\u00e9 ENVI \u2013 Pr\u00e9servation et protection du patrimoine au Canada \u2013 Ce que vous devez savoir - Fiducie nationale du Canada","isPartOf":{"@id":"https:\/\/nationaltrustcanada.ca\/#website"},"datePublished":"2017-11-23T18:18:25+00:00","dateModified":"2017-11-23T18:20:54+00:00","breadcrumb":{"@id":"https:\/\/nationaltrustcanada.ca\/fr\/ce-que-vous-pouvez-faire\/advocacy-action\/bill-c-323-an-act-to-create-tax-incentives-for-the-rehabilitation-of-historic-property\/etude-du-comite-envi-preservation-et-protection-du-patrimoine-au-canada-ce-que-vous-devez-savoir#breadcrumb"},"inLanguage":"fr-FR","potentialAction":[{"@type":"ReadAction","target":["https:\/\/nationaltrustcanada.ca\/fr\/ce-que-vous-pouvez-faire\/advocacy-action\/bill-c-323-an-act-to-create-tax-incentives-for-the-rehabilitation-of-historic-property\/etude-du-comite-envi-preservation-et-protection-du-patrimoine-au-canada-ce-que-vous-devez-savoir"]}]},{"@type":"BreadcrumbList","@id":"https:\/\/nationaltrustcanada.ca\/fr\/ce-que-vous-pouvez-faire\/advocacy-action\/bill-c-323-an-act-to-create-tax-incentives-for-the-rehabilitation-of-historic-property\/etude-du-comite-envi-preservation-et-protection-du-patrimoine-au-canada-ce-que-vous-devez-savoir#breadcrumb","itemListElement":[{"@type":"ListItem","position":1,"name":"Home","item":"https:\/\/nationaltrustcanada.ca\/fr"},{"@type":"ListItem","position":2,"name":"Ce que vous pouvez faire","item":"https:\/\/nationaltrustcanada.ca\/fr\/ce-que-vous-pouvez-faire"},{"@type":"ListItem","position":3,"name":"Action citoyenne","item":"https:\/\/nationaltrustcanada.ca\/fr\/ce-que-vous-pouvez-faire\/advocacy-action"},{"@type":"ListItem","position":4,"name":"La Chambre des communes examine la situation des lieux historiques au Canada. C\u2019est le moment d\u2019exprimer vos opinions!","item":"https:\/\/nationaltrustcanada.ca\/fr\/ce-que-vous-pouvez-faire\/advocacy-action\/bill-c-323-an-act-to-create-tax-incentives-for-the-rehabilitation-of-historic-property"},{"@type":"ListItem","position":5,"name":"\u00c9tude du Comit\u00e9 ENVI \u2013 Pr\u00e9servation et protection du patrimoine au Canada \u2013 Ce que vous devez savoir"}]},{"@type":"WebSite","@id":"https:\/\/nationaltrustcanada.ca\/#website","url":"https:\/\/nationaltrustcanada.ca\/","name":"Fiducie nationale du Canada","description":"Bringing Heritage to Life","potentialAction":[{"@type":"SearchAction","target":{"@type":"EntryPoint","urlTemplate":"https:\/\/nationaltrustcanada.ca\/?s={search_term_string}"},"query-input":{"@type":"PropertyValueSpecification","valueRequired":true,"valueName":"search_term_string"}}],"inLanguage":"fr-FR"}]}},"_links":{"self":[{"href":"https:\/\/nationaltrustcanada.ca\/fr\/wp-json\/wp\/v2\/pages\/2747","targetHints":{"allow":["GET"]}}],"collection":[{"href":"https:\/\/nationaltrustcanada.ca\/fr\/wp-json\/wp\/v2\/pages"}],"about":[{"href":"https:\/\/nationaltrustcanada.ca\/fr\/wp-json\/wp\/v2\/types\/page"}],"author":[{"embeddable":true,"href":"https:\/\/nationaltrustcanada.ca\/fr\/wp-json\/wp\/v2\/users\/4"}],"replies":[{"embeddable":true,"href":"https:\/\/nationaltrustcanada.ca\/fr\/wp-json\/wp\/v2\/comments?post=2747"}],"version-history":[{"count":4,"href":"https:\/\/nationaltrustcanada.ca\/fr\/wp-json\/wp\/v2\/pages\/2747\/revisions"}],"predecessor-version":[{"id":2752,"href":"https:\/\/nationaltrustcanada.ca\/fr\/wp-json\/wp\/v2\/pages\/2747\/revisions\/2752"}],"up":[{"embeddable":true,"href":"https:\/\/nationaltrustcanada.ca\/fr\/wp-json\/wp\/v2\/pages\/1637"}],"wp:attachment":[{"href":"https:\/\/nationaltrustcanada.ca\/fr\/wp-json\/wp\/v2\/media?parent=2747"}],"curies":[{"name":"wp","href":"https:\/\/api.w.org\/{rel}","templated":true}]}}