{"id":22355,"date":"2025-11-20T12:32:08","date_gmt":"2025-11-20T17:32:08","guid":{"rendered":"https:\/\/nationaltrustcanada.ca\/?page_id=22355"},"modified":"2025-11-24T11:10:37","modified_gmt":"2025-11-24T16:10:37","slug":"rapport-de-recherche-sur-les-lieux-de-culte-dottawa-face-aux-defis-de-lintegration-communautaire","status":"publish","type":"page","link":"https:\/\/nationaltrustcanada.ca\/fr\/ce-que-vous-pouvez-faire\/advocacy-action\/rapport-de-recherche-sur-les-lieux-de-culte-dottawa-face-aux-defis-de-lintegration-communautaire","title":{"rendered":"Rapport de recherche sur les lieux de culte d\u2019Ottawa  face aux d\u00e9fis de l\u2019int\u00e9gration communautaire"},"content":{"rendered":"<p>Les lieux de culte canadiens ont longtemps \u00e9t\u00e9 les pierres angulaires de nos communaut\u00e9s. Au fil des g\u00e9n\u00e9rations, ils ont fa\u00e7onn\u00e9 le paysage culturel et mat\u00e9riel de nos quartiers. M\u00eame si leur r\u00f4le fondamental est de servir leurs congr\u00e9gations, nombre de lieux de culte du Canada jouent \u00e9galement le r\u00f4le de centres communautaires, o\u00f9 ils mettent gratuitement ou \u00e0 peu de frais des espaces, des ressources et des services \u00e0 la disposition des r\u00e9sidents et des associations communautaires. Ils constituent \u00e9galement des monuments historiques qui t\u00e9moignent du patrimoine local et contribuent \u00e0 renforcer le sentiment d\u2019identit\u00e9 commune au sein de la communaut\u00e9.<\/p>\n<p>Ces derni\u00e8res ann\u00e9es, le r\u00f4le social et culturel important que jouent les b\u00e2timents \u00e0 caract\u00e8re religieux dans leurs communaut\u00e9s locales a montr\u00e9 des signes de d\u00e9clin. Les changements dans les pratiques religieuses ont fait vieillir les congr\u00e9gations et ont mis \u00e0 mal leurs ressources financi\u00e8res, ce qui a entra\u00een\u00e9 la fermeture de nombreux \u00e9difices religieux dans tout le pays.<a href=\"#_ftn1\" name=\"_ftnref1\">[1]<\/a> Au-del\u00e0 des groupes religieux, cette perte met aussi en p\u00e9ril le travail des organismes locaux qui comptent sur les loyers bas, l\u2019emplacement central et l\u2019espace disponible dans ces b\u00e2timents pour offrir des services sociaux essentiels et des activit\u00e9s artistiques et culturelles.<\/p>\n<p>Les organisations communautaires dynamiques sont nombreuses \u00e0 Ottawa et elles exercent leurs activit\u00e9s depuis des lieux de culte. Des initiatives comme l\u2019Initiative multiconfessionnelle pour le logement (Multifaith Housing Initiative), le Centre 507 et l\u2019Alliance canadienne pour mettre fin \u00e0 l\u2019itin\u00e9rance (Canadian Alliance to End Homelessness) d\u00e9pendent de ces b\u00e2timents pour offrir des services aux populations vuln\u00e9rables de la ville. Une multitude d\u2019organismes \u00e0 but non lucratif, des troupes de th\u00e9\u00e2tre et chorales aux programmes jeunesse, en passant par les clubs sportifs et les r\u00e9seaux de soutien aux toxicomanes, d\u00e9pendent aussi de ces lieux, dont l\u2019accessibilit\u00e9 et le prix abordable sont essentiels. Face \u00e0 la hausse des loyers dans toute la ville, disposer de lieux de culte est devenu une n\u00e9cessit\u00e9 pour les organisations qui, autrement, risqueraient de ne plus pouvoir se permettre les locaux dont elles ont besoin pour fonctionner.<\/p>\n<p>Les organismes communautaires d\u2019Ottawa ont rapport\u00e9 \u00e0 la Fiducie nationale que malgr\u00e9 le besoin \u00e9vident et croissant d\u2019espaces abordables, le nombre de communaut\u00e9s religieuses qui leur ouvrent leurs portes a consid\u00e9rablement diminu\u00e9 pendant et apr\u00e8s la pand\u00e9mie de Covid-19. Les consultations men\u00e9es aupr\u00e8s de diff\u00e9rentes communaut\u00e9s religieuses ont r\u00e9v\u00e9l\u00e9 que beaucoup d\u2019entre elles \u00e9taient peu dispos\u00e9es \u00e0 partager leurs locaux, estimant que des obstacles physiques, financiers, op\u00e9rationnels ou culturels les emp\u00eachaient de les ouvrir au grand public pour un usage partag\u00e9. Quant \u00e0 savoir dans quelle mesure ces hypoth\u00e8ses refl\u00e8tent la r\u00e9alit\u00e9, cela reste \u00e0 voir. Cet \u00e9cart est devenu le moteur de ce rapport. Le manque d\u2019engagement envers les communaut\u00e9s environnantes contribue depuis trop longtemps \u00e0 la vuln\u00e9rabilit\u00e9 des lieux de culte d\u2019Ottawa et les met en p\u00e9ril.<\/p>\n<p>En mettant leurs b\u00e2timents \u00e0 la disposition de groupes communautaires locaux \u00e0 des tarifs de location abordables, les communaut\u00e9s religieuses g\u00e9n\u00e8rent des revenus essentiels pour couvrir leurs co\u00fbts d\u2019exploitation et d\u2019entretien. Elles contribuent ainsi \u00e0 la p\u00e9rennit\u00e9 de ces lieux, tout en freinant le cycle de fermetures et de d\u00e9molitions qui les menace. Les communaut\u00e9s religieuses qui \u00e9vitent de s\u2019engager risquent de passer \u00e0 c\u00f4t\u00e9 d\u2019occasions pr\u00e9cieuses qui leur permettraient non seulement d\u2019am\u00e9liorer leur situation financi\u00e8re et de renforcer leurs liens avec la communaut\u00e9 au sens large, mais aussi de pr\u00e9server ces b\u00e2timents historiques.<\/p>\n<p>Afin de mieux comprendre les obstacles que les communaut\u00e9s confessionnelles d\u2019Ottawa associent au partage de leurs espaces avec des organismes communautaires, et afin de pouvoir formuler ensuite des recommandations ainsi que des outils pour soutenir de futurs partenariats, la Fiducie nationale du Canada a men\u00e9 une \u00e9tude visant \u00e0 identifier ces freins et les moyens de les surmonter.<\/p>\n<p>Les donn\u00e9es ont \u00e9t\u00e9 recueillies au moyen de sondages en ligne, d\u2019entrevues et de s\u00e9ances de coaching men\u00e9es aupr\u00e8s de quatre lieux de culte et de douze organismes communautaires d\u2019Ottawa. Leurs r\u00e9ponses ont ensuite \u00e9t\u00e9 analys\u00e9es et compar\u00e9es afin de faire ressortir les obstacles les plus souvent mentionn\u00e9s, ainsi que les diff\u00e9rences marqu\u00e9es dans la perception qu\u2019en ont les deux groupes.<\/p>\n<p>Quatre types d\u2019obstacles per\u00e7us ont \u00e9t\u00e9 mis en \u00e9vidence dans le cadre de cette recherche\u00a0:<\/p>\n<ol>\n<li>Barri\u00e8res physiques\u00a0: limites li\u00e9es au vieillissement des infrastructures, \u00e0 des budgets d\u2019entretien restreints et \u00e0 l\u2019insuffisance d\u2019installations accessibles.<\/li>\n<li>Obstacles financiers\u00a0: pr\u00e9occupations li\u00e9es au risque que la perception d\u2019un loyer affecte le statut caritatif et l\u2019exemption fiscale d\u2019un lieu de culte, ou qu\u2019elle soit per\u00e7ue comme incompatible avec sa mission caritative.<\/li>\n<li>Obstacles op\u00e9rationnels\u00a0: difficult\u00e9s de communication attribuables \u00e0 un manque de capacit\u00e9s internes, ce qui complique la gestion des locations d\u2019espaces.<\/li>\n<li><strong>Barri\u00e8res culturelles<\/strong>: difficult\u00e9s relationnelles qui \u00e9mergent lorsque l\u2019un ou l\u2019autre groupe per\u00e7oit ses valeurs comme incompatibles avec celles de l\u2019autre, ce qui fait na\u00eetre des diff\u00e9rences qui peuvent ou non refl\u00e9ter de v\u00e9ritables incompatibilit\u00e9s. S\u2019ajoutent \u00e0 cela des tensions li\u00e9es \u00e0 un sentiment de manque de neutralit\u00e9 au sein de certaines communaut\u00e9s religieuses, rendant leurs b\u00e2timents moins accueillants. Plusieurs de ces tensions trouvent leur origine dans l\u2019exclusion historique persistante des personnes 2ELGBTQQIA+ au sein de milieux religieux, ainsi que dans les s\u00e9quelles durables des pr\u00e9judices inflig\u00e9s aux peuples autochtones par des organisations religieuses au Canada.<\/li>\n<\/ol>\n<p>Par cette recherche, la Fiducie nationale du Canada entend encourager de nouveaux partenariats entre les communaut\u00e9s confessionnelles et les organismes sans but lucratif locaux. Les r\u00e9sultats r\u00e9v\u00e8lent que nombre de groupes confessionnels et communautaires ont des valeurs et des objectifs communs, comme celui d\u2019offrir \u00e0 leurs membres des espaces s\u00fbrs o\u00f9 ils peuvent collaborer, s\u2019engager et s\u2019entraider. Le partage des espaces joue un r\u00f4le essentiel pour maintenir les \u00e9difices religieux comme lieux communautaires vivants, tout en \u00e9largissant la port\u00e9e et la diversit\u00e9 des services offerts \u00e0 la population. Gr\u00e2ce \u00e0 leur mise en valeur par la communaut\u00e9, ces lieux de culte historiques demeurent actifs et pertinents, et continuent d\u2019incarner un pan essentiel du patrimoine local.<\/p>\n<p>T\u00e9l\u00e9chargez notre <a href=\"https:\/\/nationaltrustcanada.ca\/wp-content\/uploads\/2025\/11\/FR-Checklist-for-Faith-Building-Space-Sharing-1.pdf\"><em>Liste de v\u00e9rification pour le partage des espaces<\/em><\/a>.<\/p>\n<p><a href=\"#_ftnref1\" name=\"_ftn1\">[1]<\/a>Louis Cornelissen, \u00ab\u00a0La religiosit\u00e9 au Canada et son \u00e9volution de 1985 \u00e0 2019\u00a0\u00bb, <em>Regards sur la soci\u00e9t\u00e9 canadienne<\/em> (Statistique Canada, 28\u00a0octobre 2021). 5-6.\u00a0 <a href=\"https:\/\/www150.statcan.gc.ca\/n1\/fr\/pub\/75-006-x\/2021001\/article\/00010-fra.pdf?st=SKao0pIN\">https:\/\/www150.statcan.gc.ca\/n1\/fr\/pub\/75-006-x\/2021001\/article\/00010-fra.pdf?st=SKao0pIN<\/a>.<\/p>\n","protected":false},"excerpt":{"rendered":"<p>Les lieux de culte canadiens ont longtemps \u00e9t\u00e9 les pierres angulaires de nos communaut\u00e9s. Au fil des g\u00e9n\u00e9rations, ils ont&#8230;<\/p>\n","protected":false},"author":21,"featured_media":0,"parent":1437,"menu_order":1,"comment_status":"closed","ping_status":"closed","template":"","meta":{"_acf_changed":false,"footnotes":""},"class_list":["post-22355","page","type-page","status-publish","hentry"],"acf":[],"yoast_head":"<!-- This site is optimized with the Yoast SEO plugin v26.3 - https:\/\/yoast.com\/wordpress\/plugins\/seo\/ -->\n<title>Rapport de recherche sur les lieux de culte d\u2019Ottawa face aux d\u00e9fis de l\u2019int\u00e9gration communautaire - Fiducie nationale du Canada<\/title>\n<meta name=\"robots\" content=\"index, follow, max-snippet:-1, max-image-preview:large, max-video-preview:-1\" \/>\n<link rel=\"canonical\" href=\"https:\/\/nationaltrustcanada.ca\/fr\/ce-que-vous-pouvez-faire\/advocacy-action\/rapport-de-recherche-sur-les-lieux-de-culte-dottawa-face-aux-defis-de-lintegration-communautaire\" \/>\n<meta property=\"og:locale\" content=\"fr_FR\" \/>\n<meta property=\"og:type\" content=\"article\" \/>\n<meta property=\"og:title\" content=\"Rapport de recherche sur les lieux de culte d\u2019Ottawa face aux d\u00e9fis de l\u2019int\u00e9gration communautaire - Fiducie nationale du Canada\" \/>\n<meta property=\"og:description\" content=\"Les lieux de culte canadiens ont longtemps \u00e9t\u00e9 les pierres angulaires de nos communaut\u00e9s. Au fil des g\u00e9n\u00e9rations, ils ont...\" \/>\n<meta property=\"og:url\" content=\"https:\/\/nationaltrustcanada.ca\/fr\/ce-que-vous-pouvez-faire\/advocacy-action\/rapport-de-recherche-sur-les-lieux-de-culte-dottawa-face-aux-defis-de-lintegration-communautaire\" \/>\n<meta property=\"og:site_name\" content=\"Fiducie nationale du Canada\" \/>\n<meta property=\"article:modified_time\" content=\"2025-11-24T16:10:37+00:00\" \/>\n<meta name=\"twitter:card\" content=\"summary_large_image\" \/>\n<meta name=\"twitter:label1\" content=\"Dur\u00e9e de lecture estim\u00e9e\" \/>\n\t<meta name=\"twitter:data1\" content=\"5 minutes\" \/>\n<script type=\"application\/ld+json\" class=\"yoast-schema-graph\">{\"@context\":\"https:\/\/schema.org\",\"@graph\":[{\"@type\":\"WebPage\",\"@id\":\"https:\/\/nationaltrustcanada.ca\/fr\/ce-que-vous-pouvez-faire\/advocacy-action\/rapport-de-recherche-sur-les-lieux-de-culte-dottawa-face-aux-defis-de-lintegration-communautaire\",\"url\":\"https:\/\/nationaltrustcanada.ca\/fr\/ce-que-vous-pouvez-faire\/advocacy-action\/rapport-de-recherche-sur-les-lieux-de-culte-dottawa-face-aux-defis-de-lintegration-communautaire\",\"name\":\"Rapport de recherche sur les lieux de culte d\u2019Ottawa face aux d\u00e9fis de l\u2019int\u00e9gration communautaire - Fiducie nationale du Canada\",\"isPartOf\":{\"@id\":\"https:\/\/nationaltrustcanada.ca\/#website\"},\"datePublished\":\"2025-11-20T17:32:08+00:00\",\"dateModified\":\"2025-11-24T16:10:37+00:00\",\"breadcrumb\":{\"@id\":\"https:\/\/nationaltrustcanada.ca\/fr\/ce-que-vous-pouvez-faire\/advocacy-action\/rapport-de-recherche-sur-les-lieux-de-culte-dottawa-face-aux-defis-de-lintegration-communautaire#breadcrumb\"},\"inLanguage\":\"fr-FR\",\"potentialAction\":[{\"@type\":\"ReadAction\",\"target\":[\"https:\/\/nationaltrustcanada.ca\/fr\/ce-que-vous-pouvez-faire\/advocacy-action\/rapport-de-recherche-sur-les-lieux-de-culte-dottawa-face-aux-defis-de-lintegration-communautaire\"]}]},{\"@type\":\"BreadcrumbList\",\"@id\":\"https:\/\/nationaltrustcanada.ca\/fr\/ce-que-vous-pouvez-faire\/advocacy-action\/rapport-de-recherche-sur-les-lieux-de-culte-dottawa-face-aux-defis-de-lintegration-communautaire#breadcrumb\",\"itemListElement\":[{\"@type\":\"ListItem\",\"position\":1,\"name\":\"Home\",\"item\":\"https:\/\/nationaltrustcanada.ca\/fr\"},{\"@type\":\"ListItem\",\"position\":2,\"name\":\"Ce que vous pouvez faire\",\"item\":\"https:\/\/nationaltrustcanada.ca\/fr\/ce-que-vous-pouvez-faire\"},{\"@type\":\"ListItem\",\"position\":3,\"name\":\"Action citoyenne\",\"item\":\"https:\/\/nationaltrustcanada.ca\/fr\/ce-que-vous-pouvez-faire\/advocacy-action\"},{\"@type\":\"ListItem\",\"position\":4,\"name\":\"Rapport de recherche sur les lieux de culte d\u2019Ottawa face aux d\u00e9fis de l\u2019int\u00e9gration communautaire\"}]},{\"@type\":\"WebSite\",\"@id\":\"https:\/\/nationaltrustcanada.ca\/#website\",\"url\":\"https:\/\/nationaltrustcanada.ca\/\",\"name\":\"Fiducie nationale du Canada\",\"description\":\"Bringing Heritage to Life\",\"potentialAction\":[{\"@type\":\"SearchAction\",\"target\":{\"@type\":\"EntryPoint\",\"urlTemplate\":\"https:\/\/nationaltrustcanada.ca\/?s={search_term_string}\"},\"query-input\":{\"@type\":\"PropertyValueSpecification\",\"valueRequired\":true,\"valueName\":\"search_term_string\"}}],\"inLanguage\":\"fr-FR\"}]}<\/script>\n<!-- \/ Yoast SEO plugin. -->","yoast_head_json":{"title":"Rapport de recherche sur les lieux de culte d\u2019Ottawa face aux d\u00e9fis de l\u2019int\u00e9gration communautaire - Fiducie nationale du Canada","robots":{"index":"index","follow":"follow","max-snippet":"max-snippet:-1","max-image-preview":"max-image-preview:large","max-video-preview":"max-video-preview:-1"},"canonical":"https:\/\/nationaltrustcanada.ca\/fr\/ce-que-vous-pouvez-faire\/advocacy-action\/rapport-de-recherche-sur-les-lieux-de-culte-dottawa-face-aux-defis-de-lintegration-communautaire","og_locale":"fr_FR","og_type":"article","og_title":"Rapport de recherche sur les lieux de culte d\u2019Ottawa face aux d\u00e9fis de l\u2019int\u00e9gration communautaire - Fiducie nationale du Canada","og_description":"Les lieux de culte canadiens ont longtemps \u00e9t\u00e9 les pierres angulaires de nos communaut\u00e9s. Au fil des g\u00e9n\u00e9rations, ils ont...","og_url":"https:\/\/nationaltrustcanada.ca\/fr\/ce-que-vous-pouvez-faire\/advocacy-action\/rapport-de-recherche-sur-les-lieux-de-culte-dottawa-face-aux-defis-de-lintegration-communautaire","og_site_name":"Fiducie nationale du Canada","article_modified_time":"2025-11-24T16:10:37+00:00","twitter_card":"summary_large_image","twitter_misc":{"Dur\u00e9e de lecture estim\u00e9e":"5 minutes"},"schema":{"@context":"https:\/\/schema.org","@graph":[{"@type":"WebPage","@id":"https:\/\/nationaltrustcanada.ca\/fr\/ce-que-vous-pouvez-faire\/advocacy-action\/rapport-de-recherche-sur-les-lieux-de-culte-dottawa-face-aux-defis-de-lintegration-communautaire","url":"https:\/\/nationaltrustcanada.ca\/fr\/ce-que-vous-pouvez-faire\/advocacy-action\/rapport-de-recherche-sur-les-lieux-de-culte-dottawa-face-aux-defis-de-lintegration-communautaire","name":"Rapport de recherche sur les lieux de culte d\u2019Ottawa face aux d\u00e9fis de l\u2019int\u00e9gration communautaire - Fiducie nationale du Canada","isPartOf":{"@id":"https:\/\/nationaltrustcanada.ca\/#website"},"datePublished":"2025-11-20T17:32:08+00:00","dateModified":"2025-11-24T16:10:37+00:00","breadcrumb":{"@id":"https:\/\/nationaltrustcanada.ca\/fr\/ce-que-vous-pouvez-faire\/advocacy-action\/rapport-de-recherche-sur-les-lieux-de-culte-dottawa-face-aux-defis-de-lintegration-communautaire#breadcrumb"},"inLanguage":"fr-FR","potentialAction":[{"@type":"ReadAction","target":["https:\/\/nationaltrustcanada.ca\/fr\/ce-que-vous-pouvez-faire\/advocacy-action\/rapport-de-recherche-sur-les-lieux-de-culte-dottawa-face-aux-defis-de-lintegration-communautaire"]}]},{"@type":"BreadcrumbList","@id":"https:\/\/nationaltrustcanada.ca\/fr\/ce-que-vous-pouvez-faire\/advocacy-action\/rapport-de-recherche-sur-les-lieux-de-culte-dottawa-face-aux-defis-de-lintegration-communautaire#breadcrumb","itemListElement":[{"@type":"ListItem","position":1,"name":"Home","item":"https:\/\/nationaltrustcanada.ca\/fr"},{"@type":"ListItem","position":2,"name":"Ce que vous pouvez faire","item":"https:\/\/nationaltrustcanada.ca\/fr\/ce-que-vous-pouvez-faire"},{"@type":"ListItem","position":3,"name":"Action citoyenne","item":"https:\/\/nationaltrustcanada.ca\/fr\/ce-que-vous-pouvez-faire\/advocacy-action"},{"@type":"ListItem","position":4,"name":"Rapport de recherche sur les lieux de culte d\u2019Ottawa face aux d\u00e9fis de l\u2019int\u00e9gration communautaire"}]},{"@type":"WebSite","@id":"https:\/\/nationaltrustcanada.ca\/#website","url":"https:\/\/nationaltrustcanada.ca\/","name":"Fiducie nationale du Canada","description":"Bringing Heritage to Life","potentialAction":[{"@type":"SearchAction","target":{"@type":"EntryPoint","urlTemplate":"https:\/\/nationaltrustcanada.ca\/?s={search_term_string}"},"query-input":{"@type":"PropertyValueSpecification","valueRequired":true,"valueName":"search_term_string"}}],"inLanguage":"fr-FR"}]}},"_links":{"self":[{"href":"https:\/\/nationaltrustcanada.ca\/fr\/wp-json\/wp\/v2\/pages\/22355","targetHints":{"allow":["GET"]}}],"collection":[{"href":"https:\/\/nationaltrustcanada.ca\/fr\/wp-json\/wp\/v2\/pages"}],"about":[{"href":"https:\/\/nationaltrustcanada.ca\/fr\/wp-json\/wp\/v2\/types\/page"}],"author":[{"embeddable":true,"href":"https:\/\/nationaltrustcanada.ca\/fr\/wp-json\/wp\/v2\/users\/21"}],"replies":[{"embeddable":true,"href":"https:\/\/nationaltrustcanada.ca\/fr\/wp-json\/wp\/v2\/comments?post=22355"}],"version-history":[{"count":2,"href":"https:\/\/nationaltrustcanada.ca\/fr\/wp-json\/wp\/v2\/pages\/22355\/revisions"}],"predecessor-version":[{"id":22362,"href":"https:\/\/nationaltrustcanada.ca\/fr\/wp-json\/wp\/v2\/pages\/22355\/revisions\/22362"}],"up":[{"embeddable":true,"href":"https:\/\/nationaltrustcanada.ca\/fr\/wp-json\/wp\/v2\/pages\/1437"}],"wp:attachment":[{"href":"https:\/\/nationaltrustcanada.ca\/fr\/wp-json\/wp\/v2\/media?parent=22355"}],"curies":[{"name":"wp","href":"https:\/\/api.w.org\/{rel}","templated":true}]}}