{"id":22207,"date":"2025-10-23T12:31:11","date_gmt":"2025-10-23T16:31:11","guid":{"rendered":"https:\/\/nationaltrustcanada.ca\/?page_id=22207"},"modified":"2025-10-23T12:31:11","modified_gmt":"2025-10-23T16:31:11","slug":"programme-dassurance-de-maison-patrimoniale","status":"publish","type":"page","link":"https:\/\/nationaltrustcanada.ca\/fr\/ce-que-vous-pouvez-faire\/devenez-membre\/avantages-offerts-aux-membres\/programme-dassurance-de-maison-patrimoniale","title":{"rendered":"Programme d\u2019assurance de maison patrimoniale"},"content":{"rendered":"<h2><em>Un programme pour les membres de la Fiducie nationale du Canada<\/em><\/h2>\n<p>Poss\u00e9der une maison historique, c\u2019est s\u2019engager \u00e0 pr\u00e9server le patrimoine du Canada, mais trouver la bonne couverture d\u2019assurance pour ces propri\u00e9t\u00e9s uniques peut s\u2019av\u00e9rer difficile. La Fiducie nationale du Canada s\u2019est associ\u00e9e aux services aux particuliers de Marsh pour offrir un programme sp\u00e9cialis\u00e9 d\u2019assurance de maison patrimoniale.<\/p>\n<p>Ce programme est con\u00e7u pour r\u00e9pondre aux besoins sp\u00e9cifiques des propri\u00e9taires de biens patrimoniaux class\u00e9s, de maisons historiques et de r\u00e9sidences anciennes dans tout le Canada. Que votre maison comporte des boiseries d\u2019origine, des mat\u00e9riaux anciens ou qu\u2019elle soit soumise \u00e0 la r\u00e9glementation municipale en mati\u00e8re de pr\u00e9servation, l\u2019approche de Marsh garantit une couverture personnalis\u00e9e qui prot\u00e8ge votre investissement et sa valeur historique.<\/p>\n<h2>Lancer le processus<\/h2>\n<p>En tant que membre de la Fiducie\u00a0nationale, vous pouvez acc\u00e9der \u00e0 cet avantage en contactant un courtier des services aux particuliers de Marsh au 877\u00a0476-6727. Vous pouvez \u00e9galement transmettre vos renseignements d\u2019assurance <a href=\"https:\/\/www.pcs.marsh.com\/ca\/en\/solutions\/heritage-home-insurance.html\">en ligne<\/a> et un courtier vous contactera directement.<\/p>\n<h2>Prot\u00e9gez votre patrimoine en toute confiance<\/h2>\n<p>Que votre maison soit une ferme centenaire ou une maison victorienne, les membres de l\u2019\u00e9quipe de Marsh comprennent l\u2019importance d\u2019en pr\u00e9server le caract\u00e8re. Leur approche innovante des risques difficiles \u00e0 g\u00e9rer signifie qu\u2019ils cherchent des solutions l\u00e0 o\u00f9 d\u2019autres voient des obstacles.<\/p>\n<h2>\u00cates-vous pr\u00eat \u00e0 assurer votre maison patrimoniale?<\/h2>\n<p><a href=\"https:\/\/nationaltrustcanada.ca\/fr\/ce-que-vous-pouvez-faire\/devenez-membre\">Adh\u00e9rez<\/a> \u00e0 la Fiducie nationale du Canada, contactez <a href=\"https:\/\/www.pcs.marsh.com\/ca\/en\/solutions\/heritage-home-insurance.html\">les services aux particuliers de Marsh<\/a> et profitez de ce programme con\u00e7u pour r\u00e9pondre aux besoins de nos membres.<\/p>\n<h2>Voudriez-vous en savoir plus sur l\u2019assurance des maisons patrimoniales au Canada?<\/h2>\n<p><a href=\"https:\/\/nationaltrustcanada.ca\/what-you-can-do\/advocacy-action\/insurance-and-heritage-properties\">Apprenez-en davantage<\/a> sur les probl\u00e8mes d\u2019assurance auxquels font face les propri\u00e9taires d\u2019habitations \u00e0 valeur patrimoniale, gr\u00e2ce \u00e0 notre enqu\u00eate et notre consultation de ce secteur.<\/p>\n<p><span class=\"a_GcMg font-feature-liga-off font-feature-clig-off font-feature-calt-off text-decoration-none text-strikethrough-none\">Services aux clients priv\u00e9s de Marsh<br \/>\n<img loading=\"lazy\" decoding=\"async\" class=\"size-medium wp-image-22181 alignleft\" src=\"https:\/\/nationaltrustcanada.ca\/wp-content\/uploads\/2025\/10\/Marsh-Logo-e1761236941551-300x57.png\" alt=\"\" width=\"300\" height=\"57\" srcset=\"https:\/\/nationaltrustcanada.ca\/wp-content\/uploads\/2025\/10\/Marsh-Logo-e1761236941551-300x57.png 300w, https:\/\/nationaltrustcanada.ca\/wp-content\/uploads\/2025\/10\/Marsh-Logo-e1761236941551-768x145.png 768w, https:\/\/nationaltrustcanada.ca\/wp-content\/uploads\/2025\/10\/Marsh-Logo-e1761236941551.png 938w\" sizes=\"auto, (max-width: 300px) 100vw, 300px\" \/><\/span><\/p>\n","protected":false},"excerpt":{"rendered":"<p>Un programme pour les membres de la Fiducie nationale du Canada Poss\u00e9der une maison historique, c\u2019est s\u2019engager \u00e0 pr\u00e9server le&#8230;<\/p>\n","protected":false},"author":21,"featured_media":0,"parent":14643,"menu_order":0,"comment_status":"closed","ping_status":"closed","template":"","meta":{"_acf_changed":false,"footnotes":""},"class_list":["post-22207","page","type-page","status-publish","hentry"],"acf":[],"yoast_head":"<!-- This site is optimized with the Yoast SEO plugin v26.3 - https:\/\/yoast.com\/wordpress\/plugins\/seo\/ -->\n<title>Programme d\u2019assurance de maison patrimoniale - Fiducie nationale du Canada<\/title>\n<meta name=\"robots\" content=\"index, follow, max-snippet:-1, max-image-preview:large, max-video-preview:-1\" \/>\n<link rel=\"canonical\" href=\"https:\/\/nationaltrustcanada.ca\/fr\/ce-que-vous-pouvez-faire\/devenez-membre\/avantages-offerts-aux-membres\/programme-dassurance-de-maison-patrimoniale\" \/>\n<meta property=\"og:locale\" content=\"fr_FR\" \/>\n<meta property=\"og:type\" content=\"article\" \/>\n<meta property=\"og:title\" content=\"Programme d\u2019assurance de maison patrimoniale - Fiducie nationale du Canada\" \/>\n<meta property=\"og:description\" content=\"Un programme pour les membres de la Fiducie nationale du Canada Poss\u00e9der une maison historique, c\u2019est s\u2019engager \u00e0 pr\u00e9server le...\" \/>\n<meta property=\"og:url\" content=\"https:\/\/nationaltrustcanada.ca\/fr\/ce-que-vous-pouvez-faire\/devenez-membre\/avantages-offerts-aux-membres\/programme-dassurance-de-maison-patrimoniale\" \/>\n<meta property=\"og:site_name\" content=\"Fiducie nationale du Canada\" \/>\n<meta property=\"og:image\" content=\"https:\/\/nationaltrustcanada.ca\/wp-content\/uploads\/2025\/10\/Marsh-Logo-e1761236941551.png\" \/>\n\t<meta property=\"og:image:width\" content=\"938\" \/>\n\t<meta property=\"og:image:height\" content=\"177\" \/>\n\t<meta property=\"og:image:type\" content=\"image\/png\" \/>\n<meta name=\"twitter:card\" content=\"summary_large_image\" \/>\n<meta name=\"twitter:label1\" content=\"Dur\u00e9e de lecture estim\u00e9e\" \/>\n\t<meta name=\"twitter:data1\" content=\"2 minutes\" \/>\n<script type=\"application\/ld+json\" class=\"yoast-schema-graph\">{\"@context\":\"https:\/\/schema.org\",\"@graph\":[{\"@type\":\"WebPage\",\"@id\":\"https:\/\/nationaltrustcanada.ca\/fr\/ce-que-vous-pouvez-faire\/devenez-membre\/avantages-offerts-aux-membres\/programme-dassurance-de-maison-patrimoniale\",\"url\":\"https:\/\/nationaltrustcanada.ca\/fr\/ce-que-vous-pouvez-faire\/devenez-membre\/avantages-offerts-aux-membres\/programme-dassurance-de-maison-patrimoniale\",\"name\":\"Programme d\u2019assurance de maison patrimoniale - Fiducie nationale du Canada\",\"isPartOf\":{\"@id\":\"https:\/\/nationaltrustcanada.ca\/#website\"},\"primaryImageOfPage\":{\"@id\":\"https:\/\/nationaltrustcanada.ca\/fr\/ce-que-vous-pouvez-faire\/devenez-membre\/avantages-offerts-aux-membres\/programme-dassurance-de-maison-patrimoniale#primaryimage\"},\"image\":{\"@id\":\"https:\/\/nationaltrustcanada.ca\/fr\/ce-que-vous-pouvez-faire\/devenez-membre\/avantages-offerts-aux-membres\/programme-dassurance-de-maison-patrimoniale#primaryimage\"},\"thumbnailUrl\":\"https:\/\/nationaltrustcanada.ca\/wp-content\/uploads\/2025\/10\/Marsh-Logo-e1761236941551-300x57.png\",\"datePublished\":\"2025-10-23T16:31:11+00:00\",\"breadcrumb\":{\"@id\":\"https:\/\/nationaltrustcanada.ca\/fr\/ce-que-vous-pouvez-faire\/devenez-membre\/avantages-offerts-aux-membres\/programme-dassurance-de-maison-patrimoniale#breadcrumb\"},\"inLanguage\":\"fr-FR\",\"potentialAction\":[{\"@type\":\"ReadAction\",\"target\":[\"https:\/\/nationaltrustcanada.ca\/fr\/ce-que-vous-pouvez-faire\/devenez-membre\/avantages-offerts-aux-membres\/programme-dassurance-de-maison-patrimoniale\"]}]},{\"@type\":\"ImageObject\",\"inLanguage\":\"fr-FR\",\"@id\":\"https:\/\/nationaltrustcanada.ca\/fr\/ce-que-vous-pouvez-faire\/devenez-membre\/avantages-offerts-aux-membres\/programme-dassurance-de-maison-patrimoniale#primaryimage\",\"url\":\"https:\/\/nationaltrustcanada.ca\/wp-content\/uploads\/2025\/10\/Marsh-Logo-e1761236941551-300x57.png\",\"contentUrl\":\"https:\/\/nationaltrustcanada.ca\/wp-content\/uploads\/2025\/10\/Marsh-Logo-e1761236941551-300x57.png\"},{\"@type\":\"BreadcrumbList\",\"@id\":\"https:\/\/nationaltrustcanada.ca\/fr\/ce-que-vous-pouvez-faire\/devenez-membre\/avantages-offerts-aux-membres\/programme-dassurance-de-maison-patrimoniale#breadcrumb\",\"itemListElement\":[{\"@type\":\"ListItem\",\"position\":1,\"name\":\"Home\",\"item\":\"https:\/\/nationaltrustcanada.ca\/fr\"},{\"@type\":\"ListItem\",\"position\":2,\"name\":\"Ce que vous pouvez faire\",\"item\":\"https:\/\/nationaltrustcanada.ca\/fr\/ce-que-vous-pouvez-faire\"},{\"@type\":\"ListItem\",\"position\":3,\"name\":\"Devenez membre\",\"item\":\"https:\/\/nationaltrustcanada.ca\/fr\/ce-que-vous-pouvez-faire\/devenez-membre\"},{\"@type\":\"ListItem\",\"position\":4,\"name\":\"Avantages offerts aux membres\",\"item\":\"https:\/\/nationaltrustcanada.ca\/fr\/ce-que-vous-pouvez-faire\/devenez-membre\/avantages-offerts-aux-membres\"},{\"@type\":\"ListItem\",\"position\":5,\"name\":\"Programme d\u2019assurance de maison patrimoniale\"}]},{\"@type\":\"WebSite\",\"@id\":\"https:\/\/nationaltrustcanada.ca\/#website\",\"url\":\"https:\/\/nationaltrustcanada.ca\/\",\"name\":\"Fiducie nationale du Canada\",\"description\":\"Bringing Heritage to Life\",\"potentialAction\":[{\"@type\":\"SearchAction\",\"target\":{\"@type\":\"EntryPoint\",\"urlTemplate\":\"https:\/\/nationaltrustcanada.ca\/?s={search_term_string}\"},\"query-input\":{\"@type\":\"PropertyValueSpecification\",\"valueRequired\":true,\"valueName\":\"search_term_string\"}}],\"inLanguage\":\"fr-FR\"}]}<\/script>\n<!-- \/ Yoast SEO plugin. -->","yoast_head_json":{"title":"Programme d\u2019assurance de maison patrimoniale - Fiducie nationale du Canada","robots":{"index":"index","follow":"follow","max-snippet":"max-snippet:-1","max-image-preview":"max-image-preview:large","max-video-preview":"max-video-preview:-1"},"canonical":"https:\/\/nationaltrustcanada.ca\/fr\/ce-que-vous-pouvez-faire\/devenez-membre\/avantages-offerts-aux-membres\/programme-dassurance-de-maison-patrimoniale","og_locale":"fr_FR","og_type":"article","og_title":"Programme d\u2019assurance de maison patrimoniale - Fiducie nationale du Canada","og_description":"Un programme pour les membres de la Fiducie nationale du Canada Poss\u00e9der une maison historique, c\u2019est s\u2019engager \u00e0 pr\u00e9server le...","og_url":"https:\/\/nationaltrustcanada.ca\/fr\/ce-que-vous-pouvez-faire\/devenez-membre\/avantages-offerts-aux-membres\/programme-dassurance-de-maison-patrimoniale","og_site_name":"Fiducie nationale du Canada","og_image":[{"width":938,"height":177,"url":"https:\/\/nationaltrustcanada.ca\/wp-content\/uploads\/2025\/10\/Marsh-Logo-e1761236941551.png","type":"image\/png"}],"twitter_card":"summary_large_image","twitter_misc":{"Dur\u00e9e de lecture estim\u00e9e":"2 minutes"},"schema":{"@context":"https:\/\/schema.org","@graph":[{"@type":"WebPage","@id":"https:\/\/nationaltrustcanada.ca\/fr\/ce-que-vous-pouvez-faire\/devenez-membre\/avantages-offerts-aux-membres\/programme-dassurance-de-maison-patrimoniale","url":"https:\/\/nationaltrustcanada.ca\/fr\/ce-que-vous-pouvez-faire\/devenez-membre\/avantages-offerts-aux-membres\/programme-dassurance-de-maison-patrimoniale","name":"Programme d\u2019assurance de maison patrimoniale - Fiducie nationale du Canada","isPartOf":{"@id":"https:\/\/nationaltrustcanada.ca\/#website"},"primaryImageOfPage":{"@id":"https:\/\/nationaltrustcanada.ca\/fr\/ce-que-vous-pouvez-faire\/devenez-membre\/avantages-offerts-aux-membres\/programme-dassurance-de-maison-patrimoniale#primaryimage"},"image":{"@id":"https:\/\/nationaltrustcanada.ca\/fr\/ce-que-vous-pouvez-faire\/devenez-membre\/avantages-offerts-aux-membres\/programme-dassurance-de-maison-patrimoniale#primaryimage"},"thumbnailUrl":"https:\/\/nationaltrustcanada.ca\/wp-content\/uploads\/2025\/10\/Marsh-Logo-e1761236941551-300x57.png","datePublished":"2025-10-23T16:31:11+00:00","breadcrumb":{"@id":"https:\/\/nationaltrustcanada.ca\/fr\/ce-que-vous-pouvez-faire\/devenez-membre\/avantages-offerts-aux-membres\/programme-dassurance-de-maison-patrimoniale#breadcrumb"},"inLanguage":"fr-FR","potentialAction":[{"@type":"ReadAction","target":["https:\/\/nationaltrustcanada.ca\/fr\/ce-que-vous-pouvez-faire\/devenez-membre\/avantages-offerts-aux-membres\/programme-dassurance-de-maison-patrimoniale"]}]},{"@type":"ImageObject","inLanguage":"fr-FR","@id":"https:\/\/nationaltrustcanada.ca\/fr\/ce-que-vous-pouvez-faire\/devenez-membre\/avantages-offerts-aux-membres\/programme-dassurance-de-maison-patrimoniale#primaryimage","url":"https:\/\/nationaltrustcanada.ca\/wp-content\/uploads\/2025\/10\/Marsh-Logo-e1761236941551-300x57.png","contentUrl":"https:\/\/nationaltrustcanada.ca\/wp-content\/uploads\/2025\/10\/Marsh-Logo-e1761236941551-300x57.png"},{"@type":"BreadcrumbList","@id":"https:\/\/nationaltrustcanada.ca\/fr\/ce-que-vous-pouvez-faire\/devenez-membre\/avantages-offerts-aux-membres\/programme-dassurance-de-maison-patrimoniale#breadcrumb","itemListElement":[{"@type":"ListItem","position":1,"name":"Home","item":"https:\/\/nationaltrustcanada.ca\/fr"},{"@type":"ListItem","position":2,"name":"Ce que vous pouvez faire","item":"https:\/\/nationaltrustcanada.ca\/fr\/ce-que-vous-pouvez-faire"},{"@type":"ListItem","position":3,"name":"Devenez membre","item":"https:\/\/nationaltrustcanada.ca\/fr\/ce-que-vous-pouvez-faire\/devenez-membre"},{"@type":"ListItem","position":4,"name":"Avantages offerts aux membres","item":"https:\/\/nationaltrustcanada.ca\/fr\/ce-que-vous-pouvez-faire\/devenez-membre\/avantages-offerts-aux-membres"},{"@type":"ListItem","position":5,"name":"Programme d\u2019assurance de maison patrimoniale"}]},{"@type":"WebSite","@id":"https:\/\/nationaltrustcanada.ca\/#website","url":"https:\/\/nationaltrustcanada.ca\/","name":"Fiducie nationale du Canada","description":"Bringing Heritage to Life","potentialAction":[{"@type":"SearchAction","target":{"@type":"EntryPoint","urlTemplate":"https:\/\/nationaltrustcanada.ca\/?s={search_term_string}"},"query-input":{"@type":"PropertyValueSpecification","valueRequired":true,"valueName":"search_term_string"}}],"inLanguage":"fr-FR"}]}},"_links":{"self":[{"href":"https:\/\/nationaltrustcanada.ca\/fr\/wp-json\/wp\/v2\/pages\/22207","targetHints":{"allow":["GET"]}}],"collection":[{"href":"https:\/\/nationaltrustcanada.ca\/fr\/wp-json\/wp\/v2\/pages"}],"about":[{"href":"https:\/\/nationaltrustcanada.ca\/fr\/wp-json\/wp\/v2\/types\/page"}],"author":[{"embeddable":true,"href":"https:\/\/nationaltrustcanada.ca\/fr\/wp-json\/wp\/v2\/users\/21"}],"replies":[{"embeddable":true,"href":"https:\/\/nationaltrustcanada.ca\/fr\/wp-json\/wp\/v2\/comments?post=22207"}],"version-history":[{"count":2,"href":"https:\/\/nationaltrustcanada.ca\/fr\/wp-json\/wp\/v2\/pages\/22207\/revisions"}],"predecessor-version":[{"id":22209,"href":"https:\/\/nationaltrustcanada.ca\/fr\/wp-json\/wp\/v2\/pages\/22207\/revisions\/22209"}],"up":[{"embeddable":true,"href":"https:\/\/nationaltrustcanada.ca\/fr\/wp-json\/wp\/v2\/pages\/14643"}],"wp:attachment":[{"href":"https:\/\/nationaltrustcanada.ca\/fr\/wp-json\/wp\/v2\/media?parent=22207"}],"curies":[{"name":"wp","href":"https:\/\/api.w.org\/{rel}","templated":true}]}}