{"id":21533,"date":"2025-04-23T14:40:02","date_gmt":"2025-04-23T18:40:02","guid":{"rendered":"https:\/\/nationaltrustcanada.ca\/?page_id=21533"},"modified":"2025-04-23T14:40:02","modified_gmt":"2025-04-23T18:40:02","slug":"passez-a-laction-pour-le-patrimoine-lors-de-lelection-federale-de-2025","status":"publish","type":"page","link":"https:\/\/nationaltrustcanada.ca\/fr\/ce-que-vous-pouvez-faire\/advocacy-action\/passez-a-laction-pour-le-patrimoine-lors-de-lelection-federale-de-2025","title":{"rendered":"Passez \u00e0 l&rsquo;action pour le patrimoine lors de l\u2019\u00e9lection f\u00e9d\u00e9rale de 2025"},"content":{"rendered":"<h3 data-start=\"186\" data-end=\"224\"><strong data-start=\"189\" data-end=\"224\">Jour d\u2019\u00e9lection : 28 avril 2025<\/strong><\/h3>\n<p class=\"\" data-start=\"226\" data-end=\"580\">Cette \u00e9lection f\u00e9d\u00e9rale repr\u00e9sente un moment crucial pour faire de notre patrimoine une priorit\u00e9 pour l\u2019avenir du Canada. Face aux pr\u00e9occupations croissantes li\u00e9es au logement, aux changements climatiques et \u00e0 l\u2019identit\u00e9 culturelle, il est plus important que jamais que nos dirigeants \u00e9lus int\u00e8grent les lieux patrimoniaux dans les politiques nationales.<\/p>\n<p class=\"\" data-start=\"582\" data-end=\"881\">La Fiducie nationale invite tous les Canadiens et Canadiennes \u00e0 faire entendre leur voix. Notre <strong data-start=\"678\" data-end=\"705\">Trousse \u00e9lectorale 2025<\/strong> vous permet de poser des questions essentielles aux candidat\u00b7e\u00b7s\u2014tant \u00e0 l\u2019\u00e9chelle locale que nationale. Votre voix peut contribuer \u00e0 fa\u00e7onner l\u2019avenir du patrimoine au Canada.<\/p>\n<h3 class=\"\" data-start=\"888\" data-end=\"934\"><strong data-start=\"895\" data-end=\"934\">Utilisez la Trousse \u00e9lectorale 2025<\/strong><\/h3>\n<p class=\"\" data-start=\"936\" data-end=\"1007\">Notre trousse comprend tout ce qu\u2019il vous faut pour passer \u00e0 l\u2019action :<\/p>\n<p class=\"\" data-start=\"1009\" data-end=\"1229\">\u2705 <strong data-start=\"1011\" data-end=\"1046\">Questions pour les candidat\u00b7e\u00b7s<\/strong> (voir ci-dessous)<br data-start=\"1064\" data-end=\"1067\" \/>\u2705 <strong data-start=\"1069\" data-end=\"1106\">Lettre ouverte aux chefs de parti &#8211; bilingue<\/strong>\u00a0<a href=\"https:\/\/nationaltrustcanada.ca\/wp-content\/uploads\/2025\/04\/2025-04-National-Trust-for-Canada.pdf\">[cliquez ici pour t\u00e9l\u00e9charger]<\/a><br data-start=\"1139\" data-end=\"1142\" \/>\u2705 <strong data-start=\"1144\" data-end=\"1196\">Document d\u2019information : Le patrimoine au Canada<\/strong> <a href=\"https:\/\/nationaltrustcanada.ca\/wp-content\/uploads\/2025\/04\/Patrimoine-au-Canada-2025-Public.pdf\">[cliquez ici pour t\u00e9l\u00e9charger]<\/a><\/p>\n<p class=\"\" data-start=\"2011\" data-end=\"2049\">\n<hr class=\"\" data-start=\"909\" data-end=\"912\" \/>\n<h3 class=\"\" data-start=\"1236\" data-end=\"1326\"><strong data-start=\"1242\" data-end=\"1326\">Posez la question aux candidat\u00b7e\u00b7s : Quelle est leur position sur le patrimoine?<\/strong><\/h3>\n<p class=\"\" data-start=\"1328\" data-end=\"1480\">Lorsque vous rencontrez des candidat\u00b7e\u00b7s ou assistez \u00e0 des d\u00e9bats publics, utilisez ces questions pour placer le patrimoine au c\u0153ur de la conversation :<\/p>\n<ol>\n<li data-start=\"1485\" data-end=\"1750\"><strong data-start=\"1485\" data-end=\"1606\">Que fera votre parti pour encourager la r\u00e9utilisation et la r\u00e9novation des b\u00e2timents anciens (y compris patrimoniaux)<\/strong> \u2013 un \u00e9l\u00e9ment essentiel pour accro\u00eetre l\u2019offre de logements, appuyer la strat\u00e9gie climatique du Canada, et renforcer son autonomie \u00e9conomique?<\/li>\n<li data-start=\"1754\" data-end=\"1916\"><strong data-start=\"1754\" data-end=\"1914\">Votre gouvernement s\u2019engagera-t-il \u00e0 r\u00e9introduire un projet de loi au Parlement pour mieux prot\u00e9ger les lieux patrimoniaux d\u2019importance nationale au Canada?<\/strong><\/li>\n<li data-start=\"1920\" data-end=\"2083\"><strong data-start=\"1920\" data-end=\"2025\">Votre parti appuiera-t-il un financement accru pour l\u2019emploi des jeunes dans le secteur du patrimoine<\/strong>, afin de favoriser la rel\u00e8ve dans ce domaine essentiel?<\/li>\n<li data-start=\"2087\" data-end=\"2325\"><strong data-start=\"2087\" data-end=\"2234\">Votre parti s\u2019engagera-t-il \u00e0 accro\u00eetre substantiellement le financement du Programme national de partage des frais pour les lieux patrimoniaux<\/strong>, afin de pr\u00e9server les lieux historiques nationaux du Canada pour les g\u00e9n\u00e9rations futures?<\/li>\n<\/ol>\n<hr class=\"\" data-start=\"2740\" data-end=\"2743\" \/>\n<h3 class=\"\" data-start=\"2332\" data-end=\"2367\"><strong data-start=\"2339\" data-end=\"2367\">Pourquoi c\u2019est important<\/strong><\/h3>\n<p class=\"\" data-start=\"2369\" data-end=\"2451\">Les lieux patrimoniaux sont essentiels \u00e0 l\u2019identit\u00e9 et \u00e0 l\u2019avenir du Canada. Ils :<\/p>\n<ul>\n<li data-start=\"2455\" data-end=\"2522\">Nous relient \u00e0 notre histoire commune et \u00e0 nos r\u00e9cits diversifi\u00e9s<\/li>\n<li data-start=\"2525\" data-end=\"2587\">Soutiennent les \u00e9conomies locales et les emplois sp\u00e9cialis\u00e9s<\/li>\n<li data-start=\"2590\" data-end=\"2666\">Offrent des solutions climatiques durables par la r\u00e9utilisation adaptative<\/li>\n<li data-start=\"2669\" data-end=\"2735\">Fournissent des espaces vivants pour la communaut\u00e9 et la culture<\/li>\n<\/ul>\n<p class=\"\" data-start=\"2737\" data-end=\"3004\">En cette \u00e9lection, aidons \u00e0 d\u00e9montrer aux d\u00e9cideurs que <strong data-start=\"2793\" data-end=\"2853\">les Canadiens et Canadiennes tiennent \u00e0 leur patrimoine.<\/strong> Assurons-nous que les lieux que nous valorisons soient <strong data-start=\"2909\" data-end=\"2949\">pr\u00e9serv\u00e9s, mis en valeur et soutenus<\/strong>\u2014pour toutes les g\u00e9n\u00e9rations, maintenant et \u00e0 l\u2019avenir.<\/p>\n","protected":false},"excerpt":{"rendered":"<p>Jour d\u2019\u00e9lection : 28 avril 2025 Cette \u00e9lection f\u00e9d\u00e9rale repr\u00e9sente un moment crucial pour faire de notre patrimoine une priorit\u00e9&#8230;<\/p>\n","protected":false},"author":13,"featured_media":0,"parent":1437,"menu_order":0,"comment_status":"closed","ping_status":"closed","template":"","meta":{"_acf_changed":false,"footnotes":""},"class_list":["post-21533","page","type-page","status-publish","hentry"],"acf":[],"yoast_head":"<!-- This site is optimized with the Yoast SEO plugin v26.3 - https:\/\/yoast.com\/wordpress\/plugins\/seo\/ -->\n<title>Passez \u00e0 l&#039;action pour le patrimoine lors de l\u2019\u00e9lection f\u00e9d\u00e9rale de 2025 - Fiducie nationale du Canada<\/title>\n<meta name=\"robots\" content=\"index, follow, max-snippet:-1, max-image-preview:large, max-video-preview:-1\" \/>\n<link rel=\"canonical\" href=\"https:\/\/nationaltrustcanada.ca\/fr\/ce-que-vous-pouvez-faire\/advocacy-action\/passez-a-laction-pour-le-patrimoine-lors-de-lelection-federale-de-2025\" \/>\n<meta property=\"og:locale\" content=\"fr_FR\" \/>\n<meta property=\"og:type\" content=\"article\" \/>\n<meta property=\"og:title\" content=\"Passez \u00e0 l&#039;action pour le patrimoine lors de l\u2019\u00e9lection f\u00e9d\u00e9rale de 2025 - Fiducie nationale du Canada\" \/>\n<meta property=\"og:description\" content=\"Jour d\u2019\u00e9lection : 28 avril 2025 Cette \u00e9lection f\u00e9d\u00e9rale repr\u00e9sente un moment crucial pour faire de notre patrimoine une priorit\u00e9...\" \/>\n<meta property=\"og:url\" content=\"https:\/\/nationaltrustcanada.ca\/fr\/ce-que-vous-pouvez-faire\/advocacy-action\/passez-a-laction-pour-le-patrimoine-lors-de-lelection-federale-de-2025\" \/>\n<meta property=\"og:site_name\" content=\"Fiducie nationale du Canada\" \/>\n<meta name=\"twitter:card\" content=\"summary_large_image\" \/>\n<meta name=\"twitter:label1\" content=\"Dur\u00e9e de lecture estim\u00e9e\" \/>\n\t<meta name=\"twitter:data1\" content=\"2 minutes\" \/>\n<script type=\"application\/ld+json\" class=\"yoast-schema-graph\">{\"@context\":\"https:\/\/schema.org\",\"@graph\":[{\"@type\":\"WebPage\",\"@id\":\"https:\/\/nationaltrustcanada.ca\/fr\/ce-que-vous-pouvez-faire\/advocacy-action\/passez-a-laction-pour-le-patrimoine-lors-de-lelection-federale-de-2025\",\"url\":\"https:\/\/nationaltrustcanada.ca\/fr\/ce-que-vous-pouvez-faire\/advocacy-action\/passez-a-laction-pour-le-patrimoine-lors-de-lelection-federale-de-2025\",\"name\":\"Passez \u00e0 l'action pour le patrimoine lors de l\u2019\u00e9lection f\u00e9d\u00e9rale de 2025 - Fiducie nationale du Canada\",\"isPartOf\":{\"@id\":\"https:\/\/nationaltrustcanada.ca\/#website\"},\"datePublished\":\"2025-04-23T18:40:02+00:00\",\"breadcrumb\":{\"@id\":\"https:\/\/nationaltrustcanada.ca\/fr\/ce-que-vous-pouvez-faire\/advocacy-action\/passez-a-laction-pour-le-patrimoine-lors-de-lelection-federale-de-2025#breadcrumb\"},\"inLanguage\":\"fr-FR\",\"potentialAction\":[{\"@type\":\"ReadAction\",\"target\":[\"https:\/\/nationaltrustcanada.ca\/fr\/ce-que-vous-pouvez-faire\/advocacy-action\/passez-a-laction-pour-le-patrimoine-lors-de-lelection-federale-de-2025\"]}]},{\"@type\":\"BreadcrumbList\",\"@id\":\"https:\/\/nationaltrustcanada.ca\/fr\/ce-que-vous-pouvez-faire\/advocacy-action\/passez-a-laction-pour-le-patrimoine-lors-de-lelection-federale-de-2025#breadcrumb\",\"itemListElement\":[{\"@type\":\"ListItem\",\"position\":1,\"name\":\"Home\",\"item\":\"https:\/\/nationaltrustcanada.ca\/fr\"},{\"@type\":\"ListItem\",\"position\":2,\"name\":\"Ce que vous pouvez faire\",\"item\":\"https:\/\/nationaltrustcanada.ca\/fr\/ce-que-vous-pouvez-faire\"},{\"@type\":\"ListItem\",\"position\":3,\"name\":\"Action citoyenne\",\"item\":\"https:\/\/nationaltrustcanada.ca\/fr\/ce-que-vous-pouvez-faire\/advocacy-action\"},{\"@type\":\"ListItem\",\"position\":4,\"name\":\"Passez \u00e0 l&#8217;action pour le patrimoine lors de l\u2019\u00e9lection f\u00e9d\u00e9rale de 2025\"}]},{\"@type\":\"WebSite\",\"@id\":\"https:\/\/nationaltrustcanada.ca\/#website\",\"url\":\"https:\/\/nationaltrustcanada.ca\/\",\"name\":\"Fiducie nationale du Canada\",\"description\":\"Bringing Heritage to Life\",\"potentialAction\":[{\"@type\":\"SearchAction\",\"target\":{\"@type\":\"EntryPoint\",\"urlTemplate\":\"https:\/\/nationaltrustcanada.ca\/?s={search_term_string}\"},\"query-input\":{\"@type\":\"PropertyValueSpecification\",\"valueRequired\":true,\"valueName\":\"search_term_string\"}}],\"inLanguage\":\"fr-FR\"}]}<\/script>\n<!-- \/ Yoast SEO plugin. -->","yoast_head_json":{"title":"Passez \u00e0 l'action pour le patrimoine lors de l\u2019\u00e9lection f\u00e9d\u00e9rale de 2025 - Fiducie nationale du Canada","robots":{"index":"index","follow":"follow","max-snippet":"max-snippet:-1","max-image-preview":"max-image-preview:large","max-video-preview":"max-video-preview:-1"},"canonical":"https:\/\/nationaltrustcanada.ca\/fr\/ce-que-vous-pouvez-faire\/advocacy-action\/passez-a-laction-pour-le-patrimoine-lors-de-lelection-federale-de-2025","og_locale":"fr_FR","og_type":"article","og_title":"Passez \u00e0 l'action pour le patrimoine lors de l\u2019\u00e9lection f\u00e9d\u00e9rale de 2025 - Fiducie nationale du Canada","og_description":"Jour d\u2019\u00e9lection : 28 avril 2025 Cette \u00e9lection f\u00e9d\u00e9rale repr\u00e9sente un moment crucial pour faire de notre patrimoine une priorit\u00e9...","og_url":"https:\/\/nationaltrustcanada.ca\/fr\/ce-que-vous-pouvez-faire\/advocacy-action\/passez-a-laction-pour-le-patrimoine-lors-de-lelection-federale-de-2025","og_site_name":"Fiducie nationale du Canada","twitter_card":"summary_large_image","twitter_misc":{"Dur\u00e9e de lecture estim\u00e9e":"2 minutes"},"schema":{"@context":"https:\/\/schema.org","@graph":[{"@type":"WebPage","@id":"https:\/\/nationaltrustcanada.ca\/fr\/ce-que-vous-pouvez-faire\/advocacy-action\/passez-a-laction-pour-le-patrimoine-lors-de-lelection-federale-de-2025","url":"https:\/\/nationaltrustcanada.ca\/fr\/ce-que-vous-pouvez-faire\/advocacy-action\/passez-a-laction-pour-le-patrimoine-lors-de-lelection-federale-de-2025","name":"Passez \u00e0 l'action pour le patrimoine lors de l\u2019\u00e9lection f\u00e9d\u00e9rale de 2025 - Fiducie nationale du Canada","isPartOf":{"@id":"https:\/\/nationaltrustcanada.ca\/#website"},"datePublished":"2025-04-23T18:40:02+00:00","breadcrumb":{"@id":"https:\/\/nationaltrustcanada.ca\/fr\/ce-que-vous-pouvez-faire\/advocacy-action\/passez-a-laction-pour-le-patrimoine-lors-de-lelection-federale-de-2025#breadcrumb"},"inLanguage":"fr-FR","potentialAction":[{"@type":"ReadAction","target":["https:\/\/nationaltrustcanada.ca\/fr\/ce-que-vous-pouvez-faire\/advocacy-action\/passez-a-laction-pour-le-patrimoine-lors-de-lelection-federale-de-2025"]}]},{"@type":"BreadcrumbList","@id":"https:\/\/nationaltrustcanada.ca\/fr\/ce-que-vous-pouvez-faire\/advocacy-action\/passez-a-laction-pour-le-patrimoine-lors-de-lelection-federale-de-2025#breadcrumb","itemListElement":[{"@type":"ListItem","position":1,"name":"Home","item":"https:\/\/nationaltrustcanada.ca\/fr"},{"@type":"ListItem","position":2,"name":"Ce que vous pouvez faire","item":"https:\/\/nationaltrustcanada.ca\/fr\/ce-que-vous-pouvez-faire"},{"@type":"ListItem","position":3,"name":"Action citoyenne","item":"https:\/\/nationaltrustcanada.ca\/fr\/ce-que-vous-pouvez-faire\/advocacy-action"},{"@type":"ListItem","position":4,"name":"Passez \u00e0 l&#8217;action pour le patrimoine lors de l\u2019\u00e9lection f\u00e9d\u00e9rale de 2025"}]},{"@type":"WebSite","@id":"https:\/\/nationaltrustcanada.ca\/#website","url":"https:\/\/nationaltrustcanada.ca\/","name":"Fiducie nationale du Canada","description":"Bringing Heritage to Life","potentialAction":[{"@type":"SearchAction","target":{"@type":"EntryPoint","urlTemplate":"https:\/\/nationaltrustcanada.ca\/?s={search_term_string}"},"query-input":{"@type":"PropertyValueSpecification","valueRequired":true,"valueName":"search_term_string"}}],"inLanguage":"fr-FR"}]}},"_links":{"self":[{"href":"https:\/\/nationaltrustcanada.ca\/fr\/wp-json\/wp\/v2\/pages\/21533","targetHints":{"allow":["GET"]}}],"collection":[{"href":"https:\/\/nationaltrustcanada.ca\/fr\/wp-json\/wp\/v2\/pages"}],"about":[{"href":"https:\/\/nationaltrustcanada.ca\/fr\/wp-json\/wp\/v2\/types\/page"}],"author":[{"embeddable":true,"href":"https:\/\/nationaltrustcanada.ca\/fr\/wp-json\/wp\/v2\/users\/13"}],"replies":[{"embeddable":true,"href":"https:\/\/nationaltrustcanada.ca\/fr\/wp-json\/wp\/v2\/comments?post=21533"}],"version-history":[{"count":1,"href":"https:\/\/nationaltrustcanada.ca\/fr\/wp-json\/wp\/v2\/pages\/21533\/revisions"}],"predecessor-version":[{"id":21534,"href":"https:\/\/nationaltrustcanada.ca\/fr\/wp-json\/wp\/v2\/pages\/21533\/revisions\/21534"}],"up":[{"embeddable":true,"href":"https:\/\/nationaltrustcanada.ca\/fr\/wp-json\/wp\/v2\/pages\/1437"}],"wp:attachment":[{"href":"https:\/\/nationaltrustcanada.ca\/fr\/wp-json\/wp\/v2\/media?parent=21533"}],"curies":[{"name":"wp","href":"https:\/\/api.w.org\/{rel}","templated":true}]}}