{"id":21228,"date":"2025-02-20T15:09:01","date_gmt":"2025-02-20T20:09:01","guid":{"rendered":"https:\/\/nationaltrustcanada.ca\/?page_id=21228"},"modified":"2026-03-18T15:54:38","modified_gmt":"2026-03-18T19:54:38","slug":"idees-a-partager-fevrier-a-juin-2025","status":"publish","type":"page","link":"https:\/\/nationaltrustcanada.ca\/fr\/ce-que-nous-offrons\/idees-a-partager-fevrier-a-juin-2025","title":{"rendered":"Id\u00e9es \u00e0 partager \u2013 Janvier \u00e0 juin 2026"},"content":{"rendered":"<p><img loading=\"lazy\" decoding=\"async\" class=\"alignnone  wp-image-22801\" src=\"https:\/\/nationaltrustcanada.ca\/wp-content\/uploads\/2026\/01\/2-300x150.jpg\" alt=\"\" width=\"524\" height=\"262\" srcset=\"https:\/\/nationaltrustcanada.ca\/wp-content\/uploads\/2026\/01\/2-300x150.jpg 300w, https:\/\/nationaltrustcanada.ca\/wp-content\/uploads\/2026\/01\/2-1024x512.jpg 1024w, https:\/\/nationaltrustcanada.ca\/wp-content\/uploads\/2026\/01\/2-768x384.jpg 768w, https:\/\/nationaltrustcanada.ca\/wp-content\/uploads\/2026\/01\/2.jpg 1200w\" sizes=\"auto, (max-width: 524px) 100vw, 524px\" \/><\/p>\n<p>Participez \u00e0 la s\u00e9rie de webinaires \u00ab Des id\u00e9es qui m\u00e9ritent d&rsquo;\u00eatre partag\u00e9es \u00bb, qui pr\u00e9sente des expos\u00e9s inspirants tir\u00e9s de la conf\u00e9rence 2025 du National Trust \u00e0 Halifax (en collaboration avec la CAHP et l&rsquo;IHC). Cette s\u00e9rie en cinq parties comprend des expos\u00e9s perspicaces d&rsquo;experts en conservation du patrimoine canadien, suivis de s\u00e9ances de questions-r\u00e9ponses en direct.<\/p>\n<h4><strong>Jeudi 29 janvier (12 h \u00e0 13 h HE)<\/strong> <a href=\"https:\/\/us02web.zoom.us\/webinar\/register\/WN_uUt9N5-kRBWDUTS4vOhxGA\">Inscrivez-vous d\u00e8s maintenant<\/a><\/h4>\n<h4>Cr\u00e9ation de logements gr\u00e2ce \u00e0 l&rsquo;adaptation et \u00e0 la relocalisation<\/h4>\n<ul>\n<li>Joe Nickerson (vice-pr\u00e9sident et associ\u00e9, Sidewalk Real Estate Development, Dartmouth, N.-\u00c9.) \u2013 Remodeler les quartiers tout en respectant le pass\u00e9<\/li>\n<li>Justine Bowles (directrice, ZZAP Architecture + Planning, Halifax, N.-\u00c9.) \u2013 Relocalisation, restauration et agrandissement de l&rsquo;h\u00f4tel historique Elmwood<\/li>\n<\/ul>\n<p>Restez \u00e0 l&rsquo;\u00e9coute. D&rsquo;autres webinaires seront annonc\u00e9s prochainement.<\/p>\n<p>&nbsp;<\/p>\n<h4><strong>Jeudi 5 mars (12 h \u00e0 13 h HE) <\/strong><a href=\"https:\/\/us02web.zoom.us\/webinar\/register\/WN_7h-K6U3TTB6bGKWXoMBEWg\">Inscrivez-vous d\u00e8s maintenant<\/a><strong><br \/>\nDu pass\u00e9 au pr\u00e9sent puissant : Le patrimoine noir aujourd\u2019hui<\/strong><\/h4>\n<ul>\n<li>Shekara Grant (fondatrice et pr\u00e9sidente, Weymouth Falls Community Land Trust, Nouvelle-\u00c9cosse) \u2013 Pr\u00e9servation de l\u2019\u00ab\u00a0Out(sider)\u00a0\u00bb : L\u2019exemple de Mount Beulah (Nouvelle-\u00c9cosse)<\/li>\n<li>Keisha Cuffie (PDG, Black Legacy Collective, autrice, commissaire d\u2019exposition, Ottawa, ON) \u2013 Effac\u00e9 et encod\u00e9 : Le patrimoine noir \u00e0 l\u2019\u00e8re du num\u00e9riqueJeudi\u00a019\u00a0mars (12\u00a0h \u00e0 13\u00a0h HE)<\/li>\n<\/ul>\n<p>&nbsp;<\/p>\n<h4><strong>Jeudi 19 mars (12 h \u00e0 13 h HE) <\/strong><a href=\"https:\/\/us02web.zoom.us\/webinar\/register\/WN_zCHbxf5hQsiiJ6D57fiu3w\">Inscrivez-vous d\u00e8s maintenant<\/a><strong><br \/>\n<\/strong><strong>Le\u00e7ons essentielles de grands projets : R\u00e9imaginer, humaniser et d\u00e9fendre les b\u00e2timents institutionnels<\/strong><\/h4>\n<p>D\u00e9couvrez la transformation de deux des structures du Centenaire les plus embl\u00e9matiques de l\u2019Alberta, adapt\u00e9es \u00e0 des contextes sociaux en profonde mutation. D\u00e9couvrez comment le Plan\u00e9tarium de Calgary, initialement construit dans un style brutaliste pour une fonction sp\u00e9cifique, s\u2019est m\u00e9tamorphos\u00e9 en un lieu captivant d\u2019art contemporain. Laissez-vous aussi inspirer par l\u2019\u00e9quipe audacieuse d\u2019Edmonton qui a sauv\u00e9 l\u2019ancien Mus\u00e9e royal de l\u2019Alberta de la d\u00e9molition et met en \u0153uvre de nouveaux usages ambitieux pour ce joyau du milieu du 20<sup>e<\/sup>\u00a0si\u00e8cle.<\/p>\n<ul>\n<li>Bruce Kuwabara (associ\u00e9 fondateur, KPMB, Toronto, ON) et David Leinster (chef de la direction, Contemporary Calgary, Calgary, AB) \u2013 Du cosmos \u00e0 la culture\u00a0: Le projet de transformation du Plan\u00e9tarium du Centenaire de Contemporary Calgary<\/li>\n<li>Vivian Manasc (architecte principale, Reimagine Architects, Edmonton, AB) \u2013 Sauver et r\u00e9inventer l\u2019ancien Mus\u00e9e royal de l\u2019Alberta<\/li>\n<\/ul>\n<p>&nbsp;<\/p>\n<h4><strong> \u00a023 avril (12 \u00a0h \u00e0 13 h HE)<\/strong> <a href=\"https:\/\/us02web.zoom.us\/webinar\/register\/WN_9Ya5HQQhRDiVWpCeYHv35w\">Inscrivez-vous d\u00e8s maintenant<\/a><strong><br \/>\nAction collaborative face \u00e0 l\u2019\u00e9rosion c\u00f4ti\u00e8re et aux interventions en cas de catastrophe<\/strong><\/h4>\n<p>Apprenez-en davantage sur deux initiatives ambitieuses de mobilisation face aux changements climatiques. La premi\u00e8re met l\u2019accent sur la science citoyenne pour l\u2019arch\u00e9ologie de sauvetage et la protection du patrimoine culturel au Canada atlantique. La seconde vise \u00e0 outiller les communaut\u00e9s pour la pr\u00e9paration et l\u2019intervention en cas de catastrophe.<\/p>\n<ul>\n<li>Manon Savard (enseignante, g\u00e9ographie humaine de l\u2019environnement, Laboratoire d\u2019arch\u00e9ologie et de patrimoine, Universit\u00e9 du Qu\u00e9bec \u00e0 Rimouski, QC) \u2013 Science citoyenne pour le suivi des sites arch\u00e9ologiques c\u00f4tiers en \u00e9rosion<\/li>\n<li>Andrea Richardson (coordonnatrice des changements climatiques, secteur de l\u2019arch\u00e9ologie de la Nouvelle-\u00c9cosse, Cape Sable Historical Society, Dartmouth, N.-\u00c9.) \u2013 Ce n\u2019est pas seulement l\u2019\u00e9rosion c\u00f4ti\u00e8re\u00a0: Action collaborative et strat\u00e9gie d\u2019adaptation aux changements climatiques de la Nouvelle-\u00c9cosse (pr\u00e9sentation SPARK)<\/li>\n<li>Dana Murray (doctorante, Facult\u00e9 d\u2019information, Universit\u00e9 de Toronto) \u2013 Groupe de travail sur les catastrophes\u00a0: Collaboration et action collective en situation de crise (pr\u00e9sentation SPARK)<\/li>\n<\/ul>\n<p>&nbsp;<\/p>\n<h4><strong>Jeudi 21 mai (de 12 h \u00e0 13 h HE) <\/strong><a href=\"https:\/\/us02web.zoom.us\/webinar\/register\/WN_eNdsJutOR1ehSFSfz37p3Q\">Inscrivez-vous d\u00e8s maintenant<\/a><br \/>\n<strong>R\u00e9\u00e9crire notre pass\u00e9 : Le patrimoine queer et le quartier chinois ouest de Toronto<\/strong><\/h4>\n<p>Explorez deux initiatives canadiennes qui s\u2019attaquent de mani\u00e8re pragmatique \u00e0 l\u2019implication communautaire, qui mettent en \u00e9vidence les strates de m\u00e9moire collective ancr\u00e9es dans les lieux et qui r\u00e9\u00e9valuent les cadres patrimoniaux pour mieux reconna\u00eetre le patrimoine culturel intangible.<\/p>\n<ul>\n<li>Kristen Balogh (ing\u00e9nieure en structures, WSP Canada, Ottawa, ON) \u2013 Qu\u00eate du patrimoine queer\u00a0: De l\u2019oubli \u00e0 la notori\u00e9t\u00e9<\/li>\n<li>Sharon Hong (associ\u00e9e principale, ERA Architects, Toronto, ON) \u2013 La valeur communautaire est une valeur patrimoniale\u00a0: Le quartier chinois ouest de Toronto<\/li>\n<\/ul>\n<p>&nbsp;<\/p>\n<h4><strong>Juin (DATE \u00c0 CONFIRMER)<br \/>\nConsultation aupr\u00e8s des peuples autochtones dans les projets d\u2019am\u00e9nagement urbain <\/strong><\/h4>\n<ul>\n<li>Lyndsay Francis (consultante ind\u00e9pendante, Kjipuktuk, N.-\u00c9.) \u2013 R\u00e9cits \u00e9chang\u00e9s avec la communaut\u00e9 mi\u2019kmaw et autochtone urbaine de Kjipuktuk<\/li>\n<li>Gwen Lane (coordonnatrice des programmes autochtones, SpruceLab, Toronto, ON), Sheila Boudreau (architecte paysagiste principale et urbaniste, SpruceLab, Toronto, ON) et Kurt Kraler (architecte et gestionnaire de projet, ERA Architects, Toronto, ON) \u2013 \u00c9tude de cas Dawes Road\u00a0: Red\u00e9finir les initiatives d\u2019engagement autochtone dans les propositions de d\u00e9veloppement.<\/li>\n<\/ul>\n","protected":false},"excerpt":{"rendered":"<p>Participez \u00e0 la s\u00e9rie de webinaires \u00ab Des id\u00e9es qui m\u00e9ritent d&rsquo;\u00eatre partag\u00e9es \u00bb, qui pr\u00e9sente des expos\u00e9s inspirants tir\u00e9s&#8230;<\/p>\n","protected":false},"author":21,"featured_media":22794,"parent":1307,"menu_order":1,"comment_status":"closed","ping_status":"closed","template":"","meta":{"_acf_changed":false,"footnotes":""},"class_list":["post-21228","page","type-page","status-publish","has-post-thumbnail","hentry"],"acf":[],"yoast_head":"<!-- This site is optimized with the Yoast SEO plugin v26.3 - https:\/\/yoast.com\/wordpress\/plugins\/seo\/ -->\n<title>Id\u00e9es \u00e0 partager \u2013 Janvier \u00e0 juin 2026 - Fiducie nationale du Canada<\/title>\n<meta name=\"robots\" content=\"index, follow, max-snippet:-1, max-image-preview:large, max-video-preview:-1\" \/>\n<link rel=\"canonical\" href=\"https:\/\/nationaltrustcanada.ca\/fr\/ce-que-nous-offrons\/idees-a-partager-fevrier-a-juin-2025\" \/>\n<meta property=\"og:locale\" content=\"fr_FR\" \/>\n<meta property=\"og:type\" content=\"article\" \/>\n<meta property=\"og:title\" content=\"Id\u00e9es \u00e0 partager \u2013 Janvier \u00e0 juin 2026 - Fiducie nationale du Canada\" \/>\n<meta property=\"og:description\" content=\"Participez \u00e0 la s\u00e9rie de webinaires \u00ab Des id\u00e9es qui m\u00e9ritent d&rsquo;\u00eatre partag\u00e9es \u00bb, qui pr\u00e9sente des expos\u00e9s inspirants tir\u00e9s...\" \/>\n<meta property=\"og:url\" content=\"https:\/\/nationaltrustcanada.ca\/fr\/ce-que-nous-offrons\/idees-a-partager-fevrier-a-juin-2025\" \/>\n<meta property=\"og:site_name\" content=\"Fiducie nationale du Canada\" \/>\n<meta property=\"article:modified_time\" content=\"2026-03-18T19:54:38+00:00\" \/>\n<meta property=\"og:image\" content=\"https:\/\/nationaltrustcanada.ca\/wp-content\/uploads\/2026\/01\/Web-Banners-1-scaled.jpg\" \/>\n\t<meta property=\"og:image:width\" content=\"2560\" \/>\n\t<meta property=\"og:image:height\" content=\"1440\" \/>\n\t<meta property=\"og:image:type\" content=\"image\/jpeg\" \/>\n<meta name=\"twitter:card\" content=\"summary_large_image\" \/>\n<meta name=\"twitter:label1\" content=\"Dur\u00e9e de lecture estim\u00e9e\" \/>\n\t<meta name=\"twitter:data1\" content=\"4 minutes\" \/>\n<script type=\"application\/ld+json\" class=\"yoast-schema-graph\">{\"@context\":\"https:\/\/schema.org\",\"@graph\":[{\"@type\":\"WebPage\",\"@id\":\"https:\/\/nationaltrustcanada.ca\/fr\/ce-que-nous-offrons\/idees-a-partager-fevrier-a-juin-2025\",\"url\":\"https:\/\/nationaltrustcanada.ca\/fr\/ce-que-nous-offrons\/idees-a-partager-fevrier-a-juin-2025\",\"name\":\"Id\u00e9es \u00e0 partager \u2013 Janvier \u00e0 juin 2026 - Fiducie nationale du Canada\",\"isPartOf\":{\"@id\":\"https:\/\/nationaltrustcanada.ca\/#website\"},\"primaryImageOfPage\":{\"@id\":\"https:\/\/nationaltrustcanada.ca\/fr\/ce-que-nous-offrons\/idees-a-partager-fevrier-a-juin-2025#primaryimage\"},\"image\":{\"@id\":\"https:\/\/nationaltrustcanada.ca\/fr\/ce-que-nous-offrons\/idees-a-partager-fevrier-a-juin-2025#primaryimage\"},\"thumbnailUrl\":\"https:\/\/nationaltrustcanada.ca\/wp-content\/uploads\/2026\/01\/Web-Banners-1-scaled.jpg\",\"datePublished\":\"2025-02-20T20:09:01+00:00\",\"dateModified\":\"2026-03-18T19:54:38+00:00\",\"breadcrumb\":{\"@id\":\"https:\/\/nationaltrustcanada.ca\/fr\/ce-que-nous-offrons\/idees-a-partager-fevrier-a-juin-2025#breadcrumb\"},\"inLanguage\":\"fr-FR\",\"potentialAction\":[{\"@type\":\"ReadAction\",\"target\":[\"https:\/\/nationaltrustcanada.ca\/fr\/ce-que-nous-offrons\/idees-a-partager-fevrier-a-juin-2025\"]}]},{\"@type\":\"ImageObject\",\"inLanguage\":\"fr-FR\",\"@id\":\"https:\/\/nationaltrustcanada.ca\/fr\/ce-que-nous-offrons\/idees-a-partager-fevrier-a-juin-2025#primaryimage\",\"url\":\"https:\/\/nationaltrustcanada.ca\/wp-content\/uploads\/2026\/01\/Web-Banners-1-scaled.jpg\",\"contentUrl\":\"https:\/\/nationaltrustcanada.ca\/wp-content\/uploads\/2026\/01\/Web-Banners-1-scaled.jpg\",\"width\":2560,\"height\":1440},{\"@type\":\"BreadcrumbList\",\"@id\":\"https:\/\/nationaltrustcanada.ca\/fr\/ce-que-nous-offrons\/idees-a-partager-fevrier-a-juin-2025#breadcrumb\",\"itemListElement\":[{\"@type\":\"ListItem\",\"position\":1,\"name\":\"Home\",\"item\":\"https:\/\/nationaltrustcanada.ca\/fr\"},{\"@type\":\"ListItem\",\"position\":2,\"name\":\"Ce que nous offrons\",\"item\":\"https:\/\/nationaltrustcanada.ca\/fr\/ce-que-nous-offrons\"},{\"@type\":\"ListItem\",\"position\":3,\"name\":\"Id\u00e9es \u00e0 partager \u2013 Janvier \u00e0 juin 2026\"}]},{\"@type\":\"WebSite\",\"@id\":\"https:\/\/nationaltrustcanada.ca\/#website\",\"url\":\"https:\/\/nationaltrustcanada.ca\/\",\"name\":\"Fiducie nationale du Canada\",\"description\":\"Bringing Heritage to Life\",\"potentialAction\":[{\"@type\":\"SearchAction\",\"target\":{\"@type\":\"EntryPoint\",\"urlTemplate\":\"https:\/\/nationaltrustcanada.ca\/?s={search_term_string}\"},\"query-input\":{\"@type\":\"PropertyValueSpecification\",\"valueRequired\":true,\"valueName\":\"search_term_string\"}}],\"inLanguage\":\"fr-FR\"}]}<\/script>\n<!-- \/ Yoast SEO plugin. -->","yoast_head_json":{"title":"Id\u00e9es \u00e0 partager \u2013 Janvier \u00e0 juin 2026 - Fiducie nationale du Canada","robots":{"index":"index","follow":"follow","max-snippet":"max-snippet:-1","max-image-preview":"max-image-preview:large","max-video-preview":"max-video-preview:-1"},"canonical":"https:\/\/nationaltrustcanada.ca\/fr\/ce-que-nous-offrons\/idees-a-partager-fevrier-a-juin-2025","og_locale":"fr_FR","og_type":"article","og_title":"Id\u00e9es \u00e0 partager \u2013 Janvier \u00e0 juin 2026 - Fiducie nationale du Canada","og_description":"Participez \u00e0 la s\u00e9rie de webinaires \u00ab Des id\u00e9es qui m\u00e9ritent d&rsquo;\u00eatre partag\u00e9es \u00bb, qui pr\u00e9sente des expos\u00e9s inspirants tir\u00e9s...","og_url":"https:\/\/nationaltrustcanada.ca\/fr\/ce-que-nous-offrons\/idees-a-partager-fevrier-a-juin-2025","og_site_name":"Fiducie nationale du Canada","article_modified_time":"2026-03-18T19:54:38+00:00","og_image":[{"width":2560,"height":1440,"url":"https:\/\/nationaltrustcanada.ca\/wp-content\/uploads\/2026\/01\/Web-Banners-1-scaled.jpg","type":"image\/jpeg"}],"twitter_card":"summary_large_image","twitter_misc":{"Dur\u00e9e de lecture estim\u00e9e":"4 minutes"},"schema":{"@context":"https:\/\/schema.org","@graph":[{"@type":"WebPage","@id":"https:\/\/nationaltrustcanada.ca\/fr\/ce-que-nous-offrons\/idees-a-partager-fevrier-a-juin-2025","url":"https:\/\/nationaltrustcanada.ca\/fr\/ce-que-nous-offrons\/idees-a-partager-fevrier-a-juin-2025","name":"Id\u00e9es \u00e0 partager \u2013 Janvier \u00e0 juin 2026 - Fiducie nationale du Canada","isPartOf":{"@id":"https:\/\/nationaltrustcanada.ca\/#website"},"primaryImageOfPage":{"@id":"https:\/\/nationaltrustcanada.ca\/fr\/ce-que-nous-offrons\/idees-a-partager-fevrier-a-juin-2025#primaryimage"},"image":{"@id":"https:\/\/nationaltrustcanada.ca\/fr\/ce-que-nous-offrons\/idees-a-partager-fevrier-a-juin-2025#primaryimage"},"thumbnailUrl":"https:\/\/nationaltrustcanada.ca\/wp-content\/uploads\/2026\/01\/Web-Banners-1-scaled.jpg","datePublished":"2025-02-20T20:09:01+00:00","dateModified":"2026-03-18T19:54:38+00:00","breadcrumb":{"@id":"https:\/\/nationaltrustcanada.ca\/fr\/ce-que-nous-offrons\/idees-a-partager-fevrier-a-juin-2025#breadcrumb"},"inLanguage":"fr-FR","potentialAction":[{"@type":"ReadAction","target":["https:\/\/nationaltrustcanada.ca\/fr\/ce-que-nous-offrons\/idees-a-partager-fevrier-a-juin-2025"]}]},{"@type":"ImageObject","inLanguage":"fr-FR","@id":"https:\/\/nationaltrustcanada.ca\/fr\/ce-que-nous-offrons\/idees-a-partager-fevrier-a-juin-2025#primaryimage","url":"https:\/\/nationaltrustcanada.ca\/wp-content\/uploads\/2026\/01\/Web-Banners-1-scaled.jpg","contentUrl":"https:\/\/nationaltrustcanada.ca\/wp-content\/uploads\/2026\/01\/Web-Banners-1-scaled.jpg","width":2560,"height":1440},{"@type":"BreadcrumbList","@id":"https:\/\/nationaltrustcanada.ca\/fr\/ce-que-nous-offrons\/idees-a-partager-fevrier-a-juin-2025#breadcrumb","itemListElement":[{"@type":"ListItem","position":1,"name":"Home","item":"https:\/\/nationaltrustcanada.ca\/fr"},{"@type":"ListItem","position":2,"name":"Ce que nous offrons","item":"https:\/\/nationaltrustcanada.ca\/fr\/ce-que-nous-offrons"},{"@type":"ListItem","position":3,"name":"Id\u00e9es \u00e0 partager \u2013 Janvier \u00e0 juin 2026"}]},{"@type":"WebSite","@id":"https:\/\/nationaltrustcanada.ca\/#website","url":"https:\/\/nationaltrustcanada.ca\/","name":"Fiducie nationale du Canada","description":"Bringing Heritage to Life","potentialAction":[{"@type":"SearchAction","target":{"@type":"EntryPoint","urlTemplate":"https:\/\/nationaltrustcanada.ca\/?s={search_term_string}"},"query-input":{"@type":"PropertyValueSpecification","valueRequired":true,"valueName":"search_term_string"}}],"inLanguage":"fr-FR"}]}},"_links":{"self":[{"href":"https:\/\/nationaltrustcanada.ca\/fr\/wp-json\/wp\/v2\/pages\/21228","targetHints":{"allow":["GET"]}}],"collection":[{"href":"https:\/\/nationaltrustcanada.ca\/fr\/wp-json\/wp\/v2\/pages"}],"about":[{"href":"https:\/\/nationaltrustcanada.ca\/fr\/wp-json\/wp\/v2\/types\/page"}],"author":[{"embeddable":true,"href":"https:\/\/nationaltrustcanada.ca\/fr\/wp-json\/wp\/v2\/users\/21"}],"replies":[{"embeddable":true,"href":"https:\/\/nationaltrustcanada.ca\/fr\/wp-json\/wp\/v2\/comments?post=21228"}],"version-history":[{"count":10,"href":"https:\/\/nationaltrustcanada.ca\/fr\/wp-json\/wp\/v2\/pages\/21228\/revisions"}],"predecessor-version":[{"id":23378,"href":"https:\/\/nationaltrustcanada.ca\/fr\/wp-json\/wp\/v2\/pages\/21228\/revisions\/23378"}],"up":[{"embeddable":true,"href":"https:\/\/nationaltrustcanada.ca\/fr\/wp-json\/wp\/v2\/pages\/1307"}],"wp:featuredmedia":[{"embeddable":true,"href":"https:\/\/nationaltrustcanada.ca\/fr\/wp-json\/wp\/v2\/media\/22794"}],"wp:attachment":[{"href":"https:\/\/nationaltrustcanada.ca\/fr\/wp-json\/wp\/v2\/media?parent=21228"}],"curies":[{"name":"wp","href":"https:\/\/api.w.org\/{rel}","templated":true}]}}