{"id":1996,"date":"2016-09-26T20:39:36","date_gmt":"2016-09-26T20:39:36","guid":{"rendered":"http:\/\/nationaltrustcanada.ca?page_id=1996"},"modified":"2026-03-16T08:41:14","modified_gmt":"2026-03-16T12:41:14","slug":"celebrer","status":"publish","type":"page","link":"https:\/\/nationaltrustcanada.ca\/fr\/des-lieux-a-visiter\/celebrer","title":{"rendered":"Journ\u00e9es des lieux patrimoniaux"},"content":{"rendered":"<h2><span lang=\"FR-CA\">Journ\u00e9es des lieux <strong>patrimoniaux<\/strong>\u00a0<\/span><\/h2>\n<p>Les Journ\u00e9es des lieux patrimoniaux offre aux sites de tous les genres et de toutes les tailles une excellente occasion de raconter leur histoire. Pour les Canadiens, c\u2019est une excellente occasion de les d\u00e9couvrir. En 2025, des centaines de milliers de personnes partout au Canada ont entendu parler de l&rsquo;\u00e9v\u00e9nement et des milliers ont v\u00e9cu l&rsquo;histoire de cette journ\u00e9e dans plus de 800 lieux historiques, y compris des sites situ\u00e9s \u00e0 proximit\u00e9 de chacun des 9 sites de patrimoine mondial de UNESCO culturelle au Canada, il y en a encore plus \u00e0 d\u00e9couvrir.<\/p>\n<p style=\"text-align: center;\"><strong>NOTEZ BIEN CETTE DATE!<\/strong><\/p>\n<p style=\"text-align: center;\">Journ\u00e9es des lieux patrimoniaux 2026<\/p>\n<p style=\"text-align: center;\"><strong>11 &#8211; 19 juillet 2026<\/strong><\/p>\n<p><strong>Pour en savoir plus, visitez <a href=\"https:\/\/historicplacesday.ca\/fr\/\" target=\"_blank\" rel=\"noopener noreferrer\">www.journeeslieuxpatrimoniaux.ca<\/a><\/strong><\/p>\n<p>Ce projet est possible, entre autres, gr\u00e2ce au soutien de Parcs Canada.<\/p>\n<p>&nbsp;<\/p>\n","protected":false},"excerpt":{"rendered":"<p>Journ\u00e9es des lieux patrimoniaux\u00a0 Les Journ\u00e9es des lieux patrimoniaux offre aux sites de tous les genres et de toutes les&#8230;<\/p>\n","protected":false},"author":4,"featured_media":10865,"parent":1311,"menu_order":0,"comment_status":"closed","ping_status":"closed","template":"","meta":{"_acf_changed":false,"footnotes":""},"class_list":["post-1996","page","type-page","status-publish","has-post-thumbnail","hentry"],"acf":[],"yoast_head":"<!-- This site is optimized with the Yoast SEO plugin v26.3 - https:\/\/yoast.com\/wordpress\/plugins\/seo\/ -->\n<title>Journ\u00e9es des lieux patrimoniaux - Fiducie nationale du Canada<\/title>\n<meta name=\"robots\" content=\"index, follow, max-snippet:-1, max-image-preview:large, max-video-preview:-1\" \/>\n<link rel=\"canonical\" href=\"https:\/\/nationaltrustcanada.ca\/fr\/des-lieux-a-visiter\/celebrer\" \/>\n<meta property=\"og:locale\" content=\"fr_FR\" \/>\n<meta property=\"og:type\" content=\"article\" \/>\n<meta property=\"og:title\" content=\"Journ\u00e9es des lieux patrimoniaux - Fiducie nationale du Canada\" \/>\n<meta property=\"og:description\" content=\"Journ\u00e9es des lieux patrimoniaux\u00a0 Les Journ\u00e9es des lieux patrimoniaux offre aux sites de tous les genres et de toutes les...\" \/>\n<meta property=\"og:url\" content=\"https:\/\/nationaltrustcanada.ca\/fr\/des-lieux-a-visiter\/celebrer\" \/>\n<meta property=\"og:site_name\" content=\"Fiducie nationale du Canada\" \/>\n<meta property=\"article:modified_time\" content=\"2026-03-16T12:41:14+00:00\" \/>\n<meta property=\"og:image\" content=\"https:\/\/nationaltrustcanada.ca\/wp-content\/uploads\/2021\/02\/Mockbeggar1.jpg\" \/>\n\t<meta property=\"og:image:width\" content=\"1506\" \/>\n\t<meta property=\"og:image:height\" content=\"1000\" \/>\n\t<meta property=\"og:image:type\" content=\"image\/jpeg\" \/>\n<meta name=\"twitter:card\" content=\"summary_large_image\" \/>\n<meta name=\"twitter:label1\" content=\"Dur\u00e9e de lecture estim\u00e9e\" \/>\n\t<meta name=\"twitter:data1\" content=\"1 minute\" \/>\n<script type=\"application\/ld+json\" class=\"yoast-schema-graph\">{\"@context\":\"https:\/\/schema.org\",\"@graph\":[{\"@type\":\"WebPage\",\"@id\":\"https:\/\/nationaltrustcanada.ca\/fr\/des-lieux-a-visiter\/celebrer\",\"url\":\"https:\/\/nationaltrustcanada.ca\/fr\/des-lieux-a-visiter\/celebrer\",\"name\":\"Journ\u00e9es des lieux patrimoniaux - Fiducie nationale du Canada\",\"isPartOf\":{\"@id\":\"https:\/\/nationaltrustcanada.ca\/#website\"},\"primaryImageOfPage\":{\"@id\":\"https:\/\/nationaltrustcanada.ca\/fr\/des-lieux-a-visiter\/celebrer#primaryimage\"},\"image\":{\"@id\":\"https:\/\/nationaltrustcanada.ca\/fr\/des-lieux-a-visiter\/celebrer#primaryimage\"},\"thumbnailUrl\":\"https:\/\/nationaltrustcanada.ca\/wp-content\/uploads\/2021\/02\/Mockbeggar1.jpg\",\"datePublished\":\"2016-09-26T20:39:36+00:00\",\"dateModified\":\"2026-03-16T12:41:14+00:00\",\"breadcrumb\":{\"@id\":\"https:\/\/nationaltrustcanada.ca\/fr\/des-lieux-a-visiter\/celebrer#breadcrumb\"},\"inLanguage\":\"fr-FR\",\"potentialAction\":[{\"@type\":\"ReadAction\",\"target\":[\"https:\/\/nationaltrustcanada.ca\/fr\/des-lieux-a-visiter\/celebrer\"]}]},{\"@type\":\"ImageObject\",\"inLanguage\":\"fr-FR\",\"@id\":\"https:\/\/nationaltrustcanada.ca\/fr\/des-lieux-a-visiter\/celebrer#primaryimage\",\"url\":\"https:\/\/nationaltrustcanada.ca\/wp-content\/uploads\/2021\/02\/Mockbeggar1.jpg\",\"contentUrl\":\"https:\/\/nationaltrustcanada.ca\/wp-content\/uploads\/2021\/02\/Mockbeggar1.jpg\",\"width\":1506,\"height\":1000},{\"@type\":\"BreadcrumbList\",\"@id\":\"https:\/\/nationaltrustcanada.ca\/fr\/des-lieux-a-visiter\/celebrer#breadcrumb\",\"itemListElement\":[{\"@type\":\"ListItem\",\"position\":1,\"name\":\"Home\",\"item\":\"https:\/\/nationaltrustcanada.ca\/fr\"},{\"@type\":\"ListItem\",\"position\":2,\"name\":\"Des lieux \u00e0 visiter\",\"item\":\"https:\/\/nationaltrustcanada.ca\/fr\/des-lieux-a-visiter\"},{\"@type\":\"ListItem\",\"position\":3,\"name\":\"Journ\u00e9es des lieux patrimoniaux\"}]},{\"@type\":\"WebSite\",\"@id\":\"https:\/\/nationaltrustcanada.ca\/#website\",\"url\":\"https:\/\/nationaltrustcanada.ca\/\",\"name\":\"Fiducie nationale du Canada\",\"description\":\"Bringing Heritage to Life\",\"potentialAction\":[{\"@type\":\"SearchAction\",\"target\":{\"@type\":\"EntryPoint\",\"urlTemplate\":\"https:\/\/nationaltrustcanada.ca\/?s={search_term_string}\"},\"query-input\":{\"@type\":\"PropertyValueSpecification\",\"valueRequired\":true,\"valueName\":\"search_term_string\"}}],\"inLanguage\":\"fr-FR\"}]}<\/script>\n<!-- \/ Yoast SEO plugin. -->","yoast_head_json":{"title":"Journ\u00e9es des lieux patrimoniaux - Fiducie nationale du Canada","robots":{"index":"index","follow":"follow","max-snippet":"max-snippet:-1","max-image-preview":"max-image-preview:large","max-video-preview":"max-video-preview:-1"},"canonical":"https:\/\/nationaltrustcanada.ca\/fr\/des-lieux-a-visiter\/celebrer","og_locale":"fr_FR","og_type":"article","og_title":"Journ\u00e9es des lieux patrimoniaux - Fiducie nationale du Canada","og_description":"Journ\u00e9es des lieux patrimoniaux\u00a0 Les Journ\u00e9es des lieux patrimoniaux offre aux sites de tous les genres et de toutes les...","og_url":"https:\/\/nationaltrustcanada.ca\/fr\/des-lieux-a-visiter\/celebrer","og_site_name":"Fiducie nationale du Canada","article_modified_time":"2026-03-16T12:41:14+00:00","og_image":[{"width":1506,"height":1000,"url":"https:\/\/nationaltrustcanada.ca\/wp-content\/uploads\/2021\/02\/Mockbeggar1.jpg","type":"image\/jpeg"}],"twitter_card":"summary_large_image","twitter_misc":{"Dur\u00e9e de lecture estim\u00e9e":"1 minute"},"schema":{"@context":"https:\/\/schema.org","@graph":[{"@type":"WebPage","@id":"https:\/\/nationaltrustcanada.ca\/fr\/des-lieux-a-visiter\/celebrer","url":"https:\/\/nationaltrustcanada.ca\/fr\/des-lieux-a-visiter\/celebrer","name":"Journ\u00e9es des lieux patrimoniaux - Fiducie nationale du Canada","isPartOf":{"@id":"https:\/\/nationaltrustcanada.ca\/#website"},"primaryImageOfPage":{"@id":"https:\/\/nationaltrustcanada.ca\/fr\/des-lieux-a-visiter\/celebrer#primaryimage"},"image":{"@id":"https:\/\/nationaltrustcanada.ca\/fr\/des-lieux-a-visiter\/celebrer#primaryimage"},"thumbnailUrl":"https:\/\/nationaltrustcanada.ca\/wp-content\/uploads\/2021\/02\/Mockbeggar1.jpg","datePublished":"2016-09-26T20:39:36+00:00","dateModified":"2026-03-16T12:41:14+00:00","breadcrumb":{"@id":"https:\/\/nationaltrustcanada.ca\/fr\/des-lieux-a-visiter\/celebrer#breadcrumb"},"inLanguage":"fr-FR","potentialAction":[{"@type":"ReadAction","target":["https:\/\/nationaltrustcanada.ca\/fr\/des-lieux-a-visiter\/celebrer"]}]},{"@type":"ImageObject","inLanguage":"fr-FR","@id":"https:\/\/nationaltrustcanada.ca\/fr\/des-lieux-a-visiter\/celebrer#primaryimage","url":"https:\/\/nationaltrustcanada.ca\/wp-content\/uploads\/2021\/02\/Mockbeggar1.jpg","contentUrl":"https:\/\/nationaltrustcanada.ca\/wp-content\/uploads\/2021\/02\/Mockbeggar1.jpg","width":1506,"height":1000},{"@type":"BreadcrumbList","@id":"https:\/\/nationaltrustcanada.ca\/fr\/des-lieux-a-visiter\/celebrer#breadcrumb","itemListElement":[{"@type":"ListItem","position":1,"name":"Home","item":"https:\/\/nationaltrustcanada.ca\/fr"},{"@type":"ListItem","position":2,"name":"Des lieux \u00e0 visiter","item":"https:\/\/nationaltrustcanada.ca\/fr\/des-lieux-a-visiter"},{"@type":"ListItem","position":3,"name":"Journ\u00e9es des lieux patrimoniaux"}]},{"@type":"WebSite","@id":"https:\/\/nationaltrustcanada.ca\/#website","url":"https:\/\/nationaltrustcanada.ca\/","name":"Fiducie nationale du Canada","description":"Bringing Heritage to Life","potentialAction":[{"@type":"SearchAction","target":{"@type":"EntryPoint","urlTemplate":"https:\/\/nationaltrustcanada.ca\/?s={search_term_string}"},"query-input":{"@type":"PropertyValueSpecification","valueRequired":true,"valueName":"search_term_string"}}],"inLanguage":"fr-FR"}]}},"_links":{"self":[{"href":"https:\/\/nationaltrustcanada.ca\/fr\/wp-json\/wp\/v2\/pages\/1996","targetHints":{"allow":["GET"]}}],"collection":[{"href":"https:\/\/nationaltrustcanada.ca\/fr\/wp-json\/wp\/v2\/pages"}],"about":[{"href":"https:\/\/nationaltrustcanada.ca\/fr\/wp-json\/wp\/v2\/types\/page"}],"author":[{"embeddable":true,"href":"https:\/\/nationaltrustcanada.ca\/fr\/wp-json\/wp\/v2\/users\/4"}],"replies":[{"embeddable":true,"href":"https:\/\/nationaltrustcanada.ca\/fr\/wp-json\/wp\/v2\/comments?post=1996"}],"version-history":[{"count":58,"href":"https:\/\/nationaltrustcanada.ca\/fr\/wp-json\/wp\/v2\/pages\/1996\/revisions"}],"predecessor-version":[{"id":23280,"href":"https:\/\/nationaltrustcanada.ca\/fr\/wp-json\/wp\/v2\/pages\/1996\/revisions\/23280"}],"up":[{"embeddable":true,"href":"https:\/\/nationaltrustcanada.ca\/fr\/wp-json\/wp\/v2\/pages\/1311"}],"wp:featuredmedia":[{"embeddable":true,"href":"https:\/\/nationaltrustcanada.ca\/fr\/wp-json\/wp\/v2\/media\/10865"}],"wp:attachment":[{"href":"https:\/\/nationaltrustcanada.ca\/fr\/wp-json\/wp\/v2\/media?parent=1996"}],"curies":[{"name":"wp","href":"https:\/\/api.w.org\/{rel}","templated":true}]}}