{"id":1901,"date":"2017-09-25T14:02:27","date_gmt":"2017-09-25T14:02:27","guid":{"rendered":"http:\/\/nationaltrustcanada.ca?page_id=1901"},"modified":"2017-09-25T14:07:10","modified_gmt":"2017-09-25T14:07:10","slug":"la-trousse-doutils-daction-citoyenne","status":"publish","type":"page","link":"https:\/\/nationaltrustcanada.ca\/fr\/ce-que-vous-pouvez-faire\/advocacy-action\/la-trousse-doutils-daction-citoyenne","title":{"rendered":"La trousse d\u2019outils d\u2019action citoyenne"},"content":{"rendered":"<h3><strong>Faire valoir la cause des lieux historiques <\/strong><\/h3>\n<p>Que votre campagne soit locale ou nationale, notre trousse d\u2019outils vous arme de pr\u00e9cieux faits et \u00e9tudes de cas.<\/p>\n<div class=\"policybox\">\n<p><img loading=\"lazy\" decoding=\"async\" id=\"economic\" class=\"alignnone size-full wp-image-1023\" src=\"http:\/\/nationaltrustcanada.ca\/wp-content\/uploads\/2017\/06\/Artboard-1.png\" alt=\"\" width=\"217\" height=\"217\" srcset=\"https:\/\/nationaltrustcanada.ca\/wp-content\/uploads\/2017\/06\/Artboard-1.png 217w, https:\/\/nationaltrustcanada.ca\/wp-content\/uploads\/2017\/06\/Artboard-1-150x150.png 150w\" sizes=\"auto, (max-width: 217px) 100vw, 217px\" \/><\/p>\n<h2>L\u2019argument \u00e9conomique en faveur de l\u2019investissement dans les lieux historiques<\/h2>\n<p>Des donn\u00e9es probantes d\u00e9montrent que l\u2019investissement dans le patrimoine favorise la croissance \u00e9conomique et la cr\u00e9ation d\u2019emplois.<\/p>\n<p>La r\u00e9habilitation cr\u00e9e au-del\u00e0 de 21\u00a0% d\u2019emplois de plus \u2013 y compris des emplois sp\u00e9cialis\u00e9s \u2013 qu\u2019un investissement \u00e9quivalent dans la nouvelle construction. En outre, la r\u00e9habilitation du patrimoine entra\u00eene moins de \u00ab\u00a0fuites\u00a0\u00bb de l\u2019\u00e9conomie canadienne en faveur de biens \u00e9trangers.<\/p>\n<p><a href=\"https:\/\/archive.fiducienationalecanada.ca\/participer\/nouvelles-de-la-fhc\/exprimez-votre-appui-incitatifs-f%C3%A9d%C3%A9raux-pour-la-r%C3%A9habilitation-des-l\" target=\"_blank\" rel=\"noopener\">EN SAVOIR PLUS<\/a><\/p>\n<\/div>\n<p>&nbsp;<\/p>\n<div class=\"policybox\">\n<p><img loading=\"lazy\" decoding=\"async\" id=\"climate\" class=\"alignnone size-medium wp-image-1416\" src=\"http:\/\/nationaltrustcanada.ca\/wp-content\/uploads\/2017\/09\/Sustainability_300-227x300.png\" alt=\"\" width=\"227\" height=\"300\" srcset=\"https:\/\/nationaltrustcanada.ca\/wp-content\/uploads\/2017\/09\/Sustainability_300-227x300.png 227w, https:\/\/nationaltrustcanada.ca\/wp-content\/uploads\/2017\/09\/Sustainability_300.png 300w\" sizes=\"auto, (max-width: 227px) 100vw, 227px\" \/><\/p>\n<h2>Lieux historiques et changement climatique<\/h2>\n<p>Le renouveau d\u2019un immeuble en vue de le r\u00e9utiliser tire parti de mat\u00e9riaux et d\u2019\u00e9nergie qui ont d\u00e9j\u00e0 \u00e9t\u00e9 investis, r\u00e9duit les d\u00e9chets de construction et de d\u00e9molition, et \u00e9vite l\u2019impact environnemental associ\u00e9 \u00e0 la nouvelle construction.<\/p>\n<p>Une \u00e9tude r\u00e9cente d\u00e9montre qu\u2019il faut de 10 \u00e0 80\u00a0ans pour qu\u2019un nouvel immeuble \u00ab\u00a0vert\u00a0\u00bb compense les r\u00e9percussions n\u00e9gatives de sa construction sur le plan des changements climatiques.<\/p>\n<p><a href=\"https:\/\/archive.fiducienationalecanada.ca\/dossiers-et-campagnes\/durabilit%C3%A9\" target=\"_blank\" rel=\"noopener\">EN SAVOIR PLUS<\/a><\/p>\n<\/div>\n<p>&nbsp;<\/p>\n<div class=\"policybox\">\n<p><img loading=\"lazy\" decoding=\"async\" id=\"case_studies\" class=\"alignnone size-full wp-image-1419\" src=\"http:\/\/nationaltrustcanada.ca\/wp-content\/uploads\/2017\/09\/Case-Studies.png\" alt=\"\" width=\"217\" height=\"217\" srcset=\"https:\/\/nationaltrustcanada.ca\/wp-content\/uploads\/2017\/09\/Case-Studies.png 217w, https:\/\/nationaltrustcanada.ca\/wp-content\/uploads\/2017\/09\/Case-Studies-150x150.png 150w\" sizes=\"auto, (max-width: 217px) 100vw, 217px\" \/><\/p>\n<h2>\u00c9tudes de cas<\/h2>\n<p>D\u00e9couvrez les r\u00e9cits de personnes, de lieux et de communaut\u00e9s et profitez de l\u2019exp\u00e9rience acquise en sauvant des lieux qui importent, en stimulant l\u2019activit\u00e9 \u00e9conomie et en pr\u00e9servant au lieu de remblayer.<\/p>\n<p><a href=\"http:\/\/regenerationworks.ca\/fr\/ressources\/\" target=\"_blank\" rel=\"noopener\">EN SAVOIR PLUS<\/a><\/p>\n<\/div>\n","protected":false},"excerpt":{"rendered":"<p>Faire valoir la cause des lieux historiques Que votre campagne soit locale ou nationale, notre trousse d\u2019outils vous arme de&#8230;<\/p>\n","protected":false},"author":4,"featured_media":0,"parent":1437,"menu_order":0,"comment_status":"closed","ping_status":"closed","template":"","meta":{"_acf_changed":false,"footnotes":""},"class_list":["post-1901","page","type-page","status-publish","hentry"],"acf":[],"yoast_head":"<!-- This site is optimized with the Yoast SEO plugin v26.3 - https:\/\/yoast.com\/wordpress\/plugins\/seo\/ -->\n<title>La trousse d\u2019outils d\u2019action citoyenne - Fiducie nationale du Canada<\/title>\n<meta name=\"robots\" content=\"index, follow, max-snippet:-1, max-image-preview:large, max-video-preview:-1\" \/>\n<link rel=\"canonical\" href=\"https:\/\/nationaltrustcanada.ca\/fr\/ce-que-vous-pouvez-faire\/advocacy-action\/la-trousse-doutils-daction-citoyenne\" \/>\n<meta property=\"og:locale\" content=\"fr_FR\" \/>\n<meta property=\"og:type\" content=\"article\" \/>\n<meta property=\"og:title\" content=\"La trousse d\u2019outils d\u2019action citoyenne - Fiducie nationale du Canada\" \/>\n<meta property=\"og:description\" content=\"Faire valoir la cause des lieux historiques Que votre campagne soit locale ou nationale, notre trousse d\u2019outils vous arme de...\" \/>\n<meta property=\"og:url\" content=\"https:\/\/nationaltrustcanada.ca\/fr\/ce-que-vous-pouvez-faire\/advocacy-action\/la-trousse-doutils-daction-citoyenne\" \/>\n<meta property=\"og:site_name\" content=\"Fiducie nationale du Canada\" \/>\n<meta property=\"article:modified_time\" content=\"2017-09-25T14:07:10+00:00\" \/>\n<meta property=\"og:image\" content=\"http:\/\/nationaltrustcanada.ca\/wp-content\/uploads\/2017\/06\/Artboard-1.png\" \/>\n<meta name=\"twitter:card\" content=\"summary_large_image\" \/>\n<meta name=\"twitter:label1\" content=\"Dur\u00e9e de lecture estim\u00e9e\" \/>\n\t<meta name=\"twitter:data1\" content=\"1 minute\" \/>\n<script type=\"application\/ld+json\" class=\"yoast-schema-graph\">{\"@context\":\"https:\/\/schema.org\",\"@graph\":[{\"@type\":\"WebPage\",\"@id\":\"https:\/\/nationaltrustcanada.ca\/fr\/ce-que-vous-pouvez-faire\/advocacy-action\/la-trousse-doutils-daction-citoyenne\",\"url\":\"https:\/\/nationaltrustcanada.ca\/fr\/ce-que-vous-pouvez-faire\/advocacy-action\/la-trousse-doutils-daction-citoyenne\",\"name\":\"La trousse d\u2019outils d\u2019action citoyenne - Fiducie nationale du Canada\",\"isPartOf\":{\"@id\":\"https:\/\/nationaltrustcanada.ca\/#website\"},\"primaryImageOfPage\":{\"@id\":\"https:\/\/nationaltrustcanada.ca\/fr\/ce-que-vous-pouvez-faire\/advocacy-action\/la-trousse-doutils-daction-citoyenne#primaryimage\"},\"image\":{\"@id\":\"https:\/\/nationaltrustcanada.ca\/fr\/ce-que-vous-pouvez-faire\/advocacy-action\/la-trousse-doutils-daction-citoyenne#primaryimage\"},\"thumbnailUrl\":\"http:\/\/nationaltrustcanada.ca\/wp-content\/uploads\/2017\/06\/Artboard-1.png\",\"datePublished\":\"2017-09-25T14:02:27+00:00\",\"dateModified\":\"2017-09-25T14:07:10+00:00\",\"breadcrumb\":{\"@id\":\"https:\/\/nationaltrustcanada.ca\/fr\/ce-que-vous-pouvez-faire\/advocacy-action\/la-trousse-doutils-daction-citoyenne#breadcrumb\"},\"inLanguage\":\"fr-FR\",\"potentialAction\":[{\"@type\":\"ReadAction\",\"target\":[\"https:\/\/nationaltrustcanada.ca\/fr\/ce-que-vous-pouvez-faire\/advocacy-action\/la-trousse-doutils-daction-citoyenne\"]}]},{\"@type\":\"ImageObject\",\"inLanguage\":\"fr-FR\",\"@id\":\"https:\/\/nationaltrustcanada.ca\/fr\/ce-que-vous-pouvez-faire\/advocacy-action\/la-trousse-doutils-daction-citoyenne#primaryimage\",\"url\":\"http:\/\/nationaltrustcanada.ca\/wp-content\/uploads\/2017\/06\/Artboard-1.png\",\"contentUrl\":\"http:\/\/nationaltrustcanada.ca\/wp-content\/uploads\/2017\/06\/Artboard-1.png\"},{\"@type\":\"BreadcrumbList\",\"@id\":\"https:\/\/nationaltrustcanada.ca\/fr\/ce-que-vous-pouvez-faire\/advocacy-action\/la-trousse-doutils-daction-citoyenne#breadcrumb\",\"itemListElement\":[{\"@type\":\"ListItem\",\"position\":1,\"name\":\"Home\",\"item\":\"https:\/\/nationaltrustcanada.ca\/fr\"},{\"@type\":\"ListItem\",\"position\":2,\"name\":\"Ce que vous pouvez faire\",\"item\":\"https:\/\/nationaltrustcanada.ca\/fr\/ce-que-vous-pouvez-faire\"},{\"@type\":\"ListItem\",\"position\":3,\"name\":\"Action citoyenne\",\"item\":\"https:\/\/nationaltrustcanada.ca\/fr\/ce-que-vous-pouvez-faire\/advocacy-action\"},{\"@type\":\"ListItem\",\"position\":4,\"name\":\"La trousse d\u2019outils d\u2019action citoyenne\"}]},{\"@type\":\"WebSite\",\"@id\":\"https:\/\/nationaltrustcanada.ca\/#website\",\"url\":\"https:\/\/nationaltrustcanada.ca\/\",\"name\":\"Fiducie nationale du Canada\",\"description\":\"Bringing Heritage to Life\",\"potentialAction\":[{\"@type\":\"SearchAction\",\"target\":{\"@type\":\"EntryPoint\",\"urlTemplate\":\"https:\/\/nationaltrustcanada.ca\/?s={search_term_string}\"},\"query-input\":{\"@type\":\"PropertyValueSpecification\",\"valueRequired\":true,\"valueName\":\"search_term_string\"}}],\"inLanguage\":\"fr-FR\"}]}<\/script>\n<!-- \/ Yoast SEO plugin. -->","yoast_head_json":{"title":"La trousse d\u2019outils d\u2019action citoyenne - Fiducie nationale du Canada","robots":{"index":"index","follow":"follow","max-snippet":"max-snippet:-1","max-image-preview":"max-image-preview:large","max-video-preview":"max-video-preview:-1"},"canonical":"https:\/\/nationaltrustcanada.ca\/fr\/ce-que-vous-pouvez-faire\/advocacy-action\/la-trousse-doutils-daction-citoyenne","og_locale":"fr_FR","og_type":"article","og_title":"La trousse d\u2019outils d\u2019action citoyenne - Fiducie nationale du Canada","og_description":"Faire valoir la cause des lieux historiques Que votre campagne soit locale ou nationale, notre trousse d\u2019outils vous arme de...","og_url":"https:\/\/nationaltrustcanada.ca\/fr\/ce-que-vous-pouvez-faire\/advocacy-action\/la-trousse-doutils-daction-citoyenne","og_site_name":"Fiducie nationale du Canada","article_modified_time":"2017-09-25T14:07:10+00:00","og_image":[{"url":"http:\/\/nationaltrustcanada.ca\/wp-content\/uploads\/2017\/06\/Artboard-1.png","type":"","width":"","height":""}],"twitter_card":"summary_large_image","twitter_misc":{"Dur\u00e9e de lecture estim\u00e9e":"1 minute"},"schema":{"@context":"https:\/\/schema.org","@graph":[{"@type":"WebPage","@id":"https:\/\/nationaltrustcanada.ca\/fr\/ce-que-vous-pouvez-faire\/advocacy-action\/la-trousse-doutils-daction-citoyenne","url":"https:\/\/nationaltrustcanada.ca\/fr\/ce-que-vous-pouvez-faire\/advocacy-action\/la-trousse-doutils-daction-citoyenne","name":"La trousse d\u2019outils d\u2019action citoyenne - Fiducie nationale du Canada","isPartOf":{"@id":"https:\/\/nationaltrustcanada.ca\/#website"},"primaryImageOfPage":{"@id":"https:\/\/nationaltrustcanada.ca\/fr\/ce-que-vous-pouvez-faire\/advocacy-action\/la-trousse-doutils-daction-citoyenne#primaryimage"},"image":{"@id":"https:\/\/nationaltrustcanada.ca\/fr\/ce-que-vous-pouvez-faire\/advocacy-action\/la-trousse-doutils-daction-citoyenne#primaryimage"},"thumbnailUrl":"http:\/\/nationaltrustcanada.ca\/wp-content\/uploads\/2017\/06\/Artboard-1.png","datePublished":"2017-09-25T14:02:27+00:00","dateModified":"2017-09-25T14:07:10+00:00","breadcrumb":{"@id":"https:\/\/nationaltrustcanada.ca\/fr\/ce-que-vous-pouvez-faire\/advocacy-action\/la-trousse-doutils-daction-citoyenne#breadcrumb"},"inLanguage":"fr-FR","potentialAction":[{"@type":"ReadAction","target":["https:\/\/nationaltrustcanada.ca\/fr\/ce-que-vous-pouvez-faire\/advocacy-action\/la-trousse-doutils-daction-citoyenne"]}]},{"@type":"ImageObject","inLanguage":"fr-FR","@id":"https:\/\/nationaltrustcanada.ca\/fr\/ce-que-vous-pouvez-faire\/advocacy-action\/la-trousse-doutils-daction-citoyenne#primaryimage","url":"http:\/\/nationaltrustcanada.ca\/wp-content\/uploads\/2017\/06\/Artboard-1.png","contentUrl":"http:\/\/nationaltrustcanada.ca\/wp-content\/uploads\/2017\/06\/Artboard-1.png"},{"@type":"BreadcrumbList","@id":"https:\/\/nationaltrustcanada.ca\/fr\/ce-que-vous-pouvez-faire\/advocacy-action\/la-trousse-doutils-daction-citoyenne#breadcrumb","itemListElement":[{"@type":"ListItem","position":1,"name":"Home","item":"https:\/\/nationaltrustcanada.ca\/fr"},{"@type":"ListItem","position":2,"name":"Ce que vous pouvez faire","item":"https:\/\/nationaltrustcanada.ca\/fr\/ce-que-vous-pouvez-faire"},{"@type":"ListItem","position":3,"name":"Action citoyenne","item":"https:\/\/nationaltrustcanada.ca\/fr\/ce-que-vous-pouvez-faire\/advocacy-action"},{"@type":"ListItem","position":4,"name":"La trousse d\u2019outils d\u2019action citoyenne"}]},{"@type":"WebSite","@id":"https:\/\/nationaltrustcanada.ca\/#website","url":"https:\/\/nationaltrustcanada.ca\/","name":"Fiducie nationale du Canada","description":"Bringing Heritage to Life","potentialAction":[{"@type":"SearchAction","target":{"@type":"EntryPoint","urlTemplate":"https:\/\/nationaltrustcanada.ca\/?s={search_term_string}"},"query-input":{"@type":"PropertyValueSpecification","valueRequired":true,"valueName":"search_term_string"}}],"inLanguage":"fr-FR"}]}},"_links":{"self":[{"href":"https:\/\/nationaltrustcanada.ca\/fr\/wp-json\/wp\/v2\/pages\/1901","targetHints":{"allow":["GET"]}}],"collection":[{"href":"https:\/\/nationaltrustcanada.ca\/fr\/wp-json\/wp\/v2\/pages"}],"about":[{"href":"https:\/\/nationaltrustcanada.ca\/fr\/wp-json\/wp\/v2\/types\/page"}],"author":[{"embeddable":true,"href":"https:\/\/nationaltrustcanada.ca\/fr\/wp-json\/wp\/v2\/users\/4"}],"replies":[{"embeddable":true,"href":"https:\/\/nationaltrustcanada.ca\/fr\/wp-json\/wp\/v2\/comments?post=1901"}],"version-history":[{"count":5,"href":"https:\/\/nationaltrustcanada.ca\/fr\/wp-json\/wp\/v2\/pages\/1901\/revisions"}],"predecessor-version":[{"id":1906,"href":"https:\/\/nationaltrustcanada.ca\/fr\/wp-json\/wp\/v2\/pages\/1901\/revisions\/1906"}],"up":[{"embeddable":true,"href":"https:\/\/nationaltrustcanada.ca\/fr\/wp-json\/wp\/v2\/pages\/1437"}],"wp:attachment":[{"href":"https:\/\/nationaltrustcanada.ca\/fr\/wp-json\/wp\/v2\/media?parent=1901"}],"curies":[{"name":"wp","href":"https:\/\/api.w.org\/{rel}","templated":true}]}}