{"id":1872,"date":"2017-09-25T12:46:55","date_gmt":"2017-09-25T12:46:55","guid":{"rendered":"http:\/\/nationaltrustcanada.ca?page_id=1872"},"modified":"2023-11-14T09:28:58","modified_gmt":"2023-11-14T14:28:58","slug":"jeunesse-canada-au-travail","status":"publish","type":"page","link":"https:\/\/nationaltrustcanada.ca\/fr\/jeunesse-canada-au-travail","title":{"rendered":"Jeunesse Canada au travail"},"content":{"rendered":"<h2>LA P\u00c9RIODE DE DEMANDE DE JEUNESSE CANADA AU TRAVAIL OUVRE LE 16 NOVEMBRE 2023!<\/h2>\n<p>Jeunesse Canada au Travail (JCT) cr\u00e9e des emplois int\u00e9ressants pour les jeunes dans les secteurs du patrimoine b\u00e2ti, en aidant les employeurs qui offrent des emplois d&rsquo;\u00e9t\u00e9 aux \u00e9tudiants et des stages dans des domaines tels que la recherche historique, l&rsquo;interpr\u00e9tation des sites patrimoniaux, les \u00e9v\u00e9nements Portes ouvertes et bien plus encore.<\/p>\n<p>JCT est une collaboration entre la Fiducie nationale du Canada et le minist\u00e8re du Patrimoine canadien. JCT aide \u00e9galement les employeurs \u00e0 cr\u00e9er et \u00e0 financer des emplois et \u00e0 les mettre en contact avec un bassin d&rsquo;\u00e9tudiants \u00e9ligibles de partout au pays qui recherchent du travail.<\/p>\n<p><span style=\"color: #808080;\">La Fiducie nationale du Canada (FN) est fi\u00e8re d\u2019offrir le programme Jeunesse Canada au travail (JCT) qui fournit des emplois d\u2019\u00e9t\u00e9 et des stages, dans le cadre d\u2019une initiative conjointe avec le minist\u00e8re du Patrimoine canadien. Deux volets sont propos\u00e9s sous l\u2019\u00e9gide de la FN\u00a0: JCT dans les \u00e9tablissements du patrimoine (JCT-EP); et JCT pour une carri\u00e8re vou\u00e9e au patrimoine (JCT-CVP).<\/span><\/p>\n<p><span style=\"color: #808080;\">Vous cherchez des conseils pour am\u00e9liorer votre demande? Contacter notre agent JCT, Colin Mackenzie par t\u00e9l\u00e9phone au 613-237-1066 (1-866-237-1066) poste 223 ou par <a href=\"mailto:cmackenzie@fiducienationalecanada.ca\">courriel.<\/a><\/span><\/p>\n<p>&nbsp;<\/p>\n<p><a href=\"https:\/\/www.canada.ca\/home.html\" target=\"_blank\" rel=\"noopener\"><img loading=\"lazy\" decoding=\"async\" class=\"alignnone  wp-image-868\" src=\"\/wp-content\/uploads\/2017\/08\/YCW_ProjectCanada-300x55.jpg\" alt=\"\" width=\"371\" height=\"68\" srcset=\"https:\/\/nationaltrustcanada.ca\/wp-content\/uploads\/2017\/08\/YCW_ProjectCanada-300x55.jpg 300w, https:\/\/nationaltrustcanada.ca\/wp-content\/uploads\/2017\/08\/YCW_ProjectCanada.jpg 450w\" sizes=\"auto, (max-width: 371px) 100vw, 371px\" \/><\/a><\/p>\n<p>&nbsp;<\/p>\n<h3>Le programme JCT vous int\u00e9resse? Voici ce que vous devez savoir :<\/h3>\n<table width=\"100%\">\n<tbody>\n<tr>\n<td width=\"20%\"><strong>Programme<\/strong><\/td>\n<td width=\"40%\"><strong>JCT dans les \u00e9tablissements du patrimoine (JCT-EP)<\/strong><\/td>\n<td width=\"40%\"><strong>JCT pour une carri\u00e8re vou\u00e9e au patrimoine (JCT-CVP)<\/strong><\/td>\n<\/tr>\n<tr>\n<td><strong>Combien d\u2019emplois sont-ils cr\u00e9\u00e9s?<\/strong><\/td>\n<td><strong>150 <\/strong>emplois en moyenne<\/td>\n<td><strong>30<\/strong> emplois en moyenne<\/td>\n<\/tr>\n<tr>\n<td><strong>Quelles sont les organisations qui peuvent pr\u00e9senter une demande? <\/strong><\/td>\n<td>La priorit\u00e9 de la FN est de financer des organisations du secteur du patrimoine b\u00e2ti, du secteur des lieux historiques et de secteurs connexes, au Canada.<\/p>\n<p>Veuillez consulter les <a href=\"http:\/\/canada.pch.gc.ca\/fra\/1459525918316\/1467644461824\" target=\"_blank\" rel=\"noopener\">crit\u00e8res d\u2019admissibilit\u00e9 de JCT\u2011EP<\/a>, dans le site Web de JCT.<\/td>\n<td>La priorit\u00e9 de la FN est de financer des organisations du secteur du patrimoine b\u00e2ti, du secteur des lieux historiques et de secteurs connexes, au Canada.<\/p>\n<p>Veuillez consulter les <a href=\"http:\/\/canada.pch.gc.ca\/fra\/1459873676514\/1467642250905\" target=\"_blank\" rel=\"noopener\">crit\u00e8res d\u2019admissibilit\u00e9 de JCT\u2011CVP<\/a>, dans le site Web de JCT.<\/td>\n<\/tr>\n<tr>\n<td><strong>Qui sont les jeunes participants?<\/strong><\/td>\n<td>Les emplois d\u2019\u00e9t\u00e9 sont destin\u00e9s \u00e0 des <strong>\u00e9tudiants \u00e0 temps plein<\/strong> (16-30 ans) qui ont l\u2019intention de retourner aux \u00e9tudes \u00e0 temps plein au semestre suivant.<\/p>\n<p>Voir les crit\u00e8res d\u2019admissibilit\u00e9 pour les participants \u00e0 JCT <a href=\"http:\/\/canada.pch.gc.ca\/fra\/1459433313024\/1467322744524\" target=\"_blank\" rel=\"noopener\">ici<\/a>.<\/td>\n<td>Les stages sont destin\u00e9s \u00e0 des <strong>dipl\u00f4m\u00e9s d\u2019\u00e9tudes postsecondaires<\/strong> (16-30 ans).<\/p>\n<p>Voir les crit\u00e8res d\u2019admissibilit\u00e9 pour les participants \u00e0 JCT <a href=\"http:\/\/canada.pch.gc.ca\/fra\/1459869949087\/1467322983084\" target=\"_blank\" rel=\"noopener\">ici<\/a>.<\/td>\n<\/tr>\n<tr>\n<td><strong>Dur\u00e9e des emplois ou stages<\/strong><\/td>\n<td>\n<ul>\n<li><strong>6 \u00e0 16 semaines<\/strong> (temps plein)<\/li>\n<li>Temps partiel (peut durer plus de 16 semaines mais le stage doit \u00eatre pr\u00e9vu enti\u00e8rement au cours de l\u2019exercice)<\/li>\n<li><strong>L&#8217;emploi doit \u00eatre pr\u00e9vu enti\u00e8rement au cours de l\u2019exercice du gouvernement du Canada (entre le 1er avril et le 31 mars).<\/strong><\/li>\n<\/ul>\n<\/td>\n<td>\n<ul>\n<li><strong>4 \u00e0 12 mois<\/strong><\/li>\n<li><strong>Le stage doit \u00eatre pr\u00e9vu enti\u00e8rement au cours de l\u2019exercice du gouvernement du Canada (entre le 1<sup>er<\/sup>\u00a0avril et le 31\u00a0mars).<\/strong><\/li>\n<\/ul>\n<\/td>\n<\/tr>\n<tr>\n<td><strong>\u00c0 quel montant est-ce que le financement peut s\u2019\u00e9lever?<\/strong><\/td>\n<td>\n<ul>\n<li>JCT contribue g\u00e9n\u00e9ralement \u00e0 environ 50 % du total des co\u00fbts d&#8217;emploi admissibles (salaires, avantages sociaux et autres d\u00e9penses admissibles) et peut, si cela est justifi\u00e9, contribuer jusqu&rsquo;\u00e0 75 % des co\u00fbts d&#8217;emploi admissibles.<\/li>\n<li><strong>10 000 $ par emploi au maximum <\/strong><\/li>\n<\/ul>\n<\/td>\n<td>\n<ul>\n<li>JCT verse habituellement 50 % des co\u00fbts li\u00e9s \u00e0 l\u2019emploi (salaire, avantages et autres d\u00e9penses admissibles) et peut, s\u2019il y a lieu, verser jusqu\u2019\u00e0 75 % des co\u00fbts li\u00e9s \u00e0 l\u2019emploi.<\/li>\n<li><strong>15 000 $ par emploi au maximum<\/strong><\/li>\n<\/ul>\n<\/td>\n<\/tr>\n<tr>\n<td><strong>Est-ce que des projets \u00e0 l\u2019\u00e9tranger sont admissibles?<\/strong><\/td>\n<td><strong>Non. <\/strong>Dans tous les cas, le lieu de travail doit \u00eatre au sein d\u2019organisations du patrimoine au Canada.<\/td>\n<td><strong>Non. <\/strong>Dans tous les cas, le lieu de travail doit \u00eatre au sein d\u2019organisations du patrimoine au Canada.<\/td>\n<\/tr>\n<tr>\n<td><strong>Quels sont les genres d\u2019emplois qui peuvent \u00eatre financ\u00e9s?<\/strong><\/td>\n<td colspan=\"2\">La Fiducie nationale du Canada peut soutenir tout emploi se rapportant au patrimoine b\u00e2ti, par exemple dans les domaines suivants\u00a0:<\/p>\n<ul>\n<li>planification du patrimoine b\u00e2ti;<\/li>\n<li>restauration du patrimoine;<\/li>\n<li>interpr\u00e9tation historique;<\/li>\n<li>tourisme patrimonial;<\/li>\n<li>projets Portes ouvertes;<\/li>\n<li>Rues principales Canada;<\/li>\n<li>administration et marketing de lieux historiques.<\/li>\n<\/ul>\n<p>\u00c0 noter, le programme JCT de la Fiducie nationale ne finance pas des emplois li\u00e9s \u00e0 l\u2019entretien g\u00e9n\u00e9ral, \u00e0 l\u2019intendance ou \u00e0 l\u2019entretien de terrain.<\/td>\n<\/tr>\n<tr>\n<td><strong>Comment est-ce qu\u2019on pr\u00e9sente une demande? <\/strong><\/td>\n<td colspan=\"2\">Soumettez une demande en ligne \u00e0 <a href=\"https:\/\/jeunesse-canada-travail.canada.ca\/Account\/Login\" target=\"_blank\" rel=\"noopener\">jeunesse-canada-travail.canada.ca<\/a>, avant la date limite.<\/p>\n<p>La Fiducie nationale recommande vivement aux employeurs de pr\u00e9parer et sauvegarder le contenu de leur demande dans un fichier Word ou texte avant de remplir la demande en ligne.<\/p>\n<p>Notre <a href=\"https:\/\/blog.nationaltrustcanada.ca\/2016\/11\/30\/helping-students-find-jobs-in-heritage\/\" target=\"_blank\" rel=\"noopener\">blogue<\/a> pr\u00e9sente de bons exemples de projets pass\u00e9s (<span lang=\"fr\">en anglais seulement<\/span>).<\/td>\n<\/tr>\n<tr>\n<td><strong>Prochaine date limite des demandes<\/strong><\/td>\n<td colspan=\"2\"><strong>JCT-EP (emplois d&rsquo;\u00e9t\u00e9) Date limite de candidature : 19 janvier 2024<\/strong><\/p>\n<p><strong>JCT-CVP (stages) Date limite de candidature : 19 janvier 2024<\/strong><\/td>\n<\/tr>\n<tr>\n<td><strong>Comment les demandes des employeurs sont-elles examin\u00e9es et choisies? <\/strong><\/td>\n<td colspan=\"2\">Tous les postes sont \u00e9valu\u00e9s par un comit\u00e9 d\u2019examen par des pairs compos\u00e9 de professionnels du patrimoine b\u00e2ti. Le choix est fait en fonction des crit\u00e8res fix\u00e9s par le minist\u00e8re du Patrimoine canadien.<\/p>\n<p>Crit\u00e8res de s\u00e9lection\u00a0:<\/p>\n<ul>\n<li><a href=\"http:\/\/canada.pch.gc.ca\/fra\/1465320483064\/1467644805927\" target=\"_blank\" rel=\"noopener\">Emplois d\u2019\u00e9t\u00e9<\/a> JCT-EP<\/li>\n<li><a href=\"http:\/\/canada.pch.gc.ca\/fra\/1459533879837\/1467642579901\" target=\"_blank\" rel=\"noopener\">Stages<\/a> JCT-CVP<\/li>\n<\/ul>\n<\/td>\n<\/tr>\n<tr>\n<td><strong>Quand les d\u00e9cisions sont-elles annonc\u00e9es? <\/strong><\/td>\n<td colspan=\"2\">Le processus d\u2019examen et d\u2019\u00e9valuation par des pairs exige au moins 2\u00a0mois.<\/p>\n<p>Tous les employeurs qui pr\u00e9sentent une demande recevront une r\u00e9ponse.<\/td>\n<\/tr>\n<tr>\n<td><strong>Quelles sont les normes de service du programme JCT?<\/strong><\/td>\n<td colspan=\"2\"><strong>Accus\u00e9 de r\u00e9ception<\/strong><br \/>\nNous accusons r\u00e9ception d\u2019une demande dans un d\u00e9lai de 10\u00a0jours civils.<strong>D\u00e9cisions<\/strong><br \/>\nNous visons \u00e0 communiquer officiellement la d\u00e9cision de financement dans les 10\u00a0semaines suivant la date limite des demandes.<\/p>\n<p><strong>Contrats d\u2019employeur JCT<\/strong><br \/>\nNous \u00e9tablirons un contrat \u00e0 signer par l\u2019employeur JCT dans les 15\u00a0jours civils suivant l\u2019approbation de tous les candidats et la r\u00e9ception de tous les renseignements requis.<\/p>\n<p><strong>Paiement<\/strong><br \/>\nLes paiements seront vers\u00e9s dans les 21\u00a0jours civils suivant l\u2019ex\u00e9cution des exigences pr\u00e9vues par le contrat sign\u00e9 avec l\u2019employeur JCT.<\/td>\n<\/tr>\n<tr>\n<td><strong>Si mon organisation est retenue, quelles formalit\u00e9s administratives est-ce que je devrai remplir?<\/strong><\/td>\n<td colspan=\"2\">Les employeurs approuv\u00e9s doivent signer un contrat et remplir des rapports au d\u00e9but et \u00e0 la fin des emplois. Un <a href=\"http:\/\/canada.pch.gc.ca\/fra\/1465305642956\/1467641498116\" target=\"_blank\" rel=\"noopener\">aide-m\u00e9moire<\/a> indique les d\u00e9tails.<\/p>\n<p>Les modalit\u00e9s sont indiqu\u00e9es ici\u00a0:<\/p>\n<ul>\n<li><a href=\"http:\/\/canada.pch.gc.ca\/fra\/1465313245690\/1467645017255\" target=\"_blank\" rel=\"noopener\">Emplois d\u2019\u00e9t\u00e9<\/a> JCT-EP<\/li>\n<li><a href=\"http:\/\/canada.pch.gc.ca\/fra\/1459879003181\/1467643585425\" target=\"_blank\" rel=\"noopener\">Stages<\/a> JCT-CVP<\/li>\n<\/ul>\n<\/td>\n<\/tr>\n<tr>\n<td><strong>Comment les jeunes participants sont-ils choisis?<\/strong><\/td>\n<td colspan=\"2\">Il revient aux employeurs approuv\u00e9s de faire leur propre recrutement.<\/p>\n<p>Les employeurs doivent recruter des personnes pour les postes approuv\u00e9s en recourant \u00e0 un processus de s\u00e9lection \u00e9quitable et \u00e9quilibr\u00e9 (c\u2019est-\u00e0-dire, concours ouvert et choix sans discrimination parmi les candidats admissibles), et ils doivent donner une r\u00e9ponse aux candidats dans un d\u00e9lai raisonnable.<\/p>\n<p>Les employeurs doivent s\u2019assurer que leurs candidats sont inscrits dans le site Web interactif de JCT. Ce bassin de candidats est une ressource en ligne aux fins du recrutement effectu\u00e9 par les employeurs pour leurs postes JCT.<\/p>\n<p>Les crit\u00e8res d\u2019admissibilit\u00e9 au programme d\u2019emplois d\u2019\u00e9t\u00e9 de JCT se trouvent <a href=\"http:\/\/canada.pch.gc.ca\/fra\/1459433313024\/1467322744524\" target=\"_blank\" rel=\"noopener\">ici<\/a>, et les crit\u00e8res pour les stages JCT se trouvent <a href=\"http:\/\/canada.pch.gc.ca\/fra\/1459869949087\/1467322983084\" target=\"_blank\" rel=\"noopener\">ici<\/a>.<\/td>\n<\/tr>\n<tr>\n<td><strong>Autres ressources<\/strong><\/td>\n<td colspan=\"2\">Le <a href=\"\/wp-content\/uploads\/2017\/10\/YCW_EmployerGuide_FRENCH_2017-2018.pdf\" target=\"_blank\" rel=\"noopener\">guide de l\u2019employeur<\/a> pr\u00e9sente des pr\u00e9cisions sur les programmes JCT.<\/p>\n<p>Les organisations suivantes offrent aussi le programme JCT dans le secteur du patrimoine\u00a0:<\/p>\n<ul>\n<li><a href=\"http:\/\/asted.org\/\" target=\"_blank\" rel=\"noopener\">Association pour l\u2019avancement des sciences et des techniques de la documentation<\/a><\/li>\n<li><a href=\"http:\/\/www.cdncouncilarchives.ca\/\" target=\"_blank\" rel=\"noopener\">Conseil canadien des archives<\/a><\/li>\n<li><a href=\"https:\/\/www.culturalhrc.ca\/index-f.php\" target=\"_blank\" rel=\"noopener\">Conseil des ressources humaines du secteur culturel<\/a> (JCT-CVP seulement)<\/li>\n<li><a href=\"http:\/\/www.musees.ca\/\" target=\"_blank\" rel=\"noopener\">Association des mus\u00e9es canadiens<\/a><\/li>\n<\/ul>\n<\/td>\n<\/tr>\n<tr>\n<td><strong>Est-ce que votre projet JCT a \u00e9t\u00e9 un succ\u00e8s? <\/strong><\/td>\n<td colspan=\"2\">La Fiducie nationale du Canada voudrait conna\u00eetre vos r\u00e9ussites! Nous vous invitons \u00e0 nous faire part de votre exp\u00e9rience. Pour de plus amples renseignements, <a href=\"\/wp-content\/uploads\/2017\/10\/YCW_SuccessStories_French.pdf\">cliquez ici<\/a>.<\/p>\n<p>Pour trouver des r\u00e9cits de r\u00e9ussites pass\u00e9es, <a href=\"http:\/\/archive.fiducienationalecanada.ca\/ressources\/emplois\/jeunesse-canada-au-travail\/sur-place-avec-jct\" target=\"_blank\" rel=\"noopener\">cliquez ici<\/a>.<\/td>\n<\/tr>\n<tr>\n<td><strong>Des questions?<\/strong><\/td>\n<td colspan=\"2\"><a href=\"mailto:YCW@fiducienationalecanada.ca\">YCW@<\/a><a href=\"mailto:cmackenzie@fiducienationalecanada.ca\">@fiducienationalecanada.ca<\/a><br \/>\n613-237-1066, poste 229<\/td>\n<\/tr>\n<\/tbody>\n<\/table>\n<p>&nbsp;<\/p>\n","protected":false},"excerpt":{"rendered":"<p>LA P\u00c9RIODE DE DEMANDE DE JEUNESSE CANADA AU TRAVAIL OUVRE LE 16 NOVEMBRE 2023! Jeunesse Canada au Travail (JCT) cr\u00e9e&#8230;<\/p>\n","protected":false},"author":4,"featured_media":0,"parent":0,"menu_order":0,"comment_status":"closed","ping_status":"closed","template":"","meta":{"_acf_changed":false,"footnotes":""},"class_list":["post-1872","page","type-page","status-publish","hentry"],"acf":[],"yoast_head":"<!-- This site is optimized with the Yoast SEO plugin v26.3 - https:\/\/yoast.com\/wordpress\/plugins\/seo\/ -->\n<title>Jeunesse Canada au travail - Fiducie nationale du Canada<\/title>\n<meta name=\"robots\" content=\"index, follow, max-snippet:-1, max-image-preview:large, max-video-preview:-1\" \/>\n<link rel=\"canonical\" href=\"https:\/\/nationaltrustcanada.ca\/fr\/jeunesse-canada-au-travail\" \/>\n<meta property=\"og:locale\" content=\"fr_FR\" \/>\n<meta property=\"og:type\" content=\"article\" \/>\n<meta property=\"og:title\" content=\"Jeunesse Canada au travail - Fiducie nationale du Canada\" \/>\n<meta property=\"og:description\" content=\"LA P\u00c9RIODE DE DEMANDE DE JEUNESSE CANADA AU TRAVAIL OUVRE LE 16 NOVEMBRE 2023! Jeunesse Canada au Travail (JCT) cr\u00e9e...\" \/>\n<meta property=\"og:url\" content=\"https:\/\/nationaltrustcanada.ca\/fr\/jeunesse-canada-au-travail\" \/>\n<meta property=\"og:site_name\" content=\"Fiducie nationale du Canada\" \/>\n<meta property=\"article:modified_time\" content=\"2023-11-14T14:28:58+00:00\" \/>\n<meta name=\"twitter:card\" content=\"summary_large_image\" \/>\n<meta name=\"twitter:label1\" content=\"Dur\u00e9e de lecture estim\u00e9e\" \/>\n\t<meta name=\"twitter:data1\" content=\"6 minutes\" \/>\n<script type=\"application\/ld+json\" class=\"yoast-schema-graph\">{\"@context\":\"https:\/\/schema.org\",\"@graph\":[{\"@type\":\"WebPage\",\"@id\":\"https:\/\/nationaltrustcanada.ca\/fr\/jeunesse-canada-au-travail\",\"url\":\"https:\/\/nationaltrustcanada.ca\/fr\/jeunesse-canada-au-travail\",\"name\":\"Jeunesse Canada au travail - Fiducie nationale du Canada\",\"isPartOf\":{\"@id\":\"https:\/\/nationaltrustcanada.ca\/#website\"},\"datePublished\":\"2017-09-25T12:46:55+00:00\",\"dateModified\":\"2023-11-14T14:28:58+00:00\",\"breadcrumb\":{\"@id\":\"https:\/\/nationaltrustcanada.ca\/fr\/jeunesse-canada-au-travail#breadcrumb\"},\"inLanguage\":\"fr-FR\",\"potentialAction\":[{\"@type\":\"ReadAction\",\"target\":[\"https:\/\/nationaltrustcanada.ca\/fr\/jeunesse-canada-au-travail\"]}]},{\"@type\":\"BreadcrumbList\",\"@id\":\"https:\/\/nationaltrustcanada.ca\/fr\/jeunesse-canada-au-travail#breadcrumb\",\"itemListElement\":[{\"@type\":\"ListItem\",\"position\":1,\"name\":\"Home\",\"item\":\"https:\/\/nationaltrustcanada.ca\/fr\"},{\"@type\":\"ListItem\",\"position\":2,\"name\":\"Jeunesse Canada au travail\"}]},{\"@type\":\"WebSite\",\"@id\":\"https:\/\/nationaltrustcanada.ca\/#website\",\"url\":\"https:\/\/nationaltrustcanada.ca\/\",\"name\":\"Fiducie nationale du Canada\",\"description\":\"Bringing Heritage to Life\",\"potentialAction\":[{\"@type\":\"SearchAction\",\"target\":{\"@type\":\"EntryPoint\",\"urlTemplate\":\"https:\/\/nationaltrustcanada.ca\/?s={search_term_string}\"},\"query-input\":{\"@type\":\"PropertyValueSpecification\",\"valueRequired\":true,\"valueName\":\"search_term_string\"}}],\"inLanguage\":\"fr-FR\"}]}<\/script>\n<!-- \/ Yoast SEO plugin. -->","yoast_head_json":{"title":"Jeunesse Canada au travail - Fiducie nationale du Canada","robots":{"index":"index","follow":"follow","max-snippet":"max-snippet:-1","max-image-preview":"max-image-preview:large","max-video-preview":"max-video-preview:-1"},"canonical":"https:\/\/nationaltrustcanada.ca\/fr\/jeunesse-canada-au-travail","og_locale":"fr_FR","og_type":"article","og_title":"Jeunesse Canada au travail - Fiducie nationale du Canada","og_description":"LA P\u00c9RIODE DE DEMANDE DE JEUNESSE CANADA AU TRAVAIL OUVRE LE 16 NOVEMBRE 2023! Jeunesse Canada au Travail (JCT) cr\u00e9e...","og_url":"https:\/\/nationaltrustcanada.ca\/fr\/jeunesse-canada-au-travail","og_site_name":"Fiducie nationale du Canada","article_modified_time":"2023-11-14T14:28:58+00:00","twitter_card":"summary_large_image","twitter_misc":{"Dur\u00e9e de lecture estim\u00e9e":"6 minutes"},"schema":{"@context":"https:\/\/schema.org","@graph":[{"@type":"WebPage","@id":"https:\/\/nationaltrustcanada.ca\/fr\/jeunesse-canada-au-travail","url":"https:\/\/nationaltrustcanada.ca\/fr\/jeunesse-canada-au-travail","name":"Jeunesse Canada au travail - Fiducie nationale du Canada","isPartOf":{"@id":"https:\/\/nationaltrustcanada.ca\/#website"},"datePublished":"2017-09-25T12:46:55+00:00","dateModified":"2023-11-14T14:28:58+00:00","breadcrumb":{"@id":"https:\/\/nationaltrustcanada.ca\/fr\/jeunesse-canada-au-travail#breadcrumb"},"inLanguage":"fr-FR","potentialAction":[{"@type":"ReadAction","target":["https:\/\/nationaltrustcanada.ca\/fr\/jeunesse-canada-au-travail"]}]},{"@type":"BreadcrumbList","@id":"https:\/\/nationaltrustcanada.ca\/fr\/jeunesse-canada-au-travail#breadcrumb","itemListElement":[{"@type":"ListItem","position":1,"name":"Home","item":"https:\/\/nationaltrustcanada.ca\/fr"},{"@type":"ListItem","position":2,"name":"Jeunesse Canada au travail"}]},{"@type":"WebSite","@id":"https:\/\/nationaltrustcanada.ca\/#website","url":"https:\/\/nationaltrustcanada.ca\/","name":"Fiducie nationale du Canada","description":"Bringing Heritage to Life","potentialAction":[{"@type":"SearchAction","target":{"@type":"EntryPoint","urlTemplate":"https:\/\/nationaltrustcanada.ca\/?s={search_term_string}"},"query-input":{"@type":"PropertyValueSpecification","valueRequired":true,"valueName":"search_term_string"}}],"inLanguage":"fr-FR"}]}},"_links":{"self":[{"href":"https:\/\/nationaltrustcanada.ca\/fr\/wp-json\/wp\/v2\/pages\/1872","targetHints":{"allow":["GET"]}}],"collection":[{"href":"https:\/\/nationaltrustcanada.ca\/fr\/wp-json\/wp\/v2\/pages"}],"about":[{"href":"https:\/\/nationaltrustcanada.ca\/fr\/wp-json\/wp\/v2\/types\/page"}],"author":[{"embeddable":true,"href":"https:\/\/nationaltrustcanada.ca\/fr\/wp-json\/wp\/v2\/users\/4"}],"replies":[{"embeddable":true,"href":"https:\/\/nationaltrustcanada.ca\/fr\/wp-json\/wp\/v2\/comments?post=1872"}],"version-history":[{"count":31,"href":"https:\/\/nationaltrustcanada.ca\/fr\/wp-json\/wp\/v2\/pages\/1872\/revisions"}],"predecessor-version":[{"id":18130,"href":"https:\/\/nationaltrustcanada.ca\/fr\/wp-json\/wp\/v2\/pages\/1872\/revisions\/18130"}],"wp:attachment":[{"href":"https:\/\/nationaltrustcanada.ca\/fr\/wp-json\/wp\/v2\/media?parent=1872"}],"curies":[{"name":"wp","href":"https:\/\/api.w.org\/{rel}","templated":true}]}}