{"id":17040,"date":"2023-04-24T10:48:55","date_gmt":"2023-04-24T14:48:55","guid":{"rendered":"https:\/\/nationaltrustcanada.ca\/?page_id=17040"},"modified":"2026-04-20T10:49:23","modified_gmt":"2026-04-20T14:49:23","slug":"tarifs-dadhesion","status":"publish","type":"page","link":"https:\/\/nationaltrustcanada.ca\/fr\/ce-que-vous-pouvez-faire\/devenez-membre\/tarifs-dadhesion","title":{"rendered":"Tarifs d\u2019adh\u00e9sion"},"content":{"rendered":"<p>\u00c0 partir du 1<sup>er<\/sup> juin 2026, les tarifs d\u2019adh\u00e9sion \u00e0 la Fiducie nationale du Canada augmenteront l\u00e9g\u00e8rement. Si vous agissez imm\u00e9diatement, vous pouvez renouveler votre adh\u00e9sion pour un an \u00e0 l\u2019ancien tarif. Ou encore, si vous envisagez de devenir membre, achetez votre carte de membre imm\u00e9diatement pour profiter d\u2019une ann\u00e9e d\u2019avantages avant l\u2019augmentation du tarif.<\/p>\n<p>Les nouveaux tarifs, \u00e0 partir du 1<sup>er<\/sup> juin 2026, sont les suivants :<\/p>\n<table>\n<tbody>\n<tr>\n<td width=\"254\"><strong>Cat\u00e9gorie d\u2019adh\u00e9sion<\/strong><\/td>\n<td width=\"100\"><strong>Nouveau tarif<\/strong><\/td>\n<td width=\"108\"><strong>Ancien tarif<\/strong><\/td>\n<\/tr>\n<tr>\n<td width=\"254\">Adh\u00e9sion individuelle<\/td>\n<td width=\"100\">45 $ \/ ann\u00e9e<\/td>\n<td width=\"108\">(\u00e9tait 42 $)<\/td>\n<\/tr>\n<tr>\n<td width=\"254\">Adh\u00e9sion familiale<\/td>\n<td width=\"100\">80 $ \/ ann\u00e9e<\/td>\n<td width=\"108\">(\u00e9tait 74 $)<\/td>\n<\/tr>\n<tr>\n<td width=\"254\">Adh\u00e9sion d\u2019\u00e9tudiant<\/td>\n<td width=\"100\">12 $ \/ ann\u00e9e<\/td>\n<td width=\"108\">(\u00e9tait 11 $)<\/td>\n<\/tr>\n<tr>\n<td width=\"254\"><\/td>\n<td width=\"100\"><\/td>\n<td width=\"108\"><\/td>\n<\/tr>\n<tr>\n<td width=\"254\">Organisation \u00e0 but non lucratif<\/td>\n<td width=\"100\"><\/td>\n<td width=\"108\"><\/td>\n<\/tr>\n<tr>\n<td width=\"254\">Budget annuel de 0\u00a0$ \u00e0 99 999\u00a0$<\/td>\n<td width=\"100\">70 $ \/ ann\u00e9e<\/td>\n<td width=\"108\">(\u00e9tait 63 $)<\/td>\n<\/tr>\n<tr>\n<td width=\"254\">Budget annuel de 100\u00a00000\u00a0$ \u00e0 299 999\u00a0$<\/td>\n<td width=\"100\">110 $ \/ ann\u00e9e<\/td>\n<td width=\"108\">(\u00e9tait 100 $)<\/td>\n<\/tr>\n<tr>\n<td width=\"254\">Budget annuel de 300\u00a0000\u00a0$ \u00e0 749 999\u00a0$<\/td>\n<td width=\"100\">135 $ \/ ann\u00e9e<\/td>\n<td width=\"108\">(\u00e9tait 126 $)<\/td>\n<\/tr>\n<tr>\n<td width=\"254\">Budget annuel &gt; 749 999\u00a0$<\/td>\n<td width=\"100\">170 $ \/ ann\u00e9e<\/td>\n<td width=\"108\">(\u00e9tait 158 $)<\/td>\n<\/tr>\n<tr>\n<td width=\"254\">Gouvernement \/ Institution \/ Entreprise<\/td>\n<td width=\"100\">170 $ \/ ann\u00e9e<\/td>\n<td width=\"108\">(\u00e9tait 158 $)<\/td>\n<\/tr>\n<\/tbody>\n<\/table>\n<p>&nbsp;<\/p>\n<p>Appelez-nous au 1-866-964-1066, poste 1 ou \u00e9crivez-nous \u00e0 <a href=\"mailto:adhesion@fiducienationalecanada.ca\">adhesion@fiducienationalecanada.ca<\/a> si vous avez des questions sur ces changements, et Hollie Boulet sera heureuse d\u2019y r\u00e9pondre.<\/p>\n<p>&nbsp;<\/p>\n<h2>Foire aux questions<\/h2>\n<p>1. J\u2019habite \u00e0 l\u2019\u00e9tranger, alors est-ce que le suppl\u00e9ment augmente aussi?<\/p>\n<p><em>Non. Tout suppl\u00e9ment, s\u2019il y en a, reste le m\u00eame.<\/em><\/p>\n<p>2. Est-ce que le montant de taxe que je paie augmente?<\/p>\n<p><em>Le taux de taxe provinciale qui est impos\u00e9 par la loi reste le m\u00eame, mais comme le tarif d\u2019adh\u00e9sion est maintenant un peu plus \u00e9lev\u00e9, le montant de la taxe augmente aussi l\u00e9g\u00e8rement. <\/em><\/p>\n<p>3. Est-ce qu\u2019un ou l\u2019autre de mes avantages actuels en tant que membre change par suite de cette augmentation?<\/p>\n<p><em>Non. Tous les <\/em><a href=\"https:\/\/nationaltrustcanada.ca\/fr\/ce-que-vous-pouvez-faire\/devenez-membre\/avantages-offerts-aux-membres\"><em>avantages offerts aux membres<\/em><\/a><em> restent exactement les m\u00eames.<\/em><\/p>\n","protected":false},"excerpt":{"rendered":"<p>\u00c0 partir du 1er juin 2026, les tarifs d\u2019adh\u00e9sion \u00e0 la Fiducie nationale du Canada augmenteront l\u00e9g\u00e8rement. Si vous agissez&#8230;<\/p>\n","protected":false},"author":4,"featured_media":0,"parent":1324,"menu_order":0,"comment_status":"closed","ping_status":"closed","template":"","meta":{"_acf_changed":false,"footnotes":""},"class_list":["post-17040","page","type-page","status-publish","hentry"],"acf":[],"yoast_head":"<!-- This site is optimized with the Yoast SEO plugin v26.3 - https:\/\/yoast.com\/wordpress\/plugins\/seo\/ -->\n<title>Tarifs d\u2019adh\u00e9sion - Fiducie nationale du Canada<\/title>\n<meta name=\"robots\" content=\"index, follow, max-snippet:-1, max-image-preview:large, max-video-preview:-1\" \/>\n<link rel=\"canonical\" href=\"https:\/\/nationaltrustcanada.ca\/fr\/ce-que-vous-pouvez-faire\/devenez-membre\/tarifs-dadhesion\" \/>\n<meta property=\"og:locale\" content=\"fr_FR\" \/>\n<meta property=\"og:type\" content=\"article\" \/>\n<meta property=\"og:title\" content=\"Tarifs d\u2019adh\u00e9sion - Fiducie nationale du Canada\" \/>\n<meta property=\"og:description\" content=\"\u00c0 partir du 1er juin 2026, les tarifs d\u2019adh\u00e9sion \u00e0 la Fiducie nationale du Canada augmenteront l\u00e9g\u00e8rement. Si vous agissez...\" \/>\n<meta property=\"og:url\" content=\"https:\/\/nationaltrustcanada.ca\/fr\/ce-que-vous-pouvez-faire\/devenez-membre\/tarifs-dadhesion\" \/>\n<meta property=\"og:site_name\" content=\"Fiducie nationale du Canada\" \/>\n<meta property=\"article:modified_time\" content=\"2026-04-20T14:49:23+00:00\" \/>\n<meta name=\"twitter:card\" content=\"summary_large_image\" \/>\n<meta name=\"twitter:label1\" content=\"Dur\u00e9e de lecture estim\u00e9e\" \/>\n\t<meta name=\"twitter:data1\" content=\"2 minutes\" \/>\n<script type=\"application\/ld+json\" class=\"yoast-schema-graph\">{\"@context\":\"https:\/\/schema.org\",\"@graph\":[{\"@type\":\"WebPage\",\"@id\":\"https:\/\/nationaltrustcanada.ca\/fr\/ce-que-vous-pouvez-faire\/devenez-membre\/tarifs-dadhesion\",\"url\":\"https:\/\/nationaltrustcanada.ca\/fr\/ce-que-vous-pouvez-faire\/devenez-membre\/tarifs-dadhesion\",\"name\":\"Tarifs d\u2019adh\u00e9sion - Fiducie nationale du Canada\",\"isPartOf\":{\"@id\":\"https:\/\/nationaltrustcanada.ca\/#website\"},\"datePublished\":\"2023-04-24T14:48:55+00:00\",\"dateModified\":\"2026-04-20T14:49:23+00:00\",\"breadcrumb\":{\"@id\":\"https:\/\/nationaltrustcanada.ca\/fr\/ce-que-vous-pouvez-faire\/devenez-membre\/tarifs-dadhesion#breadcrumb\"},\"inLanguage\":\"fr-FR\",\"potentialAction\":[{\"@type\":\"ReadAction\",\"target\":[\"https:\/\/nationaltrustcanada.ca\/fr\/ce-que-vous-pouvez-faire\/devenez-membre\/tarifs-dadhesion\"]}]},{\"@type\":\"BreadcrumbList\",\"@id\":\"https:\/\/nationaltrustcanada.ca\/fr\/ce-que-vous-pouvez-faire\/devenez-membre\/tarifs-dadhesion#breadcrumb\",\"itemListElement\":[{\"@type\":\"ListItem\",\"position\":1,\"name\":\"Home\",\"item\":\"https:\/\/nationaltrustcanada.ca\/fr\"},{\"@type\":\"ListItem\",\"position\":2,\"name\":\"Ce que vous pouvez faire\",\"item\":\"https:\/\/nationaltrustcanada.ca\/fr\/ce-que-vous-pouvez-faire\"},{\"@type\":\"ListItem\",\"position\":3,\"name\":\"Devenez membre\",\"item\":\"https:\/\/nationaltrustcanada.ca\/fr\/ce-que-vous-pouvez-faire\/devenez-membre\"},{\"@type\":\"ListItem\",\"position\":4,\"name\":\"Tarifs d\u2019adh\u00e9sion\"}]},{\"@type\":\"WebSite\",\"@id\":\"https:\/\/nationaltrustcanada.ca\/#website\",\"url\":\"https:\/\/nationaltrustcanada.ca\/\",\"name\":\"Fiducie nationale du Canada\",\"description\":\"Bringing Heritage to Life\",\"potentialAction\":[{\"@type\":\"SearchAction\",\"target\":{\"@type\":\"EntryPoint\",\"urlTemplate\":\"https:\/\/nationaltrustcanada.ca\/?s={search_term_string}\"},\"query-input\":{\"@type\":\"PropertyValueSpecification\",\"valueRequired\":true,\"valueName\":\"search_term_string\"}}],\"inLanguage\":\"fr-FR\"}]}<\/script>\n<!-- \/ Yoast SEO plugin. -->","yoast_head_json":{"title":"Tarifs d\u2019adh\u00e9sion - Fiducie nationale du Canada","robots":{"index":"index","follow":"follow","max-snippet":"max-snippet:-1","max-image-preview":"max-image-preview:large","max-video-preview":"max-video-preview:-1"},"canonical":"https:\/\/nationaltrustcanada.ca\/fr\/ce-que-vous-pouvez-faire\/devenez-membre\/tarifs-dadhesion","og_locale":"fr_FR","og_type":"article","og_title":"Tarifs d\u2019adh\u00e9sion - Fiducie nationale du Canada","og_description":"\u00c0 partir du 1er juin 2026, les tarifs d\u2019adh\u00e9sion \u00e0 la Fiducie nationale du Canada augmenteront l\u00e9g\u00e8rement. Si vous agissez...","og_url":"https:\/\/nationaltrustcanada.ca\/fr\/ce-que-vous-pouvez-faire\/devenez-membre\/tarifs-dadhesion","og_site_name":"Fiducie nationale du Canada","article_modified_time":"2026-04-20T14:49:23+00:00","twitter_card":"summary_large_image","twitter_misc":{"Dur\u00e9e de lecture estim\u00e9e":"2 minutes"},"schema":{"@context":"https:\/\/schema.org","@graph":[{"@type":"WebPage","@id":"https:\/\/nationaltrustcanada.ca\/fr\/ce-que-vous-pouvez-faire\/devenez-membre\/tarifs-dadhesion","url":"https:\/\/nationaltrustcanada.ca\/fr\/ce-que-vous-pouvez-faire\/devenez-membre\/tarifs-dadhesion","name":"Tarifs d\u2019adh\u00e9sion - Fiducie nationale du Canada","isPartOf":{"@id":"https:\/\/nationaltrustcanada.ca\/#website"},"datePublished":"2023-04-24T14:48:55+00:00","dateModified":"2026-04-20T14:49:23+00:00","breadcrumb":{"@id":"https:\/\/nationaltrustcanada.ca\/fr\/ce-que-vous-pouvez-faire\/devenez-membre\/tarifs-dadhesion#breadcrumb"},"inLanguage":"fr-FR","potentialAction":[{"@type":"ReadAction","target":["https:\/\/nationaltrustcanada.ca\/fr\/ce-que-vous-pouvez-faire\/devenez-membre\/tarifs-dadhesion"]}]},{"@type":"BreadcrumbList","@id":"https:\/\/nationaltrustcanada.ca\/fr\/ce-que-vous-pouvez-faire\/devenez-membre\/tarifs-dadhesion#breadcrumb","itemListElement":[{"@type":"ListItem","position":1,"name":"Home","item":"https:\/\/nationaltrustcanada.ca\/fr"},{"@type":"ListItem","position":2,"name":"Ce que vous pouvez faire","item":"https:\/\/nationaltrustcanada.ca\/fr\/ce-que-vous-pouvez-faire"},{"@type":"ListItem","position":3,"name":"Devenez membre","item":"https:\/\/nationaltrustcanada.ca\/fr\/ce-que-vous-pouvez-faire\/devenez-membre"},{"@type":"ListItem","position":4,"name":"Tarifs d\u2019adh\u00e9sion"}]},{"@type":"WebSite","@id":"https:\/\/nationaltrustcanada.ca\/#website","url":"https:\/\/nationaltrustcanada.ca\/","name":"Fiducie nationale du Canada","description":"Bringing Heritage to Life","potentialAction":[{"@type":"SearchAction","target":{"@type":"EntryPoint","urlTemplate":"https:\/\/nationaltrustcanada.ca\/?s={search_term_string}"},"query-input":{"@type":"PropertyValueSpecification","valueRequired":true,"valueName":"search_term_string"}}],"inLanguage":"fr-FR"}]}},"_links":{"self":[{"href":"https:\/\/nationaltrustcanada.ca\/fr\/wp-json\/wp\/v2\/pages\/17040","targetHints":{"allow":["GET"]}}],"collection":[{"href":"https:\/\/nationaltrustcanada.ca\/fr\/wp-json\/wp\/v2\/pages"}],"about":[{"href":"https:\/\/nationaltrustcanada.ca\/fr\/wp-json\/wp\/v2\/types\/page"}],"author":[{"embeddable":true,"href":"https:\/\/nationaltrustcanada.ca\/fr\/wp-json\/wp\/v2\/users\/4"}],"replies":[{"embeddable":true,"href":"https:\/\/nationaltrustcanada.ca\/fr\/wp-json\/wp\/v2\/comments?post=17040"}],"version-history":[{"count":4,"href":"https:\/\/nationaltrustcanada.ca\/fr\/wp-json\/wp\/v2\/pages\/17040\/revisions"}],"predecessor-version":[{"id":23560,"href":"https:\/\/nationaltrustcanada.ca\/fr\/wp-json\/wp\/v2\/pages\/17040\/revisions\/23560"}],"up":[{"embeddable":true,"href":"https:\/\/nationaltrustcanada.ca\/fr\/wp-json\/wp\/v2\/pages\/1324"}],"wp:attachment":[{"href":"https:\/\/nationaltrustcanada.ca\/fr\/wp-json\/wp\/v2\/media?parent=17040"}],"curies":[{"name":"wp","href":"https:\/\/api.w.org\/{rel}","templated":true}]}}