{"id":16945,"date":"2023-03-29T17:32:26","date_gmt":"2023-03-29T21:32:26","guid":{"rendered":"https:\/\/nationaltrustcanada.ca\/?page_id=16945"},"modified":"2023-03-29T17:32:26","modified_gmt":"2023-03-29T21:32:26","slug":"les-quatre-organismes-pancanadiens-du-patrimoine-reagissent-au-budget-federal-de-2023","status":"publish","type":"page","link":"https:\/\/nationaltrustcanada.ca\/fr\/ce-que-vous-pouvez-faire\/advocacy-action\/les-quatre-organismes-pancanadiens-du-patrimoine-reagissent-au-budget-federal-de-2023","title":{"rendered":"Les quatre organismes pancanadiens du patrimoine r\u00e9agissent au budget f\u00e9d\u00e9ral de 2023"},"content":{"rendered":"<p><b><span data-contrast=\"none\"><img loading=\"lazy\" decoding=\"async\" class=\" wp-image-14190 aligncenter\" src=\"https:\/\/nationaltrustcanada.ca\/wp-content\/uploads\/2022\/04\/MicrosoftTeams-image-1-300x100.jpg\" alt=\"\" width=\"699\" height=\"233\" srcset=\"https:\/\/nationaltrustcanada.ca\/wp-content\/uploads\/2022\/04\/MicrosoftTeams-image-1-300x100.jpg 300w, https:\/\/nationaltrustcanada.ca\/wp-content\/uploads\/2022\/04\/MicrosoftTeams-image-1-1024x341.jpg 1024w, https:\/\/nationaltrustcanada.ca\/wp-content\/uploads\/2022\/04\/MicrosoftTeams-image-1-768x256.jpg 768w, https:\/\/nationaltrustcanada.ca\/wp-content\/uploads\/2022\/04\/MicrosoftTeams-image-1.jpg 1200w\" sizes=\"auto, (max-width: 699px) 100vw, 699px\" \/><\/span><\/b><\/p>\n<p><span data-ccp-props=\"{&quot;134233118&quot;:true,&quot;201341983&quot;:0,&quot;335559739&quot;:160,&quot;335559740&quot;:240}\">Dans un budget f\u00e9d\u00e9ral qui vise \u00e0 juste titre \u00e0 promouvoir la r\u00e9conciliation, \u00e0 appuyer la gouvernance et le renforcement des capacit\u00e9s d\u2019action des Autochtones, \u00e0 rendre la vie plus abordable pour la classe moyenne et \u00e0 cr\u00e9er une \u00e9conomie propre, il est malheureux qu\u2019il manque une reconnaissance du r\u00f4le que jouent les lieux du patrimoine et les immeubles existants pour cr\u00e9er des logements et soutenir une \u00e9conomie verte. Les quatre ONG pancanadiennes vou\u00e9es \u00e0 la conservation du patrimoine \u2013 l\u2019Association canadienne d\u2019experts-conseils en patrimoine, le Cercle du patrimoine autochtone, ICOMOS Canada et la Fiducie nationale du Canada \u2013 \u00e9valuent le budget 2023 au regard des recommandations du secteur dans quatre domaines : <\/span><\/p>\n<h2><span data-ccp-props=\"{&quot;201341983&quot;:0,&quot;335559739&quot;:160,&quot;335559740&quot;:240}\">Patrimoine autochtone <\/span><\/h2>\n<p><span data-ccp-props=\"{&quot;201341983&quot;:0,&quot;335559739&quot;:160,&quot;335559740&quot;:240}\">Les quatre organismes pancanadiens du patrimoine saluent le fait que le nouveau budget fournit un financement durable pour la promotion de l\u2019autod\u00e9termination des Autochtones en affectant 11,4 millions de dollars sur trois ans \u00e0 Relations Couronne-Autochtones et Affaires du Nord Canada (RCAANC) pour mettre \u00e0 jour les lignes directrices f\u00e9d\u00e9rales relativement \u00e0 l\u2019obligation de la Couronne de consulter les peuples autochtones et de prendre des mesures d\u2019adaptation dans les cas o\u00f9 il pourrait y avoir des effets pr\u00e9judiciables sur leurs droits. Il y a de plus 22 millions de dollars sur cinq ans pour la coordination des activit\u00e9s de mise en \u0153uvre de la Loi sur la D\u00e9claration des Nations Unies sur les droits des peuples autochtones. Le document budg\u00e9taire est toutefois muet au sujet de la recommandation du secteur du patrimoine de renforcer les aptitudes au leadership essentielles pour avancer sur les priorit\u00e9s li\u00e9es au patrimoine culturel qui sont importantes pour les M\u00e9tis, les Inuits et les Premi\u00e8res Nations en fournissant un investissement initial de 50 millions sur trois ans au Cercle du patrimoine autochtone, un organisme national dirig\u00e9 par des Autochtones. <\/span><\/p>\n<h2><span data-ccp-props=\"{&quot;201341983&quot;:0,&quot;335559739&quot;:160,&quot;335559740&quot;:240}\">Habitation, immeubles et r\u00e9novations \u00e9cologiques <\/span><\/h2>\n<p>Bien que le budget mette en lumi\u00e8re la n\u00e9cessit\u00e9 d\u2019assurer l\u2019abordabilit\u00e9 du logement, il y a une occasion rat\u00e9e \u2013 voire une incoh\u00e9rence \u2013 en ce qui concerne l\u2019action climatique et l\u2019imp\u00e9ratif d\u2019utiliser et r\u00e9utiliser les immeubles existants. Dans un budget qui affirme l\u2019intention du gouvernement de promouvoir le \u00ab droit \u00e0 la r\u00e9paration \u00bb des petits appareils, il est ironique que la m\u00eame logique ne m\u00e8ne pas \u00e0 des mesures pour nos plus importants biens de consommation, nos logements. De fait, il y a de grands obstacles \u00e0 la r\u00e9utilisation d\u2019immeubles du patrimoine et autres b\u00e2timents existants au Canada. En les \u00e9liminant, le Canada augmenterait sa capacit\u00e9 de fournir du logement abordable et de progresser sur ses objectifs de decarbonation. Malheureusement, le budget ne pr\u00e9voit pas de mesures pour reconna\u00eetre la valeur r\u00e9elle d\u2019immeubles plus anciens en appelant \u00e0 des calculs sur l\u2019ensemble du cycle de vie \/ du carbone incorpor\u00e9. Il ne rectifie pas les \u00e9l\u00e9ments du syst\u00e8me fiscal f\u00e9d\u00e9ral qui favorisent la d\u00e9molition inutile, l\u2019extraction de ressources et la nouvelle construction. Il ne pr\u00e9voit pas non plus d\u2019incitatifs pour susciter l\u2019investissement dans la r\u00e9utilisation des immeubles, malgr\u00e9 que le secteur du patrimoine recommande depuis longtemps un incitatif \u00e0 la r\u00e9habilitation.<\/p>\n<h2><span data-ccp-props=\"{&quot;201341983&quot;:0,&quot;335559739&quot;:160,&quot;335559740&quot;:240}\">D\u00e9veloppement des comp\u00e9tences et formation <\/span><\/h2>\n<p>Il reste essentiel, \u00e0 la fois pour s\u2019attaquer \u00e0 notre crise du logement et pour r\u00e9aliser les objectifs climatiques du Canada, de disposer d\u2019ouvriers pouvant travailler dans des immeubles du patrimoine et autres b\u00e2timents existants. Nous accueillons avec satisfaction la d\u00e9duction pour la mobilit\u00e9 des gens de m\u00e9tier, \u00e0 hauteur de 595 millions de dollars sur six ans, parce qu\u2019elle pourrait pr\u00e9parer le secteur de la construction pour acc\u00e9l\u00e9rer la r\u00e9novation \u00e9cologique et la r\u00e9utilisation d\u2019immeubles existants, et elle favorisera la formation de la prochaine g\u00e9n\u00e9ration de travailleurs du patrimoine.<\/p>\n<p>Le fait de r\u00e9utiliser et entretenir des immeubles est un moyen vital de r\u00e9duire l\u2019empreinte carbone du secteur de la construction, qui est un des plus grands \u00e9metteurs de carbone au Canada. Alors que le budget insiste sur la nouvelle construction et le d\u00e9veloppement des comp\u00e9tences dans les m\u00e9tiers, il est important de se rappeler que les immeubles tant nouveaux qu\u2019existants auront \u00e0 l\u2019avenir besoin d\u2019entretien, de r\u00e9parations et de modernisation. Pour que le Canada soit pr\u00eat \u00e0 entretenir ses immeubles existants autant qu\u2019\u00e0 soigner \u00e0 l\u2019avenir le parc d\u2019immeubles qui grandit rapidement, nous souhaiterions davantage de pr\u00e9cision dans les d\u00e9finitions des m\u00e9tiers \u00e9voqu\u00e9s dans le budget, de fa\u00e7on \u00e0 ce que les comp\u00e9tences sp\u00e9cialis\u00e9es n\u00e9cessaires pour adapter et entretenir convenablement des immeubles existants et anciens soient reconnues, et qu\u2019un soutien ad\u00e9quat soit pr\u00e9vu pour aider \u00e0 les d\u00e9velopper.<\/p>\n<h2><span data-ccp-props=\"{&quot;201341983&quot;:0,&quot;335559739&quot;:160,&quot;335559740&quot;:240}\">Appui en faveur de lieux rev\u00eatant une importance culturelle <\/span><\/h2>\n<p>Nous applaudissons aux mesures que le gouvernement f\u00e9d\u00e9ral a prises pour les festivals (14 millions de dollars sur deux ans pour le programme D\u00e9veloppement des communaut\u00e9s par le biais des arts et du patrimoine) et pour le tourisme (108 millions de dollars sur trois ans pour des manifestations locales, par l\u2019entremise des agences de d\u00e9veloppement \u00e9conomique r\u00e9gional). Nous voyons aussi des possibilit\u00e9s de mettre en valeur les lieux du patrimoine de groupes historiquement marginalis\u00e9s ou sous-repr\u00e9sent\u00e9s, gr\u00e2ce \u00e0 un financement suppl\u00e9mentaire de la Strat\u00e9gie canadienne de lutte contre le racisme (25,4 millions de dollars sur cinq ans). Cependant, il n\u2019y a nulle mention des lieux historiques nationaux ou d\u2019autres lieux historiques importants g\u00e9r\u00e9s par des entit\u00e9s priv\u00e9es ou des organismes sans but lucratif \u2013 malgr\u00e9 la recommandation de longue date de fixer \u00e0 au moins 60 millions de dollars sur cinq ans le niveau de financement du Programme national de partage des frais pour les lieux patrimoniaux de Parcs Canada. Ces lieux du patrimoine cr\u00e9ent un sentiment d\u2019appartenance qui favorise la coh\u00e9sion sociale et jouent un r\u00f4le essentiel en rapprochant des communaut\u00e9s diversifi\u00e9es, pr\u00e9servant et racontant les r\u00e9cits des Canadiens de tous les horizons. Les investissements publics dans les lieux patrimoniaux suscitent r\u00e9guli\u00e8rement au moins cinq fois autant d\u2019investissements priv\u00e9s. Ils permettent en outre de cr\u00e9er de nouveaux emplois verts, d\u2019am\u00e9liorer l\u2019efficacit\u00e9 \u00e9conomique en renouvelant les infrastructures actuelles au lieu de les remplacer, de stimuler l\u2019innovation sectorielle et de mieux prot\u00e9ger les investissements contre la hausse des co\u00fbts du carbone.<\/p>\n<p><span data-ccp-props=\"{&quot;134233118&quot;:true,&quot;201341983&quot;:0,&quot;335559739&quot;:160,&quot;335559740&quot;:240}\">\u00a0<\/span><em><strong>Les lieux patrimoniaux repr\u00e9sentent pour les gouvernements des moyens id\u00e9aux de cr\u00e9er de nouveaux emplois \u00e9cologiques, de susciter des investissements priv\u00e9s, de produire des logements abordables et de refl\u00e9ter la diversit\u00e9 du pays. Nous continuerons de presser le gouvernement f\u00e9d\u00e9ral de reconna\u00eetre, dans ses politiques et ses programmes, la valeur des immeubles existants et des lieux rev\u00eatant une importance culturelle. Nous continuerons aussi de presser le gouvernement de cr\u00e9er un incitatif fiscal pour la r\u00e9habilitation du patrimoine. Il s\u2019agit d\u2019une mesure \u00e9prouv\u00e9e qui aiderait \u00e0 atteindre les objectifs \u00e9conomiques et climatiques de notre pays. <\/strong><\/em><\/p>\n<p><a href=\"https:\/\/www.ourcommons.ca\/Content\/Committee\/441\/FINA\/Brief\/BR11981737\/br-external\/Jointly43-10689211-f.pdf\">Retrouvez les recommandations formul\u00e9es par le secteur du patrimoine dans son m\u00e9moire pour les consultations pr\u00e9budg\u00e9taires<\/a><\/p>\n<p><b><span data-contrast=\"none\">Natalie Bull<\/span><\/b><br \/>\n<span data-contrast=\"none\">Directrice g\u00e9n\u00e9rale<\/span><br \/>\n<span data-contrast=\"none\">Fiducie national du Canada<\/span><br \/>\n<span data-contrast=\"none\">Tel. 613-237-1066 x 222<\/span><br \/>\n<a href=\"mailto:nbull@nationaltrustcanada.ca\"><span data-contrast=\"none\">nbull@nationaltrustcanada.ca<\/span><\/a><span data-contrast=\"none\">\u00a0<\/span><span data-ccp-props=\"{&quot;201341983&quot;:0,&quot;335551550&quot;:1,&quot;335551620&quot;:1,&quot;335559739&quot;:160,&quot;335559740&quot;:240}\">\u00a0<\/span><\/p>\n<p><b><span data-contrast=\"none\">Kisha Supernant<\/span><\/b><br \/>\n<span data-contrast=\"none\">Pr\u00e9sidente<\/span><br \/>\n<span data-contrast=\"auto\">Le Cercle du patrimoine autochtone<\/span><br \/>\n<a href=\"mailto:kisha.supernant@ualberta.ca\">kisha.supernant@ualberta.ca<\/a><\/p>\n<p><strong>Mathieu Dormaels\u00a0and Rebecca Jansen<\/strong><br \/>\n<span data-contrast=\"none\">Pr\u00e9sident<\/span><br \/>\n<span data-contrast=\"none\">ICOMOS Canada<\/span><br \/>\n<a href=\"mailto:secretariat@canada.icomos.org\"><span data-contrast=\"none\">secretariat@canada.icomos.org<\/span><\/a><span data-contrast=\"none\">\u00a0<\/span><span data-ccp-props=\"{&quot;201341983&quot;:0,&quot;335559738&quot;:240,&quot;335559739&quot;:160,&quot;335559740&quot;:240}\">\u00a0<\/span><\/p>\n<p><strong>Andrew Waldron<\/strong><br \/>\n<span data-contrast=\"none\">Pr\u00e9sident<\/span><br \/>\n<span data-contrast=\"auto\">L\u2019Association canadienne d\u2019experts-conseils en patrimoine<\/span><br \/>\n<a href=\"mailto:ed_dg@cahp-acecp.ca\">ed_dg@cahp-acecp.ca<\/a><\/p>\n<p><span data-ccp-props=\"{&quot;201341983&quot;:0,&quot;335559739&quot;:160,&quot;335559740&quot;:240}\">\u00a0<\/span><\/p>\n","protected":false},"excerpt":{"rendered":"<p>Dans un budget f\u00e9d\u00e9ral qui vise \u00e0 juste titre \u00e0 promouvoir la r\u00e9conciliation, \u00e0 appuyer la gouvernance et le renforcement&#8230;<\/p>\n","protected":false},"author":21,"featured_media":0,"parent":1437,"menu_order":0,"comment_status":"closed","ping_status":"closed","template":"","meta":{"_acf_changed":false,"footnotes":""},"class_list":["post-16945","page","type-page","status-publish","hentry"],"acf":[],"yoast_head":"<!-- This site is optimized with the Yoast SEO plugin v26.3 - https:\/\/yoast.com\/wordpress\/plugins\/seo\/ -->\n<title>Les quatre organismes pancanadiens du patrimoine r\u00e9agissent au budget f\u00e9d\u00e9ral de 2023 - Fiducie nationale du Canada<\/title>\n<meta name=\"robots\" content=\"index, follow, max-snippet:-1, max-image-preview:large, max-video-preview:-1\" \/>\n<link rel=\"canonical\" href=\"https:\/\/nationaltrustcanada.ca\/fr\/ce-que-vous-pouvez-faire\/advocacy-action\/les-quatre-organismes-pancanadiens-du-patrimoine-reagissent-au-budget-federal-de-2023\" \/>\n<meta property=\"og:locale\" content=\"fr_FR\" \/>\n<meta property=\"og:type\" content=\"article\" \/>\n<meta property=\"og:title\" content=\"Les quatre organismes pancanadiens du patrimoine r\u00e9agissent au budget f\u00e9d\u00e9ral de 2023 - Fiducie nationale du Canada\" \/>\n<meta property=\"og:description\" content=\"Dans un budget f\u00e9d\u00e9ral qui vise \u00e0 juste titre \u00e0 promouvoir la r\u00e9conciliation, \u00e0 appuyer la gouvernance et le renforcement...\" \/>\n<meta property=\"og:url\" content=\"https:\/\/nationaltrustcanada.ca\/fr\/ce-que-vous-pouvez-faire\/advocacy-action\/les-quatre-organismes-pancanadiens-du-patrimoine-reagissent-au-budget-federal-de-2023\" \/>\n<meta property=\"og:site_name\" content=\"Fiducie nationale du Canada\" \/>\n<meta property=\"og:image\" content=\"https:\/\/nationaltrustcanada.ca\/wp-content\/uploads\/2022\/04\/MicrosoftTeams-image-1-300x100.jpg\" \/>\n<meta name=\"twitter:card\" content=\"summary_large_image\" \/>\n<meta name=\"twitter:label1\" content=\"Dur\u00e9e de lecture estim\u00e9e\" \/>\n\t<meta name=\"twitter:data1\" content=\"6 minutes\" \/>\n<script type=\"application\/ld+json\" class=\"yoast-schema-graph\">{\"@context\":\"https:\/\/schema.org\",\"@graph\":[{\"@type\":\"WebPage\",\"@id\":\"https:\/\/nationaltrustcanada.ca\/fr\/ce-que-vous-pouvez-faire\/advocacy-action\/les-quatre-organismes-pancanadiens-du-patrimoine-reagissent-au-budget-federal-de-2023\",\"url\":\"https:\/\/nationaltrustcanada.ca\/fr\/ce-que-vous-pouvez-faire\/advocacy-action\/les-quatre-organismes-pancanadiens-du-patrimoine-reagissent-au-budget-federal-de-2023\",\"name\":\"Les quatre organismes pancanadiens du patrimoine r\u00e9agissent au budget f\u00e9d\u00e9ral de 2023 - Fiducie nationale du Canada\",\"isPartOf\":{\"@id\":\"https:\/\/nationaltrustcanada.ca\/#website\"},\"primaryImageOfPage\":{\"@id\":\"https:\/\/nationaltrustcanada.ca\/fr\/ce-que-vous-pouvez-faire\/advocacy-action\/les-quatre-organismes-pancanadiens-du-patrimoine-reagissent-au-budget-federal-de-2023#primaryimage\"},\"image\":{\"@id\":\"https:\/\/nationaltrustcanada.ca\/fr\/ce-que-vous-pouvez-faire\/advocacy-action\/les-quatre-organismes-pancanadiens-du-patrimoine-reagissent-au-budget-federal-de-2023#primaryimage\"},\"thumbnailUrl\":\"https:\/\/nationaltrustcanada.ca\/wp-content\/uploads\/2022\/04\/MicrosoftTeams-image-1-300x100.jpg\",\"datePublished\":\"2023-03-29T21:32:26+00:00\",\"breadcrumb\":{\"@id\":\"https:\/\/nationaltrustcanada.ca\/fr\/ce-que-vous-pouvez-faire\/advocacy-action\/les-quatre-organismes-pancanadiens-du-patrimoine-reagissent-au-budget-federal-de-2023#breadcrumb\"},\"inLanguage\":\"fr-FR\",\"potentialAction\":[{\"@type\":\"ReadAction\",\"target\":[\"https:\/\/nationaltrustcanada.ca\/fr\/ce-que-vous-pouvez-faire\/advocacy-action\/les-quatre-organismes-pancanadiens-du-patrimoine-reagissent-au-budget-federal-de-2023\"]}]},{\"@type\":\"ImageObject\",\"inLanguage\":\"fr-FR\",\"@id\":\"https:\/\/nationaltrustcanada.ca\/fr\/ce-que-vous-pouvez-faire\/advocacy-action\/les-quatre-organismes-pancanadiens-du-patrimoine-reagissent-au-budget-federal-de-2023#primaryimage\",\"url\":\"https:\/\/nationaltrustcanada.ca\/wp-content\/uploads\/2022\/04\/MicrosoftTeams-image-1-300x100.jpg\",\"contentUrl\":\"https:\/\/nationaltrustcanada.ca\/wp-content\/uploads\/2022\/04\/MicrosoftTeams-image-1-300x100.jpg\"},{\"@type\":\"BreadcrumbList\",\"@id\":\"https:\/\/nationaltrustcanada.ca\/fr\/ce-que-vous-pouvez-faire\/advocacy-action\/les-quatre-organismes-pancanadiens-du-patrimoine-reagissent-au-budget-federal-de-2023#breadcrumb\",\"itemListElement\":[{\"@type\":\"ListItem\",\"position\":1,\"name\":\"Home\",\"item\":\"https:\/\/nationaltrustcanada.ca\/fr\"},{\"@type\":\"ListItem\",\"position\":2,\"name\":\"Ce que vous pouvez faire\",\"item\":\"https:\/\/nationaltrustcanada.ca\/fr\/ce-que-vous-pouvez-faire\"},{\"@type\":\"ListItem\",\"position\":3,\"name\":\"Action citoyenne\",\"item\":\"https:\/\/nationaltrustcanada.ca\/fr\/ce-que-vous-pouvez-faire\/advocacy-action\"},{\"@type\":\"ListItem\",\"position\":4,\"name\":\"Les quatre organismes pancanadiens du patrimoine r\u00e9agissent au budget f\u00e9d\u00e9ral de 2023\"}]},{\"@type\":\"WebSite\",\"@id\":\"https:\/\/nationaltrustcanada.ca\/#website\",\"url\":\"https:\/\/nationaltrustcanada.ca\/\",\"name\":\"Fiducie nationale du Canada\",\"description\":\"Bringing Heritage to Life\",\"potentialAction\":[{\"@type\":\"SearchAction\",\"target\":{\"@type\":\"EntryPoint\",\"urlTemplate\":\"https:\/\/nationaltrustcanada.ca\/?s={search_term_string}\"},\"query-input\":{\"@type\":\"PropertyValueSpecification\",\"valueRequired\":true,\"valueName\":\"search_term_string\"}}],\"inLanguage\":\"fr-FR\"}]}<\/script>\n<!-- \/ Yoast SEO plugin. -->","yoast_head_json":{"title":"Les quatre organismes pancanadiens du patrimoine r\u00e9agissent au budget f\u00e9d\u00e9ral de 2023 - Fiducie nationale du Canada","robots":{"index":"index","follow":"follow","max-snippet":"max-snippet:-1","max-image-preview":"max-image-preview:large","max-video-preview":"max-video-preview:-1"},"canonical":"https:\/\/nationaltrustcanada.ca\/fr\/ce-que-vous-pouvez-faire\/advocacy-action\/les-quatre-organismes-pancanadiens-du-patrimoine-reagissent-au-budget-federal-de-2023","og_locale":"fr_FR","og_type":"article","og_title":"Les quatre organismes pancanadiens du patrimoine r\u00e9agissent au budget f\u00e9d\u00e9ral de 2023 - Fiducie nationale du Canada","og_description":"Dans un budget f\u00e9d\u00e9ral qui vise \u00e0 juste titre \u00e0 promouvoir la r\u00e9conciliation, \u00e0 appuyer la gouvernance et le renforcement...","og_url":"https:\/\/nationaltrustcanada.ca\/fr\/ce-que-vous-pouvez-faire\/advocacy-action\/les-quatre-organismes-pancanadiens-du-patrimoine-reagissent-au-budget-federal-de-2023","og_site_name":"Fiducie nationale du Canada","og_image":[{"url":"https:\/\/nationaltrustcanada.ca\/wp-content\/uploads\/2022\/04\/MicrosoftTeams-image-1-300x100.jpg","type":"","width":"","height":""}],"twitter_card":"summary_large_image","twitter_misc":{"Dur\u00e9e de lecture estim\u00e9e":"6 minutes"},"schema":{"@context":"https:\/\/schema.org","@graph":[{"@type":"WebPage","@id":"https:\/\/nationaltrustcanada.ca\/fr\/ce-que-vous-pouvez-faire\/advocacy-action\/les-quatre-organismes-pancanadiens-du-patrimoine-reagissent-au-budget-federal-de-2023","url":"https:\/\/nationaltrustcanada.ca\/fr\/ce-que-vous-pouvez-faire\/advocacy-action\/les-quatre-organismes-pancanadiens-du-patrimoine-reagissent-au-budget-federal-de-2023","name":"Les quatre organismes pancanadiens du patrimoine r\u00e9agissent au budget f\u00e9d\u00e9ral de 2023 - Fiducie nationale du Canada","isPartOf":{"@id":"https:\/\/nationaltrustcanada.ca\/#website"},"primaryImageOfPage":{"@id":"https:\/\/nationaltrustcanada.ca\/fr\/ce-que-vous-pouvez-faire\/advocacy-action\/les-quatre-organismes-pancanadiens-du-patrimoine-reagissent-au-budget-federal-de-2023#primaryimage"},"image":{"@id":"https:\/\/nationaltrustcanada.ca\/fr\/ce-que-vous-pouvez-faire\/advocacy-action\/les-quatre-organismes-pancanadiens-du-patrimoine-reagissent-au-budget-federal-de-2023#primaryimage"},"thumbnailUrl":"https:\/\/nationaltrustcanada.ca\/wp-content\/uploads\/2022\/04\/MicrosoftTeams-image-1-300x100.jpg","datePublished":"2023-03-29T21:32:26+00:00","breadcrumb":{"@id":"https:\/\/nationaltrustcanada.ca\/fr\/ce-que-vous-pouvez-faire\/advocacy-action\/les-quatre-organismes-pancanadiens-du-patrimoine-reagissent-au-budget-federal-de-2023#breadcrumb"},"inLanguage":"fr-FR","potentialAction":[{"@type":"ReadAction","target":["https:\/\/nationaltrustcanada.ca\/fr\/ce-que-vous-pouvez-faire\/advocacy-action\/les-quatre-organismes-pancanadiens-du-patrimoine-reagissent-au-budget-federal-de-2023"]}]},{"@type":"ImageObject","inLanguage":"fr-FR","@id":"https:\/\/nationaltrustcanada.ca\/fr\/ce-que-vous-pouvez-faire\/advocacy-action\/les-quatre-organismes-pancanadiens-du-patrimoine-reagissent-au-budget-federal-de-2023#primaryimage","url":"https:\/\/nationaltrustcanada.ca\/wp-content\/uploads\/2022\/04\/MicrosoftTeams-image-1-300x100.jpg","contentUrl":"https:\/\/nationaltrustcanada.ca\/wp-content\/uploads\/2022\/04\/MicrosoftTeams-image-1-300x100.jpg"},{"@type":"BreadcrumbList","@id":"https:\/\/nationaltrustcanada.ca\/fr\/ce-que-vous-pouvez-faire\/advocacy-action\/les-quatre-organismes-pancanadiens-du-patrimoine-reagissent-au-budget-federal-de-2023#breadcrumb","itemListElement":[{"@type":"ListItem","position":1,"name":"Home","item":"https:\/\/nationaltrustcanada.ca\/fr"},{"@type":"ListItem","position":2,"name":"Ce que vous pouvez faire","item":"https:\/\/nationaltrustcanada.ca\/fr\/ce-que-vous-pouvez-faire"},{"@type":"ListItem","position":3,"name":"Action citoyenne","item":"https:\/\/nationaltrustcanada.ca\/fr\/ce-que-vous-pouvez-faire\/advocacy-action"},{"@type":"ListItem","position":4,"name":"Les quatre organismes pancanadiens du patrimoine r\u00e9agissent au budget f\u00e9d\u00e9ral de 2023"}]},{"@type":"WebSite","@id":"https:\/\/nationaltrustcanada.ca\/#website","url":"https:\/\/nationaltrustcanada.ca\/","name":"Fiducie nationale du Canada","description":"Bringing Heritage to Life","potentialAction":[{"@type":"SearchAction","target":{"@type":"EntryPoint","urlTemplate":"https:\/\/nationaltrustcanada.ca\/?s={search_term_string}"},"query-input":{"@type":"PropertyValueSpecification","valueRequired":true,"valueName":"search_term_string"}}],"inLanguage":"fr-FR"}]}},"_links":{"self":[{"href":"https:\/\/nationaltrustcanada.ca\/fr\/wp-json\/wp\/v2\/pages\/16945","targetHints":{"allow":["GET"]}}],"collection":[{"href":"https:\/\/nationaltrustcanada.ca\/fr\/wp-json\/wp\/v2\/pages"}],"about":[{"href":"https:\/\/nationaltrustcanada.ca\/fr\/wp-json\/wp\/v2\/types\/page"}],"author":[{"embeddable":true,"href":"https:\/\/nationaltrustcanada.ca\/fr\/wp-json\/wp\/v2\/users\/21"}],"replies":[{"embeddable":true,"href":"https:\/\/nationaltrustcanada.ca\/fr\/wp-json\/wp\/v2\/comments?post=16945"}],"version-history":[{"count":2,"href":"https:\/\/nationaltrustcanada.ca\/fr\/wp-json\/wp\/v2\/pages\/16945\/revisions"}],"predecessor-version":[{"id":16952,"href":"https:\/\/nationaltrustcanada.ca\/fr\/wp-json\/wp\/v2\/pages\/16945\/revisions\/16952"}],"up":[{"embeddable":true,"href":"https:\/\/nationaltrustcanada.ca\/fr\/wp-json\/wp\/v2\/pages\/1437"}],"wp:attachment":[{"href":"https:\/\/nationaltrustcanada.ca\/fr\/wp-json\/wp\/v2\/media?parent=16945"}],"curies":[{"name":"wp","href":"https:\/\/api.w.org\/{rel}","templated":true}]}}