{"id":16453,"date":"2023-01-31T13:28:55","date_gmt":"2023-01-31T18:28:55","guid":{"rendered":"https:\/\/nationaltrustcanada.ca\/?page_id=16453"},"modified":"2026-01-22T09:19:42","modified_gmt":"2026-01-22T14:19:42","slug":"foire-aux-questions-le-beau-sauvetage","status":"publish","type":"page","link":"https:\/\/nationaltrustcanada.ca\/fr\/ce-que-vous-pouvez-faire\/beausauvetage\/foire-aux-questions-le-beau-sauvetage","title":{"rendered":"Foire aux questions \u2013 Le Beau Sauvetage"},"content":{"rendered":"<hr \/>\n<p><span style=\"color: #007298;\"><strong>Il semble que je ne peux pas voter. Pouvez-vous inscrire un vote pour moi?<\/strong><\/span><\/p>\n<p>Malheureusement, nous ne pouvons pas voter pour vous.<\/p>\n<p>&nbsp;<\/p>\n<p><span style=\"color: #007298;\"><strong>Est-ce que vous devez \u00eatre citoyen canadien pour voter en faveur de votre projet pr\u00e9f\u00e9r\u00e9?<\/strong><\/span><\/p>\n<p>Vous n\u2019avez pas besoin d\u2019\u00eatre citoyen canadien pour voter dans le concours Le Beau Sauvetage. Toute personne, partout au monde, qui a une adresse courriel peut voter.<\/p>\n<p>&nbsp;<\/p>\n<p><strong><span style=\"color: #007298;\">Est-ce que les groupes sauront que j\u2019ai vot\u00e9 pour eux?<\/span><\/strong><\/p>\n<p>Tous les votes sont anonymes.<\/p>\n<p>&nbsp;<\/p>\n<p><span style=\"color: #007298;\"><strong>J\u2019ai vot\u00e9 aujourd\u2019hui, mais je n\u2019ai pas re\u00e7u de courriel pour que je puisse confirmer mon vote.<\/strong><\/span><\/p>\n<p>Assurez-vous d\u2019avoir indiqu\u00e9 la bonne adresse courriel, y compris le bon domaine (p.\u202fex., gmail.com, hotmail.com, shaw.ca). V\u00e9rifiez votre dossier de pourriel au cas o\u00f9 votre courriel de confirmation s\u2019y trouverait. Vous devrez cliquer sur le lien dans votre courriel de confirmation pour que votre vote soit enregistr\u00e9 dans le concours Le Beau Sauvetage.<\/p>\n<p>&nbsp;<\/p>\n<p><span style=\"color: #007298;\"><strong>Mes courriels de confirmation aboutissent toujours dans mon dossier de pourriel.<\/strong><\/span><\/p>\n<p>Les param\u00e8tres de r\u00e9ception du courriel peuvent varier. Si vous trouvez un courriel de confirmation dans votre dossier de pourriel, marquez-le comme \u00e9tant \u00ab\u202fpas du pourriel\u202f\u00bb. Par la suite, les courriels de la Fiducie nationale du Canada devraient aller directement dans votre bo\u00eete de r\u00e9ception.<\/p>\n<p>&nbsp;<\/p>\n<p><span style=\"color: #007298;\"><strong>Comment est-ce que les groupes du concours ont \u00e9t\u00e9 choisis?<\/strong><\/span><\/p>\n<p>Les candidatures \u00e9taient accept\u00e9es \u00e0 partir janvier, de la part d\u2019organismes sans but lucratif du domaine du patrimoine voulant faire partie du concours Le Beau Sauvetage. Les groupes candidats devaient soumettre une demande indiquant l\u2019historique de leur site, leurs projets de r\u00e9habilitation, des photos et leurs comptes sur les m\u00e9dias sociaux, pour qu\u2019un jury les examine. Douze projets ont \u00e9t\u00e9 choisis en fonction de la solidit\u00e9 de leur dossier et de leur int\u00e9r\u00eat dans le cadre d\u2019un concours national. Le d\u00e9tail des crit\u00e8res d\u2019admissibilit\u00e9 se trouve ici.<\/p>\n<p>&nbsp;<\/p>\n<p><span style=\"color: #007298;\"><strong>Combien de projets gagneront-ils le prix?<\/strong><\/span><\/p>\n<p>Douze lieux patrimoniaux sollicitent votre vote pour remporter 65 000 $ en prix afin d\u2019aider leur communaut\u00e9 \u00e0 pr\u00e9server un lieu qui compte. Chaque finaliste propose un projet visant \u00e0 adapter, moderniser, restaurer ou am\u00e9liorer un site patrimonial de mani\u00e8re \u00e0 prolonger sa dur\u00e9e de vie et \u00e0 r\u00e9pondre aux besoins de la communaut\u00e9. L\u2019\u00e9quipe qui obtiendra le plus grand nombre de votes remportera le grand prix de 50 000 $.<\/p>\n<p>&nbsp;<\/p>\n<p>&nbsp;<\/p>\n","protected":false},"excerpt":{"rendered":"<p>Il semble que je ne peux pas voter. Pouvez-vous inscrire un vote pour moi? Malheureusement, nous ne pouvons pas voter&#8230;<\/p>\n","protected":false},"author":1,"featured_media":0,"parent":15086,"menu_order":0,"comment_status":"closed","ping_status":"closed","template":"","meta":{"_acf_changed":false,"footnotes":""},"class_list":["post-16453","page","type-page","status-publish","hentry"],"acf":[],"yoast_head":"<!-- This site is optimized with the Yoast SEO plugin v26.3 - https:\/\/yoast.com\/wordpress\/plugins\/seo\/ -->\n<title>Foire aux questions \u2013 Le Beau Sauvetage - Fiducie nationale du Canada<\/title>\n<meta name=\"robots\" content=\"index, follow, max-snippet:-1, max-image-preview:large, max-video-preview:-1\" \/>\n<link rel=\"canonical\" href=\"https:\/\/nationaltrustcanada.ca\/fr\/ce-que-vous-pouvez-faire\/beausauvetage\/foire-aux-questions-le-beau-sauvetage\" \/>\n<meta property=\"og:locale\" content=\"fr_FR\" \/>\n<meta property=\"og:type\" content=\"article\" \/>\n<meta property=\"og:title\" content=\"Foire aux questions \u2013 Le Beau Sauvetage - Fiducie nationale du Canada\" \/>\n<meta property=\"og:description\" content=\"Il semble que je ne peux pas voter. Pouvez-vous inscrire un vote pour moi? Malheureusement, nous ne pouvons pas voter...\" \/>\n<meta property=\"og:url\" content=\"https:\/\/nationaltrustcanada.ca\/fr\/ce-que-vous-pouvez-faire\/beausauvetage\/foire-aux-questions-le-beau-sauvetage\" \/>\n<meta property=\"og:site_name\" content=\"Fiducie nationale du Canada\" \/>\n<meta property=\"article:modified_time\" content=\"2026-01-22T14:19:42+00:00\" \/>\n<meta name=\"twitter:card\" content=\"summary_large_image\" \/>\n<meta name=\"twitter:label1\" content=\"Dur\u00e9e de lecture estim\u00e9e\" \/>\n\t<meta name=\"twitter:data1\" content=\"2 minutes\" \/>\n<script type=\"application\/ld+json\" class=\"yoast-schema-graph\">{\"@context\":\"https:\/\/schema.org\",\"@graph\":[{\"@type\":\"WebPage\",\"@id\":\"https:\/\/nationaltrustcanada.ca\/fr\/ce-que-vous-pouvez-faire\/beausauvetage\/foire-aux-questions-le-beau-sauvetage\",\"url\":\"https:\/\/nationaltrustcanada.ca\/fr\/ce-que-vous-pouvez-faire\/beausauvetage\/foire-aux-questions-le-beau-sauvetage\",\"name\":\"Foire aux questions \u2013 Le Beau Sauvetage - Fiducie nationale du Canada\",\"isPartOf\":{\"@id\":\"https:\/\/nationaltrustcanada.ca\/#website\"},\"datePublished\":\"2023-01-31T18:28:55+00:00\",\"dateModified\":\"2026-01-22T14:19:42+00:00\",\"breadcrumb\":{\"@id\":\"https:\/\/nationaltrustcanada.ca\/fr\/ce-que-vous-pouvez-faire\/beausauvetage\/foire-aux-questions-le-beau-sauvetage#breadcrumb\"},\"inLanguage\":\"fr-FR\",\"potentialAction\":[{\"@type\":\"ReadAction\",\"target\":[\"https:\/\/nationaltrustcanada.ca\/fr\/ce-que-vous-pouvez-faire\/beausauvetage\/foire-aux-questions-le-beau-sauvetage\"]}]},{\"@type\":\"BreadcrumbList\",\"@id\":\"https:\/\/nationaltrustcanada.ca\/fr\/ce-que-vous-pouvez-faire\/beausauvetage\/foire-aux-questions-le-beau-sauvetage#breadcrumb\",\"itemListElement\":[{\"@type\":\"ListItem\",\"position\":1,\"name\":\"Home\",\"item\":\"https:\/\/nationaltrustcanada.ca\/fr\"},{\"@type\":\"ListItem\",\"position\":2,\"name\":\"Ce que vous pouvez faire\",\"item\":\"https:\/\/nationaltrustcanada.ca\/fr\/ce-que-vous-pouvez-faire\"},{\"@type\":\"ListItem\",\"position\":3,\"name\":\"LE BEAU SAUVETAGE\",\"item\":\"https:\/\/nationaltrustcanada.ca\/fr\/ce-que-vous-pouvez-faire\/beausauvetage\"},{\"@type\":\"ListItem\",\"position\":4,\"name\":\"Foire aux questions \u2013 Le Beau Sauvetage\"}]},{\"@type\":\"WebSite\",\"@id\":\"https:\/\/nationaltrustcanada.ca\/#website\",\"url\":\"https:\/\/nationaltrustcanada.ca\/\",\"name\":\"Fiducie nationale du Canada\",\"description\":\"Bringing Heritage to Life\",\"potentialAction\":[{\"@type\":\"SearchAction\",\"target\":{\"@type\":\"EntryPoint\",\"urlTemplate\":\"https:\/\/nationaltrustcanada.ca\/?s={search_term_string}\"},\"query-input\":{\"@type\":\"PropertyValueSpecification\",\"valueRequired\":true,\"valueName\":\"search_term_string\"}}],\"inLanguage\":\"fr-FR\"}]}<\/script>\n<!-- \/ Yoast SEO plugin. -->","yoast_head_json":{"title":"Foire aux questions \u2013 Le Beau Sauvetage - Fiducie nationale du Canada","robots":{"index":"index","follow":"follow","max-snippet":"max-snippet:-1","max-image-preview":"max-image-preview:large","max-video-preview":"max-video-preview:-1"},"canonical":"https:\/\/nationaltrustcanada.ca\/fr\/ce-que-vous-pouvez-faire\/beausauvetage\/foire-aux-questions-le-beau-sauvetage","og_locale":"fr_FR","og_type":"article","og_title":"Foire aux questions \u2013 Le Beau Sauvetage - Fiducie nationale du Canada","og_description":"Il semble que je ne peux pas voter. Pouvez-vous inscrire un vote pour moi? Malheureusement, nous ne pouvons pas voter...","og_url":"https:\/\/nationaltrustcanada.ca\/fr\/ce-que-vous-pouvez-faire\/beausauvetage\/foire-aux-questions-le-beau-sauvetage","og_site_name":"Fiducie nationale du Canada","article_modified_time":"2026-01-22T14:19:42+00:00","twitter_card":"summary_large_image","twitter_misc":{"Dur\u00e9e de lecture estim\u00e9e":"2 minutes"},"schema":{"@context":"https:\/\/schema.org","@graph":[{"@type":"WebPage","@id":"https:\/\/nationaltrustcanada.ca\/fr\/ce-que-vous-pouvez-faire\/beausauvetage\/foire-aux-questions-le-beau-sauvetage","url":"https:\/\/nationaltrustcanada.ca\/fr\/ce-que-vous-pouvez-faire\/beausauvetage\/foire-aux-questions-le-beau-sauvetage","name":"Foire aux questions \u2013 Le Beau Sauvetage - Fiducie nationale du Canada","isPartOf":{"@id":"https:\/\/nationaltrustcanada.ca\/#website"},"datePublished":"2023-01-31T18:28:55+00:00","dateModified":"2026-01-22T14:19:42+00:00","breadcrumb":{"@id":"https:\/\/nationaltrustcanada.ca\/fr\/ce-que-vous-pouvez-faire\/beausauvetage\/foire-aux-questions-le-beau-sauvetage#breadcrumb"},"inLanguage":"fr-FR","potentialAction":[{"@type":"ReadAction","target":["https:\/\/nationaltrustcanada.ca\/fr\/ce-que-vous-pouvez-faire\/beausauvetage\/foire-aux-questions-le-beau-sauvetage"]}]},{"@type":"BreadcrumbList","@id":"https:\/\/nationaltrustcanada.ca\/fr\/ce-que-vous-pouvez-faire\/beausauvetage\/foire-aux-questions-le-beau-sauvetage#breadcrumb","itemListElement":[{"@type":"ListItem","position":1,"name":"Home","item":"https:\/\/nationaltrustcanada.ca\/fr"},{"@type":"ListItem","position":2,"name":"Ce que vous pouvez faire","item":"https:\/\/nationaltrustcanada.ca\/fr\/ce-que-vous-pouvez-faire"},{"@type":"ListItem","position":3,"name":"LE BEAU SAUVETAGE","item":"https:\/\/nationaltrustcanada.ca\/fr\/ce-que-vous-pouvez-faire\/beausauvetage"},{"@type":"ListItem","position":4,"name":"Foire aux questions \u2013 Le Beau Sauvetage"}]},{"@type":"WebSite","@id":"https:\/\/nationaltrustcanada.ca\/#website","url":"https:\/\/nationaltrustcanada.ca\/","name":"Fiducie nationale du Canada","description":"Bringing Heritage to Life","potentialAction":[{"@type":"SearchAction","target":{"@type":"EntryPoint","urlTemplate":"https:\/\/nationaltrustcanada.ca\/?s={search_term_string}"},"query-input":{"@type":"PropertyValueSpecification","valueRequired":true,"valueName":"search_term_string"}}],"inLanguage":"fr-FR"}]}},"_links":{"self":[{"href":"https:\/\/nationaltrustcanada.ca\/fr\/wp-json\/wp\/v2\/pages\/16453","targetHints":{"allow":["GET"]}}],"collection":[{"href":"https:\/\/nationaltrustcanada.ca\/fr\/wp-json\/wp\/v2\/pages"}],"about":[{"href":"https:\/\/nationaltrustcanada.ca\/fr\/wp-json\/wp\/v2\/types\/page"}],"author":[{"embeddable":true,"href":"https:\/\/nationaltrustcanada.ca\/fr\/wp-json\/wp\/v2\/users\/1"}],"replies":[{"embeddable":true,"href":"https:\/\/nationaltrustcanada.ca\/fr\/wp-json\/wp\/v2\/comments?post=16453"}],"version-history":[{"count":3,"href":"https:\/\/nationaltrustcanada.ca\/fr\/wp-json\/wp\/v2\/pages\/16453\/revisions"}],"predecessor-version":[{"id":22934,"href":"https:\/\/nationaltrustcanada.ca\/fr\/wp-json\/wp\/v2\/pages\/16453\/revisions\/22934"}],"up":[{"embeddable":true,"href":"https:\/\/nationaltrustcanada.ca\/fr\/wp-json\/wp\/v2\/pages\/15086"}],"wp:attachment":[{"href":"https:\/\/nationaltrustcanada.ca\/fr\/wp-json\/wp\/v2\/media?parent=16453"}],"curies":[{"name":"wp","href":"https:\/\/api.w.org\/{rel}","templated":true}]}}