{"id":1637,"date":"2017-09-01T13:30:13","date_gmt":"2017-09-01T13:30:13","guid":{"rendered":"http:\/\/nationaltrustcanada.ca?page_id=1637"},"modified":"2018-01-02T10:59:16","modified_gmt":"2018-01-02T15:59:16","slug":"bill-c-323-an-act-to-create-tax-incentives-for-the-rehabilitation-of-historic-property","status":"publish","type":"page","link":"https:\/\/nationaltrustcanada.ca\/fr\/ce-que-vous-pouvez-faire\/advocacy-action\/bill-c-323-an-act-to-create-tax-incentives-for-the-rehabilitation-of-historic-property","title":{"rendered":"La Chambre des communes examine la situation des lieux historiques au Canada. C\u2019est le moment d\u2019exprimer vos opinions!"},"content":{"rendered":"<form action=\"https:\/\/www.surveymonkey.com\/r\/changerladonnepourlepatrimoine\"><input type=\"submit\" value=\"Prendre 2 minutes pour signer notre \u00e9nonc\u00e9 des priorit\u00e9s\" \/><\/form>\n<p>Le 1<sup>er<\/sup>\u00a0d\u00e9cembre 2016, un d\u00e9put\u00e9 a pr\u00e9sent\u00e9 \u00e0 la Chambre des communes un projet de loi d\u2019initiative parlementaire qui cr\u00e9erait des cr\u00e9dits d\u2019imp\u00f4t relativement aux lieux historiques. Le projet de loi C\u2011323 \u2013 <em>Loi modifiant la Loi de l\u2019imp\u00f4t sur le revenu (r\u00e9habilitation de propri\u00e9t\u00e9s historiques)<\/em> \u2013 s\u2019inspire du grand succ\u00e8s obtenu en la mati\u00e8re aux \u00c9tats-Unis, depuis 40\u00a0ans. Le projet de loi offre une occasion historique de dire aux \u00e9lus de tous les partis politiques que les lieux historiques du Canada importent et que des mesures f\u00e9d\u00e9rales peuvent aider \u00e0 les sauver et \u00e0 les renouveler.<\/p>\n<p>Le cabinet du ministre des Finances a affirm\u00e9 que le gouvernement s\u2019opposera au projet de loi C\u2011323.<\/p>\n<p>Si le gouvernement n\u2019appuie pas le projet de loi C-323 tel que r\u00e9dig\u00e9, va-t-il envisager des amendements? Sinon, quand et comment le gouvernement lib\u00e9ral donnera-t-il suite \u00e0 sa promesse d\u2019examiner des incitatifs financiers pour les lieux historiques?<\/p>\n<p>Le Parti lib\u00e9ral du Canada a exprim\u00e9 sa disposition \u00e0 envisager des incitatifs financiers pour les lieux historiques, dans son message pr\u00e9-\u00e9lectoral d\u2019octobre 2015 au secteur du patrimoine. En r\u00e9ponse \u00e0 des questions que la Fiducie nationale du Canada avait soumises par \u00e9crit, la pr\u00e9sidente du Parti lib\u00e9ral Anna Gainey a \u00e9crit\u00a0:<\/p>\n<blockquote><p><em><strong>\u00ab\u00a0Un gouvernement lib\u00e9ral travaillera en partenariat avec le secteur du patrimoine et les autres parties int\u00e9ress\u00e9es afin d\u2019examiner les mesures qui encouragent la conservation et la restauration des monuments historiques. Par ailleurs, nous sommes ouverts \u00e0 des mesures qui utilisent le syst\u00e8me fiscal en vue de stimuler les investissements priv\u00e9s dans le patrimoine architectural canadien.\u00a0\u00bb\u00a0<\/strong><\/em><\/p><\/blockquote>\n<p>Les quelques prochaines semaines seront vitales pour le secteur du patrimoine. \u00c0 la fin novembre, le Comit\u00e9 de l\u2019environnement devrait pr\u00e9senter son rapport au Parlement sur le projet de loi C\u2011323 (<em>Loi modifiant la Loi de l\u2019imp\u00f4t sur le revenu (r\u00e9habilitation de propri\u00e9t\u00e9s historiques)<\/em>). Il rendra aussi ses recommandations \u00e0 la lumi\u00e8re d\u2019une \u00e9tude phare sur <a href=\"http:\/\/www.noscommunes.ca\/Committees\/fr\/ENVI\/StudyActivity?studyActivityId=9638005\" target=\"_blank\" rel=\"noopener\">Pr\u00e9servation et protection du patrimoine au canada<\/a>.<\/p>\n<p>Pour tous les chefs de file et organismes du patrimoine, c\u2019est le moment de se mobiliser et de s\u2019informer. <strong>Nous croyons fermement que nos r\u00e9actions individuelles et collectives doivent \u00eatre exprim\u00e9es \u00e0 haute voix, strat\u00e9giques et coordonn\u00e9es.<\/strong><\/p>\n<form action=\"https:\/\/www.surveymonkey.com\/r\/changerladonnepourlepatrimoine\"><input type=\"submit\" value=\"Prendre 2 minutes pour signer notre \u00e9nonc\u00e9 des priorit\u00e9s\" \/><\/form>\n<p>&nbsp;<\/p>\n","protected":false},"excerpt":{"rendered":"<p>Le 1er\u00a0d\u00e9cembre 2016, un d\u00e9put\u00e9 a pr\u00e9sent\u00e9 \u00e0 la Chambre des communes un projet de loi d\u2019initiative parlementaire qui cr\u00e9erait&#8230;<\/p>\n","protected":false},"author":4,"featured_media":0,"parent":1437,"menu_order":0,"comment_status":"closed","ping_status":"closed","template":"","meta":{"_acf_changed":false,"footnotes":""},"class_list":["post-1637","page","type-page","status-publish","hentry"],"acf":[],"yoast_head":"<!-- This site is optimized with the Yoast SEO plugin v26.3 - https:\/\/yoast.com\/wordpress\/plugins\/seo\/ -->\n<title>La Chambre des communes examine la situation des lieux historiques au Canada. C\u2019est le moment d\u2019exprimer vos opinions! - Fiducie nationale du Canada<\/title>\n<meta name=\"robots\" content=\"index, follow, max-snippet:-1, max-image-preview:large, max-video-preview:-1\" \/>\n<link rel=\"canonical\" href=\"https:\/\/nationaltrustcanada.ca\/fr\/ce-que-vous-pouvez-faire\/advocacy-action\/bill-c-323-an-act-to-create-tax-incentives-for-the-rehabilitation-of-historic-property\" \/>\n<meta property=\"og:locale\" content=\"fr_FR\" \/>\n<meta property=\"og:type\" content=\"article\" \/>\n<meta property=\"og:title\" content=\"La Chambre des communes examine la situation des lieux historiques au Canada. C\u2019est le moment d\u2019exprimer vos opinions! - Fiducie nationale du Canada\" \/>\n<meta property=\"og:description\" content=\"Le 1er\u00a0d\u00e9cembre 2016, un d\u00e9put\u00e9 a pr\u00e9sent\u00e9 \u00e0 la Chambre des communes un projet de loi d\u2019initiative parlementaire qui cr\u00e9erait...\" \/>\n<meta property=\"og:url\" content=\"https:\/\/nationaltrustcanada.ca\/fr\/ce-que-vous-pouvez-faire\/advocacy-action\/bill-c-323-an-act-to-create-tax-incentives-for-the-rehabilitation-of-historic-property\" \/>\n<meta property=\"og:site_name\" content=\"Fiducie nationale du Canada\" \/>\n<meta property=\"article:modified_time\" content=\"2018-01-02T15:59:16+00:00\" \/>\n<meta name=\"twitter:card\" content=\"summary_large_image\" \/>\n<meta name=\"twitter:label1\" content=\"Dur\u00e9e de lecture estim\u00e9e\" \/>\n\t<meta name=\"twitter:data1\" content=\"2 minutes\" \/>\n<script type=\"application\/ld+json\" class=\"yoast-schema-graph\">{\"@context\":\"https:\/\/schema.org\",\"@graph\":[{\"@type\":\"WebPage\",\"@id\":\"https:\/\/nationaltrustcanada.ca\/fr\/ce-que-vous-pouvez-faire\/advocacy-action\/bill-c-323-an-act-to-create-tax-incentives-for-the-rehabilitation-of-historic-property\",\"url\":\"https:\/\/nationaltrustcanada.ca\/fr\/ce-que-vous-pouvez-faire\/advocacy-action\/bill-c-323-an-act-to-create-tax-incentives-for-the-rehabilitation-of-historic-property\",\"name\":\"La Chambre des communes examine la situation des lieux historiques au Canada. C\u2019est le moment d\u2019exprimer vos opinions! - Fiducie nationale du Canada\",\"isPartOf\":{\"@id\":\"https:\/\/nationaltrustcanada.ca\/#website\"},\"datePublished\":\"2017-09-01T13:30:13+00:00\",\"dateModified\":\"2018-01-02T15:59:16+00:00\",\"breadcrumb\":{\"@id\":\"https:\/\/nationaltrustcanada.ca\/fr\/ce-que-vous-pouvez-faire\/advocacy-action\/bill-c-323-an-act-to-create-tax-incentives-for-the-rehabilitation-of-historic-property#breadcrumb\"},\"inLanguage\":\"fr-FR\",\"potentialAction\":[{\"@type\":\"ReadAction\",\"target\":[\"https:\/\/nationaltrustcanada.ca\/fr\/ce-que-vous-pouvez-faire\/advocacy-action\/bill-c-323-an-act-to-create-tax-incentives-for-the-rehabilitation-of-historic-property\"]}]},{\"@type\":\"BreadcrumbList\",\"@id\":\"https:\/\/nationaltrustcanada.ca\/fr\/ce-que-vous-pouvez-faire\/advocacy-action\/bill-c-323-an-act-to-create-tax-incentives-for-the-rehabilitation-of-historic-property#breadcrumb\",\"itemListElement\":[{\"@type\":\"ListItem\",\"position\":1,\"name\":\"Home\",\"item\":\"https:\/\/nationaltrustcanada.ca\/fr\"},{\"@type\":\"ListItem\",\"position\":2,\"name\":\"Ce que vous pouvez faire\",\"item\":\"https:\/\/nationaltrustcanada.ca\/fr\/ce-que-vous-pouvez-faire\"},{\"@type\":\"ListItem\",\"position\":3,\"name\":\"Action citoyenne\",\"item\":\"https:\/\/nationaltrustcanada.ca\/fr\/ce-que-vous-pouvez-faire\/advocacy-action\"},{\"@type\":\"ListItem\",\"position\":4,\"name\":\"La Chambre des communes examine la situation des lieux historiques au Canada. C\u2019est le moment d\u2019exprimer vos opinions!\"}]},{\"@type\":\"WebSite\",\"@id\":\"https:\/\/nationaltrustcanada.ca\/#website\",\"url\":\"https:\/\/nationaltrustcanada.ca\/\",\"name\":\"Fiducie nationale du Canada\",\"description\":\"Bringing Heritage to Life\",\"potentialAction\":[{\"@type\":\"SearchAction\",\"target\":{\"@type\":\"EntryPoint\",\"urlTemplate\":\"https:\/\/nationaltrustcanada.ca\/?s={search_term_string}\"},\"query-input\":{\"@type\":\"PropertyValueSpecification\",\"valueRequired\":true,\"valueName\":\"search_term_string\"}}],\"inLanguage\":\"fr-FR\"}]}<\/script>\n<!-- \/ Yoast SEO plugin. -->","yoast_head_json":{"title":"La Chambre des communes examine la situation des lieux historiques au Canada. C\u2019est le moment d\u2019exprimer vos opinions! - Fiducie nationale du Canada","robots":{"index":"index","follow":"follow","max-snippet":"max-snippet:-1","max-image-preview":"max-image-preview:large","max-video-preview":"max-video-preview:-1"},"canonical":"https:\/\/nationaltrustcanada.ca\/fr\/ce-que-vous-pouvez-faire\/advocacy-action\/bill-c-323-an-act-to-create-tax-incentives-for-the-rehabilitation-of-historic-property","og_locale":"fr_FR","og_type":"article","og_title":"La Chambre des communes examine la situation des lieux historiques au Canada. C\u2019est le moment d\u2019exprimer vos opinions! - Fiducie nationale du Canada","og_description":"Le 1er\u00a0d\u00e9cembre 2016, un d\u00e9put\u00e9 a pr\u00e9sent\u00e9 \u00e0 la Chambre des communes un projet de loi d\u2019initiative parlementaire qui cr\u00e9erait...","og_url":"https:\/\/nationaltrustcanada.ca\/fr\/ce-que-vous-pouvez-faire\/advocacy-action\/bill-c-323-an-act-to-create-tax-incentives-for-the-rehabilitation-of-historic-property","og_site_name":"Fiducie nationale du Canada","article_modified_time":"2018-01-02T15:59:16+00:00","twitter_card":"summary_large_image","twitter_misc":{"Dur\u00e9e de lecture estim\u00e9e":"2 minutes"},"schema":{"@context":"https:\/\/schema.org","@graph":[{"@type":"WebPage","@id":"https:\/\/nationaltrustcanada.ca\/fr\/ce-que-vous-pouvez-faire\/advocacy-action\/bill-c-323-an-act-to-create-tax-incentives-for-the-rehabilitation-of-historic-property","url":"https:\/\/nationaltrustcanada.ca\/fr\/ce-que-vous-pouvez-faire\/advocacy-action\/bill-c-323-an-act-to-create-tax-incentives-for-the-rehabilitation-of-historic-property","name":"La Chambre des communes examine la situation des lieux historiques au Canada. C\u2019est le moment d\u2019exprimer vos opinions! - Fiducie nationale du Canada","isPartOf":{"@id":"https:\/\/nationaltrustcanada.ca\/#website"},"datePublished":"2017-09-01T13:30:13+00:00","dateModified":"2018-01-02T15:59:16+00:00","breadcrumb":{"@id":"https:\/\/nationaltrustcanada.ca\/fr\/ce-que-vous-pouvez-faire\/advocacy-action\/bill-c-323-an-act-to-create-tax-incentives-for-the-rehabilitation-of-historic-property#breadcrumb"},"inLanguage":"fr-FR","potentialAction":[{"@type":"ReadAction","target":["https:\/\/nationaltrustcanada.ca\/fr\/ce-que-vous-pouvez-faire\/advocacy-action\/bill-c-323-an-act-to-create-tax-incentives-for-the-rehabilitation-of-historic-property"]}]},{"@type":"BreadcrumbList","@id":"https:\/\/nationaltrustcanada.ca\/fr\/ce-que-vous-pouvez-faire\/advocacy-action\/bill-c-323-an-act-to-create-tax-incentives-for-the-rehabilitation-of-historic-property#breadcrumb","itemListElement":[{"@type":"ListItem","position":1,"name":"Home","item":"https:\/\/nationaltrustcanada.ca\/fr"},{"@type":"ListItem","position":2,"name":"Ce que vous pouvez faire","item":"https:\/\/nationaltrustcanada.ca\/fr\/ce-que-vous-pouvez-faire"},{"@type":"ListItem","position":3,"name":"Action citoyenne","item":"https:\/\/nationaltrustcanada.ca\/fr\/ce-que-vous-pouvez-faire\/advocacy-action"},{"@type":"ListItem","position":4,"name":"La Chambre des communes examine la situation des lieux historiques au Canada. C\u2019est le moment d\u2019exprimer vos opinions!"}]},{"@type":"WebSite","@id":"https:\/\/nationaltrustcanada.ca\/#website","url":"https:\/\/nationaltrustcanada.ca\/","name":"Fiducie nationale du Canada","description":"Bringing Heritage to Life","potentialAction":[{"@type":"SearchAction","target":{"@type":"EntryPoint","urlTemplate":"https:\/\/nationaltrustcanada.ca\/?s={search_term_string}"},"query-input":{"@type":"PropertyValueSpecification","valueRequired":true,"valueName":"search_term_string"}}],"inLanguage":"fr-FR"}]}},"_links":{"self":[{"href":"https:\/\/nationaltrustcanada.ca\/fr\/wp-json\/wp\/v2\/pages\/1637","targetHints":{"allow":["GET"]}}],"collection":[{"href":"https:\/\/nationaltrustcanada.ca\/fr\/wp-json\/wp\/v2\/pages"}],"about":[{"href":"https:\/\/nationaltrustcanada.ca\/fr\/wp-json\/wp\/v2\/types\/page"}],"author":[{"embeddable":true,"href":"https:\/\/nationaltrustcanada.ca\/fr\/wp-json\/wp\/v2\/users\/4"}],"replies":[{"embeddable":true,"href":"https:\/\/nationaltrustcanada.ca\/fr\/wp-json\/wp\/v2\/comments?post=1637"}],"version-history":[{"count":39,"href":"https:\/\/nationaltrustcanada.ca\/fr\/wp-json\/wp\/v2\/pages\/1637\/revisions"}],"predecessor-version":[{"id":3377,"href":"https:\/\/nationaltrustcanada.ca\/fr\/wp-json\/wp\/v2\/pages\/1637\/revisions\/3377"}],"up":[{"embeddable":true,"href":"https:\/\/nationaltrustcanada.ca\/fr\/wp-json\/wp\/v2\/pages\/1437"}],"wp:attachment":[{"href":"https:\/\/nationaltrustcanada.ca\/fr\/wp-json\/wp\/v2\/media?parent=1637"}],"curies":[{"name":"wp","href":"https:\/\/api.w.org\/{rel}","templated":true}]}}