{"id":1578,"date":"2021-09-26T20:33:23","date_gmt":"2021-09-27T00:33:23","guid":{"rendered":"http:\/\/nationaltrustcanada.ca?page_id=1578"},"modified":"2024-09-27T13:30:55","modified_gmt":"2024-09-27T17:30:55","slug":"lieux-passeport-au-canada","status":"publish","type":"page","link":"https:\/\/nationaltrustcanada.ca\/fr\/des-lieux-a-visiter\/lieux-passeport-au-canada","title":{"rendered":"Lieux Passeport \u2013 Au Canada"},"content":{"rendered":"<p><strong>Le r\u00e9cit du Canada est racont\u00e9 par nos lieux inoubliables.<\/strong><\/p>\n<p>Que vous vous int\u00e9ressiez \u00e0 des ch\u00e2teaux, d\u2019anciennes prisons, des phares, des manoirs, des gares ou le patrimoine autochtones, il y a un Lieu passeport qui vous attend. Il n\u2019y a rien de tel que de d\u00e9couvrir l\u2019histoire du Canada dans un authentique lieu historique. D\u00e9couvrez des lieux qui \u00e9merveillent, enchantent et informent.<\/p>\n<p>Profitez de l\u2019entr\u00e9e GRATUITE \u00e0 ces lieux historiques sp\u00e9ciaux, en tant que membre de la Fiducie nationale. Cotisation \u00e0 partir de seulement 42 $. <a href=\"https:\/\/nationaltrustcanada.ca\/fr\/ce-que-vous-pouvez-faire\/devenez-membre\">Devenez membre d\u00e8s aujourd\u2019hui!<\/a><\/p>\n","protected":false},"excerpt":{"rendered":"<p>Le r\u00e9cit du Canada est racont\u00e9 par nos lieux inoubliables. Que vous vous int\u00e9ressiez \u00e0 des ch\u00e2teaux, d\u2019anciennes prisons, des&#8230;<\/p>\n","protected":false},"author":4,"featured_media":1199,"parent":1311,"menu_order":3,"comment_status":"closed","ping_status":"closed","template":"template-parts\/template-destinations.php","meta":{"_acf_changed":false,"footnotes":""},"class_list":["post-1578","page","type-page","status-publish","has-post-thumbnail","hentry"],"acf":[],"yoast_head":"<!-- This site is optimized with the Yoast SEO plugin v26.3 - https:\/\/yoast.com\/wordpress\/plugins\/seo\/ -->\n<title>Lieux Passeport \u2013 Au Canada - Fiducie nationale du Canada<\/title>\n<meta name=\"robots\" content=\"index, follow, max-snippet:-1, max-image-preview:large, max-video-preview:-1\" \/>\n<link rel=\"canonical\" href=\"https:\/\/nationaltrustcanada.ca\/fr\/des-lieux-a-visiter\/lieux-passeport-au-canada\" \/>\n<meta property=\"og:locale\" content=\"fr_FR\" \/>\n<meta property=\"og:type\" content=\"article\" \/>\n<meta property=\"og:title\" content=\"Lieux Passeport \u2013 Au Canada - Fiducie nationale du Canada\" \/>\n<meta property=\"og:description\" content=\"Le r\u00e9cit du Canada est racont\u00e9 par nos lieux inoubliables. Que vous vous int\u00e9ressiez \u00e0 des ch\u00e2teaux, d\u2019anciennes prisons, des...\" \/>\n<meta property=\"og:url\" content=\"https:\/\/nationaltrustcanada.ca\/fr\/des-lieux-a-visiter\/lieux-passeport-au-canada\" \/>\n<meta property=\"og:site_name\" content=\"Fiducie nationale du Canada\" \/>\n<meta property=\"article:modified_time\" content=\"2024-09-27T17:30:55+00:00\" \/>\n<meta property=\"og:image\" content=\"https:\/\/nationaltrustcanada.ca\/wp-content\/uploads\/2017\/07\/Lighthouse_PPC-e1506540066705.jpg\" \/>\n\t<meta property=\"og:image:width\" content=\"967\" \/>\n\t<meta property=\"og:image:height\" content=\"644\" \/>\n\t<meta property=\"og:image:type\" content=\"image\/jpeg\" \/>\n<meta name=\"twitter:card\" content=\"summary_large_image\" \/>\n<meta name=\"twitter:label1\" content=\"Dur\u00e9e de lecture estim\u00e9e\" \/>\n\t<meta name=\"twitter:data1\" content=\"1 minute\" \/>\n<script type=\"application\/ld+json\" class=\"yoast-schema-graph\">{\"@context\":\"https:\/\/schema.org\",\"@graph\":[{\"@type\":\"WebPage\",\"@id\":\"https:\/\/nationaltrustcanada.ca\/fr\/des-lieux-a-visiter\/lieux-passeport-au-canada\",\"url\":\"https:\/\/nationaltrustcanada.ca\/fr\/des-lieux-a-visiter\/lieux-passeport-au-canada\",\"name\":\"Lieux Passeport \u2013 Au Canada - Fiducie nationale du Canada\",\"isPartOf\":{\"@id\":\"https:\/\/nationaltrustcanada.ca\/#website\"},\"primaryImageOfPage\":{\"@id\":\"https:\/\/nationaltrustcanada.ca\/fr\/des-lieux-a-visiter\/lieux-passeport-au-canada#primaryimage\"},\"image\":{\"@id\":\"https:\/\/nationaltrustcanada.ca\/fr\/des-lieux-a-visiter\/lieux-passeport-au-canada#primaryimage\"},\"thumbnailUrl\":\"https:\/\/nationaltrustcanada.ca\/wp-content\/uploads\/2017\/07\/Lighthouse_PPC-e1506540066705.jpg\",\"datePublished\":\"2021-09-27T00:33:23+00:00\",\"dateModified\":\"2024-09-27T17:30:55+00:00\",\"breadcrumb\":{\"@id\":\"https:\/\/nationaltrustcanada.ca\/fr\/des-lieux-a-visiter\/lieux-passeport-au-canada#breadcrumb\"},\"inLanguage\":\"fr-FR\",\"potentialAction\":[{\"@type\":\"ReadAction\",\"target\":[\"https:\/\/nationaltrustcanada.ca\/fr\/des-lieux-a-visiter\/lieux-passeport-au-canada\"]}]},{\"@type\":\"ImageObject\",\"inLanguage\":\"fr-FR\",\"@id\":\"https:\/\/nationaltrustcanada.ca\/fr\/des-lieux-a-visiter\/lieux-passeport-au-canada#primaryimage\",\"url\":\"https:\/\/nationaltrustcanada.ca\/wp-content\/uploads\/2017\/07\/Lighthouse_PPC-e1506540066705.jpg\",\"contentUrl\":\"https:\/\/nationaltrustcanada.ca\/wp-content\/uploads\/2017\/07\/Lighthouse_PPC-e1506540066705.jpg\",\"width\":967,\"height\":644,\"caption\":\"Cape Bonavista\"},{\"@type\":\"BreadcrumbList\",\"@id\":\"https:\/\/nationaltrustcanada.ca\/fr\/des-lieux-a-visiter\/lieux-passeport-au-canada#breadcrumb\",\"itemListElement\":[{\"@type\":\"ListItem\",\"position\":1,\"name\":\"Home\",\"item\":\"https:\/\/nationaltrustcanada.ca\/fr\"},{\"@type\":\"ListItem\",\"position\":2,\"name\":\"Des lieux \u00e0 visiter\",\"item\":\"https:\/\/nationaltrustcanada.ca\/fr\/des-lieux-a-visiter\"},{\"@type\":\"ListItem\",\"position\":3,\"name\":\"Lieux Passeport \u2013 Au Canada\"}]},{\"@type\":\"WebSite\",\"@id\":\"https:\/\/nationaltrustcanada.ca\/#website\",\"url\":\"https:\/\/nationaltrustcanada.ca\/\",\"name\":\"Fiducie nationale du Canada\",\"description\":\"Bringing Heritage to Life\",\"potentialAction\":[{\"@type\":\"SearchAction\",\"target\":{\"@type\":\"EntryPoint\",\"urlTemplate\":\"https:\/\/nationaltrustcanada.ca\/?s={search_term_string}\"},\"query-input\":{\"@type\":\"PropertyValueSpecification\",\"valueRequired\":true,\"valueName\":\"search_term_string\"}}],\"inLanguage\":\"fr-FR\"}]}<\/script>\n<!-- \/ Yoast SEO plugin. -->","yoast_head_json":{"title":"Lieux Passeport \u2013 Au Canada - Fiducie nationale du Canada","robots":{"index":"index","follow":"follow","max-snippet":"max-snippet:-1","max-image-preview":"max-image-preview:large","max-video-preview":"max-video-preview:-1"},"canonical":"https:\/\/nationaltrustcanada.ca\/fr\/des-lieux-a-visiter\/lieux-passeport-au-canada","og_locale":"fr_FR","og_type":"article","og_title":"Lieux Passeport \u2013 Au Canada - Fiducie nationale du Canada","og_description":"Le r\u00e9cit du Canada est racont\u00e9 par nos lieux inoubliables. Que vous vous int\u00e9ressiez \u00e0 des ch\u00e2teaux, d\u2019anciennes prisons, des...","og_url":"https:\/\/nationaltrustcanada.ca\/fr\/des-lieux-a-visiter\/lieux-passeport-au-canada","og_site_name":"Fiducie nationale du Canada","article_modified_time":"2024-09-27T17:30:55+00:00","og_image":[{"width":967,"height":644,"url":"https:\/\/nationaltrustcanada.ca\/wp-content\/uploads\/2017\/07\/Lighthouse_PPC-e1506540066705.jpg","type":"image\/jpeg"}],"twitter_card":"summary_large_image","twitter_misc":{"Dur\u00e9e de lecture estim\u00e9e":"1 minute"},"schema":{"@context":"https:\/\/schema.org","@graph":[{"@type":"WebPage","@id":"https:\/\/nationaltrustcanada.ca\/fr\/des-lieux-a-visiter\/lieux-passeport-au-canada","url":"https:\/\/nationaltrustcanada.ca\/fr\/des-lieux-a-visiter\/lieux-passeport-au-canada","name":"Lieux Passeport \u2013 Au Canada - Fiducie nationale du Canada","isPartOf":{"@id":"https:\/\/nationaltrustcanada.ca\/#website"},"primaryImageOfPage":{"@id":"https:\/\/nationaltrustcanada.ca\/fr\/des-lieux-a-visiter\/lieux-passeport-au-canada#primaryimage"},"image":{"@id":"https:\/\/nationaltrustcanada.ca\/fr\/des-lieux-a-visiter\/lieux-passeport-au-canada#primaryimage"},"thumbnailUrl":"https:\/\/nationaltrustcanada.ca\/wp-content\/uploads\/2017\/07\/Lighthouse_PPC-e1506540066705.jpg","datePublished":"2021-09-27T00:33:23+00:00","dateModified":"2024-09-27T17:30:55+00:00","breadcrumb":{"@id":"https:\/\/nationaltrustcanada.ca\/fr\/des-lieux-a-visiter\/lieux-passeport-au-canada#breadcrumb"},"inLanguage":"fr-FR","potentialAction":[{"@type":"ReadAction","target":["https:\/\/nationaltrustcanada.ca\/fr\/des-lieux-a-visiter\/lieux-passeport-au-canada"]}]},{"@type":"ImageObject","inLanguage":"fr-FR","@id":"https:\/\/nationaltrustcanada.ca\/fr\/des-lieux-a-visiter\/lieux-passeport-au-canada#primaryimage","url":"https:\/\/nationaltrustcanada.ca\/wp-content\/uploads\/2017\/07\/Lighthouse_PPC-e1506540066705.jpg","contentUrl":"https:\/\/nationaltrustcanada.ca\/wp-content\/uploads\/2017\/07\/Lighthouse_PPC-e1506540066705.jpg","width":967,"height":644,"caption":"Cape Bonavista"},{"@type":"BreadcrumbList","@id":"https:\/\/nationaltrustcanada.ca\/fr\/des-lieux-a-visiter\/lieux-passeport-au-canada#breadcrumb","itemListElement":[{"@type":"ListItem","position":1,"name":"Home","item":"https:\/\/nationaltrustcanada.ca\/fr"},{"@type":"ListItem","position":2,"name":"Des lieux \u00e0 visiter","item":"https:\/\/nationaltrustcanada.ca\/fr\/des-lieux-a-visiter"},{"@type":"ListItem","position":3,"name":"Lieux Passeport \u2013 Au Canada"}]},{"@type":"WebSite","@id":"https:\/\/nationaltrustcanada.ca\/#website","url":"https:\/\/nationaltrustcanada.ca\/","name":"Fiducie nationale du Canada","description":"Bringing Heritage to Life","potentialAction":[{"@type":"SearchAction","target":{"@type":"EntryPoint","urlTemplate":"https:\/\/nationaltrustcanada.ca\/?s={search_term_string}"},"query-input":{"@type":"PropertyValueSpecification","valueRequired":true,"valueName":"search_term_string"}}],"inLanguage":"fr-FR"}]}},"_links":{"self":[{"href":"https:\/\/nationaltrustcanada.ca\/fr\/wp-json\/wp\/v2\/pages\/1578","targetHints":{"allow":["GET"]}}],"collection":[{"href":"https:\/\/nationaltrustcanada.ca\/fr\/wp-json\/wp\/v2\/pages"}],"about":[{"href":"https:\/\/nationaltrustcanada.ca\/fr\/wp-json\/wp\/v2\/types\/page"}],"author":[{"embeddable":true,"href":"https:\/\/nationaltrustcanada.ca\/fr\/wp-json\/wp\/v2\/users\/4"}],"replies":[{"embeddable":true,"href":"https:\/\/nationaltrustcanada.ca\/fr\/wp-json\/wp\/v2\/comments?post=1578"}],"version-history":[{"count":11,"href":"https:\/\/nationaltrustcanada.ca\/fr\/wp-json\/wp\/v2\/pages\/1578\/revisions"}],"predecessor-version":[{"id":20412,"href":"https:\/\/nationaltrustcanada.ca\/fr\/wp-json\/wp\/v2\/pages\/1578\/revisions\/20412"}],"up":[{"embeddable":true,"href":"https:\/\/nationaltrustcanada.ca\/fr\/wp-json\/wp\/v2\/pages\/1311"}],"wp:featuredmedia":[{"embeddable":true,"href":"https:\/\/nationaltrustcanada.ca\/fr\/wp-json\/wp\/v2\/media\/1199"}],"wp:attachment":[{"href":"https:\/\/nationaltrustcanada.ca\/fr\/wp-json\/wp\/v2\/media?parent=1578"}],"curies":[{"name":"wp","href":"https:\/\/api.w.org\/{rel}","templated":true}]}}