{"id":1566,"date":"2017-09-12T13:59:15","date_gmt":"2017-09-12T13:59:15","guid":{"rendered":"http:\/\/nationaltrustcanada.ca?page_id=1566"},"modified":"2021-02-25T09:59:38","modified_gmt":"2021-02-25T14:59:38","slug":"cercle-des-mecenes-du-patrimoine","status":"publish","type":"page","link":"https:\/\/nationaltrustcanada.ca\/fr\/ce-que-vous-pouvez-faire\/faites-un-don\/cercle-des-mecenes-du-patrimoine","title":{"rendered":"Cercle des m\u00e9c\u00e8nes du patrimoine"},"content":{"rendered":"<h1><img loading=\"lazy\" decoding=\"async\" class=\"alignnone wp-image-367 size-full\" src=\"http:\/\/nationaltrustcanada.ca\/wp-content\/uploads\/2017\/06\/Pacific-Central-Station.jpg\" alt=\"\" width=\"1019\" height=\"486\" srcset=\"https:\/\/nationaltrustcanada.ca\/wp-content\/uploads\/2017\/06\/Pacific-Central-Station.jpg 1019w, https:\/\/nationaltrustcanada.ca\/wp-content\/uploads\/2017\/06\/Pacific-Central-Station-300x143.jpg 300w, https:\/\/nationaltrustcanada.ca\/wp-content\/uploads\/2017\/06\/Pacific-Central-Station-768x366.jpg 768w\" sizes=\"auto, (max-width: 1019px) 100vw, 1019px\" \/><\/h1>\n<h2><strong>Vous pouvez aider \u00e0 faire vivre le patrimoine!<\/strong><\/h2>\n<p>Joignez-vous d\u00e8s aujourd\u2019hui \u00e0 notre Cercle des m\u00e9c\u00e8nes du patrimoine. Vous ferez partie du nombre croissant de Canadiens qui aident des collectivit\u00e9s \u00e0 sauver et renouveler des lieux historiques.<\/p>\n<p>Votre don d\u00e9ductible d\u2019imp\u00f4t au Cercle des m\u00e9c\u00e8nes du patrimoine\u00a0:<\/p>\n<ul>\n<li>donne \u00e0 des collectivit\u00e9s les outils et les ressources dont elles ont besoin pour sauver des lieux historiques;<\/li>\n<li>apporte \u00e0 des groupes locaux l\u2019expertise dont ils ont besoin pour lancer des projets du patrimoine;<\/li>\n<li>cr\u00e9e des possibilit\u00e9s de partenariat et de financement ouvrant la voie \u00e0 des projets du patrimoine.<\/li>\n<\/ul>\n<p>Nos donateurs membres du Cercle des m\u00e9c\u00e8nes du patrimoine re\u00e7oivent \u00e0 titre gracieux un exemplaire de notre magazine <em>Locale<\/em> et des invitations \u00e0 activit\u00e9s sp\u00e9ciales de la Fiducie nationale, comme le cocktail de remerciement des donateurs lors de notre conf\u00e9rence nationale, o\u00f9 vous pourrez rencontrer d\u2019autres personnes qui partagent votre d\u00e9sir de sauver des lieux qui importent. Par ailleurs, nous remercions nos donateurs membres du Cercle des m\u00e9c\u00e8nes du patrimoine dans notre rapport annuel.<\/p>\n<p>Que vous fassiez un don par versements mensuels ou que vous r\u00e9partissiez votre engagement sur plusieurs ann\u00e9es, nous serons heureux de vous accueillir dans le Cercle des m\u00e9c\u00e8nes du patrimoine. Nous serons heureux de faire conna\u00eetre la bonne nouvelle de votre don, et nous choisirons avec vous les meilleurs moyens de souligner votre apport en fonction de vos besoins et de vos souhaits.<\/p>\n<p><strong>Communiquez avec nous pour discuter de votre don au <\/strong><strong>Cercle des m\u00e9c\u00e8nes du patrimoine. T\u00e9l\u00e9phonez \u00e0 Natalie Bull, directrice g\u00e9n\u00e9rale, sans frais au 1-866-964-1066, poste 222, ou \u00e9crivez-nous \u00e0\u00a0<\/strong><a href=\"mailto:soutiendonateur@fiducienationalecanada.ca\">soutiendonateur@fiducienationalecanada.ca<\/a><strong>.<\/strong><\/p>\n<table>\n<tbody>\n<tr>\n<td width=\"144\">Leader du patrimoine<\/td>\n<td width=\"216\">500\u00a0$ \u00e0 999\u00a0$<\/td>\n<\/tr>\n<tr>\n<td width=\"144\">Voisin secourable<\/td>\n<td width=\"216\">1\u00a0000\u00a0$ \u00e0 4\u00a0999\u00a0$<\/td>\n<\/tr>\n<tr>\n<td width=\"144\">Gardien de phare<\/td>\n<td width=\"216\">5\u00a0000\u00a0$ \u00e0 9\u00a0999\u00a0$<\/td>\n<\/tr>\n<tr>\n<td width=\"144\">Chef de gare<\/td>\n<td width=\"216\">10\u00a0000\u00a0$ \u00e0 24\u00a0999\u00a0$<\/td>\n<\/tr>\n<tr>\n<td width=\"144\">Cr\u00e9ateur d\u2019espace<\/td>\n<td width=\"216\">25\u00a0000\u00a0$ \u00e0 74\u00a0999\u00a0$<\/td>\n<\/tr>\n<tr>\n<td width=\"144\">B\u00e2tisseur communautaire<\/td>\n<td width=\"216\">75\u00a0000\u00a0$ et +<\/td>\n<\/tr>\n<\/tbody>\n<\/table>\n<p>&nbsp;<\/p>\n","protected":false},"excerpt":{"rendered":"<p>Vous pouvez aider \u00e0 faire vivre le patrimoine! Joignez-vous d\u00e8s aujourd\u2019hui \u00e0 notre Cercle des m\u00e9c\u00e8nes du patrimoine. Vous ferez&#8230;<\/p>\n","protected":false},"author":4,"featured_media":0,"parent":1321,"menu_order":1,"comment_status":"closed","ping_status":"closed","template":"","meta":{"_acf_changed":false,"footnotes":""},"class_list":["post-1566","page","type-page","status-publish","hentry"],"acf":[],"yoast_head":"<!-- This site is optimized with the Yoast SEO plugin v26.3 - https:\/\/yoast.com\/wordpress\/plugins\/seo\/ -->\n<title>Cercle des m\u00e9c\u00e8nes du patrimoine - Fiducie nationale du Canada<\/title>\n<meta name=\"robots\" content=\"index, follow, max-snippet:-1, max-image-preview:large, max-video-preview:-1\" \/>\n<link rel=\"canonical\" href=\"https:\/\/nationaltrustcanada.ca\/fr\/ce-que-vous-pouvez-faire\/faites-un-don\/cercle-des-mecenes-du-patrimoine\" \/>\n<meta property=\"og:locale\" content=\"fr_FR\" \/>\n<meta property=\"og:type\" content=\"article\" \/>\n<meta property=\"og:title\" content=\"Cercle des m\u00e9c\u00e8nes du patrimoine - Fiducie nationale du Canada\" \/>\n<meta property=\"og:description\" content=\"Vous pouvez aider \u00e0 faire vivre le patrimoine! Joignez-vous d\u00e8s aujourd\u2019hui \u00e0 notre Cercle des m\u00e9c\u00e8nes du patrimoine. Vous ferez...\" \/>\n<meta property=\"og:url\" content=\"https:\/\/nationaltrustcanada.ca\/fr\/ce-que-vous-pouvez-faire\/faites-un-don\/cercle-des-mecenes-du-patrimoine\" \/>\n<meta property=\"og:site_name\" content=\"Fiducie nationale du Canada\" \/>\n<meta property=\"article:modified_time\" content=\"2021-02-25T14:59:38+00:00\" \/>\n<meta property=\"og:image\" content=\"http:\/\/nationaltrustcanada.ca\/wp-content\/uploads\/2017\/06\/Pacific-Central-Station.jpg\" \/>\n<meta name=\"twitter:card\" content=\"summary_large_image\" \/>\n<meta name=\"twitter:label1\" content=\"Dur\u00e9e de lecture estim\u00e9e\" \/>\n\t<meta name=\"twitter:data1\" content=\"2 minutes\" \/>\n<script type=\"application\/ld+json\" class=\"yoast-schema-graph\">{\"@context\":\"https:\/\/schema.org\",\"@graph\":[{\"@type\":\"WebPage\",\"@id\":\"https:\/\/nationaltrustcanada.ca\/fr\/ce-que-vous-pouvez-faire\/faites-un-don\/cercle-des-mecenes-du-patrimoine\",\"url\":\"https:\/\/nationaltrustcanada.ca\/fr\/ce-que-vous-pouvez-faire\/faites-un-don\/cercle-des-mecenes-du-patrimoine\",\"name\":\"Cercle des m\u00e9c\u00e8nes du patrimoine - Fiducie nationale du Canada\",\"isPartOf\":{\"@id\":\"https:\/\/nationaltrustcanada.ca\/#website\"},\"primaryImageOfPage\":{\"@id\":\"https:\/\/nationaltrustcanada.ca\/fr\/ce-que-vous-pouvez-faire\/faites-un-don\/cercle-des-mecenes-du-patrimoine#primaryimage\"},\"image\":{\"@id\":\"https:\/\/nationaltrustcanada.ca\/fr\/ce-que-vous-pouvez-faire\/faites-un-don\/cercle-des-mecenes-du-patrimoine#primaryimage\"},\"thumbnailUrl\":\"http:\/\/nationaltrustcanada.ca\/wp-content\/uploads\/2017\/06\/Pacific-Central-Station.jpg\",\"datePublished\":\"2017-09-12T13:59:15+00:00\",\"dateModified\":\"2021-02-25T14:59:38+00:00\",\"breadcrumb\":{\"@id\":\"https:\/\/nationaltrustcanada.ca\/fr\/ce-que-vous-pouvez-faire\/faites-un-don\/cercle-des-mecenes-du-patrimoine#breadcrumb\"},\"inLanguage\":\"fr-FR\",\"potentialAction\":[{\"@type\":\"ReadAction\",\"target\":[\"https:\/\/nationaltrustcanada.ca\/fr\/ce-que-vous-pouvez-faire\/faites-un-don\/cercle-des-mecenes-du-patrimoine\"]}]},{\"@type\":\"ImageObject\",\"inLanguage\":\"fr-FR\",\"@id\":\"https:\/\/nationaltrustcanada.ca\/fr\/ce-que-vous-pouvez-faire\/faites-un-don\/cercle-des-mecenes-du-patrimoine#primaryimage\",\"url\":\"http:\/\/nationaltrustcanada.ca\/wp-content\/uploads\/2017\/06\/Pacific-Central-Station.jpg\",\"contentUrl\":\"http:\/\/nationaltrustcanada.ca\/wp-content\/uploads\/2017\/06\/Pacific-Central-Station.jpg\"},{\"@type\":\"BreadcrumbList\",\"@id\":\"https:\/\/nationaltrustcanada.ca\/fr\/ce-que-vous-pouvez-faire\/faites-un-don\/cercle-des-mecenes-du-patrimoine#breadcrumb\",\"itemListElement\":[{\"@type\":\"ListItem\",\"position\":1,\"name\":\"Home\",\"item\":\"https:\/\/nationaltrustcanada.ca\/fr\"},{\"@type\":\"ListItem\",\"position\":2,\"name\":\"Ce que vous pouvez faire\",\"item\":\"https:\/\/nationaltrustcanada.ca\/fr\/ce-que-vous-pouvez-faire\"},{\"@type\":\"ListItem\",\"position\":3,\"name\":\"Faites un don\",\"item\":\"https:\/\/nationaltrustcanada.ca\/fr\/ce-que-vous-pouvez-faire\/faites-un-don\"},{\"@type\":\"ListItem\",\"position\":4,\"name\":\"Cercle des m\u00e9c\u00e8nes du patrimoine\"}]},{\"@type\":\"WebSite\",\"@id\":\"https:\/\/nationaltrustcanada.ca\/#website\",\"url\":\"https:\/\/nationaltrustcanada.ca\/\",\"name\":\"Fiducie nationale du Canada\",\"description\":\"Bringing Heritage to Life\",\"potentialAction\":[{\"@type\":\"SearchAction\",\"target\":{\"@type\":\"EntryPoint\",\"urlTemplate\":\"https:\/\/nationaltrustcanada.ca\/?s={search_term_string}\"},\"query-input\":{\"@type\":\"PropertyValueSpecification\",\"valueRequired\":true,\"valueName\":\"search_term_string\"}}],\"inLanguage\":\"fr-FR\"}]}<\/script>\n<!-- \/ Yoast SEO plugin. -->","yoast_head_json":{"title":"Cercle des m\u00e9c\u00e8nes du patrimoine - Fiducie nationale du Canada","robots":{"index":"index","follow":"follow","max-snippet":"max-snippet:-1","max-image-preview":"max-image-preview:large","max-video-preview":"max-video-preview:-1"},"canonical":"https:\/\/nationaltrustcanada.ca\/fr\/ce-que-vous-pouvez-faire\/faites-un-don\/cercle-des-mecenes-du-patrimoine","og_locale":"fr_FR","og_type":"article","og_title":"Cercle des m\u00e9c\u00e8nes du patrimoine - Fiducie nationale du Canada","og_description":"Vous pouvez aider \u00e0 faire vivre le patrimoine! Joignez-vous d\u00e8s aujourd\u2019hui \u00e0 notre Cercle des m\u00e9c\u00e8nes du patrimoine. Vous ferez...","og_url":"https:\/\/nationaltrustcanada.ca\/fr\/ce-que-vous-pouvez-faire\/faites-un-don\/cercle-des-mecenes-du-patrimoine","og_site_name":"Fiducie nationale du Canada","article_modified_time":"2021-02-25T14:59:38+00:00","og_image":[{"url":"http:\/\/nationaltrustcanada.ca\/wp-content\/uploads\/2017\/06\/Pacific-Central-Station.jpg","type":"","width":"","height":""}],"twitter_card":"summary_large_image","twitter_misc":{"Dur\u00e9e de lecture estim\u00e9e":"2 minutes"},"schema":{"@context":"https:\/\/schema.org","@graph":[{"@type":"WebPage","@id":"https:\/\/nationaltrustcanada.ca\/fr\/ce-que-vous-pouvez-faire\/faites-un-don\/cercle-des-mecenes-du-patrimoine","url":"https:\/\/nationaltrustcanada.ca\/fr\/ce-que-vous-pouvez-faire\/faites-un-don\/cercle-des-mecenes-du-patrimoine","name":"Cercle des m\u00e9c\u00e8nes du patrimoine - Fiducie nationale du Canada","isPartOf":{"@id":"https:\/\/nationaltrustcanada.ca\/#website"},"primaryImageOfPage":{"@id":"https:\/\/nationaltrustcanada.ca\/fr\/ce-que-vous-pouvez-faire\/faites-un-don\/cercle-des-mecenes-du-patrimoine#primaryimage"},"image":{"@id":"https:\/\/nationaltrustcanada.ca\/fr\/ce-que-vous-pouvez-faire\/faites-un-don\/cercle-des-mecenes-du-patrimoine#primaryimage"},"thumbnailUrl":"http:\/\/nationaltrustcanada.ca\/wp-content\/uploads\/2017\/06\/Pacific-Central-Station.jpg","datePublished":"2017-09-12T13:59:15+00:00","dateModified":"2021-02-25T14:59:38+00:00","breadcrumb":{"@id":"https:\/\/nationaltrustcanada.ca\/fr\/ce-que-vous-pouvez-faire\/faites-un-don\/cercle-des-mecenes-du-patrimoine#breadcrumb"},"inLanguage":"fr-FR","potentialAction":[{"@type":"ReadAction","target":["https:\/\/nationaltrustcanada.ca\/fr\/ce-que-vous-pouvez-faire\/faites-un-don\/cercle-des-mecenes-du-patrimoine"]}]},{"@type":"ImageObject","inLanguage":"fr-FR","@id":"https:\/\/nationaltrustcanada.ca\/fr\/ce-que-vous-pouvez-faire\/faites-un-don\/cercle-des-mecenes-du-patrimoine#primaryimage","url":"http:\/\/nationaltrustcanada.ca\/wp-content\/uploads\/2017\/06\/Pacific-Central-Station.jpg","contentUrl":"http:\/\/nationaltrustcanada.ca\/wp-content\/uploads\/2017\/06\/Pacific-Central-Station.jpg"},{"@type":"BreadcrumbList","@id":"https:\/\/nationaltrustcanada.ca\/fr\/ce-que-vous-pouvez-faire\/faites-un-don\/cercle-des-mecenes-du-patrimoine#breadcrumb","itemListElement":[{"@type":"ListItem","position":1,"name":"Home","item":"https:\/\/nationaltrustcanada.ca\/fr"},{"@type":"ListItem","position":2,"name":"Ce que vous pouvez faire","item":"https:\/\/nationaltrustcanada.ca\/fr\/ce-que-vous-pouvez-faire"},{"@type":"ListItem","position":3,"name":"Faites un don","item":"https:\/\/nationaltrustcanada.ca\/fr\/ce-que-vous-pouvez-faire\/faites-un-don"},{"@type":"ListItem","position":4,"name":"Cercle des m\u00e9c\u00e8nes du patrimoine"}]},{"@type":"WebSite","@id":"https:\/\/nationaltrustcanada.ca\/#website","url":"https:\/\/nationaltrustcanada.ca\/","name":"Fiducie nationale du Canada","description":"Bringing Heritage to Life","potentialAction":[{"@type":"SearchAction","target":{"@type":"EntryPoint","urlTemplate":"https:\/\/nationaltrustcanada.ca\/?s={search_term_string}"},"query-input":{"@type":"PropertyValueSpecification","valueRequired":true,"valueName":"search_term_string"}}],"inLanguage":"fr-FR"}]}},"_links":{"self":[{"href":"https:\/\/nationaltrustcanada.ca\/fr\/wp-json\/wp\/v2\/pages\/1566","targetHints":{"allow":["GET"]}}],"collection":[{"href":"https:\/\/nationaltrustcanada.ca\/fr\/wp-json\/wp\/v2\/pages"}],"about":[{"href":"https:\/\/nationaltrustcanada.ca\/fr\/wp-json\/wp\/v2\/types\/page"}],"author":[{"embeddable":true,"href":"https:\/\/nationaltrustcanada.ca\/fr\/wp-json\/wp\/v2\/users\/4"}],"replies":[{"embeddable":true,"href":"https:\/\/nationaltrustcanada.ca\/fr\/wp-json\/wp\/v2\/comments?post=1566"}],"version-history":[{"count":7,"href":"https:\/\/nationaltrustcanada.ca\/fr\/wp-json\/wp\/v2\/pages\/1566\/revisions"}],"predecessor-version":[{"id":10927,"href":"https:\/\/nationaltrustcanada.ca\/fr\/wp-json\/wp\/v2\/pages\/1566\/revisions\/10927"}],"up":[{"embeddable":true,"href":"https:\/\/nationaltrustcanada.ca\/fr\/wp-json\/wp\/v2\/pages\/1321"}],"wp:attachment":[{"href":"https:\/\/nationaltrustcanada.ca\/fr\/wp-json\/wp\/v2\/media?parent=1566"}],"curies":[{"name":"wp","href":"https:\/\/api.w.org\/{rel}","templated":true}]}}