{"id":15595,"date":"2022-12-06T14:09:50","date_gmt":"2022-12-06T19:09:50","guid":{"rendered":"https:\/\/nationaltrustcanada.ca\/ce-que-vous-pouvez-faire\/beausauvetage\/competition2022"},"modified":"2023-02-23T16:18:53","modified_gmt":"2023-02-23T21:18:53","slug":"competition2022","status":"publish","type":"page","link":"https:\/\/nationaltrustcanada.ca\/fr\/ce-que-vous-pouvez-faire\/beausauvetage\/competition2022","title":{"rendered":"Competition 2022"},"content":{"rendered":"<h2 class=\"wpos-copy-clipboard wpcdt-shortcode-preview\" style=\"text-align: center;\">LE BEAU SAUVETAGE<\/h2>\n<div style=\"text-align: center;\">\n<h4>F\u00e9licitations aux gagnants du concours Le Beau Sauvetage!<\/h4>\n<h3><span style=\"color: #c23434;\">Grand prix 50 000 $ &#8211; Duncan Train Station &#8211; Duncan, C.-B.<\/span><br \/>\n<span style=\"color: #c23434;\">Prix de la 2e place 10 000 $ &#8211; La Vieille Maison &#8211; Meteghan, N.-\u00c9.<\/span><br \/>\n<span style=\"color: #c23434;\">Prix de la 3e place 5000 $ &#8211; Hope Station, Hope, C.-B.<\/span><\/h3>\n<p>&nbsp;<\/p>\n<p>Plus de 200 000 votes, d\u2019un oc\u00e9an \u00e0 l\u2019autre, ont \u00e9t\u00e9 re\u00e7us entre le 20 janvier et le 22 f\u00e9vrier pour 10 groupes qui s\u2019emploient \u00e0 sauver des lieux du patrimoine qui importent. Merci aux concurrents et merci au public qui a vot\u00e9 pour ces merveilleux projets de conservation du patrimoine!<\/p>\n<p>D\u00e9couvrez tous les projets du concours, ci-dessous :<\/p>\n<\/div>\n<h2 style=\"text-align: center; margin-top: 40px; margin-bottom: 20px;\">Voir les concurrents<\/h2>\n","protected":false},"excerpt":{"rendered":"<p>LE BEAU SAUVETAGE F\u00e9licitations aux gagnants du concours Le Beau Sauvetage! Grand prix 50 000 $ &#8211; Duncan Train Station&#8230;<\/p>\n","protected":false},"author":1,"featured_media":15556,"parent":15086,"menu_order":0,"comment_status":"closed","ping_status":"closed","template":"template-parts\/template-competition.php","meta":{"_acf_changed":false,"footnotes":""},"class_list":["post-15595","page","type-page","status-publish","has-post-thumbnail","hentry"],"acf":[],"yoast_head":"<!-- This site is optimized with the Yoast SEO plugin v26.3 - https:\/\/yoast.com\/wordpress\/plugins\/seo\/ -->\n<title>Competition 2022 - Fiducie nationale du Canada<\/title>\n<meta name=\"robots\" content=\"index, follow, max-snippet:-1, max-image-preview:large, max-video-preview:-1\" \/>\n<link rel=\"canonical\" href=\"https:\/\/nationaltrustcanada.ca\/fr\/ce-que-vous-pouvez-faire\/beausauvetage\/competition2022\" \/>\n<meta property=\"og:locale\" content=\"fr_FR\" \/>\n<meta property=\"og:type\" content=\"article\" \/>\n<meta property=\"og:title\" content=\"Competition 2022 - Fiducie nationale du Canada\" \/>\n<meta property=\"og:description\" content=\"LE BEAU SAUVETAGE F\u00e9licitations aux gagnants du concours Le Beau Sauvetage! Grand prix 50 000 $ &#8211; Duncan Train Station...\" \/>\n<meta property=\"og:url\" content=\"https:\/\/nationaltrustcanada.ca\/fr\/ce-que-vous-pouvez-faire\/beausauvetage\/competition2022\" \/>\n<meta property=\"og:site_name\" content=\"Fiducie nationale du Canada\" \/>\n<meta property=\"article:modified_time\" content=\"2023-02-23T21:18:53+00:00\" \/>\n<meta property=\"og:image\" content=\"https:\/\/nationaltrustcanada.ca\/wp-content\/uploads\/2022\/12\/Header-Website-NGS-12-12.png\" \/>\n\t<meta property=\"og:image:width\" content=\"1440\" \/>\n\t<meta property=\"og:image:height\" content=\"600\" \/>\n\t<meta property=\"og:image:type\" content=\"image\/png\" \/>\n<meta name=\"twitter:card\" content=\"summary_large_image\" \/>\n<meta name=\"twitter:label1\" content=\"Dur\u00e9e de lecture estim\u00e9e\" \/>\n\t<meta name=\"twitter:data1\" content=\"1 minute\" \/>\n<script type=\"application\/ld+json\" class=\"yoast-schema-graph\">{\"@context\":\"https:\/\/schema.org\",\"@graph\":[{\"@type\":\"WebPage\",\"@id\":\"https:\/\/nationaltrustcanada.ca\/fr\/ce-que-vous-pouvez-faire\/beausauvetage\/competition2022\",\"url\":\"https:\/\/nationaltrustcanada.ca\/fr\/ce-que-vous-pouvez-faire\/beausauvetage\/competition2022\",\"name\":\"Competition 2022 - Fiducie nationale du Canada\",\"isPartOf\":{\"@id\":\"https:\/\/nationaltrustcanada.ca\/#website\"},\"primaryImageOfPage\":{\"@id\":\"https:\/\/nationaltrustcanada.ca\/fr\/ce-que-vous-pouvez-faire\/beausauvetage\/competition2022#primaryimage\"},\"image\":{\"@id\":\"https:\/\/nationaltrustcanada.ca\/fr\/ce-que-vous-pouvez-faire\/beausauvetage\/competition2022#primaryimage\"},\"thumbnailUrl\":\"https:\/\/nationaltrustcanada.ca\/wp-content\/uploads\/2022\/12\/Header-Website-NGS-12-12.png\",\"datePublished\":\"2022-12-06T19:09:50+00:00\",\"dateModified\":\"2023-02-23T21:18:53+00:00\",\"breadcrumb\":{\"@id\":\"https:\/\/nationaltrustcanada.ca\/fr\/ce-que-vous-pouvez-faire\/beausauvetage\/competition2022#breadcrumb\"},\"inLanguage\":\"fr-FR\",\"potentialAction\":[{\"@type\":\"ReadAction\",\"target\":[\"https:\/\/nationaltrustcanada.ca\/fr\/ce-que-vous-pouvez-faire\/beausauvetage\/competition2022\"]}]},{\"@type\":\"ImageObject\",\"inLanguage\":\"fr-FR\",\"@id\":\"https:\/\/nationaltrustcanada.ca\/fr\/ce-que-vous-pouvez-faire\/beausauvetage\/competition2022#primaryimage\",\"url\":\"https:\/\/nationaltrustcanada.ca\/wp-content\/uploads\/2022\/12\/Header-Website-NGS-12-12.png\",\"contentUrl\":\"https:\/\/nationaltrustcanada.ca\/wp-content\/uploads\/2022\/12\/Header-Website-NGS-12-12.png\",\"width\":1440,\"height\":600},{\"@type\":\"BreadcrumbList\",\"@id\":\"https:\/\/nationaltrustcanada.ca\/fr\/ce-que-vous-pouvez-faire\/beausauvetage\/competition2022#breadcrumb\",\"itemListElement\":[{\"@type\":\"ListItem\",\"position\":1,\"name\":\"Home\",\"item\":\"https:\/\/nationaltrustcanada.ca\/fr\"},{\"@type\":\"ListItem\",\"position\":2,\"name\":\"Ce que vous pouvez faire\",\"item\":\"https:\/\/nationaltrustcanada.ca\/fr\/ce-que-vous-pouvez-faire\"},{\"@type\":\"ListItem\",\"position\":3,\"name\":\"LE BEAU SAUVETAGE\",\"item\":\"https:\/\/nationaltrustcanada.ca\/fr\/ce-que-vous-pouvez-faire\/beausauvetage\"},{\"@type\":\"ListItem\",\"position\":4,\"name\":\"Competition 2022\"}]},{\"@type\":\"WebSite\",\"@id\":\"https:\/\/nationaltrustcanada.ca\/#website\",\"url\":\"https:\/\/nationaltrustcanada.ca\/\",\"name\":\"Fiducie nationale du Canada\",\"description\":\"Bringing Heritage to Life\",\"potentialAction\":[{\"@type\":\"SearchAction\",\"target\":{\"@type\":\"EntryPoint\",\"urlTemplate\":\"https:\/\/nationaltrustcanada.ca\/?s={search_term_string}\"},\"query-input\":{\"@type\":\"PropertyValueSpecification\",\"valueRequired\":true,\"valueName\":\"search_term_string\"}}],\"inLanguage\":\"fr-FR\"}]}<\/script>\n<!-- \/ Yoast SEO plugin. -->","yoast_head_json":{"title":"Competition 2022 - Fiducie nationale du Canada","robots":{"index":"index","follow":"follow","max-snippet":"max-snippet:-1","max-image-preview":"max-image-preview:large","max-video-preview":"max-video-preview:-1"},"canonical":"https:\/\/nationaltrustcanada.ca\/fr\/ce-que-vous-pouvez-faire\/beausauvetage\/competition2022","og_locale":"fr_FR","og_type":"article","og_title":"Competition 2022 - Fiducie nationale du Canada","og_description":"LE BEAU SAUVETAGE F\u00e9licitations aux gagnants du concours Le Beau Sauvetage! Grand prix 50 000 $ &#8211; Duncan Train Station...","og_url":"https:\/\/nationaltrustcanada.ca\/fr\/ce-que-vous-pouvez-faire\/beausauvetage\/competition2022","og_site_name":"Fiducie nationale du Canada","article_modified_time":"2023-02-23T21:18:53+00:00","og_image":[{"width":1440,"height":600,"url":"https:\/\/nationaltrustcanada.ca\/wp-content\/uploads\/2022\/12\/Header-Website-NGS-12-12.png","type":"image\/png"}],"twitter_card":"summary_large_image","twitter_misc":{"Dur\u00e9e de lecture estim\u00e9e":"1 minute"},"schema":{"@context":"https:\/\/schema.org","@graph":[{"@type":"WebPage","@id":"https:\/\/nationaltrustcanada.ca\/fr\/ce-que-vous-pouvez-faire\/beausauvetage\/competition2022","url":"https:\/\/nationaltrustcanada.ca\/fr\/ce-que-vous-pouvez-faire\/beausauvetage\/competition2022","name":"Competition 2022 - Fiducie nationale du Canada","isPartOf":{"@id":"https:\/\/nationaltrustcanada.ca\/#website"},"primaryImageOfPage":{"@id":"https:\/\/nationaltrustcanada.ca\/fr\/ce-que-vous-pouvez-faire\/beausauvetage\/competition2022#primaryimage"},"image":{"@id":"https:\/\/nationaltrustcanada.ca\/fr\/ce-que-vous-pouvez-faire\/beausauvetage\/competition2022#primaryimage"},"thumbnailUrl":"https:\/\/nationaltrustcanada.ca\/wp-content\/uploads\/2022\/12\/Header-Website-NGS-12-12.png","datePublished":"2022-12-06T19:09:50+00:00","dateModified":"2023-02-23T21:18:53+00:00","breadcrumb":{"@id":"https:\/\/nationaltrustcanada.ca\/fr\/ce-que-vous-pouvez-faire\/beausauvetage\/competition2022#breadcrumb"},"inLanguage":"fr-FR","potentialAction":[{"@type":"ReadAction","target":["https:\/\/nationaltrustcanada.ca\/fr\/ce-que-vous-pouvez-faire\/beausauvetage\/competition2022"]}]},{"@type":"ImageObject","inLanguage":"fr-FR","@id":"https:\/\/nationaltrustcanada.ca\/fr\/ce-que-vous-pouvez-faire\/beausauvetage\/competition2022#primaryimage","url":"https:\/\/nationaltrustcanada.ca\/wp-content\/uploads\/2022\/12\/Header-Website-NGS-12-12.png","contentUrl":"https:\/\/nationaltrustcanada.ca\/wp-content\/uploads\/2022\/12\/Header-Website-NGS-12-12.png","width":1440,"height":600},{"@type":"BreadcrumbList","@id":"https:\/\/nationaltrustcanada.ca\/fr\/ce-que-vous-pouvez-faire\/beausauvetage\/competition2022#breadcrumb","itemListElement":[{"@type":"ListItem","position":1,"name":"Home","item":"https:\/\/nationaltrustcanada.ca\/fr"},{"@type":"ListItem","position":2,"name":"Ce que vous pouvez faire","item":"https:\/\/nationaltrustcanada.ca\/fr\/ce-que-vous-pouvez-faire"},{"@type":"ListItem","position":3,"name":"LE BEAU SAUVETAGE","item":"https:\/\/nationaltrustcanada.ca\/fr\/ce-que-vous-pouvez-faire\/beausauvetage"},{"@type":"ListItem","position":4,"name":"Competition 2022"}]},{"@type":"WebSite","@id":"https:\/\/nationaltrustcanada.ca\/#website","url":"https:\/\/nationaltrustcanada.ca\/","name":"Fiducie nationale du Canada","description":"Bringing Heritage to Life","potentialAction":[{"@type":"SearchAction","target":{"@type":"EntryPoint","urlTemplate":"https:\/\/nationaltrustcanada.ca\/?s={search_term_string}"},"query-input":{"@type":"PropertyValueSpecification","valueRequired":true,"valueName":"search_term_string"}}],"inLanguage":"fr-FR"}]}},"_links":{"self":[{"href":"https:\/\/nationaltrustcanada.ca\/fr\/wp-json\/wp\/v2\/pages\/15595","targetHints":{"allow":["GET"]}}],"collection":[{"href":"https:\/\/nationaltrustcanada.ca\/fr\/wp-json\/wp\/v2\/pages"}],"about":[{"href":"https:\/\/nationaltrustcanada.ca\/fr\/wp-json\/wp\/v2\/types\/page"}],"author":[{"embeddable":true,"href":"https:\/\/nationaltrustcanada.ca\/fr\/wp-json\/wp\/v2\/users\/1"}],"replies":[{"embeddable":true,"href":"https:\/\/nationaltrustcanada.ca\/fr\/wp-json\/wp\/v2\/comments?post=15595"}],"version-history":[{"count":25,"href":"https:\/\/nationaltrustcanada.ca\/fr\/wp-json\/wp\/v2\/pages\/15595\/revisions"}],"predecessor-version":[{"id":16609,"href":"https:\/\/nationaltrustcanada.ca\/fr\/wp-json\/wp\/v2\/pages\/15595\/revisions\/16609"}],"up":[{"embeddable":true,"href":"https:\/\/nationaltrustcanada.ca\/fr\/wp-json\/wp\/v2\/pages\/15086"}],"wp:featuredmedia":[{"embeddable":true,"href":"https:\/\/nationaltrustcanada.ca\/fr\/wp-json\/wp\/v2\/media\/15556"}],"wp:attachment":[{"href":"https:\/\/nationaltrustcanada.ca\/fr\/wp-json\/wp\/v2\/media?parent=15595"}],"curies":[{"name":"wp","href":"https:\/\/api.w.org\/{rel}","templated":true}]}}