{"id":1545,"date":"2017-09-12T13:12:19","date_gmt":"2017-09-12T13:12:19","guid":{"rendered":"http:\/\/nationaltrustcanada.ca?page_id=1545"},"modified":"2017-10-12T12:59:44","modified_gmt":"2017-10-12T12:59:44","slug":"lieux-menaces","status":"publish","type":"page","link":"https:\/\/nationaltrustcanada.ca\/fr\/lieux-menaces","title":{"rendered":"Lieux menac\u00e9s"},"content":{"rendered":"<div class=\"policybox\">\n<p><img loading=\"lazy\" decoding=\"async\" id=\"lighthouse\" class=\"alignnone size-full wp-image-944\" src=\"http:\/\/nationaltrustcanada.ca\/wp-content\/uploads\/2017\/06\/Lighthouse.png\" alt=\"\" width=\"217\" height=\"217\" srcset=\"https:\/\/nationaltrustcanada.ca\/wp-content\/uploads\/2017\/06\/Lighthouse.png 217w, https:\/\/nationaltrustcanada.ca\/wp-content\/uploads\/2017\/06\/Lighthouse-150x150.png 150w\" sizes=\"auto, (max-width: 217px) 100vw, 217px\" \/><\/p>\n<h2><strong>Phares<\/strong><\/h2>\n<p><strong>Ces 30\u00a0derni\u00e8res ann\u00e9es, l\u2019automatisation et la navigation \u00e9lectronique ont fait de nombreux phares des reliques du pass\u00e9.<\/strong> En 2010, le minist\u00e8re f\u00e9d\u00e9ral des P\u00eaches et Oc\u00e9ans a d\u00e9clar\u00e9 \u00ab\u00a0exc\u00e9dentaires\u00a0\u00bb presque tous ses phares \u2013 pr\u00e8s de 500\u00a0d\u2019entre eux. Il refilait ainsi la responsabilit\u00e9 de leur entretien \u00e0 des collectivit\u00e9s canadiennes.<\/p>\n<p>Malgr\u00e9 l\u2019adoption de la <em>Loi sur la protection des phares patrimoniaux<\/em>, le risque pesant sur les phares du Canada reste un probl\u00e8me urgent.<\/p>\n<p><a href=\"https:\/\/archive.fiducienationalecanada.ca\/dossiers-et-campagnes\/lieux-%C3%A0-risque\/phares\" target=\"_blank\" rel=\"noopener\">EN SAVOIR PLUS<\/a><\/p>\n<\/div>\n<p>&nbsp;<\/p>\n<div class=\"policybox\">\n<p><img loading=\"lazy\" decoding=\"async\" id=\"faith\" class=\"alignnone wp-image-948 size-full\" src=\"http:\/\/nationaltrustcanada.ca\/wp-content\/uploads\/2017\/06\/PlacesofFaith.png\" alt=\"\" width=\"217\" height=\"217\" srcset=\"https:\/\/nationaltrustcanada.ca\/wp-content\/uploads\/2017\/06\/PlacesofFaith.png 217w, https:\/\/nationaltrustcanada.ca\/wp-content\/uploads\/2017\/06\/PlacesofFaith-150x150.png 150w\" sizes=\"auto, (max-width: 217px) 100vw, 217px\" \/><\/p>\n<h2><strong>Lieux de culte<\/strong><\/h2>\n<p><strong>Des milliers de lieux de culte canadiens sont menac\u00e9s en raison de l\u2019\u00e9volution de la d\u00e9mographie et des valeurs ainsi que du co\u00fbt \u00e9lev\u00e9 de l\u2019entretien de telles structures vastes et complexes.<\/strong> Pourtant, ils sont importants pour leurs communaut\u00e9s, et ils ont un formidable potentiel de nouvelles vocations dynamiques.<\/p>\n<p><a href=\"https:\/\/archive.fiducienationalecanada.ca\/dossiers-et-campagnes\/lieux-%C3%A0-risque\/lieux-de-culte\" target=\"_blank\" rel=\"noopener\">EN SAVOIR PLUS<\/a><\/p>\n<\/div>\n<p>&nbsp;<\/p>\n<div class=\"policybox\">\n<p><img loading=\"lazy\" decoding=\"async\" id=\"school\" class=\"alignnone size-full wp-image-949\" src=\"http:\/\/nationaltrustcanada.ca\/wp-content\/uploads\/2017\/06\/Schools.png\" alt=\"\" width=\"217\" height=\"217\" srcset=\"https:\/\/nationaltrustcanada.ca\/wp-content\/uploads\/2017\/06\/Schools.png 217w, https:\/\/nationaltrustcanada.ca\/wp-content\/uploads\/2017\/06\/Schools-150x150.png 150w\" sizes=\"auto, (max-width: 217px) 100vw, 217px\" \/><\/p>\n<h2><strong>\u00c9coles traditionnelles<\/strong><\/h2>\n<p><strong>Les \u00e9coles plus anciennes du Canada sont d\u2019importants points de rep\u00e8re qui aident \u00e0 d\u00e9finir et \u00e0 soutenir nos quartiers.<\/strong> La menace de fermeture d\u2019\u00e9coles et de la vente des immeubles cr\u00e9e un besoin imp\u00e9rieux de s\u2019employer \u00e0 transformer ces structures historiques en vue de nouvelles vocations, et ainsi entretenir le dynamisme de quartiers anciens.<\/p>\n<p><a href=\"https:\/\/archive.fiducienationalecanada.ca\/dossiers-et-campagnes\/lieux-%C3%A0-risque\/%C3%A9coles\" target=\"_blank\" rel=\"noopener\">EN SAVOIR PLUS<\/a><\/p>\n<\/div>\n","protected":false},"excerpt":{"rendered":"<p>Phares Ces 30\u00a0derni\u00e8res ann\u00e9es, l\u2019automatisation et la navigation \u00e9lectronique ont fait de nombreux phares des reliques du pass\u00e9. En 2010,&#8230;<\/p>\n","protected":false},"author":4,"featured_media":0,"parent":0,"menu_order":0,"comment_status":"closed","ping_status":"closed","template":"","meta":{"_acf_changed":false,"footnotes":""},"class_list":["post-1545","page","type-page","status-publish","hentry"],"acf":[],"yoast_head":"<!-- This site is optimized with the Yoast SEO plugin v26.3 - https:\/\/yoast.com\/wordpress\/plugins\/seo\/ -->\n<title>Lieux menac\u00e9s - Fiducie nationale du Canada<\/title>\n<meta name=\"robots\" content=\"index, follow, max-snippet:-1, max-image-preview:large, max-video-preview:-1\" \/>\n<link rel=\"canonical\" href=\"https:\/\/nationaltrustcanada.ca\/fr\/ce-que-nous-offrons\/action-citoyenne\/lieux-menaces\" \/>\n<meta property=\"og:locale\" content=\"fr_FR\" \/>\n<meta property=\"og:type\" content=\"article\" \/>\n<meta property=\"og:title\" content=\"Lieux menac\u00e9s - Fiducie nationale du Canada\" \/>\n<meta property=\"og:description\" content=\"Phares Ces 30\u00a0derni\u00e8res ann\u00e9es, l\u2019automatisation et la navigation \u00e9lectronique ont fait de nombreux phares des reliques du pass\u00e9. En 2010,...\" \/>\n<meta property=\"og:url\" content=\"https:\/\/nationaltrustcanada.ca\/fr\/ce-que-nous-offrons\/action-citoyenne\/lieux-menaces\" \/>\n<meta property=\"og:site_name\" content=\"Fiducie nationale du Canada\" \/>\n<meta property=\"article:modified_time\" content=\"2017-10-12T12:59:44+00:00\" \/>\n<meta property=\"og:image\" content=\"http:\/\/nationaltrustcanada.ca\/wp-content\/uploads\/2017\/06\/Lighthouse.png\" \/>\n<meta name=\"twitter:card\" content=\"summary_large_image\" \/>\n<meta name=\"twitter:label1\" content=\"Dur\u00e9e de lecture estim\u00e9e\" \/>\n\t<meta name=\"twitter:data1\" content=\"1 minute\" \/>\n<script type=\"application\/ld+json\" class=\"yoast-schema-graph\">{\"@context\":\"https:\/\/schema.org\",\"@graph\":[{\"@type\":\"WebPage\",\"@id\":\"https:\/\/nationaltrustcanada.ca\/fr\/ce-que-nous-offrons\/action-citoyenne\/lieux-menaces\",\"url\":\"https:\/\/nationaltrustcanada.ca\/fr\/ce-que-nous-offrons\/action-citoyenne\/lieux-menaces\",\"name\":\"Lieux menac\u00e9s - Fiducie nationale du Canada\",\"isPartOf\":{\"@id\":\"https:\/\/nationaltrustcanada.ca\/#website\"},\"primaryImageOfPage\":{\"@id\":\"https:\/\/nationaltrustcanada.ca\/fr\/ce-que-nous-offrons\/action-citoyenne\/lieux-menaces#primaryimage\"},\"image\":{\"@id\":\"https:\/\/nationaltrustcanada.ca\/fr\/ce-que-nous-offrons\/action-citoyenne\/lieux-menaces#primaryimage\"},\"thumbnailUrl\":\"http:\/\/nationaltrustcanada.ca\/wp-content\/uploads\/2017\/06\/Lighthouse.png\",\"datePublished\":\"2017-09-12T13:12:19+00:00\",\"dateModified\":\"2017-10-12T12:59:44+00:00\",\"breadcrumb\":{\"@id\":\"https:\/\/nationaltrustcanada.ca\/fr\/ce-que-nous-offrons\/action-citoyenne\/lieux-menaces#breadcrumb\"},\"inLanguage\":\"fr-FR\",\"potentialAction\":[{\"@type\":\"ReadAction\",\"target\":[\"https:\/\/nationaltrustcanada.ca\/fr\/ce-que-nous-offrons\/action-citoyenne\/lieux-menaces\"]}]},{\"@type\":\"ImageObject\",\"inLanguage\":\"fr-FR\",\"@id\":\"https:\/\/nationaltrustcanada.ca\/fr\/ce-que-nous-offrons\/action-citoyenne\/lieux-menaces#primaryimage\",\"url\":\"http:\/\/nationaltrustcanada.ca\/wp-content\/uploads\/2017\/06\/Lighthouse.png\",\"contentUrl\":\"http:\/\/nationaltrustcanada.ca\/wp-content\/uploads\/2017\/06\/Lighthouse.png\"},{\"@type\":\"BreadcrumbList\",\"@id\":\"https:\/\/nationaltrustcanada.ca\/fr\/ce-que-nous-offrons\/action-citoyenne\/lieux-menaces#breadcrumb\",\"itemListElement\":[{\"@type\":\"ListItem\",\"position\":1,\"name\":\"Home\",\"item\":\"https:\/\/nationaltrustcanada.ca\/fr\"},{\"@type\":\"ListItem\",\"position\":2,\"name\":\"Ce que nous offrons\",\"item\":\"https:\/\/nationaltrustcanada.ca\/fr\/ce-que-nous-offrons\"},{\"@type\":\"ListItem\",\"position\":3,\"name\":\"Action citoyenne\",\"item\":\"https:\/\/nationaltrustcanada.ca\/fr\/ce-que-nous-offrons\/action-citoyenne\"},{\"@type\":\"ListItem\",\"position\":4,\"name\":\"Lieux menac\u00e9s\"}]},{\"@type\":\"WebSite\",\"@id\":\"https:\/\/nationaltrustcanada.ca\/#website\",\"url\":\"https:\/\/nationaltrustcanada.ca\/\",\"name\":\"Fiducie nationale du Canada\",\"description\":\"Bringing Heritage to Life\",\"potentialAction\":[{\"@type\":\"SearchAction\",\"target\":{\"@type\":\"EntryPoint\",\"urlTemplate\":\"https:\/\/nationaltrustcanada.ca\/?s={search_term_string}\"},\"query-input\":{\"@type\":\"PropertyValueSpecification\",\"valueRequired\":true,\"valueName\":\"search_term_string\"}}],\"inLanguage\":\"fr-FR\"}]}<\/script>\n<!-- \/ Yoast SEO plugin. -->","yoast_head_json":{"title":"Lieux menac\u00e9s - Fiducie nationale du Canada","robots":{"index":"index","follow":"follow","max-snippet":"max-snippet:-1","max-image-preview":"max-image-preview:large","max-video-preview":"max-video-preview:-1"},"canonical":"https:\/\/nationaltrustcanada.ca\/fr\/ce-que-nous-offrons\/action-citoyenne\/lieux-menaces","og_locale":"fr_FR","og_type":"article","og_title":"Lieux menac\u00e9s - Fiducie nationale du Canada","og_description":"Phares Ces 30\u00a0derni\u00e8res ann\u00e9es, l\u2019automatisation et la navigation \u00e9lectronique ont fait de nombreux phares des reliques du pass\u00e9. En 2010,...","og_url":"https:\/\/nationaltrustcanada.ca\/fr\/ce-que-nous-offrons\/action-citoyenne\/lieux-menaces","og_site_name":"Fiducie nationale du Canada","article_modified_time":"2017-10-12T12:59:44+00:00","og_image":[{"url":"http:\/\/nationaltrustcanada.ca\/wp-content\/uploads\/2017\/06\/Lighthouse.png","type":"","width":"","height":""}],"twitter_card":"summary_large_image","twitter_misc":{"Dur\u00e9e de lecture estim\u00e9e":"1 minute"},"schema":{"@context":"https:\/\/schema.org","@graph":[{"@type":"WebPage","@id":"https:\/\/nationaltrustcanada.ca\/fr\/ce-que-nous-offrons\/action-citoyenne\/lieux-menaces","url":"https:\/\/nationaltrustcanada.ca\/fr\/ce-que-nous-offrons\/action-citoyenne\/lieux-menaces","name":"Lieux menac\u00e9s - Fiducie nationale du Canada","isPartOf":{"@id":"https:\/\/nationaltrustcanada.ca\/#website"},"primaryImageOfPage":{"@id":"https:\/\/nationaltrustcanada.ca\/fr\/ce-que-nous-offrons\/action-citoyenne\/lieux-menaces#primaryimage"},"image":{"@id":"https:\/\/nationaltrustcanada.ca\/fr\/ce-que-nous-offrons\/action-citoyenne\/lieux-menaces#primaryimage"},"thumbnailUrl":"http:\/\/nationaltrustcanada.ca\/wp-content\/uploads\/2017\/06\/Lighthouse.png","datePublished":"2017-09-12T13:12:19+00:00","dateModified":"2017-10-12T12:59:44+00:00","breadcrumb":{"@id":"https:\/\/nationaltrustcanada.ca\/fr\/ce-que-nous-offrons\/action-citoyenne\/lieux-menaces#breadcrumb"},"inLanguage":"fr-FR","potentialAction":[{"@type":"ReadAction","target":["https:\/\/nationaltrustcanada.ca\/fr\/ce-que-nous-offrons\/action-citoyenne\/lieux-menaces"]}]},{"@type":"ImageObject","inLanguage":"fr-FR","@id":"https:\/\/nationaltrustcanada.ca\/fr\/ce-que-nous-offrons\/action-citoyenne\/lieux-menaces#primaryimage","url":"http:\/\/nationaltrustcanada.ca\/wp-content\/uploads\/2017\/06\/Lighthouse.png","contentUrl":"http:\/\/nationaltrustcanada.ca\/wp-content\/uploads\/2017\/06\/Lighthouse.png"},{"@type":"BreadcrumbList","@id":"https:\/\/nationaltrustcanada.ca\/fr\/ce-que-nous-offrons\/action-citoyenne\/lieux-menaces#breadcrumb","itemListElement":[{"@type":"ListItem","position":1,"name":"Home","item":"https:\/\/nationaltrustcanada.ca\/fr"},{"@type":"ListItem","position":2,"name":"Ce que nous offrons","item":"https:\/\/nationaltrustcanada.ca\/fr\/ce-que-nous-offrons"},{"@type":"ListItem","position":3,"name":"Action citoyenne","item":"https:\/\/nationaltrustcanada.ca\/fr\/ce-que-nous-offrons\/action-citoyenne"},{"@type":"ListItem","position":4,"name":"Lieux menac\u00e9s"}]},{"@type":"WebSite","@id":"https:\/\/nationaltrustcanada.ca\/#website","url":"https:\/\/nationaltrustcanada.ca\/","name":"Fiducie nationale du Canada","description":"Bringing Heritage to Life","potentialAction":[{"@type":"SearchAction","target":{"@type":"EntryPoint","urlTemplate":"https:\/\/nationaltrustcanada.ca\/?s={search_term_string}"},"query-input":{"@type":"PropertyValueSpecification","valueRequired":true,"valueName":"search_term_string"}}],"inLanguage":"fr-FR"}]}},"_links":{"self":[{"href":"https:\/\/nationaltrustcanada.ca\/fr\/wp-json\/wp\/v2\/pages\/1545","targetHints":{"allow":["GET"]}}],"collection":[{"href":"https:\/\/nationaltrustcanada.ca\/fr\/wp-json\/wp\/v2\/pages"}],"about":[{"href":"https:\/\/nationaltrustcanada.ca\/fr\/wp-json\/wp\/v2\/types\/page"}],"author":[{"embeddable":true,"href":"https:\/\/nationaltrustcanada.ca\/fr\/wp-json\/wp\/v2\/users\/4"}],"replies":[{"embeddable":true,"href":"https:\/\/nationaltrustcanada.ca\/fr\/wp-json\/wp\/v2\/comments?post=1545"}],"version-history":[{"count":6,"href":"https:\/\/nationaltrustcanada.ca\/fr\/wp-json\/wp\/v2\/pages\/1545\/revisions"}],"predecessor-version":[{"id":2265,"href":"https:\/\/nationaltrustcanada.ca\/fr\/wp-json\/wp\/v2\/pages\/1545\/revisions\/2265"}],"wp:attachment":[{"href":"https:\/\/nationaltrustcanada.ca\/fr\/wp-json\/wp\/v2\/media?parent=1545"}],"curies":[{"name":"wp","href":"https:\/\/api.w.org\/{rel}","templated":true}]}}