{"id":1543,"date":"2017-09-11T20:12:28","date_gmt":"2017-09-11T20:12:28","guid":{"rendered":"http:\/\/nationaltrustcanada.ca?page_id=1543"},"modified":"2017-10-11T18:35:33","modified_gmt":"2017-10-11T18:35:33","slug":"objectifs-dinteret-public","status":"publish","type":"page","link":"https:\/\/nationaltrustcanada.ca\/fr\/objectifs-dinteret-public","title":{"rendered":"Objectifs d\u2019int\u00e9r\u00eat public"},"content":{"rendered":"<div class=\"policybox\">\n<h2><img loading=\"lazy\" decoding=\"async\" id=\"financial\" class=\"alignnone size-full wp-image-1023\" src=\"http:\/\/nationaltrustcanada.ca\/wp-content\/uploads\/2017\/06\/Artboard-1.png\" alt=\"\" width=\"217\" height=\"217\" srcset=\"https:\/\/nationaltrustcanada.ca\/wp-content\/uploads\/2017\/06\/Artboard-1.png 217w, https:\/\/nationaltrustcanada.ca\/wp-content\/uploads\/2017\/06\/Artboard-1-150x150.png 150w\" sizes=\"auto, (max-width: 217px) 100vw, 217px\" \/><\/h2>\n<h2><strong>De meilleurs incitatifs financiers<\/strong><\/h2>\n<p><strong>Depuis 30\u00a0ans, au Canada, plus de 20\u00a0% des immeubles historiques d\u2019avant 1920 ont \u00e9t\u00e9 d\u00e9molis. Des consid\u00e9rations financi\u00e8res y ont jou\u00e9 un r\u00f4le central.<\/strong><\/p>\n<p>La rentabilit\u00e9 parfois impr\u00e9visible des projets de r\u00e9habilitation des immeubles du patrimoine fait h\u00e9siter les pr\u00eateurs et les promoteurs immobiliers. L\u2019escalade de la valeur des terrains dans les grandes villes canadiennes encourage \u00e0 construire de grands immeubles neufs. Dans les plus petits centres, il y a souvent moins d\u2019activit\u00e9 de d\u00e9veloppement.<\/p>\n<p>Des incitatifs financiers \u2013 tels qu\u2019all\u00e9gements fiscaux, subventions, dispenses de frais, primes de densit\u00e9 \u2013 peuvent encourager l\u2019investissement du secteur priv\u00e9 dans la pr\u00e9servation d\u2019immeubles historiques et favoriser le lancement de projets de r\u00e9habilitation qui ne se r\u00e9aliseraient pas autrement.<\/p>\n<p>En m\u00eame temps, ils appuient le d\u00e9veloppement durable, r\u00e9duisent les \u00e9missions de gaz \u00e0 effet de serre et rehaussent la prosp\u00e9rit\u00e9 \u00e9conomique.<\/p>\n<p><a href=\"https:\/\/archive.fiducienationalecanada.ca\/dossiers-et-campagnes\/incitatifs-financiers\" target=\"_blank\" rel=\"noopener\">EN SAVOIR PLUS<\/a><br \/>\nAgissez d\u00e8s maintenant!<\/p>\n<\/div>\n<p>&nbsp;<\/p>\n<div class=\"policybox\">\n<h2><img loading=\"lazy\" decoding=\"async\" id=\"legal\" class=\"alignnone size-full wp-image-1024\" src=\"http:\/\/nationaltrustcanada.ca\/wp-content\/uploads\/2017\/06\/Legal.png\" alt=\"\" width=\"217\" height=\"217\" srcset=\"https:\/\/nationaltrustcanada.ca\/wp-content\/uploads\/2017\/06\/Legal.png 217w, https:\/\/nationaltrustcanada.ca\/wp-content\/uploads\/2017\/06\/Legal-150x150.png 150w\" sizes=\"auto, (max-width: 217px) 100vw, 217px\" \/><\/h2>\n<h2><strong>Une meilleure protection l\u00e9gale<\/strong><\/h2>\n<p><strong>Le Canada est le seul pays du G\u20118 qui n\u2019a pas des lois prot\u00e9geant les lieux historiques appartenant \u00e0 son gouvernement national.<\/strong><\/p>\n<p>Depuis sa cr\u00e9ation en 1973, la Fiducie nationale a travaill\u00e9 aupr\u00e8s de tous les ordres de gouvernement pour les encourager \u00e0 adopter des mesures l\u00e9gislatives pour prot\u00e9ger les immeubles du patrimoine. Nous avons aussi aid\u00e9 \u00e0 lancer des campagnes visant \u00e0 prot\u00e9ger les propri\u00e9t\u00e9s du patrimoine relevant de la comp\u00e9tence f\u00e9d\u00e9rale, ce qui a men\u00e9 \u00e0 la <a href=\"http:\/\/laws-lois.justice.gc.ca\/fra\/lois\/H-3.5\/page-1.html\"><em>Loi sur la protection des gares ferroviaires patrimoniales<\/em><\/a> (1988)\u00a0et \u00e0 la <a href=\"http:\/\/lois-laws.justice.gc.ca\/fra\/lois\/H-3.4\/index.html\"><em>Loi sur la protection des phares patrimoniaux<\/em><\/a> (2008).<\/p>\n<p>Il reste d\u2019importantes lacunes, en particulier au palier f\u00e9d\u00e9ral.<br \/>\n<a href=\"https:\/\/archive.fiducienationalecanada.ca\/dossiers-et-campagnes\/protection-l%C3%A9gale\" target=\"_blank\" rel=\"noopener\">EN SAVOIR PLUS<\/a><\/p>\n<\/div>\n<p>&nbsp;<\/p>\n<div class=\"policybox\">\n<h2><img loading=\"lazy\" decoding=\"async\" id=\"federal\" class=\"alignnone size-full wp-image-1025\" src=\"http:\/\/nationaltrustcanada.ca\/wp-content\/uploads\/2017\/06\/Federal.png\" alt=\"\" width=\"217\" height=\"217\" srcset=\"https:\/\/nationaltrustcanada.ca\/wp-content\/uploads\/2017\/06\/Federal.png 217w, https:\/\/nationaltrustcanada.ca\/wp-content\/uploads\/2017\/06\/Federal-150x150.png 150w\" sizes=\"auto, (max-width: 217px) 100vw, 217px\" \/><\/h2>\n<h2><strong>Leadership f\u00e9d\u00e9ral<\/strong><\/h2>\n<p><strong>Nous avons grand besoin, de la part du gouvernement f\u00e9d\u00e9ral, de leadership, de financement, d\u2019incitatifs et d\u2019outils pour assurer la survie de lieux qui rev\u00eatent une importance locale ou provinciale et qui appartiennent \u00e0 l\u2019histoire et \u00e0 l\u2019identit\u00e9 du Canada.<\/strong><\/p>\n<p>Un incitatif fiscal f\u00e9d\u00e9ral \u00e0 la r\u00e9habilitation est un moyen \u00e9prouv\u00e9 de sauver des milliers d\u2019immeubles du remblayage, ce qui est d\u2019autant plus pertinent dans le cadre de la lutte contre le changement climatique.<\/p>\n<p><a href=\"https:\/\/nationaltrustcanada.ca\/what-you-can-do\/advocacy-action\/bill-c-323-an-act-to-create-tax-incentives-for-the-rehabilitation-of-historic-property\">EN SAVOIR PLUS<\/a><\/p>\n<p>Une politique donnant la priorit\u00e9 au patrimoine augmenterait la demande du march\u00e9 pour des immeubles plus anciens et cr\u00e9erait dans le secteur immobilier un puissant incitatif \u00e0 r\u00e9habiliter plut\u00f4t que d\u00e9molir.<\/p>\n<p><a href=\"https:\/\/archive.fiducienationalecanada.ca\/dossiers-et-campagnes\/priorit%C3%A9-au-patrimoine\" target=\"_blank\" rel=\"noopener\">EN SAVOIR PLUS<\/a><\/p>\n<p><strong>Les ressources f\u00e9d\u00e9rales du patrimoine devraient depuis longtemps \u00eatre prot\u00e9g\u00e9es par la loi.<\/strong> En 2003, le v\u00e9rificateur g\u00e9n\u00e9ral du Canada pr\u00e9venait que le patrimoine b\u00e2ti du gouvernement f\u00e9d\u00e9ral sera perdu pour les g\u00e9n\u00e9rations futures \u00e0 moins de prendre rapidement des mesures pour le prot\u00e9ger. La <em>Loi sur les lieux et monuments historiques<\/em>\u00a0(1953) donne le pouvoir de d\u00e9signer des lieux historiques nationaux, mais ne les prot\u00e8ge pas.<\/p>\n<\/div>\n","protected":false},"excerpt":{"rendered":"<p>De meilleurs incitatifs financiers Depuis 30\u00a0ans, au Canada, plus de 20\u00a0% des immeubles historiques d\u2019avant 1920 ont \u00e9t\u00e9 d\u00e9molis. Des&#8230;<\/p>\n","protected":false},"author":4,"featured_media":0,"parent":0,"menu_order":0,"comment_status":"closed","ping_status":"closed","template":"","meta":{"_acf_changed":false,"footnotes":""},"class_list":["post-1543","page","type-page","status-publish","hentry"],"acf":[],"yoast_head":"<!-- This site is optimized with the Yoast SEO plugin v26.3 - https:\/\/yoast.com\/wordpress\/plugins\/seo\/ -->\n<title>Objectifs d\u2019int\u00e9r\u00eat public - Fiducie nationale du Canada<\/title>\n<meta name=\"robots\" content=\"index, follow, max-snippet:-1, max-image-preview:large, max-video-preview:-1\" \/>\n<link rel=\"canonical\" href=\"https:\/\/nationaltrustcanada.ca\/fr\/ce-que-nous-offrons\/action-citoyenne\/objectifs-dinteret-public\" \/>\n<meta property=\"og:locale\" content=\"fr_FR\" \/>\n<meta property=\"og:type\" content=\"article\" \/>\n<meta property=\"og:title\" content=\"Objectifs d\u2019int\u00e9r\u00eat public - Fiducie nationale du Canada\" \/>\n<meta property=\"og:description\" content=\"De meilleurs incitatifs financiers Depuis 30\u00a0ans, au Canada, plus de 20\u00a0% des immeubles historiques d\u2019avant 1920 ont \u00e9t\u00e9 d\u00e9molis. Des...\" \/>\n<meta property=\"og:url\" content=\"https:\/\/nationaltrustcanada.ca\/fr\/ce-que-nous-offrons\/action-citoyenne\/objectifs-dinteret-public\" \/>\n<meta property=\"og:site_name\" content=\"Fiducie nationale du Canada\" \/>\n<meta property=\"article:modified_time\" content=\"2017-10-11T18:35:33+00:00\" \/>\n<meta property=\"og:image\" content=\"http:\/\/nationaltrustcanada.ca\/wp-content\/uploads\/2017\/06\/Artboard-1.png\" \/>\n<meta name=\"twitter:card\" content=\"summary_large_image\" \/>\n<meta name=\"twitter:label1\" content=\"Dur\u00e9e de lecture estim\u00e9e\" \/>\n\t<meta name=\"twitter:data1\" content=\"2 minutes\" \/>\n<script type=\"application\/ld+json\" class=\"yoast-schema-graph\">{\"@context\":\"https:\/\/schema.org\",\"@graph\":[{\"@type\":\"WebPage\",\"@id\":\"https:\/\/nationaltrustcanada.ca\/fr\/ce-que-nous-offrons\/action-citoyenne\/objectifs-dinteret-public\",\"url\":\"https:\/\/nationaltrustcanada.ca\/fr\/ce-que-nous-offrons\/action-citoyenne\/objectifs-dinteret-public\",\"name\":\"Objectifs d\u2019int\u00e9r\u00eat public - Fiducie nationale du Canada\",\"isPartOf\":{\"@id\":\"https:\/\/nationaltrustcanada.ca\/#website\"},\"primaryImageOfPage\":{\"@id\":\"https:\/\/nationaltrustcanada.ca\/fr\/ce-que-nous-offrons\/action-citoyenne\/objectifs-dinteret-public#primaryimage\"},\"image\":{\"@id\":\"https:\/\/nationaltrustcanada.ca\/fr\/ce-que-nous-offrons\/action-citoyenne\/objectifs-dinteret-public#primaryimage\"},\"thumbnailUrl\":\"http:\/\/nationaltrustcanada.ca\/wp-content\/uploads\/2017\/06\/Artboard-1.png\",\"datePublished\":\"2017-09-11T20:12:28+00:00\",\"dateModified\":\"2017-10-11T18:35:33+00:00\",\"breadcrumb\":{\"@id\":\"https:\/\/nationaltrustcanada.ca\/fr\/ce-que-nous-offrons\/action-citoyenne\/objectifs-dinteret-public#breadcrumb\"},\"inLanguage\":\"fr-FR\",\"potentialAction\":[{\"@type\":\"ReadAction\",\"target\":[\"https:\/\/nationaltrustcanada.ca\/fr\/ce-que-nous-offrons\/action-citoyenne\/objectifs-dinteret-public\"]}]},{\"@type\":\"ImageObject\",\"inLanguage\":\"fr-FR\",\"@id\":\"https:\/\/nationaltrustcanada.ca\/fr\/ce-que-nous-offrons\/action-citoyenne\/objectifs-dinteret-public#primaryimage\",\"url\":\"http:\/\/nationaltrustcanada.ca\/wp-content\/uploads\/2017\/06\/Artboard-1.png\",\"contentUrl\":\"http:\/\/nationaltrustcanada.ca\/wp-content\/uploads\/2017\/06\/Artboard-1.png\"},{\"@type\":\"BreadcrumbList\",\"@id\":\"https:\/\/nationaltrustcanada.ca\/fr\/ce-que-nous-offrons\/action-citoyenne\/objectifs-dinteret-public#breadcrumb\",\"itemListElement\":[{\"@type\":\"ListItem\",\"position\":1,\"name\":\"Home\",\"item\":\"https:\/\/nationaltrustcanada.ca\/fr\"},{\"@type\":\"ListItem\",\"position\":2,\"name\":\"Ce que nous offrons\",\"item\":\"https:\/\/nationaltrustcanada.ca\/fr\/ce-que-nous-offrons\"},{\"@type\":\"ListItem\",\"position\":3,\"name\":\"Action citoyenne\",\"item\":\"https:\/\/nationaltrustcanada.ca\/fr\/ce-que-nous-offrons\/action-citoyenne\"},{\"@type\":\"ListItem\",\"position\":4,\"name\":\"Objectifs d\u2019int\u00e9r\u00eat public\"}]},{\"@type\":\"WebSite\",\"@id\":\"https:\/\/nationaltrustcanada.ca\/#website\",\"url\":\"https:\/\/nationaltrustcanada.ca\/\",\"name\":\"Fiducie nationale du Canada\",\"description\":\"Bringing Heritage to Life\",\"potentialAction\":[{\"@type\":\"SearchAction\",\"target\":{\"@type\":\"EntryPoint\",\"urlTemplate\":\"https:\/\/nationaltrustcanada.ca\/?s={search_term_string}\"},\"query-input\":{\"@type\":\"PropertyValueSpecification\",\"valueRequired\":true,\"valueName\":\"search_term_string\"}}],\"inLanguage\":\"fr-FR\"}]}<\/script>\n<!-- \/ Yoast SEO plugin. -->","yoast_head_json":{"title":"Objectifs d\u2019int\u00e9r\u00eat public - Fiducie nationale du Canada","robots":{"index":"index","follow":"follow","max-snippet":"max-snippet:-1","max-image-preview":"max-image-preview:large","max-video-preview":"max-video-preview:-1"},"canonical":"https:\/\/nationaltrustcanada.ca\/fr\/ce-que-nous-offrons\/action-citoyenne\/objectifs-dinteret-public","og_locale":"fr_FR","og_type":"article","og_title":"Objectifs d\u2019int\u00e9r\u00eat public - Fiducie nationale du Canada","og_description":"De meilleurs incitatifs financiers Depuis 30\u00a0ans, au Canada, plus de 20\u00a0% des immeubles historiques d\u2019avant 1920 ont \u00e9t\u00e9 d\u00e9molis. Des...","og_url":"https:\/\/nationaltrustcanada.ca\/fr\/ce-que-nous-offrons\/action-citoyenne\/objectifs-dinteret-public","og_site_name":"Fiducie nationale du Canada","article_modified_time":"2017-10-11T18:35:33+00:00","og_image":[{"url":"http:\/\/nationaltrustcanada.ca\/wp-content\/uploads\/2017\/06\/Artboard-1.png","type":"","width":"","height":""}],"twitter_card":"summary_large_image","twitter_misc":{"Dur\u00e9e de lecture estim\u00e9e":"2 minutes"},"schema":{"@context":"https:\/\/schema.org","@graph":[{"@type":"WebPage","@id":"https:\/\/nationaltrustcanada.ca\/fr\/ce-que-nous-offrons\/action-citoyenne\/objectifs-dinteret-public","url":"https:\/\/nationaltrustcanada.ca\/fr\/ce-que-nous-offrons\/action-citoyenne\/objectifs-dinteret-public","name":"Objectifs d\u2019int\u00e9r\u00eat public - Fiducie nationale du Canada","isPartOf":{"@id":"https:\/\/nationaltrustcanada.ca\/#website"},"primaryImageOfPage":{"@id":"https:\/\/nationaltrustcanada.ca\/fr\/ce-que-nous-offrons\/action-citoyenne\/objectifs-dinteret-public#primaryimage"},"image":{"@id":"https:\/\/nationaltrustcanada.ca\/fr\/ce-que-nous-offrons\/action-citoyenne\/objectifs-dinteret-public#primaryimage"},"thumbnailUrl":"http:\/\/nationaltrustcanada.ca\/wp-content\/uploads\/2017\/06\/Artboard-1.png","datePublished":"2017-09-11T20:12:28+00:00","dateModified":"2017-10-11T18:35:33+00:00","breadcrumb":{"@id":"https:\/\/nationaltrustcanada.ca\/fr\/ce-que-nous-offrons\/action-citoyenne\/objectifs-dinteret-public#breadcrumb"},"inLanguage":"fr-FR","potentialAction":[{"@type":"ReadAction","target":["https:\/\/nationaltrustcanada.ca\/fr\/ce-que-nous-offrons\/action-citoyenne\/objectifs-dinteret-public"]}]},{"@type":"ImageObject","inLanguage":"fr-FR","@id":"https:\/\/nationaltrustcanada.ca\/fr\/ce-que-nous-offrons\/action-citoyenne\/objectifs-dinteret-public#primaryimage","url":"http:\/\/nationaltrustcanada.ca\/wp-content\/uploads\/2017\/06\/Artboard-1.png","contentUrl":"http:\/\/nationaltrustcanada.ca\/wp-content\/uploads\/2017\/06\/Artboard-1.png"},{"@type":"BreadcrumbList","@id":"https:\/\/nationaltrustcanada.ca\/fr\/ce-que-nous-offrons\/action-citoyenne\/objectifs-dinteret-public#breadcrumb","itemListElement":[{"@type":"ListItem","position":1,"name":"Home","item":"https:\/\/nationaltrustcanada.ca\/fr"},{"@type":"ListItem","position":2,"name":"Ce que nous offrons","item":"https:\/\/nationaltrustcanada.ca\/fr\/ce-que-nous-offrons"},{"@type":"ListItem","position":3,"name":"Action citoyenne","item":"https:\/\/nationaltrustcanada.ca\/fr\/ce-que-nous-offrons\/action-citoyenne"},{"@type":"ListItem","position":4,"name":"Objectifs d\u2019int\u00e9r\u00eat public"}]},{"@type":"WebSite","@id":"https:\/\/nationaltrustcanada.ca\/#website","url":"https:\/\/nationaltrustcanada.ca\/","name":"Fiducie nationale du Canada","description":"Bringing Heritage to Life","potentialAction":[{"@type":"SearchAction","target":{"@type":"EntryPoint","urlTemplate":"https:\/\/nationaltrustcanada.ca\/?s={search_term_string}"},"query-input":{"@type":"PropertyValueSpecification","valueRequired":true,"valueName":"search_term_string"}}],"inLanguage":"fr-FR"}]}},"_links":{"self":[{"href":"https:\/\/nationaltrustcanada.ca\/fr\/wp-json\/wp\/v2\/pages\/1543","targetHints":{"allow":["GET"]}}],"collection":[{"href":"https:\/\/nationaltrustcanada.ca\/fr\/wp-json\/wp\/v2\/pages"}],"about":[{"href":"https:\/\/nationaltrustcanada.ca\/fr\/wp-json\/wp\/v2\/types\/page"}],"author":[{"embeddable":true,"href":"https:\/\/nationaltrustcanada.ca\/fr\/wp-json\/wp\/v2\/users\/4"}],"replies":[{"embeddable":true,"href":"https:\/\/nationaltrustcanada.ca\/fr\/wp-json\/wp\/v2\/comments?post=1543"}],"version-history":[{"count":6,"href":"https:\/\/nationaltrustcanada.ca\/fr\/wp-json\/wp\/v2\/pages\/1543\/revisions"}],"predecessor-version":[{"id":2232,"href":"https:\/\/nationaltrustcanada.ca\/fr\/wp-json\/wp\/v2\/pages\/1543\/revisions\/2232"}],"wp:attachment":[{"href":"https:\/\/nationaltrustcanada.ca\/fr\/wp-json\/wp\/v2\/media?parent=1543"}],"curies":[{"name":"wp","href":"https:\/\/api.w.org\/{rel}","templated":true}]}}