{"id":1530,"date":"2017-09-11T18:40:49","date_gmt":"2017-09-11T18:40:49","guid":{"rendered":"http:\/\/nationaltrustcanada.ca?page_id=1530"},"modified":"2022-05-05T12:51:52","modified_gmt":"2022-05-05T16:51:52","slug":"conditions-des-bourses","status":"publish","type":"page","link":"https:\/\/nationaltrustcanada.ca\/fr\/bourses-herb-stovel\/conditions-des-bourses","title":{"rendered":"Conditions des bourses"},"content":{"rendered":"<ul>\n<li>Tous les documents d\u2019une proposition doivent \u00eatre re\u00e7us avant l\u2019\u00e9ch\u00e9ance fix\u00e9e. Il incombe au demandeur de veiller \u00e0 ce que tous les documents ont \u00e9t\u00e9 fournis. Les propositions incompl\u00e8tes ne seront pas examin\u00e9es.<\/li>\n<li>La date limite pour le versement de fonds octroy\u00e9s aux boursiers est le 31 d\u00e9cembre de l\u2019ann\u00e9e suivant l\u2019acceptation de la bourse par le b\u00e9n\u00e9ficiaire. Les fonds seront vers\u00e9s uniquement en dollars canadiens.<\/li>\n<li><strong>Bourses de projet de recherche :<\/strong><\/li>\n<ul>\n<li>Le montant d\u2019une bourse de projet de recherche sera d\u00e9termin\u00e9 en fonction des estimations du demandeur et des fonds disponibles, jusqu\u2019\u00e0 concurrence de 2 500 $. <\/li>\n<li>Les b\u00e9n\u00e9ficiaires seront tenus de fournir une preuve de l\u2019admission au programme d\u2019\u00e9tudes \u00e0 l\u2019\u00e9gard duquel les fonds ont \u00e9t\u00e9 approuv\u00e9s ou de l\u2019ach\u00e8vement du projet propos\u00e9, ainsi que les autres documents pertinents d\u00e9sign\u00e9s. <\/li>\n<li>Les dates pr\u00e9vues d\u2019un projet doivent se situer apr\u00e8s la date limite des demandes et avant la date limite du versement de la bourse, qui est le 31 d\u00e9cembre de l\u2019ann\u00e9e suivant l\u2019acceptation de la bourse par le b\u00e9n\u00e9ficiaire.<\/li>\n<\/ul>\n<li><strong>Bourses pour la conf\u00e9rence de la Fiducie nationale :<\/strong><\/li>\n<ul>\n<li>Les bourses pour la Conf\u00e9rence de la Fiducie nationale comprend l\u2019inscription \u00e0 la Conf\u00e9rence; jusqu\u2019\u00e0 trois nuit\u00e9es d\u2019h\u00e9bergement \u00e0 l\u2019h\u00f4tel de la Conf\u00e9rence; et le co\u00fbt du voyage de retour \u00e0 la Conf\u00e9rence \u00e0 partir du lieu de r\u00e9sidence ou d\u2019\u00e9tudes du b\u00e9n\u00e9ficiaire au Canada. Dans le cas d&rsquo;une conf\u00e9rence virtuelle, la bourse comprend l&rsquo;inscription \u00e0 la Conf\u00e9rence.<\/li>\n<li>La Fiducie nationale fera toutes les r\u00e9servations pour l\u2019h\u00e9bergement et le voyage, et les paiera \u00e0 l\u2019avance au nom du b\u00e9n\u00e9ficiaire. Les autres frais tels que taxis, frais accessoires \u00e0 l\u2019h\u00f4tel et repas non compris dans le cadre de la Conf\u00e9rence seront \u00e0 la charge des boursiers. <\/li>\n<li>Les bourses pour la participation \u00e0 la Conf\u00e9rence de la Fiducie nationale sont valables pour la Conf\u00e9rence de la Fiducie nationale de l\u2019ann\u00e9e en cours; elles ne peuvent pas \u00eatre report\u00e9es \u00e0 la Conf\u00e9rence de la Fiducie nationale d\u2019une ann\u00e9e ult\u00e9rieure.<\/li>\n<\/ul>\n<li>Les candidats \u00e0 une bourse seront ajout\u00e9s \u00e0 la base de donn\u00e9es de gestion des contacts et \u00e0 la liste d\u2019envoi du bulletin d\u2019information de la Fiducie nationale.<\/li>\n<li>Les candidats retenus seront inform\u00e9s par t\u00e9l\u00e9phone et\/ou par courriel, et ils doivent ensuite accepter officiellement leur bourse par \u00e9crit dans un d\u00e9lai de deux semaines.<\/li>\n<li>Les demandes directement associ\u00e9es \u00e0 des membres actuels du conseil d\u2019administration et du personnel de la Fiducie nationale ou \u00e0 des membres de la comit\u00e9 consultatif professionnel, y compris les membres de leur famille imm\u00e9diate, ne sont pas admissibles. <\/li>\n<li>Tous les membres de la comit\u00e9 consultatif professionnel signent un formulaire de d\u00e9claration de conflits d\u2019int\u00e9r\u00eats et de confidentialit\u00e9, et ils s\u2019abstiendront : (i) de juger des demandes avec lesquelles ils sont affili\u00e9s ou ont un lien d\u2019emploi; (ii) de juger des demandes qu\u2019ils ne peuvent pas objectivement \u00e9valuer en fonction des crit\u00e8res d\u00e9sign\u00e9s.<\/li>\n<li>La Fiducie nationale se r\u00e9serve le droit de r\u00e9voquer les bourses dans l\u2019ann\u00e9e au cours de laquelle ils ont \u00e9t\u00e9 octroy\u00e9s. <\/li>\n<li>Si un b\u00e9n\u00e9ficiaire manque au respect de ces conditions ou n\u2019utilise pas les fonds dans le d\u00e9lai prescrit, la Fiducie nationale se r\u00e9serve le droit de retirer l\u2019offre de fonds et peut, \u00e0 sa discr\u00e9tion, accorder des fonds \u00e0 un autre candidat admissible.<\/li>\n<\/ul>\n","protected":false},"excerpt":{"rendered":"<p>Tous les documents d\u2019une proposition doivent \u00eatre re\u00e7us avant l\u2019\u00e9ch\u00e9ance fix\u00e9e. Il incombe au demandeur de veiller \u00e0 ce que&#8230;<\/p>\n","protected":false},"author":4,"featured_media":0,"parent":1522,"menu_order":0,"comment_status":"closed","ping_status":"closed","template":"","meta":{"_acf_changed":false,"footnotes":""},"class_list":["post-1530","page","type-page","status-publish","hentry"],"acf":[],"yoast_head":"<!-- This site is optimized with the Yoast SEO plugin v26.3 - https:\/\/yoast.com\/wordpress\/plugins\/seo\/ -->\n<title>Conditions des bourses - Fiducie nationale du Canada<\/title>\n<meta name=\"robots\" content=\"index, follow, max-snippet:-1, max-image-preview:large, max-video-preview:-1\" \/>\n<link rel=\"canonical\" href=\"https:\/\/nationaltrustcanada.ca\/fr\/bourses-herb-stovel\/conditions-des-bourses\" \/>\n<meta property=\"og:locale\" content=\"fr_FR\" \/>\n<meta property=\"og:type\" content=\"article\" \/>\n<meta property=\"og:title\" content=\"Conditions des bourses - Fiducie nationale du Canada\" \/>\n<meta property=\"og:description\" content=\"Tous les documents d\u2019une proposition doivent \u00eatre re\u00e7us avant l\u2019\u00e9ch\u00e9ance fix\u00e9e. Il incombe au demandeur de veiller \u00e0 ce que...\" \/>\n<meta property=\"og:url\" content=\"https:\/\/nationaltrustcanada.ca\/fr\/bourses-herb-stovel\/conditions-des-bourses\" \/>\n<meta property=\"og:site_name\" content=\"Fiducie nationale du Canada\" \/>\n<meta property=\"article:modified_time\" content=\"2022-05-05T16:51:52+00:00\" \/>\n<meta name=\"twitter:card\" content=\"summary_large_image\" \/>\n<meta name=\"twitter:label1\" content=\"Dur\u00e9e de lecture estim\u00e9e\" \/>\n\t<meta name=\"twitter:data1\" content=\"3 minutes\" \/>\n<script type=\"application\/ld+json\" class=\"yoast-schema-graph\">{\"@context\":\"https:\/\/schema.org\",\"@graph\":[{\"@type\":\"WebPage\",\"@id\":\"https:\/\/nationaltrustcanada.ca\/fr\/bourses-herb-stovel\/conditions-des-bourses\",\"url\":\"https:\/\/nationaltrustcanada.ca\/fr\/bourses-herb-stovel\/conditions-des-bourses\",\"name\":\"Conditions des bourses - Fiducie nationale du Canada\",\"isPartOf\":{\"@id\":\"https:\/\/nationaltrustcanada.ca\/#website\"},\"datePublished\":\"2017-09-11T18:40:49+00:00\",\"dateModified\":\"2022-05-05T16:51:52+00:00\",\"breadcrumb\":{\"@id\":\"https:\/\/nationaltrustcanada.ca\/fr\/bourses-herb-stovel\/conditions-des-bourses#breadcrumb\"},\"inLanguage\":\"fr-FR\",\"potentialAction\":[{\"@type\":\"ReadAction\",\"target\":[\"https:\/\/nationaltrustcanada.ca\/fr\/bourses-herb-stovel\/conditions-des-bourses\"]}]},{\"@type\":\"BreadcrumbList\",\"@id\":\"https:\/\/nationaltrustcanada.ca\/fr\/bourses-herb-stovel\/conditions-des-bourses#breadcrumb\",\"itemListElement\":[{\"@type\":\"ListItem\",\"position\":1,\"name\":\"Home\",\"item\":\"https:\/\/nationaltrustcanada.ca\/fr\"},{\"@type\":\"ListItem\",\"position\":2,\"name\":\"Demandes de bourses Herb Stovel\",\"item\":\"https:\/\/nationaltrustcanada.ca\/fr\/bourses-herb-stovel\"},{\"@type\":\"ListItem\",\"position\":3,\"name\":\"Conditions des bourses\"}]},{\"@type\":\"WebSite\",\"@id\":\"https:\/\/nationaltrustcanada.ca\/#website\",\"url\":\"https:\/\/nationaltrustcanada.ca\/\",\"name\":\"Fiducie nationale du Canada\",\"description\":\"Bringing Heritage to Life\",\"potentialAction\":[{\"@type\":\"SearchAction\",\"target\":{\"@type\":\"EntryPoint\",\"urlTemplate\":\"https:\/\/nationaltrustcanada.ca\/?s={search_term_string}\"},\"query-input\":{\"@type\":\"PropertyValueSpecification\",\"valueRequired\":true,\"valueName\":\"search_term_string\"}}],\"inLanguage\":\"fr-FR\"}]}<\/script>\n<!-- \/ Yoast SEO plugin. -->","yoast_head_json":{"title":"Conditions des bourses - Fiducie nationale du Canada","robots":{"index":"index","follow":"follow","max-snippet":"max-snippet:-1","max-image-preview":"max-image-preview:large","max-video-preview":"max-video-preview:-1"},"canonical":"https:\/\/nationaltrustcanada.ca\/fr\/bourses-herb-stovel\/conditions-des-bourses","og_locale":"fr_FR","og_type":"article","og_title":"Conditions des bourses - Fiducie nationale du Canada","og_description":"Tous les documents d\u2019une proposition doivent \u00eatre re\u00e7us avant l\u2019\u00e9ch\u00e9ance fix\u00e9e. Il incombe au demandeur de veiller \u00e0 ce que...","og_url":"https:\/\/nationaltrustcanada.ca\/fr\/bourses-herb-stovel\/conditions-des-bourses","og_site_name":"Fiducie nationale du Canada","article_modified_time":"2022-05-05T16:51:52+00:00","twitter_card":"summary_large_image","twitter_misc":{"Dur\u00e9e de lecture estim\u00e9e":"3 minutes"},"schema":{"@context":"https:\/\/schema.org","@graph":[{"@type":"WebPage","@id":"https:\/\/nationaltrustcanada.ca\/fr\/bourses-herb-stovel\/conditions-des-bourses","url":"https:\/\/nationaltrustcanada.ca\/fr\/bourses-herb-stovel\/conditions-des-bourses","name":"Conditions des bourses - Fiducie nationale du Canada","isPartOf":{"@id":"https:\/\/nationaltrustcanada.ca\/#website"},"datePublished":"2017-09-11T18:40:49+00:00","dateModified":"2022-05-05T16:51:52+00:00","breadcrumb":{"@id":"https:\/\/nationaltrustcanada.ca\/fr\/bourses-herb-stovel\/conditions-des-bourses#breadcrumb"},"inLanguage":"fr-FR","potentialAction":[{"@type":"ReadAction","target":["https:\/\/nationaltrustcanada.ca\/fr\/bourses-herb-stovel\/conditions-des-bourses"]}]},{"@type":"BreadcrumbList","@id":"https:\/\/nationaltrustcanada.ca\/fr\/bourses-herb-stovel\/conditions-des-bourses#breadcrumb","itemListElement":[{"@type":"ListItem","position":1,"name":"Home","item":"https:\/\/nationaltrustcanada.ca\/fr"},{"@type":"ListItem","position":2,"name":"Demandes de bourses Herb Stovel","item":"https:\/\/nationaltrustcanada.ca\/fr\/bourses-herb-stovel"},{"@type":"ListItem","position":3,"name":"Conditions des bourses"}]},{"@type":"WebSite","@id":"https:\/\/nationaltrustcanada.ca\/#website","url":"https:\/\/nationaltrustcanada.ca\/","name":"Fiducie nationale du Canada","description":"Bringing Heritage to Life","potentialAction":[{"@type":"SearchAction","target":{"@type":"EntryPoint","urlTemplate":"https:\/\/nationaltrustcanada.ca\/?s={search_term_string}"},"query-input":{"@type":"PropertyValueSpecification","valueRequired":true,"valueName":"search_term_string"}}],"inLanguage":"fr-FR"}]}},"_links":{"self":[{"href":"https:\/\/nationaltrustcanada.ca\/fr\/wp-json\/wp\/v2\/pages\/1530","targetHints":{"allow":["GET"]}}],"collection":[{"href":"https:\/\/nationaltrustcanada.ca\/fr\/wp-json\/wp\/v2\/pages"}],"about":[{"href":"https:\/\/nationaltrustcanada.ca\/fr\/wp-json\/wp\/v2\/types\/page"}],"author":[{"embeddable":true,"href":"https:\/\/nationaltrustcanada.ca\/fr\/wp-json\/wp\/v2\/users\/4"}],"replies":[{"embeddable":true,"href":"https:\/\/nationaltrustcanada.ca\/fr\/wp-json\/wp\/v2\/comments?post=1530"}],"version-history":[{"count":7,"href":"https:\/\/nationaltrustcanada.ca\/fr\/wp-json\/wp\/v2\/pages\/1530\/revisions"}],"predecessor-version":[{"id":14351,"href":"https:\/\/nationaltrustcanada.ca\/fr\/wp-json\/wp\/v2\/pages\/1530\/revisions\/14351"}],"up":[{"embeddable":true,"href":"https:\/\/nationaltrustcanada.ca\/fr\/wp-json\/wp\/v2\/pages\/1522"}],"wp:attachment":[{"href":"https:\/\/nationaltrustcanada.ca\/fr\/wp-json\/wp\/v2\/media?parent=1530"}],"curies":[{"name":"wp","href":"https:\/\/api.w.org\/{rel}","templated":true}]}}