{"id":1522,"date":"2017-09-11T18:24:41","date_gmt":"2017-09-11T18:24:41","guid":{"rendered":"http:\/\/nationaltrustcanada.ca?page_id=1522"},"modified":"2026-03-05T17:21:36","modified_gmt":"2026-03-05T22:21:36","slug":"bourses-herb-stovel","status":"publish","type":"page","link":"https:\/\/nationaltrustcanada.ca\/fr\/bourses-herb-stovel","title":{"rendered":"Demandes de bourses Herb Stovel"},"content":{"rendered":"<hr \/>\n<p><strong>Pour Herb, l\u2019une des reconnaissances les plus pr\u00e9cieuses r\u00e9side dans le travail et l\u2019action des nombreuses personnes qu\u2019il a amen\u00e9es dans le domaine de la pr\u00e9servation par son travail de p\u00e9dagogue, de mentor ou d\u2019ami. &#8211; Dinu Bumbaru, C.M, ex-pr\u00e9sident d\u2019ICOMOS Canada; membre du comit\u00e9 ex\u00e9cutif et ex-secr\u00e9taire g\u00e9n\u00e9ral d\u2019ICOMOS.<\/strong><\/p>\n<hr \/>\n<p>L\u2019h\u00e9ritage laiss\u00e9 par Herb Stovel (1948-2012) dans le domaine de la conservation du patrimoine est consid\u00e9rable, tant au niveau national qu\u2019international. Il se consacrait \u00e0 de nombreux aspects du domaine, en tant que p\u00e9dagogue, en tant que professionnel ou en tant que membre de nombreuses organisations et conseils qui \u0153uvrent pour accro\u00eetre les efforts de conservation \u00e0 travers le monde.<\/p>\n<p>C\u2019est dans cette optique qu\u2019a \u00e9t\u00e9 cr\u00e9\u00e9 le fonds de bourses d\u2019\u00e9tudes Herb Stovel, financ\u00e9 par les dons g\u00e9n\u00e9reux de la communaut\u00e9 pour saluer et c\u00e9l\u00e9brer l\u2019\u0153uvre de Herb. Sa famille y apporte \u00e9galement son soutien. Maintenant g\u00e9r\u00e9 par la Fiducie nationale du Canada, ce fonds apporte tous les ans un soutien essentiel \u00e0 une nouvelle g\u00e9n\u00e9ration de professionnels et d\u2019\u00e9tudiants dans le domaine de la conservation du patrimoine.<\/p>\n<hr \/>\n<p><strong>Les bourses fournissent deux types de bourses:<\/strong><\/p>\n<ol>\n<li>Des <strong>bourses de projet de recherche<\/strong> allant jusqu\u2019\u00e0 2 500 $ pour les candidats qui propose des projets sp\u00e9ciales, des projets ax\u00e9s sur les r\u00e9sultats, participation \u00e0 des conf\u00e9rences et des \u00e9v\u00e9nements qui perp\u00e9tuent la passion de Herb Stovel \u00e0 l\u2019\u00e9gard de l\u2019innovation communautaire et du dialogue international en mati\u00e8re de th\u00e9orie et de pratique de la conservation b\u00e2ti. Les demandes visant uniquement les frais de scolarit\u00e9 g\u00e9n\u00e9reux ne seront pas prises en compte.<\/li>\n<li>Des <strong>bourses pour la conf\u00e9rence de la Fiducie nationale du Canada <\/strong> couvrent les frais de d\u00e9placement, d\u2019h\u00e9bergement et d\u2019inscription (une valeur d\u2019environ 1 000 $) associ\u00e9s \u00e0 la participation des boursiers \u00e0 la <a href=\"https:\/\/nationaltrustcanada.ca\/fr\/ce-que-nous-offrons\/conference-nationale\" target=\"_blank\" rel=\"noopener\">Conf\u00e9rence annuelle de la Fiducie nationale<\/a>. Dans le cas d&rsquo;une conf\u00e9rence virtuelle, la bourse comprend l&rsquo;inscription \u00e0 la Conf\u00e9rence.<\/li>\n<\/ol>\n<p><strong>Les postulants pour une bourse de projet de recherche peuvent choisir d\u2019avoir leur demande consid\u00e9r\u00e9e pour une demande pour la Conf\u00e9rence de la Fiducie nationale.<\/strong><\/p>\n<p><strong>Veuillez noter :<\/strong><\/p>\n<ul>\n<li>Les bourses de projet de recherche ne couvrent pas des activit\u00e9s ou des co\u00fbts directement li\u00e9es au domaine d\u2019emploi actuel du candidat.<\/li>\n<li>Les bourses de projet de recherche ne couvrent pas des activit\u00e9s ou des co\u00fbts d\u00e9j\u00e0 encourues.<\/li>\n<\/ul>\n<hr \/>\n<h2><strong>Crit\u00e8res d\u2019admissiblit\u00e9 <\/strong><\/h2>\n<p>Les bourses Herb Stovel sont offertes aux Canadiens \u00e2g\u00e9s entre 20 et 35 ans qui sont soit :<\/p>\n<ul>\n<li>Des \u00e9tudiants au niveau postsecondaire ou \u00e9tudes sup\u00e9rieures dans le domaine de la conservation du patrimoine; ou<\/li>\n<li>Des jeunes professionnels qui travaillent dans le domaine de la conservation du patrimoie.<\/li>\n<\/ul>\n<hr \/>\n<h2><strong>Pr\u00e9sentation d\u2019une demande <\/strong><\/h2>\n<h4><strong>Les demandes pour la <span style=\"text-decoration: underline;\">Conf\u00e9rence de la Fiducie nationale<\/span> doivent comprendre :<\/strong><\/h4>\n<ul>\n<li>Une d\u00e9claration d&rsquo;int\u00e9r\u00eat exprimant ce que vous esp\u00e9rez gagner en assistant \u00e0 la conference.<\/li>\n<li>Un curriculum vit\u00e6 qui d\u00e9montre vos \u00e9tudes ou votre travaille professionnel dans le domaine du patrimoine. Veuillez indiquer au moins un r\u00e9f\u00e9rence du milieu des \u00e9tudes ou du milieu professionnel dans le secteur du patrimoine.<\/li>\n<li>Une preuve du statut d\u2019\u00e9tudiant (le cas \u00e9ch\u00e9ant)<\/li>\n<li>Une preuve de citoyennet\u00e9 canadienne.<\/li>\n<\/ul>\n<p><a href=\"https:\/\/nationaltrustcanada.ca\/fr\/ce-que-nous-offrons\/conference-nationale\" target=\"_blank\" rel=\"noopener\">En savoir plus sur la conf\u00e9rence de la Fiducie nationale 2025<\/a><\/p>\n<h4><strong>Les demandes de <span style=\"text-decoration: underline;\">projet de recherch<\/span>e doivent comprendre :<\/strong><\/h4>\n<ul>\n<li>Une proposition (max. 1 000 mots) avec les dates sugg\u00e9r\u00e9es de la participation aux \u00e9tudes ou \u00e0 la conf\u00e9rence et le co\u00fbt anticip\u00e9 du projet \/ frais de d\u00e9placement.<\/li>\n<li>Un curriculum vit\u00e6 qui d\u00e9montre vos \u00e9tudes ou votre travaille professionnel dans le domaine du patrimoine avec des r\u00e9f\u00e9rences.<\/li>\n<li>Une preuve du statut d\u2019\u00e9tudiant (le cas \u00e9ch\u00e9ant)<\/li>\n<li>Une preuve de citoyennet\u00e9 canadienne.<\/li>\n<\/ul>\n<p>Pour plus de d\u00e9tails, veuillez lire les <a href=\"https:\/\/nationaltrustcanada.ca\/fr\/bourses-herb-stovel\/herb-stovel-scholarship-application-guidelines\">Lignes directrices<\/a> sur la pr\u00e9sentation d\u2019une demande et les <a href=\"https:\/\/nationaltrustcanada.ca\/fr\/bourses-herb-stovel\/conditions-des-bourses\">Conditions de bourses.<\/a><\/p>\n<p>&nbsp;<\/p>\n<blockquote><p><strong>Les candidatures pour la bourse Herb Stovel sont accept\u00e9es chaque ann\u00e9e entre f\u00e9vrier et mars.<\/strong><\/p>\n<p><strong>P\u00e9riode de candidature 2026 : du 4 f\u00e9vrier au 13 mars 2026<\/strong><\/p><\/blockquote>\n<p>&nbsp;<\/p>\n<hr \/>\n<h2><strong> Le Comit\u00e9 consultatif professionnel des bourses Herb Stovel <\/strong><\/h2>\n<p>Le Comit\u00e9 consultatif professionnel des bourses Herb Stovel est compos\u00e9 de b\u00e9n\u00e9voles comprenant des experts qui s&rsquo;int\u00e9ressent au programme et \u00e0 l&rsquo;h\u00e9ritage de Herb Stovel, ainsi que des membres de la famille Stovel-Oliver.<\/p>\n<h2><strong>Les bourses<\/strong><\/h2>\n<p><strong>Bourses pour la conf\u00e9rence de la Fiducie nationale :<\/strong> National Trust Conference Bursaries will include conference registration, up to three nights\u2019 accommodation at the conference hotel, and return travel to and from the conference from the recipient\u2019s place of residence or study within Canada. The National Trust will make all hotel and travel bookings and pre-pay them on behalf of the recipient. Recipients will be responsible for incidental expenses including taxis, additional hotel expenses, and any meals not provided as part of the conference.<\/p>\n<p><strong>Bourses de projet de recherche :<\/strong> Le montant d\u2019une bourse de projet de recherche sera d\u00e9termin\u00e9 en fonction des estimations du demandeur et des fonds disponibles, jusqu\u2019\u00e0 concurrence de 2 500 $. Les b\u00e9n\u00e9ficiaires seront tenus de fournir une preuve de l\u2019admission au programme d\u2019\u00e9tudes \u00e0 l\u2019\u00e9gard duquel les fonds ont \u00e9t\u00e9 approuv\u00e9s ou de l\u2019ach\u00e8vement du projet propos\u00e9, ainsi que les autres documents pertinents d\u00e9sign\u00e9s.<\/p>\n<p>Les bourses de projet de recherche seront vers\u00e9es comme suit :<\/p>\n<ul>\n<li>50 % du montant total de la bourse, sur r\u00e9ception de la preuve d\u2019acceptation de la part du boursier;<\/li>\n<li>50 % du montant total de la bourse, sur r\u00e9ception de la preuve d\u2019ach\u00e8vement de la part du boursier.<\/li>\n<\/ul>\n<p>Dans les deux cas, la Fiducie nationale et le boursier s\u2019entendront sur ce qui constitue une preuve acceptable.<\/p>\n<h2><strong>Pr\u00e9sentation de la bourse<\/strong><\/h2>\n<p>Tous les boursiers Herb Stovel sont invit\u00e9s \u00e0 assister \u00e0 une activit\u00e9 sp\u00e9ciale d\u2019hommages dans le cadre de la Conf\u00e9rence annuelle de la Fiducie nationale, g\u00e9n\u00e9ralement tenue en octobre chaque ann\u00e9e, et ils pourraient \u00eatre pr\u00e9sent\u00e9s dans des publications de la Fiducie nationale.<\/p>\n<p>Au terme de la p\u00e9riode vis\u00e9e par sa bourse, chaque boursier devra remettre un bref rapport final (environ 700 mots) d\u00e9crivant selon le cas son exp\u00e9rience \u00e0 la Conf\u00e9rence ou les r\u00e9sultats de son projet de recherche.<\/p>\n<hr \/>\n<div id=\"About-Herb-Stovel\"><\/div>\n<h2>\u00c0 propos de Herb Stovel<\/h2>\n<p>Pendant plusieurs d\u00e9cennies, Herb Stovel a g\u00e9n\u00e9reusement transmis ses connaissances et sa compr\u00e9hension qui ont aid\u00e9 \u00e0 d\u00e9finir le domaine de la th\u00e9orie et de la pratique au 21e si\u00e8cle, au Canada et partout dans le monde.<\/p>\n<p>Au Canada, il a enseign\u00e9 dans un cadre traditionnel en tant que professeur \u00e0 l\u2019Universit\u00e9 de Montr\u00e9al et, plus r\u00e9cemment, \u00e0 l\u2019Universit\u00e9 Carleton. Au d\u00e9but de sa carri\u00e8re, il a con\u00e7u des cours pour le programme Rues principales de la Fiducie nationale du Canada qui a pr\u00e9par\u00e9 plus d\u2019une centaine de professionnels provenant de communaut\u00e9s partout au pays \u00e0 des carri\u00e8res ax\u00e9es sur la revitalisation du centre-ville. Sa formation de fonctionnaires f\u00e9d\u00e9raux s\u2019\u00e9tendait \u00e0 toutes les disciplines et \u00e0 tous les d\u00e9partements, peut-\u00eatre de mani\u00e8re plus particuli\u00e8re avec le cours pour le Bureau d\u2019examen des \u00e9difices f\u00e9d\u00e9raux du patrimoine (BE\u00c9FP). Herb croyait qu\u2019il faut habiliter les gens et leur donner les moyens de faire passer le message aussi largement que possible. Il a con\u00e7u des cours de formation pour les formateurs afin de rendre ses connaissances accessibles aux personnes les mieux plac\u00e9es pour les transmettre, puis il est pass\u00e9 \u00e0 autre chose.<\/p>\n<p>Il n\u2019est pas exag\u00e9r\u00e9 d\u2019affirmer que Herb Stovel compte des \u00e9tudiants et des disciples dans tous les recoins du monde. Il croyait en les gens et les r\u00e9unissait au nom de la conservation du patrimoine culturel, d\u00e9laissant les conflits relatifs \u00e0 la guerre et aux politiques, leur permettant de collaborer afin d\u2019atteindre un objectif un commun.<\/p>\n<hr \/>\n<p>Des questions? <a href=\"mailto: seribo@nationaltrustcanada.ca\">Envoyez-nous un courriel<\/a>.<\/p>\n","protected":false},"excerpt":{"rendered":"<p>Pour Herb, l\u2019une des reconnaissances les plus pr\u00e9cieuses r\u00e9side dans le travail et l\u2019action des nombreuses personnes qu\u2019il a amen\u00e9es&#8230;<\/p>\n","protected":false},"author":4,"featured_media":0,"parent":0,"menu_order":25,"comment_status":"closed","ping_status":"closed","template":"","meta":{"_acf_changed":false,"footnotes":""},"class_list":["post-1522","page","type-page","status-publish","hentry"],"acf":[],"yoast_head":"<!-- This site is optimized with the Yoast SEO plugin v26.3 - https:\/\/yoast.com\/wordpress\/plugins\/seo\/ -->\n<title>Demandes de bourses Herb Stovel - Fiducie nationale du Canada<\/title>\n<meta name=\"robots\" content=\"index, follow, max-snippet:-1, max-image-preview:large, max-video-preview:-1\" \/>\n<link rel=\"canonical\" href=\"https:\/\/nationaltrustcanada.ca\/fr\/bourses-herb-stovel\" \/>\n<meta property=\"og:locale\" content=\"fr_FR\" \/>\n<meta property=\"og:type\" content=\"article\" \/>\n<meta property=\"og:title\" content=\"Demandes de bourses Herb Stovel - Fiducie nationale du Canada\" \/>\n<meta property=\"og:description\" content=\"Pour Herb, l\u2019une des reconnaissances les plus pr\u00e9cieuses r\u00e9side dans le travail et l\u2019action des nombreuses personnes qu\u2019il a amen\u00e9es...\" \/>\n<meta property=\"og:url\" content=\"https:\/\/nationaltrustcanada.ca\/fr\/bourses-herb-stovel\" \/>\n<meta property=\"og:site_name\" content=\"Fiducie nationale du Canada\" \/>\n<meta property=\"article:modified_time\" content=\"2026-03-05T22:21:36+00:00\" \/>\n<meta name=\"twitter:card\" content=\"summary_large_image\" \/>\n<meta name=\"twitter:label1\" content=\"Dur\u00e9e de lecture estim\u00e9e\" \/>\n\t<meta name=\"twitter:data1\" content=\"6 minutes\" \/>\n<script type=\"application\/ld+json\" class=\"yoast-schema-graph\">{\"@context\":\"https:\/\/schema.org\",\"@graph\":[{\"@type\":\"WebPage\",\"@id\":\"https:\/\/nationaltrustcanada.ca\/fr\/bourses-herb-stovel\",\"url\":\"https:\/\/nationaltrustcanada.ca\/fr\/bourses-herb-stovel\",\"name\":\"Demandes de bourses Herb Stovel - Fiducie nationale du Canada\",\"isPartOf\":{\"@id\":\"https:\/\/nationaltrustcanada.ca\/#website\"},\"datePublished\":\"2017-09-11T18:24:41+00:00\",\"dateModified\":\"2026-03-05T22:21:36+00:00\",\"breadcrumb\":{\"@id\":\"https:\/\/nationaltrustcanada.ca\/fr\/bourses-herb-stovel#breadcrumb\"},\"inLanguage\":\"fr-FR\",\"potentialAction\":[{\"@type\":\"ReadAction\",\"target\":[\"https:\/\/nationaltrustcanada.ca\/fr\/bourses-herb-stovel\"]}]},{\"@type\":\"BreadcrumbList\",\"@id\":\"https:\/\/nationaltrustcanada.ca\/fr\/bourses-herb-stovel#breadcrumb\",\"itemListElement\":[{\"@type\":\"ListItem\",\"position\":1,\"name\":\"Home\",\"item\":\"https:\/\/nationaltrustcanada.ca\/fr\"},{\"@type\":\"ListItem\",\"position\":2,\"name\":\"Demandes de bourses Herb Stovel\"}]},{\"@type\":\"WebSite\",\"@id\":\"https:\/\/nationaltrustcanada.ca\/#website\",\"url\":\"https:\/\/nationaltrustcanada.ca\/\",\"name\":\"Fiducie nationale du Canada\",\"description\":\"Bringing Heritage to Life\",\"potentialAction\":[{\"@type\":\"SearchAction\",\"target\":{\"@type\":\"EntryPoint\",\"urlTemplate\":\"https:\/\/nationaltrustcanada.ca\/?s={search_term_string}\"},\"query-input\":{\"@type\":\"PropertyValueSpecification\",\"valueRequired\":true,\"valueName\":\"search_term_string\"}}],\"inLanguage\":\"fr-FR\"}]}<\/script>\n<!-- \/ Yoast SEO plugin. -->","yoast_head_json":{"title":"Demandes de bourses Herb Stovel - Fiducie nationale du Canada","robots":{"index":"index","follow":"follow","max-snippet":"max-snippet:-1","max-image-preview":"max-image-preview:large","max-video-preview":"max-video-preview:-1"},"canonical":"https:\/\/nationaltrustcanada.ca\/fr\/bourses-herb-stovel","og_locale":"fr_FR","og_type":"article","og_title":"Demandes de bourses Herb Stovel - Fiducie nationale du Canada","og_description":"Pour Herb, l\u2019une des reconnaissances les plus pr\u00e9cieuses r\u00e9side dans le travail et l\u2019action des nombreuses personnes qu\u2019il a amen\u00e9es...","og_url":"https:\/\/nationaltrustcanada.ca\/fr\/bourses-herb-stovel","og_site_name":"Fiducie nationale du Canada","article_modified_time":"2026-03-05T22:21:36+00:00","twitter_card":"summary_large_image","twitter_misc":{"Dur\u00e9e de lecture estim\u00e9e":"6 minutes"},"schema":{"@context":"https:\/\/schema.org","@graph":[{"@type":"WebPage","@id":"https:\/\/nationaltrustcanada.ca\/fr\/bourses-herb-stovel","url":"https:\/\/nationaltrustcanada.ca\/fr\/bourses-herb-stovel","name":"Demandes de bourses Herb Stovel - Fiducie nationale du Canada","isPartOf":{"@id":"https:\/\/nationaltrustcanada.ca\/#website"},"datePublished":"2017-09-11T18:24:41+00:00","dateModified":"2026-03-05T22:21:36+00:00","breadcrumb":{"@id":"https:\/\/nationaltrustcanada.ca\/fr\/bourses-herb-stovel#breadcrumb"},"inLanguage":"fr-FR","potentialAction":[{"@type":"ReadAction","target":["https:\/\/nationaltrustcanada.ca\/fr\/bourses-herb-stovel"]}]},{"@type":"BreadcrumbList","@id":"https:\/\/nationaltrustcanada.ca\/fr\/bourses-herb-stovel#breadcrumb","itemListElement":[{"@type":"ListItem","position":1,"name":"Home","item":"https:\/\/nationaltrustcanada.ca\/fr"},{"@type":"ListItem","position":2,"name":"Demandes de bourses Herb Stovel"}]},{"@type":"WebSite","@id":"https:\/\/nationaltrustcanada.ca\/#website","url":"https:\/\/nationaltrustcanada.ca\/","name":"Fiducie nationale du Canada","description":"Bringing Heritage to Life","potentialAction":[{"@type":"SearchAction","target":{"@type":"EntryPoint","urlTemplate":"https:\/\/nationaltrustcanada.ca\/?s={search_term_string}"},"query-input":{"@type":"PropertyValueSpecification","valueRequired":true,"valueName":"search_term_string"}}],"inLanguage":"fr-FR"}]}},"_links":{"self":[{"href":"https:\/\/nationaltrustcanada.ca\/fr\/wp-json\/wp\/v2\/pages\/1522","targetHints":{"allow":["GET"]}}],"collection":[{"href":"https:\/\/nationaltrustcanada.ca\/fr\/wp-json\/wp\/v2\/pages"}],"about":[{"href":"https:\/\/nationaltrustcanada.ca\/fr\/wp-json\/wp\/v2\/types\/page"}],"author":[{"embeddable":true,"href":"https:\/\/nationaltrustcanada.ca\/fr\/wp-json\/wp\/v2\/users\/4"}],"replies":[{"embeddable":true,"href":"https:\/\/nationaltrustcanada.ca\/fr\/wp-json\/wp\/v2\/comments?post=1522"}],"version-history":[{"count":55,"href":"https:\/\/nationaltrustcanada.ca\/fr\/wp-json\/wp\/v2\/pages\/1522\/revisions"}],"predecessor-version":[{"id":23067,"href":"https:\/\/nationaltrustcanada.ca\/fr\/wp-json\/wp\/v2\/pages\/1522\/revisions\/23067"}],"wp:attachment":[{"href":"https:\/\/nationaltrustcanada.ca\/fr\/wp-json\/wp\/v2\/media?parent=1522"}],"curies":[{"name":"wp","href":"https:\/\/api.w.org\/{rel}","templated":true}]}}