{"id":15086,"date":"2015-11-01T10:55:52","date_gmt":"2015-11-01T15:55:52","guid":{"rendered":"https:\/\/nationaltrustcanada.ca\/?page_id=15086"},"modified":"2026-04-17T15:20:05","modified_gmt":"2026-04-17T19:20:05","slug":"beausauvetage","status":"publish","type":"page","link":"https:\/\/nationaltrustcanada.ca\/fr\/ce-que-vous-pouvez-faire\/beausauvetage","title":{"rendered":"LE BEAU SAUVETAGE"},"content":{"rendered":"<h1>LE CONCOURS LE BEAU SAUVETAGE<\/h1>\n<h2><span style=\"color: #007298;\">65 000 $ en prix !<\/span><\/h2>\n<p>Le concours Le Beau Sauvetage offre une occasion incroyable de gagner 65 000 $ en prix en esp\u00e8ces pour aider \u00e0 prot\u00e9ger des lieux patrimoniaux qui nous sont chers ! Les Canadiens aiment profond\u00e9ment leurs sites historiques et rel\u00e8vent le d\u00e9fi lorsque ces tr\u00e9sors sont menac\u00e9s. Ce concours permet aux collectivit\u00e9s de gagner un grand prix de 50 000 $, g\u00e9n\u00e9reusement offert par Ecclesiastical Insurance, ainsi que deux seconds prix de 10 000 $ et 5 000 $. Ces fonds soutiendront des projets qui prot\u00e8gent, adaptent, renouvellent ou am\u00e9liorent des lieux patrimoniaux pour l&rsquo;avenir, tout en nous inspirant tous en cours de route !<\/p>\n<h2><span data-teams=\"true\">Le vote est maintenant ouvert ! Votez chaque jour sur <a href=\"https:\/\/nextgreatsave.us.launchpad6.com\/NextGreatSave2026\">lebeausauvetage.ca<\/a><\/span><\/h2>\n<p><img loading=\"lazy\" decoding=\"async\" class=\"alignnone wp-image-23423\" src=\"https:\/\/nationaltrustcanada.ca\/wp-content\/uploads\/2026\/04\/4-4-300x251.jpg\" alt=\"\" width=\"676\" height=\"566\" srcset=\"https:\/\/nationaltrustcanada.ca\/wp-content\/uploads\/2026\/04\/4-4-300x251.jpg 300w, https:\/\/nationaltrustcanada.ca\/wp-content\/uploads\/2026\/04\/4-4-768x644.jpg 768w, https:\/\/nationaltrustcanada.ca\/wp-content\/uploads\/2026\/04\/4-4.jpg 940w\" sizes=\"auto, (max-width: 676px) 100vw, 676px\" \/><\/p>\n<h2><strong>Finalistes du beau sauvetage 2026 :<\/strong><\/h2>\n<ul>\n<li><a href=\"https:\/\/nextgreatsave.us.launchpad6.com\/NextGreatSave2026\/fort-point\">Fort Point Lighthouse Interpretation Centre \u2014 Trinity (T.-N.-L.)<\/a><\/li>\n<li><a href=\"https:\/\/nextgreatsave.us.launchpad6.com\/NextGreatSave2026\/sainte-marie\">Ancienne \u00c9glise Sainte-Marie \u2014 Church Point\u00a0(N.-\u00c9.)<\/a><\/li>\n<li><a href=\"https:\/\/nextgreatsave.us.launchpad6.com\/NextGreatSave2026\/rose-window\">Trinity Anglican Church \u2014 Digby (N.-\u00c9.)<\/a><\/li>\n<li><a href=\"https:\/\/nextgreatsave.us.launchpad6.com\/NextGreatSave2026\/notre-dame\">\u00c9glise Notre-Dame-des-Neiges \u2014 Trois-Pistoles (QC)<\/a><\/li>\n<li><a href=\"https:\/\/nextgreatsave.us.launchpad6.com\/NextGreatSave2026\/la-palissage\">Fort Ingall \u2014 T\u00e9miscouata-sur-le-Lac (QC)<\/a><\/li>\n<li><a href=\"https:\/\/nextgreatsave.us.launchpad6.com\/NextGreatSave2026\/cornell-mill-museum\">Missisquoi Museum \u2013 Cornell Mill \u2014 Stanbridge East (QC)<\/a><\/li>\n<li><a href=\"https:\/\/nextgreatsave.us.launchpad6.com\/NextGreatSave2026\/grist-mill\">Backhouse Grist Mill \u2014 Port Rowan (ON)<\/a><\/li>\n<li><a href=\"https:\/\/nextgreatsave.us.launchpad6.com\/NextGreatSave2026\/janet-house\">Niagara-on-the-Lake Museum \u2014 Niagara-on-the-Lake (ON)<\/a><\/li>\n<li><a href=\"https:\/\/nextgreatsave.us.launchpad6.com\/NextGreatSave2026\/save-the-stage\">St. John\u2019s United Church \u2014 Brockville (ON)<\/a><\/li>\n<li><a href=\"https:\/\/nextgreatsave.us.launchpad6.com\/NextGreatSave2026\/the-spire\">The Spire \u2014 Kingston (ON)<\/a><\/li>\n<li><a href=\"https:\/\/nextgreatsave.us.launchpad6.com\/NextGreatSave2026\/bricks-of-legacy\">Old Coleman High School \u2014 Coleman (AB)<\/a><\/li>\n<li><a href=\"https:\/\/nextgreatsave.us.launchpad6.com\/NextGreatSave2026\/watson-barn\">108 Mile Ranch Heritage Site \u2014 South Cariboo Region (C.-B.)<\/a><\/li>\n<\/ul>\n<hr \/>\n<h2>Le Beau Sauvetage dans l\u2019actualit\u00e9<\/h2>\n<p><img loading=\"lazy\" decoding=\"async\" class=\"alignnone wp-image-23493\" src=\"https:\/\/nationaltrustcanada.ca\/wp-content\/uploads\/2026\/04\/FR-Graphic-300x199.png\" alt=\"\" width=\"1001\" height=\"664\" srcset=\"https:\/\/nationaltrustcanada.ca\/wp-content\/uploads\/2026\/04\/FR-Graphic-300x199.png 300w, https:\/\/nationaltrustcanada.ca\/wp-content\/uploads\/2026\/04\/FR-Graphic-768x510.png 768w, https:\/\/nationaltrustcanada.ca\/wp-content\/uploads\/2026\/04\/FR-Graphic.png 894w\" sizes=\"auto, (max-width: 1001px) 100vw, 1001px\" \/><\/p>\n<p><a href=\"https:\/\/nationaltrustcanada.ca\/fr\/online-stories\/les-participants-au-concours-le-beau-sauvetage-2026-font-la-une\">Cliquez ici<\/a> pour voir nos comp\u00e9titeurs 2026 dans l\u2019actualit\u00e9.<\/p>\n<h3>En savoir plus sur nos 12 finalistes sur <a href=\"https:\/\/nextgreatsave.us.launchpad6.com\/NextGreatSave2026\">lebeausauvetage.ca<\/a><\/h3>\n<p data-start=\"178\" data-end=\"344\">Le vote commence le 7 avril \u00e0 10 h (HP) | 13 h (HE) et se termine le 24 avril \u00e0 10 h (HP) | 13 h (HE). Votez chaque jour pour le lieu que vous souhaitez voir gagner sur <a href=\"https:\/\/nextgreatsave.us.launchpad6.com\/NextGreatSave2026\">lebeausauvetage.ca<\/a>. Chaque vote compte !<\/p>\n<p>Vous avez des questions ? Contactez-nous par courriel a\u0300 l&rsquo;adresse\u00a0<a href=\"mailto:nextgreatsave@nationaltrustcanada.ca\">nextgreatsave@nationaltrustcanada.ca<\/a><\/p>\n<hr \/>\n<form action=\"\/fr\/ce-que-vous-pouvez-faire\/beausauvetage\/competition2022\">\n<h2>Au sujet de notre commanditaire en titre<\/h2>\n<p>La soci\u00e9t\u00e9 Ecclesiastical Insurance est un assureur sp\u00e9cialis\u00e9. Elle fournit des solutions d\u2019assurance adapt\u00e9es et \u00e9conomiques au milieu des arts, de la culture et du patrimoine, y compris aux propri\u00e9taires d\u2019immeubles patrimoniaux, mus\u00e9es, galeries, biblioth\u00e8ques, th\u00e9\u00e2tres, salles de concert, acad\u00e9mies des arts de la sc\u00e8ne et \u00e9coles, entre autres. Gr\u00e2ce \u00e0 ses connaissances sp\u00e9cialis\u00e9es et sa compr\u00e9hension approfondie des risques auxquels les organisations font face, elle a mis au point des solutions d\u2019assurance et d\u2019autres outils, ressources et services \u00e0 valeur ajout\u00e9e pour prot\u00e9ger leurs installations, leurs biens, leur personnel, leurs b\u00e9n\u00e9voles et leurs activit\u00e9s de collecte de fonds.<\/p>\n<hr \/>\n<h2>Quel est le but du concours?<\/h2>\n<p>Ce concours est une occasion extraordinaire de soutenir et de valoriser la pr\u00e9servation significative au Canada. Les organismes de bienfaisance enregistr\u00e9s et les organismes sans but lucratif qui ont l&rsquo;intention de prot\u00e9ger un site patrimonial et de lui donner un r\u00f4le dynamique et enrichissant pour la communaut\u00e9, sont invit\u00e9s \u00e0 poser leur candidature. En soumettant une application remplie, vous pourriez devenir finaliste et obtenir le financement et la reconnaissance n\u00e9cessaires pour concr\u00e9tiser votre vision !<\/p>\n<hr \/>\n<h2>Calendrier du concours<\/h2>\n<p><span style=\"color: #007298;\"><strong>Du 9 janvier au 29 janvier 2026<\/strong><\/span><br \/>\nLes groupes communautaires pr\u00e9parent une proposition avec des d\u00e9tails sur le lieu patrimonial qu&rsquo;ils souhaitent voir devenir le prochain Beau Sauvetage du Canada. Dix \u00e0 douze projets passionnants seront pr\u00e9s\u00e9lectionn\u00e9s et feront l&rsquo;objet d&rsquo;un vote public pour gagner 65 000 $ en tant que prochain grand projet de sauvegarde.<\/p>\n<p><span style=\"color: #007298;\"><strong>20 f\u00e9vrier 2026<\/strong><\/span><br \/>\nLes finalistes du concours sont contact\u00e9s.<\/p>\n<p><span style=\"color: #007298;\"><strong>Du 20 f\u00e9vrier au 20 mars 2026<\/strong><\/span><br \/>\nLes finalistes du concours pr\u00e9parent leur dossier pour convaincre les \u00e9lecteurs que leur projet devrait \u00eatre \u00e9lu prochain Beau Sauvetage \u00e0 l&rsquo;aide de photos, de textes et de vid\u00e9os.<\/p>\n<p><span style=\"color: #007298;\"><strong>Du 7 avril au 24 avril 2026<\/strong><\/span><br \/>\nLes Canadiens votent pour les prochains gagnants du concours Beau Sauvetages, qui remporteront 65 000 $.<\/p>\n<p><span style=\"color: #007298;\"><strong>24 avril 2026<\/strong><\/span><br \/>\nLa Fiducie nationale du Canada et Ecclesiastical annoncent les gagnants du concours Le Beau Sauvetage.<\/p>\n<hr \/>\n<h2>Qu\u2019est-ce qu\u2019un Beau Sauvetage?<\/h2>\n<p>Un Beau Sauvetage est un projet qui adapte, met \u00e0 niveau, renouvelle ou am\u00e9liore un lieu du patrimoine de fa\u00e7on \u00e0 prolonger sa vie utile, et bien plus encore :<\/p>\n<ul>\n<li>il r\u00e9pond \u00e0 de nouvelles pressions et des besoins de la communaut\u00e9, par exemple les changements climatiques ou les besoins en logement abordable;<\/li>\n<li>il r\u00e9duit les r\u00e9percussions environnementales;<\/li>\n<li>il refl\u00e8te la diversit\u00e9 et il inclut de nouvelles voix et de nouveaux r\u00e9cits;<\/li>\n<\/ul>\n<hr \/>\n<h2>T\u00e9moignages d&rsquo;anciens participants<\/h2>\n<p><strong><span style=\"color: #007298;\">Joanne Rose, Comit\u00e9 du complexe Our Lady of Mercy<\/span><\/strong><br \/>\n\u00ab La participation au concours Le Beau Sauvetage de la Fiducie nationale du Canada a \u00e9t\u00e9 une exp\u00e9rience exceptionnelle pour le complexe Our Lady of Mercy. L&rsquo;exposition a entra\u00een\u00e9 un afflux de visiteurs, permettant de renouer avec d&rsquo;anciens invit\u00e9s et d&rsquo;en accueillir de nouveaux, inspir\u00e9s par le concours. En juillet, nous avons \u00e9gal\u00e9 la fr\u00e9quentation totale de l&rsquo;ann\u00e9e derni\u00e8re ! Le soutien de la communaut\u00e9 a \u00e9t\u00e9 extraordinaire : des entreprises locales, des particuliers et m\u00eame des \u00e9lecteurs venus d&rsquo;aussi loin qu&rsquo;Honolulu et la Colombie-Britannique se sont ralli\u00e9s \u00e0 nous. L&rsquo;obtention du prix de 50 000 dollars nous a permis de repeindre notre structure centenaire, et une subvention ult\u00e9rieure de 227 000 dollars finance la poursuite de la restauration. Cette exp\u00e9rience n&rsquo;a \u00e9t\u00e9 rien de moins que transformatrice, et nous en sommes profond\u00e9ment reconnaissants ! \u00bb<\/p>\n<p><strong><span style=\"color: #007298;\">Adrien Comaue, pr\u00e9sident de la Soci\u00e9t\u00e9 Vieille Maison<\/span><\/strong><br \/>\n\u00ab La participation au concours Le Beau Sauvetage a \u00e9t\u00e9 une exp\u00e9rience fantastique. Elle a non seulement galvanis\u00e9 notre propre groupe de b\u00e9n\u00e9voles pour qu&rsquo;ils travaillent encore plus dur afin d&rsquo;atteindre notre objectif, mais nous avons \u00e9galement b\u00e9n\u00e9fici\u00e9 d&rsquo;une couverture m\u00e9diatique nationale sans pr\u00e9c\u00e9dent. Le fait d&rsquo;avoir gagn\u00e9 la deuxi\u00e8me place, dix mille dollars, et d&rsquo;avoir obtenu plus de cinquante mille votes nous a permis de tirer parti d&rsquo;autres sources de financement de mani\u00e8re significative. \u00bb<\/p>\n<hr \/>\n<h2>En savoir plus<\/h2>\n<p><a href=\"https:\/\/nationaltrustcanada.ca\/wp-content\/uploads\/2026\/01\/LBS-Criteres-dadmissibilite-FR-2026-Final.pdf\" target=\"_blank\" rel=\"noopener\">Crit\u00e8res d\u2019admissibilit\u00e9 (2026)<\/a><\/p>\n<p><a href=\"https:\/\/nationaltrustcanada.ca\/wp-content\/uploads\/2026\/01\/LBS-Regles-et-reglements-FR-2026-Final.pdf\" target=\"_blank\" rel=\"noopener\">R\u00e8gles et r\u00e8glements du concours (2026)<\/a><\/p>\n<hr \/>\n<p><a href=\"https:\/\/ecclesiastical.ca\/fr\/accueil\/\"><img loading=\"lazy\" decoding=\"async\" class=\"alignnone wp-image-14946 size-medium\" src=\"https:\/\/nationaltrustcanada.ca\/wp-content\/uploads\/2022\/10\/Ecclesiastical-Insurance-300x46.png\" alt=\"\" width=\"300\" height=\"46\" srcset=\"https:\/\/nationaltrustcanada.ca\/wp-content\/uploads\/2022\/10\/Ecclesiastical-Insurance-300x46.png 300w, https:\/\/nationaltrustcanada.ca\/wp-content\/uploads\/2022\/10\/Ecclesiastical-Insurance-1024x156.png 1024w, https:\/\/nationaltrustcanada.ca\/wp-content\/uploads\/2022\/10\/Ecclesiastical-Insurance-768x117.png 768w, https:\/\/nationaltrustcanada.ca\/wp-content\/uploads\/2022\/10\/Ecclesiastical-Insurance.png 1122w\" sizes=\"auto, (max-width: 300px) 100vw, 300px\" \/><\/a><\/p>\n<p>L\u2019assureur Ecclesiastical tient profond\u00e9ment \u00e0 r\u00e9pondre aux besoins d\u2019organisations qui enrichissent la vie des autres; \u00e0 pr\u00e9server les communaut\u00e9s, les cultures et l\u2019histoire distinctes du Canada; et \u00e0 appuyer des initiatives qui aident \u00e0 am\u00e9liorer la vie de personnes dans le besoin. La Fiducie nationale du Canada a une relation de longue date avec Ecclesiastical, son plus fid\u00e8le commanditaire. Nous sommes emball\u00e9s de travailler avec eux pour aider \u00e0 financer le prochain BEAU SAUVETAGE!<\/p>\n<hr \/>\n<p>Toutes les demandes de renseignements <a href=\"mailto:LeBeauSauvetage@fiducienationalecanada.ca\">LeBeauSauvetage@fiducienationalecanada.ca<\/a><\/p>\n<\/form>\n","protected":false},"excerpt":{"rendered":"<p>LE CONCOURS LE BEAU SAUVETAGE 65 000 $ en prix ! Le concours Le Beau Sauvetage offre une occasion incroyable&#8230;<\/p>\n","protected":false},"author":4,"featured_media":22676,"parent":1314,"menu_order":0,"comment_status":"closed","ping_status":"closed","template":"template-parts\/template-toplevel.php","meta":{"_acf_changed":false,"footnotes":""},"class_list":["post-15086","page","type-page","status-publish","has-post-thumbnail","hentry"],"acf":[],"yoast_head":"<!-- This site is optimized with the Yoast SEO plugin v26.3 - https:\/\/yoast.com\/wordpress\/plugins\/seo\/ -->\n<title>LE BEAU SAUVETAGE - Fiducie nationale du Canada<\/title>\n<meta name=\"robots\" content=\"index, follow, max-snippet:-1, max-image-preview:large, max-video-preview:-1\" \/>\n<link rel=\"canonical\" href=\"https:\/\/nationaltrustcanada.ca\/fr\/ce-que-vous-pouvez-faire\/beausauvetage\" \/>\n<meta property=\"og:locale\" content=\"fr_FR\" \/>\n<meta property=\"og:type\" content=\"article\" \/>\n<meta property=\"og:title\" content=\"LE BEAU SAUVETAGE - Fiducie nationale du Canada\" \/>\n<meta property=\"og:description\" content=\"LE CONCOURS LE BEAU SAUVETAGE 65 000 $ en prix ! Le concours Le Beau Sauvetage offre une occasion incroyable...\" \/>\n<meta property=\"og:url\" content=\"https:\/\/nationaltrustcanada.ca\/fr\/ce-que-vous-pouvez-faire\/beausauvetage\" \/>\n<meta property=\"og:site_name\" content=\"Fiducie nationale du Canada\" \/>\n<meta property=\"article:modified_time\" content=\"2026-04-17T19:20:05+00:00\" \/>\n<meta property=\"og:image\" content=\"https:\/\/nationaltrustcanada.ca\/wp-content\/uploads\/2026\/01\/NGS-Banner-Battle-Hr-2017DSC_0801.jpg\" \/>\n\t<meta property=\"og:image:width\" content=\"1414\" \/>\n\t<meta property=\"og:image:height\" content=\"778\" \/>\n\t<meta property=\"og:image:type\" content=\"image\/jpeg\" \/>\n<meta name=\"twitter:card\" content=\"summary_large_image\" \/>\n<meta name=\"twitter:label1\" content=\"Dur\u00e9e de lecture estim\u00e9e\" \/>\n\t<meta name=\"twitter:data1\" content=\"5 minutes\" \/>\n<script type=\"application\/ld+json\" class=\"yoast-schema-graph\">{\"@context\":\"https:\/\/schema.org\",\"@graph\":[{\"@type\":\"WebPage\",\"@id\":\"https:\/\/nationaltrustcanada.ca\/fr\/ce-que-vous-pouvez-faire\/beausauvetage\",\"url\":\"https:\/\/nationaltrustcanada.ca\/fr\/ce-que-vous-pouvez-faire\/beausauvetage\",\"name\":\"LE BEAU SAUVETAGE - Fiducie nationale du Canada\",\"isPartOf\":{\"@id\":\"https:\/\/nationaltrustcanada.ca\/#website\"},\"primaryImageOfPage\":{\"@id\":\"https:\/\/nationaltrustcanada.ca\/fr\/ce-que-vous-pouvez-faire\/beausauvetage#primaryimage\"},\"image\":{\"@id\":\"https:\/\/nationaltrustcanada.ca\/fr\/ce-que-vous-pouvez-faire\/beausauvetage#primaryimage\"},\"thumbnailUrl\":\"https:\/\/nationaltrustcanada.ca\/wp-content\/uploads\/2026\/01\/NGS-Banner-Battle-Hr-2017DSC_0801.jpg\",\"datePublished\":\"2015-11-01T15:55:52+00:00\",\"dateModified\":\"2026-04-17T19:20:05+00:00\",\"breadcrumb\":{\"@id\":\"https:\/\/nationaltrustcanada.ca\/fr\/ce-que-vous-pouvez-faire\/beausauvetage#breadcrumb\"},\"inLanguage\":\"fr-FR\",\"potentialAction\":[{\"@type\":\"ReadAction\",\"target\":[\"https:\/\/nationaltrustcanada.ca\/fr\/ce-que-vous-pouvez-faire\/beausauvetage\"]}]},{\"@type\":\"ImageObject\",\"inLanguage\":\"fr-FR\",\"@id\":\"https:\/\/nationaltrustcanada.ca\/fr\/ce-que-vous-pouvez-faire\/beausauvetage#primaryimage\",\"url\":\"https:\/\/nationaltrustcanada.ca\/wp-content\/uploads\/2026\/01\/NGS-Banner-Battle-Hr-2017DSC_0801.jpg\",\"contentUrl\":\"https:\/\/nationaltrustcanada.ca\/wp-content\/uploads\/2026\/01\/NGS-Banner-Battle-Hr-2017DSC_0801.jpg\",\"width\":1414,\"height\":778},{\"@type\":\"BreadcrumbList\",\"@id\":\"https:\/\/nationaltrustcanada.ca\/fr\/ce-que-vous-pouvez-faire\/beausauvetage#breadcrumb\",\"itemListElement\":[{\"@type\":\"ListItem\",\"position\":1,\"name\":\"Home\",\"item\":\"https:\/\/nationaltrustcanada.ca\/fr\"},{\"@type\":\"ListItem\",\"position\":2,\"name\":\"Ce que vous pouvez faire\",\"item\":\"https:\/\/nationaltrustcanada.ca\/fr\/ce-que-vous-pouvez-faire\"},{\"@type\":\"ListItem\",\"position\":3,\"name\":\"LE BEAU SAUVETAGE\"}]},{\"@type\":\"WebSite\",\"@id\":\"https:\/\/nationaltrustcanada.ca\/#website\",\"url\":\"https:\/\/nationaltrustcanada.ca\/\",\"name\":\"Fiducie nationale du Canada\",\"description\":\"Bringing Heritage to Life\",\"potentialAction\":[{\"@type\":\"SearchAction\",\"target\":{\"@type\":\"EntryPoint\",\"urlTemplate\":\"https:\/\/nationaltrustcanada.ca\/?s={search_term_string}\"},\"query-input\":{\"@type\":\"PropertyValueSpecification\",\"valueRequired\":true,\"valueName\":\"search_term_string\"}}],\"inLanguage\":\"fr-FR\"}]}<\/script>\n<!-- \/ Yoast SEO plugin. -->","yoast_head_json":{"title":"LE BEAU SAUVETAGE - Fiducie nationale du Canada","robots":{"index":"index","follow":"follow","max-snippet":"max-snippet:-1","max-image-preview":"max-image-preview:large","max-video-preview":"max-video-preview:-1"},"canonical":"https:\/\/nationaltrustcanada.ca\/fr\/ce-que-vous-pouvez-faire\/beausauvetage","og_locale":"fr_FR","og_type":"article","og_title":"LE BEAU SAUVETAGE - Fiducie nationale du Canada","og_description":"LE CONCOURS LE BEAU SAUVETAGE 65 000 $ en prix ! Le concours Le Beau Sauvetage offre une occasion incroyable...","og_url":"https:\/\/nationaltrustcanada.ca\/fr\/ce-que-vous-pouvez-faire\/beausauvetage","og_site_name":"Fiducie nationale du Canada","article_modified_time":"2026-04-17T19:20:05+00:00","og_image":[{"width":1414,"height":778,"url":"https:\/\/nationaltrustcanada.ca\/wp-content\/uploads\/2026\/01\/NGS-Banner-Battle-Hr-2017DSC_0801.jpg","type":"image\/jpeg"}],"twitter_card":"summary_large_image","twitter_misc":{"Dur\u00e9e de lecture estim\u00e9e":"5 minutes"},"schema":{"@context":"https:\/\/schema.org","@graph":[{"@type":"WebPage","@id":"https:\/\/nationaltrustcanada.ca\/fr\/ce-que-vous-pouvez-faire\/beausauvetage","url":"https:\/\/nationaltrustcanada.ca\/fr\/ce-que-vous-pouvez-faire\/beausauvetage","name":"LE BEAU SAUVETAGE - Fiducie nationale du Canada","isPartOf":{"@id":"https:\/\/nationaltrustcanada.ca\/#website"},"primaryImageOfPage":{"@id":"https:\/\/nationaltrustcanada.ca\/fr\/ce-que-vous-pouvez-faire\/beausauvetage#primaryimage"},"image":{"@id":"https:\/\/nationaltrustcanada.ca\/fr\/ce-que-vous-pouvez-faire\/beausauvetage#primaryimage"},"thumbnailUrl":"https:\/\/nationaltrustcanada.ca\/wp-content\/uploads\/2026\/01\/NGS-Banner-Battle-Hr-2017DSC_0801.jpg","datePublished":"2015-11-01T15:55:52+00:00","dateModified":"2026-04-17T19:20:05+00:00","breadcrumb":{"@id":"https:\/\/nationaltrustcanada.ca\/fr\/ce-que-vous-pouvez-faire\/beausauvetage#breadcrumb"},"inLanguage":"fr-FR","potentialAction":[{"@type":"ReadAction","target":["https:\/\/nationaltrustcanada.ca\/fr\/ce-que-vous-pouvez-faire\/beausauvetage"]}]},{"@type":"ImageObject","inLanguage":"fr-FR","@id":"https:\/\/nationaltrustcanada.ca\/fr\/ce-que-vous-pouvez-faire\/beausauvetage#primaryimage","url":"https:\/\/nationaltrustcanada.ca\/wp-content\/uploads\/2026\/01\/NGS-Banner-Battle-Hr-2017DSC_0801.jpg","contentUrl":"https:\/\/nationaltrustcanada.ca\/wp-content\/uploads\/2026\/01\/NGS-Banner-Battle-Hr-2017DSC_0801.jpg","width":1414,"height":778},{"@type":"BreadcrumbList","@id":"https:\/\/nationaltrustcanada.ca\/fr\/ce-que-vous-pouvez-faire\/beausauvetage#breadcrumb","itemListElement":[{"@type":"ListItem","position":1,"name":"Home","item":"https:\/\/nationaltrustcanada.ca\/fr"},{"@type":"ListItem","position":2,"name":"Ce que vous pouvez faire","item":"https:\/\/nationaltrustcanada.ca\/fr\/ce-que-vous-pouvez-faire"},{"@type":"ListItem","position":3,"name":"LE BEAU SAUVETAGE"}]},{"@type":"WebSite","@id":"https:\/\/nationaltrustcanada.ca\/#website","url":"https:\/\/nationaltrustcanada.ca\/","name":"Fiducie nationale du Canada","description":"Bringing Heritage to Life","potentialAction":[{"@type":"SearchAction","target":{"@type":"EntryPoint","urlTemplate":"https:\/\/nationaltrustcanada.ca\/?s={search_term_string}"},"query-input":{"@type":"PropertyValueSpecification","valueRequired":true,"valueName":"search_term_string"}}],"inLanguage":"fr-FR"}]}},"_links":{"self":[{"href":"https:\/\/nationaltrustcanada.ca\/fr\/wp-json\/wp\/v2\/pages\/15086","targetHints":{"allow":["GET"]}}],"collection":[{"href":"https:\/\/nationaltrustcanada.ca\/fr\/wp-json\/wp\/v2\/pages"}],"about":[{"href":"https:\/\/nationaltrustcanada.ca\/fr\/wp-json\/wp\/v2\/types\/page"}],"author":[{"embeddable":true,"href":"https:\/\/nationaltrustcanada.ca\/fr\/wp-json\/wp\/v2\/users\/4"}],"replies":[{"embeddable":true,"href":"https:\/\/nationaltrustcanada.ca\/fr\/wp-json\/wp\/v2\/comments?post=15086"}],"version-history":[{"count":149,"href":"https:\/\/nationaltrustcanada.ca\/fr\/wp-json\/wp\/v2\/pages\/15086\/revisions"}],"predecessor-version":[{"id":23550,"href":"https:\/\/nationaltrustcanada.ca\/fr\/wp-json\/wp\/v2\/pages\/15086\/revisions\/23550"}],"up":[{"embeddable":true,"href":"https:\/\/nationaltrustcanada.ca\/fr\/wp-json\/wp\/v2\/pages\/1314"}],"wp:featuredmedia":[{"embeddable":true,"href":"https:\/\/nationaltrustcanada.ca\/fr\/wp-json\/wp\/v2\/media\/22676"}],"wp:attachment":[{"href":"https:\/\/nationaltrustcanada.ca\/fr\/wp-json\/wp\/v2\/media?parent=15086"}],"curies":[{"name":"wp","href":"https:\/\/api.w.org\/{rel}","templated":true}]}}