{"id":15084,"date":"2022-11-01T10:59:33","date_gmt":"2022-11-01T14:59:33","guid":{"rendered":"https:\/\/nationaltrustcanada.ca\/?page_id=15084"},"modified":"2022-11-03T08:19:16","modified_gmt":"2022-11-03T12:19:16","slug":"lettre-dintention-pour-le-concours-le-beau-sauvetage","status":"publish","type":"page","link":"https:\/\/nationaltrustcanada.ca\/fr\/lettre-dintention-pour-le-concours-le-beau-sauvetage","title":{"rendered":"Lettre d\u2019intention pour le concours LE BEAU SAUVETAGE"},"content":{"rendered":"<p>Parlez-nous de votre projet pour le concours LE BEAU SAUVETAGE, en remplissant le formulaire ci-dessous. Une fois que nous aurons pris connaissance de votre information, il se peut que nous communiquions avec vous si nous avons des questions.<\/p>\n<p>Dites-nous comment vous pr\u00e9voyez adapter, renouveler ou am\u00e9liorer votre BEAU SAUVETAGE pour l\u2019avenir!<\/p>\n<p>Avant de remplir ce formulaire, veuillez prendre connaissance des crit\u00e8res d\u2019admissibilit\u00e9.<\/p>\n<p>&nbsp;<\/p>\n\n<p>&nbsp;<\/p>\n<p><strong>Apr\u00e8s le 20\u00a0novembre, si votre projet r\u00e9pond aux crit\u00e8res d\u2019admissibilit\u00e9 du <\/strong><strong>BEAU SAUVETAGE, la Fiducie nationale du Canada vous demandera\u00a0:<\/strong><\/p>\n<ul>\n<li>de lire et signer l\u2019ensemble des r\u00e8gles et r\u00e8glements du concours;<\/li>\n<li>de nous dire comment votre projet de BEAU SAUVETAGE produira des retomb\u00e9es \u00e9conomiques, sociales ou culturelles pour votre collectivit\u00e9 (max. 2000 caract\u00e8res);<\/li>\n<li>de donner des pr\u00e9cisions sur l\u2019\u00e9ch\u00e9ancier de votre projet de BEAU SAUVETAGE (date de d\u00e9but, grandes \u00e9tapes, date d\u2019ach\u00e8vement);<\/li>\n<li>d\u2019expliquer comment votre projet respectera le caract\u00e8re patrimonial de l\u2019immeuble (Normes et lignes directrices pour la conservation des lieux patrimoniaux au Canada);<\/li>\n<li>d\u2019expliquer comment vous entendez mobiliser votre communaut\u00e9 pour voter en faveur de votre projet;<\/li>\n<li>de donner de l\u2019information sur vos efforts de financement jusqu\u2019\u00e0 pr\u00e9sent, y compris en mati\u00e8re de subventions et y compris le budget du projet;<\/li>\n<li>de fournir une lettre d\u2019appui d\u2019une organisation reconnue (exemple: une organisation d\u2019am\u00e9lioration du centre-ville, une ONG du domaine du patrimoine, un organisme de services local, un conseil de bande ou une administration municipale) confirmant la viabilit\u00e9 du projet de BEAU SAUVETAGE et appuyant le projet;<\/li>\n<li>de fournir une lettre de consentement du propri\u00e9taire du lieu historique donnant express\u00e9ment \u00e0 votre organisation l\u2019autorisation d\u2019entreprendre les travaux que vous proposez dans votre projet (s\u2019il y a lieu).<\/li>\n<\/ul>\n","protected":false},"excerpt":{"rendered":"<p>Parlez-nous de votre projet pour le concours LE BEAU SAUVETAGE, en remplissant le formulaire ci-dessous. Une fois que nous aurons&#8230;<\/p>\n","protected":false},"author":4,"featured_media":0,"parent":0,"menu_order":0,"comment_status":"closed","ping_status":"closed","template":"","meta":{"_acf_changed":false,"footnotes":""},"class_list":["post-15084","page","type-page","status-publish","hentry"],"acf":[],"yoast_head":"<!-- This site is optimized with the Yoast SEO plugin v26.3 - https:\/\/yoast.com\/wordpress\/plugins\/seo\/ -->\n<title>Lettre d\u2019intention pour le concours LE BEAU SAUVETAGE - Fiducie nationale du Canada<\/title>\n<meta name=\"robots\" content=\"index, follow, max-snippet:-1, max-image-preview:large, max-video-preview:-1\" \/>\n<link rel=\"canonical\" href=\"https:\/\/nationaltrustcanada.ca\/fr\/lettre-dintention-pour-le-concours-le-beau-sauvetage\" \/>\n<meta property=\"og:locale\" content=\"fr_FR\" \/>\n<meta property=\"og:type\" content=\"article\" \/>\n<meta property=\"og:title\" content=\"Lettre d\u2019intention pour le concours LE BEAU SAUVETAGE - Fiducie nationale du Canada\" \/>\n<meta property=\"og:description\" content=\"Parlez-nous de votre projet pour le concours LE BEAU SAUVETAGE, en remplissant le formulaire ci-dessous. Une fois que nous aurons...\" \/>\n<meta property=\"og:url\" content=\"https:\/\/nationaltrustcanada.ca\/fr\/lettre-dintention-pour-le-concours-le-beau-sauvetage\" \/>\n<meta property=\"og:site_name\" content=\"Fiducie nationale du Canada\" \/>\n<meta property=\"article:modified_time\" content=\"2022-11-03T12:19:16+00:00\" \/>\n<meta name=\"twitter:card\" content=\"summary_large_image\" \/>\n<meta name=\"twitter:label1\" content=\"Dur\u00e9e de lecture estim\u00e9e\" \/>\n\t<meta name=\"twitter:data1\" content=\"2 minutes\" \/>\n<script type=\"application\/ld+json\" class=\"yoast-schema-graph\">{\"@context\":\"https:\/\/schema.org\",\"@graph\":[{\"@type\":\"WebPage\",\"@id\":\"https:\/\/nationaltrustcanada.ca\/fr\/lettre-dintention-pour-le-concours-le-beau-sauvetage\",\"url\":\"https:\/\/nationaltrustcanada.ca\/fr\/lettre-dintention-pour-le-concours-le-beau-sauvetage\",\"name\":\"Lettre d\u2019intention pour le concours LE BEAU SAUVETAGE - Fiducie nationale du Canada\",\"isPartOf\":{\"@id\":\"https:\/\/nationaltrustcanada.ca\/#website\"},\"datePublished\":\"2022-11-01T14:59:33+00:00\",\"dateModified\":\"2022-11-03T12:19:16+00:00\",\"breadcrumb\":{\"@id\":\"https:\/\/nationaltrustcanada.ca\/fr\/lettre-dintention-pour-le-concours-le-beau-sauvetage#breadcrumb\"},\"inLanguage\":\"fr-FR\",\"potentialAction\":[{\"@type\":\"ReadAction\",\"target\":[\"https:\/\/nationaltrustcanada.ca\/fr\/lettre-dintention-pour-le-concours-le-beau-sauvetage\"]}]},{\"@type\":\"BreadcrumbList\",\"@id\":\"https:\/\/nationaltrustcanada.ca\/fr\/lettre-dintention-pour-le-concours-le-beau-sauvetage#breadcrumb\",\"itemListElement\":[{\"@type\":\"ListItem\",\"position\":1,\"name\":\"Home\",\"item\":\"https:\/\/nationaltrustcanada.ca\/fr\"},{\"@type\":\"ListItem\",\"position\":2,\"name\":\"Lettre d\u2019intention pour le concours LE BEAU SAUVETAGE\"}]},{\"@type\":\"WebSite\",\"@id\":\"https:\/\/nationaltrustcanada.ca\/#website\",\"url\":\"https:\/\/nationaltrustcanada.ca\/\",\"name\":\"Fiducie nationale du Canada\",\"description\":\"Bringing Heritage to Life\",\"potentialAction\":[{\"@type\":\"SearchAction\",\"target\":{\"@type\":\"EntryPoint\",\"urlTemplate\":\"https:\/\/nationaltrustcanada.ca\/?s={search_term_string}\"},\"query-input\":{\"@type\":\"PropertyValueSpecification\",\"valueRequired\":true,\"valueName\":\"search_term_string\"}}],\"inLanguage\":\"fr-FR\"}]}<\/script>\n<!-- \/ Yoast SEO plugin. -->","yoast_head_json":{"title":"Lettre d\u2019intention pour le concours LE BEAU SAUVETAGE - Fiducie nationale du Canada","robots":{"index":"index","follow":"follow","max-snippet":"max-snippet:-1","max-image-preview":"max-image-preview:large","max-video-preview":"max-video-preview:-1"},"canonical":"https:\/\/nationaltrustcanada.ca\/fr\/lettre-dintention-pour-le-concours-le-beau-sauvetage","og_locale":"fr_FR","og_type":"article","og_title":"Lettre d\u2019intention pour le concours LE BEAU SAUVETAGE - Fiducie nationale du Canada","og_description":"Parlez-nous de votre projet pour le concours LE BEAU SAUVETAGE, en remplissant le formulaire ci-dessous. Une fois que nous aurons...","og_url":"https:\/\/nationaltrustcanada.ca\/fr\/lettre-dintention-pour-le-concours-le-beau-sauvetage","og_site_name":"Fiducie nationale du Canada","article_modified_time":"2022-11-03T12:19:16+00:00","twitter_card":"summary_large_image","twitter_misc":{"Dur\u00e9e de lecture estim\u00e9e":"2 minutes"},"schema":{"@context":"https:\/\/schema.org","@graph":[{"@type":"WebPage","@id":"https:\/\/nationaltrustcanada.ca\/fr\/lettre-dintention-pour-le-concours-le-beau-sauvetage","url":"https:\/\/nationaltrustcanada.ca\/fr\/lettre-dintention-pour-le-concours-le-beau-sauvetage","name":"Lettre d\u2019intention pour le concours LE BEAU SAUVETAGE - Fiducie nationale du Canada","isPartOf":{"@id":"https:\/\/nationaltrustcanada.ca\/#website"},"datePublished":"2022-11-01T14:59:33+00:00","dateModified":"2022-11-03T12:19:16+00:00","breadcrumb":{"@id":"https:\/\/nationaltrustcanada.ca\/fr\/lettre-dintention-pour-le-concours-le-beau-sauvetage#breadcrumb"},"inLanguage":"fr-FR","potentialAction":[{"@type":"ReadAction","target":["https:\/\/nationaltrustcanada.ca\/fr\/lettre-dintention-pour-le-concours-le-beau-sauvetage"]}]},{"@type":"BreadcrumbList","@id":"https:\/\/nationaltrustcanada.ca\/fr\/lettre-dintention-pour-le-concours-le-beau-sauvetage#breadcrumb","itemListElement":[{"@type":"ListItem","position":1,"name":"Home","item":"https:\/\/nationaltrustcanada.ca\/fr"},{"@type":"ListItem","position":2,"name":"Lettre d\u2019intention pour le concours LE BEAU SAUVETAGE"}]},{"@type":"WebSite","@id":"https:\/\/nationaltrustcanada.ca\/#website","url":"https:\/\/nationaltrustcanada.ca\/","name":"Fiducie nationale du Canada","description":"Bringing Heritage to Life","potentialAction":[{"@type":"SearchAction","target":{"@type":"EntryPoint","urlTemplate":"https:\/\/nationaltrustcanada.ca\/?s={search_term_string}"},"query-input":{"@type":"PropertyValueSpecification","valueRequired":true,"valueName":"search_term_string"}}],"inLanguage":"fr-FR"}]}},"_links":{"self":[{"href":"https:\/\/nationaltrustcanada.ca\/fr\/wp-json\/wp\/v2\/pages\/15084","targetHints":{"allow":["GET"]}}],"collection":[{"href":"https:\/\/nationaltrustcanada.ca\/fr\/wp-json\/wp\/v2\/pages"}],"about":[{"href":"https:\/\/nationaltrustcanada.ca\/fr\/wp-json\/wp\/v2\/types\/page"}],"author":[{"embeddable":true,"href":"https:\/\/nationaltrustcanada.ca\/fr\/wp-json\/wp\/v2\/users\/4"}],"replies":[{"embeddable":true,"href":"https:\/\/nationaltrustcanada.ca\/fr\/wp-json\/wp\/v2\/comments?post=15084"}],"version-history":[{"count":5,"href":"https:\/\/nationaltrustcanada.ca\/fr\/wp-json\/wp\/v2\/pages\/15084\/revisions"}],"predecessor-version":[{"id":15128,"href":"https:\/\/nationaltrustcanada.ca\/fr\/wp-json\/wp\/v2\/pages\/15084\/revisions\/15128"}],"wp:attachment":[{"href":"https:\/\/nationaltrustcanada.ca\/fr\/wp-json\/wp\/v2\/media?parent=15084"}],"curies":[{"name":"wp","href":"https:\/\/api.w.org\/{rel}","templated":true}]}}