{"id":1496,"date":"2017-09-11T17:32:50","date_gmt":"2017-09-11T17:32:50","guid":{"rendered":"http:\/\/nationaltrustcanada.ca?page_id=1496"},"modified":"2019-03-29T14:40:22","modified_gmt":"2019-03-29T18:40:22","slug":"notre-conseil-national","status":"publish","type":"page","link":"https:\/\/nationaltrustcanada.ca\/fr\/qui-nous-sommes-2\/notre-conseil-national","title":{"rendered":"Notre Conseil national"},"content":{"rendered":"<p>Nous avons des contacts partout au pays gr\u00e2ce \u00e0 notre Conseil national, un r\u00e9seau de chefs de file repr\u00e9sentant des organisations vou\u00e9es \u00e0 la protection et \u00e0 la mise en valeur de lieux historiques \u00e0 l\u2019\u00e9chelle nationale, provinciale ou territoriale.<\/p>\n<table>\n<thead>\n<tr>\n<td colspan=\"2\" width=\"100%\">\n<h3>NATIONALE<\/h3>\n<\/td>\n<\/tr>\n<\/thead>\n<tbody>\n<tr>\n<td width=\"50%\"><a href=\"http:\/\/indigenousheritage.ca\/\" target=\"_blank\" rel=\"noopener noreferrer\">Indigenous Heritage Circle<\/a><\/td>\n<td width=\"50%\"><a href=\"http:\/\/canada.icomos.org\/fr\/\" target=\"_blank\" rel=\"noopener noreferrer\">ICOMOS Canada<\/a><\/td>\n<\/tr>\n<\/tbody>\n<\/table>\n<p>&nbsp;<\/p>\n<table>\n<thead>\n<tr>\n<td colspan=\"2\">\n<h3 id=\"tw-target-text\" class=\"tw-data-text tw-ta tw-text-large\" dir=\"ltr\" data-placeholder=\"Translation\"><span lang=\"fr\">OUEST<\/span><\/h3>\n<\/td>\n<\/tr>\n<\/thead>\n<tbody>\n<tr>\n<td><a href=\"http:\/\/www.heritagebc.ca\/\" target=\"_blank\" rel=\"noopener noreferrer\">Heritage BC <\/a><\/td>\n<td><a href=\"http:\/\/conservancy.bc.ca\/\" target=\"_blank\" rel=\"noopener noreferrer\">The Land Conservancy of BC<\/a><\/td>\n<\/tr>\n<tr>\n<td><a href=\"http:\/\/www.albertahistory.org\/\" target=\"_blank\" rel=\"noopener noreferrer\">Historical Society of Alberta<\/a><\/td>\n<td><a href=\"https:\/\/www.culturetourism.alberta.ca\/heritage-and-museums\/foundations\/alberta-historical-resources-foundation\/\" target=\"_blank\" rel=\"noopener noreferrer\">Alberta Historical Resources Foundation<\/a><\/td>\n<\/tr>\n<tr>\n<td><a href=\"https:\/\/heritagesask.ca\/\" target=\"_blank\" rel=\"noopener noreferrer\">Heritage Saskatchewan<\/a><\/td>\n<td><a href=\"http:\/\/saskmuseums.org\/\" target=\"_blank\" rel=\"noopener noreferrer\">Museums Association of Saskatchewan<\/a><\/td>\n<\/tr>\n<tr>\n<td><a href=\"http:\/\/ahsk.ca\/\" target=\"_blank\" rel=\"noopener noreferrer\">Architectural Heritage Society of Saskatchewan<\/a><\/td>\n<td><a href=\"https:\/\/www.saskheritagefoundation.com\/\" target=\"_blank\" rel=\"noopener noreferrer\">Saskatchewan Heritage Foundation<\/a><\/td>\n<\/tr>\n<tr>\n<td><a href=\"http:\/\/thesas.ca\/\" target=\"_blank\" rel=\"noopener noreferrer\">Saskatchewan Archaeological Society<\/a><\/td>\n<td><a href=\"http:\/\/www.mhs.mb.ca\/\" target=\"_blank\" rel=\"noopener noreferrer\">Manitoba Historical Society<\/a><\/td>\n<\/tr>\n<\/tbody>\n<\/table>\n<p>&nbsp;<\/p>\n<table>\n<thead>\n<tr>\n<td colspan=\"2\">\n<h3>ONTARIO<\/h3>\n<\/td>\n<\/tr>\n<\/thead>\n<tbody>\n<tr>\n<td><a href=\"http:\/\/www.arconserv.ca\/\" target=\"_blank\" rel=\"noopener noreferrer\">Architectural Conservancy of Ontario<\/a><\/td>\n<td><a href=\"http:\/\/www.communityheritageontario.ca\/\" target=\"_blank\" rel=\"noopener noreferrer\">Community Heritage Ontario<\/a><\/td>\n<\/tr>\n<tr>\n<td><a href=\"https:\/\/www.ontariohistoricalsociety.ca\/\" target=\"_blank\" rel=\"noopener noreferrer\">Ontario Historical Society<\/a> <strong><u><br \/>\n<\/u><\/strong><\/td>\n<td><a href=\"http:\/\/www.heritagetrust.on.ca\/fr\/index.php\/?\" target=\"_blank\" rel=\"noopener noreferrer\">Ontario Heritage Trust<\/a><strong><u><br \/>\n<\/u><\/strong><\/td>\n<\/tr>\n<tr>\n<td><a href=\"http:\/\/www.nhsao.ca\/\" target=\"_blank\" rel=\"noopener noreferrer\">National Historic Sites Alliance Ontario<\/a><\/td>\n<td><\/td>\n<\/tr>\n<\/tbody>\n<\/table>\n<p>&nbsp;<\/p>\n<table>\n<thead>\n<tr>\n<td colspan=\"2\">\n<h3>QU\u00c9BEC<\/h3>\n<\/td>\n<\/tr>\n<\/thead>\n<tbody>\n<tr>\n<td><a href=\"http:\/\/www.histoirequebec.qc.ca\/\" target=\"_blank\" rel=\"noopener noreferrer\">F\u00e9d\u00e9ration Histoire Qu\u00e9bec<\/a><\/td>\n<td><a href=\"http:\/\/hcq-chq.org\/fr\/\" target=\"_blank\" rel=\"noopener noreferrer\">L&rsquo;H\u00e9ritage canadien du Qu\u00e9bec<\/a><\/td>\n<\/tr>\n<tr>\n<td><a href=\"https:\/\/actionpatrimoine.ca\/\" target=\"_blank\" rel=\"noopener noreferrer\">Action Patrimoine<\/a><\/td>\n<td><a href=\"https:\/\/www.patrimoine-religieux.qc.ca\/\" target=\"_blank\" rel=\"noopener noreferrer\">Conseil du patrimoine religieux du Qu\u00e9bec<\/a><\/td>\n<\/tr>\n<tr>\n<td><a href=\"http:\/\/qahn.org\/fr\" target=\"_blank\" rel=\"noopener noreferrer\">R\u00e9seau du patrimoine anglophone du Qu\u00e9bec<\/a><\/td>\n<td><\/td>\n<\/tr>\n<\/tbody>\n<\/table>\n<p>&nbsp;<\/p>\n<table>\n<thead>\n<tr>\n<td colspan=\"2\">\n<h3>ATLANTIQUE<\/h3>\n<\/td>\n<\/tr>\n<\/thead>\n<tbody>\n<tr>\n<td><a href=\"http:\/\/www.htns.ca\/\" target=\"_blank\" rel=\"noopener noreferrer\">Heritage Trust of Nova Scotia<\/a><\/td>\n<td><a href=\"http:\/\/www.nslps.com\/\" target=\"_blank\" rel=\"noopener noreferrer\">Nova Scotia Lighthouse Preservation Society<\/a><\/td>\n<\/tr>\n<tr>\n<td><a href=\"http:\/\/www.peimuseum.com\/\" target=\"_blank\" rel=\"noopener noreferrer\">Prince Edward Island Museum and Heritage Foundation <\/a><\/td>\n<td><a href=\"http:\/\/ahnb-apnb.ca\/?lang=fr\" target=\"_blank\" rel=\"noopener noreferrer\">Association Patrimoine Nouveau-Brunswick<\/a><\/td>\n<\/tr>\n<tr>\n<td><a href=\"http:\/\/ahinl.com\/\" target=\"_blank\" rel=\"noopener noreferrer\">Association of Heritage Industries of Newfoundland and Labrador<\/a><\/td>\n<td><a href=\"http:\/\/www.heritagefoundation.ca\/\" target=\"_blank\" rel=\"noopener noreferrer\">Heritage Foundation of Newfoundland and Labrador<\/a><\/td>\n<\/tr>\n<tr>\n<td><a href=\"http:\/\/www.historicsites.ca\/\" target=\"_blank\" rel=\"noopener noreferrer\">Historic Sites Association of Newfoundland and Labrador<\/a><\/td>\n<td><a href=\"https:\/\/www.historictrust.ca\/\" target=\"_blank\" rel=\"noopener noreferrer\">Newfoundland Historic Trust<\/a><\/td>\n<\/tr>\n<tr>\n<td><a href=\"http:\/\/www.nlhistory.ca\/\" target=\"_blank\" rel=\"noopener noreferrer\">Newfoundland Historical Society<\/a><\/td>\n<td><\/td>\n<\/tr>\n<\/tbody>\n<\/table>\n<p>&nbsp;<\/p>\n<table>\n<thead>\n<tr>\n<td colspan=\"2\">\n<h3>NORD<\/h3>\n<\/td>\n<\/tr>\n<\/thead>\n<tbody>\n<tr>\n<td><a href=\"http:\/\/www.ihti.ca\/\" target=\"_blank\" rel=\"noopener noreferrer\">Inuit Heritage Trust Incorporated<\/a><\/td>\n<td><a href=\"http:\/\/www.heritageyukon.ca\/\" target=\"_blank\" rel=\"noopener noreferrer\">Yukon Historical and Museums Association<\/a><\/td>\n<\/tr>\n<tr>\n<td><a href=\"https:\/\/www.yhrb.ca\/\" target=\"_blank\" rel=\"noopener noreferrer\">Yukon Heritage Resources Board<\/a><\/td>\n<td><\/td>\n<\/tr>\n<\/tbody>\n<\/table>\n","protected":false},"excerpt":{"rendered":"<p>Nous avons des contacts partout au pays gr\u00e2ce \u00e0 notre Conseil national, un r\u00e9seau de chefs de file repr\u00e9sentant des&#8230;<\/p>\n","protected":false},"author":4,"featured_media":0,"parent":14554,"menu_order":0,"comment_status":"closed","ping_status":"closed","template":"template-parts\/template-toplevel.php","meta":{"_acf_changed":false,"footnotes":""},"class_list":["post-1496","page","type-page","status-publish","hentry"],"acf":[],"yoast_head":"<!-- This site is optimized with the Yoast SEO plugin v26.3 - https:\/\/yoast.com\/wordpress\/plugins\/seo\/ -->\n<title>Notre Conseil national - Fiducie nationale du Canada<\/title>\n<meta name=\"robots\" content=\"index, follow, max-snippet:-1, max-image-preview:large, max-video-preview:-1\" \/>\n<link rel=\"canonical\" href=\"https:\/\/nationaltrustcanada.ca\/fr\/qui-nous-sommes-2\/notre-conseil-national\" \/>\n<meta property=\"og:locale\" content=\"fr_FR\" \/>\n<meta property=\"og:type\" content=\"article\" \/>\n<meta property=\"og:title\" content=\"Notre Conseil national - Fiducie nationale du Canada\" \/>\n<meta property=\"og:description\" content=\"Nous avons des contacts partout au pays gr\u00e2ce \u00e0 notre Conseil national, un r\u00e9seau de chefs de file repr\u00e9sentant des...\" \/>\n<meta property=\"og:url\" content=\"https:\/\/nationaltrustcanada.ca\/fr\/qui-nous-sommes-2\/notre-conseil-national\" \/>\n<meta property=\"og:site_name\" content=\"Fiducie nationale du Canada\" \/>\n<meta property=\"article:modified_time\" content=\"2019-03-29T18:40:22+00:00\" \/>\n<meta name=\"twitter:card\" content=\"summary_large_image\" \/>\n<meta name=\"twitter:label1\" content=\"Dur\u00e9e de lecture estim\u00e9e\" \/>\n\t<meta name=\"twitter:data1\" content=\"1 minute\" \/>\n<script type=\"application\/ld+json\" class=\"yoast-schema-graph\">{\"@context\":\"https:\/\/schema.org\",\"@graph\":[{\"@type\":\"WebPage\",\"@id\":\"https:\/\/nationaltrustcanada.ca\/fr\/qui-nous-sommes-2\/notre-conseil-national\",\"url\":\"https:\/\/nationaltrustcanada.ca\/fr\/qui-nous-sommes-2\/notre-conseil-national\",\"name\":\"Notre Conseil national - Fiducie nationale du Canada\",\"isPartOf\":{\"@id\":\"https:\/\/nationaltrustcanada.ca\/#website\"},\"datePublished\":\"2017-09-11T17:32:50+00:00\",\"dateModified\":\"2019-03-29T18:40:22+00:00\",\"breadcrumb\":{\"@id\":\"https:\/\/nationaltrustcanada.ca\/fr\/qui-nous-sommes-2\/notre-conseil-national#breadcrumb\"},\"inLanguage\":\"fr-FR\",\"potentialAction\":[{\"@type\":\"ReadAction\",\"target\":[\"https:\/\/nationaltrustcanada.ca\/fr\/qui-nous-sommes-2\/notre-conseil-national\"]}]},{\"@type\":\"BreadcrumbList\",\"@id\":\"https:\/\/nationaltrustcanada.ca\/fr\/qui-nous-sommes-2\/notre-conseil-national#breadcrumb\",\"itemListElement\":[{\"@type\":\"ListItem\",\"position\":1,\"name\":\"Home\",\"item\":\"https:\/\/nationaltrustcanada.ca\/fr\"},{\"@type\":\"ListItem\",\"position\":2,\"name\":\"Qui Nous Sommes\",\"item\":\"https:\/\/nationaltrustcanada.ca\/fr\/qui-nous-sommes-2\"},{\"@type\":\"ListItem\",\"position\":3,\"name\":\"Notre Conseil national\"}]},{\"@type\":\"WebSite\",\"@id\":\"https:\/\/nationaltrustcanada.ca\/#website\",\"url\":\"https:\/\/nationaltrustcanada.ca\/\",\"name\":\"Fiducie nationale du Canada\",\"description\":\"Bringing Heritage to Life\",\"potentialAction\":[{\"@type\":\"SearchAction\",\"target\":{\"@type\":\"EntryPoint\",\"urlTemplate\":\"https:\/\/nationaltrustcanada.ca\/?s={search_term_string}\"},\"query-input\":{\"@type\":\"PropertyValueSpecification\",\"valueRequired\":true,\"valueName\":\"search_term_string\"}}],\"inLanguage\":\"fr-FR\"}]}<\/script>\n<!-- \/ Yoast SEO plugin. -->","yoast_head_json":{"title":"Notre Conseil national - Fiducie nationale du Canada","robots":{"index":"index","follow":"follow","max-snippet":"max-snippet:-1","max-image-preview":"max-image-preview:large","max-video-preview":"max-video-preview:-1"},"canonical":"https:\/\/nationaltrustcanada.ca\/fr\/qui-nous-sommes-2\/notre-conseil-national","og_locale":"fr_FR","og_type":"article","og_title":"Notre Conseil national - Fiducie nationale du Canada","og_description":"Nous avons des contacts partout au pays gr\u00e2ce \u00e0 notre Conseil national, un r\u00e9seau de chefs de file repr\u00e9sentant des...","og_url":"https:\/\/nationaltrustcanada.ca\/fr\/qui-nous-sommes-2\/notre-conseil-national","og_site_name":"Fiducie nationale du Canada","article_modified_time":"2019-03-29T18:40:22+00:00","twitter_card":"summary_large_image","twitter_misc":{"Dur\u00e9e de lecture estim\u00e9e":"1 minute"},"schema":{"@context":"https:\/\/schema.org","@graph":[{"@type":"WebPage","@id":"https:\/\/nationaltrustcanada.ca\/fr\/qui-nous-sommes-2\/notre-conseil-national","url":"https:\/\/nationaltrustcanada.ca\/fr\/qui-nous-sommes-2\/notre-conseil-national","name":"Notre Conseil national - Fiducie nationale du Canada","isPartOf":{"@id":"https:\/\/nationaltrustcanada.ca\/#website"},"datePublished":"2017-09-11T17:32:50+00:00","dateModified":"2019-03-29T18:40:22+00:00","breadcrumb":{"@id":"https:\/\/nationaltrustcanada.ca\/fr\/qui-nous-sommes-2\/notre-conseil-national#breadcrumb"},"inLanguage":"fr-FR","potentialAction":[{"@type":"ReadAction","target":["https:\/\/nationaltrustcanada.ca\/fr\/qui-nous-sommes-2\/notre-conseil-national"]}]},{"@type":"BreadcrumbList","@id":"https:\/\/nationaltrustcanada.ca\/fr\/qui-nous-sommes-2\/notre-conseil-national#breadcrumb","itemListElement":[{"@type":"ListItem","position":1,"name":"Home","item":"https:\/\/nationaltrustcanada.ca\/fr"},{"@type":"ListItem","position":2,"name":"Qui Nous Sommes","item":"https:\/\/nationaltrustcanada.ca\/fr\/qui-nous-sommes-2"},{"@type":"ListItem","position":3,"name":"Notre Conseil national"}]},{"@type":"WebSite","@id":"https:\/\/nationaltrustcanada.ca\/#website","url":"https:\/\/nationaltrustcanada.ca\/","name":"Fiducie nationale du Canada","description":"Bringing Heritage to Life","potentialAction":[{"@type":"SearchAction","target":{"@type":"EntryPoint","urlTemplate":"https:\/\/nationaltrustcanada.ca\/?s={search_term_string}"},"query-input":{"@type":"PropertyValueSpecification","valueRequired":true,"valueName":"search_term_string"}}],"inLanguage":"fr-FR"}]}},"_links":{"self":[{"href":"https:\/\/nationaltrustcanada.ca\/fr\/wp-json\/wp\/v2\/pages\/1496","targetHints":{"allow":["GET"]}}],"collection":[{"href":"https:\/\/nationaltrustcanada.ca\/fr\/wp-json\/wp\/v2\/pages"}],"about":[{"href":"https:\/\/nationaltrustcanada.ca\/fr\/wp-json\/wp\/v2\/types\/page"}],"author":[{"embeddable":true,"href":"https:\/\/nationaltrustcanada.ca\/fr\/wp-json\/wp\/v2\/users\/4"}],"replies":[{"embeddable":true,"href":"https:\/\/nationaltrustcanada.ca\/fr\/wp-json\/wp\/v2\/comments?post=1496"}],"version-history":[{"count":10,"href":"https:\/\/nationaltrustcanada.ca\/fr\/wp-json\/wp\/v2\/pages\/1496\/revisions"}],"predecessor-version":[{"id":6358,"href":"https:\/\/nationaltrustcanada.ca\/fr\/wp-json\/wp\/v2\/pages\/1496\/revisions\/6358"}],"up":[{"embeddable":true,"href":"https:\/\/nationaltrustcanada.ca\/fr\/wp-json\/wp\/v2\/pages\/14554"}],"wp:attachment":[{"href":"https:\/\/nationaltrustcanada.ca\/fr\/wp-json\/wp\/v2\/media?parent=1496"}],"curies":[{"name":"wp","href":"https:\/\/api.w.org\/{rel}","templated":true}]}}