{"id":1493,"date":"2017-09-11T17:30:08","date_gmt":"2017-09-11T17:30:08","guid":{"rendered":"http:\/\/nationaltrustcanada.ca?page_id=1493"},"modified":"2023-09-19T13:17:39","modified_gmt":"2023-09-19T17:17:39","slug":"notre-conseil-consultatif","status":"publish","type":"page","link":"https:\/\/nationaltrustcanada.ca\/fr\/qui-nous-sommes-2\/notre-conseil-consultatif","title":{"rendered":"Notre Conseil consultatif"},"content":{"rendered":"<p>Nous avons des r\u00e9seaux nationaux qui unissent leurs forces pour relever des d\u00e9fis \u00e0 l\u2019\u00e9chelle du pays.<\/p>\n<table width=\"100%\">\n<tbody>\n<tr>\n<td width=\"30%\"><strong>Douglas Cardinal<\/strong><\/td>\n<td width=\"70%\">Architecte canadien de renomm\u00e9e internationale<\/td>\n<\/tr>\n<tr>\n<td><strong>John K.F. Irving<\/strong><\/td>\n<td>Groupe de soci\u00e9t\u00e9s Irving, pr\u00e9sident de la soci\u00e9t\u00e9 Commercial Properties Limited, chef de file en mati\u00e8re de r\u00e9habilitation intelligente d\u2019immeubles historiques<\/td>\n<\/tr>\n<tr>\n<td><strong>Frederic L.R. Jackman<\/strong><\/td>\n<td>Pr\u00e9sident de la Fondation Jackman, pr\u00e9sident de la Fondation de psychologie du Canada, pr\u00e9sident de la soci\u00e9t\u00e9 Invicta Investment Incorporated, chancelier \u00e9m\u00e9rite de l\u2019Universit\u00e9 de Windsor et ancien pr\u00e9sident du Conseil atlantique du Canada<\/td>\n<\/tr>\n<tr>\n<td><strong>Glen MacDonald<\/strong><\/td>\n<td>Directeur du D\u00e9partement de g\u00e9ographie \u00e0 l\u2019UCLA,\u00a0chaire pr\u00e9sidentielle de l\u2019Universit\u00e9 de la Californie et directeur de l\u2019Institut de l\u2019environnement et de la durabilit\u00e9 de l\u2019UCLA<\/td>\n<\/tr>\n<tr>\n<td><strong>Alexander Reford<\/strong><\/td>\n<td>Directeur, Les Jardins de M\u00e9tis (Reford Gardens), historien, \u00e9crivain et ancient doyen du coll\u00e8ge St. Michael\u2019s \u00e0 l\u2019Universit\u00e9 de Toronto.<\/td>\n<\/tr>\n<\/tbody>\n<\/table>\n","protected":false},"excerpt":{"rendered":"<p>Nous avons des r\u00e9seaux nationaux qui unissent leurs forces pour relever des d\u00e9fis \u00e0 l\u2019\u00e9chelle du pays. Douglas Cardinal Architecte&#8230;<\/p>\n","protected":false},"author":4,"featured_media":0,"parent":14554,"menu_order":0,"comment_status":"closed","ping_status":"closed","template":"","meta":{"_acf_changed":false,"footnotes":""},"class_list":["post-1493","page","type-page","status-publish","hentry"],"acf":[],"yoast_head":"<!-- This site is optimized with the Yoast SEO plugin v26.3 - https:\/\/yoast.com\/wordpress\/plugins\/seo\/ -->\n<title>Notre Conseil consultatif - Fiducie nationale du Canada<\/title>\n<meta name=\"robots\" content=\"index, follow, max-snippet:-1, max-image-preview:large, max-video-preview:-1\" \/>\n<link rel=\"canonical\" href=\"https:\/\/nationaltrustcanada.ca\/fr\/qui-nous-sommes-2\/notre-conseil-consultatif\" \/>\n<meta property=\"og:locale\" content=\"fr_FR\" \/>\n<meta property=\"og:type\" content=\"article\" \/>\n<meta property=\"og:title\" content=\"Notre Conseil consultatif - Fiducie nationale du Canada\" \/>\n<meta property=\"og:description\" content=\"Nous avons des r\u00e9seaux nationaux qui unissent leurs forces pour relever des d\u00e9fis \u00e0 l\u2019\u00e9chelle du pays. Douglas Cardinal Architecte...\" \/>\n<meta property=\"og:url\" content=\"https:\/\/nationaltrustcanada.ca\/fr\/qui-nous-sommes-2\/notre-conseil-consultatif\" \/>\n<meta property=\"og:site_name\" content=\"Fiducie nationale du Canada\" \/>\n<meta property=\"article:modified_time\" content=\"2023-09-19T17:17:39+00:00\" \/>\n<meta name=\"twitter:card\" content=\"summary_large_image\" \/>\n<meta name=\"twitter:label1\" content=\"Dur\u00e9e de lecture estim\u00e9e\" \/>\n\t<meta name=\"twitter:data1\" content=\"1 minute\" \/>\n<script type=\"application\/ld+json\" class=\"yoast-schema-graph\">{\"@context\":\"https:\/\/schema.org\",\"@graph\":[{\"@type\":\"WebPage\",\"@id\":\"https:\/\/nationaltrustcanada.ca\/fr\/qui-nous-sommes-2\/notre-conseil-consultatif\",\"url\":\"https:\/\/nationaltrustcanada.ca\/fr\/qui-nous-sommes-2\/notre-conseil-consultatif\",\"name\":\"Notre Conseil consultatif - Fiducie nationale du Canada\",\"isPartOf\":{\"@id\":\"https:\/\/nationaltrustcanada.ca\/#website\"},\"datePublished\":\"2017-09-11T17:30:08+00:00\",\"dateModified\":\"2023-09-19T17:17:39+00:00\",\"breadcrumb\":{\"@id\":\"https:\/\/nationaltrustcanada.ca\/fr\/qui-nous-sommes-2\/notre-conseil-consultatif#breadcrumb\"},\"inLanguage\":\"fr-FR\",\"potentialAction\":[{\"@type\":\"ReadAction\",\"target\":[\"https:\/\/nationaltrustcanada.ca\/fr\/qui-nous-sommes-2\/notre-conseil-consultatif\"]}]},{\"@type\":\"BreadcrumbList\",\"@id\":\"https:\/\/nationaltrustcanada.ca\/fr\/qui-nous-sommes-2\/notre-conseil-consultatif#breadcrumb\",\"itemListElement\":[{\"@type\":\"ListItem\",\"position\":1,\"name\":\"Home\",\"item\":\"https:\/\/nationaltrustcanada.ca\/fr\"},{\"@type\":\"ListItem\",\"position\":2,\"name\":\"Qui Nous Sommes\",\"item\":\"https:\/\/nationaltrustcanada.ca\/fr\/qui-nous-sommes-2\"},{\"@type\":\"ListItem\",\"position\":3,\"name\":\"Notre Conseil consultatif\"}]},{\"@type\":\"WebSite\",\"@id\":\"https:\/\/nationaltrustcanada.ca\/#website\",\"url\":\"https:\/\/nationaltrustcanada.ca\/\",\"name\":\"Fiducie nationale du Canada\",\"description\":\"Bringing Heritage to Life\",\"potentialAction\":[{\"@type\":\"SearchAction\",\"target\":{\"@type\":\"EntryPoint\",\"urlTemplate\":\"https:\/\/nationaltrustcanada.ca\/?s={search_term_string}\"},\"query-input\":{\"@type\":\"PropertyValueSpecification\",\"valueRequired\":true,\"valueName\":\"search_term_string\"}}],\"inLanguage\":\"fr-FR\"}]}<\/script>\n<!-- \/ Yoast SEO plugin. -->","yoast_head_json":{"title":"Notre Conseil consultatif - Fiducie nationale du Canada","robots":{"index":"index","follow":"follow","max-snippet":"max-snippet:-1","max-image-preview":"max-image-preview:large","max-video-preview":"max-video-preview:-1"},"canonical":"https:\/\/nationaltrustcanada.ca\/fr\/qui-nous-sommes-2\/notre-conseil-consultatif","og_locale":"fr_FR","og_type":"article","og_title":"Notre Conseil consultatif - Fiducie nationale du Canada","og_description":"Nous avons des r\u00e9seaux nationaux qui unissent leurs forces pour relever des d\u00e9fis \u00e0 l\u2019\u00e9chelle du pays. Douglas Cardinal Architecte...","og_url":"https:\/\/nationaltrustcanada.ca\/fr\/qui-nous-sommes-2\/notre-conseil-consultatif","og_site_name":"Fiducie nationale du Canada","article_modified_time":"2023-09-19T17:17:39+00:00","twitter_card":"summary_large_image","twitter_misc":{"Dur\u00e9e de lecture estim\u00e9e":"1 minute"},"schema":{"@context":"https:\/\/schema.org","@graph":[{"@type":"WebPage","@id":"https:\/\/nationaltrustcanada.ca\/fr\/qui-nous-sommes-2\/notre-conseil-consultatif","url":"https:\/\/nationaltrustcanada.ca\/fr\/qui-nous-sommes-2\/notre-conseil-consultatif","name":"Notre Conseil consultatif - Fiducie nationale du Canada","isPartOf":{"@id":"https:\/\/nationaltrustcanada.ca\/#website"},"datePublished":"2017-09-11T17:30:08+00:00","dateModified":"2023-09-19T17:17:39+00:00","breadcrumb":{"@id":"https:\/\/nationaltrustcanada.ca\/fr\/qui-nous-sommes-2\/notre-conseil-consultatif#breadcrumb"},"inLanguage":"fr-FR","potentialAction":[{"@type":"ReadAction","target":["https:\/\/nationaltrustcanada.ca\/fr\/qui-nous-sommes-2\/notre-conseil-consultatif"]}]},{"@type":"BreadcrumbList","@id":"https:\/\/nationaltrustcanada.ca\/fr\/qui-nous-sommes-2\/notre-conseil-consultatif#breadcrumb","itemListElement":[{"@type":"ListItem","position":1,"name":"Home","item":"https:\/\/nationaltrustcanada.ca\/fr"},{"@type":"ListItem","position":2,"name":"Qui Nous Sommes","item":"https:\/\/nationaltrustcanada.ca\/fr\/qui-nous-sommes-2"},{"@type":"ListItem","position":3,"name":"Notre Conseil consultatif"}]},{"@type":"WebSite","@id":"https:\/\/nationaltrustcanada.ca\/#website","url":"https:\/\/nationaltrustcanada.ca\/","name":"Fiducie nationale du Canada","description":"Bringing Heritage to Life","potentialAction":[{"@type":"SearchAction","target":{"@type":"EntryPoint","urlTemplate":"https:\/\/nationaltrustcanada.ca\/?s={search_term_string}"},"query-input":{"@type":"PropertyValueSpecification","valueRequired":true,"valueName":"search_term_string"}}],"inLanguage":"fr-FR"}]}},"_links":{"self":[{"href":"https:\/\/nationaltrustcanada.ca\/fr\/wp-json\/wp\/v2\/pages\/1493","targetHints":{"allow":["GET"]}}],"collection":[{"href":"https:\/\/nationaltrustcanada.ca\/fr\/wp-json\/wp\/v2\/pages"}],"about":[{"href":"https:\/\/nationaltrustcanada.ca\/fr\/wp-json\/wp\/v2\/types\/page"}],"author":[{"embeddable":true,"href":"https:\/\/nationaltrustcanada.ca\/fr\/wp-json\/wp\/v2\/users\/4"}],"replies":[{"embeddable":true,"href":"https:\/\/nationaltrustcanada.ca\/fr\/wp-json\/wp\/v2\/comments?post=1493"}],"version-history":[{"count":8,"href":"https:\/\/nationaltrustcanada.ca\/fr\/wp-json\/wp\/v2\/pages\/1493\/revisions"}],"predecessor-version":[{"id":17980,"href":"https:\/\/nationaltrustcanada.ca\/fr\/wp-json\/wp\/v2\/pages\/1493\/revisions\/17980"}],"up":[{"embeddable":true,"href":"https:\/\/nationaltrustcanada.ca\/fr\/wp-json\/wp\/v2\/pages\/14554"}],"wp:attachment":[{"href":"https:\/\/nationaltrustcanada.ca\/fr\/wp-json\/wp\/v2\/media?parent=1493"}],"curies":[{"name":"wp","href":"https:\/\/api.w.org\/{rel}","templated":true}]}}