{"id":1482,"date":"2017-09-11T16:58:47","date_gmt":"2017-09-11T16:58:47","guid":{"rendered":"http:\/\/nationaltrustcanada.ca?page_id=1482"},"modified":"2024-05-21T18:17:01","modified_gmt":"2024-05-21T22:17:01","slug":"dons-planifies","status":"publish","type":"page","link":"https:\/\/nationaltrustcanada.ca\/fr\/ce-que-vous-pouvez-faire\/faites-un-don\/dons-planifies","title":{"rendered":"Planifiez votre don en h\u00e9ritage"},"content":{"rendered":"<blockquote><p><img loading=\"lazy\" decoding=\"async\" class=\"alignleft size-large wp-image-6663\" src=\"https:\/\/nationaltrustcanada.ca\/wp-content\/uploads\/2019\/05\/Enid-2_2000-1024x684.jpg\" alt=\"\" width=\"1024\" height=\"684\" srcset=\"https:\/\/nationaltrustcanada.ca\/wp-content\/uploads\/2019\/05\/Enid-2_2000-1024x684.jpg 1024w, https:\/\/nationaltrustcanada.ca\/wp-content\/uploads\/2019\/05\/Enid-2_2000-300x200.jpg 300w, https:\/\/nationaltrustcanada.ca\/wp-content\/uploads\/2019\/05\/Enid-2_2000-768x513.jpg 768w, https:\/\/nationaltrustcanada.ca\/wp-content\/uploads\/2019\/05\/Enid-2_2000.jpg 2000w\" sizes=\"auto, (max-width: 1024px) 100vw, 1024px\" \/><br \/>\n\u00ab Je ne peux penser \u00e0 un meilleur h\u00e9ritage \u00e0 l\u00e9guer aux Canadiens de l\u2019avenir que de prot\u00e9ger le patrimoine du Canada. \u00bb<br \/>\n\u2014Enid Page, d\u00e9fenseure du patrimoine et donatrice d\u2019h\u00e9ritage<\/p><\/blockquote>\n<p>Saviez-vous que gr\u00e2ce \u00e0 un don planifi\u00e9, vous pouvez avoir un effet durable sur la protection de lieux qui importent, dans l\u2019int\u00e9r\u00eat des g\u00e9n\u00e9rations futures de Canadiens?<\/p>\n<p>Avec le programme de dons planifi\u00e9s de la Fiducie nationale du Canada, vous pouvez faire un don \u00e0 usage g\u00e9n\u00e9ral. Il nous aidera \u00e0 remplir notre mission en tant qu\u2019organisme national de bienfaisance du Canada dirigeant une action en vue de renouveler et mettre en valeur les lieux historiques. Vous pouvez aussi affecter votre don \u00e0 un aspect pr\u00e9cis de notre action auquel vous attachez une importance particuli\u00e8re. En faisant un don planifi\u00e9 \u00e0 la Fiducie nationale du Canada, vous pouvez doter des b\u00e9n\u00e9voles et de modestes organisations communautaires des ressources et de l\u2019appui dont ils ont besoin pour sauver et renouveler les lieux qui leur importent. Vous pouvez aussi fournir \u00e0 des d\u00e9fenseurs locaux du patrimoine une expertise en droit et en planification pour le combat qu\u2019ils m\u00e8nent afin de sauver des lieux menac\u00e9s. Ou encore, vous pouvez contribuer \u00e0 l\u2019avenir du patrimoine en affectant votre don \u00e0 la cr\u00e9ation de bourses pour que des jeunes d\u00e9fenseurs du patrimoine ou des membres de communaut\u00e9s sous-repr\u00e9sent\u00e9es puissent poursuivre des \u00e9tudes, faire des stages ou participer \u00e0 des conf\u00e9rences.<\/p>\n<p><a href=\"https:\/\/nationaltrustcanada.ca\/wp-content\/uploads\/2019\/05\/Enid-Page-Legacy-Gift_FR-1.pdf\" target=\"_blank\" rel=\"noopener noreferrer\">Lisez l&rsquo;histoire d&rsquo;Enid Page, d\u00e9fenseure du patrimoine et donatrice d\u2019h\u00e9ritage, et son h\u00e9ritage de patrimoine.<\/a><\/p>\n<p>Il y a diverses fa\u00e7ons de cr\u00e9er un h\u00e9ritage gr\u00e2ce au programme de dons planifi\u00e9s de la Fiducie nationale du Canada. Vous pouvez\u00a0:<\/p>\n<ul>\n<li><strong>faire un legs<\/strong> \u00e0 la Fiducie nationale du Canada dans votre testament;<\/li>\n<li><strong>faire un don de valeurs mobili\u00e8res<\/strong>;<\/li>\n<li><strong>faire don d\u2019une police d\u2019assurance-vie<\/strong>, en d\u00e9signant la Fiducie nationale du Canada comme b\u00e9n\u00e9ficiaire;<\/li>\n<li><strong>faire un don de REER ou FERR<\/strong>, en d\u00e9signant la Fiducie nationale du Canada comme b\u00e9n\u00e9ficiaire.<\/li>\n<\/ul>\n<p><em>Pensez-vous \u00e0 une autre strat\u00e9gie de don? La Fiducie nationale du Canada accepte de nombreux genres de dons planifi\u00e9s.<\/em><\/p>\n<p>Vous devriez consulter un conseiller en planification financi\u00e8re ou successorale pour d\u00e9terminer quelle strat\u00e9gie vous permettra de maximiser vos avantages fiscaux et de r\u00e9aliser vos objectifs financiers. Le personnel de la Fiducie nationale sera ensuite tout \u00e0 votre service pour cr\u00e9er un h\u00e9ritage refl\u00e9tant votre passion pour le patrimoine. Notez que si vous souhaitez affecter votre don \u00e0 un programme pr\u00e9cis, nous vous encourageons \u00e0 communiquer avec nous pour vous assurer qu\u2019il pourra \u00eatre utilis\u00e9 comme vous l\u2019entendez.<\/p>\n<p><strong>Avez-vous d\u00e9j\u00e0 pr\u00e9vu un don \u00e0 la Fiducie nationale dans votre testament?<\/strong> Ne manquez pas de nous le faire savoir! Nous aimerions vous en remercier. En outre, si vous nous permettez de citer votre exemple, vous pourrez en inspirer d\u2019autres \u00e0 faire de m\u00eame. Si vous souhaitez nous informer de votre don, veuillez remplir le <a href=\"https:\/\/nationaltrustcanada.ca\/fr\/ce-que-vous-pouvez-faire\/faites-un-don\/dons-planifies\/formulaire-dintention-de-don-planifie?preview=true\"><u>formulaire de legs<\/u><\/a>, qui est confidentiel.<\/p>\n<p><strong>Vous voulez en savoir plus?<\/strong> T\u00e9l\u00e9phonez \u00e0 Patricia Kell, directrice g\u00e9n\u00e9rale, sans frais au 1-866-964-1066, poste 222, ou \u00e9crivez-lui \u00e0 <a href=\"mailto:pkell@fiducienationalecanada.ca\">pkell@fiducienationalecanada.ca<\/a>.<\/p>\n<p><strong>Discutez des strat\u00e9gies de dons planifi\u00e9s avec votre conseiller en mati\u00e8res financi\u00e8res ou successorales.<\/strong><\/p>\n<p style=\"text-align: right;\"><strong>Consultez-nous au sujet de la cr\u00e9ation de votre h\u00e9ritage de patrimoine.<\/strong><\/p>\n","protected":false},"excerpt":{"rendered":"<p>\u00ab Je ne peux penser \u00e0 un meilleur h\u00e9ritage \u00e0 l\u00e9guer aux Canadiens de l\u2019avenir que de prot\u00e9ger le patrimoine&#8230;<\/p>\n","protected":false},"author":4,"featured_media":0,"parent":1321,"menu_order":0,"comment_status":"closed","ping_status":"closed","template":"","meta":{"_acf_changed":false,"footnotes":""},"class_list":["post-1482","page","type-page","status-publish","hentry"],"acf":[],"yoast_head":"<!-- This site is optimized with the Yoast SEO plugin v26.3 - https:\/\/yoast.com\/wordpress\/plugins\/seo\/ -->\n<title>Planifiez votre don en h\u00e9ritage - Fiducie nationale du Canada<\/title>\n<meta name=\"robots\" content=\"index, follow, max-snippet:-1, max-image-preview:large, max-video-preview:-1\" \/>\n<link rel=\"canonical\" href=\"https:\/\/nationaltrustcanada.ca\/fr\/ce-que-vous-pouvez-faire\/faites-un-don\/dons-planifies\" \/>\n<meta property=\"og:locale\" content=\"fr_FR\" \/>\n<meta property=\"og:type\" content=\"article\" \/>\n<meta property=\"og:title\" content=\"Planifiez votre don en h\u00e9ritage - Fiducie nationale du Canada\" \/>\n<meta property=\"og:description\" content=\"\u00ab Je ne peux penser \u00e0 un meilleur h\u00e9ritage \u00e0 l\u00e9guer aux Canadiens de l\u2019avenir que de prot\u00e9ger le patrimoine...\" \/>\n<meta property=\"og:url\" content=\"https:\/\/nationaltrustcanada.ca\/fr\/ce-que-vous-pouvez-faire\/faites-un-don\/dons-planifies\" \/>\n<meta property=\"og:site_name\" content=\"Fiducie nationale du Canada\" \/>\n<meta property=\"article:modified_time\" content=\"2024-05-21T22:17:01+00:00\" \/>\n<meta property=\"og:image\" content=\"https:\/\/nationaltrustcanada.ca\/wp-content\/uploads\/2019\/05\/Enid-2_2000-1024x684.jpg\" \/>\n<meta name=\"twitter:card\" content=\"summary_large_image\" \/>\n<meta name=\"twitter:label1\" content=\"Dur\u00e9e de lecture estim\u00e9e\" \/>\n\t<meta name=\"twitter:data1\" content=\"3 minutes\" \/>\n<script type=\"application\/ld+json\" class=\"yoast-schema-graph\">{\"@context\":\"https:\/\/schema.org\",\"@graph\":[{\"@type\":\"WebPage\",\"@id\":\"https:\/\/nationaltrustcanada.ca\/fr\/ce-que-vous-pouvez-faire\/faites-un-don\/dons-planifies\",\"url\":\"https:\/\/nationaltrustcanada.ca\/fr\/ce-que-vous-pouvez-faire\/faites-un-don\/dons-planifies\",\"name\":\"Planifiez votre don en h\u00e9ritage - Fiducie nationale du Canada\",\"isPartOf\":{\"@id\":\"https:\/\/nationaltrustcanada.ca\/#website\"},\"primaryImageOfPage\":{\"@id\":\"https:\/\/nationaltrustcanada.ca\/fr\/ce-que-vous-pouvez-faire\/faites-un-don\/dons-planifies#primaryimage\"},\"image\":{\"@id\":\"https:\/\/nationaltrustcanada.ca\/fr\/ce-que-vous-pouvez-faire\/faites-un-don\/dons-planifies#primaryimage\"},\"thumbnailUrl\":\"https:\/\/nationaltrustcanada.ca\/wp-content\/uploads\/2019\/05\/Enid-2_2000-1024x684.jpg\",\"datePublished\":\"2017-09-11T16:58:47+00:00\",\"dateModified\":\"2024-05-21T22:17:01+00:00\",\"breadcrumb\":{\"@id\":\"https:\/\/nationaltrustcanada.ca\/fr\/ce-que-vous-pouvez-faire\/faites-un-don\/dons-planifies#breadcrumb\"},\"inLanguage\":\"fr-FR\",\"potentialAction\":[{\"@type\":\"ReadAction\",\"target\":[\"https:\/\/nationaltrustcanada.ca\/fr\/ce-que-vous-pouvez-faire\/faites-un-don\/dons-planifies\"]}]},{\"@type\":\"ImageObject\",\"inLanguage\":\"fr-FR\",\"@id\":\"https:\/\/nationaltrustcanada.ca\/fr\/ce-que-vous-pouvez-faire\/faites-un-don\/dons-planifies#primaryimage\",\"url\":\"https:\/\/nationaltrustcanada.ca\/wp-content\/uploads\/2019\/05\/Enid-2_2000-1024x684.jpg\",\"contentUrl\":\"https:\/\/nationaltrustcanada.ca\/wp-content\/uploads\/2019\/05\/Enid-2_2000-1024x684.jpg\"},{\"@type\":\"BreadcrumbList\",\"@id\":\"https:\/\/nationaltrustcanada.ca\/fr\/ce-que-vous-pouvez-faire\/faites-un-don\/dons-planifies#breadcrumb\",\"itemListElement\":[{\"@type\":\"ListItem\",\"position\":1,\"name\":\"Home\",\"item\":\"https:\/\/nationaltrustcanada.ca\/fr\"},{\"@type\":\"ListItem\",\"position\":2,\"name\":\"Ce que vous pouvez faire\",\"item\":\"https:\/\/nationaltrustcanada.ca\/fr\/ce-que-vous-pouvez-faire\"},{\"@type\":\"ListItem\",\"position\":3,\"name\":\"Faites un don\",\"item\":\"https:\/\/nationaltrustcanada.ca\/fr\/ce-que-vous-pouvez-faire\/faites-un-don\"},{\"@type\":\"ListItem\",\"position\":4,\"name\":\"Planifiez votre don en h\u00e9ritage\"}]},{\"@type\":\"WebSite\",\"@id\":\"https:\/\/nationaltrustcanada.ca\/#website\",\"url\":\"https:\/\/nationaltrustcanada.ca\/\",\"name\":\"Fiducie nationale du Canada\",\"description\":\"Bringing Heritage to Life\",\"potentialAction\":[{\"@type\":\"SearchAction\",\"target\":{\"@type\":\"EntryPoint\",\"urlTemplate\":\"https:\/\/nationaltrustcanada.ca\/?s={search_term_string}\"},\"query-input\":{\"@type\":\"PropertyValueSpecification\",\"valueRequired\":true,\"valueName\":\"search_term_string\"}}],\"inLanguage\":\"fr-FR\"}]}<\/script>\n<!-- \/ Yoast SEO plugin. -->","yoast_head_json":{"title":"Planifiez votre don en h\u00e9ritage - Fiducie nationale du Canada","robots":{"index":"index","follow":"follow","max-snippet":"max-snippet:-1","max-image-preview":"max-image-preview:large","max-video-preview":"max-video-preview:-1"},"canonical":"https:\/\/nationaltrustcanada.ca\/fr\/ce-que-vous-pouvez-faire\/faites-un-don\/dons-planifies","og_locale":"fr_FR","og_type":"article","og_title":"Planifiez votre don en h\u00e9ritage - Fiducie nationale du Canada","og_description":"\u00ab Je ne peux penser \u00e0 un meilleur h\u00e9ritage \u00e0 l\u00e9guer aux Canadiens de l\u2019avenir que de prot\u00e9ger le patrimoine...","og_url":"https:\/\/nationaltrustcanada.ca\/fr\/ce-que-vous-pouvez-faire\/faites-un-don\/dons-planifies","og_site_name":"Fiducie nationale du Canada","article_modified_time":"2024-05-21T22:17:01+00:00","og_image":[{"url":"https:\/\/nationaltrustcanada.ca\/wp-content\/uploads\/2019\/05\/Enid-2_2000-1024x684.jpg","type":"","width":"","height":""}],"twitter_card":"summary_large_image","twitter_misc":{"Dur\u00e9e de lecture estim\u00e9e":"3 minutes"},"schema":{"@context":"https:\/\/schema.org","@graph":[{"@type":"WebPage","@id":"https:\/\/nationaltrustcanada.ca\/fr\/ce-que-vous-pouvez-faire\/faites-un-don\/dons-planifies","url":"https:\/\/nationaltrustcanada.ca\/fr\/ce-que-vous-pouvez-faire\/faites-un-don\/dons-planifies","name":"Planifiez votre don en h\u00e9ritage - Fiducie nationale du Canada","isPartOf":{"@id":"https:\/\/nationaltrustcanada.ca\/#website"},"primaryImageOfPage":{"@id":"https:\/\/nationaltrustcanada.ca\/fr\/ce-que-vous-pouvez-faire\/faites-un-don\/dons-planifies#primaryimage"},"image":{"@id":"https:\/\/nationaltrustcanada.ca\/fr\/ce-que-vous-pouvez-faire\/faites-un-don\/dons-planifies#primaryimage"},"thumbnailUrl":"https:\/\/nationaltrustcanada.ca\/wp-content\/uploads\/2019\/05\/Enid-2_2000-1024x684.jpg","datePublished":"2017-09-11T16:58:47+00:00","dateModified":"2024-05-21T22:17:01+00:00","breadcrumb":{"@id":"https:\/\/nationaltrustcanada.ca\/fr\/ce-que-vous-pouvez-faire\/faites-un-don\/dons-planifies#breadcrumb"},"inLanguage":"fr-FR","potentialAction":[{"@type":"ReadAction","target":["https:\/\/nationaltrustcanada.ca\/fr\/ce-que-vous-pouvez-faire\/faites-un-don\/dons-planifies"]}]},{"@type":"ImageObject","inLanguage":"fr-FR","@id":"https:\/\/nationaltrustcanada.ca\/fr\/ce-que-vous-pouvez-faire\/faites-un-don\/dons-planifies#primaryimage","url":"https:\/\/nationaltrustcanada.ca\/wp-content\/uploads\/2019\/05\/Enid-2_2000-1024x684.jpg","contentUrl":"https:\/\/nationaltrustcanada.ca\/wp-content\/uploads\/2019\/05\/Enid-2_2000-1024x684.jpg"},{"@type":"BreadcrumbList","@id":"https:\/\/nationaltrustcanada.ca\/fr\/ce-que-vous-pouvez-faire\/faites-un-don\/dons-planifies#breadcrumb","itemListElement":[{"@type":"ListItem","position":1,"name":"Home","item":"https:\/\/nationaltrustcanada.ca\/fr"},{"@type":"ListItem","position":2,"name":"Ce que vous pouvez faire","item":"https:\/\/nationaltrustcanada.ca\/fr\/ce-que-vous-pouvez-faire"},{"@type":"ListItem","position":3,"name":"Faites un don","item":"https:\/\/nationaltrustcanada.ca\/fr\/ce-que-vous-pouvez-faire\/faites-un-don"},{"@type":"ListItem","position":4,"name":"Planifiez votre don en h\u00e9ritage"}]},{"@type":"WebSite","@id":"https:\/\/nationaltrustcanada.ca\/#website","url":"https:\/\/nationaltrustcanada.ca\/","name":"Fiducie nationale du Canada","description":"Bringing Heritage to Life","potentialAction":[{"@type":"SearchAction","target":{"@type":"EntryPoint","urlTemplate":"https:\/\/nationaltrustcanada.ca\/?s={search_term_string}"},"query-input":{"@type":"PropertyValueSpecification","valueRequired":true,"valueName":"search_term_string"}}],"inLanguage":"fr-FR"}]}},"_links":{"self":[{"href":"https:\/\/nationaltrustcanada.ca\/fr\/wp-json\/wp\/v2\/pages\/1482","targetHints":{"allow":["GET"]}}],"collection":[{"href":"https:\/\/nationaltrustcanada.ca\/fr\/wp-json\/wp\/v2\/pages"}],"about":[{"href":"https:\/\/nationaltrustcanada.ca\/fr\/wp-json\/wp\/v2\/types\/page"}],"author":[{"embeddable":true,"href":"https:\/\/nationaltrustcanada.ca\/fr\/wp-json\/wp\/v2\/users\/4"}],"replies":[{"embeddable":true,"href":"https:\/\/nationaltrustcanada.ca\/fr\/wp-json\/wp\/v2\/comments?post=1482"}],"version-history":[{"count":15,"href":"https:\/\/nationaltrustcanada.ca\/fr\/wp-json\/wp\/v2\/pages\/1482\/revisions"}],"predecessor-version":[{"id":19694,"href":"https:\/\/nationaltrustcanada.ca\/fr\/wp-json\/wp\/v2\/pages\/1482\/revisions\/19694"}],"up":[{"embeddable":true,"href":"https:\/\/nationaltrustcanada.ca\/fr\/wp-json\/wp\/v2\/pages\/1321"}],"wp:attachment":[{"href":"https:\/\/nationaltrustcanada.ca\/fr\/wp-json\/wp\/v2\/media?parent=1482"}],"curies":[{"name":"wp","href":"https:\/\/api.w.org\/{rel}","templated":true}]}}