{"id":1470,"date":"2017-09-11T14:31:58","date_gmt":"2017-09-11T14:31:58","guid":{"rendered":"http:\/\/nationaltrustcanada.ca?page_id=1470"},"modified":"2026-04-17T15:18:03","modified_gmt":"2026-04-17T19:18:03","slug":"conference-nationale","status":"publish","type":"page","link":"https:\/\/nationaltrustcanada.ca\/fr\/ce-que-nous-offrons\/conference-nationale","title":{"rendered":"Conf\u00e9rence nationale"},"content":{"rendered":"<p>La conf\u00e9rence annuelle du Fiducie nationale est le plus grand \u00e9v\u00e9nement canadien consacr\u00e9 \u00e0 l&rsquo;apprentissage et au r\u00e9seautage dans le domaine du patrimoine. Organis\u00e9e chaque ann\u00e9e depuis 1974, la conf\u00e9rence du Fiducie nationale rassemble un large \u00e9ventail de personnes qui \u0153uvrent \u00e0 la pr\u00e9servation du patrimoine canadien : militants locaux, \u00e9lus, professionnels, urbanistes, d\u00e9cideurs politiques et propri\u00e9taires fonciers.<\/p>\n<div class=\"flex flex-col text-sm pb-25\">\n<article class=\"text-token-text-primary w-full focus:outline-none [--shadow-height:45px] has-data-writing-block:pointer-events-none has-data-writing-block:-mt-(--shadow-height) has-data-writing-block:pt-(--shadow-height) [&amp;:has([data-writing-block])&gt;*]:pointer-events-auto scroll-mt-[calc(var(--header-height)+min(200px,max(70px,20svh)))]\" dir=\"auto\" tabindex=\"-1\" data-turn-id=\"request-69b2d50c-46d8-832b-b806-f60e765ea304-3\" data-testid=\"conversation-turn-34\" data-scroll-anchor=\"true\" data-turn=\"assistant\">\n<div class=\"text-base my-auto mx-auto pb-10 [--thread-content-margin:var(--thread-content-margin-xs,calc(var(--spacing)*4))] @w-sm\/main:[--thread-content-margin:var(--thread-content-margin-sm,calc(var(--spacing)*6))] @w-lg\/main:[--thread-content-margin:var(--thread-content-margin-lg,calc(var(--spacing)*16))] px-(--thread-content-margin)\">\n<div class=\"[--thread-content-max-width:40rem] @w-lg\/main:[--thread-content-max-width:48rem] mx-auto max-w-(--thread-content-max-width) flex-1 group\/turn-messages focus-visible:outline-hidden relative flex w-full min-w-0 flex-col agent-turn\" tabindex=\"-1\">\n<div class=\"flex max-w-full flex-col gap-4 grow\">\n<div class=\"min-h-8 text-message relative flex w-full flex-col items-end gap-2 text-start break-words whitespace-normal [.text-message+&amp;]:mt-1\" dir=\"auto\" data-message-author-role=\"assistant\" data-message-id=\"330dd9c9-0222-4fc8-9993-fb72cecbdaa6\" data-message-model-slug=\"gpt-5-mini\">\n<div class=\"flex w-full flex-col gap-1 empty:hidden\">\n<div class=\"markdown prose dark:prose-invert w-full wrap-break-word light markdown-new-styling\">\n<h3 data-start=\"62\" data-end=\"131\"><strong data-start=\"62\" data-end=\"131\" data-is-last-node=\"\">Conf\u00e9rence de la Fiducie nationale 2026 \u2013 R\u00e9gion de Waterloo (ON)<\/strong><\/h3>\n<p><img loading=\"lazy\" decoding=\"async\" class=\"alignnone wp-image-23545 \" src=\"https:\/\/nationaltrustcanada.ca\/wp-content\/uploads\/2026\/04\/6-300x150.png\" alt=\"\" width=\"740\" height=\"370\" srcset=\"https:\/\/nationaltrustcanada.ca\/wp-content\/uploads\/2026\/04\/6-300x150.png 300w, https:\/\/nationaltrustcanada.ca\/wp-content\/uploads\/2026\/04\/6-1024x512.png 1024w, https:\/\/nationaltrustcanada.ca\/wp-content\/uploads\/2026\/04\/6-768x384.png 768w, https:\/\/nationaltrustcanada.ca\/wp-content\/uploads\/2026\/04\/6-1536x768.png 1536w, https:\/\/nationaltrustcanada.ca\/wp-content\/uploads\/2026\/04\/6-2048x1024.png 2048w\" sizes=\"auto, (max-width: 740px) 100vw, 740px\" \/><\/p>\n<p><strong>Lisez l&rsquo;appel \u00e0 pr\u00e9sentations (date limite report\u00e9e au 13 avril 2026). <a href=\"https:\/\/nationaltrustcanada.ca\/wp-content\/uploads\/2026\/04\/Waterloo-2026-Call-for-Presentations-Extended_FR.pdf\">Cliquez ici<\/a><\/strong><\/p>\n<\/div>\n<\/div>\n<\/div>\n<\/div>\n<\/div>\n<\/div>\n<\/article>\n<\/div>\n<h4><span data-teams=\"true\">Soumettre une proposition de pr\u00e9sentation. <a href=\"https:\/\/site.pheedloop.com\/portal\/event\/EVEWEYFDAACHR\/submission\/CALFJEZOSMR7PW7\/application#start\">Cliquez ici<\/a><\/span><\/h4>\n<h4>Site web de la conf\u00e9rence. <a href=\"https:\/\/site.pheedloop.com\/event\/NTConference2026\/home\">Cliquez ici<\/a><\/h4>\n<h4>Possibilit\u00e9s de commandites. <a href=\"https:\/\/nationaltrustcanada.ca\/wp-content\/uploads\/2026\/03\/Sponsor-Prospectus-2026-FR-Final-R.pdf\">Cliquez ici. \u00a0<\/a><\/h4>\n<h4>Portail de candidature des sponsors. <a href=\"https:\/\/site.pheedloop.com\/portal\/event\/NTConference2026\/apply\/sponsor\/application#start\">Cliquez ici. <\/a><\/h4>\n<p>La conservation du patrimoine au Canada fait face \u00e0 une \u00ab temp\u00eate parfaite \u00bb de pressions sociales et politiques. Les biens du patrimoine sont de plus en plus menac\u00e9s par le d\u00e9veloppement en mode acc\u00e9l\u00e9r\u00e9, la d\u00e9r\u00e9glementation et les besoins en logement. Pourtant, leur r\u00f4le vital pour l\u2019identit\u00e9 et la r\u00e9silience \u00e9conomique du Canada appara\u00eet d\u2019autant plus clairement \u00e0 l\u2019heure de la mont\u00e9e d\u2019un nationalisme culturel. Par ailleurs, le secteur fait la promotion de la r\u00e9conciliation, s\u2019attaque aux in\u00e9galit\u00e9s et est \u00e0 l\u2019avant-garde dans l\u2019action climatique.<\/p>\n<p>Dans cette p\u00e9riode de changement rapide, comment est-ce que le secteur du patrimoine peut fa\u00e7onner l\u2019avenir du patrimoine mat\u00e9riel et immat\u00e9riel du Canada? Comment est-ce que les changements sociaux et les nouvelles technologies transforment la conservation et la protection? Qu\u2019est-ce que le leadership dans le domaine du patrimoine sera demain? La plus grande rencontre d\u2019apprentissage et de r\u00e9seautage consacr\u00e9e au patrimoine au Canada r\u00e9unira plus de 500 professionnels, responsables de politiques, chefs de file de l\u2019industrie, chercheurs, \u00e9tudiants et b\u00e9n\u00e9voles. Participez \u00e0 cette dynamique conversation intersectorielle.<\/p>\n<p><em>La conf\u00e9rence Avenirs du patrimoine combinera id\u00e9es ambitieuses, \u00e9tudes de cas pratiques et dialogue ax\u00e9 sur des solutions pour tracer la voie \u00e0 suivre.<\/em><\/p>\n<p><strong>Th\u00e8mes et volets de la conf\u00e9rence 2026<\/strong><\/p>\n<p><span data-ccp-props=\"{&quot;335559739&quot;:360}\"><strong>Cr\u00e9ation de logements et r\u00e9utilisation d\u2019immeubles<\/strong> : Solutions du patrimoine pour augmenter la densit\u00e9, acc\u00e9l\u00e9rer le d\u00e9veloppement et r\u00e9duire le carbone<\/span><br \/>\n<span data-ccp-props=\"{&quot;335559739&quot;:360}\"><strong>Relecture et r\u00e9appropriation du patrimoine<\/strong> : Lieux, politiques et organisations du patrimoine<\/span><br \/>\n<span data-ccp-props=\"{&quot;335559739&quot;:360}\"><strong>R\u00e9outiller le syst\u00e8me du patrimoine<\/strong> : Politiques, codes et communaut\u00e9s dans une nouvelle \u00e8re<\/span><br \/>\n<strong>Savoir-faire, technologie et enseignement<\/strong> : Exploiter des outils num\u00e9riques, renforcer la connaissance du patrimoine et former la prochaine g\u00e9n\u00e9ration<\/p>\n<p>&nbsp;<\/p>\n<h2>Conf\u00e9rences pr\u00e9c\u00e9dentes<\/h2>\n<h4><strong>Conf\u00e9rence de la Fiducie nationale 2025 \u2013 Halifax (N.-\u00c9.)<\/strong><\/h4>\n<p><img loading=\"lazy\" decoding=\"async\" class=\"alignnone wp-image-23235\" src=\"https:\/\/nationaltrustcanada.ca\/wp-content\/uploads\/2026\/03\/SQtcxbJa_746024-1-300x150.png\" alt=\"\" width=\"724\" height=\"362\" srcset=\"https:\/\/nationaltrustcanada.ca\/wp-content\/uploads\/2026\/03\/SQtcxbJa_746024-1-300x150.png 300w, https:\/\/nationaltrustcanada.ca\/wp-content\/uploads\/2026\/03\/SQtcxbJa_746024-1-1024x512.png 1024w, https:\/\/nationaltrustcanada.ca\/wp-content\/uploads\/2026\/03\/SQtcxbJa_746024-1-768x384.png 768w, https:\/\/nationaltrustcanada.ca\/wp-content\/uploads\/2026\/03\/SQtcxbJa_746024-1.png 1200w\" sizes=\"auto, (max-width: 724px) 100vw, 724px\" \/><\/p>\n<h4><span dir=\"auto\" style=\"vertical-align: inherit;\">Site web de la conf\u00e9rence: <\/span><strong><span dir=\"auto\" style=\"vertical-align: inherit;\"><a href=\"https:\/\/site.pheedloop.com\/event\/EVEMBMEORELSR\/home\/\">Cliquez ici<\/a><\/span><\/strong><\/h4>\n<h4><strong><span dir=\"auto\" style=\"vertical-align: inherit;\">Programme de conf\u00e9rence imprim\u00e9: <\/span><\/strong><strong><span dir=\"auto\" style=\"vertical-align: inherit;\"><a href=\"https:\/\/nationaltrustcanada.ca\/wp-content\/uploads\/2026\/03\/20251009_FR_Program_FINAL.pdf\">Cliquez ici<\/a><\/span><\/strong><\/h4>\n<p>La conservation du patrimoine au Canada rev\u00eat une importance vitale, et ce, plus que jamais. Il est plus important que jamais de reconna\u00eetre des lieux marginalis\u00e9s, d\u2019agir face \u00e0 l\u2019urgence climatique, de promouvoir la r\u00e9conciliation ou d\u2019aider \u00e0 renforcer le sentiment d\u2019appartenance, la fiert\u00e9 et le bien-\u00eatre des communaut\u00e9s. Pourtant, le mouvement du patrimoine au Canada est soumis \u00e0 des pressions in\u00e9dites, par suite de remous sociaux, de conflits culturels, de perturbation \u00e9conomique ou de catastrophes naturelles, ainsi que de la crise du logement. Comment peut-on naviguer dans cette temp\u00eate soci\u00e9tale? O\u00f9 est le patrimoine parmi les priorit\u00e9s publiques, et o\u00f9 devrait-il \u00eatre? Le moment est crucial, exigeant une action collective. C\u2019est d\u00e8s maintenant que l\u2019ensemble des acteurs du patrimoine \u2013 depuis l\u2019industrie et les professionnels jusqu\u2019aux organismes sans but lucratif, aux gouvernements et aux \u00e9tablissements d\u2019enseignement \u2013 doivent unir leurs efforts pour r\u00e9affirmer combien il importe de soutenir et de r\u00e9inventer nos lieux du patrimoine. C\u2019est <u>maintenant<\/u>\u00a0le moment d\u2019agir.<\/p>\n<h3>Points saillants de la conf\u00e9rence 2025<\/h3>\n<h5><a href=\"https:\/\/nationaltrustcanada.ca\/wp-content\/uploads\/2026\/03\/Declaration-du-Conseil-national-App-CN-FR.pdf\"><strong>D\u00e9claration de Halifax <\/strong><strong>&#8211;<em> D\u00e9claration <\/em><\/strong><strong><em>sur l\u2019importance du patrimoine au Canada maintenant<\/em><\/strong><\/a><\/h5>\n<h5><a href=\"https:\/\/nationaltrustcanada.ca\/wp-content\/uploads\/2026\/03\/NRHE-Declaration-on-Heritage-Education-Final-March-2026_F.pdf\">D\u00e9claration sur l\u2019\u00e9ducation \/ la formation sur le patrimoine au Canada<\/a><\/h5>\n<p>&nbsp;<\/p>\n<p>Cliquez sur le lien dans la case ci-dessous pour en savoir plus sur les conf\u00e9rences pr\u00e9c\u00e9dentes de la Fiducie nationale.<\/p>\n","protected":false},"excerpt":{"rendered":"<p>La conf\u00e9rence annuelle du Fiducie nationale est le plus grand \u00e9v\u00e9nement canadien consacr\u00e9 \u00e0 l&rsquo;apprentissage et au r\u00e9seautage dans le&#8230;<\/p>\n","protected":false},"author":4,"featured_media":23032,"parent":1307,"menu_order":0,"comment_status":"closed","ping_status":"closed","template":"template-parts\/template-toplevel.php","meta":{"_acf_changed":false,"footnotes":""},"class_list":["post-1470","page","type-page","status-publish","has-post-thumbnail","hentry"],"acf":[],"yoast_head":"<!-- This site is optimized with the Yoast SEO plugin v26.3 - https:\/\/yoast.com\/wordpress\/plugins\/seo\/ -->\n<title>Conf\u00e9rence nationale - Fiducie nationale du Canada<\/title>\n<meta name=\"robots\" content=\"index, follow, max-snippet:-1, max-image-preview:large, max-video-preview:-1\" \/>\n<link rel=\"canonical\" href=\"https:\/\/nationaltrustcanada.ca\/fr\/ce-que-nous-offrons\/conference-nationale\" \/>\n<meta property=\"og:locale\" content=\"fr_FR\" \/>\n<meta property=\"og:type\" content=\"article\" \/>\n<meta property=\"og:title\" content=\"Conf\u00e9rence nationale - Fiducie nationale du Canada\" \/>\n<meta property=\"og:description\" content=\"La conf\u00e9rence annuelle du Fiducie nationale est le plus grand \u00e9v\u00e9nement canadien consacr\u00e9 \u00e0 l&rsquo;apprentissage et au r\u00e9seautage dans le...\" \/>\n<meta property=\"og:url\" content=\"https:\/\/nationaltrustcanada.ca\/fr\/ce-que-nous-offrons\/conference-nationale\" \/>\n<meta property=\"og:site_name\" content=\"Fiducie nationale du Canada\" \/>\n<meta property=\"article:modified_time\" content=\"2026-04-17T19:18:03+00:00\" \/>\n<meta property=\"og:image\" content=\"https:\/\/nationaltrustcanada.ca\/wp-content\/uploads\/2026\/02\/National-Trsut-Conference-2026-Waterloo-Region.jpg\" \/>\n\t<meta property=\"og:image:width\" content=\"2560\" \/>\n\t<meta property=\"og:image:height\" content=\"1440\" \/>\n\t<meta property=\"og:image:type\" content=\"image\/jpeg\" \/>\n<meta name=\"twitter:card\" content=\"summary_large_image\" \/>\n<meta name=\"twitter:label1\" content=\"Dur\u00e9e de lecture estim\u00e9e\" \/>\n\t<meta name=\"twitter:data1\" content=\"4 minutes\" \/>\n<script type=\"application\/ld+json\" class=\"yoast-schema-graph\">{\"@context\":\"https:\/\/schema.org\",\"@graph\":[{\"@type\":\"WebPage\",\"@id\":\"https:\/\/nationaltrustcanada.ca\/fr\/ce-que-nous-offrons\/conference-nationale\",\"url\":\"https:\/\/nationaltrustcanada.ca\/fr\/ce-que-nous-offrons\/conference-nationale\",\"name\":\"Conf\u00e9rence nationale - Fiducie nationale du Canada\",\"isPartOf\":{\"@id\":\"https:\/\/nationaltrustcanada.ca\/#website\"},\"primaryImageOfPage\":{\"@id\":\"https:\/\/nationaltrustcanada.ca\/fr\/ce-que-nous-offrons\/conference-nationale#primaryimage\"},\"image\":{\"@id\":\"https:\/\/nationaltrustcanada.ca\/fr\/ce-que-nous-offrons\/conference-nationale#primaryimage\"},\"thumbnailUrl\":\"https:\/\/nationaltrustcanada.ca\/wp-content\/uploads\/2026\/02\/National-Trsut-Conference-2026-Waterloo-Region.jpg\",\"datePublished\":\"2017-09-11T14:31:58+00:00\",\"dateModified\":\"2026-04-17T19:18:03+00:00\",\"breadcrumb\":{\"@id\":\"https:\/\/nationaltrustcanada.ca\/fr\/ce-que-nous-offrons\/conference-nationale#breadcrumb\"},\"inLanguage\":\"fr-FR\",\"potentialAction\":[{\"@type\":\"ReadAction\",\"target\":[\"https:\/\/nationaltrustcanada.ca\/fr\/ce-que-nous-offrons\/conference-nationale\"]}]},{\"@type\":\"ImageObject\",\"inLanguage\":\"fr-FR\",\"@id\":\"https:\/\/nationaltrustcanada.ca\/fr\/ce-que-nous-offrons\/conference-nationale#primaryimage\",\"url\":\"https:\/\/nationaltrustcanada.ca\/wp-content\/uploads\/2026\/02\/National-Trsut-Conference-2026-Waterloo-Region.jpg\",\"contentUrl\":\"https:\/\/nationaltrustcanada.ca\/wp-content\/uploads\/2026\/02\/National-Trsut-Conference-2026-Waterloo-Region.jpg\",\"width\":2560,\"height\":1440},{\"@type\":\"BreadcrumbList\",\"@id\":\"https:\/\/nationaltrustcanada.ca\/fr\/ce-que-nous-offrons\/conference-nationale#breadcrumb\",\"itemListElement\":[{\"@type\":\"ListItem\",\"position\":1,\"name\":\"Home\",\"item\":\"https:\/\/nationaltrustcanada.ca\/fr\"},{\"@type\":\"ListItem\",\"position\":2,\"name\":\"Ce que nous offrons\",\"item\":\"https:\/\/nationaltrustcanada.ca\/fr\/ce-que-nous-offrons\"},{\"@type\":\"ListItem\",\"position\":3,\"name\":\"Conf\u00e9rence nationale\"}]},{\"@type\":\"WebSite\",\"@id\":\"https:\/\/nationaltrustcanada.ca\/#website\",\"url\":\"https:\/\/nationaltrustcanada.ca\/\",\"name\":\"Fiducie nationale du Canada\",\"description\":\"Bringing Heritage to Life\",\"potentialAction\":[{\"@type\":\"SearchAction\",\"target\":{\"@type\":\"EntryPoint\",\"urlTemplate\":\"https:\/\/nationaltrustcanada.ca\/?s={search_term_string}\"},\"query-input\":{\"@type\":\"PropertyValueSpecification\",\"valueRequired\":true,\"valueName\":\"search_term_string\"}}],\"inLanguage\":\"fr-FR\"}]}<\/script>\n<!-- \/ Yoast SEO plugin. -->","yoast_head_json":{"title":"Conf\u00e9rence nationale - Fiducie nationale du Canada","robots":{"index":"index","follow":"follow","max-snippet":"max-snippet:-1","max-image-preview":"max-image-preview:large","max-video-preview":"max-video-preview:-1"},"canonical":"https:\/\/nationaltrustcanada.ca\/fr\/ce-que-nous-offrons\/conference-nationale","og_locale":"fr_FR","og_type":"article","og_title":"Conf\u00e9rence nationale - Fiducie nationale du Canada","og_description":"La conf\u00e9rence annuelle du Fiducie nationale est le plus grand \u00e9v\u00e9nement canadien consacr\u00e9 \u00e0 l&rsquo;apprentissage et au r\u00e9seautage dans le...","og_url":"https:\/\/nationaltrustcanada.ca\/fr\/ce-que-nous-offrons\/conference-nationale","og_site_name":"Fiducie nationale du Canada","article_modified_time":"2026-04-17T19:18:03+00:00","og_image":[{"width":2560,"height":1440,"url":"https:\/\/nationaltrustcanada.ca\/wp-content\/uploads\/2026\/02\/National-Trsut-Conference-2026-Waterloo-Region.jpg","type":"image\/jpeg"}],"twitter_card":"summary_large_image","twitter_misc":{"Dur\u00e9e de lecture estim\u00e9e":"4 minutes"},"schema":{"@context":"https:\/\/schema.org","@graph":[{"@type":"WebPage","@id":"https:\/\/nationaltrustcanada.ca\/fr\/ce-que-nous-offrons\/conference-nationale","url":"https:\/\/nationaltrustcanada.ca\/fr\/ce-que-nous-offrons\/conference-nationale","name":"Conf\u00e9rence nationale - Fiducie nationale du Canada","isPartOf":{"@id":"https:\/\/nationaltrustcanada.ca\/#website"},"primaryImageOfPage":{"@id":"https:\/\/nationaltrustcanada.ca\/fr\/ce-que-nous-offrons\/conference-nationale#primaryimage"},"image":{"@id":"https:\/\/nationaltrustcanada.ca\/fr\/ce-que-nous-offrons\/conference-nationale#primaryimage"},"thumbnailUrl":"https:\/\/nationaltrustcanada.ca\/wp-content\/uploads\/2026\/02\/National-Trsut-Conference-2026-Waterloo-Region.jpg","datePublished":"2017-09-11T14:31:58+00:00","dateModified":"2026-04-17T19:18:03+00:00","breadcrumb":{"@id":"https:\/\/nationaltrustcanada.ca\/fr\/ce-que-nous-offrons\/conference-nationale#breadcrumb"},"inLanguage":"fr-FR","potentialAction":[{"@type":"ReadAction","target":["https:\/\/nationaltrustcanada.ca\/fr\/ce-que-nous-offrons\/conference-nationale"]}]},{"@type":"ImageObject","inLanguage":"fr-FR","@id":"https:\/\/nationaltrustcanada.ca\/fr\/ce-que-nous-offrons\/conference-nationale#primaryimage","url":"https:\/\/nationaltrustcanada.ca\/wp-content\/uploads\/2026\/02\/National-Trsut-Conference-2026-Waterloo-Region.jpg","contentUrl":"https:\/\/nationaltrustcanada.ca\/wp-content\/uploads\/2026\/02\/National-Trsut-Conference-2026-Waterloo-Region.jpg","width":2560,"height":1440},{"@type":"BreadcrumbList","@id":"https:\/\/nationaltrustcanada.ca\/fr\/ce-que-nous-offrons\/conference-nationale#breadcrumb","itemListElement":[{"@type":"ListItem","position":1,"name":"Home","item":"https:\/\/nationaltrustcanada.ca\/fr"},{"@type":"ListItem","position":2,"name":"Ce que nous offrons","item":"https:\/\/nationaltrustcanada.ca\/fr\/ce-que-nous-offrons"},{"@type":"ListItem","position":3,"name":"Conf\u00e9rence nationale"}]},{"@type":"WebSite","@id":"https:\/\/nationaltrustcanada.ca\/#website","url":"https:\/\/nationaltrustcanada.ca\/","name":"Fiducie nationale du Canada","description":"Bringing Heritage to Life","potentialAction":[{"@type":"SearchAction","target":{"@type":"EntryPoint","urlTemplate":"https:\/\/nationaltrustcanada.ca\/?s={search_term_string}"},"query-input":{"@type":"PropertyValueSpecification","valueRequired":true,"valueName":"search_term_string"}}],"inLanguage":"fr-FR"}]}},"_links":{"self":[{"href":"https:\/\/nationaltrustcanada.ca\/fr\/wp-json\/wp\/v2\/pages\/1470","targetHints":{"allow":["GET"]}}],"collection":[{"href":"https:\/\/nationaltrustcanada.ca\/fr\/wp-json\/wp\/v2\/pages"}],"about":[{"href":"https:\/\/nationaltrustcanada.ca\/fr\/wp-json\/wp\/v2\/types\/page"}],"author":[{"embeddable":true,"href":"https:\/\/nationaltrustcanada.ca\/fr\/wp-json\/wp\/v2\/users\/4"}],"replies":[{"embeddable":true,"href":"https:\/\/nationaltrustcanada.ca\/fr\/wp-json\/wp\/v2\/comments?post=1470"}],"version-history":[{"count":245,"href":"https:\/\/nationaltrustcanada.ca\/fr\/wp-json\/wp\/v2\/pages\/1470\/revisions"}],"predecessor-version":[{"id":23548,"href":"https:\/\/nationaltrustcanada.ca\/fr\/wp-json\/wp\/v2\/pages\/1470\/revisions\/23548"}],"up":[{"embeddable":true,"href":"https:\/\/nationaltrustcanada.ca\/fr\/wp-json\/wp\/v2\/pages\/1307"}],"wp:featuredmedia":[{"embeddable":true,"href":"https:\/\/nationaltrustcanada.ca\/fr\/wp-json\/wp\/v2\/media\/23032"}],"wp:attachment":[{"href":"https:\/\/nationaltrustcanada.ca\/fr\/wp-json\/wp\/v2\/media?parent=1470"}],"curies":[{"name":"wp","href":"https:\/\/api.w.org\/{rel}","templated":true}]}}