{"id":1467,"date":"2017-09-11T14:29:20","date_gmt":"2017-09-11T14:29:20","guid":{"rendered":"http:\/\/nationaltrustcanada.ca?page_id=1467"},"modified":"2019-07-23T14:51:34","modified_gmt":"2019-07-23T18:51:34","slug":"regeneraction","status":"publish","type":"page","link":"https:\/\/nationaltrustcanada.ca\/fr\/ce-que-nous-offrons\/regeneraction","title":{"rendered":"R\u00e9g\u00e9n\u00e9raction"},"content":{"rendered":"<p>R\u00e9g\u00e9n\u00e9raction est un guichet unique o\u00f9 trouver des ressources, de la formation et de l\u2019accompagnement qui aideront des organisations et des collectivit\u00e9s \u00e0 rehausser la vitalit\u00e9 de leurs lieux historiques.<\/p>\n<p><a href=\"http:\/\/regenerationworks.ca\/fr\/auto-evaluation\/\" target=\"_blank\" rel=\"noopener noreferrer\">Une auto-\u00e9valuation<\/a> oriente les apprenants vers les outils et la formation qui leur conviennent.<\/p>\n<p><a href=\"http:\/\/regenerationworks.ca\/fr\/ressources\/\" target=\"_blank\" rel=\"noopener noreferrer\">Des ressources gratuites<\/a>, y compris fiches-conseils, \u00e9tudes de cas et blogues, offrent de l\u2019inspiration et des renseignements utiles.<\/p>\n<p><a href=\"http:\/\/regenerationworks.ca\/fr\/events\/\">Des activit\u00e9s d\u2019apprentissage<\/a> permettent d\u2019approfondir une vari\u00e9t\u00e9 de sujets, et des <a href=\"http:\/\/regenerationworks.ca\/fr\/services\/\" target=\"_blank\" rel=\"noopener noreferrer\">services personnalis\u00e9s de formation et d\u2019accompagnement<\/a> aident les organisations et les collectivit\u00e9s \u00e0 cerner des strat\u00e9gies cr\u00e9atives pour lib\u00e9rer le potentiel de leurs lieux historiques ou de leurs centres-villes traditionnels.<\/p>\n<p><a href=\"http:\/\/regenerationworks.ca\/fr\/\" target=\"_blank\" rel=\"noopener noreferrer\">SUITE<\/a><\/p>\n<p>&nbsp;<\/p>\n","protected":false},"excerpt":{"rendered":"<p>R\u00e9g\u00e9n\u00e9raction est un guichet unique o\u00f9 trouver des ressources, de la formation et de l\u2019accompagnement qui aideront des organisations et&#8230;<\/p>\n","protected":false},"author":4,"featured_media":1819,"parent":1307,"menu_order":10,"comment_status":"closed","ping_status":"closed","template":"template-parts\/template-toplevel.php","meta":{"_acf_changed":false,"footnotes":""},"class_list":["post-1467","page","type-page","status-publish","has-post-thumbnail","hentry"],"acf":[],"yoast_head":"<!-- This site is optimized with the Yoast SEO plugin v26.3 - https:\/\/yoast.com\/wordpress\/plugins\/seo\/ -->\n<title>R\u00e9g\u00e9n\u00e9raction - Fiducie nationale du Canada<\/title>\n<meta name=\"robots\" content=\"index, follow, max-snippet:-1, max-image-preview:large, max-video-preview:-1\" \/>\n<link rel=\"canonical\" href=\"https:\/\/nationaltrustcanada.ca\/fr\/ce-que-nous-offrons\/regeneraction\" \/>\n<meta property=\"og:locale\" content=\"fr_FR\" \/>\n<meta property=\"og:type\" content=\"article\" \/>\n<meta property=\"og:title\" content=\"R\u00e9g\u00e9n\u00e9raction - Fiducie nationale du Canada\" \/>\n<meta property=\"og:description\" content=\"R\u00e9g\u00e9n\u00e9raction est un guichet unique o\u00f9 trouver des ressources, de la formation et de l\u2019accompagnement qui aideront des organisations et...\" \/>\n<meta property=\"og:url\" content=\"https:\/\/nationaltrustcanada.ca\/fr\/ce-que-nous-offrons\/regeneraction\" \/>\n<meta property=\"og:site_name\" content=\"Fiducie nationale du Canada\" \/>\n<meta property=\"article:modified_time\" content=\"2019-07-23T18:51:34+00:00\" \/>\n<meta property=\"og:image\" content=\"https:\/\/nationaltrustcanada.ca\/wp-content\/uploads\/2017\/05\/RW1200x800.jpg\" \/>\n\t<meta property=\"og:image:width\" content=\"1200\" \/>\n\t<meta property=\"og:image:height\" content=\"800\" \/>\n\t<meta property=\"og:image:type\" content=\"image\/jpeg\" \/>\n<meta name=\"twitter:card\" content=\"summary_large_image\" \/>\n<meta name=\"twitter:label1\" content=\"Dur\u00e9e de lecture estim\u00e9e\" \/>\n\t<meta name=\"twitter:data1\" content=\"1 minute\" \/>\n<script type=\"application\/ld+json\" class=\"yoast-schema-graph\">{\"@context\":\"https:\/\/schema.org\",\"@graph\":[{\"@type\":\"WebPage\",\"@id\":\"https:\/\/nationaltrustcanada.ca\/fr\/ce-que-nous-offrons\/regeneraction\",\"url\":\"https:\/\/nationaltrustcanada.ca\/fr\/ce-que-nous-offrons\/regeneraction\",\"name\":\"R\u00e9g\u00e9n\u00e9raction - Fiducie nationale du Canada\",\"isPartOf\":{\"@id\":\"https:\/\/nationaltrustcanada.ca\/#website\"},\"primaryImageOfPage\":{\"@id\":\"https:\/\/nationaltrustcanada.ca\/fr\/ce-que-nous-offrons\/regeneraction#primaryimage\"},\"image\":{\"@id\":\"https:\/\/nationaltrustcanada.ca\/fr\/ce-que-nous-offrons\/regeneraction#primaryimage\"},\"thumbnailUrl\":\"https:\/\/nationaltrustcanada.ca\/wp-content\/uploads\/2017\/05\/RW1200x800.jpg\",\"datePublished\":\"2017-09-11T14:29:20+00:00\",\"dateModified\":\"2019-07-23T18:51:34+00:00\",\"breadcrumb\":{\"@id\":\"https:\/\/nationaltrustcanada.ca\/fr\/ce-que-nous-offrons\/regeneraction#breadcrumb\"},\"inLanguage\":\"fr-FR\",\"potentialAction\":[{\"@type\":\"ReadAction\",\"target\":[\"https:\/\/nationaltrustcanada.ca\/fr\/ce-que-nous-offrons\/regeneraction\"]}]},{\"@type\":\"ImageObject\",\"inLanguage\":\"fr-FR\",\"@id\":\"https:\/\/nationaltrustcanada.ca\/fr\/ce-que-nous-offrons\/regeneraction#primaryimage\",\"url\":\"https:\/\/nationaltrustcanada.ca\/wp-content\/uploads\/2017\/05\/RW1200x800.jpg\",\"contentUrl\":\"https:\/\/nationaltrustcanada.ca\/wp-content\/uploads\/2017\/05\/RW1200x800.jpg\",\"width\":1200,\"height\":800},{\"@type\":\"BreadcrumbList\",\"@id\":\"https:\/\/nationaltrustcanada.ca\/fr\/ce-que-nous-offrons\/regeneraction#breadcrumb\",\"itemListElement\":[{\"@type\":\"ListItem\",\"position\":1,\"name\":\"Home\",\"item\":\"https:\/\/nationaltrustcanada.ca\/fr\"},{\"@type\":\"ListItem\",\"position\":2,\"name\":\"Ce que nous offrons\",\"item\":\"https:\/\/nationaltrustcanada.ca\/fr\/ce-que-nous-offrons\"},{\"@type\":\"ListItem\",\"position\":3,\"name\":\"R\u00e9g\u00e9n\u00e9raction\"}]},{\"@type\":\"WebSite\",\"@id\":\"https:\/\/nationaltrustcanada.ca\/#website\",\"url\":\"https:\/\/nationaltrustcanada.ca\/\",\"name\":\"Fiducie nationale du Canada\",\"description\":\"Bringing Heritage to Life\",\"potentialAction\":[{\"@type\":\"SearchAction\",\"target\":{\"@type\":\"EntryPoint\",\"urlTemplate\":\"https:\/\/nationaltrustcanada.ca\/?s={search_term_string}\"},\"query-input\":{\"@type\":\"PropertyValueSpecification\",\"valueRequired\":true,\"valueName\":\"search_term_string\"}}],\"inLanguage\":\"fr-FR\"}]}<\/script>\n<!-- \/ Yoast SEO plugin. -->","yoast_head_json":{"title":"R\u00e9g\u00e9n\u00e9raction - Fiducie nationale du Canada","robots":{"index":"index","follow":"follow","max-snippet":"max-snippet:-1","max-image-preview":"max-image-preview:large","max-video-preview":"max-video-preview:-1"},"canonical":"https:\/\/nationaltrustcanada.ca\/fr\/ce-que-nous-offrons\/regeneraction","og_locale":"fr_FR","og_type":"article","og_title":"R\u00e9g\u00e9n\u00e9raction - Fiducie nationale du Canada","og_description":"R\u00e9g\u00e9n\u00e9raction est un guichet unique o\u00f9 trouver des ressources, de la formation et de l\u2019accompagnement qui aideront des organisations et...","og_url":"https:\/\/nationaltrustcanada.ca\/fr\/ce-que-nous-offrons\/regeneraction","og_site_name":"Fiducie nationale du Canada","article_modified_time":"2019-07-23T18:51:34+00:00","og_image":[{"width":1200,"height":800,"url":"https:\/\/nationaltrustcanada.ca\/wp-content\/uploads\/2017\/05\/RW1200x800.jpg","type":"image\/jpeg"}],"twitter_card":"summary_large_image","twitter_misc":{"Dur\u00e9e de lecture estim\u00e9e":"1 minute"},"schema":{"@context":"https:\/\/schema.org","@graph":[{"@type":"WebPage","@id":"https:\/\/nationaltrustcanada.ca\/fr\/ce-que-nous-offrons\/regeneraction","url":"https:\/\/nationaltrustcanada.ca\/fr\/ce-que-nous-offrons\/regeneraction","name":"R\u00e9g\u00e9n\u00e9raction - Fiducie nationale du Canada","isPartOf":{"@id":"https:\/\/nationaltrustcanada.ca\/#website"},"primaryImageOfPage":{"@id":"https:\/\/nationaltrustcanada.ca\/fr\/ce-que-nous-offrons\/regeneraction#primaryimage"},"image":{"@id":"https:\/\/nationaltrustcanada.ca\/fr\/ce-que-nous-offrons\/regeneraction#primaryimage"},"thumbnailUrl":"https:\/\/nationaltrustcanada.ca\/wp-content\/uploads\/2017\/05\/RW1200x800.jpg","datePublished":"2017-09-11T14:29:20+00:00","dateModified":"2019-07-23T18:51:34+00:00","breadcrumb":{"@id":"https:\/\/nationaltrustcanada.ca\/fr\/ce-que-nous-offrons\/regeneraction#breadcrumb"},"inLanguage":"fr-FR","potentialAction":[{"@type":"ReadAction","target":["https:\/\/nationaltrustcanada.ca\/fr\/ce-que-nous-offrons\/regeneraction"]}]},{"@type":"ImageObject","inLanguage":"fr-FR","@id":"https:\/\/nationaltrustcanada.ca\/fr\/ce-que-nous-offrons\/regeneraction#primaryimage","url":"https:\/\/nationaltrustcanada.ca\/wp-content\/uploads\/2017\/05\/RW1200x800.jpg","contentUrl":"https:\/\/nationaltrustcanada.ca\/wp-content\/uploads\/2017\/05\/RW1200x800.jpg","width":1200,"height":800},{"@type":"BreadcrumbList","@id":"https:\/\/nationaltrustcanada.ca\/fr\/ce-que-nous-offrons\/regeneraction#breadcrumb","itemListElement":[{"@type":"ListItem","position":1,"name":"Home","item":"https:\/\/nationaltrustcanada.ca\/fr"},{"@type":"ListItem","position":2,"name":"Ce que nous offrons","item":"https:\/\/nationaltrustcanada.ca\/fr\/ce-que-nous-offrons"},{"@type":"ListItem","position":3,"name":"R\u00e9g\u00e9n\u00e9raction"}]},{"@type":"WebSite","@id":"https:\/\/nationaltrustcanada.ca\/#website","url":"https:\/\/nationaltrustcanada.ca\/","name":"Fiducie nationale du Canada","description":"Bringing Heritage to Life","potentialAction":[{"@type":"SearchAction","target":{"@type":"EntryPoint","urlTemplate":"https:\/\/nationaltrustcanada.ca\/?s={search_term_string}"},"query-input":{"@type":"PropertyValueSpecification","valueRequired":true,"valueName":"search_term_string"}}],"inLanguage":"fr-FR"}]}},"_links":{"self":[{"href":"https:\/\/nationaltrustcanada.ca\/fr\/wp-json\/wp\/v2\/pages\/1467","targetHints":{"allow":["GET"]}}],"collection":[{"href":"https:\/\/nationaltrustcanada.ca\/fr\/wp-json\/wp\/v2\/pages"}],"about":[{"href":"https:\/\/nationaltrustcanada.ca\/fr\/wp-json\/wp\/v2\/types\/page"}],"author":[{"embeddable":true,"href":"https:\/\/nationaltrustcanada.ca\/fr\/wp-json\/wp\/v2\/users\/4"}],"replies":[{"embeddable":true,"href":"https:\/\/nationaltrustcanada.ca\/fr\/wp-json\/wp\/v2\/comments?post=1467"}],"version-history":[{"count":15,"href":"https:\/\/nationaltrustcanada.ca\/fr\/wp-json\/wp\/v2\/pages\/1467\/revisions"}],"predecessor-version":[{"id":7017,"href":"https:\/\/nationaltrustcanada.ca\/fr\/wp-json\/wp\/v2\/pages\/1467\/revisions\/7017"}],"up":[{"embeddable":true,"href":"https:\/\/nationaltrustcanada.ca\/fr\/wp-json\/wp\/v2\/pages\/1307"}],"wp:featuredmedia":[{"embeddable":true,"href":"https:\/\/nationaltrustcanada.ca\/fr\/wp-json\/wp\/v2\/media\/1819"}],"wp:attachment":[{"href":"https:\/\/nationaltrustcanada.ca\/fr\/wp-json\/wp\/v2\/media?parent=1467"}],"curies":[{"name":"wp","href":"https:\/\/api.w.org\/{rel}","templated":true}]}}