{"id":14643,"date":"2022-07-15T14:43:27","date_gmt":"2022-07-15T18:43:27","guid":{"rendered":"https:\/\/nationaltrustcanada.ca\/?page_id=14643"},"modified":"2023-06-01T10:44:15","modified_gmt":"2023-06-01T14:44:15","slug":"avantages-offerts-aux-membres","status":"publish","type":"page","link":"https:\/\/nationaltrustcanada.ca\/fr\/ce-que-vous-pouvez-faire\/devenez-membre\/avantages-offerts-aux-membres","title":{"rendered":"Avantages offerts aux membres"},"content":{"rendered":"<h4><strong>Trouvez de l\u2019inspiration<\/strong><\/h4>\n<p>Lisez <a href=\"https:\/\/nationaltrustcanada.ca\/fr\/category\/lemagazine\"><em>Locale<\/em><\/a>, notre magazine bilingue. Vou\u00e9 aux personnes et aux lieux qui font vivre le patrimoine,\u00a0<em>locale<\/em>\u00a0pr\u00e9sente des r\u00e9cits sur des immeubles, des sites et des collectivit\u00e9s qui ont \u00e9t\u00e9 r\u00e9g\u00e9n\u00e9r\u00e9s et renouvel\u00e9s avec succ\u00e8s, rend hommage aux champions du patrimoine et autres qui changent la donne, et met en vedette des destinations patrimoniales \u00e0 visiter et d\u00e9couvrir<\/p>\n<h4><strong>D\u00e9couvrez des destinations ravissantes<\/strong><\/h4>\n<p>Avec votre carte de membre, vous b\u00e9n\u00e9ficiez de l\u2019entr\u00e9e gratuite \u00e0 des lieux sp\u00e9ciaux qui racontent l\u2019histoire du Canada mieux qu\u2019aucun manuel scolaire \u2013 et \u00e0 plus de 1000 propri\u00e9t\u00e9s de fiducies nationales d\u2019autres pays.\u00a0Pour des renseignements sur les sites participants, voyez <a href=\"https:\/\/nationaltrustcanada.ca\/fr\/des-lieux-a-visiter\">DES LIEUX A VISITER<\/a><\/p>\n<table>\n<tbody>\n<tr>\n<td><img loading=\"lazy\" decoding=\"async\" class=\"wp-image-12128 alignleft\" src=\"https:\/\/nationaltrustcanada.ca\/wp-content\/uploads\/2021\/10\/INTO-logo-CMYK-.jpg\" alt=\"\" width=\"153\" height=\"209\" \/><\/td>\n<td>Visitez gratuitement plus de 1000 propri\u00e9t\u00e9s de fiducies nationales dans le monde entier. Trouvez la liste des pays participants \u00e0 <a style=\"font-family: inherit; font-size: inherit;\" href=\"https:\/\/www.into.org\/places\/\"><strong>INTO.org\/Places<\/strong><\/a><span style=\"font-family: inherit; font-size: inherit;\">.<\/span><\/td>\n<\/tr>\n<\/tbody>\n<\/table>\n<h4><strong>Rencontrez d\u2019autres amateurs de patrimoine<\/strong><\/h4>\n<p>B\u00e9n\u00e9ficiez d\u2019importantes r\u00e9ductions de tarif pour l\u2019inscription \u00e0 notre conf\u00e9rence annuelle &#8211; la plus grande rencontre de professionnels et b\u00e9n\u00e9voles du patrimoine au Canada. Prenez connaissance de r\u00e9ussites du patrimoine, d\u00e9couvrez les plus r\u00e9centes id\u00e9es en mati\u00e8re de conservation du patrimoine et de r\u00e9g\u00e9n\u00e9ration d\u2019un centre-ville, et faites connaissance avec des chefs de file et des professionnels de partout au pays. Pour en savoir plus, voyez <a href=\"https:\/\/nationaltrustcanada.ca\/fr\/ce-que-nous-offrons\/conference-nationale\">CONF\u00c9RENCE NATIONALE<\/a><\/p>\n<form action=\"\/what-you-can-do\/join\">\n<h4><strong>Apprentissage \u00e0 la carte<\/strong><\/h4>\n<p>Acc\u00e9dez \u00e0 des webinaires et \u00e0 des s\u00e9ances de conf\u00e9rence sur demande. Des webinaires sont ajout\u00e9s tous les mois. Tenez-vous \u00e0 jour sur un \u00e9ventail de sujets, depuis le financement jusqu\u2019au patrimoine autochtone. Comme membre, vous avez plein acc\u00e8s \u00e0 notre offre de possibilit\u00e9s d\u2019apprentissage toute l\u2019ann\u00e9e.<\/p>\n<p><input type=\"submit\" value=\"Devenez membre d\u00e8s aujourd\u2019hui\" \/><\/p>\n<\/form>\n<table width=\"100%\">\n<tbody>\n<tr>\n<td><strong style=\"font-family: inherit; font-size: inherit;\">L\u2019adh\u00e9sion individuelle \u2013 42 $\/ans:<\/strong><\/td>\n<\/tr>\n<tr>\n<td>\n<ul>\n<li>le magazine des membres de la Fiducie nationale, <em>Locale<\/em>;<\/li>\n<li>l\u2019entr\u00e9e gratuite \u00e0 plus de 100 lieux historiques au Canada ;<\/li>\n<li>l\u2019entr\u00e9e gratuite \u00e0 plus de 1000 propri\u00e9t\u00e9s de fiducies nationales en Angleterre, en \u00c9cosse et en Australie, entre autres, gr\u00e2ce au programme de visites INTO Places de l\u2019International National Trusts Organization ;<\/li>\n<li>des tarifs r\u00e9duits \u00e0 la Conf\u00e9rence de la Fiducie nationale.<\/li>\n<li>acc\u00e8s gratuit \u00e0 notre nouvelle offre de possibilit\u00e9s d\u2019apprentissage sur demande \u2013 Apprentissage \u00e0 la carte.<\/li>\n<\/ul>\n<\/td>\n<\/tr>\n<tr>\n<td><strong style=\"font-family: inherit; font-size: inherit;\">L\u2019adh\u00e9sion familiale \u2013 74 $\/ans:<\/strong><\/td>\n<\/tr>\n<tr>\n<td>\n<ul>\n<li>M\u00eames avantages qu&rsquo;en individuel, pour deux adultes et jusqu\u2019\u00e0 trois enfants de moins de 16 ans vivant tous \u00e0 la m\u00eame adresse.<\/li>\n<\/ul>\n<\/td>\n<\/tr>\n<tr>\n<td><strong style=\"font-family: inherit; font-size: inherit;\">L\u2019adh\u00e9sion d\u2019\u00e9tudiant \u2013 11 $\/ans:<\/strong><\/td>\n<\/tr>\n<tr>\n<td>\n<ul>\n<li>M\u00eames avantages qu&rsquo;en individuel pour un \u00e9tudiant<\/li>\n<\/ul>\n<\/td>\n<\/tr>\n<tr>\n<td><strong style=\"font-family: inherit; font-size: inherit;\">L\u2019adh\u00e9sion organisationnelle \u2013 158 $\/ans :<\/strong><\/td>\n<\/tr>\n<tr>\n<td>\n<ul>\n<li>Tarif r\u00e9duit pour jusqu\u2019\u00e0 5 d\u00e9l\u00e9gu\u00e9s \u00e0 la conf\u00e9rence annuelle de la Fiducie nationale;<\/li>\n<li>Deux abonnements au magazine des membres de la Fiducie nationale,\u00a0<em>Locale<\/em>.<\/li>\n<li>acc\u00e8s gratuit \u00e0 notre nouvelle offre de possibilit\u00e9s d\u2019apprentissage sur demande \u2013 Apprentissage \u00e0 la carte.<\/li>\n<\/ul>\n<\/td>\n<\/tr>\n<tr>\n<td><strong style=\"font-family: inherit; font-size: inherit;\">L\u2019adh\u00e9sion d\u2019organisme sans but lucratif &#8211; tarifs r\u00e9duits :<\/strong><\/td>\n<\/tr>\n<tr>\n<td>\n<ul>\n<li>Tarif r\u00e9duit pour jusqu\u2019\u00e0 5\u00a0d\u00e9l\u00e9gu\u00e9s \u00e0 la conf\u00e9rence annuelle de la Fiducie nationale ;<\/li>\n<li>Deux abonnements au magazine des membres de la Fiducie nationale,\u00a0<em>Locale<\/em><\/li>\n<li>acc\u00e8s gratuit \u00e0 notre nouvelle offre de possibilit\u00e9s d\u2019apprentissage sur demande \u2013 Apprentissage \u00e0 la carte.<\/li>\n<\/ul>\n<p>La cotisation d\u2019organisme sans but lucratif est \u00e9tablie selon une \u00e9chelle mobile.<\/p>\n<table>\n<tbody>\n<tr>\n<td><strong>Budget annuel<\/strong><\/td>\n<td><strong>Tarif<\/strong><\/td>\n<\/tr>\n<tr>\n<td>0 $ \u00e0 100 000 $<\/td>\n<td>63 $\/ans<\/td>\n<\/tr>\n<tr>\n<td>100 000 $ \u00e0 299 999 $<\/td>\n<td>100 $\/ans<\/td>\n<\/tr>\n<tr>\n<td>300 000 $ \u00e0 749 000 $<\/td>\n<td>126 $\/ans<\/td>\n<\/tr>\n<tr>\n<td>&gt; 750 000 $<\/td>\n<td>158 $\/ans<\/td>\n<\/tr>\n<\/tbody>\n<\/table>\n<p><input type=\"submit\" value=\"Devenez membre d\u00e8s aujourd\u2019hui\" \/><\/td>\n<\/tr>\n<\/tbody>\n<\/table>\n","protected":false},"excerpt":{"rendered":"<p>Trouvez de l\u2019inspiration Lisez Locale, notre magazine bilingue. Vou\u00e9 aux personnes et aux lieux qui font vivre le patrimoine,\u00a0locale\u00a0pr\u00e9sente des&#8230;<\/p>\n","protected":false},"author":15,"featured_media":0,"parent":1324,"menu_order":0,"comment_status":"closed","ping_status":"closed","template":"","meta":{"_acf_changed":false,"footnotes":""},"class_list":["post-14643","page","type-page","status-publish","hentry"],"acf":[],"yoast_head":"<!-- This site is optimized with the Yoast SEO plugin v26.3 - https:\/\/yoast.com\/wordpress\/plugins\/seo\/ -->\n<title>Avantages offerts aux membres - Fiducie nationale du Canada<\/title>\n<meta name=\"robots\" content=\"index, follow, max-snippet:-1, max-image-preview:large, max-video-preview:-1\" \/>\n<link rel=\"canonical\" href=\"https:\/\/nationaltrustcanada.ca\/fr\/ce-que-vous-pouvez-faire\/devenez-membre\/avantages-offerts-aux-membres\" \/>\n<meta property=\"og:locale\" content=\"fr_FR\" \/>\n<meta property=\"og:type\" content=\"article\" \/>\n<meta property=\"og:title\" content=\"Avantages offerts aux membres - Fiducie nationale du Canada\" \/>\n<meta property=\"og:description\" content=\"Trouvez de l\u2019inspiration Lisez Locale, notre magazine bilingue. Vou\u00e9 aux personnes et aux lieux qui font vivre le patrimoine,\u00a0locale\u00a0pr\u00e9sente des...\" \/>\n<meta property=\"og:url\" content=\"https:\/\/nationaltrustcanada.ca\/fr\/ce-que-vous-pouvez-faire\/devenez-membre\/avantages-offerts-aux-membres\" \/>\n<meta property=\"og:site_name\" content=\"Fiducie nationale du Canada\" \/>\n<meta property=\"article:modified_time\" content=\"2023-06-01T14:44:15+00:00\" \/>\n<meta property=\"og:image\" content=\"https:\/\/nationaltrustcanada.ca\/wp-content\/uploads\/2021\/10\/INTO-logo-CMYK-.jpg\" \/>\n<meta name=\"twitter:card\" content=\"summary_large_image\" \/>\n<meta name=\"twitter:label1\" content=\"Dur\u00e9e de lecture estim\u00e9e\" \/>\n\t<meta name=\"twitter:data1\" content=\"3 minutes\" \/>\n<script type=\"application\/ld+json\" class=\"yoast-schema-graph\">{\"@context\":\"https:\/\/schema.org\",\"@graph\":[{\"@type\":\"WebPage\",\"@id\":\"https:\/\/nationaltrustcanada.ca\/fr\/ce-que-vous-pouvez-faire\/devenez-membre\/avantages-offerts-aux-membres\",\"url\":\"https:\/\/nationaltrustcanada.ca\/fr\/ce-que-vous-pouvez-faire\/devenez-membre\/avantages-offerts-aux-membres\",\"name\":\"Avantages offerts aux membres - Fiducie nationale du Canada\",\"isPartOf\":{\"@id\":\"https:\/\/nationaltrustcanada.ca\/#website\"},\"primaryImageOfPage\":{\"@id\":\"https:\/\/nationaltrustcanada.ca\/fr\/ce-que-vous-pouvez-faire\/devenez-membre\/avantages-offerts-aux-membres#primaryimage\"},\"image\":{\"@id\":\"https:\/\/nationaltrustcanada.ca\/fr\/ce-que-vous-pouvez-faire\/devenez-membre\/avantages-offerts-aux-membres#primaryimage\"},\"thumbnailUrl\":\"https:\/\/nationaltrustcanada.ca\/wp-content\/uploads\/2021\/10\/INTO-logo-CMYK-.jpg\",\"datePublished\":\"2022-07-15T18:43:27+00:00\",\"dateModified\":\"2023-06-01T14:44:15+00:00\",\"breadcrumb\":{\"@id\":\"https:\/\/nationaltrustcanada.ca\/fr\/ce-que-vous-pouvez-faire\/devenez-membre\/avantages-offerts-aux-membres#breadcrumb\"},\"inLanguage\":\"fr-FR\",\"potentialAction\":[{\"@type\":\"ReadAction\",\"target\":[\"https:\/\/nationaltrustcanada.ca\/fr\/ce-que-vous-pouvez-faire\/devenez-membre\/avantages-offerts-aux-membres\"]}]},{\"@type\":\"ImageObject\",\"inLanguage\":\"fr-FR\",\"@id\":\"https:\/\/nationaltrustcanada.ca\/fr\/ce-que-vous-pouvez-faire\/devenez-membre\/avantages-offerts-aux-membres#primaryimage\",\"url\":\"https:\/\/nationaltrustcanada.ca\/wp-content\/uploads\/2021\/10\/INTO-logo-CMYK-.jpg\",\"contentUrl\":\"https:\/\/nationaltrustcanada.ca\/wp-content\/uploads\/2021\/10\/INTO-logo-CMYK-.jpg\"},{\"@type\":\"BreadcrumbList\",\"@id\":\"https:\/\/nationaltrustcanada.ca\/fr\/ce-que-vous-pouvez-faire\/devenez-membre\/avantages-offerts-aux-membres#breadcrumb\",\"itemListElement\":[{\"@type\":\"ListItem\",\"position\":1,\"name\":\"Home\",\"item\":\"https:\/\/nationaltrustcanada.ca\/fr\"},{\"@type\":\"ListItem\",\"position\":2,\"name\":\"Ce que vous pouvez faire\",\"item\":\"https:\/\/nationaltrustcanada.ca\/fr\/ce-que-vous-pouvez-faire\"},{\"@type\":\"ListItem\",\"position\":3,\"name\":\"Devenez membre\",\"item\":\"https:\/\/nationaltrustcanada.ca\/fr\/ce-que-vous-pouvez-faire\/devenez-membre\"},{\"@type\":\"ListItem\",\"position\":4,\"name\":\"Avantages offerts aux membres\"}]},{\"@type\":\"WebSite\",\"@id\":\"https:\/\/nationaltrustcanada.ca\/#website\",\"url\":\"https:\/\/nationaltrustcanada.ca\/\",\"name\":\"Fiducie nationale du Canada\",\"description\":\"Bringing Heritage to Life\",\"potentialAction\":[{\"@type\":\"SearchAction\",\"target\":{\"@type\":\"EntryPoint\",\"urlTemplate\":\"https:\/\/nationaltrustcanada.ca\/?s={search_term_string}\"},\"query-input\":{\"@type\":\"PropertyValueSpecification\",\"valueRequired\":true,\"valueName\":\"search_term_string\"}}],\"inLanguage\":\"fr-FR\"}]}<\/script>\n<!-- \/ Yoast SEO plugin. -->","yoast_head_json":{"title":"Avantages offerts aux membres - Fiducie nationale du Canada","robots":{"index":"index","follow":"follow","max-snippet":"max-snippet:-1","max-image-preview":"max-image-preview:large","max-video-preview":"max-video-preview:-1"},"canonical":"https:\/\/nationaltrustcanada.ca\/fr\/ce-que-vous-pouvez-faire\/devenez-membre\/avantages-offerts-aux-membres","og_locale":"fr_FR","og_type":"article","og_title":"Avantages offerts aux membres - Fiducie nationale du Canada","og_description":"Trouvez de l\u2019inspiration Lisez Locale, notre magazine bilingue. Vou\u00e9 aux personnes et aux lieux qui font vivre le patrimoine,\u00a0locale\u00a0pr\u00e9sente des...","og_url":"https:\/\/nationaltrustcanada.ca\/fr\/ce-que-vous-pouvez-faire\/devenez-membre\/avantages-offerts-aux-membres","og_site_name":"Fiducie nationale du Canada","article_modified_time":"2023-06-01T14:44:15+00:00","og_image":[{"url":"https:\/\/nationaltrustcanada.ca\/wp-content\/uploads\/2021\/10\/INTO-logo-CMYK-.jpg","type":"","width":"","height":""}],"twitter_card":"summary_large_image","twitter_misc":{"Dur\u00e9e de lecture estim\u00e9e":"3 minutes"},"schema":{"@context":"https:\/\/schema.org","@graph":[{"@type":"WebPage","@id":"https:\/\/nationaltrustcanada.ca\/fr\/ce-que-vous-pouvez-faire\/devenez-membre\/avantages-offerts-aux-membres","url":"https:\/\/nationaltrustcanada.ca\/fr\/ce-que-vous-pouvez-faire\/devenez-membre\/avantages-offerts-aux-membres","name":"Avantages offerts aux membres - Fiducie nationale du Canada","isPartOf":{"@id":"https:\/\/nationaltrustcanada.ca\/#website"},"primaryImageOfPage":{"@id":"https:\/\/nationaltrustcanada.ca\/fr\/ce-que-vous-pouvez-faire\/devenez-membre\/avantages-offerts-aux-membres#primaryimage"},"image":{"@id":"https:\/\/nationaltrustcanada.ca\/fr\/ce-que-vous-pouvez-faire\/devenez-membre\/avantages-offerts-aux-membres#primaryimage"},"thumbnailUrl":"https:\/\/nationaltrustcanada.ca\/wp-content\/uploads\/2021\/10\/INTO-logo-CMYK-.jpg","datePublished":"2022-07-15T18:43:27+00:00","dateModified":"2023-06-01T14:44:15+00:00","breadcrumb":{"@id":"https:\/\/nationaltrustcanada.ca\/fr\/ce-que-vous-pouvez-faire\/devenez-membre\/avantages-offerts-aux-membres#breadcrumb"},"inLanguage":"fr-FR","potentialAction":[{"@type":"ReadAction","target":["https:\/\/nationaltrustcanada.ca\/fr\/ce-que-vous-pouvez-faire\/devenez-membre\/avantages-offerts-aux-membres"]}]},{"@type":"ImageObject","inLanguage":"fr-FR","@id":"https:\/\/nationaltrustcanada.ca\/fr\/ce-que-vous-pouvez-faire\/devenez-membre\/avantages-offerts-aux-membres#primaryimage","url":"https:\/\/nationaltrustcanada.ca\/wp-content\/uploads\/2021\/10\/INTO-logo-CMYK-.jpg","contentUrl":"https:\/\/nationaltrustcanada.ca\/wp-content\/uploads\/2021\/10\/INTO-logo-CMYK-.jpg"},{"@type":"BreadcrumbList","@id":"https:\/\/nationaltrustcanada.ca\/fr\/ce-que-vous-pouvez-faire\/devenez-membre\/avantages-offerts-aux-membres#breadcrumb","itemListElement":[{"@type":"ListItem","position":1,"name":"Home","item":"https:\/\/nationaltrustcanada.ca\/fr"},{"@type":"ListItem","position":2,"name":"Ce que vous pouvez faire","item":"https:\/\/nationaltrustcanada.ca\/fr\/ce-que-vous-pouvez-faire"},{"@type":"ListItem","position":3,"name":"Devenez membre","item":"https:\/\/nationaltrustcanada.ca\/fr\/ce-que-vous-pouvez-faire\/devenez-membre"},{"@type":"ListItem","position":4,"name":"Avantages offerts aux membres"}]},{"@type":"WebSite","@id":"https:\/\/nationaltrustcanada.ca\/#website","url":"https:\/\/nationaltrustcanada.ca\/","name":"Fiducie nationale du Canada","description":"Bringing Heritage to Life","potentialAction":[{"@type":"SearchAction","target":{"@type":"EntryPoint","urlTemplate":"https:\/\/nationaltrustcanada.ca\/?s={search_term_string}"},"query-input":{"@type":"PropertyValueSpecification","valueRequired":true,"valueName":"search_term_string"}}],"inLanguage":"fr-FR"}]}},"_links":{"self":[{"href":"https:\/\/nationaltrustcanada.ca\/fr\/wp-json\/wp\/v2\/pages\/14643","targetHints":{"allow":["GET"]}}],"collection":[{"href":"https:\/\/nationaltrustcanada.ca\/fr\/wp-json\/wp\/v2\/pages"}],"about":[{"href":"https:\/\/nationaltrustcanada.ca\/fr\/wp-json\/wp\/v2\/types\/page"}],"author":[{"embeddable":true,"href":"https:\/\/nationaltrustcanada.ca\/fr\/wp-json\/wp\/v2\/users\/15"}],"replies":[{"embeddable":true,"href":"https:\/\/nationaltrustcanada.ca\/fr\/wp-json\/wp\/v2\/comments?post=14643"}],"version-history":[{"count":4,"href":"https:\/\/nationaltrustcanada.ca\/fr\/wp-json\/wp\/v2\/pages\/14643\/revisions"}],"predecessor-version":[{"id":17187,"href":"https:\/\/nationaltrustcanada.ca\/fr\/wp-json\/wp\/v2\/pages\/14643\/revisions\/17187"}],"up":[{"embeddable":true,"href":"https:\/\/nationaltrustcanada.ca\/fr\/wp-json\/wp\/v2\/pages\/1324"}],"wp:attachment":[{"href":"https:\/\/nationaltrustcanada.ca\/fr\/wp-json\/wp\/v2\/media?parent=14643"}],"curies":[{"name":"wp","href":"https:\/\/api.w.org\/{rel}","templated":true}]}}