{"id":1464,"date":"2017-09-11T14:24:27","date_gmt":"2017-09-11T14:24:27","guid":{"rendered":"http:\/\/nationaltrustcanada.ca?page_id=1464"},"modified":"2025-12-23T12:34:46","modified_gmt":"2025-12-23T17:34:46","slug":"jeuness-canada-au-travail","status":"publish","type":"page","link":"https:\/\/nationaltrustcanada.ca\/fr\/ce-que-nous-offrons\/jeuness-canada-au-travail","title":{"rendered":"Jeunesse Canada au travail"},"content":{"rendered":"<h2>Les candidatures pour le JCT sont d\u00e9sormais ouvertes. Postulez entre le 14 novembre 2025 et le 15 janvier 2026.<\/h2>\n<p>&nbsp;<\/p>\n\n<h2><\/h2>\n<p>&nbsp;<\/p>\n<h2>La Fiducie nationale du Canada cherche de pairs \u00e9valuateurs JCT<\/h2>\n<p>La Fiducie nationale du Canada est \u00e0 la recherche de b\u00e9n\u00e9voles pour participer au Comit\u00e9 d\u2019\u00e9valuation par les pairs de JCT.<\/p>\n<p><strong>Pourquoi participer?<\/strong><\/p>\n<ul>\n<li>Faire partie d\u2019un comit\u00e9 d\u2019\u00e9valuation est une excellente fa\u00e7on d\u2019appuyer le secteur du patrimoine b\u00e2ti et les jeunes qui participent au programme JCT<\/li>\n<li>\u00catre expos\u00e9 \u00e0 des demandes de projets vari\u00e9s et novateurs provenant de tout le Canada<\/li>\n<li>Une meilleure compr\u00e9hension des programmes JCT et le processus de financement<\/li>\n<li>Une modeste honoraire en guise d\u2019appr\u00e9ciation pour votre contribution<\/li>\n<\/ul>\n<p><strong>Crit\u00e8res d\u2019admissibilit\u00e9 :<\/strong><\/p>\n<ul>\n<li>\u00catre un professionnel du secteur du patrimoine b\u00e2ti (employ\u00e9, b\u00e9n\u00e9vole, ou \u00e0 retraite d\u2019un organisme patrimonial canadien)<\/li>\n<li>Parler couramment une langue officielle (toutefois, si vous pouvez examiner les demandes dans les deux langues officielles, c\u2019est pr\u00e9f\u00e9rable)<\/li>\n<li>Pouvoir consacrer entre 20 et 35 heures pour l\u2019\u00e9valuation des demandes de projets au cours de la p\u00e9riode d\u2019\u00e9valuation (Au mois de f\u00e9vrier)<\/li>\n<\/ul>\n<p><strong>\u00c7a vous int\u00e9resse?<\/strong> Faites-nous parvenir un bref courriel au ycw@fiducienationalecanada.ca avec les renseignements suivants :<\/p>\n<ul>\n<li>Vos coordonn\u00e9es<\/li>\n<li>Votre exp\u00e9rience dans le secteur du patrimoine b\u00e2ti<\/li>\n<li>Une liste de vos employeurs ou vos partenaires dans le secteur du patrimoine b\u00e2ti, actuels et au pass\u00e9 (afin d\u2019\u00e9viter des conflits d\u2019int\u00e9r\u00eats)<\/li>\n<li>Votre capacit\u00e9 pour \u00e9valuer les demandes dans l\u2019une ou l\u2019autre (ou les deux) des langues officielles (fran\u00e7ais et anglais)<\/li>\n<li>Le nombre d\u2019heures que vous pourrez consacrer au processus d\u2019\u00e9valuation<\/li>\n<\/ul>\n<p>Jeunesse Canada au travail (JCT) cr\u00e9e des emplois int\u00e9ressants pour les jeunes dans le secteur du patrimoine b\u00e2ti, en aidant les employeurs qui fournissent des emplois d\u2019\u00e9t\u00e9 ou des stages en recherche historique, en interpr\u00e9tation de site patrimonial ou dans l\u2019organisation d\u2019activit\u00e9s Portes ouvertes, entre autres.<\/p>\n<p>JCT fait l\u2019objet d\u2019une collaboration entre la Fiducie nationale du Canada et le minist\u00e8re du Patrimoine canadien. Le programme aide les employeurs \u00e0 cr\u00e9er et \u00e0 financer des emplois, et leur donne acc\u00e8s \u00e0 un bassin d\u2019\u00e9tudiants admissibles \u00e0 la recherche d\u2019un emploi, partout au pays.<\/p>\n<p>Besoin de conseils pour am\u00e9liorer votre candidature ? Appelez notre agent JCT, au 613-237-1066 (ou sans frais 1-866-964-1066) poste 223 ou envoyez un <a href=\"YCW@fiducienationalecanada.ca\">courriel \u00a0!<\/a><\/p>\n<p>La Fiducie nationale du Canada est fi\u00e8re d\u2019offrir le programme Jeunesse Canada au travail (JCT) qui fournit des emplois d\u2019\u00e9t\u00e9 et des stages, dans le cadre d\u2019une initiative conjointe avec le minist\u00e8re du Patrimoine canadien. Deux volets sont propos\u00e9s sous l\u2019\u00e9gide de la FN\u00a0: JCT dans les \u00e9tablissements du patrimoine (JCT-EP); et JCT pour une carri\u00e8re vou\u00e9e au patrimoine (JCT-CVP).<\/p>\n<p><a href=\"https:\/\/www.canada.ca\/home.html\" target=\"_blank\" rel=\"noopener noreferrer\"><img loading=\"lazy\" decoding=\"async\" class=\"alignnone wp-image-868 size-full\" src=\"https:\/\/nationaltrustcanada.ca\/wp-content\/uploads\/2017\/08\/YCW_ProjectCanada.jpg\" alt=\"\" width=\"450\" height=\"82\" srcset=\"https:\/\/nationaltrustcanada.ca\/wp-content\/uploads\/2017\/08\/YCW_ProjectCanada.jpg 450w, https:\/\/nationaltrustcanada.ca\/wp-content\/uploads\/2017\/08\/YCW_ProjectCanada-300x55.jpg 300w\" sizes=\"auto, (max-width: 450px) 100vw, 450px\" \/><\/a><\/p>\n<h5>*Veuillez noter que les exigences, les d\u00e9tails, les limites et la logistique pour le financement son sujets \u00e0 changement*<\/h5>\n<h3>Le programme JCT vous int\u00e9resse? Voici ce que vous devez savoir\u00a0:<\/h3>\n<table width=\"100%\">\n<tbody>\n<tr>\n<td width=\"20%\">Programme<\/td>\n<td width=\"40%\">JCT dans les \u00e9tablissements du patrimoine (JCT-EP)<\/td>\n<td width=\"40%\">JCT pour une carri\u00e8re vou\u00e9e au patrimoine (JCT-CVP)<\/td>\n<\/tr>\n<tr>\n<td>Combien d\u2019emplois sont-ils cr\u00e9\u00e9s?<\/td>\n<td><strong>150<\/strong> emplois en moyenne<\/td>\n<td><strong>30<\/strong> emplois en moyenne<\/td>\n<\/tr>\n<tr>\n<td>Quelles sont les organisations qui peuvent pr\u00e9senter une demande?<\/td>\n<td>La priorit\u00e9 de la Fiducie nationale est de financer des organisations du secteur du patrimoine b\u00e2ti, du secteur des lieux historiques et de secteurs connexes, au Canada.<\/p>\n<p>Veuillez consulter les <a href=\"https:\/\/www.canada.ca\/fr\/patrimoine-canadien\/services\/financement\/jeunesse-canada-travail\/employeurs\/etablissements-patrimoine-employeurs\/criteres-evaluation-employeurs-emplois.html\" target=\"_blank\" rel=\"noopener noreferrer\">crit\u00e8res d\u2019admissibilit\u00e9 de JCT\u2011EP<\/a>, dans le site Web de JCT.<\/td>\n<td>La priorit\u00e9 de la Fiducie nationale est de financer des organisations du secteur du patrimoine b\u00e2ti, du secteur des lieux historiques et de secteurs connexes, au Canada.<\/p>\n<p>Veuillez consulter les <a href=\"https:\/\/www.canada.ca\/fr\/patrimoine-canadien\/services\/financement\/jeunesse-canada-travail\/employeurs\/carriere-patrimoine-employeurs.html\" target=\"_blank\" rel=\"noopener noreferrer\">crit\u00e8res d\u2019admissibilit\u00e9 de JCT\u2011CVP<\/a>, dans le site Web de JCT.<\/td>\n<\/tr>\n<tr>\n<td>Qui sont les jeunes participants?<\/td>\n<td>Les emplois d\u2019\u00e9t\u00e9 sont destin\u00e9s \u00e0 des \u00e9tudiants \u00e0 temps plein (16 &#8211; 30 ans)<\/p>\n<p>Voir les crit\u00e8res d\u2019admissibilit\u00e9 pour les participants \u00e0 JCT <a href=\"https:\/\/www.canada.ca\/en\/canadian-heritage\/services\/funding\/young-canada-works\/students-graduates\/heritage-organizations-students.html\" target=\"_blank\" rel=\"noopener noreferrer\">ici<\/a>.<\/td>\n<td>Les stages sont destin\u00e9s \u00e0 des dipl\u00f4m\u00e9s d\u2019\u00e9tudes postsecondaires (16 &#8211; 30 ans).<\/p>\n<p>Voir les crit\u00e8res d\u2019admissibilit\u00e9 pour les participants \u00e0 JCT <a href=\"https:\/\/www.canada.ca\/en\/canadian-heritage\/services\/funding\/young-canada-works\/students-graduates\/careers-heritage-graduates.html\" target=\"_blank\" rel=\"noopener noreferrer\">ici<\/a>.<\/td>\n<\/tr>\n<tr>\n<td>Dur\u00e9e des emplois ou stages<\/td>\n<td>\n<ul>\n<li>6 \u00e0 16 semaines (temps plein)<\/li>\n<li>Temps partiel (peut durer + 16 semaines \u00e0 condition qu&rsquo;il soit compl\u00e9t\u00e9 au cours de l&rsquo;exercice)<\/li>\n<li><strong>L\u2019emploi\u00a0doit \u00eatre pr\u00e9vu enti\u00e8rement au cours de l\u2019exercice du gouvernement du Canada (entre le 1<sup>er<\/sup>\u00a0avril et le 31\u00a0mars).<\/strong><\/li>\n<\/ul>\n<\/td>\n<td>\n<ul>\n<li>4 \u00e0 12 mois<\/li>\n<li><strong>Le stage doit \u00eatre pr\u00e9vu enti\u00e8rement au cours de l\u2019exercice du gouvernement du Canada (entre le 1<sup>er<\/sup>\u00a0avril et le 31\u00a0mars).<\/strong><\/li>\n<\/ul>\n<\/td>\n<\/tr>\n<tr>\n<td>\u00c0 quel montant est-ce que le financement peut s\u2019\u00e9lever?<\/td>\n<td>\n<ul>\n<li>JCT <span lang=\"FR-CA\">\u00a0<\/span><span lang=\"FR-CA\">verse g\u00e9n\u00e9ralement environ 50\u00a0% des co\u00fbts admissibles li\u00e9s \u00e0 l\u2019emploi (salaires, avantages sociaux et autres d\u00e9penses admissibles) et peut, lorsque c&rsquo;est justifi\u00e9, subventionner jusqu&rsquo;\u00e0 75\u00a0% des co\u00fbts admissibles.<\/span><\/li>\n<li>10,000 $ par emploi au maximum<\/li>\n<\/ul>\n<\/td>\n<td>\n<ul>\n<li>JCT verse g\u00e9n\u00e9ralement environ 50 % des co\u00fbts admissibles li\u00e9s au stage (salaires, avantages sociaux et autres d\u00e9penses admissibles) et peut, lorsque c&rsquo;est justifi\u00e9, subventionner jusqu&rsquo;\u00e0 75 % des co\u00fbts admissibles. Au moins 80 % de la contribution de JCT est r\u00e9serv\u00e9 au salaire et allocations du stagiaire.<\/li>\n<li>15 000 $ par emploi au maximum<\/li>\n<\/ul>\n<\/td>\n<\/tr>\n<tr>\n<td>Est-ce que des projets \u00e0 l\u2019\u00e9tranger sont admissibles?<\/td>\n<td>Non. Dans tous les cas, le lieu de travail doit \u00eatre au sein d\u2019organisations du patrimoine au Canada.<\/td>\n<td>Non. Dans tous les cas, le lieu de travail doit \u00eatre au sein d\u2019organisations du patrimoine au Canada.<\/td>\n<\/tr>\n<tr>\n<td>Quels sont les genres d\u2019emplois qui peuvent \u00eatre financ\u00e9s?<\/td>\n<td colspan=\"2\">La Fiducie nationale du Canada peut soutenir tout emploi se rapportant au patrimoine b\u00e2ti, par exemple dans les domaines suivants\u00a0:<\/p>\n<ul>\n<li>planification du patrimoine b\u00e2ti;<\/li>\n<li>restauration du patrimoine;<\/li>\n<li>interpr\u00e9tation historique;<\/li>\n<li>tourisme patrimonial;<\/li>\n<li>projets Portes ouvertes;<\/li>\n<li>Rues principales Canada;<\/li>\n<li>administration et marketing de lieux historiques.<\/li>\n<\/ul>\n<p>\u00c0 noter, le programme JCT de la Fiducie nationale ne finance pas des emplois li\u00e9s \u00e0 l\u2019entretien g\u00e9n\u00e9ral, \u00e0 l\u2019intendance ou \u00e0 l\u2019entretien de terrain.<\/td>\n<\/tr>\n<tr>\n<td>Comment est-ce qu\u2019on pr\u00e9sente une demande?<\/td>\n<td colspan=\"2\">Soumettez une demande en ligne \u00e0 <a href=\"https:\/\/jeunesse-canada-travail.canada.ca\/Account\/Login\" target=\"_blank\" rel=\"noopener noreferrer\">jeunesse-canada-travail.canada.ca<\/a>, avant la date limite.<\/p>\n<p>La Fiducie nationale recommande vivement aux employeurs de pr\u00e9parer et sauvegarder le contenu de leur demande dans un fichier Word ou texte avant de remplir la demande en ligne.<\/td>\n<\/tr>\n<tr>\n<td>Prochaine date limite des demandes<\/td>\n<td colspan=\"2\">Date limite pour appliquer pour les emplois d&rsquo;\u00e9t\u00e9 JCT-EP :<strong> 15 Janvier 2026<\/strong><\/p>\n<p>Date limite pour appliquer pour les stages JCT-CVP :<strong> 15 Janvier 2026<\/strong><\/td>\n<\/tr>\n<tr>\n<td>Comment les demandes des employeurs sont-elles examin\u00e9es et choisies?<\/td>\n<td colspan=\"2\">Tous les postes sont \u00e9valu\u00e9s par un comit\u00e9 d\u2019examen par des pairs compos\u00e9 de professionnels du patrimoine b\u00e2ti. Le choix est fait en fonction des crit\u00e8res fix\u00e9s par le minist\u00e8re du Patrimoine canadien.<\/p>\n<p>Crit\u00e8res de s\u00e9lection\u00a0:<\/p>\n<ul>\n<li><span style=\"color: #333333;\"><a href=\"https:\/\/www.canada.ca\/fr\/patrimoine-canadien\/services\/financement\/jeunesse-canada-travail\/employeurs\/etablissements-patrimoine-employeurs\/criteres-evaluation-employeurs-emplois.html\" target=\"_blank\" rel=\"noopener noreferrer\">Emplois d\u2019\u00e9t\u00e9<\/a> JCT-EP<\/span><\/li>\n<li><span style=\"color: #333333;\"><a href=\"https:\/\/www.canada.ca\/fr\/patrimoine-canadien\/services\/financement\/jeunesse-canada-travail\/employeurs\/carriere-patrimoine-employeurs.html\" target=\"_blank\" rel=\"noopener noreferrer\">Stages<\/a> JCT-CVP<\/span><\/li>\n<\/ul>\n<\/td>\n<\/tr>\n<tr>\n<td>Quand les d\u00e9cisions sont-elles annonc\u00e9es?<\/td>\n<td colspan=\"2\">Le processus d\u2019examen et d\u2019\u00e9valuation par des pairs exige au moins 2\u00a0mois.<\/p>\n<p>Tous les employeurs qui pr\u00e9sentent une demande recevront une r\u00e9ponse.<\/td>\n<\/tr>\n<tr>\n<td>Quelles sont les normes de service du programme JCT?<\/td>\n<td colspan=\"2\"><strong>Accus\u00e9 de r\u00e9ception<\/strong><br \/>\nNous accusons r\u00e9ception d\u2019une demande dans un d\u00e9lai de 10\u00a0jours civils.<strong>D\u00e9cision<\/strong><br \/>\nNous visons \u00e0 communiquer officiellement la d\u00e9cision de financement dans les 10\u00a0semaines suivant la date limite des demandes.<strong>Contrats d\u2019employeur JCT<\/strong><br \/>\nNous \u00e9tablirons un contrat \u00e0 signer par l\u2019employeur JCT dans les 15 jours civils suivant l\u2019approbation de tous les candidats et la r\u00e9ception de tous les renseignements requis.<strong>Paiement<\/strong><br \/>\nLes paiements seront vers\u00e9s dans les 21\u00a0jours civils suivant l\u2019ex\u00e9cution des exigences pr\u00e9vues par le contrat sign\u00e9 avec l\u2019employeur JCT.<\/td>\n<\/tr>\n<tr>\n<td>Si mon organisation est retenue, quelles formalit\u00e9s administratives est-ce que je devrai remplir?<\/td>\n<td colspan=\"2\">Les employeurs approuv\u00e9s doivent signer un contrat et remplir des rapports au d\u00e9but et \u00e0 la fin des emplois.<\/p>\n<p>Les modalit\u00e9s sont indiqu\u00e9es seront partag\u00e9es avec les applicants s\u00e9lectionn\u00e9s.<\/td>\n<\/tr>\n<tr>\n<td>Comment les jeunes participants sont-ils choisis?<\/td>\n<td colspan=\"2\">Il revient aux employeurs approuv\u00e9s de faire leur propre recrutement.<\/p>\n<p>Les employeurs doivent recruter des personnes pour les postes approuv\u00e9s en recourant \u00e0 un processus de s\u00e9lection \u00e9quitable et \u00e9quilibr\u00e9 (c\u2019est-\u00e0-dire, concours ouvert et choix sans discrimination parmi les candidats admissibles), et ils doivent donner une r\u00e9ponse aux candidats dans un d\u00e9lai raisonnable.<\/p>\n<p>Les employeurs doivent s\u2019assurer que leurs candidats sont inscrits dans le site Web interactif de JCT. Ce bassin de candidats est une ressource en ligne aux fins du recrutement effectu\u00e9 par les employeurs pour leurs postes JCT.<\/p>\n<p>Les crit\u00e8res d\u2019admissibilit\u00e9 au programme d\u2019emplois d\u2019\u00e9t\u00e9 de JCT se trouvent <a href=\"https:\/\/www.canada.ca\/fr\/patrimoine-canadien\/services\/financement\/jeunesse-canada-travail\/etudiants-diplomes\/etablissements-patrimoine-etudiants.html\" target=\"_blank\" rel=\"noopener noreferrer\">ici<\/a>, et les crit\u00e8res pour les stages JCT se trouvent <a href=\"https:\/\/www.canada.ca\/fr\/patrimoine-canadien\/services\/financement\/jeunesse-canada-travail\/etudiants-diplomes\/carriere-vouee-patrimoine-diplomes.html\" target=\"_blank\" rel=\"noopener noreferrer\">ici<\/a>.<\/td>\n<\/tr>\n<tr>\n<td>Autres ressources<\/td>\n<td colspan=\"2\">Le <a href=\"https:\/\/www.canada.ca\/fr\/patrimoine-canadien\/services\/financement\/jeunesse-canada-travail\/employeurs\/guide-employeur.html\" target=\"_blank\" rel=\"noopener noreferrer\">guide de l\u2019employeur<\/a> pr\u00e9sente des pr\u00e9cisions sur les programmes JCT.<\/p>\n<p>Les organisations suivantes offrent aussi le programme JCT dans le secteur du patrimoine\u00a0:<\/p>\n<ul>\n<li><a href=\"http:\/\/asted.org\/\" target=\"_blank\" rel=\"noopener noreferrer\"><span style=\"color: #333333;\">Association pour l\u2019avancement des sciences et des techniques de la documentation<\/span><\/a><\/li>\n<li><a href=\"http:\/\/www.cdncouncilarchives.ca\/\" target=\"_blank\" rel=\"noopener noreferrer\"><span style=\"color: #333333;\">Conseil canadien des archives<\/span><\/a><\/li>\n<li><span style=\"color: #333333;\"><a href=\"https:\/\/www.culturalhrc.ca\/index-f.php\" target=\"_blank\" rel=\"noopener noreferrer\">Conseil des ressources humaines du secteur culturel<\/a> (JCT-CVP seulement)<\/span><\/li>\n<li><a href=\"http:\/\/www.musees.ca\/\" target=\"_blank\" rel=\"noopener noreferrer\"><span style=\"color: #333333;\">Association des mus\u00e9es canadiens<\/span><\/a><\/li>\n<\/ul>\n<\/td>\n<\/tr>\n<tr>\n<td>Est-ce que votre projet JCT a \u00e9t\u00e9 un succ\u00e8s?<\/td>\n<td colspan=\"2\">La Fiducie nationale du Canada voudrait conna\u00eetre vos r\u00e9ussites! Nous vous invitons \u00e0 nous envoyer un <a href=\"mailto:cmackenzie@fiducienationalecanada.ca\">courriel<\/a> \u00e0 propos de votre exp\u00e9rience.<\/td>\n<\/tr>\n<tr>\n<td>Des questions?<\/td>\n<td colspan=\"2\"><a href=\"mailto:YCW@fiducienationalecanada.ca\">YCW@fiducienationalecanada.ca<\/a><\/p>\n<p>613-237-1066<\/td>\n<\/tr>\n<\/tbody>\n<\/table>\n","protected":false},"excerpt":{"rendered":"<p>Les candidatures pour le JCT sont d\u00e9sormais ouvertes. Postulez entre le 14 novembre 2025 et le 15 janvier 2026. &nbsp;&#8230;<\/p>\n","protected":false},"author":4,"featured_media":18095,"parent":1307,"menu_order":1,"comment_status":"closed","ping_status":"closed","template":"","meta":{"_acf_changed":false,"footnotes":""},"class_list":["post-1464","page","type-page","status-publish","has-post-thumbnail","hentry"],"acf":[],"yoast_head":"<!-- This site is optimized with the Yoast SEO plugin v26.3 - https:\/\/yoast.com\/wordpress\/plugins\/seo\/ -->\n<title>Jeunesse Canada au travail - Fiducie nationale du Canada<\/title>\n<meta name=\"robots\" content=\"index, follow, max-snippet:-1, max-image-preview:large, max-video-preview:-1\" \/>\n<link rel=\"canonical\" href=\"https:\/\/nationaltrustcanada.ca\/fr\/ce-que-nous-offrons\/jeuness-canada-au-travail\" \/>\n<meta property=\"og:locale\" content=\"fr_FR\" \/>\n<meta property=\"og:type\" content=\"article\" \/>\n<meta property=\"og:title\" content=\"Jeunesse Canada au travail - Fiducie nationale du Canada\" \/>\n<meta property=\"og:description\" content=\"Les candidatures pour le JCT sont d\u00e9sormais ouvertes. Postulez entre le 14 novembre 2025 et le 15 janvier 2026. &nbsp;...\" \/>\n<meta property=\"og:url\" content=\"https:\/\/nationaltrustcanada.ca\/fr\/ce-que-nous-offrons\/jeuness-canada-au-travail\" \/>\n<meta property=\"og:site_name\" content=\"Fiducie nationale du Canada\" \/>\n<meta property=\"article:modified_time\" content=\"2025-12-23T17:34:46+00:00\" \/>\n<meta property=\"og:image\" content=\"https:\/\/nationaltrustcanada.ca\/wp-content\/uploads\/2023\/11\/YCW_EmailBanner_Mot-Symbole-Canda-1063x347x.jpg\" \/>\n\t<meta property=\"og:image:width\" content=\"1063\" \/>\n\t<meta property=\"og:image:height\" content=\"347\" \/>\n\t<meta property=\"og:image:type\" content=\"image\/jpeg\" \/>\n<meta name=\"twitter:card\" content=\"summary_large_image\" \/>\n<meta name=\"twitter:label1\" content=\"Dur\u00e9e de lecture estim\u00e9e\" \/>\n\t<meta name=\"twitter:data1\" content=\"7 minutes\" \/>\n<script type=\"application\/ld+json\" class=\"yoast-schema-graph\">{\"@context\":\"https:\/\/schema.org\",\"@graph\":[{\"@type\":\"WebPage\",\"@id\":\"https:\/\/nationaltrustcanada.ca\/fr\/ce-que-nous-offrons\/jeuness-canada-au-travail\",\"url\":\"https:\/\/nationaltrustcanada.ca\/fr\/ce-que-nous-offrons\/jeuness-canada-au-travail\",\"name\":\"Jeunesse Canada au travail - Fiducie nationale du Canada\",\"isPartOf\":{\"@id\":\"https:\/\/nationaltrustcanada.ca\/#website\"},\"primaryImageOfPage\":{\"@id\":\"https:\/\/nationaltrustcanada.ca\/fr\/ce-que-nous-offrons\/jeuness-canada-au-travail#primaryimage\"},\"image\":{\"@id\":\"https:\/\/nationaltrustcanada.ca\/fr\/ce-que-nous-offrons\/jeuness-canada-au-travail#primaryimage\"},\"thumbnailUrl\":\"https:\/\/nationaltrustcanada.ca\/wp-content\/uploads\/2023\/11\/YCW_EmailBanner_Mot-Symbole-Canda-1063x347x.jpg\",\"datePublished\":\"2017-09-11T14:24:27+00:00\",\"dateModified\":\"2025-12-23T17:34:46+00:00\",\"breadcrumb\":{\"@id\":\"https:\/\/nationaltrustcanada.ca\/fr\/ce-que-nous-offrons\/jeuness-canada-au-travail#breadcrumb\"},\"inLanguage\":\"fr-FR\",\"potentialAction\":[{\"@type\":\"ReadAction\",\"target\":[\"https:\/\/nationaltrustcanada.ca\/fr\/ce-que-nous-offrons\/jeuness-canada-au-travail\"]}]},{\"@type\":\"ImageObject\",\"inLanguage\":\"fr-FR\",\"@id\":\"https:\/\/nationaltrustcanada.ca\/fr\/ce-que-nous-offrons\/jeuness-canada-au-travail#primaryimage\",\"url\":\"https:\/\/nationaltrustcanada.ca\/wp-content\/uploads\/2023\/11\/YCW_EmailBanner_Mot-Symbole-Canda-1063x347x.jpg\",\"contentUrl\":\"https:\/\/nationaltrustcanada.ca\/wp-content\/uploads\/2023\/11\/YCW_EmailBanner_Mot-Symbole-Canda-1063x347x.jpg\",\"width\":1063,\"height\":347},{\"@type\":\"BreadcrumbList\",\"@id\":\"https:\/\/nationaltrustcanada.ca\/fr\/ce-que-nous-offrons\/jeuness-canada-au-travail#breadcrumb\",\"itemListElement\":[{\"@type\":\"ListItem\",\"position\":1,\"name\":\"Home\",\"item\":\"https:\/\/nationaltrustcanada.ca\/fr\"},{\"@type\":\"ListItem\",\"position\":2,\"name\":\"Ce que nous offrons\",\"item\":\"https:\/\/nationaltrustcanada.ca\/fr\/ce-que-nous-offrons\"},{\"@type\":\"ListItem\",\"position\":3,\"name\":\"Jeunesse Canada au travail\"}]},{\"@type\":\"WebSite\",\"@id\":\"https:\/\/nationaltrustcanada.ca\/#website\",\"url\":\"https:\/\/nationaltrustcanada.ca\/\",\"name\":\"Fiducie nationale du Canada\",\"description\":\"Bringing Heritage to Life\",\"potentialAction\":[{\"@type\":\"SearchAction\",\"target\":{\"@type\":\"EntryPoint\",\"urlTemplate\":\"https:\/\/nationaltrustcanada.ca\/?s={search_term_string}\"},\"query-input\":{\"@type\":\"PropertyValueSpecification\",\"valueRequired\":true,\"valueName\":\"search_term_string\"}}],\"inLanguage\":\"fr-FR\"}]}<\/script>\n<!-- \/ Yoast SEO plugin. -->","yoast_head_json":{"title":"Jeunesse Canada au travail - Fiducie nationale du Canada","robots":{"index":"index","follow":"follow","max-snippet":"max-snippet:-1","max-image-preview":"max-image-preview:large","max-video-preview":"max-video-preview:-1"},"canonical":"https:\/\/nationaltrustcanada.ca\/fr\/ce-que-nous-offrons\/jeuness-canada-au-travail","og_locale":"fr_FR","og_type":"article","og_title":"Jeunesse Canada au travail - Fiducie nationale du Canada","og_description":"Les candidatures pour le JCT sont d\u00e9sormais ouvertes. Postulez entre le 14 novembre 2025 et le 15 janvier 2026. &nbsp;...","og_url":"https:\/\/nationaltrustcanada.ca\/fr\/ce-que-nous-offrons\/jeuness-canada-au-travail","og_site_name":"Fiducie nationale du Canada","article_modified_time":"2025-12-23T17:34:46+00:00","og_image":[{"width":1063,"height":347,"url":"https:\/\/nationaltrustcanada.ca\/wp-content\/uploads\/2023\/11\/YCW_EmailBanner_Mot-Symbole-Canda-1063x347x.jpg","type":"image\/jpeg"}],"twitter_card":"summary_large_image","twitter_misc":{"Dur\u00e9e de lecture estim\u00e9e":"7 minutes"},"schema":{"@context":"https:\/\/schema.org","@graph":[{"@type":"WebPage","@id":"https:\/\/nationaltrustcanada.ca\/fr\/ce-que-nous-offrons\/jeuness-canada-au-travail","url":"https:\/\/nationaltrustcanada.ca\/fr\/ce-que-nous-offrons\/jeuness-canada-au-travail","name":"Jeunesse Canada au travail - Fiducie nationale du Canada","isPartOf":{"@id":"https:\/\/nationaltrustcanada.ca\/#website"},"primaryImageOfPage":{"@id":"https:\/\/nationaltrustcanada.ca\/fr\/ce-que-nous-offrons\/jeuness-canada-au-travail#primaryimage"},"image":{"@id":"https:\/\/nationaltrustcanada.ca\/fr\/ce-que-nous-offrons\/jeuness-canada-au-travail#primaryimage"},"thumbnailUrl":"https:\/\/nationaltrustcanada.ca\/wp-content\/uploads\/2023\/11\/YCW_EmailBanner_Mot-Symbole-Canda-1063x347x.jpg","datePublished":"2017-09-11T14:24:27+00:00","dateModified":"2025-12-23T17:34:46+00:00","breadcrumb":{"@id":"https:\/\/nationaltrustcanada.ca\/fr\/ce-que-nous-offrons\/jeuness-canada-au-travail#breadcrumb"},"inLanguage":"fr-FR","potentialAction":[{"@type":"ReadAction","target":["https:\/\/nationaltrustcanada.ca\/fr\/ce-que-nous-offrons\/jeuness-canada-au-travail"]}]},{"@type":"ImageObject","inLanguage":"fr-FR","@id":"https:\/\/nationaltrustcanada.ca\/fr\/ce-que-nous-offrons\/jeuness-canada-au-travail#primaryimage","url":"https:\/\/nationaltrustcanada.ca\/wp-content\/uploads\/2023\/11\/YCW_EmailBanner_Mot-Symbole-Canda-1063x347x.jpg","contentUrl":"https:\/\/nationaltrustcanada.ca\/wp-content\/uploads\/2023\/11\/YCW_EmailBanner_Mot-Symbole-Canda-1063x347x.jpg","width":1063,"height":347},{"@type":"BreadcrumbList","@id":"https:\/\/nationaltrustcanada.ca\/fr\/ce-que-nous-offrons\/jeuness-canada-au-travail#breadcrumb","itemListElement":[{"@type":"ListItem","position":1,"name":"Home","item":"https:\/\/nationaltrustcanada.ca\/fr"},{"@type":"ListItem","position":2,"name":"Ce que nous offrons","item":"https:\/\/nationaltrustcanada.ca\/fr\/ce-que-nous-offrons"},{"@type":"ListItem","position":3,"name":"Jeunesse Canada au travail"}]},{"@type":"WebSite","@id":"https:\/\/nationaltrustcanada.ca\/#website","url":"https:\/\/nationaltrustcanada.ca\/","name":"Fiducie nationale du Canada","description":"Bringing Heritage to Life","potentialAction":[{"@type":"SearchAction","target":{"@type":"EntryPoint","urlTemplate":"https:\/\/nationaltrustcanada.ca\/?s={search_term_string}"},"query-input":{"@type":"PropertyValueSpecification","valueRequired":true,"valueName":"search_term_string"}}],"inLanguage":"fr-FR"}]}},"_links":{"self":[{"href":"https:\/\/nationaltrustcanada.ca\/fr\/wp-json\/wp\/v2\/pages\/1464","targetHints":{"allow":["GET"]}}],"collection":[{"href":"https:\/\/nationaltrustcanada.ca\/fr\/wp-json\/wp\/v2\/pages"}],"about":[{"href":"https:\/\/nationaltrustcanada.ca\/fr\/wp-json\/wp\/v2\/types\/page"}],"author":[{"embeddable":true,"href":"https:\/\/nationaltrustcanada.ca\/fr\/wp-json\/wp\/v2\/users\/4"}],"replies":[{"embeddable":true,"href":"https:\/\/nationaltrustcanada.ca\/fr\/wp-json\/wp\/v2\/comments?post=1464"}],"version-history":[{"count":74,"href":"https:\/\/nationaltrustcanada.ca\/fr\/wp-json\/wp\/v2\/pages\/1464\/revisions"}],"predecessor-version":[{"id":22653,"href":"https:\/\/nationaltrustcanada.ca\/fr\/wp-json\/wp\/v2\/pages\/1464\/revisions\/22653"}],"up":[{"embeddable":true,"href":"https:\/\/nationaltrustcanada.ca\/fr\/wp-json\/wp\/v2\/pages\/1307"}],"wp:featuredmedia":[{"embeddable":true,"href":"https:\/\/nationaltrustcanada.ca\/fr\/wp-json\/wp\/v2\/media\/18095"}],"wp:attachment":[{"href":"https:\/\/nationaltrustcanada.ca\/fr\/wp-json\/wp\/v2\/media?parent=1464"}],"curies":[{"name":"wp","href":"https:\/\/api.w.org\/{rel}","templated":true}]}}