{"id":1457,"date":"2017-09-09T14:14:41","date_gmt":"2017-09-09T14:14:41","guid":{"rendered":"http:\/\/nationaltrustcanada.ca?page_id=1457"},"modified":"2020-07-30T10:38:23","modified_gmt":"2020-07-30T14:38:23","slug":"des-fonds-pour-les-lieux-historiques","status":"publish","type":"page","link":"https:\/\/nationaltrustcanada.ca\/fr\/ce-que-nous-offrons\/des-fonds-pour-les-lieux-historiques","title":{"rendered":"Des fonds pour les lieux historiques"},"content":{"rendered":"<p>Nous savons qu\u2019il faut des fonds pour que ces merveilleux lieux historiques restent viables. La Fiducie nationale veut y aider.<\/p>\n<p><a href=\"https:\/\/regenerationworks.ca\/fr\/sources-de-financement\/\" target=\"_blank\" rel=\"noopener noreferrer\">L\u2019outil de recherche de fonds de la Fiducie nationale<\/a> fournit des renseignements, y compris des coordonn\u00e9es pertinentes, sur les fondations, les entreprises et les instances gouvernementales qui soutiennent la conservation du patrimoine ainsi que sur les activit\u00e9s et les programmes li\u00e9s \u00e0 des lieux historiques.<\/p>\n<p><a href=\"https:\/\/regenerationworks.ca\/fr\/sources-de-financement\/\" target=\"_blank\" rel=\"noopener noreferrer\">EN SAVOIR PLUS<\/a><\/p>\n<p><a href=\"https:\/\/thisplacematters.ca\/fr\/\" rel=\"noopener noreferrer\" target=\"_blank\">CE LIEU IMPORTE<\/a> est le concours innovateur de sociofinancement cr\u00e9\u00e9 par la Fiducie nationale du Canada. Il rallie les membres de la communaut\u00e9 en vue de recueillir des fonds et de sensibiliser le public afin de sauver et renouveler de pr\u00e9cieux lieux historiques tout en suscitant la fiert\u00e9 communautaire. Depuis 2015, 89 collectivit\u00e9s ont utilis\u00e9 ce site Web innovateur de sociofinancement pour recueillir plus de 1,4 millions de dollars. Il n&rsquo;y a pas de concours en cours, mais visitez <a href=\"https:\/\/thisplacematters.ca\/fr\/\" rel=\"noopener noreferrer\" target=\"_blank\">celieuimporte.ca<\/a> pour d\u00e9couvrir les r\u00e9ussites du sociofinancement.<\/p>\n<p><a href=\"https:\/\/thisplacematters.ca\/fr\/\" target=\"_blank\" rel=\"noopener noreferrer\">EN SAVOIR PLUS<\/a><\/p>\n","protected":false},"excerpt":{"rendered":"<p>Nous savons qu\u2019il faut des fonds pour que ces merveilleux lieux historiques restent viables. La Fiducie nationale veut y aider&#8230;.<\/p>\n","protected":false},"author":4,"featured_media":1813,"parent":1307,"menu_order":0,"comment_status":"closed","ping_status":"closed","template":"template-parts\/template-toplevel.php","meta":{"_acf_changed":false,"footnotes":""},"class_list":["post-1457","page","type-page","status-publish","has-post-thumbnail","hentry"],"acf":[],"yoast_head":"<!-- This site is optimized with the Yoast SEO plugin v26.3 - https:\/\/yoast.com\/wordpress\/plugins\/seo\/ -->\n<title>Des fonds pour les lieux historiques - Fiducie nationale du Canada<\/title>\n<meta name=\"robots\" content=\"index, follow, max-snippet:-1, max-image-preview:large, max-video-preview:-1\" \/>\n<link rel=\"canonical\" href=\"https:\/\/nationaltrustcanada.ca\/fr\/ce-que-nous-offrons\/des-fonds-pour-les-lieux-historiques\" \/>\n<meta property=\"og:locale\" content=\"fr_FR\" \/>\n<meta property=\"og:type\" content=\"article\" \/>\n<meta property=\"og:title\" content=\"Des fonds pour les lieux historiques - Fiducie nationale du Canada\" \/>\n<meta property=\"og:description\" content=\"Nous savons qu\u2019il faut des fonds pour que ces merveilleux lieux historiques restent viables. La Fiducie nationale veut y aider....\" \/>\n<meta property=\"og:url\" content=\"https:\/\/nationaltrustcanada.ca\/fr\/ce-que-nous-offrons\/des-fonds-pour-les-lieux-historiques\" \/>\n<meta property=\"og:site_name\" content=\"Fiducie nationale du Canada\" \/>\n<meta property=\"article:modified_time\" content=\"2020-07-30T14:38:23+00:00\" \/>\n<meta property=\"og:image\" content=\"https:\/\/nationaltrustcanada.ca\/wp-content\/uploads\/2017\/01\/PiggyBank1200.jpg\" \/>\n\t<meta property=\"og:image:width\" content=\"1200\" \/>\n\t<meta property=\"og:image:height\" content=\"794\" \/>\n\t<meta property=\"og:image:type\" content=\"image\/jpeg\" \/>\n<meta name=\"twitter:card\" content=\"summary_large_image\" \/>\n<meta name=\"twitter:label1\" content=\"Dur\u00e9e de lecture estim\u00e9e\" \/>\n\t<meta name=\"twitter:data1\" content=\"1 minute\" \/>\n<script type=\"application\/ld+json\" class=\"yoast-schema-graph\">{\"@context\":\"https:\/\/schema.org\",\"@graph\":[{\"@type\":\"WebPage\",\"@id\":\"https:\/\/nationaltrustcanada.ca\/fr\/ce-que-nous-offrons\/des-fonds-pour-les-lieux-historiques\",\"url\":\"https:\/\/nationaltrustcanada.ca\/fr\/ce-que-nous-offrons\/des-fonds-pour-les-lieux-historiques\",\"name\":\"Des fonds pour les lieux historiques - Fiducie nationale du Canada\",\"isPartOf\":{\"@id\":\"https:\/\/nationaltrustcanada.ca\/#website\"},\"primaryImageOfPage\":{\"@id\":\"https:\/\/nationaltrustcanada.ca\/fr\/ce-que-nous-offrons\/des-fonds-pour-les-lieux-historiques#primaryimage\"},\"image\":{\"@id\":\"https:\/\/nationaltrustcanada.ca\/fr\/ce-que-nous-offrons\/des-fonds-pour-les-lieux-historiques#primaryimage\"},\"thumbnailUrl\":\"https:\/\/nationaltrustcanada.ca\/wp-content\/uploads\/2017\/01\/PiggyBank1200.jpg\",\"datePublished\":\"2017-09-09T14:14:41+00:00\",\"dateModified\":\"2020-07-30T14:38:23+00:00\",\"breadcrumb\":{\"@id\":\"https:\/\/nationaltrustcanada.ca\/fr\/ce-que-nous-offrons\/des-fonds-pour-les-lieux-historiques#breadcrumb\"},\"inLanguage\":\"fr-FR\",\"potentialAction\":[{\"@type\":\"ReadAction\",\"target\":[\"https:\/\/nationaltrustcanada.ca\/fr\/ce-que-nous-offrons\/des-fonds-pour-les-lieux-historiques\"]}]},{\"@type\":\"ImageObject\",\"inLanguage\":\"fr-FR\",\"@id\":\"https:\/\/nationaltrustcanada.ca\/fr\/ce-que-nous-offrons\/des-fonds-pour-les-lieux-historiques#primaryimage\",\"url\":\"https:\/\/nationaltrustcanada.ca\/wp-content\/uploads\/2017\/01\/PiggyBank1200.jpg\",\"contentUrl\":\"https:\/\/nationaltrustcanada.ca\/wp-content\/uploads\/2017\/01\/PiggyBank1200.jpg\",\"width\":1200,\"height\":794},{\"@type\":\"BreadcrumbList\",\"@id\":\"https:\/\/nationaltrustcanada.ca\/fr\/ce-que-nous-offrons\/des-fonds-pour-les-lieux-historiques#breadcrumb\",\"itemListElement\":[{\"@type\":\"ListItem\",\"position\":1,\"name\":\"Home\",\"item\":\"https:\/\/nationaltrustcanada.ca\/fr\"},{\"@type\":\"ListItem\",\"position\":2,\"name\":\"Ce que nous offrons\",\"item\":\"https:\/\/nationaltrustcanada.ca\/fr\/ce-que-nous-offrons\"},{\"@type\":\"ListItem\",\"position\":3,\"name\":\"Des fonds pour les lieux historiques\"}]},{\"@type\":\"WebSite\",\"@id\":\"https:\/\/nationaltrustcanada.ca\/#website\",\"url\":\"https:\/\/nationaltrustcanada.ca\/\",\"name\":\"Fiducie nationale du Canada\",\"description\":\"Bringing Heritage to Life\",\"potentialAction\":[{\"@type\":\"SearchAction\",\"target\":{\"@type\":\"EntryPoint\",\"urlTemplate\":\"https:\/\/nationaltrustcanada.ca\/?s={search_term_string}\"},\"query-input\":{\"@type\":\"PropertyValueSpecification\",\"valueRequired\":true,\"valueName\":\"search_term_string\"}}],\"inLanguage\":\"fr-FR\"}]}<\/script>\n<!-- \/ Yoast SEO plugin. -->","yoast_head_json":{"title":"Des fonds pour les lieux historiques - Fiducie nationale du Canada","robots":{"index":"index","follow":"follow","max-snippet":"max-snippet:-1","max-image-preview":"max-image-preview:large","max-video-preview":"max-video-preview:-1"},"canonical":"https:\/\/nationaltrustcanada.ca\/fr\/ce-que-nous-offrons\/des-fonds-pour-les-lieux-historiques","og_locale":"fr_FR","og_type":"article","og_title":"Des fonds pour les lieux historiques - Fiducie nationale du Canada","og_description":"Nous savons qu\u2019il faut des fonds pour que ces merveilleux lieux historiques restent viables. La Fiducie nationale veut y aider....","og_url":"https:\/\/nationaltrustcanada.ca\/fr\/ce-que-nous-offrons\/des-fonds-pour-les-lieux-historiques","og_site_name":"Fiducie nationale du Canada","article_modified_time":"2020-07-30T14:38:23+00:00","og_image":[{"width":1200,"height":794,"url":"https:\/\/nationaltrustcanada.ca\/wp-content\/uploads\/2017\/01\/PiggyBank1200.jpg","type":"image\/jpeg"}],"twitter_card":"summary_large_image","twitter_misc":{"Dur\u00e9e de lecture estim\u00e9e":"1 minute"},"schema":{"@context":"https:\/\/schema.org","@graph":[{"@type":"WebPage","@id":"https:\/\/nationaltrustcanada.ca\/fr\/ce-que-nous-offrons\/des-fonds-pour-les-lieux-historiques","url":"https:\/\/nationaltrustcanada.ca\/fr\/ce-que-nous-offrons\/des-fonds-pour-les-lieux-historiques","name":"Des fonds pour les lieux historiques - Fiducie nationale du Canada","isPartOf":{"@id":"https:\/\/nationaltrustcanada.ca\/#website"},"primaryImageOfPage":{"@id":"https:\/\/nationaltrustcanada.ca\/fr\/ce-que-nous-offrons\/des-fonds-pour-les-lieux-historiques#primaryimage"},"image":{"@id":"https:\/\/nationaltrustcanada.ca\/fr\/ce-que-nous-offrons\/des-fonds-pour-les-lieux-historiques#primaryimage"},"thumbnailUrl":"https:\/\/nationaltrustcanada.ca\/wp-content\/uploads\/2017\/01\/PiggyBank1200.jpg","datePublished":"2017-09-09T14:14:41+00:00","dateModified":"2020-07-30T14:38:23+00:00","breadcrumb":{"@id":"https:\/\/nationaltrustcanada.ca\/fr\/ce-que-nous-offrons\/des-fonds-pour-les-lieux-historiques#breadcrumb"},"inLanguage":"fr-FR","potentialAction":[{"@type":"ReadAction","target":["https:\/\/nationaltrustcanada.ca\/fr\/ce-que-nous-offrons\/des-fonds-pour-les-lieux-historiques"]}]},{"@type":"ImageObject","inLanguage":"fr-FR","@id":"https:\/\/nationaltrustcanada.ca\/fr\/ce-que-nous-offrons\/des-fonds-pour-les-lieux-historiques#primaryimage","url":"https:\/\/nationaltrustcanada.ca\/wp-content\/uploads\/2017\/01\/PiggyBank1200.jpg","contentUrl":"https:\/\/nationaltrustcanada.ca\/wp-content\/uploads\/2017\/01\/PiggyBank1200.jpg","width":1200,"height":794},{"@type":"BreadcrumbList","@id":"https:\/\/nationaltrustcanada.ca\/fr\/ce-que-nous-offrons\/des-fonds-pour-les-lieux-historiques#breadcrumb","itemListElement":[{"@type":"ListItem","position":1,"name":"Home","item":"https:\/\/nationaltrustcanada.ca\/fr"},{"@type":"ListItem","position":2,"name":"Ce que nous offrons","item":"https:\/\/nationaltrustcanada.ca\/fr\/ce-que-nous-offrons"},{"@type":"ListItem","position":3,"name":"Des fonds pour les lieux historiques"}]},{"@type":"WebSite","@id":"https:\/\/nationaltrustcanada.ca\/#website","url":"https:\/\/nationaltrustcanada.ca\/","name":"Fiducie nationale du Canada","description":"Bringing Heritage to Life","potentialAction":[{"@type":"SearchAction","target":{"@type":"EntryPoint","urlTemplate":"https:\/\/nationaltrustcanada.ca\/?s={search_term_string}"},"query-input":{"@type":"PropertyValueSpecification","valueRequired":true,"valueName":"search_term_string"}}],"inLanguage":"fr-FR"}]}},"_links":{"self":[{"href":"https:\/\/nationaltrustcanada.ca\/fr\/wp-json\/wp\/v2\/pages\/1457","targetHints":{"allow":["GET"]}}],"collection":[{"href":"https:\/\/nationaltrustcanada.ca\/fr\/wp-json\/wp\/v2\/pages"}],"about":[{"href":"https:\/\/nationaltrustcanada.ca\/fr\/wp-json\/wp\/v2\/types\/page"}],"author":[{"embeddable":true,"href":"https:\/\/nationaltrustcanada.ca\/fr\/wp-json\/wp\/v2\/users\/4"}],"replies":[{"embeddable":true,"href":"https:\/\/nationaltrustcanada.ca\/fr\/wp-json\/wp\/v2\/comments?post=1457"}],"version-history":[{"count":17,"href":"https:\/\/nationaltrustcanada.ca\/fr\/wp-json\/wp\/v2\/pages\/1457\/revisions"}],"predecessor-version":[{"id":9850,"href":"https:\/\/nationaltrustcanada.ca\/fr\/wp-json\/wp\/v2\/pages\/1457\/revisions\/9850"}],"up":[{"embeddable":true,"href":"https:\/\/nationaltrustcanada.ca\/fr\/wp-json\/wp\/v2\/pages\/1307"}],"wp:featuredmedia":[{"embeddable":true,"href":"https:\/\/nationaltrustcanada.ca\/fr\/wp-json\/wp\/v2\/media\/1813"}],"wp:attachment":[{"href":"https:\/\/nationaltrustcanada.ca\/fr\/wp-json\/wp\/v2\/media?parent=1457"}],"curies":[{"name":"wp","href":"https:\/\/api.w.org\/{rel}","templated":true}]}}