{"id":1453,"date":"2017-09-10T13:56:39","date_gmt":"2017-09-10T13:56:39","guid":{"rendered":"http:\/\/nationaltrustcanada.ca?page_id=1453"},"modified":"2022-05-17T22:40:47","modified_gmt":"2022-05-18T02:40:47","slug":"action-citoyenne","status":"publish","type":"page","link":"https:\/\/nationaltrustcanada.ca\/fr\/ce-que-nous-offrons\/action-citoyenne","title":{"rendered":"Action citoyenne"},"content":{"rendered":"<p>Les lieux du patrimoine offrent de grandes possibilit\u00e9s comme pierres d\u2019assise du d\u00e9veloppement r\u00e9gional, d\u2019activit\u00e9s culturelles ou touristiques ou d\u2019infrastructure sociale et pour la cr\u00e9ation d\u2019emplois \u00e9cologiques. Ils sont des pierres angulaires de notre identit\u00e9 nationale.<\/p>\n<p>Pourtant, ils sont menac\u00e9s \u2013 parce que <strong>n\u00e9glig\u00e9s, par un manque de fonds, en raison des pressions du d\u00e9veloppement, par suite de transformations inappropri\u00e9es ou du fait de la faiblesse des lois.<\/strong><\/p>\n<p>La Fiducie nationale travaille aupr\u00e8s des gouvernements en faveur de politiques publiques qui suppriment les obstacles \u00e0 l\u2019investissement dans le patrimoine et qui aident \u00e0 pr\u00e9server le tissu historique de nos collectivit\u00e9s diversifi\u00e9es.<\/p>\n<p>Apprenez-en plus sur les changements au syst\u00e8me qui pourraient augmenter les chances de survie des lieux historiques. Examinez nos <a href=\"https:\/\/nationaltrustcanada.ca\/key-public-policy-objectives\">objectifs cl\u00e9s en mati\u00e8re de politiques publiques<\/a> et d\u00e9couvrez certains des <a href=\"https:\/\/nationaltrustcanada.ca\/places-at-risk\">lieux menac\u00e9s<\/a>.<\/p>\n<p><a href=\"https:\/\/nationaltrustcanada.ca\/key-public-policy-objectives\">OBJECTIFS CL\u00c9S EN MATI\u00c8RE DE POLITIQUES PUBLIQUES<\/a><\/p>\n<p><a href=\"https:\/\/nationaltrustcanada.ca\/places-at-risk\">LIEUX MENAC\u00c9S<\/a><\/p>\n","protected":false},"excerpt":{"rendered":"<p>Les lieux du patrimoine offrent de grandes possibilit\u00e9s comme pierres d\u2019assise du d\u00e9veloppement r\u00e9gional, d\u2019activit\u00e9s culturelles ou touristiques ou d\u2019infrastructure&#8230;<\/p>\n","protected":false},"author":4,"featured_media":2087,"parent":1307,"menu_order":3,"comment_status":"closed","ping_status":"closed","template":"","meta":{"_acf_changed":false,"footnotes":""},"class_list":["post-1453","page","type-page","status-publish","has-post-thumbnail","hentry"],"acf":[],"yoast_head":"<!-- This site is optimized with the Yoast SEO plugin v26.3 - https:\/\/yoast.com\/wordpress\/plugins\/seo\/ -->\n<title>Action citoyenne - Fiducie nationale du Canada<\/title>\n<meta name=\"robots\" content=\"index, follow, max-snippet:-1, max-image-preview:large, max-video-preview:-1\" \/>\n<link rel=\"canonical\" href=\"https:\/\/nationaltrustcanada.ca\/fr\/ce-que-nous-offrons\/action-citoyenne\" \/>\n<meta property=\"og:locale\" content=\"fr_FR\" \/>\n<meta property=\"og:type\" content=\"article\" \/>\n<meta property=\"og:title\" content=\"Action citoyenne - Fiducie nationale du Canada\" \/>\n<meta property=\"og:description\" content=\"Les lieux du patrimoine offrent de grandes possibilit\u00e9s comme pierres d\u2019assise du d\u00e9veloppement r\u00e9gional, d\u2019activit\u00e9s culturelles ou touristiques ou d\u2019infrastructure...\" \/>\n<meta property=\"og:url\" content=\"https:\/\/nationaltrustcanada.ca\/fr\/ce-que-nous-offrons\/action-citoyenne\" \/>\n<meta property=\"og:site_name\" content=\"Fiducie nationale du Canada\" \/>\n<meta property=\"article:modified_time\" content=\"2022-05-18T02:40:47+00:00\" \/>\n<meta property=\"og:image\" content=\"https:\/\/nationaltrustcanada.ca\/wp-content\/uploads\/2017\/05\/Action1200.jpg\" \/>\n\t<meta property=\"og:image:width\" content=\"1200\" \/>\n\t<meta property=\"og:image:height\" content=\"800\" \/>\n\t<meta property=\"og:image:type\" content=\"image\/jpeg\" \/>\n<meta name=\"twitter:card\" content=\"summary_large_image\" \/>\n<meta name=\"twitter:label1\" content=\"Dur\u00e9e de lecture estim\u00e9e\" \/>\n\t<meta name=\"twitter:data1\" content=\"1 minute\" \/>\n<script type=\"application\/ld+json\" class=\"yoast-schema-graph\">{\"@context\":\"https:\/\/schema.org\",\"@graph\":[{\"@type\":\"WebPage\",\"@id\":\"https:\/\/nationaltrustcanada.ca\/fr\/ce-que-nous-offrons\/action-citoyenne\",\"url\":\"https:\/\/nationaltrustcanada.ca\/fr\/ce-que-nous-offrons\/action-citoyenne\",\"name\":\"Action citoyenne - Fiducie nationale du Canada\",\"isPartOf\":{\"@id\":\"https:\/\/nationaltrustcanada.ca\/#website\"},\"primaryImageOfPage\":{\"@id\":\"https:\/\/nationaltrustcanada.ca\/fr\/ce-que-nous-offrons\/action-citoyenne#primaryimage\"},\"image\":{\"@id\":\"https:\/\/nationaltrustcanada.ca\/fr\/ce-que-nous-offrons\/action-citoyenne#primaryimage\"},\"thumbnailUrl\":\"https:\/\/nationaltrustcanada.ca\/wp-content\/uploads\/2017\/05\/Action1200.jpg\",\"datePublished\":\"2017-09-10T13:56:39+00:00\",\"dateModified\":\"2022-05-18T02:40:47+00:00\",\"breadcrumb\":{\"@id\":\"https:\/\/nationaltrustcanada.ca\/fr\/ce-que-nous-offrons\/action-citoyenne#breadcrumb\"},\"inLanguage\":\"fr-FR\",\"potentialAction\":[{\"@type\":\"ReadAction\",\"target\":[\"https:\/\/nationaltrustcanada.ca\/fr\/ce-que-nous-offrons\/action-citoyenne\"]}]},{\"@type\":\"ImageObject\",\"inLanguage\":\"fr-FR\",\"@id\":\"https:\/\/nationaltrustcanada.ca\/fr\/ce-que-nous-offrons\/action-citoyenne#primaryimage\",\"url\":\"https:\/\/nationaltrustcanada.ca\/wp-content\/uploads\/2017\/05\/Action1200.jpg\",\"contentUrl\":\"https:\/\/nationaltrustcanada.ca\/wp-content\/uploads\/2017\/05\/Action1200.jpg\",\"width\":1200,\"height\":800},{\"@type\":\"BreadcrumbList\",\"@id\":\"https:\/\/nationaltrustcanada.ca\/fr\/ce-que-nous-offrons\/action-citoyenne#breadcrumb\",\"itemListElement\":[{\"@type\":\"ListItem\",\"position\":1,\"name\":\"Home\",\"item\":\"https:\/\/nationaltrustcanada.ca\/fr\"},{\"@type\":\"ListItem\",\"position\":2,\"name\":\"Ce que nous offrons\",\"item\":\"https:\/\/nationaltrustcanada.ca\/fr\/ce-que-nous-offrons\"},{\"@type\":\"ListItem\",\"position\":3,\"name\":\"Action citoyenne\"}]},{\"@type\":\"WebSite\",\"@id\":\"https:\/\/nationaltrustcanada.ca\/#website\",\"url\":\"https:\/\/nationaltrustcanada.ca\/\",\"name\":\"Fiducie nationale du Canada\",\"description\":\"Bringing Heritage to Life\",\"potentialAction\":[{\"@type\":\"SearchAction\",\"target\":{\"@type\":\"EntryPoint\",\"urlTemplate\":\"https:\/\/nationaltrustcanada.ca\/?s={search_term_string}\"},\"query-input\":{\"@type\":\"PropertyValueSpecification\",\"valueRequired\":true,\"valueName\":\"search_term_string\"}}],\"inLanguage\":\"fr-FR\"}]}<\/script>\n<!-- \/ Yoast SEO plugin. -->","yoast_head_json":{"title":"Action citoyenne - Fiducie nationale du Canada","robots":{"index":"index","follow":"follow","max-snippet":"max-snippet:-1","max-image-preview":"max-image-preview:large","max-video-preview":"max-video-preview:-1"},"canonical":"https:\/\/nationaltrustcanada.ca\/fr\/ce-que-nous-offrons\/action-citoyenne","og_locale":"fr_FR","og_type":"article","og_title":"Action citoyenne - Fiducie nationale du Canada","og_description":"Les lieux du patrimoine offrent de grandes possibilit\u00e9s comme pierres d\u2019assise du d\u00e9veloppement r\u00e9gional, d\u2019activit\u00e9s culturelles ou touristiques ou d\u2019infrastructure...","og_url":"https:\/\/nationaltrustcanada.ca\/fr\/ce-que-nous-offrons\/action-citoyenne","og_site_name":"Fiducie nationale du Canada","article_modified_time":"2022-05-18T02:40:47+00:00","og_image":[{"width":1200,"height":800,"url":"https:\/\/nationaltrustcanada.ca\/wp-content\/uploads\/2017\/05\/Action1200.jpg","type":"image\/jpeg"}],"twitter_card":"summary_large_image","twitter_misc":{"Dur\u00e9e de lecture estim\u00e9e":"1 minute"},"schema":{"@context":"https:\/\/schema.org","@graph":[{"@type":"WebPage","@id":"https:\/\/nationaltrustcanada.ca\/fr\/ce-que-nous-offrons\/action-citoyenne","url":"https:\/\/nationaltrustcanada.ca\/fr\/ce-que-nous-offrons\/action-citoyenne","name":"Action citoyenne - Fiducie nationale du Canada","isPartOf":{"@id":"https:\/\/nationaltrustcanada.ca\/#website"},"primaryImageOfPage":{"@id":"https:\/\/nationaltrustcanada.ca\/fr\/ce-que-nous-offrons\/action-citoyenne#primaryimage"},"image":{"@id":"https:\/\/nationaltrustcanada.ca\/fr\/ce-que-nous-offrons\/action-citoyenne#primaryimage"},"thumbnailUrl":"https:\/\/nationaltrustcanada.ca\/wp-content\/uploads\/2017\/05\/Action1200.jpg","datePublished":"2017-09-10T13:56:39+00:00","dateModified":"2022-05-18T02:40:47+00:00","breadcrumb":{"@id":"https:\/\/nationaltrustcanada.ca\/fr\/ce-que-nous-offrons\/action-citoyenne#breadcrumb"},"inLanguage":"fr-FR","potentialAction":[{"@type":"ReadAction","target":["https:\/\/nationaltrustcanada.ca\/fr\/ce-que-nous-offrons\/action-citoyenne"]}]},{"@type":"ImageObject","inLanguage":"fr-FR","@id":"https:\/\/nationaltrustcanada.ca\/fr\/ce-que-nous-offrons\/action-citoyenne#primaryimage","url":"https:\/\/nationaltrustcanada.ca\/wp-content\/uploads\/2017\/05\/Action1200.jpg","contentUrl":"https:\/\/nationaltrustcanada.ca\/wp-content\/uploads\/2017\/05\/Action1200.jpg","width":1200,"height":800},{"@type":"BreadcrumbList","@id":"https:\/\/nationaltrustcanada.ca\/fr\/ce-que-nous-offrons\/action-citoyenne#breadcrumb","itemListElement":[{"@type":"ListItem","position":1,"name":"Home","item":"https:\/\/nationaltrustcanada.ca\/fr"},{"@type":"ListItem","position":2,"name":"Ce que nous offrons","item":"https:\/\/nationaltrustcanada.ca\/fr\/ce-que-nous-offrons"},{"@type":"ListItem","position":3,"name":"Action citoyenne"}]},{"@type":"WebSite","@id":"https:\/\/nationaltrustcanada.ca\/#website","url":"https:\/\/nationaltrustcanada.ca\/","name":"Fiducie nationale du Canada","description":"Bringing Heritage to Life","potentialAction":[{"@type":"SearchAction","target":{"@type":"EntryPoint","urlTemplate":"https:\/\/nationaltrustcanada.ca\/?s={search_term_string}"},"query-input":{"@type":"PropertyValueSpecification","valueRequired":true,"valueName":"search_term_string"}}],"inLanguage":"fr-FR"}]}},"_links":{"self":[{"href":"https:\/\/nationaltrustcanada.ca\/fr\/wp-json\/wp\/v2\/pages\/1453","targetHints":{"allow":["GET"]}}],"collection":[{"href":"https:\/\/nationaltrustcanada.ca\/fr\/wp-json\/wp\/v2\/pages"}],"about":[{"href":"https:\/\/nationaltrustcanada.ca\/fr\/wp-json\/wp\/v2\/types\/page"}],"author":[{"embeddable":true,"href":"https:\/\/nationaltrustcanada.ca\/fr\/wp-json\/wp\/v2\/users\/4"}],"replies":[{"embeddable":true,"href":"https:\/\/nationaltrustcanada.ca\/fr\/wp-json\/wp\/v2\/comments?post=1453"}],"version-history":[{"count":11,"href":"https:\/\/nationaltrustcanada.ca\/fr\/wp-json\/wp\/v2\/pages\/1453\/revisions"}],"predecessor-version":[{"id":2231,"href":"https:\/\/nationaltrustcanada.ca\/fr\/wp-json\/wp\/v2\/pages\/1453\/revisions\/2231"}],"up":[{"embeddable":true,"href":"https:\/\/nationaltrustcanada.ca\/fr\/wp-json\/wp\/v2\/pages\/1307"}],"wp:featuredmedia":[{"embeddable":true,"href":"https:\/\/nationaltrustcanada.ca\/fr\/wp-json\/wp\/v2\/media\/2087"}],"wp:attachment":[{"href":"https:\/\/nationaltrustcanada.ca\/fr\/wp-json\/wp\/v2\/media?parent=1453"}],"curies":[{"name":"wp","href":"https:\/\/api.w.org\/{rel}","templated":true}]}}