{"id":1447,"date":"2017-09-11T13:35:53","date_gmt":"2017-09-11T13:35:53","guid":{"rendered":"http:\/\/nationaltrustcanada.ca?page_id=1447"},"modified":"2023-06-01T10:46:30","modified_gmt":"2023-06-01T14:46:30","slug":"faq","status":"publish","type":"page","link":"https:\/\/nationaltrustcanada.ca\/fr\/faq","title":{"rendered":"Foire aux questions"},"content":{"rendered":"<p>La Fiducie nationale du Canada tente de r\u00e9pondre aux nombreuses questions que nous recevons chaque mois sur une vari\u00e9t\u00e9 de sujets li\u00e9s \u00e0 la conservation, au financement et \u00e0 l\u2019adh\u00e9sion.<\/p>\n<ol>\n<li><strong>Comment est-ce que je deviens membre de la Fiducie nationale, et quels en sont les avantages?<\/strong><\/li>\n<\/ol>\n<p>Il est facile de devenir membre de la Fiducie nationale. Vous pouvez le faire <a href=\"https:\/\/nationaltrustcanada.ca\/what-you-can-do\/join\">en ligne<\/a>, ou <a href=\"https:\/\/nationaltrustcanada.ca\/contact-us\">contactez-nous<\/a> par t\u00e9l\u00e9phone ou par courriel, et nous vous inscrirons comme membre.<\/p>\n<p>Pour \u00e0 peine 42 $, vous recevez un abonnement d\u2019un an \u00e0 notre fameux magazine <a href=\"https:\/\/nationaltrustcanada.ca\/fr\/category\/lemagazine\"><em>Locale<\/em><\/a>, l\u2019entr\u00e9e gratuite \u00e0 des propri\u00e9t\u00e9s de fiducies nationales en Angleterre, en \u00c9cosse, au Pays de Galles, en Australie et \u00e0 Jersey, un tarif r\u00e9duit pour l\u2019inscription \u00e0 notre conf\u00e9rence, et vous avez la satisfaction de savoir que vous aidez \u00e0 sauver des lieux qui importent au Canada.<\/p>\n<ol start=\"2\">\n<li><strong>Comme membre de la Fiducie nationale, quelles sont les propri\u00e9t\u00e9s patrimoniales que je peux visiter gratuitement?<\/strong><\/li>\n<\/ol>\n<p>Votre carte de membre vous donne l\u2019entr\u00e9e gratuite \u00e0 des centaines de sites de fiducies nationales au <a href=\"https:\/\/nationaltrustcanada.ca\/where-to-visit\/passport-places-canada\"><strong>Canada<\/strong><\/a>, en\u00a0<a href=\"https:\/\/nationaltrustcanada.ca\/fr\/des-lieux-a-visiter\/lieux-de-fiducies-nationales-a-letranger\">Australie, en\u00a0Angleterre, en Irlande du Nord et au Pays de Galles,\u00a0en \u00c9cosse<\/a> entre autres.<\/p>\n<ol start=\"3\">\n<li><strong>Est-ce que la Fiducie nationale fait partie du gouvernement f\u00e9d\u00e9ral?<\/strong><\/li>\n<\/ol>\n<p>Non. La Fiducie nationale est une association nationale et un organisme de bienfaisance enregistr\u00e9. Elle a \u00e9t\u00e9 constitu\u00e9e par le gouvernement du Canada en 1973. La Fiducie nationale se consacre \u00e0 promouvoir la pr\u00e9servation, la compr\u00e9hension et l\u2019appr\u00e9ciation des b\u00e2timents patrimoniaux, des lieux historiques et des paysages culturels de notre pays.<\/p>\n<ol start=\"4\">\n<li><strong>Comment est-ce que je peux trouver un soutien financier pour la restauration de ma propri\u00e9t\u00e9 du patrimoine?<\/strong><\/li>\n<\/ol>\n<p>La Fiducie nationale n\u2019est pas un organisme de financement. Nous pr\u00e9sentons toutefois une vaste liste de sources potentielles de fonds publics et priv\u00e9s dans notre <a href=\"https:\/\/regenerationworks.ca\/fr\/ressources\/sources-de-financement\/\">site Web<\/a>. Nous vous sugg\u00e9rons en particulier d\u2019examiner les programmes de financement administr\u00e9s par le <a href=\"https:\/\/www.canada.ca\/fr\/patrimoine-canadien.html\" target=\"_blank\" rel=\"noopener noreferrer\">minist\u00e8re du Patrimoine canadien<\/a>.<\/p>\n<ol start=\"5\">\n<li><strong>Quelles sont les possibilit\u00e9s de carri\u00e8re et de formation dans le domaine de la conservation et de la restauration de biens historiques?<\/strong><\/li>\n<\/ol>\n<p>Divers \u00e9tablissements canadiens offrent des programmes postsecondaires en conservation du patrimoine. Une description de ces <a href=\"https:\/\/nationaltrustcanada.ca\/fr\/qui-nous-sommes-2\/table-ronde-nationale-de-leducation-sur-le-patrimoine\" target=\"_blank\" rel=\"noopener noreferrer\">programmes d\u2019\u00e9tudes<\/a>\u00a0se trouve dans notre site Web.<\/p>\n<ol start=\"6\">\n<li><strong>O\u00f9 est-ce que je peux me renseigner sur l\u2019enregistrement d\u2019une propri\u00e9t\u00e9 historique?<\/strong><\/li>\n<\/ol>\n<p>Parcs Canada administre le <a href=\"http:\/\/www.lieuxpatrimoniaux.ca\/fr\/pages\/register-repertoire.aspx\" target=\"_blank\" rel=\"noopener noreferrer\">R\u00e9pertoire canadien<\/a>, une base de donn\u00e9es interrogeable sur les lieux historiques reconnus d\u2019importance locale, provinciale, territoriale et nationale.<\/p>\n<ol start=\"7\">\n<li><strong>\u00c0 qui est-ce que je peux parler d\u2019un site menac\u00e9 ou d\u2019une propri\u00e9t\u00e9 \u00ab\u00a0\u00e0 risque\u00a0\u00bb?<\/strong><\/li>\n<\/ol>\n<p>Si vous avez des questions au sujet d\u2019un site ou d\u2019un immeuble menac\u00e9, communiquez d\u2019abord avec votre service d\u2019urbanisme municipal. Vous pouvez aussi publier vos questions sur notre page <a href=\"https:\/\/www.facebook.com\/NationalTrustCanada\" target=\"_blank\" rel=\"noopener noreferrer\">Facebook<\/a>.\u00a0Ou encore, vous pouvez soumettre la candidature d\u2019une propri\u00e9t\u00e9 \u00e0 notre <a href=\"https:\/\/nationaltrustcanada.ca\/what-we-offer\/endangered-places\">Palmar\u00e8s des 10\u00a0sites les plus menac\u00e9s<\/a>, qui est renouvel\u00e9 chaque ann\u00e9e.<\/p>\n<ol start=\"8\">\n<li><strong>O\u00f9 est-ce que je peux commander des drapeaux ou des \u00e9pinglettes du Canada pour une activit\u00e9 communautaire que j\u2019organise?<\/strong><\/li>\n<\/ol>\n<p>La Fiducie nationale est un organisme de bienfaisance enregistr\u00e9 vou\u00e9 \u00e0 la conservation des lieux historiques qui importent au Canada. Elle n\u2019est pas une entit\u00e9 gouvernementale. Vous devriez adresser une telle demande au <a href=\"https:\/\/www.canada.ca\/fr\/patrimoine-canadien.html\" target=\"_blank\" rel=\"noopener noreferrer\"><strong>minist\u00e8re f\u00e9d\u00e9ral du Patrimoine canadien<\/strong><\/a><strong>,<\/strong> au 1-866-811-0055.<\/p>\n<ol start=\"9\">\n<li><strong>O\u00f9 est-ce que je peux trouver un entrepreneur ou des ouvriers qui connaissent bien les propri\u00e9t\u00e9s du patrimoine?<\/strong><\/li>\n<\/ol>\n<p>L\u2019<a href=\"http:\/\/cahp-acecp.ca\/fr\/annuaire-des-professionnels\/\" target=\"_blank\" rel=\"noopener noreferrer\">Association canadienne d\u2019experts-conseils de patrimoine<\/a>\u00a0a un vaste r\u00e9pertoire de sp\u00e9cialistes du patrimoine au Canada. Le <a href=\"http:\/\/www.restorationtradesdirectory.com\/\" target=\"_blank\" rel=\"noopener noreferrer\">bottin des m\u00e9tiers de la restauration (Restoration Trades Directory)<\/a>\u00a0contient les coordonn\u00e9es d\u2019artisans, d\u2019entrepreneurs, de concepteurs et de consultants au Canada et aux \u00c9tats-Unis.<\/p>\n","protected":false},"excerpt":{"rendered":"<p>La Fiducie nationale du Canada tente de r\u00e9pondre aux nombreuses questions que nous recevons chaque mois sur une vari\u00e9t\u00e9 de&#8230;<\/p>\n","protected":false},"author":4,"featured_media":0,"parent":0,"menu_order":0,"comment_status":"closed","ping_status":"closed","template":"","meta":{"_acf_changed":false,"footnotes":""},"class_list":["post-1447","page","type-page","status-publish","hentry"],"acf":[],"yoast_head":"<!-- This site is optimized with the Yoast SEO plugin v26.3 - https:\/\/yoast.com\/wordpress\/plugins\/seo\/ -->\n<title>Foire aux questions - Fiducie nationale du Canada<\/title>\n<meta name=\"robots\" content=\"index, follow, max-snippet:-1, max-image-preview:large, max-video-preview:-1\" \/>\n<link rel=\"canonical\" href=\"https:\/\/nationaltrustcanada.ca\/fr\/faq\" \/>\n<meta property=\"og:locale\" content=\"fr_FR\" \/>\n<meta property=\"og:type\" content=\"article\" \/>\n<meta property=\"og:title\" content=\"Foire aux questions - Fiducie nationale du Canada\" \/>\n<meta property=\"og:description\" content=\"La Fiducie nationale du Canada tente de r\u00e9pondre aux nombreuses questions que nous recevons chaque mois sur une vari\u00e9t\u00e9 de...\" \/>\n<meta property=\"og:url\" content=\"https:\/\/nationaltrustcanada.ca\/fr\/faq\" \/>\n<meta property=\"og:site_name\" content=\"Fiducie nationale du Canada\" \/>\n<meta property=\"article:modified_time\" content=\"2023-06-01T14:46:30+00:00\" \/>\n<meta name=\"twitter:card\" content=\"summary_large_image\" \/>\n<meta name=\"twitter:label1\" content=\"Dur\u00e9e de lecture estim\u00e9e\" \/>\n\t<meta name=\"twitter:data1\" content=\"3 minutes\" \/>\n<script type=\"application\/ld+json\" class=\"yoast-schema-graph\">{\"@context\":\"https:\/\/schema.org\",\"@graph\":[{\"@type\":\"WebPage\",\"@id\":\"https:\/\/nationaltrustcanada.ca\/fr\/faq\",\"url\":\"https:\/\/nationaltrustcanada.ca\/fr\/faq\",\"name\":\"Foire aux questions - Fiducie nationale du Canada\",\"isPartOf\":{\"@id\":\"https:\/\/nationaltrustcanada.ca\/#website\"},\"datePublished\":\"2017-09-11T13:35:53+00:00\",\"dateModified\":\"2023-06-01T14:46:30+00:00\",\"breadcrumb\":{\"@id\":\"https:\/\/nationaltrustcanada.ca\/fr\/faq#breadcrumb\"},\"inLanguage\":\"fr-FR\",\"potentialAction\":[{\"@type\":\"ReadAction\",\"target\":[\"https:\/\/nationaltrustcanada.ca\/fr\/faq\"]}]},{\"@type\":\"BreadcrumbList\",\"@id\":\"https:\/\/nationaltrustcanada.ca\/fr\/faq#breadcrumb\",\"itemListElement\":[{\"@type\":\"ListItem\",\"position\":1,\"name\":\"Home\",\"item\":\"https:\/\/nationaltrustcanada.ca\/fr\"},{\"@type\":\"ListItem\",\"position\":2,\"name\":\"Foire aux questions\"}]},{\"@type\":\"WebSite\",\"@id\":\"https:\/\/nationaltrustcanada.ca\/#website\",\"url\":\"https:\/\/nationaltrustcanada.ca\/\",\"name\":\"Fiducie nationale du Canada\",\"description\":\"Bringing Heritage to Life\",\"potentialAction\":[{\"@type\":\"SearchAction\",\"target\":{\"@type\":\"EntryPoint\",\"urlTemplate\":\"https:\/\/nationaltrustcanada.ca\/?s={search_term_string}\"},\"query-input\":{\"@type\":\"PropertyValueSpecification\",\"valueRequired\":true,\"valueName\":\"search_term_string\"}}],\"inLanguage\":\"fr-FR\"}]}<\/script>\n<!-- \/ Yoast SEO plugin. -->","yoast_head_json":{"title":"Foire aux questions - Fiducie nationale du Canada","robots":{"index":"index","follow":"follow","max-snippet":"max-snippet:-1","max-image-preview":"max-image-preview:large","max-video-preview":"max-video-preview:-1"},"canonical":"https:\/\/nationaltrustcanada.ca\/fr\/faq","og_locale":"fr_FR","og_type":"article","og_title":"Foire aux questions - Fiducie nationale du Canada","og_description":"La Fiducie nationale du Canada tente de r\u00e9pondre aux nombreuses questions que nous recevons chaque mois sur une vari\u00e9t\u00e9 de...","og_url":"https:\/\/nationaltrustcanada.ca\/fr\/faq","og_site_name":"Fiducie nationale du Canada","article_modified_time":"2023-06-01T14:46:30+00:00","twitter_card":"summary_large_image","twitter_misc":{"Dur\u00e9e de lecture estim\u00e9e":"3 minutes"},"schema":{"@context":"https:\/\/schema.org","@graph":[{"@type":"WebPage","@id":"https:\/\/nationaltrustcanada.ca\/fr\/faq","url":"https:\/\/nationaltrustcanada.ca\/fr\/faq","name":"Foire aux questions - Fiducie nationale du Canada","isPartOf":{"@id":"https:\/\/nationaltrustcanada.ca\/#website"},"datePublished":"2017-09-11T13:35:53+00:00","dateModified":"2023-06-01T14:46:30+00:00","breadcrumb":{"@id":"https:\/\/nationaltrustcanada.ca\/fr\/faq#breadcrumb"},"inLanguage":"fr-FR","potentialAction":[{"@type":"ReadAction","target":["https:\/\/nationaltrustcanada.ca\/fr\/faq"]}]},{"@type":"BreadcrumbList","@id":"https:\/\/nationaltrustcanada.ca\/fr\/faq#breadcrumb","itemListElement":[{"@type":"ListItem","position":1,"name":"Home","item":"https:\/\/nationaltrustcanada.ca\/fr"},{"@type":"ListItem","position":2,"name":"Foire aux questions"}]},{"@type":"WebSite","@id":"https:\/\/nationaltrustcanada.ca\/#website","url":"https:\/\/nationaltrustcanada.ca\/","name":"Fiducie nationale du Canada","description":"Bringing Heritage to Life","potentialAction":[{"@type":"SearchAction","target":{"@type":"EntryPoint","urlTemplate":"https:\/\/nationaltrustcanada.ca\/?s={search_term_string}"},"query-input":{"@type":"PropertyValueSpecification","valueRequired":true,"valueName":"search_term_string"}}],"inLanguage":"fr-FR"}]}},"_links":{"self":[{"href":"https:\/\/nationaltrustcanada.ca\/fr\/wp-json\/wp\/v2\/pages\/1447","targetHints":{"allow":["GET"]}}],"collection":[{"href":"https:\/\/nationaltrustcanada.ca\/fr\/wp-json\/wp\/v2\/pages"}],"about":[{"href":"https:\/\/nationaltrustcanada.ca\/fr\/wp-json\/wp\/v2\/types\/page"}],"author":[{"embeddable":true,"href":"https:\/\/nationaltrustcanada.ca\/fr\/wp-json\/wp\/v2\/users\/4"}],"replies":[{"embeddable":true,"href":"https:\/\/nationaltrustcanada.ca\/fr\/wp-json\/wp\/v2\/comments?post=1447"}],"version-history":[{"count":11,"href":"https:\/\/nationaltrustcanada.ca\/fr\/wp-json\/wp\/v2\/pages\/1447\/revisions"}],"predecessor-version":[{"id":17189,"href":"https:\/\/nationaltrustcanada.ca\/fr\/wp-json\/wp\/v2\/pages\/1447\/revisions\/17189"}],"wp:attachment":[{"href":"https:\/\/nationaltrustcanada.ca\/fr\/wp-json\/wp\/v2\/media?parent=1447"}],"curies":[{"name":"wp","href":"https:\/\/api.w.org\/{rel}","templated":true}]}}