{"id":1441,"date":"2017-09-11T13:26:03","date_gmt":"2017-09-11T13:26:03","guid":{"rendered":"http:\/\/nationaltrustcanada.ca?page_id=1441"},"modified":"2021-07-23T11:17:06","modified_gmt":"2021-07-23T15:17:06","slug":"confidentialite","status":"publish","type":"page","link":"https:\/\/nationaltrustcanada.ca\/fr\/confidentialite","title":{"rendered":"Politique de confidentialit\u00e9"},"content":{"rendered":"<p><strong>Le 23 juillet 2021<\/strong><\/p>\n<p>La Fiducie nationale du Canada respecte votre vie priv\u00e9e et vos renseignements personnels. Nous avons r\u00e9dig\u00e9 la pr\u00e9sente politique pour vous indiquer quels renseignements personnels nous recueillons, comment nous les utilisons et quels choix vous pouvez exercer. Nous attachons la plus grande importance aux questions et commentaires que nous recevons sur la pr\u00e9sente politique. Vous pouvez communiquer avec notre agent de la protection des renseignements personnels par courriel \u00e0\u00a0<a href=\"mailto:confidentialite@fiducienationalecanada.ca\">confidentialite@fiducienationalecanada.ca<\/a>, par t\u00e9l\u00e9phone (sans frais au Canada) au 1-866-964-1066 ou par t\u00e9l\u00e9copie au 613-237-5987.<\/p>\n<h3>Collecte de renseignements personnels<\/h3>\n<p>Vous pouvez \u00e0 titre volontaire nous communiquer des renseignements personnels au moment d\u2019adh\u00e9rer \u00e0 la Fiducie nationale, de verser un don, de vous inscrire \u00e0 nos conf\u00e9rences ou autres activit\u00e9s, de demander des renseignements sur nos programmes, de participer \u00e0 nos sondages et concours ou d\u2019utiliser nos services de diffusion ou nos sites Web.<\/p>\n<p>La Fiducie nationale utilise vos renseignements personnels pour traiter vos demandes et vous donner acc\u00e8s \u00e0 ses outils, \u00e0 son contenu et \u00e0 ses programmes.<\/p>\n<p>La Fiducie nationale n\u2019exige pas de renseignements personnels pour donner acc\u00e8s au contenu de ses sites Web.<\/p>\n<p>Cependant, pour participer \u00e0 certains des programmes offerts dans les sites Web de la Fiducie nationale, vous aurez peut-\u00eatre \u00e0 donner votre nom, votre adresse courriel et d\u2019autres renseignements personnels.<\/p>\n<h3>Utilisation ou communication de vos renseignements personnels<\/h3>\n<p>Nous pouvons utiliser vos renseignements, outre pour traiter vos demandes et votre participation tel qu\u2019indiqu\u00e9 ci-dessus, pour correspondre avec vous par la poste ou par courriel au sujet de la Fiducie nationale et de ses programmes. En tant qu\u2019organisme de bienfaisance enregistr\u00e9, nous pourrions correspondre avec vous afin de solliciter votre appui \u00e0 notre action et pour \u00e9tablir des rapports avec vous.<\/p>\n<p>Donateurs de la Fiducie nationale : Nous utilisons vos coordonn\u00e9es pour correspondre avec vous au sujet de votre don et de vous tenir inform\u00e9 sur la fa\u00e7on dont votre don est utilis\u00e9. Nous nous engageons \u00e0 ne jamais louer, vendre ou partager votre information.<\/p>\n<p>Membres de la Fiducie nationale : Nous utilisons vos coordonn\u00e9es pour correspondre avec vous au sujet de votre adh\u00e9sion et de vous tenir inform\u00e9 sur les avantages de votre abonnement. <strong>Avec votre consentement<\/strong>, la Fiducie nationale pourrait communiquer votre adresse postale dans le cadre d\u2019\u00e9changes avec des organisations soigneusement choisies ayant des int\u00e9r\u00eats communs. Il s\u2019agit pour la Fiducie nationale d\u2019un moyen \u00e9conomique de trouver de nouveaux membres et des donateurs. Nous tenons toutefois \u00e0 \u00e9viter de vous importuner! Vous aurez la possibilit\u00e9, au moment de vous inscrire ou de participer, de refuser votre consentement, et nous respecterons votre choix. M\u00eame si vous acceptez initialement, vous pourrez refuser \u00e0 tout moment par la suite. Communiquez simplement avec notre agent de la protection des renseignements personnels par courriel \u00e0\u00a0<a href=\"mailto:confidentialite@fiducienationalecanada.ca\">confidentialite@fiducienationalecanada.ca<\/a>, par t\u00e9l\u00e9phone (sans frais au Canada) au 1-866-964-1066 ou par t\u00e9l\u00e9copie au 613-237-5987.<\/p>\n<p>Bien que les courriels dont l\u2019objet premier consiste \u00e0 r\u00e9colter des fonds pour la Fiducie nationale soient exempt\u00e9s des restrictions de la loi antipourriel, nous tenons \u00e0 \u00e9viter de vous importuner. Pour vous inscrire sur notre liste \u00ab\u00a0ne pas solliciter\u00a0\u00bb, communiquez simplement avec notre agent de la protection des renseignements personnels par courriel \u00e0\u00a0<a href=\"mailto:confidentialite@fiducienationalecanada.ca\">confidentialite@fiducienationalecanada.ca<\/a>, par t\u00e9l\u00e9phone (sans frais au Canada) au 1-866-964-1066 ou par t\u00e9l\u00e9copie au 613-237-5987.<\/p>\n<p>La Fiducie nationale ajoute une option \u00ab\u00a0d\u00e9sabonner\u00a0\u00bb \u00e0 tous ses messages \u00e9lectroniques, et vous pouvez exercer en tout temps votre droit en la mati\u00e8re.<\/p>\n<p>Il faut noter que la Fiducie nationale peut \u00eatre contrainte de communiquer des renseignements personnels lorsqu\u2019une demande lui est pr\u00e9sent\u00e9e en vertu des lois applicables ou d\u2019une ordonnance d\u2019un tribunal, ou par un organisme gouvernemental ayant comp\u00e9tence \u00e0 l\u2019\u00e9gard de la Fiducie nationale.<\/p>\n<p>La Fiducie nationale ne communique pas de renseignements sur les comptes de carte de cr\u00e9dit fournis par des utilisateurs, sauf aux institutions bancaires concern\u00e9es ou au fournisseur de services de traitement des paiements concern\u00e9, tel que n\u00e9cessaire pour traiter un paiement par carte de cr\u00e9dit ou par carte de d\u00e9bit ou pour r\u00e9gler un diff\u00e9rend.<\/p>\n<h3>Protection des renseignements personnels<\/h3>\n<p>La Fiducie nationale d\u00e9ploie des efforts commercialement raisonnables pour prot\u00e9ger les renseignements personnels contre la perte, le vol et la consultation, la reproduction, l\u2019utilisation, la modification, la communication ou la destruction sans autorisation; elle \u00e9tablit et maintient \u00e0 cette fin des moyens de s\u00e9curit\u00e9 appropri\u00e9s compte tenu du caract\u00e8re sensible des renseignements.<\/p>\n<p>Si la Fiducie nationale conclut des ententes avec des fournisseurs de services en vertu desquelles des renseignements personnels seront utilis\u00e9s, elle obtient de ces fournisseurs des assurances \u00e9crites qu\u2019ils respecteront les politiques et modalit\u00e9s de la Fiducie nationale en mati\u00e8re de protection de confidentialit\u00e9.<\/p>\n<h3>T\u00e9moins et autres marqueurs num\u00e9riques<\/h3>\n<p>Les sites Web de la Fiducie nationale utilisent des marqueurs num\u00e9riques, y compris des t\u00e9moins. Un t\u00e9moin est un petit fichier offert \u00e0 votre ordinateur par un serveur Web pour pouvoir tenir compte de votre navigateur au long de votre parcours dans le site. Nous ne combinons pas de renseignements \u00e0 votre sujet issus de ces marqueurs avec d\u2019autres renseignements que vous nous communiquez. Nous transmettons les renseignements recueillis au moyen des marqueurs \u00e0 des entreprises qui nous aident \u00e0 r\u00e9aliser des analyses pour mesurer la fr\u00e9quentation et les visites de notre site Web.<\/p>\n<p>Lorsque vous acc\u00e9dez \u00e0 la section s\u00e9curis\u00e9e de notre site Web pour effectuer une op\u00e9ration financi\u00e8re ou pour cr\u00e9er ou mettre \u00e0 jour votre profil, un t\u00e9moin est envoy\u00e9 \u00e0 votre navigateur Web par le serveur Web d\u2019un tiers et est conserv\u00e9 sur votre ordinateur; ce t\u00e9moin vous permet de mener \u00e0 bien la t\u00e2che voulue, pr\u00e9servant votre connexion s\u00e9curis\u00e9e au service pendant que effectuez vos op\u00e9rations financi\u00e8res ou mettez \u00e0 jour vos renseignements personnels. Les t\u00e9moins expirent lorsque la fen\u00eatre du navigateur est ferm\u00e9e.<\/p>\n<h3>Renseignements suppl\u00e9mentaires<\/h3>\n<p>Si vous avez des questions sur l\u2019avis de la Fiducie nationale au sujet de la confidentialit\u00e9, si vous souhaitez acc\u00e9der \u00e0 vos renseignements personnels ou si vous voulez limiter l\u2019utilisation qui peut \u00eatre faite de vos renseignements personnels, veuillez communiquer avec notre agent de la protection des renseignements personnels par courriel \u00e0\u00a0<a href=\"mailto:confidentialite@fiducienationalecanada.ca\" target=\"_blank\" rel=\"noopener\">confidentialite@fiducienationalecanada.ca<\/a>, par t\u00e9l\u00e9phone (sans frais au Canada) au 1-866-964-1066 ou par t\u00e9l\u00e9copie au 613-237-5987.<\/p>\n<p>Le pr\u00e9sent avis au sujet de la confidentialit\u00e9 est en vigueur en date du 23 juillet 2021. La Fiducie nationale peut modifier le pr\u00e9sent avis en tout temps.<\/p>\n","protected":false},"excerpt":{"rendered":"<p>Le 23 juillet 2021 La Fiducie nationale du Canada respecte votre vie priv\u00e9e et vos renseignements personnels. Nous avons r\u00e9dig\u00e9&#8230;<\/p>\n","protected":false},"author":4,"featured_media":0,"parent":0,"menu_order":0,"comment_status":"closed","ping_status":"closed","template":"","meta":{"_acf_changed":false,"footnotes":""},"class_list":["post-1441","page","type-page","status-publish","hentry"],"acf":[],"yoast_head":"<!-- This site is optimized with the Yoast SEO plugin v26.3 - https:\/\/yoast.com\/wordpress\/plugins\/seo\/ -->\n<title>Politique de confidentialit\u00e9 - Fiducie nationale du Canada<\/title>\n<meta name=\"robots\" content=\"index, follow, max-snippet:-1, max-image-preview:large, max-video-preview:-1\" \/>\n<link rel=\"canonical\" href=\"https:\/\/nationaltrustcanada.ca\/fr\/confidentialite\" \/>\n<meta property=\"og:locale\" content=\"fr_FR\" \/>\n<meta property=\"og:type\" content=\"article\" \/>\n<meta property=\"og:title\" content=\"Politique de confidentialit\u00e9 - Fiducie nationale du Canada\" \/>\n<meta property=\"og:description\" content=\"Le 23 juillet 2021 La Fiducie nationale du Canada respecte votre vie priv\u00e9e et vos renseignements personnels. Nous avons r\u00e9dig\u00e9...\" \/>\n<meta property=\"og:url\" content=\"https:\/\/nationaltrustcanada.ca\/fr\/confidentialite\" \/>\n<meta property=\"og:site_name\" content=\"Fiducie nationale du Canada\" \/>\n<meta property=\"article:modified_time\" content=\"2021-07-23T15:17:06+00:00\" \/>\n<meta name=\"twitter:card\" content=\"summary_large_image\" \/>\n<meta name=\"twitter:label1\" content=\"Dur\u00e9e de lecture estim\u00e9e\" \/>\n\t<meta name=\"twitter:data1\" content=\"6 minutes\" \/>\n<script type=\"application\/ld+json\" class=\"yoast-schema-graph\">{\"@context\":\"https:\/\/schema.org\",\"@graph\":[{\"@type\":\"WebPage\",\"@id\":\"https:\/\/nationaltrustcanada.ca\/fr\/confidentialite\",\"url\":\"https:\/\/nationaltrustcanada.ca\/fr\/confidentialite\",\"name\":\"Politique de confidentialit\u00e9 - Fiducie nationale du Canada\",\"isPartOf\":{\"@id\":\"https:\/\/nationaltrustcanada.ca\/#website\"},\"datePublished\":\"2017-09-11T13:26:03+00:00\",\"dateModified\":\"2021-07-23T15:17:06+00:00\",\"breadcrumb\":{\"@id\":\"https:\/\/nationaltrustcanada.ca\/fr\/confidentialite#breadcrumb\"},\"inLanguage\":\"fr-FR\",\"potentialAction\":[{\"@type\":\"ReadAction\",\"target\":[\"https:\/\/nationaltrustcanada.ca\/fr\/confidentialite\"]}]},{\"@type\":\"BreadcrumbList\",\"@id\":\"https:\/\/nationaltrustcanada.ca\/fr\/confidentialite#breadcrumb\",\"itemListElement\":[{\"@type\":\"ListItem\",\"position\":1,\"name\":\"Home\",\"item\":\"https:\/\/nationaltrustcanada.ca\/fr\"},{\"@type\":\"ListItem\",\"position\":2,\"name\":\"Politique de confidentialit\u00e9\"}]},{\"@type\":\"WebSite\",\"@id\":\"https:\/\/nationaltrustcanada.ca\/#website\",\"url\":\"https:\/\/nationaltrustcanada.ca\/\",\"name\":\"Fiducie nationale du Canada\",\"description\":\"Bringing Heritage to Life\",\"potentialAction\":[{\"@type\":\"SearchAction\",\"target\":{\"@type\":\"EntryPoint\",\"urlTemplate\":\"https:\/\/nationaltrustcanada.ca\/?s={search_term_string}\"},\"query-input\":{\"@type\":\"PropertyValueSpecification\",\"valueRequired\":true,\"valueName\":\"search_term_string\"}}],\"inLanguage\":\"fr-FR\"}]}<\/script>\n<!-- \/ Yoast SEO plugin. -->","yoast_head_json":{"title":"Politique de confidentialit\u00e9 - Fiducie nationale du Canada","robots":{"index":"index","follow":"follow","max-snippet":"max-snippet:-1","max-image-preview":"max-image-preview:large","max-video-preview":"max-video-preview:-1"},"canonical":"https:\/\/nationaltrustcanada.ca\/fr\/confidentialite","og_locale":"fr_FR","og_type":"article","og_title":"Politique de confidentialit\u00e9 - Fiducie nationale du Canada","og_description":"Le 23 juillet 2021 La Fiducie nationale du Canada respecte votre vie priv\u00e9e et vos renseignements personnels. Nous avons r\u00e9dig\u00e9...","og_url":"https:\/\/nationaltrustcanada.ca\/fr\/confidentialite","og_site_name":"Fiducie nationale du Canada","article_modified_time":"2021-07-23T15:17:06+00:00","twitter_card":"summary_large_image","twitter_misc":{"Dur\u00e9e de lecture estim\u00e9e":"6 minutes"},"schema":{"@context":"https:\/\/schema.org","@graph":[{"@type":"WebPage","@id":"https:\/\/nationaltrustcanada.ca\/fr\/confidentialite","url":"https:\/\/nationaltrustcanada.ca\/fr\/confidentialite","name":"Politique de confidentialit\u00e9 - Fiducie nationale du Canada","isPartOf":{"@id":"https:\/\/nationaltrustcanada.ca\/#website"},"datePublished":"2017-09-11T13:26:03+00:00","dateModified":"2021-07-23T15:17:06+00:00","breadcrumb":{"@id":"https:\/\/nationaltrustcanada.ca\/fr\/confidentialite#breadcrumb"},"inLanguage":"fr-FR","potentialAction":[{"@type":"ReadAction","target":["https:\/\/nationaltrustcanada.ca\/fr\/confidentialite"]}]},{"@type":"BreadcrumbList","@id":"https:\/\/nationaltrustcanada.ca\/fr\/confidentialite#breadcrumb","itemListElement":[{"@type":"ListItem","position":1,"name":"Home","item":"https:\/\/nationaltrustcanada.ca\/fr"},{"@type":"ListItem","position":2,"name":"Politique de confidentialit\u00e9"}]},{"@type":"WebSite","@id":"https:\/\/nationaltrustcanada.ca\/#website","url":"https:\/\/nationaltrustcanada.ca\/","name":"Fiducie nationale du Canada","description":"Bringing Heritage to Life","potentialAction":[{"@type":"SearchAction","target":{"@type":"EntryPoint","urlTemplate":"https:\/\/nationaltrustcanada.ca\/?s={search_term_string}"},"query-input":{"@type":"PropertyValueSpecification","valueRequired":true,"valueName":"search_term_string"}}],"inLanguage":"fr-FR"}]}},"_links":{"self":[{"href":"https:\/\/nationaltrustcanada.ca\/fr\/wp-json\/wp\/v2\/pages\/1441","targetHints":{"allow":["GET"]}}],"collection":[{"href":"https:\/\/nationaltrustcanada.ca\/fr\/wp-json\/wp\/v2\/pages"}],"about":[{"href":"https:\/\/nationaltrustcanada.ca\/fr\/wp-json\/wp\/v2\/types\/page"}],"author":[{"embeddable":true,"href":"https:\/\/nationaltrustcanada.ca\/fr\/wp-json\/wp\/v2\/users\/4"}],"replies":[{"embeddable":true,"href":"https:\/\/nationaltrustcanada.ca\/fr\/wp-json\/wp\/v2\/comments?post=1441"}],"version-history":[{"count":8,"href":"https:\/\/nationaltrustcanada.ca\/fr\/wp-json\/wp\/v2\/pages\/1441\/revisions"}],"predecessor-version":[{"id":11512,"href":"https:\/\/nationaltrustcanada.ca\/fr\/wp-json\/wp\/v2\/pages\/1441\/revisions\/11512"}],"wp:attachment":[{"href":"https:\/\/nationaltrustcanada.ca\/fr\/wp-json\/wp\/v2\/media?parent=1441"}],"curies":[{"name":"wp","href":"https:\/\/api.w.org\/{rel}","templated":true}]}}