{"id":1433,"date":"2015-09-11T13:06:28","date_gmt":"2015-09-11T13:06:28","guid":{"rendered":"http:\/\/nationaltrustcanada.ca?page_id=1433"},"modified":"2023-11-17T12:38:42","modified_gmt":"2023-11-17T17:38:42","slug":"prix","status":"publish","type":"page","link":"https:\/\/nationaltrustcanada.ca\/fr\/ce-que-vous-pouvez-faire\/prix","title":{"rendered":"Prix et d\u00e9corations"},"content":{"rendered":"<h4>C\u00e9l\u00e9brer des lieux qui importent<\/h4>\n<hr \/>\n<p>Les Prix de la Fiducie nationale rendent hommage \u00e0 des contributions \u00e0 la communaut\u00e9, \u00e0 l\u2019identit\u00e9 et au sentiment d\u2019appartenance. Nous sommes \u00e0 la recherche de projets transformateurs, de collectivit\u00e9s inspirantes et de lieux historiques r\u00e9silients \u2013 paysages, structures, complexes, quartiers, r\u00e9serves et collectivit\u00e9s des Premi\u00e8res Nations, villages ou villes. Sont admissibles \u00e0 nos prix les organismes sans but lucratif, les organismes caritatifs, les entreprises priv\u00e9es et les gouvernements, y compris les municipalit\u00e9s et les gouvernements des Premi\u00e8res Nations. En somme, c\u2019est quiconque fait vivre des lieux historiques et ainsi am\u00e9liore la qualit\u00e9 de vie, dans l\u2019int\u00e9r\u00eat de la population et de la localit\u00e9. Connaissez-vous des projets qui retiennent l\u2019attention \u00e0 l\u2019\u00e9chelle locale ou r\u00e9gionale, mais qui m\u00e9ritent d\u2019\u00eatre connus \u00e0 l\u2019\u00e9chelle nationale? Ou de magnifiques lieux historiques dans des r\u00e9gions isol\u00e9es que les Canadiens devraient d\u00e9couvrir? Proposez-les!<\/p>\n<div id=\"anciens-laureats\"><\/div>\n","protected":false},"excerpt":{"rendered":"<p>C\u00e9l\u00e9brer des lieux qui importent Les Prix de la Fiducie nationale rendent hommage \u00e0 des contributions \u00e0 la communaut\u00e9, \u00e0&#8230;<\/p>\n","protected":false},"author":4,"featured_media":2168,"parent":1314,"menu_order":2,"comment_status":"closed","ping_status":"closed","template":"template-parts\/template-awards.php","meta":{"_acf_changed":false,"footnotes":""},"class_list":["post-1433","page","type-page","status-publish","has-post-thumbnail","hentry"],"acf":[],"yoast_head":"<!-- This site is optimized with the Yoast SEO plugin v26.3 - https:\/\/yoast.com\/wordpress\/plugins\/seo\/ -->\n<title>Prix et d\u00e9corations - Fiducie nationale du Canada<\/title>\n<meta name=\"robots\" content=\"index, follow, max-snippet:-1, max-image-preview:large, max-video-preview:-1\" \/>\n<link rel=\"canonical\" href=\"https:\/\/nationaltrustcanada.ca\/fr\/ce-que-vous-pouvez-faire\/prix\" \/>\n<meta property=\"og:locale\" content=\"fr_FR\" \/>\n<meta property=\"og:type\" content=\"article\" \/>\n<meta property=\"og:title\" content=\"Prix et d\u00e9corations - Fiducie nationale du Canada\" \/>\n<meta property=\"og:description\" content=\"C\u00e9l\u00e9brer des lieux qui importent Les Prix de la Fiducie nationale rendent hommage \u00e0 des contributions \u00e0 la communaut\u00e9, \u00e0...\" \/>\n<meta property=\"og:url\" content=\"https:\/\/nationaltrustcanada.ca\/fr\/ce-que-vous-pouvez-faire\/prix\" \/>\n<meta property=\"og:site_name\" content=\"Fiducie nationale du Canada\" \/>\n<meta property=\"article:modified_time\" content=\"2023-11-17T17:38:42+00:00\" \/>\n<meta property=\"og:image\" content=\"https:\/\/nationaltrustcanada.ca\/wp-content\/uploads\/2017\/05\/Awards_Emily1200x800.jpg\" \/>\n\t<meta property=\"og:image:width\" content=\"1200\" \/>\n\t<meta property=\"og:image:height\" content=\"800\" \/>\n\t<meta property=\"og:image:type\" content=\"image\/jpeg\" \/>\n<meta name=\"twitter:card\" content=\"summary_large_image\" \/>\n<meta name=\"twitter:label1\" content=\"Dur\u00e9e de lecture estim\u00e9e\" \/>\n\t<meta name=\"twitter:data1\" content=\"1 minute\" \/>\n<script type=\"application\/ld+json\" class=\"yoast-schema-graph\">{\"@context\":\"https:\/\/schema.org\",\"@graph\":[{\"@type\":\"WebPage\",\"@id\":\"https:\/\/nationaltrustcanada.ca\/fr\/ce-que-vous-pouvez-faire\/prix\",\"url\":\"https:\/\/nationaltrustcanada.ca\/fr\/ce-que-vous-pouvez-faire\/prix\",\"name\":\"Prix et d\u00e9corations - Fiducie nationale du Canada\",\"isPartOf\":{\"@id\":\"https:\/\/nationaltrustcanada.ca\/#website\"},\"primaryImageOfPage\":{\"@id\":\"https:\/\/nationaltrustcanada.ca\/fr\/ce-que-vous-pouvez-faire\/prix#primaryimage\"},\"image\":{\"@id\":\"https:\/\/nationaltrustcanada.ca\/fr\/ce-que-vous-pouvez-faire\/prix#primaryimage\"},\"thumbnailUrl\":\"https:\/\/nationaltrustcanada.ca\/wp-content\/uploads\/2017\/05\/Awards_Emily1200x800.jpg\",\"datePublished\":\"2015-09-11T13:06:28+00:00\",\"dateModified\":\"2023-11-17T17:38:42+00:00\",\"breadcrumb\":{\"@id\":\"https:\/\/nationaltrustcanada.ca\/fr\/ce-que-vous-pouvez-faire\/prix#breadcrumb\"},\"inLanguage\":\"fr-FR\",\"potentialAction\":[{\"@type\":\"ReadAction\",\"target\":[\"https:\/\/nationaltrustcanada.ca\/fr\/ce-que-vous-pouvez-faire\/prix\"]}]},{\"@type\":\"ImageObject\",\"inLanguage\":\"fr-FR\",\"@id\":\"https:\/\/nationaltrustcanada.ca\/fr\/ce-que-vous-pouvez-faire\/prix#primaryimage\",\"url\":\"https:\/\/nationaltrustcanada.ca\/wp-content\/uploads\/2017\/05\/Awards_Emily1200x800.jpg\",\"contentUrl\":\"https:\/\/nationaltrustcanada.ca\/wp-content\/uploads\/2017\/05\/Awards_Emily1200x800.jpg\",\"width\":1200,\"height\":800},{\"@type\":\"BreadcrumbList\",\"@id\":\"https:\/\/nationaltrustcanada.ca\/fr\/ce-que-vous-pouvez-faire\/prix#breadcrumb\",\"itemListElement\":[{\"@type\":\"ListItem\",\"position\":1,\"name\":\"Home\",\"item\":\"https:\/\/nationaltrustcanada.ca\/fr\"},{\"@type\":\"ListItem\",\"position\":2,\"name\":\"Ce que vous pouvez faire\",\"item\":\"https:\/\/nationaltrustcanada.ca\/fr\/ce-que-vous-pouvez-faire\"},{\"@type\":\"ListItem\",\"position\":3,\"name\":\"Prix et d\u00e9corations\"}]},{\"@type\":\"WebSite\",\"@id\":\"https:\/\/nationaltrustcanada.ca\/#website\",\"url\":\"https:\/\/nationaltrustcanada.ca\/\",\"name\":\"Fiducie nationale du Canada\",\"description\":\"Bringing Heritage to Life\",\"potentialAction\":[{\"@type\":\"SearchAction\",\"target\":{\"@type\":\"EntryPoint\",\"urlTemplate\":\"https:\/\/nationaltrustcanada.ca\/?s={search_term_string}\"},\"query-input\":{\"@type\":\"PropertyValueSpecification\",\"valueRequired\":true,\"valueName\":\"search_term_string\"}}],\"inLanguage\":\"fr-FR\"}]}<\/script>\n<!-- \/ Yoast SEO plugin. -->","yoast_head_json":{"title":"Prix et d\u00e9corations - Fiducie nationale du Canada","robots":{"index":"index","follow":"follow","max-snippet":"max-snippet:-1","max-image-preview":"max-image-preview:large","max-video-preview":"max-video-preview:-1"},"canonical":"https:\/\/nationaltrustcanada.ca\/fr\/ce-que-vous-pouvez-faire\/prix","og_locale":"fr_FR","og_type":"article","og_title":"Prix et d\u00e9corations - Fiducie nationale du Canada","og_description":"C\u00e9l\u00e9brer des lieux qui importent Les Prix de la Fiducie nationale rendent hommage \u00e0 des contributions \u00e0 la communaut\u00e9, \u00e0...","og_url":"https:\/\/nationaltrustcanada.ca\/fr\/ce-que-vous-pouvez-faire\/prix","og_site_name":"Fiducie nationale du Canada","article_modified_time":"2023-11-17T17:38:42+00:00","og_image":[{"width":1200,"height":800,"url":"https:\/\/nationaltrustcanada.ca\/wp-content\/uploads\/2017\/05\/Awards_Emily1200x800.jpg","type":"image\/jpeg"}],"twitter_card":"summary_large_image","twitter_misc":{"Dur\u00e9e de lecture estim\u00e9e":"1 minute"},"schema":{"@context":"https:\/\/schema.org","@graph":[{"@type":"WebPage","@id":"https:\/\/nationaltrustcanada.ca\/fr\/ce-que-vous-pouvez-faire\/prix","url":"https:\/\/nationaltrustcanada.ca\/fr\/ce-que-vous-pouvez-faire\/prix","name":"Prix et d\u00e9corations - Fiducie nationale du Canada","isPartOf":{"@id":"https:\/\/nationaltrustcanada.ca\/#website"},"primaryImageOfPage":{"@id":"https:\/\/nationaltrustcanada.ca\/fr\/ce-que-vous-pouvez-faire\/prix#primaryimage"},"image":{"@id":"https:\/\/nationaltrustcanada.ca\/fr\/ce-que-vous-pouvez-faire\/prix#primaryimage"},"thumbnailUrl":"https:\/\/nationaltrustcanada.ca\/wp-content\/uploads\/2017\/05\/Awards_Emily1200x800.jpg","datePublished":"2015-09-11T13:06:28+00:00","dateModified":"2023-11-17T17:38:42+00:00","breadcrumb":{"@id":"https:\/\/nationaltrustcanada.ca\/fr\/ce-que-vous-pouvez-faire\/prix#breadcrumb"},"inLanguage":"fr-FR","potentialAction":[{"@type":"ReadAction","target":["https:\/\/nationaltrustcanada.ca\/fr\/ce-que-vous-pouvez-faire\/prix"]}]},{"@type":"ImageObject","inLanguage":"fr-FR","@id":"https:\/\/nationaltrustcanada.ca\/fr\/ce-que-vous-pouvez-faire\/prix#primaryimage","url":"https:\/\/nationaltrustcanada.ca\/wp-content\/uploads\/2017\/05\/Awards_Emily1200x800.jpg","contentUrl":"https:\/\/nationaltrustcanada.ca\/wp-content\/uploads\/2017\/05\/Awards_Emily1200x800.jpg","width":1200,"height":800},{"@type":"BreadcrumbList","@id":"https:\/\/nationaltrustcanada.ca\/fr\/ce-que-vous-pouvez-faire\/prix#breadcrumb","itemListElement":[{"@type":"ListItem","position":1,"name":"Home","item":"https:\/\/nationaltrustcanada.ca\/fr"},{"@type":"ListItem","position":2,"name":"Ce que vous pouvez faire","item":"https:\/\/nationaltrustcanada.ca\/fr\/ce-que-vous-pouvez-faire"},{"@type":"ListItem","position":3,"name":"Prix et d\u00e9corations"}]},{"@type":"WebSite","@id":"https:\/\/nationaltrustcanada.ca\/#website","url":"https:\/\/nationaltrustcanada.ca\/","name":"Fiducie nationale du Canada","description":"Bringing Heritage to Life","potentialAction":[{"@type":"SearchAction","target":{"@type":"EntryPoint","urlTemplate":"https:\/\/nationaltrustcanada.ca\/?s={search_term_string}"},"query-input":{"@type":"PropertyValueSpecification","valueRequired":true,"valueName":"search_term_string"}}],"inLanguage":"fr-FR"}]}},"_links":{"self":[{"href":"https:\/\/nationaltrustcanada.ca\/fr\/wp-json\/wp\/v2\/pages\/1433","targetHints":{"allow":["GET"]}}],"collection":[{"href":"https:\/\/nationaltrustcanada.ca\/fr\/wp-json\/wp\/v2\/pages"}],"about":[{"href":"https:\/\/nationaltrustcanada.ca\/fr\/wp-json\/wp\/v2\/types\/page"}],"author":[{"embeddable":true,"href":"https:\/\/nationaltrustcanada.ca\/fr\/wp-json\/wp\/v2\/users\/4"}],"replies":[{"embeddable":true,"href":"https:\/\/nationaltrustcanada.ca\/fr\/wp-json\/wp\/v2\/comments?post=1433"}],"version-history":[{"count":52,"href":"https:\/\/nationaltrustcanada.ca\/fr\/wp-json\/wp\/v2\/pages\/1433\/revisions"}],"predecessor-version":[{"id":18206,"href":"https:\/\/nationaltrustcanada.ca\/fr\/wp-json\/wp\/v2\/pages\/1433\/revisions\/18206"}],"up":[{"embeddable":true,"href":"https:\/\/nationaltrustcanada.ca\/fr\/wp-json\/wp\/v2\/pages\/1314"}],"wp:featuredmedia":[{"embeddable":true,"href":"https:\/\/nationaltrustcanada.ca\/fr\/wp-json\/wp\/v2\/media\/2168"}],"wp:attachment":[{"href":"https:\/\/nationaltrustcanada.ca\/fr\/wp-json\/wp\/v2\/media?parent=1433"}],"curies":[{"name":"wp","href":"https:\/\/api.w.org\/{rel}","templated":true}]}}