{"id":1431,"date":"2017-09-08T19:13:26","date_gmt":"2017-09-08T19:13:26","guid":{"rendered":"http:\/\/nationaltrustcanada.ca?page_id=1431"},"modified":"2022-07-22T10:08:31","modified_gmt":"2022-07-22T14:08:31","slug":"le-conseil-dadministration-vous-interesse","status":"publish","type":"page","link":"https:\/\/nationaltrustcanada.ca\/fr\/qui-nous-sommes-2\/notre-conseil-dadministration\/le-conseil-dadministration-vous-interesse","title":{"rendered":"Le conseil d&rsquo;administration vous int\u00e9resse?"},"content":{"rendered":"<h3><\/h3>\n<h2><\/h2>\n<p>&nbsp;<\/p>\n<h2>Foire aux questions<\/h2>\n<p><strong>Quel est le r\u00f4le du conseil d&rsquo;administration?\u00a0\u00a0<\/strong>Les administrateurs doivent promouvoir les int\u00e9r\u00eats et la mission de la Fiducie nationale; assurer sa stabilit\u00e9 financi\u00e8re; \u00e9laborer et approuver les politiques organisationnelles ainsi que les plans op\u00e9rationnels. Ils peuvent aussi \u00eatre appel\u00e9s \u00e0 aider \u00e0 engager le dialogue avec des chefs de file de la communaut\u00e9, \u00e0 rechercher des fonds aupr\u00e8s de diverses sources et \u00e0 mettre leurs connaissances et leurs r\u00e9seaux \u00e0 contribution pour favoriser le succ\u00e8s des initiatives de la Fiducie nationale.<\/p>\n<p><strong>Quelle est la dur\u00e9e du mandat?\u00a0\u00a0<\/strong>Le mandat d&rsquo;un administrateur est de trois ans et chaque administrateur peut servir au plus deux mandats, soit jusqu&rsquo;\u00e0 six ans.<\/p>\n<p><strong>\u00c0 quelle fr\u00e9quence le conseil d&rsquo;administration se r\u00e9unit-il?\u00a0\u00a0<\/strong>Le conseil d&rsquo;administration se r\u00e9unit de fa\u00e7on g\u00e9n\u00e9rale trois fois l&rsquo;an. L&rsquo;hiver, une r\u00e9union a habituellement lieu \u00e0 Ottawa en d\u00e9cembre ou en f\u00e9vrier. La r\u00e9union d&rsquo;\u00e9t\u00e9 g\u00e9n\u00e9ralement en mai ou en juin. La r\u00e9union d&rsquo;automne a lieu en m\u00eame temps que la conf\u00e9rence annuelle, en septembre ou octobre.<\/p>\n<p><strong>Quelles dispositions sont pr\u00e9vues pour les d\u00e9placements et l&rsquo;h\u00e9bergement?\u00a0\u00a0<\/strong>Les d\u00e9placements et les chambres d&rsquo;h\u00f4tel sont r\u00e9serv\u00e9es pour chaque administrateur et pay\u00e9es par la Fiducie nationale du Canada.<\/p>\n<p><strong>Quelles dispositions sont pr\u00e9vues pour les repas et les menus frais?\u00a0\u00a0<\/strong>Les repas et menus frais sont rembours\u00e9s selon un bar\u00e8me semblable \u00e0 celui du gouvernement f\u00e9d\u00e9ral.<\/p>\n<p><strong>Combien de temps le travail de membre du conseil d&rsquo;administration peut-il exiger?\u00a0<\/strong>Les administrateurs doivent \u00eatre pr\u00eats \u00e0 consacrer jusqu\u2019\u00e0 deux jours pour chaque r\u00e9union du conseil. Entre les r\u00e9unions, les administrateurs participent aux t\u00e9l\u00e9conf\u00e9rences des comit\u00e9s, communiquent leurs commentaires et assistent \u00e0 des r\u00e9unions ayant trait \u00e0 des initiatives de la Fiducie nationale du Canada.<\/p>\n<p><strong>Quel est le processus \u00e9lectoral?\u00a0\u00a0<\/strong>Les membres du Comit\u00e9 des candidatures passent en entrevue tous les candidats potentiels, y compris les administrateurs en poste qui sont admissibles \u00e0 un deuxi\u00e8me mandat. \u00c0 la lumi\u00e8re des recommandations du Comit\u00e9, le conseil d\u2019administration d\u00e9termine quels candidats semblent r\u00e9pondre le mieux aux besoins de l\u2019organisation, et les inscrit \u00e0 la liste de candidats qui sera pr\u00e9sent\u00e9e lors de l\u2019\u00e9lection \u00e0 l\u2019assembl\u00e9e g\u00e9n\u00e9rale annuelle.<\/p>\n<p>Toute personne qui n\u2019est pas ainsi propos\u00e9e par le Comit\u00e9 des candidatures et le conseil d\u2019administration peut choisir de pr\u00e9senter sa candidature conform\u00e9ment aux r\u00e8glements. Le cas \u00e9ch\u00e9ant, la personne re\u00e7oit un formulaire qu\u2019elle peut utiliser pour solliciter l\u2019appui d\u2019au moins 20\u00a0membres en r\u00e8gle de sa province ou de son territoire.<\/p>\n","protected":false},"excerpt":{"rendered":"<p>&nbsp; Foire aux questions Quel est le r\u00f4le du conseil d&rsquo;administration?\u00a0\u00a0Les administrateurs doivent promouvoir les int\u00e9r\u00eats et la mission de&#8230;<\/p>\n","protected":false},"author":4,"featured_media":0,"parent":1772,"menu_order":0,"comment_status":"closed","ping_status":"closed","template":"","meta":{"_acf_changed":false,"footnotes":""},"class_list":["post-1431","page","type-page","status-publish","hentry"],"acf":[],"yoast_head":"<!-- This site is optimized with the Yoast SEO plugin v26.3 - https:\/\/yoast.com\/wordpress\/plugins\/seo\/ -->\n<title>Le conseil d&#039;administration vous int\u00e9resse? - Fiducie nationale du Canada<\/title>\n<meta name=\"robots\" content=\"index, follow, max-snippet:-1, max-image-preview:large, max-video-preview:-1\" \/>\n<link rel=\"canonical\" href=\"https:\/\/nationaltrustcanada.ca\/fr\/qui-nous-sommes-2\/notre-conseil-dadministration\/le-conseil-dadministration-vous-interesse\" \/>\n<meta property=\"og:locale\" content=\"fr_FR\" \/>\n<meta property=\"og:type\" content=\"article\" \/>\n<meta property=\"og:title\" content=\"Le conseil d&#039;administration vous int\u00e9resse? - Fiducie nationale du Canada\" \/>\n<meta property=\"og:description\" content=\"&nbsp; Foire aux questions Quel est le r\u00f4le du conseil d&rsquo;administration?\u00a0\u00a0Les administrateurs doivent promouvoir les int\u00e9r\u00eats et la mission de...\" \/>\n<meta property=\"og:url\" content=\"https:\/\/nationaltrustcanada.ca\/fr\/qui-nous-sommes-2\/notre-conseil-dadministration\/le-conseil-dadministration-vous-interesse\" \/>\n<meta property=\"og:site_name\" content=\"Fiducie nationale du Canada\" \/>\n<meta property=\"article:modified_time\" content=\"2022-07-22T14:08:31+00:00\" \/>\n<meta name=\"twitter:card\" content=\"summary_large_image\" \/>\n<meta name=\"twitter:label1\" content=\"Dur\u00e9e de lecture estim\u00e9e\" \/>\n\t<meta name=\"twitter:data1\" content=\"2 minutes\" \/>\n<script type=\"application\/ld+json\" class=\"yoast-schema-graph\">{\"@context\":\"https:\/\/schema.org\",\"@graph\":[{\"@type\":\"WebPage\",\"@id\":\"https:\/\/nationaltrustcanada.ca\/fr\/qui-nous-sommes-2\/notre-conseil-dadministration\/le-conseil-dadministration-vous-interesse\",\"url\":\"https:\/\/nationaltrustcanada.ca\/fr\/qui-nous-sommes-2\/notre-conseil-dadministration\/le-conseil-dadministration-vous-interesse\",\"name\":\"Le conseil d'administration vous int\u00e9resse? - Fiducie nationale du Canada\",\"isPartOf\":{\"@id\":\"https:\/\/nationaltrustcanada.ca\/#website\"},\"datePublished\":\"2017-09-08T19:13:26+00:00\",\"dateModified\":\"2022-07-22T14:08:31+00:00\",\"breadcrumb\":{\"@id\":\"https:\/\/nationaltrustcanada.ca\/fr\/qui-nous-sommes-2\/notre-conseil-dadministration\/le-conseil-dadministration-vous-interesse#breadcrumb\"},\"inLanguage\":\"fr-FR\",\"potentialAction\":[{\"@type\":\"ReadAction\",\"target\":[\"https:\/\/nationaltrustcanada.ca\/fr\/qui-nous-sommes-2\/notre-conseil-dadministration\/le-conseil-dadministration-vous-interesse\"]}]},{\"@type\":\"BreadcrumbList\",\"@id\":\"https:\/\/nationaltrustcanada.ca\/fr\/qui-nous-sommes-2\/notre-conseil-dadministration\/le-conseil-dadministration-vous-interesse#breadcrumb\",\"itemListElement\":[{\"@type\":\"ListItem\",\"position\":1,\"name\":\"Home\",\"item\":\"https:\/\/nationaltrustcanada.ca\/fr\"},{\"@type\":\"ListItem\",\"position\":2,\"name\":\"Qui Nous Sommes\",\"item\":\"https:\/\/nationaltrustcanada.ca\/fr\/qui-nous-sommes-2\"},{\"@type\":\"ListItem\",\"position\":3,\"name\":\"Notre conseil d\u2019administration national\",\"item\":\"https:\/\/nationaltrustcanada.ca\/fr\/qui-nous-sommes-2\/notre-conseil-dadministration\"},{\"@type\":\"ListItem\",\"position\":4,\"name\":\"Le conseil d&#8217;administration vous int\u00e9resse?\"}]},{\"@type\":\"WebSite\",\"@id\":\"https:\/\/nationaltrustcanada.ca\/#website\",\"url\":\"https:\/\/nationaltrustcanada.ca\/\",\"name\":\"Fiducie nationale du Canada\",\"description\":\"Bringing Heritage to Life\",\"potentialAction\":[{\"@type\":\"SearchAction\",\"target\":{\"@type\":\"EntryPoint\",\"urlTemplate\":\"https:\/\/nationaltrustcanada.ca\/?s={search_term_string}\"},\"query-input\":{\"@type\":\"PropertyValueSpecification\",\"valueRequired\":true,\"valueName\":\"search_term_string\"}}],\"inLanguage\":\"fr-FR\"}]}<\/script>\n<!-- \/ Yoast SEO plugin. -->","yoast_head_json":{"title":"Le conseil d'administration vous int\u00e9resse? - Fiducie nationale du Canada","robots":{"index":"index","follow":"follow","max-snippet":"max-snippet:-1","max-image-preview":"max-image-preview:large","max-video-preview":"max-video-preview:-1"},"canonical":"https:\/\/nationaltrustcanada.ca\/fr\/qui-nous-sommes-2\/notre-conseil-dadministration\/le-conseil-dadministration-vous-interesse","og_locale":"fr_FR","og_type":"article","og_title":"Le conseil d'administration vous int\u00e9resse? - Fiducie nationale du Canada","og_description":"&nbsp; Foire aux questions Quel est le r\u00f4le du conseil d&rsquo;administration?\u00a0\u00a0Les administrateurs doivent promouvoir les int\u00e9r\u00eats et la mission de...","og_url":"https:\/\/nationaltrustcanada.ca\/fr\/qui-nous-sommes-2\/notre-conseil-dadministration\/le-conseil-dadministration-vous-interesse","og_site_name":"Fiducie nationale du Canada","article_modified_time":"2022-07-22T14:08:31+00:00","twitter_card":"summary_large_image","twitter_misc":{"Dur\u00e9e de lecture estim\u00e9e":"2 minutes"},"schema":{"@context":"https:\/\/schema.org","@graph":[{"@type":"WebPage","@id":"https:\/\/nationaltrustcanada.ca\/fr\/qui-nous-sommes-2\/notre-conseil-dadministration\/le-conseil-dadministration-vous-interesse","url":"https:\/\/nationaltrustcanada.ca\/fr\/qui-nous-sommes-2\/notre-conseil-dadministration\/le-conseil-dadministration-vous-interesse","name":"Le conseil d'administration vous int\u00e9resse? - Fiducie nationale du Canada","isPartOf":{"@id":"https:\/\/nationaltrustcanada.ca\/#website"},"datePublished":"2017-09-08T19:13:26+00:00","dateModified":"2022-07-22T14:08:31+00:00","breadcrumb":{"@id":"https:\/\/nationaltrustcanada.ca\/fr\/qui-nous-sommes-2\/notre-conseil-dadministration\/le-conseil-dadministration-vous-interesse#breadcrumb"},"inLanguage":"fr-FR","potentialAction":[{"@type":"ReadAction","target":["https:\/\/nationaltrustcanada.ca\/fr\/qui-nous-sommes-2\/notre-conseil-dadministration\/le-conseil-dadministration-vous-interesse"]}]},{"@type":"BreadcrumbList","@id":"https:\/\/nationaltrustcanada.ca\/fr\/qui-nous-sommes-2\/notre-conseil-dadministration\/le-conseil-dadministration-vous-interesse#breadcrumb","itemListElement":[{"@type":"ListItem","position":1,"name":"Home","item":"https:\/\/nationaltrustcanada.ca\/fr"},{"@type":"ListItem","position":2,"name":"Qui Nous Sommes","item":"https:\/\/nationaltrustcanada.ca\/fr\/qui-nous-sommes-2"},{"@type":"ListItem","position":3,"name":"Notre conseil d\u2019administration national","item":"https:\/\/nationaltrustcanada.ca\/fr\/qui-nous-sommes-2\/notre-conseil-dadministration"},{"@type":"ListItem","position":4,"name":"Le conseil d&#8217;administration vous int\u00e9resse?"}]},{"@type":"WebSite","@id":"https:\/\/nationaltrustcanada.ca\/#website","url":"https:\/\/nationaltrustcanada.ca\/","name":"Fiducie nationale du Canada","description":"Bringing Heritage to Life","potentialAction":[{"@type":"SearchAction","target":{"@type":"EntryPoint","urlTemplate":"https:\/\/nationaltrustcanada.ca\/?s={search_term_string}"},"query-input":{"@type":"PropertyValueSpecification","valueRequired":true,"valueName":"search_term_string"}}],"inLanguage":"fr-FR"}]}},"_links":{"self":[{"href":"https:\/\/nationaltrustcanada.ca\/fr\/wp-json\/wp\/v2\/pages\/1431","targetHints":{"allow":["GET"]}}],"collection":[{"href":"https:\/\/nationaltrustcanada.ca\/fr\/wp-json\/wp\/v2\/pages"}],"about":[{"href":"https:\/\/nationaltrustcanada.ca\/fr\/wp-json\/wp\/v2\/types\/page"}],"author":[{"embeddable":true,"href":"https:\/\/nationaltrustcanada.ca\/fr\/wp-json\/wp\/v2\/users\/4"}],"replies":[{"embeddable":true,"href":"https:\/\/nationaltrustcanada.ca\/fr\/wp-json\/wp\/v2\/comments?post=1431"}],"version-history":[{"count":16,"href":"https:\/\/nationaltrustcanada.ca\/fr\/wp-json\/wp\/v2\/pages\/1431\/revisions"}],"predecessor-version":[{"id":14729,"href":"https:\/\/nationaltrustcanada.ca\/fr\/wp-json\/wp\/v2\/pages\/1431\/revisions\/14729"}],"up":[{"embeddable":true,"href":"https:\/\/nationaltrustcanada.ca\/fr\/wp-json\/wp\/v2\/pages\/1772"}],"wp:attachment":[{"href":"https:\/\/nationaltrustcanada.ca\/fr\/wp-json\/wp\/v2\/media?parent=1431"}],"curies":[{"name":"wp","href":"https:\/\/api.w.org\/{rel}","templated":true}]}}