{"id":14194,"date":"2022-04-08T16:03:49","date_gmt":"2022-04-08T20:03:49","guid":{"rendered":"https:\/\/nationaltrustcanada.ca\/?page_id=14194"},"modified":"2022-04-08T16:03:49","modified_gmt":"2022-04-08T20:03:49","slug":"les-organismes-nationaux-du-patrimoine-reagissent-au-budget-federal-de-2022","status":"publish","type":"page","link":"https:\/\/nationaltrustcanada.ca\/fr\/ce-que-vous-pouvez-faire\/advocacy-action\/les-organismes-nationaux-du-patrimoine-reagissent-au-budget-federal-de-2022","title":{"rendered":"Les organismes nationaux du patrimoine r\u00e9agissent au budget f\u00e9d\u00e9ral de 2022"},"content":{"rendered":"<p><b><span data-contrast=\"none\"><img loading=\"lazy\" decoding=\"async\" class=\" wp-image-14190 aligncenter\" src=\"https:\/\/nationaltrustcanada.ca\/wp-content\/uploads\/2022\/04\/MicrosoftTeams-image-1-300x100.jpg\" alt=\"\" width=\"699\" height=\"233\" srcset=\"https:\/\/nationaltrustcanada.ca\/wp-content\/uploads\/2022\/04\/MicrosoftTeams-image-1-300x100.jpg 300w, https:\/\/nationaltrustcanada.ca\/wp-content\/uploads\/2022\/04\/MicrosoftTeams-image-1-1024x341.jpg 1024w, https:\/\/nationaltrustcanada.ca\/wp-content\/uploads\/2022\/04\/MicrosoftTeams-image-1-768x256.jpg 768w, https:\/\/nationaltrustcanada.ca\/wp-content\/uploads\/2022\/04\/MicrosoftTeams-image-1.jpg 1200w\" sizes=\"auto, (max-width: 699px) 100vw, 699px\" \/><\/span><\/b><\/p>\n<p><b><span data-contrast=\"none\">Dans un budget f\u00e9d\u00e9ral ax\u00e9 \u00e0 juste titre sur l\u2019acc\u00e8s au logement et l\u2019\u00e9cologisation de l\u2019\u00e9conomie, il y a des occasions manqu\u00e9es d\u2019investissements visant express\u00e9ment le patrimoine b\u00e2ti qui auraient contribu\u00e9 \u00e0 ces deux objectifs. Les quatre ONG nationales du Canada vou\u00e9es \u00e0 la conservation du patrimoine \u2013 la Fiducie nationale du Canada, ICOMOS Canada, l\u2019Association canadienne d\u2019experts-conseils en patrimoine et le Cercle du patrimoine autochtone \u2013 \u00e9valuent le budget 2022 au regard des recommandations du secteur dans quatre domaines\u202f:\u00a0<\/span><\/b><span data-ccp-props=\"{&quot;134233118&quot;:true,&quot;201341983&quot;:0,&quot;335559739&quot;:160,&quot;335559740&quot;:240}\">\u00a0<\/span><\/p>\n<h2><b><span data-contrast=\"none\">Logement, immeubles et r\u00e9novations \u00e9cologiques<\/span><\/b><span data-ccp-props=\"{&quot;201341983&quot;:0,&quot;335559739&quot;:160,&quot;335559740&quot;:240}\">\u00a0<\/span><\/h2>\n<p><span data-contrast=\"none\">La documentation budg\u00e9taire reconna\u00eet que plus des deux tiers des b\u00e2timents que l\u2019on trouvera au Canada en 2050 sont d\u00e9j\u00e0 construits aujourd\u2019hui, et que les b\u00e2timents et les logements sont la troisi\u00e8me source d\u2019\u00e9missions de gaz \u00e0 effet de serre au Canada. Le budget comprend un \u00e9ventail de programmes et investissements louables pour acc\u00e9l\u00e9rer et augmenter la r\u00e9novation d\u2019immeubles au Canada, dont les propri\u00e9taires et exploitants de lieux du patrimoine et autres b\u00e2timents anciens pourraient b\u00e9n\u00e9ficier. En m\u00eame temps, le budget encourage \u00e0 la cr\u00e9ation de nouveaux logements et vise \u00e0 \u00ab\u202f\u00e9liminer les obstacles qui emp\u00eachent leur construction\u202f\u00bb.\u202fDe fait, il y a de grands obstacles \u00e0 la r\u00e9utilisation d\u2019immeubles du patrimoine et autres b\u00e2timents existants au Canada. En \u00e9liminant ces obstacles-l\u00e0, le Canada augmenterait sa capacit\u00e9 de fournir du logement abordable et de progresser sur ses objectifs de d\u00e9carbonisation. Malheureusement, le budget ne pr\u00e9voit pas de mesures pour rectifier les \u00e9l\u00e9ments du syst\u00e8me fiscal f\u00e9d\u00e9ral qui favorisent la d\u00e9molition non n\u00e9cessaire, l\u2019extraction de ressources et la nouvelle construction. Il ne pr\u00e9voit pas non plus d\u2019incitatifs pour susciter l\u2019investissement dans la r\u00e9utilisation des immeubles, malgr\u00e9 les recommandations que formule depuis longtemps le secteur du patrimoine.<\/span><span data-ccp-props=\"{&quot;201341983&quot;:0,&quot;335559739&quot;:160,&quot;335559740&quot;:240}\">\u00a0<\/span><\/p>\n<h2><b><span data-contrast=\"none\">D\u00e9veloppement des comp\u00e9tences et formation<\/span><\/b><span data-ccp-props=\"{&quot;201341983&quot;:0,&quot;335559739&quot;:160,&quot;335559740&quot;:240}\">\u00a0<\/span><\/h2>\n<p><span data-contrast=\"none\">Il sera essentiel, \u00e0 la fois pour s\u2019attaquer \u00e0 notre crise du logement et pour r\u00e9aliser les objectifs climatiques du Canada, de disposer d\u2019ouvriers pouvant travailler dans des immeubles du patrimoine et autres b\u00e2timents existants. Nous pressons le gouvernement de s\u2019assurer que le nouveau centre de formation pour les emplois propres et la d\u00e9duction pour la mobilit\u00e9 des gens de m\u00e9tier serviront \u00e0 pr\u00e9parer le secteur de la construction pour acc\u00e9l\u00e9rer la r\u00e9novation \u00e9cologique et la r\u00e9utilisation d\u2019immeubles existants ainsi qu\u2019\u00e0 la formation de la prochaine g\u00e9n\u00e9ration de travailleurs du patrimoine.<\/span><span data-ccp-props=\"{&quot;134233118&quot;:true,&quot;201341983&quot;:0,&quot;335559739&quot;:160,&quot;335559740&quot;:240}\">\u00a0<\/span><\/p>\n<h2><b><span data-contrast=\"none\">Patrimoine autochtone<\/span><\/b><span data-ccp-props=\"{&quot;201341983&quot;:0,&quot;335559739&quot;:160,&quot;335559740&quot;:240}\">\u00a0<\/span><\/h2>\n<p><span data-contrast=\"none\">La Fiducie nationale, le Cercle du patrimoine autochtone, ICOMOS Canada et l\u2019Association canadienne d\u2019experts-conseils en patrimoine constatent avec satisfaction le financement durable pr\u00e9vu pour la construction et l\u2019exploitation de nouvelles installations du Centre national pour la v\u00e9rit\u00e9 et la r\u00e9conciliation, ainsi que l\u2019appui accru \u00e0 l\u2019\u00e9gard des enfants disparus et des tombes anonymes, et la pleine divulgation des documents f\u00e9d\u00e9raux relatifs aux pensionnats.\u00a0<\/span><span data-ccp-props=\"{&quot;201341983&quot;:0,&quot;335559739&quot;:160,&quot;335559740&quot;:240}\">\u00a0<\/span><\/p>\n<p><span data-contrast=\"none\">Le document budg\u00e9taire constate que des institutions dirig\u00e9es par des Autochtones sont n\u00e9cessaires pour b\u00e2tir des nations autochtones fortes. Par contre, il est muet au sujet de la recommandation du secteur de renforcer les aptitudes au leadership essentielles pour avancer sur les priorit\u00e9s li\u00e9es au patrimoine culturel qui sont importantes pour les M\u00e9tis, les Inuits et les Premi\u00e8res Nations du Canada en fournissant un investissement initial de 50\u202fmillions sur trois ans au Cercle du patrimoine autochtone, un organisme national dirig\u00e9 par des Autochtones. Le budget affecte toutefois 25\u202fmillions de dollars sur trois ans \u00e0 Parcs Canada pour appuyer la comm\u00e9moration des sites des anciens pensionnats autochtones. On peut esp\u00e9rer que ce financement profitera directement aux communaut\u00e9s autochtones partout au Canada, leur permettant de mener \u00e0 bien leurs propres initiatives de comm\u00e9moration \u2013 comme celle de la Premi\u00e8re Nation de Muskowekwan qui veut faire d\u2019un lieu historique national et ancien pensionnat en Saskatchewan un lieu de conscience.<\/span><span data-ccp-props=\"{&quot;201341983&quot;:0,&quot;335559739&quot;:160,&quot;335559740&quot;:240}\">\u00a0<\/span><\/p>\n<h2><b><span data-contrast=\"none\">Appui en faveur de lieux rev\u00eatant une importance culturelle<\/span><\/b><span data-ccp-props=\"{&quot;201341983&quot;:0,&quot;335559739&quot;:160,&quot;335559740&quot;:240}\">\u00a0<\/span><\/h2>\n<p><span data-contrast=\"none\">Nous applaudissons aux mesures que le gouvernement f\u00e9d\u00e9ral a prises dans le pass\u00e9 en pr\u00e9voyant 500\u202fmillions de dollars sur deux ans pour appuyer la relance du secteur des arts, de la culture, du patrimoine et du sport. Cependant, il n\u2019y a nulle mention des lieux historiques nationaux ou d\u2019autres lieux historiques importants g\u00e9r\u00e9s par des entit\u00e9s priv\u00e9es ou des organismes sans but lucratif \u2013 malgr\u00e9 la recommandation de longue date de r\u00e9tablir le niveau de financement du Programme national de partage des frais pour les lieux patrimoniaux de Parcs Canada, \u00e0 hauteur d\u2019au moins 10\u202fmillions de dollars par ann\u00e9e. Ces lieux ont besoin de soutien financier pour assurer leur r\u00e9ouverture et leur relance apr\u00e8s la pand\u00e9mie. Ils jouent un r\u00f4le essentiel dans le tissu social de nos communaut\u00e9s, pr\u00e9servant et racontant les r\u00e9cits des Canadiens de tous les horizons. Les investissements du gouvernement dans des lieux du patrimoine suscitent constamment au moins cinq fois autant d\u2019investissements priv\u00e9s. En prime ils cr\u00e9ent de nouveaux emplois \u00e9cologiques, ils accroissent l\u2019efficacit\u00e9 \u00e9conomique en renouvelant plut\u00f4t que de remplacer des infrastructures existantes, ils stimulent l\u2019innovation du secteur et ils prot\u00e8gent mieux les investissements contre les co\u00fbts croissants du carbone.<\/span><span data-ccp-props=\"{&quot;201341983&quot;:0,&quot;335559739&quot;:120,&quot;335559740&quot;:240}\">\u00a0<\/span><\/p>\n<p><span data-ccp-props=\"{&quot;134233118&quot;:true,&quot;201341983&quot;:0,&quot;335559739&quot;:160,&quot;335559740&quot;:240}\">\u00a0<\/span><\/p>\n<p><i><span data-contrast=\"none\">Les lieux du patrimoine repr\u00e9sentent pour les gouvernements des moyens id\u00e9aux de cr\u00e9er de nouveaux emplois \u00e9cologiques, de susciter des investissements priv\u00e9s, de produire des logements abordables et de renouveler l\u2019infrastructure culturelle. Nous pressons le gouvernement f\u00e9d\u00e9ral de s\u2019assurer que les divers m\u00e9canismes de financement pr\u00e9vus dans le budget de 2022 prennent en compte les lieux du patrimoine, et que le financement de r\u00e9novations ne serve pas \u00e0 \u00e9liminer des \u00e9l\u00e9ments b\u00e2tis qui sont viables et \u00e0 miner le patrimoine culturel. Nous continuerons aussi de presser le gouvernement de cr\u00e9er un incitatif fiscal pour la r\u00e9habilitation du patrimoine. Il s\u2019agit d\u2019une mesure \u00e9prouv\u00e9e qui aiderait \u00e0 atteindre les objectifs \u00e9conomiques et climatiques de notre pays.<\/span><\/i><span data-ccp-props=\"{&quot;134233118&quot;:true,&quot;201341983&quot;:0,&quot;335559739&quot;:160,&quot;335559740&quot;:240}\">\u00a0<\/span><\/p>\n<p>&nbsp;<\/p>\n<p><b><span data-contrast=\"none\">Natalie Bull<\/span><\/b><br \/>\n<span data-contrast=\"none\">Directrice g\u00e9n\u00e9rale<\/span><br \/>\n<span data-contrast=\"none\">Fiducie national du Canada<\/span><br \/>\n<span data-contrast=\"none\">Tel. 613-237-1066 x 222<\/span><br \/>\n<a href=\"mailto:nbull@nationaltrustcanada.ca\"><span data-contrast=\"none\">nbull@nationaltrustcanada.ca<\/span><\/a><span data-contrast=\"none\">\u00a0<\/span><span data-ccp-props=\"{&quot;201341983&quot;:0,&quot;335551550&quot;:1,&quot;335551620&quot;:1,&quot;335559739&quot;:160,&quot;335559740&quot;:240}\">\u00a0<\/span><\/p>\n<p><b><span data-contrast=\"none\">Karen Aird<\/span><\/b><br \/>\n<span data-contrast=\"none\">Directrice\u00a0<\/span><br \/>\n<span data-contrast=\"auto\">Le Cercle du patrimoine autochtone<\/span><br \/>\n<a href=\"mailto:K_aird@hotmail.com\"><span data-contrast=\"none\">K_aird@hotmail.com<\/span><\/a><span data-ccp-props=\"{&quot;201341983&quot;:0,&quot;335559739&quot;:160,&quot;335559740&quot;:240}\">\u00a0<\/span><\/p>\n<p><b><span data-contrast=\"none\">Christophe Rivet<\/span><\/b><br \/>\n<span data-contrast=\"none\">Pr\u00e9sident<\/span><br \/>\n<span data-contrast=\"none\">ICOMOS Canada<\/span><br \/>\n<a href=\"mailto:secretariat@canada.icomos.org\"><span data-contrast=\"none\">secretariat@canada.icomos.org<\/span><\/a><span data-contrast=\"none\">\u00a0<\/span><span data-ccp-props=\"{&quot;201341983&quot;:0,&quot;335559738&quot;:240,&quot;335559739&quot;:160,&quot;335559740&quot;:240}\">\u00a0<\/span><\/p>\n<p><b><span data-contrast=\"none\">Chris Uchiyama<\/span><\/b><br \/>\n<span data-contrast=\"none\">Pr\u00e9sident<\/span><br \/>\n<span data-contrast=\"auto\">L\u2019Association canadienne d\u2019experts-conseils en patrimoine<\/span><br \/>\n<span data-contrast=\"none\">Tel. 514-569-7455<\/span><br \/>\n<a href=\"mailto:admin@cahp-acecp.ca\"><span data-contrast=\"none\">admin@cahp-acecp.ca<\/span><\/a><span data-ccp-props=\"{&quot;201341983&quot;:0,&quot;335559739&quot;:160,&quot;335559740&quot;:240}\">\u00a0<\/span><\/p>\n<p><span data-ccp-props=\"{&quot;201341983&quot;:0,&quot;335559739&quot;:160,&quot;335559740&quot;:240}\">\u00a0<\/span><\/p>\n","protected":false},"excerpt":{"rendered":"<p>Dans un budget f\u00e9d\u00e9ral ax\u00e9 \u00e0 juste titre sur l\u2019acc\u00e8s au logement et l\u2019\u00e9cologisation de l\u2019\u00e9conomie, il y a des&#8230;<\/p>\n","protected":false},"author":21,"featured_media":0,"parent":1437,"menu_order":0,"comment_status":"closed","ping_status":"closed","template":"","meta":{"_acf_changed":false,"footnotes":""},"class_list":["post-14194","page","type-page","status-publish","hentry"],"acf":[],"yoast_head":"<!-- This site is optimized with the Yoast SEO plugin v26.3 - https:\/\/yoast.com\/wordpress\/plugins\/seo\/ -->\n<title>Les organismes nationaux du patrimoine r\u00e9agissent au budget f\u00e9d\u00e9ral de 2022 - Fiducie nationale du Canada<\/title>\n<meta name=\"robots\" content=\"index, follow, max-snippet:-1, max-image-preview:large, max-video-preview:-1\" \/>\n<link rel=\"canonical\" href=\"https:\/\/nationaltrustcanada.ca\/fr\/ce-que-vous-pouvez-faire\/advocacy-action\/les-organismes-nationaux-du-patrimoine-reagissent-au-budget-federal-de-2022\" \/>\n<meta property=\"og:locale\" content=\"fr_FR\" \/>\n<meta property=\"og:type\" content=\"article\" \/>\n<meta property=\"og:title\" content=\"Les organismes nationaux du patrimoine r\u00e9agissent au budget f\u00e9d\u00e9ral de 2022 - Fiducie nationale du Canada\" \/>\n<meta property=\"og:description\" content=\"Dans un budget f\u00e9d\u00e9ral ax\u00e9 \u00e0 juste titre sur l\u2019acc\u00e8s au logement et l\u2019\u00e9cologisation de l\u2019\u00e9conomie, il y a des...\" \/>\n<meta property=\"og:url\" content=\"https:\/\/nationaltrustcanada.ca\/fr\/ce-que-vous-pouvez-faire\/advocacy-action\/les-organismes-nationaux-du-patrimoine-reagissent-au-budget-federal-de-2022\" \/>\n<meta property=\"og:site_name\" content=\"Fiducie nationale du Canada\" \/>\n<meta property=\"og:image\" content=\"https:\/\/nationaltrustcanada.ca\/wp-content\/uploads\/2022\/04\/MicrosoftTeams-image-1-300x100.jpg\" \/>\n<meta name=\"twitter:card\" content=\"summary_large_image\" \/>\n<meta name=\"twitter:label1\" content=\"Dur\u00e9e de lecture estim\u00e9e\" \/>\n\t<meta name=\"twitter:data1\" content=\"5 minutes\" \/>\n<script type=\"application\/ld+json\" class=\"yoast-schema-graph\">{\"@context\":\"https:\/\/schema.org\",\"@graph\":[{\"@type\":\"WebPage\",\"@id\":\"https:\/\/nationaltrustcanada.ca\/fr\/ce-que-vous-pouvez-faire\/advocacy-action\/les-organismes-nationaux-du-patrimoine-reagissent-au-budget-federal-de-2022\",\"url\":\"https:\/\/nationaltrustcanada.ca\/fr\/ce-que-vous-pouvez-faire\/advocacy-action\/les-organismes-nationaux-du-patrimoine-reagissent-au-budget-federal-de-2022\",\"name\":\"Les organismes nationaux du patrimoine r\u00e9agissent au budget f\u00e9d\u00e9ral de 2022 - Fiducie nationale du Canada\",\"isPartOf\":{\"@id\":\"https:\/\/nationaltrustcanada.ca\/#website\"},\"primaryImageOfPage\":{\"@id\":\"https:\/\/nationaltrustcanada.ca\/fr\/ce-que-vous-pouvez-faire\/advocacy-action\/les-organismes-nationaux-du-patrimoine-reagissent-au-budget-federal-de-2022#primaryimage\"},\"image\":{\"@id\":\"https:\/\/nationaltrustcanada.ca\/fr\/ce-que-vous-pouvez-faire\/advocacy-action\/les-organismes-nationaux-du-patrimoine-reagissent-au-budget-federal-de-2022#primaryimage\"},\"thumbnailUrl\":\"https:\/\/nationaltrustcanada.ca\/wp-content\/uploads\/2022\/04\/MicrosoftTeams-image-1-300x100.jpg\",\"datePublished\":\"2022-04-08T20:03:49+00:00\",\"breadcrumb\":{\"@id\":\"https:\/\/nationaltrustcanada.ca\/fr\/ce-que-vous-pouvez-faire\/advocacy-action\/les-organismes-nationaux-du-patrimoine-reagissent-au-budget-federal-de-2022#breadcrumb\"},\"inLanguage\":\"fr-FR\",\"potentialAction\":[{\"@type\":\"ReadAction\",\"target\":[\"https:\/\/nationaltrustcanada.ca\/fr\/ce-que-vous-pouvez-faire\/advocacy-action\/les-organismes-nationaux-du-patrimoine-reagissent-au-budget-federal-de-2022\"]}]},{\"@type\":\"ImageObject\",\"inLanguage\":\"fr-FR\",\"@id\":\"https:\/\/nationaltrustcanada.ca\/fr\/ce-que-vous-pouvez-faire\/advocacy-action\/les-organismes-nationaux-du-patrimoine-reagissent-au-budget-federal-de-2022#primaryimage\",\"url\":\"https:\/\/nationaltrustcanada.ca\/wp-content\/uploads\/2022\/04\/MicrosoftTeams-image-1-300x100.jpg\",\"contentUrl\":\"https:\/\/nationaltrustcanada.ca\/wp-content\/uploads\/2022\/04\/MicrosoftTeams-image-1-300x100.jpg\"},{\"@type\":\"BreadcrumbList\",\"@id\":\"https:\/\/nationaltrustcanada.ca\/fr\/ce-que-vous-pouvez-faire\/advocacy-action\/les-organismes-nationaux-du-patrimoine-reagissent-au-budget-federal-de-2022#breadcrumb\",\"itemListElement\":[{\"@type\":\"ListItem\",\"position\":1,\"name\":\"Home\",\"item\":\"https:\/\/nationaltrustcanada.ca\/fr\"},{\"@type\":\"ListItem\",\"position\":2,\"name\":\"Ce que vous pouvez faire\",\"item\":\"https:\/\/nationaltrustcanada.ca\/fr\/ce-que-vous-pouvez-faire\"},{\"@type\":\"ListItem\",\"position\":3,\"name\":\"Action citoyenne\",\"item\":\"https:\/\/nationaltrustcanada.ca\/fr\/ce-que-vous-pouvez-faire\/advocacy-action\"},{\"@type\":\"ListItem\",\"position\":4,\"name\":\"Les organismes nationaux du patrimoine r\u00e9agissent au budget f\u00e9d\u00e9ral de 2022\"}]},{\"@type\":\"WebSite\",\"@id\":\"https:\/\/nationaltrustcanada.ca\/#website\",\"url\":\"https:\/\/nationaltrustcanada.ca\/\",\"name\":\"Fiducie nationale du Canada\",\"description\":\"Bringing Heritage to Life\",\"potentialAction\":[{\"@type\":\"SearchAction\",\"target\":{\"@type\":\"EntryPoint\",\"urlTemplate\":\"https:\/\/nationaltrustcanada.ca\/?s={search_term_string}\"},\"query-input\":{\"@type\":\"PropertyValueSpecification\",\"valueRequired\":true,\"valueName\":\"search_term_string\"}}],\"inLanguage\":\"fr-FR\"}]}<\/script>\n<!-- \/ Yoast SEO plugin. -->","yoast_head_json":{"title":"Les organismes nationaux du patrimoine r\u00e9agissent au budget f\u00e9d\u00e9ral de 2022 - Fiducie nationale du Canada","robots":{"index":"index","follow":"follow","max-snippet":"max-snippet:-1","max-image-preview":"max-image-preview:large","max-video-preview":"max-video-preview:-1"},"canonical":"https:\/\/nationaltrustcanada.ca\/fr\/ce-que-vous-pouvez-faire\/advocacy-action\/les-organismes-nationaux-du-patrimoine-reagissent-au-budget-federal-de-2022","og_locale":"fr_FR","og_type":"article","og_title":"Les organismes nationaux du patrimoine r\u00e9agissent au budget f\u00e9d\u00e9ral de 2022 - Fiducie nationale du Canada","og_description":"Dans un budget f\u00e9d\u00e9ral ax\u00e9 \u00e0 juste titre sur l\u2019acc\u00e8s au logement et l\u2019\u00e9cologisation de l\u2019\u00e9conomie, il y a des...","og_url":"https:\/\/nationaltrustcanada.ca\/fr\/ce-que-vous-pouvez-faire\/advocacy-action\/les-organismes-nationaux-du-patrimoine-reagissent-au-budget-federal-de-2022","og_site_name":"Fiducie nationale du Canada","og_image":[{"url":"https:\/\/nationaltrustcanada.ca\/wp-content\/uploads\/2022\/04\/MicrosoftTeams-image-1-300x100.jpg","type":"","width":"","height":""}],"twitter_card":"summary_large_image","twitter_misc":{"Dur\u00e9e de lecture estim\u00e9e":"5 minutes"},"schema":{"@context":"https:\/\/schema.org","@graph":[{"@type":"WebPage","@id":"https:\/\/nationaltrustcanada.ca\/fr\/ce-que-vous-pouvez-faire\/advocacy-action\/les-organismes-nationaux-du-patrimoine-reagissent-au-budget-federal-de-2022","url":"https:\/\/nationaltrustcanada.ca\/fr\/ce-que-vous-pouvez-faire\/advocacy-action\/les-organismes-nationaux-du-patrimoine-reagissent-au-budget-federal-de-2022","name":"Les organismes nationaux du patrimoine r\u00e9agissent au budget f\u00e9d\u00e9ral de 2022 - Fiducie nationale du Canada","isPartOf":{"@id":"https:\/\/nationaltrustcanada.ca\/#website"},"primaryImageOfPage":{"@id":"https:\/\/nationaltrustcanada.ca\/fr\/ce-que-vous-pouvez-faire\/advocacy-action\/les-organismes-nationaux-du-patrimoine-reagissent-au-budget-federal-de-2022#primaryimage"},"image":{"@id":"https:\/\/nationaltrustcanada.ca\/fr\/ce-que-vous-pouvez-faire\/advocacy-action\/les-organismes-nationaux-du-patrimoine-reagissent-au-budget-federal-de-2022#primaryimage"},"thumbnailUrl":"https:\/\/nationaltrustcanada.ca\/wp-content\/uploads\/2022\/04\/MicrosoftTeams-image-1-300x100.jpg","datePublished":"2022-04-08T20:03:49+00:00","breadcrumb":{"@id":"https:\/\/nationaltrustcanada.ca\/fr\/ce-que-vous-pouvez-faire\/advocacy-action\/les-organismes-nationaux-du-patrimoine-reagissent-au-budget-federal-de-2022#breadcrumb"},"inLanguage":"fr-FR","potentialAction":[{"@type":"ReadAction","target":["https:\/\/nationaltrustcanada.ca\/fr\/ce-que-vous-pouvez-faire\/advocacy-action\/les-organismes-nationaux-du-patrimoine-reagissent-au-budget-federal-de-2022"]}]},{"@type":"ImageObject","inLanguage":"fr-FR","@id":"https:\/\/nationaltrustcanada.ca\/fr\/ce-que-vous-pouvez-faire\/advocacy-action\/les-organismes-nationaux-du-patrimoine-reagissent-au-budget-federal-de-2022#primaryimage","url":"https:\/\/nationaltrustcanada.ca\/wp-content\/uploads\/2022\/04\/MicrosoftTeams-image-1-300x100.jpg","contentUrl":"https:\/\/nationaltrustcanada.ca\/wp-content\/uploads\/2022\/04\/MicrosoftTeams-image-1-300x100.jpg"},{"@type":"BreadcrumbList","@id":"https:\/\/nationaltrustcanada.ca\/fr\/ce-que-vous-pouvez-faire\/advocacy-action\/les-organismes-nationaux-du-patrimoine-reagissent-au-budget-federal-de-2022#breadcrumb","itemListElement":[{"@type":"ListItem","position":1,"name":"Home","item":"https:\/\/nationaltrustcanada.ca\/fr"},{"@type":"ListItem","position":2,"name":"Ce que vous pouvez faire","item":"https:\/\/nationaltrustcanada.ca\/fr\/ce-que-vous-pouvez-faire"},{"@type":"ListItem","position":3,"name":"Action citoyenne","item":"https:\/\/nationaltrustcanada.ca\/fr\/ce-que-vous-pouvez-faire\/advocacy-action"},{"@type":"ListItem","position":4,"name":"Les organismes nationaux du patrimoine r\u00e9agissent au budget f\u00e9d\u00e9ral de 2022"}]},{"@type":"WebSite","@id":"https:\/\/nationaltrustcanada.ca\/#website","url":"https:\/\/nationaltrustcanada.ca\/","name":"Fiducie nationale du Canada","description":"Bringing Heritage to Life","potentialAction":[{"@type":"SearchAction","target":{"@type":"EntryPoint","urlTemplate":"https:\/\/nationaltrustcanada.ca\/?s={search_term_string}"},"query-input":{"@type":"PropertyValueSpecification","valueRequired":true,"valueName":"search_term_string"}}],"inLanguage":"fr-FR"}]}},"_links":{"self":[{"href":"https:\/\/nationaltrustcanada.ca\/fr\/wp-json\/wp\/v2\/pages\/14194","targetHints":{"allow":["GET"]}}],"collection":[{"href":"https:\/\/nationaltrustcanada.ca\/fr\/wp-json\/wp\/v2\/pages"}],"about":[{"href":"https:\/\/nationaltrustcanada.ca\/fr\/wp-json\/wp\/v2\/types\/page"}],"author":[{"embeddable":true,"href":"https:\/\/nationaltrustcanada.ca\/fr\/wp-json\/wp\/v2\/users\/21"}],"replies":[{"embeddable":true,"href":"https:\/\/nationaltrustcanada.ca\/fr\/wp-json\/wp\/v2\/comments?post=14194"}],"version-history":[{"count":1,"href":"https:\/\/nationaltrustcanada.ca\/fr\/wp-json\/wp\/v2\/pages\/14194\/revisions"}],"predecessor-version":[{"id":14195,"href":"https:\/\/nationaltrustcanada.ca\/fr\/wp-json\/wp\/v2\/pages\/14194\/revisions\/14195"}],"up":[{"embeddable":true,"href":"https:\/\/nationaltrustcanada.ca\/fr\/wp-json\/wp\/v2\/pages\/1437"}],"wp:attachment":[{"href":"https:\/\/nationaltrustcanada.ca\/fr\/wp-json\/wp\/v2\/media?parent=14194"}],"curies":[{"name":"wp","href":"https:\/\/api.w.org\/{rel}","templated":true}]}}